{"id":4659,"date":"2019-06-07T11:27:09","date_gmt":"2019-06-07T09:27:09","guid":{"rendered":"http:\/\/ke.localhost.it\/stores-exterieurs\/store-a-projection\/"},"modified":"2022-11-22T12:29:11","modified_gmt":"2022-11-22T11:29:11","slug":"store-a-projection","status":"publish","type":"page","link":"https:\/\/www.keoutdoordesign.com\/fr-fr\/stores-exterieurs\/store-a-projection\/","title":{"rendered":"Stores \u00e0 projection"},"content":{"rendered":"<h2>Pourquoi installer un store \u00e0 projection KE Outdoor Design ?<\/h2>\n<p>Vous aimez le beau et le go\u00fbt du raffinement et de ce fait, il demeure pour vous inconcevable de d\u00e9naturer votre maison en faisant installer des stores \u00e0 l\u2019armature imposante. KE Outdoor Design r\u00e9pondra \u00e0 toutes vos attentes aussi bien esth\u00e9tiques que qualitatives.<\/p>\n<p>Tout d\u2019abord, le store \u00e0 projection prot\u00e8ge du soleil sans pour autant amoindrir la lumi\u00e8re per\u00e7ue. En effet, il est \u00e9quip\u00e9 d\u2019une toile technique ou acrylique qui filtre les UV mais laisse passer un degr\u00e9 suffisant de luminosit\u00e9, ce qui le rend id\u00e9al en p\u00e9riode estivale notamment pour vos pi\u00e8ces orient\u00e9es plein sud. Ainsi, profitez des \u00e9claircies sans p\u00e2tir de la chaleur.<\/p>\n<p>Discret, <strong>la toile du store \u00e0 projection<\/strong> est enroulable sur un tube d\u2019enroulement, et les bras repliables, se font invisibles une fois le store ferm\u00e9, surtout lors d\u2019une installation en niche.<\/p>\n<p>De plus, le store \u00e0 projection vous prot\u00e8gera d\u2019\u00e9ventuelles pluies fines. Ainsi, laissez vos fen\u00eatres ouvertes et profitez de l\u2019air ext\u00e9rieur sans vous soucier des al\u00e9as climatiques.<\/p>\n<p>Par ailleurs, KE Outdoor Design, fort de son expertise, vous propose des <b>installations sur mesure<\/b>. Faites-vous plaisir en choisissant selon vos envies et les configurations de votre fa\u00e7ade le store ad\u00e9quat : opacit\u00e9 de la toile, couleur, dimensions, inclinaison\u2026<\/p>\n<p>Un large choix de toiles est d\u2019ailleurs propos\u00e9, en acrylique, Soltis ou encore Veozip\u00a0: Optez pour celui qui embellira votre maison.<\/p>\n<p>Et pour davantage de raffinement, ajoutez \u00e0 votre store projection un <b>lambrequin<\/b>.<\/p>\n<p>Selon vos besoins, orientez-vous vers une projection de toile de 90\u00b0 ou de 180<\/p>\n<p>En outre, si vous disposez de grandes baies vitr\u00e9es, que vous soyez un particulier ou un commer\u00e7ant, KE Outdoor Design vous propose le <a href=\"https:\/\/www.keoutdoordesign.com\/fr-fr\/stores-exterieurs\/store-a-projection\/bannette-projection\/\"><strong>store \u00e0 projection Bannette<\/strong><\/a> d\u2019une inclinaison allant de 0\u00b0 jusque 160\u00b0 et pouvant aller de 5930mm de large par 1600mm de projection, id\u00e9al pour vos balcons et terrasses. <b>Le Bannette peut \u00e9galement \u00eatre \u00e9quip\u00e9 d\u2019un coffre<\/b> pour une installation de fa\u00e7ade tout en pr\u00e9servant la toile sur la dur\u00e9e.<\/p>\n<p><a href=\"https:\/\/www.keoutdoordesign.com\/fr-fr\/stores-exterieurs\/store-a-projection\/camanoe-projection\/\">Le Camanoe,<\/a> dans des dimensions, sur mesure, plus petites, propose une inclinaison pouvant aller jusque 180\u00b0 et un auvent de protection. Il est id\u00e9al pour l\u2019\u00e9quipement de vos fen\u00eatres\u00a0!<\/p>\n<p><b>Disponible en version manuelle mais \u00e9galement motoris\u00e9e<\/b> pour simplifier son ouverture dans le cas o\u00f9 il serait install\u00e9 dans un coin difficile d\u2019acc\u00e8s\u00a0!<\/p>\n<p>Disponible dans un large choix de couleur, il se mariera \u00e0 la perfection \u00e0 votre fa\u00e7ade pour un <b>design plus modeste que sa performance<\/b>.<\/p>\n<p>En effet, ces stores sont parfaits, notamment pour l\u2019intimit\u00e9 qu\u2019ils vous procureront.<\/p>\n<p>Enfin, nos professionnels installeront tr\u00e8s rapidement votre store \u00e0 projection et suivront l\u2019enti\u00e8ret\u00e9 du chantier offrant ainsi \u00e0 votre maison un store au design de qualit\u00e9 qui soulignera son style architectural pour votre plus grand plaisir.<\/p>\n<h2>Comment entretenir son store \u00e0 projection ?<\/h2>\n<p>Bien que souvent prot\u00e9g\u00e9 par le renfoncement de votre mur, votre <strong>store \u00e0 projection<\/strong> subira quotidiennement les assauts du temps. C&rsquo;est pourquoi il faudra tout de m\u00eame veiller \u00e0 l&rsquo;entretenir afin de lui garantir une bonne durabilit\u00e9.<\/p>\n<p>De temps en temps, \u00e9poussetez votre store et \u00e0 la p\u00e9riode des pollens n\u2019h\u00e9sitez pas \u00e0 utiliser votre aspirateur.<\/p>\n<p>Enfin, si votre store est tach\u00e9, frottez-le avec une brosse ayant tremp\u00e9 dans de l\u2019eau claire m\u00e9lang\u00e9e \u00e0 du savon doux, laissez s\u00e9cher avant de replier votre store.<\/p>\n","protected":false},"excerpt":{"rendered":"<p>Pourquoi installer un store \u00e0 projection KE Outdoor Design ? Vous aimez le beau et le go\u00fbt du raffinement et&hellip;<\/p>\n","protected":false},"author":10608,"featured_media":6690,"parent":4620,"menu_order":7,"comment_status":"closed","ping_status":"closed","template":"page-templates\/category-products.php","meta":{"_acf_changed":false,"footnotes":""},"class_list":["post-4659","page","type-page","status-publish","has-post-thumbnail","hentry"],"acf":[],"yoast_head":"<!-- This site is optimized with the Yoast SEO Premium plugin v20.12 (Yoast SEO v27.3) - https:\/\/yoast.com\/product\/yoast-seo-premium-wordpress\/ -->\n<title>Stores \u00e0 projection - KE Outdoor Design<\/title>\n<meta name=\"description\" content=\"Store \u00e0 projection : Optez pour un store \u00e0 projection pour votre maison. Id\u00e9al fen\u00eatres de balcons \/chambres expos\u00e9s au soleil et aux vis-\u00e0-vis: Gain en intimit\u00e9 et confort.\" \/>\n<meta name=\"robots\" content=\"index, follow, max-snippet:-1, max-image-preview:large, max-video-preview:-1\" \/>\n<link rel=\"canonical\" href=\"https:\/\/www.keoutdoordesign.com\/fr-fr\/stores-exterieurs\/store-a-projection\/\" \/>\n<meta property=\"og:locale\" content=\"fr_FR\" \/>\n<meta property=\"og:type\" content=\"article\" \/>\n<meta property=\"og:title\" content=\"Stores \u00e0 projection\" \/>\n<meta property=\"og:description\" content=\"Store \u00e0 projection : Optez pour un store \u00e0 projection pour votre maison. Id\u00e9al fen\u00eatres de balcons \/chambres expos\u00e9s au soleil et aux vis-\u00e0-vis: Gain en intimit\u00e9 et confort.\" \/>\n<meta property=\"og:url\" content=\"https:\/\/www.keoutdoordesign.com\/fr-fr\/stores-exterieurs\/store-a-projection\/\" \/>\n<meta property=\"og:site_name\" content=\"KE Outdoor Design\" \/>\n<meta property=\"article:publisher\" content=\"https:\/\/www.facebook.com\/keoutdoordesign.us\" \/>\n<meta property=\"article:modified_time\" content=\"2022-11-22T11:29:11+00:00\" \/>\n<meta property=\"og:image\" content=\"https:\/\/www.keoutdoordesign.com\/wp-content\/uploads\/2019\/06\/OXY-1.jpg\" \/>\n\t<meta property=\"og:image:width\" content=\"2000\" \/>\n\t<meta property=\"og:image:height\" content=\"1406\" \/>\n\t<meta property=\"og:image:type\" content=\"image\/jpeg\" \/>\n<meta name=\"twitter:card\" content=\"summary_large_image\" \/>\n<meta name=\"twitter:site\" content=\"@keoutdoordesign\" \/>\n<script type=\"application\/ld+json\" class=\"yoast-schema-graph\">{\"@context\":\"https:\\\/\\\/schema.org\",\"@graph\":[{\"@type\":\"WebPage\",\"@id\":\"https:\\\/\\\/www.keoutdoordesign.com\\\/fr-fr\\\/stores-exterieurs\\\/store-a-projection\\\/\",\"url\":\"https:\\\/\\\/www.keoutdoordesign.com\\\/fr-fr\\\/stores-exterieurs\\\/store-a-projection\\\/\",\"name\":\"Stores \u00e0 projection - KE Outdoor Design\",\"isPartOf\":{\"@id\":\"https:\\\/\\\/www.keoutdoordesign.com\\\/it-it\\\/#website\"},\"primaryImageOfPage\":{\"@id\":\"https:\\\/\\\/www.keoutdoordesign.com\\\/fr-fr\\\/stores-exterieurs\\\/store-a-projection\\\/#primaryimage\"},\"image\":{\"@id\":\"https:\\\/\\\/www.keoutdoordesign.com\\\/fr-fr\\\/stores-exterieurs\\\/store-a-projection\\\/#primaryimage\"},\"thumbnailUrl\":\"https:\\\/\\\/www.keoutdoordesign.com\\\/wp-content\\\/uploads\\\/2019\\\/06\\\/OXY-1.jpg\",\"datePublished\":\"2019-06-07T09:27:09+00:00\",\"dateModified\":\"2022-11-22T11:29:11+00:00\",\"description\":\"Store \u00e0 projection : Optez pour un store \u00e0 projection pour votre maison. Id\u00e9al fen\u00eatres de balcons \\\/chambres expos\u00e9s au soleil et aux vis-\u00e0-vis: Gain en intimit\u00e9 et confort.\",\"breadcrumb\":{\"@id\":\"https:\\\/\\\/www.keoutdoordesign.com\\\/fr-fr\\\/stores-exterieurs\\\/store-a-projection\\\/#breadcrumb\"},\"inLanguage\":\"fr-FR\",\"potentialAction\":[{\"@type\":\"ReadAction\",\"target\":[\"https:\\\/\\\/www.keoutdoordesign.com\\\/fr-fr\\\/stores-exterieurs\\\/store-a-projection\\\/\"]}]},{\"@type\":\"ImageObject\",\"inLanguage\":\"fr-FR\",\"@id\":\"https:\\\/\\\/www.keoutdoordesign.com\\\/fr-fr\\\/stores-exterieurs\\\/store-a-projection\\\/#primaryimage\",\"url\":\"https:\\\/\\\/www.keoutdoordesign.com\\\/wp-content\\\/uploads\\\/2019\\\/06\\\/OXY-1.jpg\",\"contentUrl\":\"https:\\\/\\\/www.keoutdoordesign.com\\\/wp-content\\\/uploads\\\/2019\\\/06\\\/OXY-1.jpg\",\"width\":2000,\"height\":1406,\"caption\":\"Store \u00e0 projection avec inclinaison importante pour fen\u00eatres et vitrines.\"},{\"@type\":\"BreadcrumbList\",\"@id\":\"https:\\\/\\\/www.keoutdoordesign.com\\\/fr-fr\\\/stores-exterieurs\\\/store-a-projection\\\/#breadcrumb\",\"itemListElement\":[{\"@type\":\"ListItem\",\"position\":1,\"name\":\"Home\",\"item\":\"https:\\\/\\\/www.keoutdoordesign.com\\\/fr-fr\\\/\"},{\"@type\":\"ListItem\",\"position\":2,\"name\":\"Stores ext\u00e9rieurs sur mesure\",\"item\":\"https:\\\/\\\/www.keoutdoordesign.com\\\/fr-fr\\\/stores-exterieurs\\\/\"},{\"@type\":\"ListItem\",\"position\":3,\"name\":\"Stores \u00e0 projection\"}]},{\"@type\":\"WebSite\",\"@id\":\"https:\\\/\\\/www.keoutdoordesign.com\\\/it-it\\\/#website\",\"url\":\"https:\\\/\\\/www.keoutdoordesign.com\\\/it-it\\\/\",\"name\":\"KE Outdoor Design\",\"description\":\"Un nuovo sito targato WordPress\",\"publisher\":{\"@id\":\"https:\\\/\\\/www.keoutdoordesign.com\\\/it-it\\\/#organization\"},\"potentialAction\":[{\"@type\":\"SearchAction\",\"target\":{\"@type\":\"EntryPoint\",\"urlTemplate\":\"https:\\\/\\\/www.keoutdoordesign.com\\\/it-it\\\/?s={search_term_string}\"},\"query-input\":{\"@type\":\"PropertyValueSpecification\",\"valueRequired\":true,\"valueName\":\"search_term_string\"}}],\"inLanguage\":\"fr-FR\"},{\"@type\":\"Organization\",\"@id\":\"https:\\\/\\\/www.keoutdoordesign.com\\\/it-it\\\/#organization\",\"name\":\"KE Outdoor Design\",\"url\":\"https:\\\/\\\/www.keoutdoordesign.com\\\/it-it\\\/\",\"logo\":{\"@type\":\"ImageObject\",\"inLanguage\":\"fr-FR\",\"@id\":\"https:\\\/\\\/www.keoutdoordesign.com\\\/it-it\\\/#\\\/schema\\\/logo\\\/image\\\/\",\"url\":\"https:\\\/\\\/www.keoutdoordesign.com\\\/wp-content\\\/uploads\\\/2020\\\/02\\\/KE-logo-Primary-e1591282842174.jpg\",\"contentUrl\":\"https:\\\/\\\/www.keoutdoordesign.com\\\/wp-content\\\/uploads\\\/2020\\\/02\\\/KE-logo-Primary-e1591282842174.jpg\",\"width\":500,\"height\":396,\"caption\":\"KE Outdoor Design\"},\"image\":{\"@id\":\"https:\\\/\\\/www.keoutdoordesign.com\\\/it-it\\\/#\\\/schema\\\/logo\\\/image\\\/\"},\"sameAs\":[\"https:\\\/\\\/www.facebook.com\\\/keoutdoordesign.us\",\"https:\\\/\\\/x.com\\\/keoutdoordesign\",\"https:\\\/\\\/www.facebook.com\\\/keoutdoordesign\",\"https:\\\/\\\/www.youtube.com\\\/channel\\\/UCSoMQryJpLqD53bAoZLg2Vg\",\"https:\\\/\\\/www.pinterest.it\\\/keoutdoordesign\\\/\",\"https:\\\/\\\/www.instagram.com\\\/keoutdoordesign\\\/\",\"https:\\\/\\\/www.linkedin.com\\\/company\\\/ke-outdoor-design\\\/\"]}]}<\/script>\n<!-- \/ Yoast SEO Premium plugin. -->","yoast_head_json":{"title":"Stores \u00e0 projection - KE Outdoor Design","description":"Store \u00e0 projection : Optez pour un store \u00e0 projection pour votre maison. Id\u00e9al fen\u00eatres de balcons \/chambres expos\u00e9s au soleil et aux vis-\u00e0-vis: Gain en intimit\u00e9 et confort.","robots":{"index":"index","follow":"follow","max-snippet":"max-snippet:-1","max-image-preview":"max-image-preview:large","max-video-preview":"max-video-preview:-1"},"canonical":"https:\/\/www.keoutdoordesign.com\/fr-fr\/stores-exterieurs\/store-a-projection\/","og_locale":"fr_FR","og_type":"article","og_title":"Stores \u00e0 projection","og_description":"Store \u00e0 projection : Optez pour un store \u00e0 projection pour votre maison. Id\u00e9al fen\u00eatres de balcons \/chambres expos\u00e9s au soleil et aux vis-\u00e0-vis: Gain en intimit\u00e9 et confort.","og_url":"https:\/\/www.keoutdoordesign.com\/fr-fr\/stores-exterieurs\/store-a-projection\/","og_site_name":"KE Outdoor Design","article_publisher":"https:\/\/www.facebook.com\/keoutdoordesign.us","article_modified_time":"2022-11-22T11:29:11+00:00","og_image":[{"width":2000,"height":1406,"url":"https:\/\/www.keoutdoordesign.com\/wp-content\/uploads\/2019\/06\/OXY-1.jpg","type":"image\/jpeg"}],"twitter_card":"summary_large_image","twitter_site":"@keoutdoordesign","schema":{"@context":"https:\/\/schema.org","@graph":[{"@type":"WebPage","@id":"https:\/\/www.keoutdoordesign.com\/fr-fr\/stores-exterieurs\/store-a-projection\/","url":"https:\/\/www.keoutdoordesign.com\/fr-fr\/stores-exterieurs\/store-a-projection\/","name":"Stores \u00e0 projection - KE Outdoor Design","isPartOf":{"@id":"https:\/\/www.keoutdoordesign.com\/it-it\/#website"},"primaryImageOfPage":{"@id":"https:\/\/www.keoutdoordesign.com\/fr-fr\/stores-exterieurs\/store-a-projection\/#primaryimage"},"image":{"@id":"https:\/\/www.keoutdoordesign.com\/fr-fr\/stores-exterieurs\/store-a-projection\/#primaryimage"},"thumbnailUrl":"https:\/\/www.keoutdoordesign.com\/wp-content\/uploads\/2019\/06\/OXY-1.jpg","datePublished":"2019-06-07T09:27:09+00:00","dateModified":"2022-11-22T11:29:11+00:00","description":"Store \u00e0 projection : Optez pour un store \u00e0 projection pour votre maison. Id\u00e9al fen\u00eatres de balcons \/chambres expos\u00e9s au soleil et aux vis-\u00e0-vis: Gain en intimit\u00e9 et confort.","breadcrumb":{"@id":"https:\/\/www.keoutdoordesign.com\/fr-fr\/stores-exterieurs\/store-a-projection\/#breadcrumb"},"inLanguage":"fr-FR","potentialAction":[{"@type":"ReadAction","target":["https:\/\/www.keoutdoordesign.com\/fr-fr\/stores-exterieurs\/store-a-projection\/"]}]},{"@type":"ImageObject","inLanguage":"fr-FR","@id":"https:\/\/www.keoutdoordesign.com\/fr-fr\/stores-exterieurs\/store-a-projection\/#primaryimage","url":"https:\/\/www.keoutdoordesign.com\/wp-content\/uploads\/2019\/06\/OXY-1.jpg","contentUrl":"https:\/\/www.keoutdoordesign.com\/wp-content\/uploads\/2019\/06\/OXY-1.jpg","width":2000,"height":1406,"caption":"Store \u00e0 projection avec inclinaison importante pour fen\u00eatres et vitrines."},{"@type":"BreadcrumbList","@id":"https:\/\/www.keoutdoordesign.com\/fr-fr\/stores-exterieurs\/store-a-projection\/#breadcrumb","itemListElement":[{"@type":"ListItem","position":1,"name":"Home","item":"https:\/\/www.keoutdoordesign.com\/fr-fr\/"},{"@type":"ListItem","position":2,"name":"Stores ext\u00e9rieurs sur mesure","item":"https:\/\/www.keoutdoordesign.com\/fr-fr\/stores-exterieurs\/"},{"@type":"ListItem","position":3,"name":"Stores \u00e0 projection"}]},{"@type":"WebSite","@id":"https:\/\/www.keoutdoordesign.com\/it-it\/#website","url":"https:\/\/www.keoutdoordesign.com\/it-it\/","name":"KE Outdoor Design","description":"Un nuovo sito targato WordPress","publisher":{"@id":"https:\/\/www.keoutdoordesign.com\/it-it\/#organization"},"potentialAction":[{"@type":"SearchAction","target":{"@type":"EntryPoint","urlTemplate":"https:\/\/www.keoutdoordesign.com\/it-it\/?s={search_term_string}"},"query-input":{"@type":"PropertyValueSpecification","valueRequired":true,"valueName":"search_term_string"}}],"inLanguage":"fr-FR"},{"@type":"Organization","@id":"https:\/\/www.keoutdoordesign.com\/it-it\/#organization","name":"KE Outdoor Design","url":"https:\/\/www.keoutdoordesign.com\/it-it\/","logo":{"@type":"ImageObject","inLanguage":"fr-FR","@id":"https:\/\/www.keoutdoordesign.com\/it-it\/#\/schema\/logo\/image\/","url":"https:\/\/www.keoutdoordesign.com\/wp-content\/uploads\/2020\/02\/KE-logo-Primary-e1591282842174.jpg","contentUrl":"https:\/\/www.keoutdoordesign.com\/wp-content\/uploads\/2020\/02\/KE-logo-Primary-e1591282842174.jpg","width":500,"height":396,"caption":"KE Outdoor Design"},"image":{"@id":"https:\/\/www.keoutdoordesign.com\/it-it\/#\/schema\/logo\/image\/"},"sameAs":["https:\/\/www.facebook.com\/keoutdoordesign.us","https:\/\/x.com\/keoutdoordesign","https:\/\/www.facebook.com\/keoutdoordesign","https:\/\/www.youtube.com\/channel\/UCSoMQryJpLqD53bAoZLg2Vg","https:\/\/www.pinterest.it\/keoutdoordesign\/","https:\/\/www.instagram.com\/keoutdoordesign\/","https:\/\/www.linkedin.com\/company\/ke-outdoor-design\/"]}]}},"_links":{"self":[{"href":"https:\/\/www.keoutdoordesign.com\/fr-fr\/wp-json\/wp\/v2\/pages\/4659","targetHints":{"allow":["GET"]}}],"collection":[{"href":"https:\/\/www.keoutdoordesign.com\/fr-fr\/wp-json\/wp\/v2\/pages"}],"about":[{"href":"https:\/\/www.keoutdoordesign.com\/fr-fr\/wp-json\/wp\/v2\/types\/page"}],"author":[{"embeddable":true,"href":"https:\/\/www.keoutdoordesign.com\/fr-fr\/wp-json\/wp\/v2\/users\/10608"}],"replies":[{"embeddable":true,"href":"https:\/\/www.keoutdoordesign.com\/fr-fr\/wp-json\/wp\/v2\/comments?post=4659"}],"version-history":[{"count":21,"href":"https:\/\/www.keoutdoordesign.com\/fr-fr\/wp-json\/wp\/v2\/pages\/4659\/revisions"}],"predecessor-version":[{"id":53913,"href":"https:\/\/www.keoutdoordesign.com\/fr-fr\/wp-json\/wp\/v2\/pages\/4659\/revisions\/53913"}],"up":[{"embeddable":true,"href":"https:\/\/www.keoutdoordesign.com\/fr-fr\/wp-json\/wp\/v2\/pages\/4620"}],"wp:featuredmedia":[{"embeddable":true,"href":"https:\/\/www.keoutdoordesign.com\/fr-fr\/wp-json\/wp\/v2\/media\/6690"}],"wp:attachment":[{"href":"https:\/\/www.keoutdoordesign.com\/fr-fr\/wp-json\/wp\/v2\/media?parent=4659"}],"curies":[{"name":"wp","href":"https:\/\/api.w.org\/{rel}","templated":true}]}}