{"id":4643,"date":"2019-06-07T11:19:41","date_gmt":"2019-06-07T09:19:41","guid":{"rendered":"http:\/\/ke.localhost.it\/stores-exterieurs\/store-double-pente\/"},"modified":"2025-12-15T09:42:32","modified_gmt":"2025-12-15T08:42:32","slug":"store-double-pente","status":"publish","type":"page","link":"https:\/\/www.keoutdoordesign.com\/fr-fr\/stores-exterieurs\/store-double-pente\/","title":{"rendered":"Store Jardin"},"content":{"rendered":"<h2>Pourquoi installer un store jardin ?<\/h2>\n<p>Instaurez des espaces de qui\u00e9tude et de confort \u00e9loign\u00e9s de la maison gr\u00e2ce \u00e0 nos <strong>stores jardin<\/strong>.<\/p>\n<p>D\u2019une installation simple et rapide, le <strong>store jardin<\/strong> se pr\u00e9sente comme la solution id\u00e9ale pour permettre de cr\u00e9er une large zone d\u2019ombre lors des fortes chaleurs de la saison estivale. Prenez un petit-d\u00e9jeuner, un d\u00e9jeuner ou un diner en famille ou entre amis \u00e0 l\u2019ombre cl\u00e9mente d\u2019un store jardin. La l\u00e9g\u00e8ret\u00e9 de sa structure en aluminium permet de sentir la douceur de la brise sur votre visage sans souffrir de la chaleur intense du soleil.<\/p>\n<p>Nos mod\u00e8les Tobago ou Duo Penta Style, pr\u00e9sentent une banne double pente parfaite pour varier l\u2019inclinaison du store et orienter l\u2019ombre de sorte que tout le monde en profite \u00e0 la terrasse d\u2019un caf\u00e9 ou au c\u0153ur d\u2019un jardin.<\/p>\n<p>Tandis que Sicura joue un r\u00f4le parfait de <b>s\u00e9parateur, brise vue<\/b>.<\/p>\n<p>Des solutions vivement appr\u00e9ci\u00e9es \u00e9galement par les professionnels de l\u2019h\u00f4tellerie-restauration pour cr\u00e9er des espaces confortables pour les clients.<\/p>\n<p>Nos <strong>stores jardin<\/strong> s\u2019adaptent \u00e0 tous les terrains, tous les types d\u2019environnements gr\u00e2ce \u00e0 divers types de pose possibles. N\u2019h\u00e9sitez pas \u00e0 faire la demande d\u2019un store sur mesure aupr\u00e8s de nos professionnels afin d\u2019\u00eatre pleinement satisfaits du r\u00e9sultat. Le store jardin doit parfaitement s\u2019int\u00e9grer \u00e0 votre habitation, comme s\u2019il faisait partie de votre habitation depuis l\u2019origine. Pour votre balcon ou votre terrasse, optez pour un mod\u00e8le brise vue, parfait autant pour les vis-\u00e0-vis que contre un vent l\u00e9ger.<\/p>\n<p>KE Outdoor d\u00e9veloppe en outre, pour son mod\u00e8le Sicura, une s\u00e9curit\u00e9 suppl\u00e9mentaire gr\u00e2ce au syst\u00e8me \u00ab Secure stop \u00bb qui arr\u00eate la toile en cas de rel\u00e2chement violent de cette derni\u00e8re.<\/p>\n<p>Appr\u00e9ciez, par ailleurs, l\u2019\u00e9l\u00e9gance du design de nos stores jardin \u00e9labor\u00e9s par nos experts. Ces derniers suivront du d\u00e9but \u00e0 la fin l\u2019installation de votre store et vous conseilleront au besoin.<\/p>\n<p>Choisissez enfin la couleur de votre store parmi les coloris propos\u00e9s par KE Outdoor. Et pour davantage de confort et d\u2019esth\u00e9tisme, ajoutez sur votre mod\u00e8le double pente, une rampe lumineuse, des bras LEDS ou encore, un syst\u00e8me de chauffage.<\/p>\n<h2>Comment entretenir son store jardin ?<\/h2>\n<p>Pour une durabilit\u00e9 optimale de votre <strong>store jardin<\/strong>, \u00e9pongez r\u00e9guli\u00e8rement la structure de votre installation \u00e0 l\u2019aide d\u2019une \u00e9ponge douce imbib\u00e9e d\u2019eau savonneuse.<\/p>\n<p>D\u00e9poussi\u00e9rez par ailleurs la toile de votre store jardin. Si vous y apercevez des taches, lavez \u00e0 l\u2019eau chaude savonneuse et rincez \u00e0 l\u2019eau claire. Laissez s\u00e9cher avant de rentrer la toile de votre store jardin et d\u00e9tendez-vous en toute s\u00e9r\u00e9nit\u00e9.<\/p>\n","protected":false},"excerpt":{"rendered":"<p>Pourquoi installer un store jardin ? Instaurez des espaces de qui\u00e9tude et de confort \u00e9loign\u00e9s de la maison gr\u00e2ce \u00e0&hellip;<\/p>\n","protected":false},"author":10608,"featured_media":116942,"parent":4620,"menu_order":18,"comment_status":"closed","ping_status":"closed","template":"page-templates\/category-products.php","meta":{"_acf_changed":false,"footnotes":""},"class_list":["post-4643","page","type-page","status-publish","has-post-thumbnail","hentry"],"acf":[],"yoast_head":"<!-- This site is optimized with the Yoast SEO Premium plugin v20.12 (Yoast SEO v27.3) - https:\/\/yoast.com\/product\/yoast-seo-premium-wordpress\/ -->\n<title>Store Jardin -<\/title>\n<meta name=\"description\" content=\"Store jardin : Organisez et repensez vos repas en ext\u00e9rieur sous un store double pente grande dimension prot\u00e9geant du soleil, pour des moments de grand confort.\" \/>\n<meta name=\"robots\" content=\"index, follow, max-snippet:-1, max-image-preview:large, max-video-preview:-1\" \/>\n<link rel=\"canonical\" href=\"https:\/\/www.keoutdoordesign.com\/fr-fr\/stores-exterieurs\/store-double-pente\/\" \/>\n<meta property=\"og:locale\" content=\"fr_FR\" \/>\n<meta property=\"og:type\" content=\"article\" \/>\n<meta property=\"og:title\" content=\"Store Jardin\" \/>\n<meta property=\"og:description\" content=\"Store jardin : Organisez et repensez vos repas en ext\u00e9rieur sous un store double pente grande dimension prot\u00e9geant du soleil, pour des moments de grand confort.\" \/>\n<meta property=\"og:url\" content=\"https:\/\/www.keoutdoordesign.com\/fr-fr\/stores-exterieurs\/store-double-pente\/\" \/>\n<meta property=\"og:site_name\" content=\"KE Outdoor Design\" \/>\n<meta property=\"article:publisher\" content=\"https:\/\/www.facebook.com\/keoutdoordesign.us\" \/>\n<meta property=\"article:modified_time\" content=\"2025-12-15T08:42:32+00:00\" \/>\n<meta property=\"og:image\" content=\"https:\/\/www.keoutdoordesign.com\/wp-content\/uploads\/2025\/12\/Store-de-jardin-Duo-Penta-Style-1024x768.jpg\" \/>\n\t<meta property=\"og:image:width\" content=\"1024\" \/>\n\t<meta property=\"og:image:height\" content=\"768\" \/>\n\t<meta property=\"og:image:type\" content=\"image\/jpeg\" \/>\n<meta name=\"twitter:card\" content=\"summary_large_image\" \/>\n<meta name=\"twitter:site\" content=\"@keoutdoordesign\" \/>\n<script type=\"application\/ld+json\" class=\"yoast-schema-graph\">{\"@context\":\"https:\\\/\\\/schema.org\",\"@graph\":[{\"@type\":\"WebPage\",\"@id\":\"https:\\\/\\\/www.keoutdoordesign.com\\\/fr-fr\\\/stores-exterieurs\\\/store-double-pente\\\/\",\"url\":\"https:\\\/\\\/www.keoutdoordesign.com\\\/fr-fr\\\/stores-exterieurs\\\/store-double-pente\\\/\",\"name\":\"Store Jardin -\",\"isPartOf\":{\"@id\":\"https:\\\/\\\/www.keoutdoordesign.com\\\/it-it\\\/#website\"},\"primaryImageOfPage\":{\"@id\":\"https:\\\/\\\/www.keoutdoordesign.com\\\/fr-fr\\\/stores-exterieurs\\\/store-double-pente\\\/#primaryimage\"},\"image\":{\"@id\":\"https:\\\/\\\/www.keoutdoordesign.com\\\/fr-fr\\\/stores-exterieurs\\\/store-double-pente\\\/#primaryimage\"},\"thumbnailUrl\":\"https:\\\/\\\/www.keoutdoordesign.com\\\/wp-content\\\/uploads\\\/2025\\\/12\\\/Store-de-jardin-Duo-Penta-Style.jpg\",\"datePublished\":\"2019-06-07T09:19:41+00:00\",\"dateModified\":\"2025-12-15T08:42:32+00:00\",\"description\":\"Store jardin : Organisez et repensez vos repas en ext\u00e9rieur sous un store double pente grande dimension prot\u00e9geant du soleil, pour des moments de grand confort.\",\"breadcrumb\":{\"@id\":\"https:\\\/\\\/www.keoutdoordesign.com\\\/fr-fr\\\/stores-exterieurs\\\/store-double-pente\\\/#breadcrumb\"},\"inLanguage\":\"fr-FR\",\"potentialAction\":[{\"@type\":\"ReadAction\",\"target\":[\"https:\\\/\\\/www.keoutdoordesign.com\\\/fr-fr\\\/stores-exterieurs\\\/store-double-pente\\\/\"]}]},{\"@type\":\"ImageObject\",\"inLanguage\":\"fr-FR\",\"@id\":\"https:\\\/\\\/www.keoutdoordesign.com\\\/fr-fr\\\/stores-exterieurs\\\/store-double-pente\\\/#primaryimage\",\"url\":\"https:\\\/\\\/www.keoutdoordesign.com\\\/wp-content\\\/uploads\\\/2025\\\/12\\\/Store-de-jardin-Duo-Penta-Style.jpg\",\"contentUrl\":\"https:\\\/\\\/www.keoutdoordesign.com\\\/wp-content\\\/uploads\\\/2025\\\/12\\\/Store-de-jardin-Duo-Penta-Style.jpg\",\"width\":9449,\"height\":7087,\"caption\":\"Store offrant une protection solaire optimale pour les espaces ext\u00e9rieurs.\"},{\"@type\":\"BreadcrumbList\",\"@id\":\"https:\\\/\\\/www.keoutdoordesign.com\\\/fr-fr\\\/stores-exterieurs\\\/store-double-pente\\\/#breadcrumb\",\"itemListElement\":[{\"@type\":\"ListItem\",\"position\":1,\"name\":\"Home\",\"item\":\"https:\\\/\\\/www.keoutdoordesign.com\\\/fr-fr\\\/\"},{\"@type\":\"ListItem\",\"position\":2,\"name\":\"Stores ext\u00e9rieurs sur mesure\",\"item\":\"https:\\\/\\\/www.keoutdoordesign.com\\\/fr-fr\\\/stores-exterieurs\\\/\"},{\"@type\":\"ListItem\",\"position\":3,\"name\":\"Store Jardin\"}]},{\"@type\":\"WebSite\",\"@id\":\"https:\\\/\\\/www.keoutdoordesign.com\\\/it-it\\\/#website\",\"url\":\"https:\\\/\\\/www.keoutdoordesign.com\\\/it-it\\\/\",\"name\":\"KE Outdoor Design\",\"description\":\"Un nuovo sito targato WordPress\",\"publisher\":{\"@id\":\"https:\\\/\\\/www.keoutdoordesign.com\\\/it-it\\\/#organization\"},\"potentialAction\":[{\"@type\":\"SearchAction\",\"target\":{\"@type\":\"EntryPoint\",\"urlTemplate\":\"https:\\\/\\\/www.keoutdoordesign.com\\\/it-it\\\/?s={search_term_string}\"},\"query-input\":{\"@type\":\"PropertyValueSpecification\",\"valueRequired\":true,\"valueName\":\"search_term_string\"}}],\"inLanguage\":\"fr-FR\"},{\"@type\":\"Organization\",\"@id\":\"https:\\\/\\\/www.keoutdoordesign.com\\\/it-it\\\/#organization\",\"name\":\"KE Outdoor Design\",\"url\":\"https:\\\/\\\/www.keoutdoordesign.com\\\/it-it\\\/\",\"logo\":{\"@type\":\"ImageObject\",\"inLanguage\":\"fr-FR\",\"@id\":\"https:\\\/\\\/www.keoutdoordesign.com\\\/it-it\\\/#\\\/schema\\\/logo\\\/image\\\/\",\"url\":\"https:\\\/\\\/www.keoutdoordesign.com\\\/wp-content\\\/uploads\\\/2020\\\/02\\\/KE-logo-Primary-e1591282842174.jpg\",\"contentUrl\":\"https:\\\/\\\/www.keoutdoordesign.com\\\/wp-content\\\/uploads\\\/2020\\\/02\\\/KE-logo-Primary-e1591282842174.jpg\",\"width\":500,\"height\":396,\"caption\":\"KE Outdoor Design\"},\"image\":{\"@id\":\"https:\\\/\\\/www.keoutdoordesign.com\\\/it-it\\\/#\\\/schema\\\/logo\\\/image\\\/\"},\"sameAs\":[\"https:\\\/\\\/www.facebook.com\\\/keoutdoordesign.us\",\"https:\\\/\\\/x.com\\\/keoutdoordesign\",\"https:\\\/\\\/www.facebook.com\\\/keoutdoordesign\",\"https:\\\/\\\/www.youtube.com\\\/channel\\\/UCSoMQryJpLqD53bAoZLg2Vg\",\"https:\\\/\\\/www.pinterest.it\\\/keoutdoordesign\\\/\",\"https:\\\/\\\/www.instagram.com\\\/keoutdoordesign\\\/\",\"https:\\\/\\\/www.linkedin.com\\\/company\\\/ke-outdoor-design\\\/\"]}]}<\/script>\n<!-- \/ Yoast SEO Premium plugin. -->","yoast_head_json":{"title":"Store Jardin -","description":"Store jardin : Organisez et repensez vos repas en ext\u00e9rieur sous un store double pente grande dimension prot\u00e9geant du soleil, pour des moments de grand confort.","robots":{"index":"index","follow":"follow","max-snippet":"max-snippet:-1","max-image-preview":"max-image-preview:large","max-video-preview":"max-video-preview:-1"},"canonical":"https:\/\/www.keoutdoordesign.com\/fr-fr\/stores-exterieurs\/store-double-pente\/","og_locale":"fr_FR","og_type":"article","og_title":"Store Jardin","og_description":"Store jardin : Organisez et repensez vos repas en ext\u00e9rieur sous un store double pente grande dimension prot\u00e9geant du soleil, pour des moments de grand confort.","og_url":"https:\/\/www.keoutdoordesign.com\/fr-fr\/stores-exterieurs\/store-double-pente\/","og_site_name":"KE Outdoor Design","article_publisher":"https:\/\/www.facebook.com\/keoutdoordesign.us","article_modified_time":"2025-12-15T08:42:32+00:00","og_image":[{"width":1024,"height":768,"url":"https:\/\/www.keoutdoordesign.com\/wp-content\/uploads\/2025\/12\/Store-de-jardin-Duo-Penta-Style-1024x768.jpg","type":"image\/jpeg"}],"twitter_card":"summary_large_image","twitter_site":"@keoutdoordesign","schema":{"@context":"https:\/\/schema.org","@graph":[{"@type":"WebPage","@id":"https:\/\/www.keoutdoordesign.com\/fr-fr\/stores-exterieurs\/store-double-pente\/","url":"https:\/\/www.keoutdoordesign.com\/fr-fr\/stores-exterieurs\/store-double-pente\/","name":"Store Jardin -","isPartOf":{"@id":"https:\/\/www.keoutdoordesign.com\/it-it\/#website"},"primaryImageOfPage":{"@id":"https:\/\/www.keoutdoordesign.com\/fr-fr\/stores-exterieurs\/store-double-pente\/#primaryimage"},"image":{"@id":"https:\/\/www.keoutdoordesign.com\/fr-fr\/stores-exterieurs\/store-double-pente\/#primaryimage"},"thumbnailUrl":"https:\/\/www.keoutdoordesign.com\/wp-content\/uploads\/2025\/12\/Store-de-jardin-Duo-Penta-Style.jpg","datePublished":"2019-06-07T09:19:41+00:00","dateModified":"2025-12-15T08:42:32+00:00","description":"Store jardin : Organisez et repensez vos repas en ext\u00e9rieur sous un store double pente grande dimension prot\u00e9geant du soleil, pour des moments de grand confort.","breadcrumb":{"@id":"https:\/\/www.keoutdoordesign.com\/fr-fr\/stores-exterieurs\/store-double-pente\/#breadcrumb"},"inLanguage":"fr-FR","potentialAction":[{"@type":"ReadAction","target":["https:\/\/www.keoutdoordesign.com\/fr-fr\/stores-exterieurs\/store-double-pente\/"]}]},{"@type":"ImageObject","inLanguage":"fr-FR","@id":"https:\/\/www.keoutdoordesign.com\/fr-fr\/stores-exterieurs\/store-double-pente\/#primaryimage","url":"https:\/\/www.keoutdoordesign.com\/wp-content\/uploads\/2025\/12\/Store-de-jardin-Duo-Penta-Style.jpg","contentUrl":"https:\/\/www.keoutdoordesign.com\/wp-content\/uploads\/2025\/12\/Store-de-jardin-Duo-Penta-Style.jpg","width":9449,"height":7087,"caption":"Store offrant une protection solaire optimale pour les espaces ext\u00e9rieurs."},{"@type":"BreadcrumbList","@id":"https:\/\/www.keoutdoordesign.com\/fr-fr\/stores-exterieurs\/store-double-pente\/#breadcrumb","itemListElement":[{"@type":"ListItem","position":1,"name":"Home","item":"https:\/\/www.keoutdoordesign.com\/fr-fr\/"},{"@type":"ListItem","position":2,"name":"Stores ext\u00e9rieurs sur mesure","item":"https:\/\/www.keoutdoordesign.com\/fr-fr\/stores-exterieurs\/"},{"@type":"ListItem","position":3,"name":"Store Jardin"}]},{"@type":"WebSite","@id":"https:\/\/www.keoutdoordesign.com\/it-it\/#website","url":"https:\/\/www.keoutdoordesign.com\/it-it\/","name":"KE Outdoor Design","description":"Un nuovo sito targato WordPress","publisher":{"@id":"https:\/\/www.keoutdoordesign.com\/it-it\/#organization"},"potentialAction":[{"@type":"SearchAction","target":{"@type":"EntryPoint","urlTemplate":"https:\/\/www.keoutdoordesign.com\/it-it\/?s={search_term_string}"},"query-input":{"@type":"PropertyValueSpecification","valueRequired":true,"valueName":"search_term_string"}}],"inLanguage":"fr-FR"},{"@type":"Organization","@id":"https:\/\/www.keoutdoordesign.com\/it-it\/#organization","name":"KE Outdoor Design","url":"https:\/\/www.keoutdoordesign.com\/it-it\/","logo":{"@type":"ImageObject","inLanguage":"fr-FR","@id":"https:\/\/www.keoutdoordesign.com\/it-it\/#\/schema\/logo\/image\/","url":"https:\/\/www.keoutdoordesign.com\/wp-content\/uploads\/2020\/02\/KE-logo-Primary-e1591282842174.jpg","contentUrl":"https:\/\/www.keoutdoordesign.com\/wp-content\/uploads\/2020\/02\/KE-logo-Primary-e1591282842174.jpg","width":500,"height":396,"caption":"KE Outdoor Design"},"image":{"@id":"https:\/\/www.keoutdoordesign.com\/it-it\/#\/schema\/logo\/image\/"},"sameAs":["https:\/\/www.facebook.com\/keoutdoordesign.us","https:\/\/x.com\/keoutdoordesign","https:\/\/www.facebook.com\/keoutdoordesign","https:\/\/www.youtube.com\/channel\/UCSoMQryJpLqD53bAoZLg2Vg","https:\/\/www.pinterest.it\/keoutdoordesign\/","https:\/\/www.instagram.com\/keoutdoordesign\/","https:\/\/www.linkedin.com\/company\/ke-outdoor-design\/"]}]}},"_links":{"self":[{"href":"https:\/\/www.keoutdoordesign.com\/fr-fr\/wp-json\/wp\/v2\/pages\/4643","targetHints":{"allow":["GET"]}}],"collection":[{"href":"https:\/\/www.keoutdoordesign.com\/fr-fr\/wp-json\/wp\/v2\/pages"}],"about":[{"href":"https:\/\/www.keoutdoordesign.com\/fr-fr\/wp-json\/wp\/v2\/types\/page"}],"author":[{"embeddable":true,"href":"https:\/\/www.keoutdoordesign.com\/fr-fr\/wp-json\/wp\/v2\/users\/10608"}],"replies":[{"embeddable":true,"href":"https:\/\/www.keoutdoordesign.com\/fr-fr\/wp-json\/wp\/v2\/comments?post=4643"}],"version-history":[{"count":23,"href":"https:\/\/www.keoutdoordesign.com\/fr-fr\/wp-json\/wp\/v2\/pages\/4643\/revisions"}],"predecessor-version":[{"id":54594,"href":"https:\/\/www.keoutdoordesign.com\/fr-fr\/wp-json\/wp\/v2\/pages\/4643\/revisions\/54594"}],"up":[{"embeddable":true,"href":"https:\/\/www.keoutdoordesign.com\/fr-fr\/wp-json\/wp\/v2\/pages\/4620"}],"wp:featuredmedia":[{"embeddable":true,"href":"https:\/\/www.keoutdoordesign.com\/fr-fr\/wp-json\/wp\/v2\/media\/116942"}],"wp:attachment":[{"href":"https:\/\/www.keoutdoordesign.com\/fr-fr\/wp-json\/wp\/v2\/media?parent=4643"}],"curies":[{"name":"wp","href":"https:\/\/api.w.org\/{rel}","templated":true}]}}