{"id":4637,"date":"2019-06-07T11:16:57","date_gmt":"2019-06-07T09:16:57","guid":{"rendered":"http:\/\/ke.localhost.it\/stores-exterieurs\/store-banne-monobloc\/moderna\/"},"modified":"2026-04-09T12:29:25","modified_gmt":"2026-04-09T10:29:25","slug":"moderna","status":"publish","type":"page","link":"https:\/\/www.keoutdoordesign.com\/fr-fr\/stores-exterieurs\/store-banne-monobloc\/moderna\/","title":{"rendered":"Moderna"},"content":{"rendered":"<h4>Le store monobloc grande avanc\u00e9e id\u00e9al pour vos terrasses les plus spectaculaires<\/h4>\n<p><strong>Store monobloc grande avanc\u00e9e<\/strong> : Avec son tube porteur renforc\u00e9 de 50 x 50 et ses bras \u00e0 sangle Balteus Giant, la banne monobloc \u00ab MODERNA \u00bb vous autorise les avanc\u00e9es les plus spectaculaires (jusqu\u2019\u00e0 4 850 mm). Il couvrira donc en toute s\u00e9curit\u00e9 les grandes terrasses (restaurants, caf\u00e9s, bars\u2026)<\/p>\n<p>Un r\u00e9el <strong>store monobloc motoris\u00e9 pour restaurant<\/strong> et autres structures commerciales. Il couvre vos espaces ext\u00e9rieurs et \u00e9pouse parfaitement votre identit\u00e9 visuelle existante gr\u00e2ce \u00e0 sa personnalisation.<\/p>\n<p>Ce store monobloc motoris\u00e9 est id\u00e9al pour vos grandes terrasses.<\/p>\n<h4><span style=\"text-decoration: underline;\"><strong>Avantages:<\/strong><\/span><\/h4>\n<p>Store \u00e0 bras extensibles :<\/p>\n<ul>\n<li>Store pour grandes avanc\u00e9es<\/li>\n<li>Dimension compacte<\/li>\n<li>Design et qualitatif<\/li>\n<li>Dispose d&rsquo;un tube porteur<\/li>\n<li>Lambrequin<\/li>\n<\/ul>\n<p><strong>Nouveaut\u00e9 2026<\/strong> : nouvelle option d\u2019\u00e9clairage int\u00e9gr\u00e9 sur les lambrequins, id\u00e9ale pour sublimer les enseignes commerciales et renforcer leur visibilit\u00e9, de jour comme de nuit.<\/p>\n","protected":false},"excerpt":{"rendered":"<p>Le store monobloc grande avanc\u00e9e id\u00e9al pour vos terrasses les plus spectaculaires Store monobloc grande avanc\u00e9e : Avec son tube&hellip;<\/p>\n","protected":false},"author":10608,"featured_media":65460,"parent":4627,"menu_order":16,"comment_status":"closed","ping_status":"closed","template":"page-templates\/product.php","meta":{"_acf_changed":false,"footnotes":""},"class_list":["post-4637","page","type-page","status-publish","has-post-thumbnail","hentry"],"acf":[],"yoast_head":"<!-- This site is optimized with the Yoast SEO Premium plugin v20.12 (Yoast SEO v27.3) - https:\/\/yoast.com\/product\/yoast-seo-premium-wordpress\/ -->\n<title>Store monobloc motoris\u00e9 Moderna - KE Outdoor Design<\/title>\n<meta name=\"description\" content=\"Store monobloc motoris\u00e9 proposant une grande avanc\u00e9e. Largeur :-12m -Avanc\u00e9e :-5M. De grandes dimensions pour couvrir de grandes terrasses : restaurants\/caf\u00e9s\/ h\u00f4tels, etc...\" \/>\n<meta name=\"robots\" content=\"index, follow, max-snippet:-1, max-image-preview:large, max-video-preview:-1\" \/>\n<link rel=\"canonical\" href=\"https:\/\/www.keoutdoordesign.com\/fr-fr\/stores-exterieurs\/store-banne-monobloc\/moderna\/\" \/>\n<meta property=\"og:locale\" content=\"fr_FR\" \/>\n<meta property=\"og:type\" content=\"article\" \/>\n<meta property=\"og:title\" content=\"Moderna\" \/>\n<meta property=\"og:description\" content=\"Store monobloc motoris\u00e9 proposant une grande avanc\u00e9e. Largeur :-12m -Avanc\u00e9e :-5M. De grandes dimensions pour couvrir de grandes terrasses : restaurants\/caf\u00e9s\/ h\u00f4tels, etc...\" \/>\n<meta property=\"og:url\" content=\"https:\/\/www.keoutdoordesign.com\/fr-fr\/stores-exterieurs\/store-banne-monobloc\/moderna\/\" \/>\n<meta property=\"og:site_name\" content=\"KE Outdoor Design\" \/>\n<meta property=\"article:publisher\" content=\"https:\/\/www.facebook.com\/keoutdoordesign.us\" \/>\n<meta property=\"article:modified_time\" content=\"2026-04-09T10:29:25+00:00\" \/>\n<meta property=\"og:image\" content=\"https:\/\/www.keoutdoordesign.com\/wp-content\/uploads\/2024\/01\/Store-monobloc-Moderna-KE.jpg\" \/>\n\t<meta property=\"og:image:width\" content=\"1920\" \/>\n\t<meta property=\"og:image:height\" content=\"1411\" \/>\n\t<meta property=\"og:image:type\" content=\"image\/jpeg\" \/>\n<meta name=\"twitter:card\" content=\"summary_large_image\" \/>\n<meta name=\"twitter:site\" content=\"@keoutdoordesign\" \/>\n<script type=\"application\/ld+json\" class=\"yoast-schema-graph\">{\"@context\":\"https:\\\/\\\/schema.org\",\"@graph\":[{\"@type\":\"WebPage\",\"@id\":\"https:\\\/\\\/www.keoutdoordesign.com\\\/fr-fr\\\/stores-exterieurs\\\/store-banne-monobloc\\\/moderna\\\/\",\"url\":\"https:\\\/\\\/www.keoutdoordesign.com\\\/fr-fr\\\/stores-exterieurs\\\/store-banne-monobloc\\\/moderna\\\/\",\"name\":\"Store monobloc motoris\u00e9 Moderna - KE Outdoor Design\",\"isPartOf\":{\"@id\":\"https:\\\/\\\/www.keoutdoordesign.com\\\/it-it\\\/#website\"},\"primaryImageOfPage\":{\"@id\":\"https:\\\/\\\/www.keoutdoordesign.com\\\/fr-fr\\\/stores-exterieurs\\\/store-banne-monobloc\\\/moderna\\\/#primaryimage\"},\"image\":{\"@id\":\"https:\\\/\\\/www.keoutdoordesign.com\\\/fr-fr\\\/stores-exterieurs\\\/store-banne-monobloc\\\/moderna\\\/#primaryimage\"},\"thumbnailUrl\":\"https:\\\/\\\/www.keoutdoordesign.com\\\/wp-content\\\/uploads\\\/2024\\\/01\\\/Store-monobloc-Moderna-KE.jpg\",\"datePublished\":\"2019-06-07T09:16:57+00:00\",\"dateModified\":\"2026-04-09T10:29:25+00:00\",\"description\":\"Store monobloc motoris\u00e9 proposant une grande avanc\u00e9e. Largeur :-12m -Avanc\u00e9e :-5M. De grandes dimensions pour couvrir de grandes terrasses : restaurants\\\/caf\u00e9s\\\/ h\u00f4tels, etc...\",\"breadcrumb\":{\"@id\":\"https:\\\/\\\/www.keoutdoordesign.com\\\/fr-fr\\\/stores-exterieurs\\\/store-banne-monobloc\\\/moderna\\\/#breadcrumb\"},\"inLanguage\":\"fr-FR\",\"potentialAction\":[{\"@type\":\"ReadAction\",\"target\":[\"https:\\\/\\\/www.keoutdoordesign.com\\\/fr-fr\\\/stores-exterieurs\\\/store-banne-monobloc\\\/moderna\\\/\"]}]},{\"@type\":\"ImageObject\",\"inLanguage\":\"fr-FR\",\"@id\":\"https:\\\/\\\/www.keoutdoordesign.com\\\/fr-fr\\\/stores-exterieurs\\\/store-banne-monobloc\\\/moderna\\\/#primaryimage\",\"url\":\"https:\\\/\\\/www.keoutdoordesign.com\\\/wp-content\\\/uploads\\\/2024\\\/01\\\/Store-monobloc-Moderna-KE.jpg\",\"contentUrl\":\"https:\\\/\\\/www.keoutdoordesign.com\\\/wp-content\\\/uploads\\\/2024\\\/01\\\/Store-monobloc-Moderna-KE.jpg\",\"width\":1920,\"height\":1411,\"caption\":\"Store banne monobloc sur-mesure utilis\u00e9 pour la couverture de grandes terrasses ou balcons.\"},{\"@type\":\"BreadcrumbList\",\"@id\":\"https:\\\/\\\/www.keoutdoordesign.com\\\/fr-fr\\\/stores-exterieurs\\\/store-banne-monobloc\\\/moderna\\\/#breadcrumb\",\"itemListElement\":[{\"@type\":\"ListItem\",\"position\":1,\"name\":\"Home\",\"item\":\"https:\\\/\\\/www.keoutdoordesign.com\\\/fr-fr\\\/\"},{\"@type\":\"ListItem\",\"position\":2,\"name\":\"Stores ext\u00e9rieurs sur mesure\",\"item\":\"https:\\\/\\\/www.keoutdoordesign.com\\\/fr-fr\\\/stores-exterieurs\\\/\"},{\"@type\":\"ListItem\",\"position\":3,\"name\":\"Stores Bannes Monoblocs\",\"item\":\"https:\\\/\\\/www.keoutdoordesign.com\\\/fr-fr\\\/stores-exterieurs\\\/store-banne-monobloc\\\/\"},{\"@type\":\"ListItem\",\"position\":4,\"name\":\"Moderna\"}]},{\"@type\":\"WebSite\",\"@id\":\"https:\\\/\\\/www.keoutdoordesign.com\\\/it-it\\\/#website\",\"url\":\"https:\\\/\\\/www.keoutdoordesign.com\\\/it-it\\\/\",\"name\":\"KE Outdoor Design\",\"description\":\"Un nuovo sito targato WordPress\",\"publisher\":{\"@id\":\"https:\\\/\\\/www.keoutdoordesign.com\\\/it-it\\\/#organization\"},\"potentialAction\":[{\"@type\":\"SearchAction\",\"target\":{\"@type\":\"EntryPoint\",\"urlTemplate\":\"https:\\\/\\\/www.keoutdoordesign.com\\\/it-it\\\/?s={search_term_string}\"},\"query-input\":{\"@type\":\"PropertyValueSpecification\",\"valueRequired\":true,\"valueName\":\"search_term_string\"}}],\"inLanguage\":\"fr-FR\"},{\"@type\":\"Organization\",\"@id\":\"https:\\\/\\\/www.keoutdoordesign.com\\\/it-it\\\/#organization\",\"name\":\"KE Outdoor Design\",\"url\":\"https:\\\/\\\/www.keoutdoordesign.com\\\/it-it\\\/\",\"logo\":{\"@type\":\"ImageObject\",\"inLanguage\":\"fr-FR\",\"@id\":\"https:\\\/\\\/www.keoutdoordesign.com\\\/it-it\\\/#\\\/schema\\\/logo\\\/image\\\/\",\"url\":\"https:\\\/\\\/www.keoutdoordesign.com\\\/wp-content\\\/uploads\\\/2020\\\/02\\\/KE-logo-Primary-e1591282842174.jpg\",\"contentUrl\":\"https:\\\/\\\/www.keoutdoordesign.com\\\/wp-content\\\/uploads\\\/2020\\\/02\\\/KE-logo-Primary-e1591282842174.jpg\",\"width\":500,\"height\":396,\"caption\":\"KE Outdoor Design\"},\"image\":{\"@id\":\"https:\\\/\\\/www.keoutdoordesign.com\\\/it-it\\\/#\\\/schema\\\/logo\\\/image\\\/\"},\"sameAs\":[\"https:\\\/\\\/www.facebook.com\\\/keoutdoordesign.us\",\"https:\\\/\\\/x.com\\\/keoutdoordesign\",\"https:\\\/\\\/www.facebook.com\\\/keoutdoordesign\",\"https:\\\/\\\/www.youtube.com\\\/channel\\\/UCSoMQryJpLqD53bAoZLg2Vg\",\"https:\\\/\\\/www.pinterest.it\\\/keoutdoordesign\\\/\",\"https:\\\/\\\/www.instagram.com\\\/keoutdoordesign\\\/\",\"https:\\\/\\\/www.linkedin.com\\\/company\\\/ke-outdoor-design\\\/\"]}]}<\/script>\n<!-- \/ Yoast SEO Premium plugin. -->","yoast_head_json":{"title":"Store monobloc motoris\u00e9 Moderna - KE Outdoor Design","description":"Store monobloc motoris\u00e9 proposant une grande avanc\u00e9e. Largeur :-12m -Avanc\u00e9e :-5M. De grandes dimensions pour couvrir de grandes terrasses : restaurants\/caf\u00e9s\/ h\u00f4tels, etc...","robots":{"index":"index","follow":"follow","max-snippet":"max-snippet:-1","max-image-preview":"max-image-preview:large","max-video-preview":"max-video-preview:-1"},"canonical":"https:\/\/www.keoutdoordesign.com\/fr-fr\/stores-exterieurs\/store-banne-monobloc\/moderna\/","og_locale":"fr_FR","og_type":"article","og_title":"Moderna","og_description":"Store monobloc motoris\u00e9 proposant une grande avanc\u00e9e. Largeur :-12m -Avanc\u00e9e :-5M. De grandes dimensions pour couvrir de grandes terrasses : restaurants\/caf\u00e9s\/ h\u00f4tels, etc...","og_url":"https:\/\/www.keoutdoordesign.com\/fr-fr\/stores-exterieurs\/store-banne-monobloc\/moderna\/","og_site_name":"KE Outdoor Design","article_publisher":"https:\/\/www.facebook.com\/keoutdoordesign.us","article_modified_time":"2026-04-09T10:29:25+00:00","og_image":[{"width":1920,"height":1411,"url":"https:\/\/www.keoutdoordesign.com\/wp-content\/uploads\/2024\/01\/Store-monobloc-Moderna-KE.jpg","type":"image\/jpeg"}],"twitter_card":"summary_large_image","twitter_site":"@keoutdoordesign","schema":{"@context":"https:\/\/schema.org","@graph":[{"@type":"WebPage","@id":"https:\/\/www.keoutdoordesign.com\/fr-fr\/stores-exterieurs\/store-banne-monobloc\/moderna\/","url":"https:\/\/www.keoutdoordesign.com\/fr-fr\/stores-exterieurs\/store-banne-monobloc\/moderna\/","name":"Store monobloc motoris\u00e9 Moderna - KE Outdoor Design","isPartOf":{"@id":"https:\/\/www.keoutdoordesign.com\/it-it\/#website"},"primaryImageOfPage":{"@id":"https:\/\/www.keoutdoordesign.com\/fr-fr\/stores-exterieurs\/store-banne-monobloc\/moderna\/#primaryimage"},"image":{"@id":"https:\/\/www.keoutdoordesign.com\/fr-fr\/stores-exterieurs\/store-banne-monobloc\/moderna\/#primaryimage"},"thumbnailUrl":"https:\/\/www.keoutdoordesign.com\/wp-content\/uploads\/2024\/01\/Store-monobloc-Moderna-KE.jpg","datePublished":"2019-06-07T09:16:57+00:00","dateModified":"2026-04-09T10:29:25+00:00","description":"Store monobloc motoris\u00e9 proposant une grande avanc\u00e9e. Largeur :-12m -Avanc\u00e9e :-5M. De grandes dimensions pour couvrir de grandes terrasses : restaurants\/caf\u00e9s\/ h\u00f4tels, etc...","breadcrumb":{"@id":"https:\/\/www.keoutdoordesign.com\/fr-fr\/stores-exterieurs\/store-banne-monobloc\/moderna\/#breadcrumb"},"inLanguage":"fr-FR","potentialAction":[{"@type":"ReadAction","target":["https:\/\/www.keoutdoordesign.com\/fr-fr\/stores-exterieurs\/store-banne-monobloc\/moderna\/"]}]},{"@type":"ImageObject","inLanguage":"fr-FR","@id":"https:\/\/www.keoutdoordesign.com\/fr-fr\/stores-exterieurs\/store-banne-monobloc\/moderna\/#primaryimage","url":"https:\/\/www.keoutdoordesign.com\/wp-content\/uploads\/2024\/01\/Store-monobloc-Moderna-KE.jpg","contentUrl":"https:\/\/www.keoutdoordesign.com\/wp-content\/uploads\/2024\/01\/Store-monobloc-Moderna-KE.jpg","width":1920,"height":1411,"caption":"Store banne monobloc sur-mesure utilis\u00e9 pour la couverture de grandes terrasses ou balcons."},{"@type":"BreadcrumbList","@id":"https:\/\/www.keoutdoordesign.com\/fr-fr\/stores-exterieurs\/store-banne-monobloc\/moderna\/#breadcrumb","itemListElement":[{"@type":"ListItem","position":1,"name":"Home","item":"https:\/\/www.keoutdoordesign.com\/fr-fr\/"},{"@type":"ListItem","position":2,"name":"Stores ext\u00e9rieurs sur mesure","item":"https:\/\/www.keoutdoordesign.com\/fr-fr\/stores-exterieurs\/"},{"@type":"ListItem","position":3,"name":"Stores Bannes Monoblocs","item":"https:\/\/www.keoutdoordesign.com\/fr-fr\/stores-exterieurs\/store-banne-monobloc\/"},{"@type":"ListItem","position":4,"name":"Moderna"}]},{"@type":"WebSite","@id":"https:\/\/www.keoutdoordesign.com\/it-it\/#website","url":"https:\/\/www.keoutdoordesign.com\/it-it\/","name":"KE Outdoor Design","description":"Un nuovo sito targato WordPress","publisher":{"@id":"https:\/\/www.keoutdoordesign.com\/it-it\/#organization"},"potentialAction":[{"@type":"SearchAction","target":{"@type":"EntryPoint","urlTemplate":"https:\/\/www.keoutdoordesign.com\/it-it\/?s={search_term_string}"},"query-input":{"@type":"PropertyValueSpecification","valueRequired":true,"valueName":"search_term_string"}}],"inLanguage":"fr-FR"},{"@type":"Organization","@id":"https:\/\/www.keoutdoordesign.com\/it-it\/#organization","name":"KE Outdoor Design","url":"https:\/\/www.keoutdoordesign.com\/it-it\/","logo":{"@type":"ImageObject","inLanguage":"fr-FR","@id":"https:\/\/www.keoutdoordesign.com\/it-it\/#\/schema\/logo\/image\/","url":"https:\/\/www.keoutdoordesign.com\/wp-content\/uploads\/2020\/02\/KE-logo-Primary-e1591282842174.jpg","contentUrl":"https:\/\/www.keoutdoordesign.com\/wp-content\/uploads\/2020\/02\/KE-logo-Primary-e1591282842174.jpg","width":500,"height":396,"caption":"KE Outdoor Design"},"image":{"@id":"https:\/\/www.keoutdoordesign.com\/it-it\/#\/schema\/logo\/image\/"},"sameAs":["https:\/\/www.facebook.com\/keoutdoordesign.us","https:\/\/x.com\/keoutdoordesign","https:\/\/www.facebook.com\/keoutdoordesign","https:\/\/www.youtube.com\/channel\/UCSoMQryJpLqD53bAoZLg2Vg","https:\/\/www.pinterest.it\/keoutdoordesign\/","https:\/\/www.instagram.com\/keoutdoordesign\/","https:\/\/www.linkedin.com\/company\/ke-outdoor-design\/"]}]}},"_links":{"self":[{"href":"https:\/\/www.keoutdoordesign.com\/fr-fr\/wp-json\/wp\/v2\/pages\/4637","targetHints":{"allow":["GET"]}}],"collection":[{"href":"https:\/\/www.keoutdoordesign.com\/fr-fr\/wp-json\/wp\/v2\/pages"}],"about":[{"href":"https:\/\/www.keoutdoordesign.com\/fr-fr\/wp-json\/wp\/v2\/types\/page"}],"author":[{"embeddable":true,"href":"https:\/\/www.keoutdoordesign.com\/fr-fr\/wp-json\/wp\/v2\/users\/10608"}],"replies":[{"embeddable":true,"href":"https:\/\/www.keoutdoordesign.com\/fr-fr\/wp-json\/wp\/v2\/comments?post=4637"}],"version-history":[{"count":33,"href":"https:\/\/www.keoutdoordesign.com\/fr-fr\/wp-json\/wp\/v2\/pages\/4637\/revisions"}],"predecessor-version":[{"id":121312,"href":"https:\/\/www.keoutdoordesign.com\/fr-fr\/wp-json\/wp\/v2\/pages\/4637\/revisions\/121312"}],"up":[{"embeddable":true,"href":"https:\/\/www.keoutdoordesign.com\/fr-fr\/wp-json\/wp\/v2\/pages\/4627"}],"wp:featuredmedia":[{"embeddable":true,"href":"https:\/\/www.keoutdoordesign.com\/fr-fr\/wp-json\/wp\/v2\/media\/65460"}],"wp:attachment":[{"href":"https:\/\/www.keoutdoordesign.com\/fr-fr\/wp-json\/wp\/v2\/media?parent=4637"}],"curies":[{"name":"wp","href":"https:\/\/api.w.org\/{rel}","templated":true}]}}