{"id":4636,"date":"2019-06-07T11:16:57","date_gmt":"2019-06-07T09:16:57","guid":{"rendered":"http:\/\/ke.localhost.it\/stores-exterieurs\/store-banne-monobloc\/loggia\/"},"modified":"2026-04-09T12:25:10","modified_gmt":"2026-04-09T10:25:10","slug":"loggia","status":"publish","type":"page","link":"https:\/\/www.keoutdoordesign.com\/fr-fr\/stores-exterieurs\/store-banne-monobloc\/loggia\/","title":{"rendered":"Loggia"},"content":{"rendered":"<h4><strong>Loggia : le store banne id\u00e9al pour les balcons d&rsquo;appartements<\/strong><\/h4>\n<p><strong>C&rsquo;est la banne id\u00e9ale pour les fa\u00e7ades irr\u00e9guli\u00e8res.<\/strong><br \/>\nCe store banne bras ind\u00e9pendants ou crois\u00e9s avec ses supports polyvalents de pose (face, plafond, tableau) en font le store id\u00e9al pour se <strong>jouer des fa\u00e7ades irr\u00e9guli\u00e8res<\/strong> : \u00e9tages, tuyaux, c\u00e2bles, asp\u00e9rit\u00e9s n\u2019ont qu\u2019\u00e0 bien se tenir !<\/p>\n<p>Sa polyvalence permet une ad\u00e9quation parfaite les terrasses ou fa\u00e7ades atypiques, et il est donc <strong>parfait pour les balcons d&rsquo;appartement et\/ou les copropri\u00e9t\u00e9s.<\/strong><\/p>\n<h4><span style=\"text-decoration: underline;\"><strong>Avantages:<\/strong><\/span><\/h4>\n<p>Store \u00e0 bras extensibles :<\/p>\n<ul>\n<li>Enroulement de la toile avec syst\u00e8me brevet\u00e9 pour \u00e9viter la formation de plis<\/li>\n<li>R\u00e9glage de l&rsquo;apport solaire<\/li>\n<li>Store \u00e0 bras crois\u00e9s<\/li>\n<li>Possibilit\u00e9 de montage en niche<\/li>\n<li>Lambrequin<\/li>\n<\/ul>\n<p><strong>Nouveaut\u00e9 2026<\/strong> : nouvelle option d\u2019\u00e9clairage int\u00e9gr\u00e9 sur les lambrequins, id\u00e9ale pour sublimer les enseignes commerciales et renforcer leur visibilit\u00e9, de jour comme de nuit.<\/p>\n<p>Retrouvez la r\u00e9alisation d&rsquo;un de nos clients avec le store Loggia <a href=\"https:\/\/www.facebook.com\/KomilfoGrasse\/photos\/pcb.1756139634488497\/1756139007821893\/?type=3&amp;theater\">ici<\/a>.<\/p>\n","protected":false},"excerpt":{"rendered":"<p>Loggia : le store banne id\u00e9al pour les balcons d&rsquo;appartements C&rsquo;est la banne id\u00e9ale pour les fa\u00e7ades irr\u00e9guli\u00e8res. Ce store&hellip;<\/p>\n","protected":false},"author":10608,"featured_media":65487,"parent":4627,"menu_order":15,"comment_status":"closed","ping_status":"closed","template":"page-templates\/product.php","meta":{"_acf_changed":false,"footnotes":""},"class_list":["post-4636","page","type-page","status-publish","has-post-thumbnail","hentry"],"acf":[],"yoast_head":"<!-- This site is optimized with the Yoast SEO Premium plugin v20.12 (Yoast SEO v27.3) - https:\/\/yoast.com\/product\/yoast-seo-premium-wordpress\/ -->\n<title>Store banne pour balcon d&#039;appartement Loggia - KE Outdoor Design<\/title>\n<meta name=\"description\" content=\"Store banne id\u00e9al pour les balcons d&#039;appartements et les fa\u00e7ades irr\u00e9guli\u00e8res. Largeur jusqu&#039;\u00e0 5940 mm. Avanc\u00e9e : jusqu&#039;\u00e0 3100 mm.\" \/>\n<meta name=\"robots\" content=\"index, follow, max-snippet:-1, max-image-preview:large, max-video-preview:-1\" \/>\n<link rel=\"canonical\" href=\"https:\/\/www.keoutdoordesign.com\/fr-fr\/stores-exterieurs\/store-banne-monobloc\/loggia\/\" \/>\n<meta property=\"og:locale\" content=\"fr_FR\" \/>\n<meta property=\"og:type\" content=\"article\" \/>\n<meta property=\"og:title\" content=\"Loggia\" \/>\n<meta property=\"og:description\" content=\"Store banne id\u00e9al pour les balcons d&#039;appartements et les fa\u00e7ades irr\u00e9guli\u00e8res. Largeur jusqu&#039;\u00e0 5940 mm. Avanc\u00e9e : jusqu&#039;\u00e0 3100 mm.\" \/>\n<meta property=\"og:url\" content=\"https:\/\/www.keoutdoordesign.com\/fr-fr\/stores-exterieurs\/store-banne-monobloc\/loggia\/\" \/>\n<meta property=\"og:site_name\" content=\"KE Outdoor Design\" \/>\n<meta property=\"article:publisher\" content=\"https:\/\/www.facebook.com\/keoutdoordesign.us\" \/>\n<meta property=\"article:modified_time\" content=\"2026-04-09T10:25:10+00:00\" \/>\n<meta property=\"og:image\" content=\"https:\/\/www.keoutdoordesign.com\/wp-content\/uploads\/2024\/01\/Store-banne-pour-balcon-appartement-Loggia-KE.jpg\" \/>\n\t<meta property=\"og:image:width\" content=\"1920\" \/>\n\t<meta property=\"og:image:height\" content=\"1148\" \/>\n\t<meta property=\"og:image:type\" content=\"image\/jpeg\" \/>\n<meta name=\"twitter:card\" content=\"summary_large_image\" \/>\n<meta name=\"twitter:site\" content=\"@keoutdoordesign\" \/>\n<script type=\"application\/ld+json\" class=\"yoast-schema-graph\">{\"@context\":\"https:\\\/\\\/schema.org\",\"@graph\":[{\"@type\":\"WebPage\",\"@id\":\"https:\\\/\\\/www.keoutdoordesign.com\\\/fr-fr\\\/stores-exterieurs\\\/store-banne-monobloc\\\/loggia\\\/\",\"url\":\"https:\\\/\\\/www.keoutdoordesign.com\\\/fr-fr\\\/stores-exterieurs\\\/store-banne-monobloc\\\/loggia\\\/\",\"name\":\"Store banne pour balcon d'appartement Loggia - KE Outdoor Design\",\"isPartOf\":{\"@id\":\"https:\\\/\\\/www.keoutdoordesign.com\\\/it-it\\\/#website\"},\"primaryImageOfPage\":{\"@id\":\"https:\\\/\\\/www.keoutdoordesign.com\\\/fr-fr\\\/stores-exterieurs\\\/store-banne-monobloc\\\/loggia\\\/#primaryimage\"},\"image\":{\"@id\":\"https:\\\/\\\/www.keoutdoordesign.com\\\/fr-fr\\\/stores-exterieurs\\\/store-banne-monobloc\\\/loggia\\\/#primaryimage\"},\"thumbnailUrl\":\"https:\\\/\\\/www.keoutdoordesign.com\\\/wp-content\\\/uploads\\\/2024\\\/01\\\/Store-banne-pour-balcon-appartement-Loggia-KE.jpg\",\"datePublished\":\"2019-06-07T09:16:57+00:00\",\"dateModified\":\"2026-04-09T10:25:10+00:00\",\"description\":\"Store banne id\u00e9al pour les balcons d'appartements et les fa\u00e7ades irr\u00e9guli\u00e8res. Largeur jusqu'\u00e0 5940 mm. Avanc\u00e9e : jusqu'\u00e0 3100 mm.\",\"breadcrumb\":{\"@id\":\"https:\\\/\\\/www.keoutdoordesign.com\\\/fr-fr\\\/stores-exterieurs\\\/store-banne-monobloc\\\/loggia\\\/#breadcrumb\"},\"inLanguage\":\"fr-FR\",\"potentialAction\":[{\"@type\":\"ReadAction\",\"target\":[\"https:\\\/\\\/www.keoutdoordesign.com\\\/fr-fr\\\/stores-exterieurs\\\/store-banne-monobloc\\\/loggia\\\/\"]}]},{\"@type\":\"ImageObject\",\"inLanguage\":\"fr-FR\",\"@id\":\"https:\\\/\\\/www.keoutdoordesign.com\\\/fr-fr\\\/stores-exterieurs\\\/store-banne-monobloc\\\/loggia\\\/#primaryimage\",\"url\":\"https:\\\/\\\/www.keoutdoordesign.com\\\/wp-content\\\/uploads\\\/2024\\\/01\\\/Store-banne-pour-balcon-appartement-Loggia-KE.jpg\",\"contentUrl\":\"https:\\\/\\\/www.keoutdoordesign.com\\\/wp-content\\\/uploads\\\/2024\\\/01\\\/Store-banne-pour-balcon-appartement-Loggia-KE.jpg\",\"width\":1920,\"height\":1148,\"caption\":\"Le store banne Loggia est utilis\u00e9 sur les fa\u00e7ades les plus irr\u00e9guli\u00e8res et notamment pour les balcons d'appartements.\"},{\"@type\":\"BreadcrumbList\",\"@id\":\"https:\\\/\\\/www.keoutdoordesign.com\\\/fr-fr\\\/stores-exterieurs\\\/store-banne-monobloc\\\/loggia\\\/#breadcrumb\",\"itemListElement\":[{\"@type\":\"ListItem\",\"position\":1,\"name\":\"Home\",\"item\":\"https:\\\/\\\/www.keoutdoordesign.com\\\/fr-fr\\\/\"},{\"@type\":\"ListItem\",\"position\":2,\"name\":\"Stores ext\u00e9rieurs sur mesure\",\"item\":\"https:\\\/\\\/www.keoutdoordesign.com\\\/fr-fr\\\/stores-exterieurs\\\/\"},{\"@type\":\"ListItem\",\"position\":3,\"name\":\"Stores Bannes Monoblocs\",\"item\":\"https:\\\/\\\/www.keoutdoordesign.com\\\/fr-fr\\\/stores-exterieurs\\\/store-banne-monobloc\\\/\"},{\"@type\":\"ListItem\",\"position\":4,\"name\":\"Loggia\"}]},{\"@type\":\"WebSite\",\"@id\":\"https:\\\/\\\/www.keoutdoordesign.com\\\/it-it\\\/#website\",\"url\":\"https:\\\/\\\/www.keoutdoordesign.com\\\/it-it\\\/\",\"name\":\"KE Outdoor Design\",\"description\":\"Un nuovo sito targato WordPress\",\"publisher\":{\"@id\":\"https:\\\/\\\/www.keoutdoordesign.com\\\/it-it\\\/#organization\"},\"potentialAction\":[{\"@type\":\"SearchAction\",\"target\":{\"@type\":\"EntryPoint\",\"urlTemplate\":\"https:\\\/\\\/www.keoutdoordesign.com\\\/it-it\\\/?s={search_term_string}\"},\"query-input\":{\"@type\":\"PropertyValueSpecification\",\"valueRequired\":true,\"valueName\":\"search_term_string\"}}],\"inLanguage\":\"fr-FR\"},{\"@type\":\"Organization\",\"@id\":\"https:\\\/\\\/www.keoutdoordesign.com\\\/it-it\\\/#organization\",\"name\":\"KE Outdoor Design\",\"url\":\"https:\\\/\\\/www.keoutdoordesign.com\\\/it-it\\\/\",\"logo\":{\"@type\":\"ImageObject\",\"inLanguage\":\"fr-FR\",\"@id\":\"https:\\\/\\\/www.keoutdoordesign.com\\\/it-it\\\/#\\\/schema\\\/logo\\\/image\\\/\",\"url\":\"https:\\\/\\\/www.keoutdoordesign.com\\\/wp-content\\\/uploads\\\/2020\\\/02\\\/KE-logo-Primary-e1591282842174.jpg\",\"contentUrl\":\"https:\\\/\\\/www.keoutdoordesign.com\\\/wp-content\\\/uploads\\\/2020\\\/02\\\/KE-logo-Primary-e1591282842174.jpg\",\"width\":500,\"height\":396,\"caption\":\"KE Outdoor Design\"},\"image\":{\"@id\":\"https:\\\/\\\/www.keoutdoordesign.com\\\/it-it\\\/#\\\/schema\\\/logo\\\/image\\\/\"},\"sameAs\":[\"https:\\\/\\\/www.facebook.com\\\/keoutdoordesign.us\",\"https:\\\/\\\/x.com\\\/keoutdoordesign\",\"https:\\\/\\\/www.facebook.com\\\/keoutdoordesign\",\"https:\\\/\\\/www.youtube.com\\\/channel\\\/UCSoMQryJpLqD53bAoZLg2Vg\",\"https:\\\/\\\/www.pinterest.it\\\/keoutdoordesign\\\/\",\"https:\\\/\\\/www.instagram.com\\\/keoutdoordesign\\\/\",\"https:\\\/\\\/www.linkedin.com\\\/company\\\/ke-outdoor-design\\\/\"]}]}<\/script>\n<!-- \/ Yoast SEO Premium plugin. -->","yoast_head_json":{"title":"Store banne pour balcon d'appartement Loggia - KE Outdoor Design","description":"Store banne id\u00e9al pour les balcons d'appartements et les fa\u00e7ades irr\u00e9guli\u00e8res. Largeur jusqu'\u00e0 5940 mm. Avanc\u00e9e : jusqu'\u00e0 3100 mm.","robots":{"index":"index","follow":"follow","max-snippet":"max-snippet:-1","max-image-preview":"max-image-preview:large","max-video-preview":"max-video-preview:-1"},"canonical":"https:\/\/www.keoutdoordesign.com\/fr-fr\/stores-exterieurs\/store-banne-monobloc\/loggia\/","og_locale":"fr_FR","og_type":"article","og_title":"Loggia","og_description":"Store banne id\u00e9al pour les balcons d'appartements et les fa\u00e7ades irr\u00e9guli\u00e8res. Largeur jusqu'\u00e0 5940 mm. Avanc\u00e9e : jusqu'\u00e0 3100 mm.","og_url":"https:\/\/www.keoutdoordesign.com\/fr-fr\/stores-exterieurs\/store-banne-monobloc\/loggia\/","og_site_name":"KE Outdoor Design","article_publisher":"https:\/\/www.facebook.com\/keoutdoordesign.us","article_modified_time":"2026-04-09T10:25:10+00:00","og_image":[{"width":1920,"height":1148,"url":"https:\/\/www.keoutdoordesign.com\/wp-content\/uploads\/2024\/01\/Store-banne-pour-balcon-appartement-Loggia-KE.jpg","type":"image\/jpeg"}],"twitter_card":"summary_large_image","twitter_site":"@keoutdoordesign","schema":{"@context":"https:\/\/schema.org","@graph":[{"@type":"WebPage","@id":"https:\/\/www.keoutdoordesign.com\/fr-fr\/stores-exterieurs\/store-banne-monobloc\/loggia\/","url":"https:\/\/www.keoutdoordesign.com\/fr-fr\/stores-exterieurs\/store-banne-monobloc\/loggia\/","name":"Store banne pour balcon d'appartement Loggia - KE Outdoor Design","isPartOf":{"@id":"https:\/\/www.keoutdoordesign.com\/it-it\/#website"},"primaryImageOfPage":{"@id":"https:\/\/www.keoutdoordesign.com\/fr-fr\/stores-exterieurs\/store-banne-monobloc\/loggia\/#primaryimage"},"image":{"@id":"https:\/\/www.keoutdoordesign.com\/fr-fr\/stores-exterieurs\/store-banne-monobloc\/loggia\/#primaryimage"},"thumbnailUrl":"https:\/\/www.keoutdoordesign.com\/wp-content\/uploads\/2024\/01\/Store-banne-pour-balcon-appartement-Loggia-KE.jpg","datePublished":"2019-06-07T09:16:57+00:00","dateModified":"2026-04-09T10:25:10+00:00","description":"Store banne id\u00e9al pour les balcons d'appartements et les fa\u00e7ades irr\u00e9guli\u00e8res. Largeur jusqu'\u00e0 5940 mm. Avanc\u00e9e : jusqu'\u00e0 3100 mm.","breadcrumb":{"@id":"https:\/\/www.keoutdoordesign.com\/fr-fr\/stores-exterieurs\/store-banne-monobloc\/loggia\/#breadcrumb"},"inLanguage":"fr-FR","potentialAction":[{"@type":"ReadAction","target":["https:\/\/www.keoutdoordesign.com\/fr-fr\/stores-exterieurs\/store-banne-monobloc\/loggia\/"]}]},{"@type":"ImageObject","inLanguage":"fr-FR","@id":"https:\/\/www.keoutdoordesign.com\/fr-fr\/stores-exterieurs\/store-banne-monobloc\/loggia\/#primaryimage","url":"https:\/\/www.keoutdoordesign.com\/wp-content\/uploads\/2024\/01\/Store-banne-pour-balcon-appartement-Loggia-KE.jpg","contentUrl":"https:\/\/www.keoutdoordesign.com\/wp-content\/uploads\/2024\/01\/Store-banne-pour-balcon-appartement-Loggia-KE.jpg","width":1920,"height":1148,"caption":"Le store banne Loggia est utilis\u00e9 sur les fa\u00e7ades les plus irr\u00e9guli\u00e8res et notamment pour les balcons d'appartements."},{"@type":"BreadcrumbList","@id":"https:\/\/www.keoutdoordesign.com\/fr-fr\/stores-exterieurs\/store-banne-monobloc\/loggia\/#breadcrumb","itemListElement":[{"@type":"ListItem","position":1,"name":"Home","item":"https:\/\/www.keoutdoordesign.com\/fr-fr\/"},{"@type":"ListItem","position":2,"name":"Stores ext\u00e9rieurs sur mesure","item":"https:\/\/www.keoutdoordesign.com\/fr-fr\/stores-exterieurs\/"},{"@type":"ListItem","position":3,"name":"Stores Bannes Monoblocs","item":"https:\/\/www.keoutdoordesign.com\/fr-fr\/stores-exterieurs\/store-banne-monobloc\/"},{"@type":"ListItem","position":4,"name":"Loggia"}]},{"@type":"WebSite","@id":"https:\/\/www.keoutdoordesign.com\/it-it\/#website","url":"https:\/\/www.keoutdoordesign.com\/it-it\/","name":"KE Outdoor Design","description":"Un nuovo sito targato WordPress","publisher":{"@id":"https:\/\/www.keoutdoordesign.com\/it-it\/#organization"},"potentialAction":[{"@type":"SearchAction","target":{"@type":"EntryPoint","urlTemplate":"https:\/\/www.keoutdoordesign.com\/it-it\/?s={search_term_string}"},"query-input":{"@type":"PropertyValueSpecification","valueRequired":true,"valueName":"search_term_string"}}],"inLanguage":"fr-FR"},{"@type":"Organization","@id":"https:\/\/www.keoutdoordesign.com\/it-it\/#organization","name":"KE Outdoor Design","url":"https:\/\/www.keoutdoordesign.com\/it-it\/","logo":{"@type":"ImageObject","inLanguage":"fr-FR","@id":"https:\/\/www.keoutdoordesign.com\/it-it\/#\/schema\/logo\/image\/","url":"https:\/\/www.keoutdoordesign.com\/wp-content\/uploads\/2020\/02\/KE-logo-Primary-e1591282842174.jpg","contentUrl":"https:\/\/www.keoutdoordesign.com\/wp-content\/uploads\/2020\/02\/KE-logo-Primary-e1591282842174.jpg","width":500,"height":396,"caption":"KE Outdoor Design"},"image":{"@id":"https:\/\/www.keoutdoordesign.com\/it-it\/#\/schema\/logo\/image\/"},"sameAs":["https:\/\/www.facebook.com\/keoutdoordesign.us","https:\/\/x.com\/keoutdoordesign","https:\/\/www.facebook.com\/keoutdoordesign","https:\/\/www.youtube.com\/channel\/UCSoMQryJpLqD53bAoZLg2Vg","https:\/\/www.pinterest.it\/keoutdoordesign\/","https:\/\/www.instagram.com\/keoutdoordesign\/","https:\/\/www.linkedin.com\/company\/ke-outdoor-design\/"]}]}},"_links":{"self":[{"href":"https:\/\/www.keoutdoordesign.com\/fr-fr\/wp-json\/wp\/v2\/pages\/4636","targetHints":{"allow":["GET"]}}],"collection":[{"href":"https:\/\/www.keoutdoordesign.com\/fr-fr\/wp-json\/wp\/v2\/pages"}],"about":[{"href":"https:\/\/www.keoutdoordesign.com\/fr-fr\/wp-json\/wp\/v2\/types\/page"}],"author":[{"embeddable":true,"href":"https:\/\/www.keoutdoordesign.com\/fr-fr\/wp-json\/wp\/v2\/users\/10608"}],"replies":[{"embeddable":true,"href":"https:\/\/www.keoutdoordesign.com\/fr-fr\/wp-json\/wp\/v2\/comments?post=4636"}],"version-history":[{"count":30,"href":"https:\/\/www.keoutdoordesign.com\/fr-fr\/wp-json\/wp\/v2\/pages\/4636\/revisions"}],"predecessor-version":[{"id":121311,"href":"https:\/\/www.keoutdoordesign.com\/fr-fr\/wp-json\/wp\/v2\/pages\/4636\/revisions\/121311"}],"up":[{"embeddable":true,"href":"https:\/\/www.keoutdoordesign.com\/fr-fr\/wp-json\/wp\/v2\/pages\/4627"}],"wp:featuredmedia":[{"embeddable":true,"href":"https:\/\/www.keoutdoordesign.com\/fr-fr\/wp-json\/wp\/v2\/media\/65487"}],"wp:attachment":[{"href":"https:\/\/www.keoutdoordesign.com\/fr-fr\/wp-json\/wp\/v2\/media?parent=4636"}],"curies":[{"name":"wp","href":"https:\/\/api.w.org\/{rel}","templated":true}]}}