{"id":4634,"date":"2019-06-07T11:16:56","date_gmt":"2019-06-07T09:16:56","guid":{"rendered":"http:\/\/ke.localhost.it\/stores-exterieurs\/store-banne-monobloc\/generosa\/"},"modified":"2026-04-09T12:10:17","modified_gmt":"2026-04-09T10:10:17","slug":"store-banne-bras-croises-generosa","status":"publish","type":"page","link":"https:\/\/www.keoutdoordesign.com\/fr-fr\/stores-exterieurs\/store-banne-monobloc\/store-banne-bras-croises-generosa\/","title":{"rendered":"Store banne bras crois\u00e9s Generosa"},"content":{"rendered":"<p><strong>En effet Generosa est le store \u00e0 bras crois\u00e9s modulaire par excellence<\/strong><\/p>\n<p>Le seul store \u00e0 bras crois\u00e9s de notre gamme. Ils permettent de r\u00e9gler le store de sorte \u00e0 ce que son avanc\u00e9e soit plus importante que sa largeur. Un r\u00e9el atout pour les terrains atypiques.<\/p>\n<h4><span style=\"text-decoration: underline;\"><strong>Avantages :\u00a0<\/strong><\/span><\/h4>\n<p>Store \u00e0 bras extensibles compact :<\/p>\n<ul>\n<li>Facilit\u00e9 d&rsquo;installation<\/li>\n<li>Efficacit\u00e9 maximale pour la protection<\/li>\n<li>Enroulement de la toile avec syst\u00e8me brevet\u00e9 pour \u00e9viter la formation de plis<\/li>\n<li>Modulaire: possibilit\u00e9 de grandes dimensions en ajoutant des profils suppl\u00e9mentaires<\/li>\n<li>Design innovant<\/li>\n<li>Vaste gamme d&rsquo;options techniques<\/li>\n<\/ul>\n<p><strong>Nouveaut\u00e9 2026<\/strong> : nouvelle option d\u2019\u00e9clairage int\u00e9gr\u00e9 sur les lambrequins, id\u00e9ale pour sublimer les enseignes commerciales et renforcer leur visibilit\u00e9, de jour comme de nuit.<\/p>\n<p>Dans la gamme des stores monobloc celle-ci et la <a href=\"\/?page_id=4637\">Moderna<\/a> sont celles qui offrent les plus grandes dimensions<\/p>\n<p>&nbsp;<\/p>\n","protected":false},"excerpt":{"rendered":"<p>En effet Generosa est le store \u00e0 bras crois\u00e9s modulaire par excellence Le seul store \u00e0 bras crois\u00e9s de notre&hellip;<\/p>\n","protected":false},"author":10608,"featured_media":65453,"parent":4627,"menu_order":0,"comment_status":"closed","ping_status":"closed","template":"page-templates\/product.php","meta":{"_acf_changed":false,"footnotes":""},"class_list":["post-4634","page","type-page","status-publish","has-post-thumbnail","hentry"],"acf":[],"yoast_head":"<!-- This site is optimized with the Yoast SEO Premium plugin v20.12 (Yoast SEO v27.3) - https:\/\/yoast.com\/product\/yoast-seo-premium-wordpress\/ -->\n<title>Store banne bras crois\u00e9s Generosa - KE Outdoor Design<\/title>\n<meta name=\"description\" content=\"Store banne avec bras crois\u00e9s modulaires. Store banne grande taille : 11.7mx4m. Multitude d\u2019options et de coloris.\" \/>\n<meta name=\"robots\" content=\"index, follow, max-snippet:-1, max-image-preview:large, max-video-preview:-1\" \/>\n<link rel=\"canonical\" href=\"https:\/\/www.keoutdoordesign.com\/fr-fr\/stores-exterieurs\/store-banne-monobloc\/store-banne-bras-croises-generosa\/\" \/>\n<meta property=\"og:locale\" content=\"fr_FR\" \/>\n<meta property=\"og:type\" content=\"article\" \/>\n<meta property=\"og:title\" content=\"Store banne bras crois\u00e9s Generosa\" \/>\n<meta property=\"og:description\" content=\"Store banne avec bras crois\u00e9s modulaires. Store banne grande taille : 11.7mx4m. Multitude d\u2019options et de coloris.\" \/>\n<meta property=\"og:url\" content=\"https:\/\/www.keoutdoordesign.com\/fr-fr\/stores-exterieurs\/store-banne-monobloc\/store-banne-bras-croises-generosa\/\" \/>\n<meta property=\"og:site_name\" content=\"KE Outdoor Design\" \/>\n<meta property=\"article:publisher\" content=\"https:\/\/www.facebook.com\/keoutdoordesign.us\" \/>\n<meta property=\"article:modified_time\" content=\"2026-04-09T10:10:17+00:00\" \/>\n<meta property=\"og:image\" content=\"https:\/\/www.keoutdoordesign.com\/wp-content\/uploads\/2024\/01\/Store-banne-bras-croises-Generosa-KE.jpg\" \/>\n\t<meta property=\"og:image:width\" content=\"1575\" \/>\n\t<meta property=\"og:image:height\" content=\"1790\" \/>\n\t<meta property=\"og:image:type\" content=\"image\/jpeg\" \/>\n<meta name=\"twitter:card\" content=\"summary_large_image\" \/>\n<meta name=\"twitter:site\" content=\"@keoutdoordesign\" \/>\n<script type=\"application\/ld+json\" class=\"yoast-schema-graph\">{\"@context\":\"https:\\\/\\\/schema.org\",\"@graph\":[{\"@type\":\"WebPage\",\"@id\":\"https:\\\/\\\/www.keoutdoordesign.com\\\/fr-fr\\\/stores-exterieurs\\\/store-banne-monobloc\\\/store-banne-bras-croises-generosa\\\/\",\"url\":\"https:\\\/\\\/www.keoutdoordesign.com\\\/fr-fr\\\/stores-exterieurs\\\/store-banne-monobloc\\\/store-banne-bras-croises-generosa\\\/\",\"name\":\"Store banne bras crois\u00e9s Generosa - KE Outdoor Design\",\"isPartOf\":{\"@id\":\"https:\\\/\\\/www.keoutdoordesign.com\\\/it-it\\\/#website\"},\"primaryImageOfPage\":{\"@id\":\"https:\\\/\\\/www.keoutdoordesign.com\\\/fr-fr\\\/stores-exterieurs\\\/store-banne-monobloc\\\/store-banne-bras-croises-generosa\\\/#primaryimage\"},\"image\":{\"@id\":\"https:\\\/\\\/www.keoutdoordesign.com\\\/fr-fr\\\/stores-exterieurs\\\/store-banne-monobloc\\\/store-banne-bras-croises-generosa\\\/#primaryimage\"},\"thumbnailUrl\":\"https:\\\/\\\/www.keoutdoordesign.com\\\/wp-content\\\/uploads\\\/2024\\\/01\\\/Store-banne-bras-croises-Generosa-KE.jpg\",\"datePublished\":\"2019-06-07T09:16:56+00:00\",\"dateModified\":\"2026-04-09T10:10:17+00:00\",\"description\":\"Store banne avec bras crois\u00e9s modulaires. Store banne grande taille : 11.7mx4m. Multitude d\u2019options et de coloris.\",\"breadcrumb\":{\"@id\":\"https:\\\/\\\/www.keoutdoordesign.com\\\/fr-fr\\\/stores-exterieurs\\\/store-banne-monobloc\\\/store-banne-bras-croises-generosa\\\/#breadcrumb\"},\"inLanguage\":\"fr-FR\",\"potentialAction\":[{\"@type\":\"ReadAction\",\"target\":[\"https:\\\/\\\/www.keoutdoordesign.com\\\/fr-fr\\\/stores-exterieurs\\\/store-banne-monobloc\\\/store-banne-bras-croises-generosa\\\/\"]}]},{\"@type\":\"ImageObject\",\"inLanguage\":\"fr-FR\",\"@id\":\"https:\\\/\\\/www.keoutdoordesign.com\\\/fr-fr\\\/stores-exterieurs\\\/store-banne-monobloc\\\/store-banne-bras-croises-generosa\\\/#primaryimage\",\"url\":\"https:\\\/\\\/www.keoutdoordesign.com\\\/wp-content\\\/uploads\\\/2024\\\/01\\\/Store-banne-bras-croises-Generosa-KE.jpg\",\"contentUrl\":\"https:\\\/\\\/www.keoutdoordesign.com\\\/wp-content\\\/uploads\\\/2024\\\/01\\\/Store-banne-bras-croises-Generosa-KE.jpg\",\"width\":1575,\"height\":1790,\"caption\":\"Un store banne monobloc \u00e0 bras crois\u00e9s modulaires et sur-mesure.\"},{\"@type\":\"BreadcrumbList\",\"@id\":\"https:\\\/\\\/www.keoutdoordesign.com\\\/fr-fr\\\/stores-exterieurs\\\/store-banne-monobloc\\\/store-banne-bras-croises-generosa\\\/#breadcrumb\",\"itemListElement\":[{\"@type\":\"ListItem\",\"position\":1,\"name\":\"Home\",\"item\":\"https:\\\/\\\/www.keoutdoordesign.com\\\/fr-fr\\\/\"},{\"@type\":\"ListItem\",\"position\":2,\"name\":\"Stores ext\u00e9rieurs sur mesure\",\"item\":\"https:\\\/\\\/www.keoutdoordesign.com\\\/fr-fr\\\/stores-exterieurs\\\/\"},{\"@type\":\"ListItem\",\"position\":3,\"name\":\"Stores Bannes Monoblocs\",\"item\":\"https:\\\/\\\/www.keoutdoordesign.com\\\/fr-fr\\\/stores-exterieurs\\\/store-banne-monobloc\\\/\"},{\"@type\":\"ListItem\",\"position\":4,\"name\":\"Store banne bras crois\u00e9s Generosa\"}]},{\"@type\":\"WebSite\",\"@id\":\"https:\\\/\\\/www.keoutdoordesign.com\\\/it-it\\\/#website\",\"url\":\"https:\\\/\\\/www.keoutdoordesign.com\\\/it-it\\\/\",\"name\":\"KE Outdoor Design\",\"description\":\"Un nuovo sito targato WordPress\",\"publisher\":{\"@id\":\"https:\\\/\\\/www.keoutdoordesign.com\\\/it-it\\\/#organization\"},\"potentialAction\":[{\"@type\":\"SearchAction\",\"target\":{\"@type\":\"EntryPoint\",\"urlTemplate\":\"https:\\\/\\\/www.keoutdoordesign.com\\\/it-it\\\/?s={search_term_string}\"},\"query-input\":{\"@type\":\"PropertyValueSpecification\",\"valueRequired\":true,\"valueName\":\"search_term_string\"}}],\"inLanguage\":\"fr-FR\"},{\"@type\":\"Organization\",\"@id\":\"https:\\\/\\\/www.keoutdoordesign.com\\\/it-it\\\/#organization\",\"name\":\"KE Outdoor Design\",\"url\":\"https:\\\/\\\/www.keoutdoordesign.com\\\/it-it\\\/\",\"logo\":{\"@type\":\"ImageObject\",\"inLanguage\":\"fr-FR\",\"@id\":\"https:\\\/\\\/www.keoutdoordesign.com\\\/it-it\\\/#\\\/schema\\\/logo\\\/image\\\/\",\"url\":\"https:\\\/\\\/www.keoutdoordesign.com\\\/wp-content\\\/uploads\\\/2020\\\/02\\\/KE-logo-Primary-e1591282842174.jpg\",\"contentUrl\":\"https:\\\/\\\/www.keoutdoordesign.com\\\/wp-content\\\/uploads\\\/2020\\\/02\\\/KE-logo-Primary-e1591282842174.jpg\",\"width\":500,\"height\":396,\"caption\":\"KE Outdoor Design\"},\"image\":{\"@id\":\"https:\\\/\\\/www.keoutdoordesign.com\\\/it-it\\\/#\\\/schema\\\/logo\\\/image\\\/\"},\"sameAs\":[\"https:\\\/\\\/www.facebook.com\\\/keoutdoordesign.us\",\"https:\\\/\\\/x.com\\\/keoutdoordesign\",\"https:\\\/\\\/www.facebook.com\\\/keoutdoordesign\",\"https:\\\/\\\/www.youtube.com\\\/channel\\\/UCSoMQryJpLqD53bAoZLg2Vg\",\"https:\\\/\\\/www.pinterest.it\\\/keoutdoordesign\\\/\",\"https:\\\/\\\/www.instagram.com\\\/keoutdoordesign\\\/\",\"https:\\\/\\\/www.linkedin.com\\\/company\\\/ke-outdoor-design\\\/\"]}]}<\/script>\n<!-- \/ Yoast SEO Premium plugin. -->","yoast_head_json":{"title":"Store banne bras crois\u00e9s Generosa - KE Outdoor Design","description":"Store banne avec bras crois\u00e9s modulaires. Store banne grande taille : 11.7mx4m. Multitude d\u2019options et de coloris.","robots":{"index":"index","follow":"follow","max-snippet":"max-snippet:-1","max-image-preview":"max-image-preview:large","max-video-preview":"max-video-preview:-1"},"canonical":"https:\/\/www.keoutdoordesign.com\/fr-fr\/stores-exterieurs\/store-banne-monobloc\/store-banne-bras-croises-generosa\/","og_locale":"fr_FR","og_type":"article","og_title":"Store banne bras crois\u00e9s Generosa","og_description":"Store banne avec bras crois\u00e9s modulaires. Store banne grande taille : 11.7mx4m. Multitude d\u2019options et de coloris.","og_url":"https:\/\/www.keoutdoordesign.com\/fr-fr\/stores-exterieurs\/store-banne-monobloc\/store-banne-bras-croises-generosa\/","og_site_name":"KE Outdoor Design","article_publisher":"https:\/\/www.facebook.com\/keoutdoordesign.us","article_modified_time":"2026-04-09T10:10:17+00:00","og_image":[{"width":1575,"height":1790,"url":"https:\/\/www.keoutdoordesign.com\/wp-content\/uploads\/2024\/01\/Store-banne-bras-croises-Generosa-KE.jpg","type":"image\/jpeg"}],"twitter_card":"summary_large_image","twitter_site":"@keoutdoordesign","schema":{"@context":"https:\/\/schema.org","@graph":[{"@type":"WebPage","@id":"https:\/\/www.keoutdoordesign.com\/fr-fr\/stores-exterieurs\/store-banne-monobloc\/store-banne-bras-croises-generosa\/","url":"https:\/\/www.keoutdoordesign.com\/fr-fr\/stores-exterieurs\/store-banne-monobloc\/store-banne-bras-croises-generosa\/","name":"Store banne bras crois\u00e9s Generosa - KE Outdoor Design","isPartOf":{"@id":"https:\/\/www.keoutdoordesign.com\/it-it\/#website"},"primaryImageOfPage":{"@id":"https:\/\/www.keoutdoordesign.com\/fr-fr\/stores-exterieurs\/store-banne-monobloc\/store-banne-bras-croises-generosa\/#primaryimage"},"image":{"@id":"https:\/\/www.keoutdoordesign.com\/fr-fr\/stores-exterieurs\/store-banne-monobloc\/store-banne-bras-croises-generosa\/#primaryimage"},"thumbnailUrl":"https:\/\/www.keoutdoordesign.com\/wp-content\/uploads\/2024\/01\/Store-banne-bras-croises-Generosa-KE.jpg","datePublished":"2019-06-07T09:16:56+00:00","dateModified":"2026-04-09T10:10:17+00:00","description":"Store banne avec bras crois\u00e9s modulaires. Store banne grande taille : 11.7mx4m. Multitude d\u2019options et de coloris.","breadcrumb":{"@id":"https:\/\/www.keoutdoordesign.com\/fr-fr\/stores-exterieurs\/store-banne-monobloc\/store-banne-bras-croises-generosa\/#breadcrumb"},"inLanguage":"fr-FR","potentialAction":[{"@type":"ReadAction","target":["https:\/\/www.keoutdoordesign.com\/fr-fr\/stores-exterieurs\/store-banne-monobloc\/store-banne-bras-croises-generosa\/"]}]},{"@type":"ImageObject","inLanguage":"fr-FR","@id":"https:\/\/www.keoutdoordesign.com\/fr-fr\/stores-exterieurs\/store-banne-monobloc\/store-banne-bras-croises-generosa\/#primaryimage","url":"https:\/\/www.keoutdoordesign.com\/wp-content\/uploads\/2024\/01\/Store-banne-bras-croises-Generosa-KE.jpg","contentUrl":"https:\/\/www.keoutdoordesign.com\/wp-content\/uploads\/2024\/01\/Store-banne-bras-croises-Generosa-KE.jpg","width":1575,"height":1790,"caption":"Un store banne monobloc \u00e0 bras crois\u00e9s modulaires et sur-mesure."},{"@type":"BreadcrumbList","@id":"https:\/\/www.keoutdoordesign.com\/fr-fr\/stores-exterieurs\/store-banne-monobloc\/store-banne-bras-croises-generosa\/#breadcrumb","itemListElement":[{"@type":"ListItem","position":1,"name":"Home","item":"https:\/\/www.keoutdoordesign.com\/fr-fr\/"},{"@type":"ListItem","position":2,"name":"Stores ext\u00e9rieurs sur mesure","item":"https:\/\/www.keoutdoordesign.com\/fr-fr\/stores-exterieurs\/"},{"@type":"ListItem","position":3,"name":"Stores Bannes Monoblocs","item":"https:\/\/www.keoutdoordesign.com\/fr-fr\/stores-exterieurs\/store-banne-monobloc\/"},{"@type":"ListItem","position":4,"name":"Store banne bras crois\u00e9s Generosa"}]},{"@type":"WebSite","@id":"https:\/\/www.keoutdoordesign.com\/it-it\/#website","url":"https:\/\/www.keoutdoordesign.com\/it-it\/","name":"KE Outdoor Design","description":"Un nuovo sito targato WordPress","publisher":{"@id":"https:\/\/www.keoutdoordesign.com\/it-it\/#organization"},"potentialAction":[{"@type":"SearchAction","target":{"@type":"EntryPoint","urlTemplate":"https:\/\/www.keoutdoordesign.com\/it-it\/?s={search_term_string}"},"query-input":{"@type":"PropertyValueSpecification","valueRequired":true,"valueName":"search_term_string"}}],"inLanguage":"fr-FR"},{"@type":"Organization","@id":"https:\/\/www.keoutdoordesign.com\/it-it\/#organization","name":"KE Outdoor Design","url":"https:\/\/www.keoutdoordesign.com\/it-it\/","logo":{"@type":"ImageObject","inLanguage":"fr-FR","@id":"https:\/\/www.keoutdoordesign.com\/it-it\/#\/schema\/logo\/image\/","url":"https:\/\/www.keoutdoordesign.com\/wp-content\/uploads\/2020\/02\/KE-logo-Primary-e1591282842174.jpg","contentUrl":"https:\/\/www.keoutdoordesign.com\/wp-content\/uploads\/2020\/02\/KE-logo-Primary-e1591282842174.jpg","width":500,"height":396,"caption":"KE Outdoor Design"},"image":{"@id":"https:\/\/www.keoutdoordesign.com\/it-it\/#\/schema\/logo\/image\/"},"sameAs":["https:\/\/www.facebook.com\/keoutdoordesign.us","https:\/\/x.com\/keoutdoordesign","https:\/\/www.facebook.com\/keoutdoordesign","https:\/\/www.youtube.com\/channel\/UCSoMQryJpLqD53bAoZLg2Vg","https:\/\/www.pinterest.it\/keoutdoordesign\/","https:\/\/www.instagram.com\/keoutdoordesign\/","https:\/\/www.linkedin.com\/company\/ke-outdoor-design\/"]}]}},"_links":{"self":[{"href":"https:\/\/www.keoutdoordesign.com\/fr-fr\/wp-json\/wp\/v2\/pages\/4634","targetHints":{"allow":["GET"]}}],"collection":[{"href":"https:\/\/www.keoutdoordesign.com\/fr-fr\/wp-json\/wp\/v2\/pages"}],"about":[{"href":"https:\/\/www.keoutdoordesign.com\/fr-fr\/wp-json\/wp\/v2\/types\/page"}],"author":[{"embeddable":true,"href":"https:\/\/www.keoutdoordesign.com\/fr-fr\/wp-json\/wp\/v2\/users\/10608"}],"replies":[{"embeddable":true,"href":"https:\/\/www.keoutdoordesign.com\/fr-fr\/wp-json\/wp\/v2\/comments?post=4634"}],"version-history":[{"count":35,"href":"https:\/\/www.keoutdoordesign.com\/fr-fr\/wp-json\/wp\/v2\/pages\/4634\/revisions"}],"predecessor-version":[{"id":121307,"href":"https:\/\/www.keoutdoordesign.com\/fr-fr\/wp-json\/wp\/v2\/pages\/4634\/revisions\/121307"}],"up":[{"embeddable":true,"href":"https:\/\/www.keoutdoordesign.com\/fr-fr\/wp-json\/wp\/v2\/pages\/4627"}],"wp:featuredmedia":[{"embeddable":true,"href":"https:\/\/www.keoutdoordesign.com\/fr-fr\/wp-json\/wp\/v2\/media\/65453"}],"wp:attachment":[{"href":"https:\/\/www.keoutdoordesign.com\/fr-fr\/wp-json\/wp\/v2\/media?parent=4634"}],"curies":[{"name":"wp","href":"https:\/\/api.w.org\/{rel}","templated":true}]}}