{"id":4622,"date":"2019-06-07T11:13:44","date_gmt":"2019-06-07T09:13:44","guid":{"rendered":"http:\/\/ke.localhost.it\/stores-exterieurs\/store-coffre\/armony-plus\/"},"modified":"2026-04-09T11:13:31","modified_gmt":"2026-04-09T09:13:31","slug":"store-banne-avec-lambrequin-armony-plus","status":"publish","type":"page","link":"https:\/\/www.keoutdoordesign.com\/fr-fr\/stores-exterieurs\/store-coffre\/store-banne-avec-lambrequin-armony-plus\/","title":{"rendered":"Store banne avec lambrequin Armony Plus"},"content":{"rendered":"<p>Il s&rsquo;agit du <strong>store banne coffre avec lambrequin<\/strong> indispensable pour vos espaces ext\u00e9rieurs pr\u00e9sentant un vis-\u00e0-vis.<\/p>\n<p>Un store haut de gamme avec coffre simple, moderne et efficace.<\/p>\n<p>L\u2019Armony plus se d\u00e9cline jusqu\u2019\u00e0 7 000 mm de large et 3 600 mm d\u2019avanc\u00e9e d\u2019un seul tenant. Pouvant \u00eatre \u00e9quip\u00e9 d\u2019un lambrequin d\u00e9roulable, l\u2019Armony Plus prot\u00e8ge du soleil et des regards indiscrets.<\/p>\n<h4><span style=\"text-decoration: underline;\"><strong>Avantages :\u00a0<\/strong><\/span><\/h4>\n<p>Store \u00e0 bras extensibles :<\/p>\n<ul>\n<li>Design et style unis<\/li>\n<li>Fonctionnel et moderne<\/li>\n<li>Aucune infiltration d&rsquo;eau et d&rsquo;impuret\u00e9<\/li>\n<li>Possibilit\u00e9 de mettre un lambrequin d\u00e9roulable<\/li>\n<\/ul>\n<p><strong>Nouveaut\u00e9 2026<\/strong> : nouvelle option d\u2019\u00e9clairage int\u00e9gr\u00e9 sur les lambrequins, id\u00e9ale pour sublimer les enseignes commerciales et renforcer leur visibilit\u00e9, de jour comme de nuit.<\/p>\n<p>Si vous souhaitez une protection solaire pour couvrir votre terrasse, inspirez vous de nos suggestions en cliquant <a href=\"\/?page_id=5637\">ici<\/a>.<\/p>\n","protected":false},"excerpt":{"rendered":"<p>Il s&rsquo;agit du store banne coffre avec lambrequin indispensable pour vos espaces ext\u00e9rieurs pr\u00e9sentant un vis-\u00e0-vis. Un store haut de&hellip;<\/p>\n","protected":false},"author":10608,"featured_media":65352,"parent":4608,"menu_order":0,"comment_status":"closed","ping_status":"closed","template":"page-templates\/product.php","meta":{"_acf_changed":false,"footnotes":""},"class_list":["post-4622","page","type-page","status-publish","has-post-thumbnail","hentry"],"acf":[],"yoast_head":"<!-- This site is optimized with the Yoast SEO Premium plugin v20.12 (Yoast SEO v27.3) - https:\/\/yoast.com\/product\/yoast-seo-premium-wordpress\/ -->\n<title>Store banne avec lambrequin Armony Plus - KE Outdoor Design<\/title>\n<meta name=\"description\" content=\"Store banne coffre avec lambrequin d\u00e9roulable pouvant aller jusqu\u2019\u00e0 700cm de large et 410cm d\u2019avanc\u00e9e. Un store garantie 7 ans.\" \/>\n<meta name=\"robots\" content=\"index, follow, max-snippet:-1, max-image-preview:large, max-video-preview:-1\" \/>\n<link rel=\"canonical\" href=\"https:\/\/www.keoutdoordesign.com\/fr-fr\/stores-exterieurs\/store-coffre\/store-banne-avec-lambrequin-armony-plus\/\" \/>\n<meta property=\"og:locale\" content=\"fr_FR\" \/>\n<meta property=\"og:type\" content=\"article\" \/>\n<meta property=\"og:title\" content=\"Store banne avec lambrequin Armony Plus\" \/>\n<meta property=\"og:description\" content=\"Store banne coffre avec lambrequin d\u00e9roulable pouvant aller jusqu\u2019\u00e0 700cm de large et 410cm d\u2019avanc\u00e9e. Un store garantie 7 ans.\" \/>\n<meta property=\"og:url\" content=\"https:\/\/www.keoutdoordesign.com\/fr-fr\/stores-exterieurs\/store-coffre\/store-banne-avec-lambrequin-armony-plus\/\" \/>\n<meta property=\"og:site_name\" content=\"KE Outdoor Design\" \/>\n<meta property=\"article:publisher\" content=\"https:\/\/www.facebook.com\/keoutdoordesign.us\" \/>\n<meta property=\"article:modified_time\" content=\"2026-04-09T09:13:31+00:00\" \/>\n<meta property=\"og:image\" content=\"https:\/\/www.keoutdoordesign.com\/wp-content\/uploads\/2024\/01\/Store-banne-avec-lambrequin-Armony-Plus-KE.jpg\" \/>\n\t<meta property=\"og:image:width\" content=\"1920\" \/>\n\t<meta property=\"og:image:height\" content=\"1280\" \/>\n\t<meta property=\"og:image:type\" content=\"image\/jpeg\" \/>\n<meta name=\"twitter:card\" content=\"summary_large_image\" \/>\n<meta name=\"twitter:site\" content=\"@keoutdoordesign\" \/>\n<script type=\"application\/ld+json\" class=\"yoast-schema-graph\">{\"@context\":\"https:\\\/\\\/schema.org\",\"@graph\":[{\"@type\":\"WebPage\",\"@id\":\"https:\\\/\\\/www.keoutdoordesign.com\\\/fr-fr\\\/stores-exterieurs\\\/store-coffre\\\/store-banne-avec-lambrequin-armony-plus\\\/\",\"url\":\"https:\\\/\\\/www.keoutdoordesign.com\\\/fr-fr\\\/stores-exterieurs\\\/store-coffre\\\/store-banne-avec-lambrequin-armony-plus\\\/\",\"name\":\"Store banne avec lambrequin Armony Plus - KE Outdoor Design\",\"isPartOf\":{\"@id\":\"https:\\\/\\\/www.keoutdoordesign.com\\\/it-it\\\/#website\"},\"primaryImageOfPage\":{\"@id\":\"https:\\\/\\\/www.keoutdoordesign.com\\\/fr-fr\\\/stores-exterieurs\\\/store-coffre\\\/store-banne-avec-lambrequin-armony-plus\\\/#primaryimage\"},\"image\":{\"@id\":\"https:\\\/\\\/www.keoutdoordesign.com\\\/fr-fr\\\/stores-exterieurs\\\/store-coffre\\\/store-banne-avec-lambrequin-armony-plus\\\/#primaryimage\"},\"thumbnailUrl\":\"https:\\\/\\\/www.keoutdoordesign.com\\\/wp-content\\\/uploads\\\/2024\\\/01\\\/Store-banne-avec-lambrequin-Armony-Plus-KE.jpg\",\"datePublished\":\"2019-06-07T09:13:44+00:00\",\"dateModified\":\"2026-04-09T09:13:31+00:00\",\"description\":\"Store banne coffre avec lambrequin d\u00e9roulable pouvant aller jusqu\u2019\u00e0 700cm de large et 410cm d\u2019avanc\u00e9e. Un store garantie 7 ans.\",\"breadcrumb\":{\"@id\":\"https:\\\/\\\/www.keoutdoordesign.com\\\/fr-fr\\\/stores-exterieurs\\\/store-coffre\\\/store-banne-avec-lambrequin-armony-plus\\\/#breadcrumb\"},\"inLanguage\":\"fr-FR\",\"potentialAction\":[{\"@type\":\"ReadAction\",\"target\":[\"https:\\\/\\\/www.keoutdoordesign.com\\\/fr-fr\\\/stores-exterieurs\\\/store-coffre\\\/store-banne-avec-lambrequin-armony-plus\\\/\"]}]},{\"@type\":\"ImageObject\",\"inLanguage\":\"fr-FR\",\"@id\":\"https:\\\/\\\/www.keoutdoordesign.com\\\/fr-fr\\\/stores-exterieurs\\\/store-coffre\\\/store-banne-avec-lambrequin-armony-plus\\\/#primaryimage\",\"url\":\"https:\\\/\\\/www.keoutdoordesign.com\\\/wp-content\\\/uploads\\\/2024\\\/01\\\/Store-banne-avec-lambrequin-Armony-Plus-KE.jpg\",\"contentUrl\":\"https:\\\/\\\/www.keoutdoordesign.com\\\/wp-content\\\/uploads\\\/2024\\\/01\\\/Store-banne-avec-lambrequin-Armony-Plus-KE.jpg\",\"width\":1920,\"height\":1280,\"caption\":\"Store banne avec coffre manuel. Multiples options possibles et mise de lambrequin d\u00e9roulable.\"},{\"@type\":\"BreadcrumbList\",\"@id\":\"https:\\\/\\\/www.keoutdoordesign.com\\\/fr-fr\\\/stores-exterieurs\\\/store-coffre\\\/store-banne-avec-lambrequin-armony-plus\\\/#breadcrumb\",\"itemListElement\":[{\"@type\":\"ListItem\",\"position\":1,\"name\":\"Home\",\"item\":\"https:\\\/\\\/www.keoutdoordesign.com\\\/fr-fr\\\/\"},{\"@type\":\"ListItem\",\"position\":2,\"name\":\"Stores ext\u00e9rieurs sur mesure\",\"item\":\"https:\\\/\\\/www.keoutdoordesign.com\\\/fr-fr\\\/stores-exterieurs\\\/\"},{\"@type\":\"ListItem\",\"position\":3,\"name\":\"Stores coffre\",\"item\":\"https:\\\/\\\/www.keoutdoordesign.com\\\/fr-fr\\\/stores-exterieurs\\\/store-coffre\\\/\"},{\"@type\":\"ListItem\",\"position\":4,\"name\":\"Store banne avec lambrequin Armony Plus\"}]},{\"@type\":\"WebSite\",\"@id\":\"https:\\\/\\\/www.keoutdoordesign.com\\\/it-it\\\/#website\",\"url\":\"https:\\\/\\\/www.keoutdoordesign.com\\\/it-it\\\/\",\"name\":\"KE Outdoor Design\",\"description\":\"Un nuovo sito targato WordPress\",\"publisher\":{\"@id\":\"https:\\\/\\\/www.keoutdoordesign.com\\\/it-it\\\/#organization\"},\"potentialAction\":[{\"@type\":\"SearchAction\",\"target\":{\"@type\":\"EntryPoint\",\"urlTemplate\":\"https:\\\/\\\/www.keoutdoordesign.com\\\/it-it\\\/?s={search_term_string}\"},\"query-input\":{\"@type\":\"PropertyValueSpecification\",\"valueRequired\":true,\"valueName\":\"search_term_string\"}}],\"inLanguage\":\"fr-FR\"},{\"@type\":\"Organization\",\"@id\":\"https:\\\/\\\/www.keoutdoordesign.com\\\/it-it\\\/#organization\",\"name\":\"KE Outdoor Design\",\"url\":\"https:\\\/\\\/www.keoutdoordesign.com\\\/it-it\\\/\",\"logo\":{\"@type\":\"ImageObject\",\"inLanguage\":\"fr-FR\",\"@id\":\"https:\\\/\\\/www.keoutdoordesign.com\\\/it-it\\\/#\\\/schema\\\/logo\\\/image\\\/\",\"url\":\"https:\\\/\\\/www.keoutdoordesign.com\\\/wp-content\\\/uploads\\\/2020\\\/02\\\/KE-logo-Primary-e1591282842174.jpg\",\"contentUrl\":\"https:\\\/\\\/www.keoutdoordesign.com\\\/wp-content\\\/uploads\\\/2020\\\/02\\\/KE-logo-Primary-e1591282842174.jpg\",\"width\":500,\"height\":396,\"caption\":\"KE Outdoor Design\"},\"image\":{\"@id\":\"https:\\\/\\\/www.keoutdoordesign.com\\\/it-it\\\/#\\\/schema\\\/logo\\\/image\\\/\"},\"sameAs\":[\"https:\\\/\\\/www.facebook.com\\\/keoutdoordesign.us\",\"https:\\\/\\\/x.com\\\/keoutdoordesign\",\"https:\\\/\\\/www.facebook.com\\\/keoutdoordesign\",\"https:\\\/\\\/www.youtube.com\\\/channel\\\/UCSoMQryJpLqD53bAoZLg2Vg\",\"https:\\\/\\\/www.pinterest.it\\\/keoutdoordesign\\\/\",\"https:\\\/\\\/www.instagram.com\\\/keoutdoordesign\\\/\",\"https:\\\/\\\/www.linkedin.com\\\/company\\\/ke-outdoor-design\\\/\"]}]}<\/script>\n<!-- \/ Yoast SEO Premium plugin. -->","yoast_head_json":{"title":"Store banne avec lambrequin Armony Plus - KE Outdoor Design","description":"Store banne coffre avec lambrequin d\u00e9roulable pouvant aller jusqu\u2019\u00e0 700cm de large et 410cm d\u2019avanc\u00e9e. Un store garantie 7 ans.","robots":{"index":"index","follow":"follow","max-snippet":"max-snippet:-1","max-image-preview":"max-image-preview:large","max-video-preview":"max-video-preview:-1"},"canonical":"https:\/\/www.keoutdoordesign.com\/fr-fr\/stores-exterieurs\/store-coffre\/store-banne-avec-lambrequin-armony-plus\/","og_locale":"fr_FR","og_type":"article","og_title":"Store banne avec lambrequin Armony Plus","og_description":"Store banne coffre avec lambrequin d\u00e9roulable pouvant aller jusqu\u2019\u00e0 700cm de large et 410cm d\u2019avanc\u00e9e. Un store garantie 7 ans.","og_url":"https:\/\/www.keoutdoordesign.com\/fr-fr\/stores-exterieurs\/store-coffre\/store-banne-avec-lambrequin-armony-plus\/","og_site_name":"KE Outdoor Design","article_publisher":"https:\/\/www.facebook.com\/keoutdoordesign.us","article_modified_time":"2026-04-09T09:13:31+00:00","og_image":[{"width":1920,"height":1280,"url":"https:\/\/www.keoutdoordesign.com\/wp-content\/uploads\/2024\/01\/Store-banne-avec-lambrequin-Armony-Plus-KE.jpg","type":"image\/jpeg"}],"twitter_card":"summary_large_image","twitter_site":"@keoutdoordesign","schema":{"@context":"https:\/\/schema.org","@graph":[{"@type":"WebPage","@id":"https:\/\/www.keoutdoordesign.com\/fr-fr\/stores-exterieurs\/store-coffre\/store-banne-avec-lambrequin-armony-plus\/","url":"https:\/\/www.keoutdoordesign.com\/fr-fr\/stores-exterieurs\/store-coffre\/store-banne-avec-lambrequin-armony-plus\/","name":"Store banne avec lambrequin Armony Plus - KE Outdoor Design","isPartOf":{"@id":"https:\/\/www.keoutdoordesign.com\/it-it\/#website"},"primaryImageOfPage":{"@id":"https:\/\/www.keoutdoordesign.com\/fr-fr\/stores-exterieurs\/store-coffre\/store-banne-avec-lambrequin-armony-plus\/#primaryimage"},"image":{"@id":"https:\/\/www.keoutdoordesign.com\/fr-fr\/stores-exterieurs\/store-coffre\/store-banne-avec-lambrequin-armony-plus\/#primaryimage"},"thumbnailUrl":"https:\/\/www.keoutdoordesign.com\/wp-content\/uploads\/2024\/01\/Store-banne-avec-lambrequin-Armony-Plus-KE.jpg","datePublished":"2019-06-07T09:13:44+00:00","dateModified":"2026-04-09T09:13:31+00:00","description":"Store banne coffre avec lambrequin d\u00e9roulable pouvant aller jusqu\u2019\u00e0 700cm de large et 410cm d\u2019avanc\u00e9e. Un store garantie 7 ans.","breadcrumb":{"@id":"https:\/\/www.keoutdoordesign.com\/fr-fr\/stores-exterieurs\/store-coffre\/store-banne-avec-lambrequin-armony-plus\/#breadcrumb"},"inLanguage":"fr-FR","potentialAction":[{"@type":"ReadAction","target":["https:\/\/www.keoutdoordesign.com\/fr-fr\/stores-exterieurs\/store-coffre\/store-banne-avec-lambrequin-armony-plus\/"]}]},{"@type":"ImageObject","inLanguage":"fr-FR","@id":"https:\/\/www.keoutdoordesign.com\/fr-fr\/stores-exterieurs\/store-coffre\/store-banne-avec-lambrequin-armony-plus\/#primaryimage","url":"https:\/\/www.keoutdoordesign.com\/wp-content\/uploads\/2024\/01\/Store-banne-avec-lambrequin-Armony-Plus-KE.jpg","contentUrl":"https:\/\/www.keoutdoordesign.com\/wp-content\/uploads\/2024\/01\/Store-banne-avec-lambrequin-Armony-Plus-KE.jpg","width":1920,"height":1280,"caption":"Store banne avec coffre manuel. Multiples options possibles et mise de lambrequin d\u00e9roulable."},{"@type":"BreadcrumbList","@id":"https:\/\/www.keoutdoordesign.com\/fr-fr\/stores-exterieurs\/store-coffre\/store-banne-avec-lambrequin-armony-plus\/#breadcrumb","itemListElement":[{"@type":"ListItem","position":1,"name":"Home","item":"https:\/\/www.keoutdoordesign.com\/fr-fr\/"},{"@type":"ListItem","position":2,"name":"Stores ext\u00e9rieurs sur mesure","item":"https:\/\/www.keoutdoordesign.com\/fr-fr\/stores-exterieurs\/"},{"@type":"ListItem","position":3,"name":"Stores coffre","item":"https:\/\/www.keoutdoordesign.com\/fr-fr\/stores-exterieurs\/store-coffre\/"},{"@type":"ListItem","position":4,"name":"Store banne avec lambrequin Armony Plus"}]},{"@type":"WebSite","@id":"https:\/\/www.keoutdoordesign.com\/it-it\/#website","url":"https:\/\/www.keoutdoordesign.com\/it-it\/","name":"KE Outdoor Design","description":"Un nuovo sito targato WordPress","publisher":{"@id":"https:\/\/www.keoutdoordesign.com\/it-it\/#organization"},"potentialAction":[{"@type":"SearchAction","target":{"@type":"EntryPoint","urlTemplate":"https:\/\/www.keoutdoordesign.com\/it-it\/?s={search_term_string}"},"query-input":{"@type":"PropertyValueSpecification","valueRequired":true,"valueName":"search_term_string"}}],"inLanguage":"fr-FR"},{"@type":"Organization","@id":"https:\/\/www.keoutdoordesign.com\/it-it\/#organization","name":"KE Outdoor Design","url":"https:\/\/www.keoutdoordesign.com\/it-it\/","logo":{"@type":"ImageObject","inLanguage":"fr-FR","@id":"https:\/\/www.keoutdoordesign.com\/it-it\/#\/schema\/logo\/image\/","url":"https:\/\/www.keoutdoordesign.com\/wp-content\/uploads\/2020\/02\/KE-logo-Primary-e1591282842174.jpg","contentUrl":"https:\/\/www.keoutdoordesign.com\/wp-content\/uploads\/2020\/02\/KE-logo-Primary-e1591282842174.jpg","width":500,"height":396,"caption":"KE Outdoor Design"},"image":{"@id":"https:\/\/www.keoutdoordesign.com\/it-it\/#\/schema\/logo\/image\/"},"sameAs":["https:\/\/www.facebook.com\/keoutdoordesign.us","https:\/\/x.com\/keoutdoordesign","https:\/\/www.facebook.com\/keoutdoordesign","https:\/\/www.youtube.com\/channel\/UCSoMQryJpLqD53bAoZLg2Vg","https:\/\/www.pinterest.it\/keoutdoordesign\/","https:\/\/www.instagram.com\/keoutdoordesign\/","https:\/\/www.linkedin.com\/company\/ke-outdoor-design\/"]}]}},"_links":{"self":[{"href":"https:\/\/www.keoutdoordesign.com\/fr-fr\/wp-json\/wp\/v2\/pages\/4622","targetHints":{"allow":["GET"]}}],"collection":[{"href":"https:\/\/www.keoutdoordesign.com\/fr-fr\/wp-json\/wp\/v2\/pages"}],"about":[{"href":"https:\/\/www.keoutdoordesign.com\/fr-fr\/wp-json\/wp\/v2\/types\/page"}],"author":[{"embeddable":true,"href":"https:\/\/www.keoutdoordesign.com\/fr-fr\/wp-json\/wp\/v2\/users\/10608"}],"replies":[{"embeddable":true,"href":"https:\/\/www.keoutdoordesign.com\/fr-fr\/wp-json\/wp\/v2\/comments?post=4622"}],"version-history":[{"count":46,"href":"https:\/\/www.keoutdoordesign.com\/fr-fr\/wp-json\/wp\/v2\/pages\/4622\/revisions"}],"predecessor-version":[{"id":121295,"href":"https:\/\/www.keoutdoordesign.com\/fr-fr\/wp-json\/wp\/v2\/pages\/4622\/revisions\/121295"}],"up":[{"embeddable":true,"href":"https:\/\/www.keoutdoordesign.com\/fr-fr\/wp-json\/wp\/v2\/pages\/4608"}],"wp:featuredmedia":[{"embeddable":true,"href":"https:\/\/www.keoutdoordesign.com\/fr-fr\/wp-json\/wp\/v2\/media\/65352"}],"wp:attachment":[{"href":"https:\/\/www.keoutdoordesign.com\/fr-fr\/wp-json\/wp\/v2\/media?parent=4622"}],"curies":[{"name":"wp","href":"https:\/\/api.w.org\/{rel}","templated":true}]}}