{"id":4620,"date":"2019-06-07T11:12:31","date_gmt":"2019-06-07T09:12:31","guid":{"rendered":"http:\/\/ke.localhost.it\/?page_id=4620"},"modified":"2023-10-06T11:03:12","modified_gmt":"2023-10-06T09:03:12","slug":"stores-exterieurs","status":"publish","type":"page","link":"https:\/\/www.keoutdoordesign.com\/fr-fr\/stores-exterieurs\/","title":{"rendered":"Stores ext\u00e9rieurs sur mesure"},"content":{"rendered":"<h2>Quel store choisir pour quel besoin ?<\/h2>\n<p>Qu\u2019il est agr\u00e9able de voir les rayons du soleil poindre dans chacune de vos pi\u00e8ces ! \u00c9t\u00e9 comme hiver, vous en appr\u00e9ciez la douce chaleur. Cependant, trop de soleil risque d\u2019abimer vos meubles, vos photos et vos tableaux. Afin de profiter des rayons du soleil sans g\u00eane, <strong>installez un store sur mesure<\/strong>. En effet, nous fabriquons vos stores sur mesure pour s&rsquo;adapter au mieux \u00e0 vos exigences.<\/p>\n<p>KE Outdoor Design propose une belle gamme de stores sur mesure qui se marient magnifiquement avec l\u2019architecture de votre habitation. Aussi bien fonctionnels qu\u2019esth\u00e9tiques, laissez-vous convaincre par l&rsquo;un de nos stores !<\/p>\n<p>Ombragez vos balcons et terrasses tout en respectant les volumes de l\u2019architecture. S\u00e9lectionnez le tissu technique de votre pr\u00e9f\u00e9rence parmi nos 500 tissus professionnels\u00a0: acryliques, imperm\u00e9ables, micro-perfor\u00e9s\u2026<\/p>\n<p><b>Aussi bien destin\u00e9s aux commer\u00e7ants qu\u2019aux particuliers<\/b>, nos stores \u00e0 projection et stores bannes mettront en valeur boutiques et appartements tout en prot\u00e9geant du soleil ses h\u00f4tes.<\/p>\n<p>Les stores bannes, encore N\u00b01 des solutions de protections solaire, se d\u00e9cline en 2 cat\u00e9gories\u00a0:<\/p>\n<ul>\n<li><strong>Le store banne coffre<\/strong>: Tr\u00e8s design, ne laissant rien d\u00e9pass\u00e9, le store banne coffre est la solution appr\u00e9ci\u00e9e des particuliers pour couvrir tous types de terrasses.<\/li>\n<\/ul>\n<p>Le coffre prot\u00e8ge \u00e9galement la toile<\/p>\n<p>Nos best-sellers\u00a0: Compacto et Qubica Light<\/p>\n<ul>\n<li>Le store banne monobloc : plus facile \u00e0 manchonn\u00e9 et propos\u00e9 parfois avec des bras crois\u00e9s, du fait de l\u2019absence du coffre, est le store adapt\u00e9 pour les grandes largeurs et les grandes avanc\u00e9es. Il est fortement appr\u00e9ci\u00e9 par les particuliers en installation sur balcon avec le <b>Loggia<\/b> ou pour les restaurateurs avec le mod\u00e8le <b>Generosa<\/b>.<\/li>\n<\/ul>\n<p>Les stores de jardin, ou souvent <b>banne double pente<\/b>, sont des solutions autoport\u00e9es pour cr\u00e9er un espace ind\u00e9pendant de la maison.<\/p>\n<p>D\u2019une conception similaire, les <b>stores projections<\/b>, sont, quant \u00e0 eux, plus adapt\u00e9 pour couvrir les fen\u00eatres des maisons\/ appartements ou habiller les fa\u00e7ades de boutiques, ayant pour int\u00e9r\u00eat d\u2019am\u00e9liorer le confort int\u00e9rieur.<\/p>\n<p>Ensuite, plus robuste que le store banne, le <b>store pergola<\/b> est l\u2019\u00e9quivalent du store banne, mais sur pieds.<\/p>\n<p>Et pour toutes les structures d\u00e9j\u00e0 existantes, les <b>stores de v\u00e9randas<\/b> viendront les couvrir pour vous permettre de supporter les fortes chaleurs.<\/p>\n<p>Nos <strong>stores ext\u00e9rieurs sur mesure<\/strong> offrent un espace ombrag\u00e9 maximal et pr\u00e9sentent plusieurs options : Lumi\u00e8re id\u00e9alement r\u00e9partie (bras LEDS ou sous coffre), lambrequin d\u00e9roulable, auvent de protection ou encore, perche t\u00e9lescopique pour faire gagner en r\u00e9sistance votre store monobloc.<\/p>\n<p>Le store sur mesure peut, enfin, vous permettre de vous cacher du vis-\u00e0-vis parfois g\u00eanant et vous cr\u00e9er un espace d\u2019intimit\u00e9 dans votre jardin ou votre v\u00e9randa. Agrandissez ainsi votre espace de vie et profitez de moments priv\u00e9s en famille ou entre amis<\/p>\n<p>Pour une protection solaire qui sort de l\u2019ordinaire, vous pouvez \u00e9galement opter pour la <b>voile d\u2019ombrage<\/b> en version triangulaire ou quadrilat\u00e8re.<\/p>\n<h2>Comment entretenir son store sur mesure ?<\/h2>\n<p>Afin de garder tout l\u2019\u00e9clat de votre store sur mesure, \u00e9poussetez-le quotidiennement. \u00c9pongez les taches au moyen d\u2019eau chaude et savonneuse. Rincez \u00e0 l\u2019eau claire. Pour les taches persistantes, ajoutez du bicarbonate de soude et laissez s\u00e9cher avant de replier votre store.<\/p>\n<p>Nettoyez enfin r\u00e9guli\u00e8rement la <strong>structure en aluminium de votre store sur mesure<\/strong> \u00e0 l\u2019aide d\u2019une \u00e9ponge douce. N\u2019utilisez jamais de produits corrosifs.<\/p>\n","protected":false},"excerpt":{"rendered":"<p>Quel store choisir pour quel besoin ? Qu\u2019il est agr\u00e9able de voir les rayons du soleil poindre dans chacune de&hellip;<\/p>\n","protected":false},"author":10608,"featured_media":2296,"parent":0,"menu_order":47,"comment_status":"closed","ping_status":"closed","template":"page-templates\/category-subcategories.php","meta":{"_acf_changed":false,"footnotes":""},"class_list":["post-4620","page","type-page","status-publish","has-post-thumbnail","hentry"],"acf":[],"yoast_head":"<!-- This site is optimized with the Yoast SEO Premium plugin v20.12 (Yoast SEO v27.3) - https:\/\/yoast.com\/product\/yoast-seo-premium-wordpress\/ -->\n<title>Stores ext\u00e9rieurs sur mesure -<\/title>\n<meta name=\"description\" content=\"Nous avons con\u00e7u diff\u00e9rents types de stores ext\u00e9rieurs sur mesure pour terrasse, fen\u00eatres, v\u00e9randas, avec choix de technologies et de fonctionnalit\u00e9s.\" \/>\n<meta name=\"robots\" content=\"index, follow, max-snippet:-1, max-image-preview:large, max-video-preview:-1\" \/>\n<link rel=\"canonical\" href=\"https:\/\/www.keoutdoordesign.com\/fr-fr\/stores-exterieurs\/\" \/>\n<meta property=\"og:locale\" content=\"fr_FR\" \/>\n<meta property=\"og:type\" content=\"article\" \/>\n<meta property=\"og:title\" content=\"Stores ext\u00e9rieurs sur mesure\" \/>\n<meta property=\"og:description\" content=\"Nous avons con\u00e7u diff\u00e9rents types de stores ext\u00e9rieurs sur mesure pour terrasse, fen\u00eatres, v\u00e9randas, avec choix de technologies et de fonctionnalit\u00e9s.\" \/>\n<meta property=\"og:url\" content=\"https:\/\/www.keoutdoordesign.com\/fr-fr\/stores-exterieurs\/\" \/>\n<meta property=\"og:site_name\" content=\"KE Outdoor Design\" \/>\n<meta property=\"article:publisher\" content=\"https:\/\/www.facebook.com\/keoutdoordesign.us\" \/>\n<meta property=\"article:modified_time\" content=\"2023-10-06T09:03:12+00:00\" \/>\n<meta property=\"og:image\" content=\"https:\/\/www.keoutdoordesign.com\/wp-content\/uploads\/2019\/05\/KE_CapdAntibes_2_QubicaFlat_Kolibrie_KedryPlus.jpg\" \/>\n\t<meta property=\"og:image:width\" content=\"2000\" \/>\n\t<meta property=\"og:image:height\" content=\"1336\" \/>\n\t<meta property=\"og:image:type\" content=\"image\/jpeg\" \/>\n<meta name=\"twitter:card\" content=\"summary_large_image\" \/>\n<meta name=\"twitter:site\" content=\"@keoutdoordesign\" \/>\n<script type=\"application\/ld+json\" class=\"yoast-schema-graph\">{\"@context\":\"https:\\\/\\\/schema.org\",\"@graph\":[{\"@type\":\"WebPage\",\"@id\":\"https:\\\/\\\/www.keoutdoordesign.com\\\/fr-fr\\\/stores-exterieurs\\\/\",\"url\":\"https:\\\/\\\/www.keoutdoordesign.com\\\/fr-fr\\\/stores-exterieurs\\\/\",\"name\":\"Stores ext\u00e9rieurs sur mesure -\",\"isPartOf\":{\"@id\":\"https:\\\/\\\/www.keoutdoordesign.com\\\/it-it\\\/#website\"},\"primaryImageOfPage\":{\"@id\":\"https:\\\/\\\/www.keoutdoordesign.com\\\/fr-fr\\\/stores-exterieurs\\\/#primaryimage\"},\"image\":{\"@id\":\"https:\\\/\\\/www.keoutdoordesign.com\\\/fr-fr\\\/stores-exterieurs\\\/#primaryimage\"},\"thumbnailUrl\":\"https:\\\/\\\/www.keoutdoordesign.com\\\/wp-content\\\/uploads\\\/2019\\\/05\\\/KE_CapdAntibes_2_QubicaFlat_Kolibrie_KedryPlus.jpg\",\"datePublished\":\"2019-06-07T09:12:31+00:00\",\"dateModified\":\"2023-10-06T09:03:12+00:00\",\"description\":\"Nous avons con\u00e7u diff\u00e9rents types de stores ext\u00e9rieurs sur mesure pour terrasse, fen\u00eatres, v\u00e9randas, avec choix de technologies et de fonctionnalit\u00e9s.\",\"breadcrumb\":{\"@id\":\"https:\\\/\\\/www.keoutdoordesign.com\\\/fr-fr\\\/stores-exterieurs\\\/#breadcrumb\"},\"inLanguage\":\"fr-FR\",\"potentialAction\":[{\"@type\":\"ReadAction\",\"target\":[\"https:\\\/\\\/www.keoutdoordesign.com\\\/fr-fr\\\/stores-exterieurs\\\/\"]}]},{\"@type\":\"ImageObject\",\"inLanguage\":\"fr-FR\",\"@id\":\"https:\\\/\\\/www.keoutdoordesign.com\\\/fr-fr\\\/stores-exterieurs\\\/#primaryimage\",\"url\":\"https:\\\/\\\/www.keoutdoordesign.com\\\/wp-content\\\/uploads\\\/2019\\\/05\\\/KE_CapdAntibes_2_QubicaFlat_Kolibrie_KedryPlus.jpg\",\"contentUrl\":\"https:\\\/\\\/www.keoutdoordesign.com\\\/wp-content\\\/uploads\\\/2019\\\/05\\\/KE_CapdAntibes_2_QubicaFlat_Kolibrie_KedryPlus.jpg\",\"width\":2000,\"height\":1336,\"caption\":\"Habillez avec \u00e9l\u00e9gance et confort votre terrasse gr\u00e2ce \u00e0 nos produits haut de gamme KE\"},{\"@type\":\"BreadcrumbList\",\"@id\":\"https:\\\/\\\/www.keoutdoordesign.com\\\/fr-fr\\\/stores-exterieurs\\\/#breadcrumb\",\"itemListElement\":[{\"@type\":\"ListItem\",\"position\":1,\"name\":\"Home\",\"item\":\"https:\\\/\\\/www.keoutdoordesign.com\\\/fr-fr\\\/\"},{\"@type\":\"ListItem\",\"position\":2,\"name\":\"Stores ext\u00e9rieurs sur mesure\"}]},{\"@type\":\"WebSite\",\"@id\":\"https:\\\/\\\/www.keoutdoordesign.com\\\/it-it\\\/#website\",\"url\":\"https:\\\/\\\/www.keoutdoordesign.com\\\/it-it\\\/\",\"name\":\"KE Outdoor Design\",\"description\":\"Un nuovo sito targato WordPress\",\"publisher\":{\"@id\":\"https:\\\/\\\/www.keoutdoordesign.com\\\/it-it\\\/#organization\"},\"potentialAction\":[{\"@type\":\"SearchAction\",\"target\":{\"@type\":\"EntryPoint\",\"urlTemplate\":\"https:\\\/\\\/www.keoutdoordesign.com\\\/it-it\\\/?s={search_term_string}\"},\"query-input\":{\"@type\":\"PropertyValueSpecification\",\"valueRequired\":true,\"valueName\":\"search_term_string\"}}],\"inLanguage\":\"fr-FR\"},{\"@type\":\"Organization\",\"@id\":\"https:\\\/\\\/www.keoutdoordesign.com\\\/it-it\\\/#organization\",\"name\":\"KE Outdoor Design\",\"url\":\"https:\\\/\\\/www.keoutdoordesign.com\\\/it-it\\\/\",\"logo\":{\"@type\":\"ImageObject\",\"inLanguage\":\"fr-FR\",\"@id\":\"https:\\\/\\\/www.keoutdoordesign.com\\\/it-it\\\/#\\\/schema\\\/logo\\\/image\\\/\",\"url\":\"https:\\\/\\\/www.keoutdoordesign.com\\\/wp-content\\\/uploads\\\/2020\\\/02\\\/KE-logo-Primary-e1591282842174.jpg\",\"contentUrl\":\"https:\\\/\\\/www.keoutdoordesign.com\\\/wp-content\\\/uploads\\\/2020\\\/02\\\/KE-logo-Primary-e1591282842174.jpg\",\"width\":500,\"height\":396,\"caption\":\"KE Outdoor Design\"},\"image\":{\"@id\":\"https:\\\/\\\/www.keoutdoordesign.com\\\/it-it\\\/#\\\/schema\\\/logo\\\/image\\\/\"},\"sameAs\":[\"https:\\\/\\\/www.facebook.com\\\/keoutdoordesign.us\",\"https:\\\/\\\/x.com\\\/keoutdoordesign\",\"https:\\\/\\\/www.facebook.com\\\/keoutdoordesign\",\"https:\\\/\\\/www.youtube.com\\\/channel\\\/UCSoMQryJpLqD53bAoZLg2Vg\",\"https:\\\/\\\/www.pinterest.it\\\/keoutdoordesign\\\/\",\"https:\\\/\\\/www.instagram.com\\\/keoutdoordesign\\\/\",\"https:\\\/\\\/www.linkedin.com\\\/company\\\/ke-outdoor-design\\\/\"]}]}<\/script>\n<!-- \/ Yoast SEO Premium plugin. -->","yoast_head_json":{"title":"Stores ext\u00e9rieurs sur mesure -","description":"Nous avons con\u00e7u diff\u00e9rents types de stores ext\u00e9rieurs sur mesure pour terrasse, fen\u00eatres, v\u00e9randas, avec choix de technologies et de fonctionnalit\u00e9s.","robots":{"index":"index","follow":"follow","max-snippet":"max-snippet:-1","max-image-preview":"max-image-preview:large","max-video-preview":"max-video-preview:-1"},"canonical":"https:\/\/www.keoutdoordesign.com\/fr-fr\/stores-exterieurs\/","og_locale":"fr_FR","og_type":"article","og_title":"Stores ext\u00e9rieurs sur mesure","og_description":"Nous avons con\u00e7u diff\u00e9rents types de stores ext\u00e9rieurs sur mesure pour terrasse, fen\u00eatres, v\u00e9randas, avec choix de technologies et de fonctionnalit\u00e9s.","og_url":"https:\/\/www.keoutdoordesign.com\/fr-fr\/stores-exterieurs\/","og_site_name":"KE Outdoor Design","article_publisher":"https:\/\/www.facebook.com\/keoutdoordesign.us","article_modified_time":"2023-10-06T09:03:12+00:00","og_image":[{"width":2000,"height":1336,"url":"https:\/\/www.keoutdoordesign.com\/wp-content\/uploads\/2019\/05\/KE_CapdAntibes_2_QubicaFlat_Kolibrie_KedryPlus.jpg","type":"image\/jpeg"}],"twitter_card":"summary_large_image","twitter_site":"@keoutdoordesign","schema":{"@context":"https:\/\/schema.org","@graph":[{"@type":"WebPage","@id":"https:\/\/www.keoutdoordesign.com\/fr-fr\/stores-exterieurs\/","url":"https:\/\/www.keoutdoordesign.com\/fr-fr\/stores-exterieurs\/","name":"Stores ext\u00e9rieurs sur mesure -","isPartOf":{"@id":"https:\/\/www.keoutdoordesign.com\/it-it\/#website"},"primaryImageOfPage":{"@id":"https:\/\/www.keoutdoordesign.com\/fr-fr\/stores-exterieurs\/#primaryimage"},"image":{"@id":"https:\/\/www.keoutdoordesign.com\/fr-fr\/stores-exterieurs\/#primaryimage"},"thumbnailUrl":"https:\/\/www.keoutdoordesign.com\/wp-content\/uploads\/2019\/05\/KE_CapdAntibes_2_QubicaFlat_Kolibrie_KedryPlus.jpg","datePublished":"2019-06-07T09:12:31+00:00","dateModified":"2023-10-06T09:03:12+00:00","description":"Nous avons con\u00e7u diff\u00e9rents types de stores ext\u00e9rieurs sur mesure pour terrasse, fen\u00eatres, v\u00e9randas, avec choix de technologies et de fonctionnalit\u00e9s.","breadcrumb":{"@id":"https:\/\/www.keoutdoordesign.com\/fr-fr\/stores-exterieurs\/#breadcrumb"},"inLanguage":"fr-FR","potentialAction":[{"@type":"ReadAction","target":["https:\/\/www.keoutdoordesign.com\/fr-fr\/stores-exterieurs\/"]}]},{"@type":"ImageObject","inLanguage":"fr-FR","@id":"https:\/\/www.keoutdoordesign.com\/fr-fr\/stores-exterieurs\/#primaryimage","url":"https:\/\/www.keoutdoordesign.com\/wp-content\/uploads\/2019\/05\/KE_CapdAntibes_2_QubicaFlat_Kolibrie_KedryPlus.jpg","contentUrl":"https:\/\/www.keoutdoordesign.com\/wp-content\/uploads\/2019\/05\/KE_CapdAntibes_2_QubicaFlat_Kolibrie_KedryPlus.jpg","width":2000,"height":1336,"caption":"Habillez avec \u00e9l\u00e9gance et confort votre terrasse gr\u00e2ce \u00e0 nos produits haut de gamme KE"},{"@type":"BreadcrumbList","@id":"https:\/\/www.keoutdoordesign.com\/fr-fr\/stores-exterieurs\/#breadcrumb","itemListElement":[{"@type":"ListItem","position":1,"name":"Home","item":"https:\/\/www.keoutdoordesign.com\/fr-fr\/"},{"@type":"ListItem","position":2,"name":"Stores ext\u00e9rieurs sur mesure"}]},{"@type":"WebSite","@id":"https:\/\/www.keoutdoordesign.com\/it-it\/#website","url":"https:\/\/www.keoutdoordesign.com\/it-it\/","name":"KE Outdoor Design","description":"Un nuovo sito targato WordPress","publisher":{"@id":"https:\/\/www.keoutdoordesign.com\/it-it\/#organization"},"potentialAction":[{"@type":"SearchAction","target":{"@type":"EntryPoint","urlTemplate":"https:\/\/www.keoutdoordesign.com\/it-it\/?s={search_term_string}"},"query-input":{"@type":"PropertyValueSpecification","valueRequired":true,"valueName":"search_term_string"}}],"inLanguage":"fr-FR"},{"@type":"Organization","@id":"https:\/\/www.keoutdoordesign.com\/it-it\/#organization","name":"KE Outdoor Design","url":"https:\/\/www.keoutdoordesign.com\/it-it\/","logo":{"@type":"ImageObject","inLanguage":"fr-FR","@id":"https:\/\/www.keoutdoordesign.com\/it-it\/#\/schema\/logo\/image\/","url":"https:\/\/www.keoutdoordesign.com\/wp-content\/uploads\/2020\/02\/KE-logo-Primary-e1591282842174.jpg","contentUrl":"https:\/\/www.keoutdoordesign.com\/wp-content\/uploads\/2020\/02\/KE-logo-Primary-e1591282842174.jpg","width":500,"height":396,"caption":"KE Outdoor Design"},"image":{"@id":"https:\/\/www.keoutdoordesign.com\/it-it\/#\/schema\/logo\/image\/"},"sameAs":["https:\/\/www.facebook.com\/keoutdoordesign.us","https:\/\/x.com\/keoutdoordesign","https:\/\/www.facebook.com\/keoutdoordesign","https:\/\/www.youtube.com\/channel\/UCSoMQryJpLqD53bAoZLg2Vg","https:\/\/www.pinterest.it\/keoutdoordesign\/","https:\/\/www.instagram.com\/keoutdoordesign\/","https:\/\/www.linkedin.com\/company\/ke-outdoor-design\/"]}]}},"_links":{"self":[{"href":"https:\/\/www.keoutdoordesign.com\/fr-fr\/wp-json\/wp\/v2\/pages\/4620","targetHints":{"allow":["GET"]}}],"collection":[{"href":"https:\/\/www.keoutdoordesign.com\/fr-fr\/wp-json\/wp\/v2\/pages"}],"about":[{"href":"https:\/\/www.keoutdoordesign.com\/fr-fr\/wp-json\/wp\/v2\/types\/page"}],"author":[{"embeddable":true,"href":"https:\/\/www.keoutdoordesign.com\/fr-fr\/wp-json\/wp\/v2\/users\/10608"}],"replies":[{"embeddable":true,"href":"https:\/\/www.keoutdoordesign.com\/fr-fr\/wp-json\/wp\/v2\/comments?post=4620"}],"version-history":[{"count":20,"href":"https:\/\/www.keoutdoordesign.com\/fr-fr\/wp-json\/wp\/v2\/pages\/4620\/revisions"}],"predecessor-version":[{"id":63363,"href":"https:\/\/www.keoutdoordesign.com\/fr-fr\/wp-json\/wp\/v2\/pages\/4620\/revisions\/63363"}],"wp:featuredmedia":[{"embeddable":true,"href":"https:\/\/www.keoutdoordesign.com\/fr-fr\/wp-json\/wp\/v2\/media\/2296"}],"wp:attachment":[{"href":"https:\/\/www.keoutdoordesign.com\/fr-fr\/wp-json\/wp\/v2\/media?parent=4620"}],"curies":[{"name":"wp","href":"https:\/\/api.w.org\/{rel}","templated":true}]}}