{"id":4616,"date":"2019-06-07T11:09:00","date_gmt":"2019-06-07T09:09:00","guid":{"rendered":"http:\/\/ke.localhost.it\/?page_id=4616"},"modified":"2025-12-15T09:35:20","modified_gmt":"2025-12-15T08:35:20","slug":"store-veranda-pergola","status":"publish","type":"page","link":"https:\/\/www.keoutdoordesign.com\/fr-fr\/stores-exterieurs\/store-veranda-pergola\/","title":{"rendered":"Stores Veranda &#038; Pergola"},"content":{"rendered":"<p><b>Vivez votre temps, appr\u00e9ciez l&rsquo;air et le soleil: les stores ext\u00e9rieurs toiture de v\u00e9randa anti chaleur (et\/ou pergola) KE au design essentiel et raffin\u00e9 sont votre solution pour transformer votre coin ext\u00e9rieur en espace agr\u00e9able, \u00e0 profiter \u00e0 tout moment.<\/b><\/p>\n<p>Cr\u00e9ez-vous un coin \u00e0 l\u2019ombre en ajoutant un <strong>store de v\u00e9randa ext\u00e9rieur<\/strong>\u00a0ou en optant pour une structure ombrag\u00e9e. Avec par exemple un store <b>v\u00e9randa<\/b><strong> esth\u00e9tique et fonctionnel, <\/strong>solution id\u00e9ale pour prolonger votre espace de vie. Sur une terrasse elle constitue un espace de d\u00e9tente privil\u00e9gi\u00e9 id\u00e9al pour de longues heures de farniente ou de grands moments de convivialit\u00e9.<\/p>\n<p>Les <strong>stores pour pergolas KE<\/strong>, sont issus d&rsquo;un ambitieux travail de recherche et de d\u00e9veloppement technique et stylistique. Ils viennent repenser vos espaces ext\u00e9rieurs existants pour en faire de nouvelles \u00eeles de bien-\u00eatre en plein air.<\/p>\n<p>Nos stores de v\u00e9randa ou pergola se caract\u00e9risent par leur <strong>l\u00e9g\u00e8ret\u00e9<\/strong> et leur <strong>design minimaliste<\/strong>. Leur \u00e9l\u00e9gance \u00e9pouse parfaitement vos structures.<\/p>\n<p>Une<strong> pergola transformable en v\u00e9randa ? <\/strong>C&rsquo;est facile\u00a0gr\u00e2ce \u00e0 nos stores. Ceux-ci sont tant\u00f4t <b>pos\u00e9s sur des structures (<strong>SANS PER\u00c7AGE)<\/strong><\/b>\u00a0tant\u00f4t\u00a0<strong>adoss\u00e9s<\/strong>\u00a0gr\u00e2ce \u00e0 la possibilit\u00e9 de fixer 2 pieds sur certains mod\u00e8les. Avec eux, vous serez \u00e0 l\u2019abri des rayons U.V. du soleil. L&rsquo;installation comme le d\u00e9montage du store est simple \u00e0 r\u00e9aliser.<\/p>\n<p>Avec un store <a href=\"\/?page_id=4618\">Space<\/a> par exemple vous avez la possibilit\u00e9 d&rsquo;<strong>offrir \u00e0 votre pergola un toit<\/strong> pour les jours couverts. Le store <a href=\"\/?page_id=5641\">V\u00e9randa<\/a> est quant \u00e0 lui adapt\u00e9, comme son nom l&rsquo;indique, aux v\u00e9randas.<\/p>\n<p>Les versions \u00ab\u00a0Plus\u00a0\u00bb de chaque produit vous offre une <strong>possibilit\u00e9 de mise sur pieds<\/strong> (2 pieds). Seul le <a href=\"\/?page_id=4668\">Tensionata<\/a> se diff\u00e9rencie par sa <strong>modularit\u00e9<\/strong>, il peut se poser de multiples fa\u00e7ons, poss\u00e8de un coffre et son <strong>syst\u00e8me de tension de la toile est brevet\u00e9e<\/strong>.<\/p>\n<h4>Nous vous proposons donc 5 mod\u00e8les fonctionnels distincts de <strong>protection personnalisables compl\u00e9mentaires \u00e0 votre v\u00e9randa ou pergola.<\/strong><\/h4>\n","protected":false},"excerpt":{"rendered":"<p>Vivez votre temps, appr\u00e9ciez l&rsquo;air et le soleil: les stores ext\u00e9rieurs toiture de v\u00e9randa anti chaleur (et\/ou pergola) KE au&hellip;<\/p>\n","protected":false},"author":10608,"featured_media":116936,"parent":4620,"menu_order":20,"comment_status":"closed","ping_status":"closed","template":"page-templates\/category-products.php","meta":{"_acf_changed":false,"footnotes":""},"class_list":["post-4616","page","type-page","status-publish","has-post-thumbnail","hentry"],"acf":[],"yoast_head":"<!-- This site is optimized with the Yoast SEO Premium plugin v20.12 (Yoast SEO v27.3) - https:\/\/yoast.com\/product\/yoast-seo-premium-wordpress\/ -->\n<title>Stores Veranda &amp; Pergola -<\/title>\n<meta name=\"description\" content=\"Store de v\u00e9randa ext\u00e9rieur anti chaleur: pos\u00e9s sur structures existantes types pergolas ou v\u00e9randas, ou adoss\u00e9s (sur 2 pieds).. Sans per\u00e7age et sur mesure.\" \/>\n<meta name=\"robots\" content=\"index, follow, max-snippet:-1, max-image-preview:large, max-video-preview:-1\" \/>\n<link rel=\"canonical\" href=\"https:\/\/www.keoutdoordesign.com\/fr-fr\/stores-exterieurs\/store-veranda-pergola\/\" \/>\n<meta property=\"og:locale\" content=\"fr_FR\" \/>\n<meta property=\"og:type\" content=\"article\" \/>\n<meta property=\"og:title\" content=\"Stores Veranda &amp; Pergola\" \/>\n<meta property=\"og:description\" content=\"Store de v\u00e9randa ext\u00e9rieur anti chaleur: pos\u00e9s sur structures existantes types pergolas ou v\u00e9randas, ou adoss\u00e9s (sur 2 pieds).. Sans per\u00e7age et sur mesure.\" \/>\n<meta property=\"og:url\" content=\"https:\/\/www.keoutdoordesign.com\/fr-fr\/stores-exterieurs\/store-veranda-pergola\/\" \/>\n<meta property=\"og:site_name\" content=\"KE Outdoor Design\" \/>\n<meta property=\"article:publisher\" content=\"https:\/\/www.facebook.com\/keoutdoordesign.us\" \/>\n<meta property=\"article:modified_time\" content=\"2025-12-15T08:35:20+00:00\" \/>\n<meta property=\"og:image\" content=\"https:\/\/www.keoutdoordesign.com\/wp-content\/uploads\/2025\/12\/Store-VERANDA-et-PERGOLA.jpg\" \/>\n\t<meta property=\"og:image:width\" content=\"1920\" \/>\n\t<meta property=\"og:image:height\" content=\"1275\" \/>\n\t<meta property=\"og:image:type\" content=\"image\/jpeg\" \/>\n<meta name=\"twitter:card\" content=\"summary_large_image\" \/>\n<meta name=\"twitter:site\" content=\"@keoutdoordesign\" \/>\n<script type=\"application\/ld+json\" class=\"yoast-schema-graph\">{\"@context\":\"https:\\\/\\\/schema.org\",\"@graph\":[{\"@type\":\"WebPage\",\"@id\":\"https:\\\/\\\/www.keoutdoordesign.com\\\/fr-fr\\\/stores-exterieurs\\\/store-veranda-pergola\\\/\",\"url\":\"https:\\\/\\\/www.keoutdoordesign.com\\\/fr-fr\\\/stores-exterieurs\\\/store-veranda-pergola\\\/\",\"name\":\"Stores Veranda & Pergola -\",\"isPartOf\":{\"@id\":\"https:\\\/\\\/www.keoutdoordesign.com\\\/it-it\\\/#website\"},\"primaryImageOfPage\":{\"@id\":\"https:\\\/\\\/www.keoutdoordesign.com\\\/fr-fr\\\/stores-exterieurs\\\/store-veranda-pergola\\\/#primaryimage\"},\"image\":{\"@id\":\"https:\\\/\\\/www.keoutdoordesign.com\\\/fr-fr\\\/stores-exterieurs\\\/store-veranda-pergola\\\/#primaryimage\"},\"thumbnailUrl\":\"https:\\\/\\\/www.keoutdoordesign.com\\\/wp-content\\\/uploads\\\/2025\\\/12\\\/Store-VERANDA-et-PERGOLA.jpg\",\"datePublished\":\"2019-06-07T09:09:00+00:00\",\"dateModified\":\"2025-12-15T08:35:20+00:00\",\"description\":\"Store de v\u00e9randa ext\u00e9rieur anti chaleur: pos\u00e9s sur structures existantes types pergolas ou v\u00e9randas, ou adoss\u00e9s (sur 2 pieds).. Sans per\u00e7age et sur mesure.\",\"breadcrumb\":{\"@id\":\"https:\\\/\\\/www.keoutdoordesign.com\\\/fr-fr\\\/stores-exterieurs\\\/store-veranda-pergola\\\/#breadcrumb\"},\"inLanguage\":\"fr-FR\",\"potentialAction\":[{\"@type\":\"ReadAction\",\"target\":[\"https:\\\/\\\/www.keoutdoordesign.com\\\/fr-fr\\\/stores-exterieurs\\\/store-veranda-pergola\\\/\"]}]},{\"@type\":\"ImageObject\",\"inLanguage\":\"fr-FR\",\"@id\":\"https:\\\/\\\/www.keoutdoordesign.com\\\/fr-fr\\\/stores-exterieurs\\\/store-veranda-pergola\\\/#primaryimage\",\"url\":\"https:\\\/\\\/www.keoutdoordesign.com\\\/wp-content\\\/uploads\\\/2025\\\/12\\\/Store-VERANDA-et-PERGOLA.jpg\",\"contentUrl\":\"https:\\\/\\\/www.keoutdoordesign.com\\\/wp-content\\\/uploads\\\/2025\\\/12\\\/Store-VERANDA-et-PERGOLA.jpg\",\"width\":1920,\"height\":1275,\"caption\":\"Des stores \u00e0 toile anti chaleur \u00e0 poser sur structures ou adoss\u00e9s au mur.\"},{\"@type\":\"BreadcrumbList\",\"@id\":\"https:\\\/\\\/www.keoutdoordesign.com\\\/fr-fr\\\/stores-exterieurs\\\/store-veranda-pergola\\\/#breadcrumb\",\"itemListElement\":[{\"@type\":\"ListItem\",\"position\":1,\"name\":\"Home\",\"item\":\"https:\\\/\\\/www.keoutdoordesign.com\\\/fr-fr\\\/\"},{\"@type\":\"ListItem\",\"position\":2,\"name\":\"Stores ext\u00e9rieurs sur mesure\",\"item\":\"https:\\\/\\\/www.keoutdoordesign.com\\\/fr-fr\\\/stores-exterieurs\\\/\"},{\"@type\":\"ListItem\",\"position\":3,\"name\":\"Stores Veranda &#038; Pergola\"}]},{\"@type\":\"WebSite\",\"@id\":\"https:\\\/\\\/www.keoutdoordesign.com\\\/it-it\\\/#website\",\"url\":\"https:\\\/\\\/www.keoutdoordesign.com\\\/it-it\\\/\",\"name\":\"KE Outdoor Design\",\"description\":\"Un nuovo sito targato WordPress\",\"publisher\":{\"@id\":\"https:\\\/\\\/www.keoutdoordesign.com\\\/it-it\\\/#organization\"},\"potentialAction\":[{\"@type\":\"SearchAction\",\"target\":{\"@type\":\"EntryPoint\",\"urlTemplate\":\"https:\\\/\\\/www.keoutdoordesign.com\\\/it-it\\\/?s={search_term_string}\"},\"query-input\":{\"@type\":\"PropertyValueSpecification\",\"valueRequired\":true,\"valueName\":\"search_term_string\"}}],\"inLanguage\":\"fr-FR\"},{\"@type\":\"Organization\",\"@id\":\"https:\\\/\\\/www.keoutdoordesign.com\\\/it-it\\\/#organization\",\"name\":\"KE Outdoor Design\",\"url\":\"https:\\\/\\\/www.keoutdoordesign.com\\\/it-it\\\/\",\"logo\":{\"@type\":\"ImageObject\",\"inLanguage\":\"fr-FR\",\"@id\":\"https:\\\/\\\/www.keoutdoordesign.com\\\/it-it\\\/#\\\/schema\\\/logo\\\/image\\\/\",\"url\":\"https:\\\/\\\/www.keoutdoordesign.com\\\/wp-content\\\/uploads\\\/2020\\\/02\\\/KE-logo-Primary-e1591282842174.jpg\",\"contentUrl\":\"https:\\\/\\\/www.keoutdoordesign.com\\\/wp-content\\\/uploads\\\/2020\\\/02\\\/KE-logo-Primary-e1591282842174.jpg\",\"width\":500,\"height\":396,\"caption\":\"KE Outdoor Design\"},\"image\":{\"@id\":\"https:\\\/\\\/www.keoutdoordesign.com\\\/it-it\\\/#\\\/schema\\\/logo\\\/image\\\/\"},\"sameAs\":[\"https:\\\/\\\/www.facebook.com\\\/keoutdoordesign.us\",\"https:\\\/\\\/x.com\\\/keoutdoordesign\",\"https:\\\/\\\/www.facebook.com\\\/keoutdoordesign\",\"https:\\\/\\\/www.youtube.com\\\/channel\\\/UCSoMQryJpLqD53bAoZLg2Vg\",\"https:\\\/\\\/www.pinterest.it\\\/keoutdoordesign\\\/\",\"https:\\\/\\\/www.instagram.com\\\/keoutdoordesign\\\/\",\"https:\\\/\\\/www.linkedin.com\\\/company\\\/ke-outdoor-design\\\/\"]}]}<\/script>\n<!-- \/ Yoast SEO Premium plugin. -->","yoast_head_json":{"title":"Stores Veranda & Pergola -","description":"Store de v\u00e9randa ext\u00e9rieur anti chaleur: pos\u00e9s sur structures existantes types pergolas ou v\u00e9randas, ou adoss\u00e9s (sur 2 pieds).. Sans per\u00e7age et sur mesure.","robots":{"index":"index","follow":"follow","max-snippet":"max-snippet:-1","max-image-preview":"max-image-preview:large","max-video-preview":"max-video-preview:-1"},"canonical":"https:\/\/www.keoutdoordesign.com\/fr-fr\/stores-exterieurs\/store-veranda-pergola\/","og_locale":"fr_FR","og_type":"article","og_title":"Stores Veranda & Pergola","og_description":"Store de v\u00e9randa ext\u00e9rieur anti chaleur: pos\u00e9s sur structures existantes types pergolas ou v\u00e9randas, ou adoss\u00e9s (sur 2 pieds).. Sans per\u00e7age et sur mesure.","og_url":"https:\/\/www.keoutdoordesign.com\/fr-fr\/stores-exterieurs\/store-veranda-pergola\/","og_site_name":"KE Outdoor Design","article_publisher":"https:\/\/www.facebook.com\/keoutdoordesign.us","article_modified_time":"2025-12-15T08:35:20+00:00","og_image":[{"width":1920,"height":1275,"url":"https:\/\/www.keoutdoordesign.com\/wp-content\/uploads\/2025\/12\/Store-VERANDA-et-PERGOLA.jpg","type":"image\/jpeg"}],"twitter_card":"summary_large_image","twitter_site":"@keoutdoordesign","schema":{"@context":"https:\/\/schema.org","@graph":[{"@type":"WebPage","@id":"https:\/\/www.keoutdoordesign.com\/fr-fr\/stores-exterieurs\/store-veranda-pergola\/","url":"https:\/\/www.keoutdoordesign.com\/fr-fr\/stores-exterieurs\/store-veranda-pergola\/","name":"Stores Veranda & Pergola -","isPartOf":{"@id":"https:\/\/www.keoutdoordesign.com\/it-it\/#website"},"primaryImageOfPage":{"@id":"https:\/\/www.keoutdoordesign.com\/fr-fr\/stores-exterieurs\/store-veranda-pergola\/#primaryimage"},"image":{"@id":"https:\/\/www.keoutdoordesign.com\/fr-fr\/stores-exterieurs\/store-veranda-pergola\/#primaryimage"},"thumbnailUrl":"https:\/\/www.keoutdoordesign.com\/wp-content\/uploads\/2025\/12\/Store-VERANDA-et-PERGOLA.jpg","datePublished":"2019-06-07T09:09:00+00:00","dateModified":"2025-12-15T08:35:20+00:00","description":"Store de v\u00e9randa ext\u00e9rieur anti chaleur: pos\u00e9s sur structures existantes types pergolas ou v\u00e9randas, ou adoss\u00e9s (sur 2 pieds).. Sans per\u00e7age et sur mesure.","breadcrumb":{"@id":"https:\/\/www.keoutdoordesign.com\/fr-fr\/stores-exterieurs\/store-veranda-pergola\/#breadcrumb"},"inLanguage":"fr-FR","potentialAction":[{"@type":"ReadAction","target":["https:\/\/www.keoutdoordesign.com\/fr-fr\/stores-exterieurs\/store-veranda-pergola\/"]}]},{"@type":"ImageObject","inLanguage":"fr-FR","@id":"https:\/\/www.keoutdoordesign.com\/fr-fr\/stores-exterieurs\/store-veranda-pergola\/#primaryimage","url":"https:\/\/www.keoutdoordesign.com\/wp-content\/uploads\/2025\/12\/Store-VERANDA-et-PERGOLA.jpg","contentUrl":"https:\/\/www.keoutdoordesign.com\/wp-content\/uploads\/2025\/12\/Store-VERANDA-et-PERGOLA.jpg","width":1920,"height":1275,"caption":"Des stores \u00e0 toile anti chaleur \u00e0 poser sur structures ou adoss\u00e9s au mur."},{"@type":"BreadcrumbList","@id":"https:\/\/www.keoutdoordesign.com\/fr-fr\/stores-exterieurs\/store-veranda-pergola\/#breadcrumb","itemListElement":[{"@type":"ListItem","position":1,"name":"Home","item":"https:\/\/www.keoutdoordesign.com\/fr-fr\/"},{"@type":"ListItem","position":2,"name":"Stores ext\u00e9rieurs sur mesure","item":"https:\/\/www.keoutdoordesign.com\/fr-fr\/stores-exterieurs\/"},{"@type":"ListItem","position":3,"name":"Stores Veranda &#038; Pergola"}]},{"@type":"WebSite","@id":"https:\/\/www.keoutdoordesign.com\/it-it\/#website","url":"https:\/\/www.keoutdoordesign.com\/it-it\/","name":"KE Outdoor Design","description":"Un nuovo sito targato WordPress","publisher":{"@id":"https:\/\/www.keoutdoordesign.com\/it-it\/#organization"},"potentialAction":[{"@type":"SearchAction","target":{"@type":"EntryPoint","urlTemplate":"https:\/\/www.keoutdoordesign.com\/it-it\/?s={search_term_string}"},"query-input":{"@type":"PropertyValueSpecification","valueRequired":true,"valueName":"search_term_string"}}],"inLanguage":"fr-FR"},{"@type":"Organization","@id":"https:\/\/www.keoutdoordesign.com\/it-it\/#organization","name":"KE Outdoor Design","url":"https:\/\/www.keoutdoordesign.com\/it-it\/","logo":{"@type":"ImageObject","inLanguage":"fr-FR","@id":"https:\/\/www.keoutdoordesign.com\/it-it\/#\/schema\/logo\/image\/","url":"https:\/\/www.keoutdoordesign.com\/wp-content\/uploads\/2020\/02\/KE-logo-Primary-e1591282842174.jpg","contentUrl":"https:\/\/www.keoutdoordesign.com\/wp-content\/uploads\/2020\/02\/KE-logo-Primary-e1591282842174.jpg","width":500,"height":396,"caption":"KE Outdoor Design"},"image":{"@id":"https:\/\/www.keoutdoordesign.com\/it-it\/#\/schema\/logo\/image\/"},"sameAs":["https:\/\/www.facebook.com\/keoutdoordesign.us","https:\/\/x.com\/keoutdoordesign","https:\/\/www.facebook.com\/keoutdoordesign","https:\/\/www.youtube.com\/channel\/UCSoMQryJpLqD53bAoZLg2Vg","https:\/\/www.pinterest.it\/keoutdoordesign\/","https:\/\/www.instagram.com\/keoutdoordesign\/","https:\/\/www.linkedin.com\/company\/ke-outdoor-design\/"]}]}},"_links":{"self":[{"href":"https:\/\/www.keoutdoordesign.com\/fr-fr\/wp-json\/wp\/v2\/pages\/4616","targetHints":{"allow":["GET"]}}],"collection":[{"href":"https:\/\/www.keoutdoordesign.com\/fr-fr\/wp-json\/wp\/v2\/pages"}],"about":[{"href":"https:\/\/www.keoutdoordesign.com\/fr-fr\/wp-json\/wp\/v2\/types\/page"}],"author":[{"embeddable":true,"href":"https:\/\/www.keoutdoordesign.com\/fr-fr\/wp-json\/wp\/v2\/users\/10608"}],"replies":[{"embeddable":true,"href":"https:\/\/www.keoutdoordesign.com\/fr-fr\/wp-json\/wp\/v2\/comments?post=4616"}],"version-history":[{"count":13,"href":"https:\/\/www.keoutdoordesign.com\/fr-fr\/wp-json\/wp\/v2\/pages\/4616\/revisions"}],"predecessor-version":[{"id":19058,"href":"https:\/\/www.keoutdoordesign.com\/fr-fr\/wp-json\/wp\/v2\/pages\/4616\/revisions\/19058"}],"up":[{"embeddable":true,"href":"https:\/\/www.keoutdoordesign.com\/fr-fr\/wp-json\/wp\/v2\/pages\/4620"}],"wp:featuredmedia":[{"embeddable":true,"href":"https:\/\/www.keoutdoordesign.com\/fr-fr\/wp-json\/wp\/v2\/media\/116936"}],"wp:attachment":[{"href":"https:\/\/www.keoutdoordesign.com\/fr-fr\/wp-json\/wp\/v2\/media?parent=4616"}],"curies":[{"name":"wp","href":"https:\/\/api.w.org\/{rel}","templated":true}]}}