{"id":4612,"date":"2019-06-07T11:03:49","date_gmt":"2019-06-07T09:03:49","guid":{"rendered":"http:\/\/ke.localhost.it\/?page_id=4612"},"modified":"2026-04-16T11:19:24","modified_gmt":"2026-04-16T09:19:24","slug":"store-banne-coffre-grande-avancee-qubica-plumb","status":"publish","type":"page","link":"https:\/\/www.keoutdoordesign.com\/fr-fr\/stores-exterieurs\/store-coffre\/store-banne-coffre-grande-avancee-qubica-plumb\/","title":{"rendered":"Store banne avec coffre grande avanc\u00e9e Qubica Plumb"},"content":{"rendered":"<h4>Store coffre grande avanc\u00e9e sur-mesure id\u00e9al pour couvrir les grands espaces<\/h4>\n<p>Ce store coffre grande avanc\u00e9e pour terrasse a \u00e9t\u00e9 pens\u00e9 pour recouvrir \u00e9l\u00e9gamment :<\/p>\n<ul>\n<li>Terrasses<\/li>\n<li>Bords de Piscine<\/li>\n<li>Restaurants<\/li>\n<\/ul>\n<p>Un <strong>store banne avec leds<\/strong> sur les bras. Appr\u00e9ci\u00e9 par tous nos clients, ces bras leds permettent de prolonger les repas en ext\u00e9rieur. Un bandeau LED peut \u00e9galement \u00eatre ajout\u00e9 sous le coffre.<\/p>\n<p>Avec ce store grande avanc\u00e9e gagnez en confort et en esth\u00e9tique.<\/p>\n<h4><u>Avantages<\/u>:<\/h4>\n<p>Store \u00e0 bras avec coffre :<\/p>\n<ul>\n<li>Lin\u00e9arit\u00e9<\/li>\n<li>Design moderne<\/li>\n<li>Grande possibilit\u00e9 de personnalisation<\/li>\n<li>Encombrement minimal<\/li>\n<li>El\u00e9ments de fixation dissimul\u00e9s et int\u00e9gr\u00e9s dans le design<\/li>\n<\/ul>\n<p>Retrouvez d&rsquo;autres produits compl\u00e9mentaires pour chaque <a href=\"\/?page_id=5635\">univers<\/a>.<\/p>\n<h4>Produit star de notre gamme !<\/h4>\n","protected":false},"excerpt":{"rendered":"<p>Store coffre grande avanc\u00e9e sur-mesure id\u00e9al pour couvrir les grands espaces Ce store coffre grande avanc\u00e9e pour terrasse a \u00e9t\u00e9&hellip;<\/p>\n","protected":false},"author":10608,"featured_media":114238,"parent":4608,"menu_order":7,"comment_status":"closed","ping_status":"closed","template":"page-templates\/product.php","meta":{"_acf_changed":false,"footnotes":""},"class_list":["post-4612","page","type-page","status-publish","has-post-thumbnail","hentry"],"acf":[],"yoast_head":"<!-- This site is optimized with the Yoast SEO Premium plugin v20.12 (Yoast SEO v27.3) - https:\/\/yoast.com\/product\/yoast-seo-premium-wordpress\/ -->\n<title>Store banne avec coffre grande avanc\u00e9e Qubica Plumb - KE<\/title>\n<meta name=\"description\" content=\"Store banne coffre grande avanc\u00e9e pour terrasse : 7x4.3m. Design et fonctionnel, il prend place sur les plus belles fa\u00e7ades. Sur mesure.\" \/>\n<meta name=\"robots\" content=\"index, follow, max-snippet:-1, max-image-preview:large, max-video-preview:-1\" \/>\n<link rel=\"canonical\" href=\"https:\/\/www.keoutdoordesign.com\/fr-fr\/stores-exterieurs\/store-coffre\/store-banne-coffre-grande-avancee-qubica-plumb\/\" \/>\n<meta property=\"og:locale\" content=\"fr_FR\" \/>\n<meta property=\"og:type\" content=\"article\" \/>\n<meta property=\"og:title\" content=\"Store banne avec coffre grande avanc\u00e9e Qubica Plumb\" \/>\n<meta property=\"og:description\" content=\"Store banne coffre grande avanc\u00e9e pour terrasse : 7x4.3m. Design et fonctionnel, il prend place sur les plus belles fa\u00e7ades. Sur mesure.\" \/>\n<meta property=\"og:url\" content=\"https:\/\/www.keoutdoordesign.com\/fr-fr\/stores-exterieurs\/store-coffre\/store-banne-coffre-grande-avancee-qubica-plumb\/\" \/>\n<meta property=\"og:site_name\" content=\"KE Outdoor Design\" \/>\n<meta property=\"article:publisher\" content=\"https:\/\/www.facebook.com\/keoutdoordesign.us\" \/>\n<meta property=\"article:modified_time\" content=\"2026-04-16T09:19:24+00:00\" \/>\n<meta property=\"og:image\" content=\"https:\/\/www.keoutdoordesign.com\/wp-content\/uploads\/2025\/10\/KE_Mila11.jpg\" \/>\n\t<meta property=\"og:image:width\" content=\"1920\" \/>\n\t<meta property=\"og:image:height\" content=\"1280\" \/>\n\t<meta property=\"og:image:type\" content=\"image\/jpeg\" \/>\n<meta name=\"twitter:card\" content=\"summary_large_image\" \/>\n<meta name=\"twitter:site\" content=\"@keoutdoordesign\" \/>\n<script type=\"application\/ld+json\" class=\"yoast-schema-graph\">{\"@context\":\"https:\\\/\\\/schema.org\",\"@graph\":[{\"@type\":\"WebPage\",\"@id\":\"https:\\\/\\\/www.keoutdoordesign.com\\\/fr-fr\\\/stores-exterieurs\\\/store-coffre\\\/store-banne-coffre-grande-avancee-qubica-plumb\\\/\",\"url\":\"https:\\\/\\\/www.keoutdoordesign.com\\\/fr-fr\\\/stores-exterieurs\\\/store-coffre\\\/store-banne-coffre-grande-avancee-qubica-plumb\\\/\",\"name\":\"Store banne avec coffre grande avanc\u00e9e Qubica Plumb - KE\",\"isPartOf\":{\"@id\":\"https:\\\/\\\/www.keoutdoordesign.com\\\/it-it\\\/#website\"},\"primaryImageOfPage\":{\"@id\":\"https:\\\/\\\/www.keoutdoordesign.com\\\/fr-fr\\\/stores-exterieurs\\\/store-coffre\\\/store-banne-coffre-grande-avancee-qubica-plumb\\\/#primaryimage\"},\"image\":{\"@id\":\"https:\\\/\\\/www.keoutdoordesign.com\\\/fr-fr\\\/stores-exterieurs\\\/store-coffre\\\/store-banne-coffre-grande-avancee-qubica-plumb\\\/#primaryimage\"},\"thumbnailUrl\":\"https:\\\/\\\/www.keoutdoordesign.com\\\/wp-content\\\/uploads\\\/2025\\\/10\\\/KE_Mila11.jpg\",\"datePublished\":\"2019-06-07T09:03:49+00:00\",\"dateModified\":\"2026-04-16T09:19:24+00:00\",\"description\":\"Store banne coffre grande avanc\u00e9e pour terrasse : 7x4.3m. Design et fonctionnel, il prend place sur les plus belles fa\u00e7ades. Sur mesure.\",\"breadcrumb\":{\"@id\":\"https:\\\/\\\/www.keoutdoordesign.com\\\/fr-fr\\\/stores-exterieurs\\\/store-coffre\\\/store-banne-coffre-grande-avancee-qubica-plumb\\\/#breadcrumb\"},\"inLanguage\":\"fr-FR\",\"potentialAction\":[{\"@type\":\"ReadAction\",\"target\":[\"https:\\\/\\\/www.keoutdoordesign.com\\\/fr-fr\\\/stores-exterieurs\\\/store-coffre\\\/store-banne-coffre-grande-avancee-qubica-plumb\\\/\"]}]},{\"@type\":\"ImageObject\",\"inLanguage\":\"fr-FR\",\"@id\":\"https:\\\/\\\/www.keoutdoordesign.com\\\/fr-fr\\\/stores-exterieurs\\\/store-coffre\\\/store-banne-coffre-grande-avancee-qubica-plumb\\\/#primaryimage\",\"url\":\"https:\\\/\\\/www.keoutdoordesign.com\\\/wp-content\\\/uploads\\\/2025\\\/10\\\/KE_Mila11.jpg\",\"contentUrl\":\"https:\\\/\\\/www.keoutdoordesign.com\\\/wp-content\\\/uploads\\\/2025\\\/10\\\/KE_Mila11.jpg\",\"width\":1920,\"height\":1280},{\"@type\":\"BreadcrumbList\",\"@id\":\"https:\\\/\\\/www.keoutdoordesign.com\\\/fr-fr\\\/stores-exterieurs\\\/store-coffre\\\/store-banne-coffre-grande-avancee-qubica-plumb\\\/#breadcrumb\",\"itemListElement\":[{\"@type\":\"ListItem\",\"position\":1,\"name\":\"Home\",\"item\":\"https:\\\/\\\/www.keoutdoordesign.com\\\/fr-fr\\\/\"},{\"@type\":\"ListItem\",\"position\":2,\"name\":\"Stores ext\u00e9rieurs sur mesure\",\"item\":\"https:\\\/\\\/www.keoutdoordesign.com\\\/fr-fr\\\/stores-exterieurs\\\/\"},{\"@type\":\"ListItem\",\"position\":3,\"name\":\"Stores coffre\",\"item\":\"https:\\\/\\\/www.keoutdoordesign.com\\\/fr-fr\\\/stores-exterieurs\\\/store-coffre\\\/\"},{\"@type\":\"ListItem\",\"position\":4,\"name\":\"Store banne avec coffre grande avanc\u00e9e Qubica Plumb\"}]},{\"@type\":\"WebSite\",\"@id\":\"https:\\\/\\\/www.keoutdoordesign.com\\\/it-it\\\/#website\",\"url\":\"https:\\\/\\\/www.keoutdoordesign.com\\\/it-it\\\/\",\"name\":\"KE Outdoor Design\",\"description\":\"Un nuovo sito targato WordPress\",\"publisher\":{\"@id\":\"https:\\\/\\\/www.keoutdoordesign.com\\\/it-it\\\/#organization\"},\"potentialAction\":[{\"@type\":\"SearchAction\",\"target\":{\"@type\":\"EntryPoint\",\"urlTemplate\":\"https:\\\/\\\/www.keoutdoordesign.com\\\/it-it\\\/?s={search_term_string}\"},\"query-input\":{\"@type\":\"PropertyValueSpecification\",\"valueRequired\":true,\"valueName\":\"search_term_string\"}}],\"inLanguage\":\"fr-FR\"},{\"@type\":\"Organization\",\"@id\":\"https:\\\/\\\/www.keoutdoordesign.com\\\/it-it\\\/#organization\",\"name\":\"KE Outdoor Design\",\"url\":\"https:\\\/\\\/www.keoutdoordesign.com\\\/it-it\\\/\",\"logo\":{\"@type\":\"ImageObject\",\"inLanguage\":\"fr-FR\",\"@id\":\"https:\\\/\\\/www.keoutdoordesign.com\\\/it-it\\\/#\\\/schema\\\/logo\\\/image\\\/\",\"url\":\"https:\\\/\\\/www.keoutdoordesign.com\\\/wp-content\\\/uploads\\\/2020\\\/02\\\/KE-logo-Primary-e1591282842174.jpg\",\"contentUrl\":\"https:\\\/\\\/www.keoutdoordesign.com\\\/wp-content\\\/uploads\\\/2020\\\/02\\\/KE-logo-Primary-e1591282842174.jpg\",\"width\":500,\"height\":396,\"caption\":\"KE Outdoor Design\"},\"image\":{\"@id\":\"https:\\\/\\\/www.keoutdoordesign.com\\\/it-it\\\/#\\\/schema\\\/logo\\\/image\\\/\"},\"sameAs\":[\"https:\\\/\\\/www.facebook.com\\\/keoutdoordesign.us\",\"https:\\\/\\\/x.com\\\/keoutdoordesign\",\"https:\\\/\\\/www.facebook.com\\\/keoutdoordesign\",\"https:\\\/\\\/www.youtube.com\\\/channel\\\/UCSoMQryJpLqD53bAoZLg2Vg\",\"https:\\\/\\\/www.pinterest.it\\\/keoutdoordesign\\\/\",\"https:\\\/\\\/www.instagram.com\\\/keoutdoordesign\\\/\",\"https:\\\/\\\/www.linkedin.com\\\/company\\\/ke-outdoor-design\\\/\"]}]}<\/script>\n<!-- \/ Yoast SEO Premium plugin. -->","yoast_head_json":{"title":"Store banne avec coffre grande avanc\u00e9e Qubica Plumb - KE","description":"Store banne coffre grande avanc\u00e9e pour terrasse : 7x4.3m. Design et fonctionnel, il prend place sur les plus belles fa\u00e7ades. Sur mesure.","robots":{"index":"index","follow":"follow","max-snippet":"max-snippet:-1","max-image-preview":"max-image-preview:large","max-video-preview":"max-video-preview:-1"},"canonical":"https:\/\/www.keoutdoordesign.com\/fr-fr\/stores-exterieurs\/store-coffre\/store-banne-coffre-grande-avancee-qubica-plumb\/","og_locale":"fr_FR","og_type":"article","og_title":"Store banne avec coffre grande avanc\u00e9e Qubica Plumb","og_description":"Store banne coffre grande avanc\u00e9e pour terrasse : 7x4.3m. Design et fonctionnel, il prend place sur les plus belles fa\u00e7ades. Sur mesure.","og_url":"https:\/\/www.keoutdoordesign.com\/fr-fr\/stores-exterieurs\/store-coffre\/store-banne-coffre-grande-avancee-qubica-plumb\/","og_site_name":"KE Outdoor Design","article_publisher":"https:\/\/www.facebook.com\/keoutdoordesign.us","article_modified_time":"2026-04-16T09:19:24+00:00","og_image":[{"width":1920,"height":1280,"url":"https:\/\/www.keoutdoordesign.com\/wp-content\/uploads\/2025\/10\/KE_Mila11.jpg","type":"image\/jpeg"}],"twitter_card":"summary_large_image","twitter_site":"@keoutdoordesign","schema":{"@context":"https:\/\/schema.org","@graph":[{"@type":"WebPage","@id":"https:\/\/www.keoutdoordesign.com\/fr-fr\/stores-exterieurs\/store-coffre\/store-banne-coffre-grande-avancee-qubica-plumb\/","url":"https:\/\/www.keoutdoordesign.com\/fr-fr\/stores-exterieurs\/store-coffre\/store-banne-coffre-grande-avancee-qubica-plumb\/","name":"Store banne avec coffre grande avanc\u00e9e Qubica Plumb - KE","isPartOf":{"@id":"https:\/\/www.keoutdoordesign.com\/it-it\/#website"},"primaryImageOfPage":{"@id":"https:\/\/www.keoutdoordesign.com\/fr-fr\/stores-exterieurs\/store-coffre\/store-banne-coffre-grande-avancee-qubica-plumb\/#primaryimage"},"image":{"@id":"https:\/\/www.keoutdoordesign.com\/fr-fr\/stores-exterieurs\/store-coffre\/store-banne-coffre-grande-avancee-qubica-plumb\/#primaryimage"},"thumbnailUrl":"https:\/\/www.keoutdoordesign.com\/wp-content\/uploads\/2025\/10\/KE_Mila11.jpg","datePublished":"2019-06-07T09:03:49+00:00","dateModified":"2026-04-16T09:19:24+00:00","description":"Store banne coffre grande avanc\u00e9e pour terrasse : 7x4.3m. Design et fonctionnel, il prend place sur les plus belles fa\u00e7ades. Sur mesure.","breadcrumb":{"@id":"https:\/\/www.keoutdoordesign.com\/fr-fr\/stores-exterieurs\/store-coffre\/store-banne-coffre-grande-avancee-qubica-plumb\/#breadcrumb"},"inLanguage":"fr-FR","potentialAction":[{"@type":"ReadAction","target":["https:\/\/www.keoutdoordesign.com\/fr-fr\/stores-exterieurs\/store-coffre\/store-banne-coffre-grande-avancee-qubica-plumb\/"]}]},{"@type":"ImageObject","inLanguage":"fr-FR","@id":"https:\/\/www.keoutdoordesign.com\/fr-fr\/stores-exterieurs\/store-coffre\/store-banne-coffre-grande-avancee-qubica-plumb\/#primaryimage","url":"https:\/\/www.keoutdoordesign.com\/wp-content\/uploads\/2025\/10\/KE_Mila11.jpg","contentUrl":"https:\/\/www.keoutdoordesign.com\/wp-content\/uploads\/2025\/10\/KE_Mila11.jpg","width":1920,"height":1280},{"@type":"BreadcrumbList","@id":"https:\/\/www.keoutdoordesign.com\/fr-fr\/stores-exterieurs\/store-coffre\/store-banne-coffre-grande-avancee-qubica-plumb\/#breadcrumb","itemListElement":[{"@type":"ListItem","position":1,"name":"Home","item":"https:\/\/www.keoutdoordesign.com\/fr-fr\/"},{"@type":"ListItem","position":2,"name":"Stores ext\u00e9rieurs sur mesure","item":"https:\/\/www.keoutdoordesign.com\/fr-fr\/stores-exterieurs\/"},{"@type":"ListItem","position":3,"name":"Stores coffre","item":"https:\/\/www.keoutdoordesign.com\/fr-fr\/stores-exterieurs\/store-coffre\/"},{"@type":"ListItem","position":4,"name":"Store banne avec coffre grande avanc\u00e9e Qubica Plumb"}]},{"@type":"WebSite","@id":"https:\/\/www.keoutdoordesign.com\/it-it\/#website","url":"https:\/\/www.keoutdoordesign.com\/it-it\/","name":"KE Outdoor Design","description":"Un nuovo sito targato WordPress","publisher":{"@id":"https:\/\/www.keoutdoordesign.com\/it-it\/#organization"},"potentialAction":[{"@type":"SearchAction","target":{"@type":"EntryPoint","urlTemplate":"https:\/\/www.keoutdoordesign.com\/it-it\/?s={search_term_string}"},"query-input":{"@type":"PropertyValueSpecification","valueRequired":true,"valueName":"search_term_string"}}],"inLanguage":"fr-FR"},{"@type":"Organization","@id":"https:\/\/www.keoutdoordesign.com\/it-it\/#organization","name":"KE Outdoor Design","url":"https:\/\/www.keoutdoordesign.com\/it-it\/","logo":{"@type":"ImageObject","inLanguage":"fr-FR","@id":"https:\/\/www.keoutdoordesign.com\/it-it\/#\/schema\/logo\/image\/","url":"https:\/\/www.keoutdoordesign.com\/wp-content\/uploads\/2020\/02\/KE-logo-Primary-e1591282842174.jpg","contentUrl":"https:\/\/www.keoutdoordesign.com\/wp-content\/uploads\/2020\/02\/KE-logo-Primary-e1591282842174.jpg","width":500,"height":396,"caption":"KE Outdoor Design"},"image":{"@id":"https:\/\/www.keoutdoordesign.com\/it-it\/#\/schema\/logo\/image\/"},"sameAs":["https:\/\/www.facebook.com\/keoutdoordesign.us","https:\/\/x.com\/keoutdoordesign","https:\/\/www.facebook.com\/keoutdoordesign","https:\/\/www.youtube.com\/channel\/UCSoMQryJpLqD53bAoZLg2Vg","https:\/\/www.pinterest.it\/keoutdoordesign\/","https:\/\/www.instagram.com\/keoutdoordesign\/","https:\/\/www.linkedin.com\/company\/ke-outdoor-design\/"]}]}},"_links":{"self":[{"href":"https:\/\/www.keoutdoordesign.com\/fr-fr\/wp-json\/wp\/v2\/pages\/4612","targetHints":{"allow":["GET"]}}],"collection":[{"href":"https:\/\/www.keoutdoordesign.com\/fr-fr\/wp-json\/wp\/v2\/pages"}],"about":[{"href":"https:\/\/www.keoutdoordesign.com\/fr-fr\/wp-json\/wp\/v2\/types\/page"}],"author":[{"embeddable":true,"href":"https:\/\/www.keoutdoordesign.com\/fr-fr\/wp-json\/wp\/v2\/users\/10608"}],"replies":[{"embeddable":true,"href":"https:\/\/www.keoutdoordesign.com\/fr-fr\/wp-json\/wp\/v2\/comments?post=4612"}],"version-history":[{"count":52,"href":"https:\/\/www.keoutdoordesign.com\/fr-fr\/wp-json\/wp\/v2\/pages\/4612\/revisions"}],"predecessor-version":[{"id":121629,"href":"https:\/\/www.keoutdoordesign.com\/fr-fr\/wp-json\/wp\/v2\/pages\/4612\/revisions\/121629"}],"up":[{"embeddable":true,"href":"https:\/\/www.keoutdoordesign.com\/fr-fr\/wp-json\/wp\/v2\/pages\/4608"}],"wp:featuredmedia":[{"embeddable":true,"href":"https:\/\/www.keoutdoordesign.com\/fr-fr\/wp-json\/wp\/v2\/media\/114238"}],"wp:attachment":[{"href":"https:\/\/www.keoutdoordesign.com\/fr-fr\/wp-json\/wp\/v2\/media?parent=4612"}],"curies":[{"name":"wp","href":"https:\/\/api.w.org\/{rel}","templated":true}]}}