{"id":4608,"date":"2019-06-07T11:03:34","date_gmt":"2019-06-07T09:03:34","guid":{"rendered":"http:\/\/ke.localhost.it\/?page_id=4608"},"modified":"2024-04-24T11:46:15","modified_gmt":"2024-04-24T09:46:15","slug":"store-coffre","status":"publish","type":"page","link":"https:\/\/www.keoutdoordesign.com\/fr-fr\/stores-exterieurs\/store-coffre\/","title":{"rendered":"Stores coffre"},"content":{"rendered":"<h2>Qu\u2019est-ce qu\u2019un store coffre ?<\/h2>\n<p>Pour profiter de votre \u00e9t\u00e9 sans le moindre d\u00e9sagr\u00e9ment, dans un confort optimal, faites confiance \u00e0 KE pour installer un <strong>store coffre<\/strong>. Vous pourrez replier ce dernier d\u00e8s lors qu\u2019il ne vous sera plus utile dans de tr\u00e8s beaux coffres enti\u00e8rement en aluminium conf\u00e9rant un effet \u00e9pur\u00e9 et moderne d\u2019une grande \u00e9l\u00e9gance.<\/p>\n<p><b>L\u2019avantage du coffre<\/b>, en plus d\u2019\u00eatre un \u00e9l\u00e9ment design pour votre fa\u00e7ade, et de prot\u00e9ger la toile des intemp\u00e9ries, ainsi vous la pr\u00e9serverez de longues ann\u00e9es\u00a0!<\/p>\n<p>R\u00e9tractez facilement votre <strong>store coffre<\/strong> gr\u00e2ce \u00e0 une man\u0153uvre <b>par treuil ou motoris\u00e9e<\/b> selon les mod\u00e8les. Appr\u00e9ciez ce confort d\u2019utilisation et roulez et d\u00e9roulez votre store coffre au gr\u00e9 de vos envies.<\/p>\n<h2>Pourquoi installer un store coffre KE ?<\/h2>\n<p>Aujourd\u2019hui plus que jamais, le store coffre est un \u00e9l\u00e9ment indispensable qui habillera votre fa\u00e7ade ; n\u2019h\u00e9sitez plus et installez-en un au plus vite.<\/p>\n<p>Gr\u00e2ce \u00e0 ce type d\u2019installation, vous disposerez de toutes les qualit\u00e9s qu\u2019offre un store classique dans la mesure o\u00f9 il vous conf\u00e8rera un espace ombrag\u00e9 fort appr\u00e9ciable lors des p\u00e9riodes de fortes chaleurs. Mais en plus, il aura cela d\u2019appr\u00e9ciable qu\u2019il dispose d\u2019une durabilit\u00e9 telle que vous le <b>garderez toute votre vie.<\/b><\/p>\n<p>En outre, appr\u00e9ciez le <b>design tr\u00e8s \u00e9pur\u00e9<\/b> que nous vous proposons avec des structures enti\u00e8rement constitu\u00e9es d\u2019aluminium qui se fondera dans votre d\u00e9cor de fa\u00e7on tr\u00e8s naturelle.<\/p>\n<p>Nous prendrons en consid\u00e9ration vos remarques afin d\u2019int\u00e9grer le plus naturellement possible nos structures dans votre espace, elles feront corps avec l\u2019architecture sans jamais la d\u00e9naturer. Nous veillerons \u00e0 ce que le minimalisme \u00e9l\u00e9gant de nos coffres int\u00e9gr\u00e9s permette de ne pas endommager le style de votre habitation.<\/p>\n<p>Enfin, le <strong>store coffre est une protection \u00e0 la pose relativement facile<\/strong>. Ainsi, vous profiterez dans la journ\u00e9e de votre nouvelle installation, pour des moments de d\u00e9tente m\u00e9rit\u00e9s. Disposez tables et chaises accord\u00e9es \u00e0 la toile de votre store coffre (de votre choix parmi une tr\u00e8s large gamme) pour former un magnifique jardin estival.<\/p>\n<p>Et pour vos enfants, vous pouvez y placer une petite piscine afin de les rafra\u00eechir tout en les prot\u00e9geant des rayons du soleil d\u2019\u00e9t\u00e9.<\/p>\n<p>Attention cependant si vous \u00eates confront\u00e9s \u00e0 des vents forts et de l\u00e9g\u00e8res pluies, nous vous conseillons soit de partir sur un <a href=\"https:\/\/www.keoutdoordesign.com\/fr-fr\/stores-exterieurs\/store-banne-monobloc\/\">store banne monobloc<\/a> \u00e9quip\u00e9 de perche t\u00e9lescopique soit sur notre <a href=\"https:\/\/www.keoutdoordesign.com\/fr-fr\/stores-exterieurs\/store-veranda-pergola\/hydrae-plus\/\">store sur pied Hydrae Plus<\/a>.<\/p>\n<p>Le choix KE\u00a0: Le choix de la qualit\u00e9 et du design<\/p>\n<p>Les stores coffre KE poss\u00e8dent <b>des brevets et des syst\u00e8mes int\u00e9gr\u00e9s de hautes technologies<\/b>\u00a0:<\/p>\n<ul>\n<li>Tube d\u2019enroulement en acier galvanis\u00e9 de diam\u00e8tre 80, Rollerbat, pour \u00e9viter la formation de plis sur la toile<\/li>\n<li>Bras Balteus ou Balteus Giant au-del\u00e0 de 3600mm d\u2019avanc\u00e9e, offrant au store une r\u00e9sistance adapt\u00e9e en fonction du poids sur la barre de charge, une s\u00e9curit\u00e9 en plus pour vous et vos proches\u00a0!<\/li>\n<li>Des fixations effectu\u00e9es au moyen d\u2019\u00e9triers en aluminium extrud\u00e9 et de vis en acier<\/li>\n<li>Un laquage \u00e0 toute \u00e9preuve, r\u00e9alis\u00e9 avec des poudres \u00e9poxydiques \u00e0 base de r\u00e9sine polyester<\/li>\n<li>Et pour un design impeccable\u00a0: des caches en aluminium<\/li>\n<li>Le poids de chaque store est indiqu\u00e9 dans les pages produit pour voir si cela convient \u00e0 votre fa\u00e7ade\u00a0!<\/li>\n<\/ul>\n<p>Nos stores coffre sont \u00e9galement fortement personnalisables.<\/p>\n<p>De dimensions sur mesure, ils sont propos\u00e9s dans les couleurs standard RAL 7016FS, Blanc cass\u00e9 1013 ou encore Blanc 9010. Une <b>multitude de coloris sont propos\u00e9s<\/b> en option.<\/p>\n<p>Ainsi l\u2019Anthracite 7016 \u00e9pousera parfaitement toute les maisons modernes tandis que le Blanc cass\u00e9 1013 reste une r\u00e9f\u00e9rence pour les maisons enduites ou avec du cr\u00e9pi.<\/p>\n<p>Pour encore plus d\u2019originalit\u00e9 et de Design on vous propose les <strong>stores coffre Qubica<\/strong>, possible en<b> bicolor<\/b>, une gamme dessin\u00e9e par le designer Robby Cantarutti.<\/p>\n<p>Des options sont propos\u00e9es sur certains mod\u00e8les, comme de la lumi\u00e8re dans <b>les bras ou sous le coffre<\/b> (comme pour le mod\u00e8le Qubica Flat) au moyen de <b>bandeau LED<\/b>.<\/p>\n<p>Si vous voulez vous cacher du vis-\u00e0-vis, vous pouvez \u00e9galement ajouter <b>un lambrequin d\u00e9roulable<\/b> sur les mod\u00e8les Optima et Armony Plus.<\/p>\n<p>Pour d\u2019autres questions n\u2019h\u00e9sitez pas \u00e0 nous contacter, notre \u00e9quipe sera ravi de vous aider\u00a0\ud83d\ude09<\/p>\n<h2>Pourquoi choisir le store banne avec coffre ?<\/h2>\n<p>Vous souhaitez cr\u00e9er un espace cocooning abrit\u00e9 du soleil sur votre terrasse pour inviter vos amis ou votre famille mais vous ne savez pas vers quelle solution vous tourner\u00a0? Nous vous expliquons pourquoi choisir l<strong>e store banne coffre<\/strong> pour votre ext\u00e9rieur\u00a0!<\/p>\n<p>Le store banne coffre poss\u00e8de de nombreux avantages. Le premier, et non des moindres pour la durabilit\u00e9 du store, est la protection optimale de la toile gr\u00e2ce \u00e0 son coffre qui vient envelopper celle-ci et la prot\u00e9ger des intemp\u00e9ries comme de l\u2019humidit\u00e9. De la m\u00eame mani\u00e8re, le coffre prot\u00e9gera les bras extensibles de l\u2019usure mais \u00e9galement des salissures pour un nettoyage moins r\u00e9p\u00e9titif. Ainsi l\u2019investissement du coffre pour une fa\u00e7ade expos\u00e9e au vent n\u2019est pas n\u00e9gligeable.<\/p>\n<p>La seconde, d\u2019ordre davantage design, est la personnalisation de votre store banne coffre. En effet avec un coffre en plus, cela ajoute de la mati\u00e8re o\u00f9 ajouter de la couleur. Et avec une large palette de couleurs possibles qui va du noir au blanc en passant par des couleurs plus vives et des aspects sp\u00e9cifiques, vous pourrez choisir le style qui vous convient.<\/p>\n<p>Dans cette logique de personnalisation toujours plus pouss\u00e9e, le store banne bicolor sur mesure <a href=\"https:\/\/www.keoutdoordesign.com\/fr-fr\/stores-exterieurs\/store-coffre\/store-banne-coffre-integral-qubica-light\/\">Qubica Light<\/a> pour vous offrir toutes les audaces d\u00e9coratives et jouer entre les couleurs et associer votre store \u00e0 diff\u00e9rents \u00e9l\u00e9ments de votre ext\u00e9rieur\u00a0: autres menuiseries, mobiliers, rideaux etc.<\/p>\n<p>Avec de nombreuses options possibles comme un lambrequin d\u00e9roulable, des insertions LED dans les bras ou sous le coffre, le store banne coffre n\u2019est plus qu\u2019une simple protection solaire mais un v\u00e9ritable objet d\u2019am\u00e9nagement design et fonctionnel pour profiter pleinement de vos moments d\u2019\u00e9t\u00e9.<\/p>\n","protected":false},"excerpt":{"rendered":"<p>Qu\u2019est-ce qu\u2019un store coffre ? Pour profiter de votre \u00e9t\u00e9 sans le moindre d\u00e9sagr\u00e9ment, dans un confort optimal, faites confiance&hellip;<\/p>\n","protected":false},"author":10608,"featured_media":14154,"parent":4620,"menu_order":15,"comment_status":"closed","ping_status":"closed","template":"page-templates\/category-products.php","meta":{"_acf_changed":false,"footnotes":""},"class_list":["post-4608","page","type-page","status-publish","has-post-thumbnail","hentry"],"acf":[],"yoast_head":"<!-- This site is optimized with the Yoast SEO Premium plugin v20.12 (Yoast SEO v27.3) - https:\/\/yoast.com\/product\/yoast-seo-premium-wordpress\/ -->\n<title>Stores coffre - KE Outdoor Design<\/title>\n<meta name=\"description\" content=\"Store coffre : D\u00e9couvrez nos stores banne avec coffre sur mesure pour terrasse\/ balcon. Choisissez et personnalisez selon vos besoins et les options possibles: bras LEDS, lambrequin.\" \/>\n<meta name=\"robots\" content=\"index, follow, max-snippet:-1, max-image-preview:large, max-video-preview:-1\" \/>\n<link rel=\"canonical\" href=\"https:\/\/www.keoutdoordesign.com\/fr-fr\/stores-exterieurs\/store-coffre\/\" \/>\n<meta property=\"og:locale\" content=\"fr_FR\" \/>\n<meta property=\"og:type\" content=\"article\" \/>\n<meta property=\"og:title\" content=\"Stores coffre\" \/>\n<meta property=\"og:description\" content=\"Store coffre : D\u00e9couvrez nos stores banne avec coffre sur mesure pour terrasse\/ balcon. Choisissez et personnalisez selon vos besoins et les options possibles: bras LEDS, lambrequin.\" \/>\n<meta property=\"og:url\" content=\"https:\/\/www.keoutdoordesign.com\/fr-fr\/stores-exterieurs\/store-coffre\/\" \/>\n<meta property=\"og:site_name\" content=\"KE Outdoor Design\" \/>\n<meta property=\"article:publisher\" content=\"https:\/\/www.facebook.com\/keoutdoordesign.us\" \/>\n<meta property=\"article:modified_time\" content=\"2024-04-24T09:46:15+00:00\" \/>\n<meta property=\"og:image\" content=\"https:\/\/www.keoutdoordesign.com\/wp-content\/uploads\/2019\/09\/2-Qubica-Plumb.jpg\" \/>\n\t<meta property=\"og:image:width\" content=\"1920\" \/>\n\t<meta property=\"og:image:height\" content=\"1279\" \/>\n\t<meta property=\"og:image:type\" content=\"image\/jpeg\" \/>\n<meta name=\"twitter:card\" content=\"summary_large_image\" \/>\n<meta name=\"twitter:site\" content=\"@keoutdoordesign\" \/>\n<script type=\"application\/ld+json\" class=\"yoast-schema-graph\">{\"@context\":\"https:\\\/\\\/schema.org\",\"@graph\":[{\"@type\":\"WebPage\",\"@id\":\"https:\\\/\\\/www.keoutdoordesign.com\\\/fr-fr\\\/stores-exterieurs\\\/store-coffre\\\/\",\"url\":\"https:\\\/\\\/www.keoutdoordesign.com\\\/fr-fr\\\/stores-exterieurs\\\/store-coffre\\\/\",\"name\":\"Stores coffre - KE Outdoor Design\",\"isPartOf\":{\"@id\":\"https:\\\/\\\/www.keoutdoordesign.com\\\/it-it\\\/#website\"},\"primaryImageOfPage\":{\"@id\":\"https:\\\/\\\/www.keoutdoordesign.com\\\/fr-fr\\\/stores-exterieurs\\\/store-coffre\\\/#primaryimage\"},\"image\":{\"@id\":\"https:\\\/\\\/www.keoutdoordesign.com\\\/fr-fr\\\/stores-exterieurs\\\/store-coffre\\\/#primaryimage\"},\"thumbnailUrl\":\"https:\\\/\\\/www.keoutdoordesign.com\\\/wp-content\\\/uploads\\\/2019\\\/09\\\/2-Qubica-Plumb.jpg\",\"datePublished\":\"2019-06-07T09:03:34+00:00\",\"dateModified\":\"2024-04-24T09:46:15+00:00\",\"description\":\"Store coffre : D\u00e9couvrez nos stores banne avec coffre sur mesure pour terrasse\\\/ balcon. Choisissez et personnalisez selon vos besoins et les options possibles: bras LEDS, lambrequin.\",\"breadcrumb\":{\"@id\":\"https:\\\/\\\/www.keoutdoordesign.com\\\/fr-fr\\\/stores-exterieurs\\\/store-coffre\\\/#breadcrumb\"},\"inLanguage\":\"fr-FR\",\"potentialAction\":[{\"@type\":\"ReadAction\",\"target\":[\"https:\\\/\\\/www.keoutdoordesign.com\\\/fr-fr\\\/stores-exterieurs\\\/store-coffre\\\/\"]}]},{\"@type\":\"ImageObject\",\"inLanguage\":\"fr-FR\",\"@id\":\"https:\\\/\\\/www.keoutdoordesign.com\\\/fr-fr\\\/stores-exterieurs\\\/store-coffre\\\/#primaryimage\",\"url\":\"https:\\\/\\\/www.keoutdoordesign.com\\\/wp-content\\\/uploads\\\/2019\\\/09\\\/2-Qubica-Plumb.jpg\",\"contentUrl\":\"https:\\\/\\\/www.keoutdoordesign.com\\\/wp-content\\\/uploads\\\/2019\\\/09\\\/2-Qubica-Plumb.jpg\",\"width\":1920,\"height\":1279,\"caption\":\"Le store coffre Qubica Plumb est la solution num\u00e9ro 1 pour la couverture de terrasses de grandes avanc\u00e9es\"},{\"@type\":\"BreadcrumbList\",\"@id\":\"https:\\\/\\\/www.keoutdoordesign.com\\\/fr-fr\\\/stores-exterieurs\\\/store-coffre\\\/#breadcrumb\",\"itemListElement\":[{\"@type\":\"ListItem\",\"position\":1,\"name\":\"Home\",\"item\":\"https:\\\/\\\/www.keoutdoordesign.com\\\/fr-fr\\\/\"},{\"@type\":\"ListItem\",\"position\":2,\"name\":\"Stores ext\u00e9rieurs sur mesure\",\"item\":\"https:\\\/\\\/www.keoutdoordesign.com\\\/fr-fr\\\/stores-exterieurs\\\/\"},{\"@type\":\"ListItem\",\"position\":3,\"name\":\"Stores coffre\"}]},{\"@type\":\"WebSite\",\"@id\":\"https:\\\/\\\/www.keoutdoordesign.com\\\/it-it\\\/#website\",\"url\":\"https:\\\/\\\/www.keoutdoordesign.com\\\/it-it\\\/\",\"name\":\"KE Outdoor Design\",\"description\":\"Un nuovo sito targato WordPress\",\"publisher\":{\"@id\":\"https:\\\/\\\/www.keoutdoordesign.com\\\/it-it\\\/#organization\"},\"potentialAction\":[{\"@type\":\"SearchAction\",\"target\":{\"@type\":\"EntryPoint\",\"urlTemplate\":\"https:\\\/\\\/www.keoutdoordesign.com\\\/it-it\\\/?s={search_term_string}\"},\"query-input\":{\"@type\":\"PropertyValueSpecification\",\"valueRequired\":true,\"valueName\":\"search_term_string\"}}],\"inLanguage\":\"fr-FR\"},{\"@type\":\"Organization\",\"@id\":\"https:\\\/\\\/www.keoutdoordesign.com\\\/it-it\\\/#organization\",\"name\":\"KE Outdoor Design\",\"url\":\"https:\\\/\\\/www.keoutdoordesign.com\\\/it-it\\\/\",\"logo\":{\"@type\":\"ImageObject\",\"inLanguage\":\"fr-FR\",\"@id\":\"https:\\\/\\\/www.keoutdoordesign.com\\\/it-it\\\/#\\\/schema\\\/logo\\\/image\\\/\",\"url\":\"https:\\\/\\\/www.keoutdoordesign.com\\\/wp-content\\\/uploads\\\/2020\\\/02\\\/KE-logo-Primary-e1591282842174.jpg\",\"contentUrl\":\"https:\\\/\\\/www.keoutdoordesign.com\\\/wp-content\\\/uploads\\\/2020\\\/02\\\/KE-logo-Primary-e1591282842174.jpg\",\"width\":500,\"height\":396,\"caption\":\"KE Outdoor Design\"},\"image\":{\"@id\":\"https:\\\/\\\/www.keoutdoordesign.com\\\/it-it\\\/#\\\/schema\\\/logo\\\/image\\\/\"},\"sameAs\":[\"https:\\\/\\\/www.facebook.com\\\/keoutdoordesign.us\",\"https:\\\/\\\/x.com\\\/keoutdoordesign\",\"https:\\\/\\\/www.facebook.com\\\/keoutdoordesign\",\"https:\\\/\\\/www.youtube.com\\\/channel\\\/UCSoMQryJpLqD53bAoZLg2Vg\",\"https:\\\/\\\/www.pinterest.it\\\/keoutdoordesign\\\/\",\"https:\\\/\\\/www.instagram.com\\\/keoutdoordesign\\\/\",\"https:\\\/\\\/www.linkedin.com\\\/company\\\/ke-outdoor-design\\\/\"]}]}<\/script>\n<!-- \/ Yoast SEO Premium plugin. -->","yoast_head_json":{"title":"Stores coffre - KE Outdoor Design","description":"Store coffre : D\u00e9couvrez nos stores banne avec coffre sur mesure pour terrasse\/ balcon. Choisissez et personnalisez selon vos besoins et les options possibles: bras LEDS, lambrequin.","robots":{"index":"index","follow":"follow","max-snippet":"max-snippet:-1","max-image-preview":"max-image-preview:large","max-video-preview":"max-video-preview:-1"},"canonical":"https:\/\/www.keoutdoordesign.com\/fr-fr\/stores-exterieurs\/store-coffre\/","og_locale":"fr_FR","og_type":"article","og_title":"Stores coffre","og_description":"Store coffre : D\u00e9couvrez nos stores banne avec coffre sur mesure pour terrasse\/ balcon. Choisissez et personnalisez selon vos besoins et les options possibles: bras LEDS, lambrequin.","og_url":"https:\/\/www.keoutdoordesign.com\/fr-fr\/stores-exterieurs\/store-coffre\/","og_site_name":"KE Outdoor Design","article_publisher":"https:\/\/www.facebook.com\/keoutdoordesign.us","article_modified_time":"2024-04-24T09:46:15+00:00","og_image":[{"width":1920,"height":1279,"url":"https:\/\/www.keoutdoordesign.com\/wp-content\/uploads\/2019\/09\/2-Qubica-Plumb.jpg","type":"image\/jpeg"}],"twitter_card":"summary_large_image","twitter_site":"@keoutdoordesign","schema":{"@context":"https:\/\/schema.org","@graph":[{"@type":"WebPage","@id":"https:\/\/www.keoutdoordesign.com\/fr-fr\/stores-exterieurs\/store-coffre\/","url":"https:\/\/www.keoutdoordesign.com\/fr-fr\/stores-exterieurs\/store-coffre\/","name":"Stores coffre - KE Outdoor Design","isPartOf":{"@id":"https:\/\/www.keoutdoordesign.com\/it-it\/#website"},"primaryImageOfPage":{"@id":"https:\/\/www.keoutdoordesign.com\/fr-fr\/stores-exterieurs\/store-coffre\/#primaryimage"},"image":{"@id":"https:\/\/www.keoutdoordesign.com\/fr-fr\/stores-exterieurs\/store-coffre\/#primaryimage"},"thumbnailUrl":"https:\/\/www.keoutdoordesign.com\/wp-content\/uploads\/2019\/09\/2-Qubica-Plumb.jpg","datePublished":"2019-06-07T09:03:34+00:00","dateModified":"2024-04-24T09:46:15+00:00","description":"Store coffre : D\u00e9couvrez nos stores banne avec coffre sur mesure pour terrasse\/ balcon. Choisissez et personnalisez selon vos besoins et les options possibles: bras LEDS, lambrequin.","breadcrumb":{"@id":"https:\/\/www.keoutdoordesign.com\/fr-fr\/stores-exterieurs\/store-coffre\/#breadcrumb"},"inLanguage":"fr-FR","potentialAction":[{"@type":"ReadAction","target":["https:\/\/www.keoutdoordesign.com\/fr-fr\/stores-exterieurs\/store-coffre\/"]}]},{"@type":"ImageObject","inLanguage":"fr-FR","@id":"https:\/\/www.keoutdoordesign.com\/fr-fr\/stores-exterieurs\/store-coffre\/#primaryimage","url":"https:\/\/www.keoutdoordesign.com\/wp-content\/uploads\/2019\/09\/2-Qubica-Plumb.jpg","contentUrl":"https:\/\/www.keoutdoordesign.com\/wp-content\/uploads\/2019\/09\/2-Qubica-Plumb.jpg","width":1920,"height":1279,"caption":"Le store coffre Qubica Plumb est la solution num\u00e9ro 1 pour la couverture de terrasses de grandes avanc\u00e9es"},{"@type":"BreadcrumbList","@id":"https:\/\/www.keoutdoordesign.com\/fr-fr\/stores-exterieurs\/store-coffre\/#breadcrumb","itemListElement":[{"@type":"ListItem","position":1,"name":"Home","item":"https:\/\/www.keoutdoordesign.com\/fr-fr\/"},{"@type":"ListItem","position":2,"name":"Stores ext\u00e9rieurs sur mesure","item":"https:\/\/www.keoutdoordesign.com\/fr-fr\/stores-exterieurs\/"},{"@type":"ListItem","position":3,"name":"Stores coffre"}]},{"@type":"WebSite","@id":"https:\/\/www.keoutdoordesign.com\/it-it\/#website","url":"https:\/\/www.keoutdoordesign.com\/it-it\/","name":"KE Outdoor Design","description":"Un nuovo sito targato WordPress","publisher":{"@id":"https:\/\/www.keoutdoordesign.com\/it-it\/#organization"},"potentialAction":[{"@type":"SearchAction","target":{"@type":"EntryPoint","urlTemplate":"https:\/\/www.keoutdoordesign.com\/it-it\/?s={search_term_string}"},"query-input":{"@type":"PropertyValueSpecification","valueRequired":true,"valueName":"search_term_string"}}],"inLanguage":"fr-FR"},{"@type":"Organization","@id":"https:\/\/www.keoutdoordesign.com\/it-it\/#organization","name":"KE Outdoor Design","url":"https:\/\/www.keoutdoordesign.com\/it-it\/","logo":{"@type":"ImageObject","inLanguage":"fr-FR","@id":"https:\/\/www.keoutdoordesign.com\/it-it\/#\/schema\/logo\/image\/","url":"https:\/\/www.keoutdoordesign.com\/wp-content\/uploads\/2020\/02\/KE-logo-Primary-e1591282842174.jpg","contentUrl":"https:\/\/www.keoutdoordesign.com\/wp-content\/uploads\/2020\/02\/KE-logo-Primary-e1591282842174.jpg","width":500,"height":396,"caption":"KE Outdoor Design"},"image":{"@id":"https:\/\/www.keoutdoordesign.com\/it-it\/#\/schema\/logo\/image\/"},"sameAs":["https:\/\/www.facebook.com\/keoutdoordesign.us","https:\/\/x.com\/keoutdoordesign","https:\/\/www.facebook.com\/keoutdoordesign","https:\/\/www.youtube.com\/channel\/UCSoMQryJpLqD53bAoZLg2Vg","https:\/\/www.pinterest.it\/keoutdoordesign\/","https:\/\/www.instagram.com\/keoutdoordesign\/","https:\/\/www.linkedin.com\/company\/ke-outdoor-design\/"]}]}},"_links":{"self":[{"href":"https:\/\/www.keoutdoordesign.com\/fr-fr\/wp-json\/wp\/v2\/pages\/4608","targetHints":{"allow":["GET"]}}],"collection":[{"href":"https:\/\/www.keoutdoordesign.com\/fr-fr\/wp-json\/wp\/v2\/pages"}],"about":[{"href":"https:\/\/www.keoutdoordesign.com\/fr-fr\/wp-json\/wp\/v2\/types\/page"}],"author":[{"embeddable":true,"href":"https:\/\/www.keoutdoordesign.com\/fr-fr\/wp-json\/wp\/v2\/users\/10608"}],"replies":[{"embeddable":true,"href":"https:\/\/www.keoutdoordesign.com\/fr-fr\/wp-json\/wp\/v2\/comments?post=4608"}],"version-history":[{"count":21,"href":"https:\/\/www.keoutdoordesign.com\/fr-fr\/wp-json\/wp\/v2\/pages\/4608\/revisions"}],"predecessor-version":[{"id":68898,"href":"https:\/\/www.keoutdoordesign.com\/fr-fr\/wp-json\/wp\/v2\/pages\/4608\/revisions\/68898"}],"up":[{"embeddable":true,"href":"https:\/\/www.keoutdoordesign.com\/fr-fr\/wp-json\/wp\/v2\/pages\/4620"}],"wp:featuredmedia":[{"embeddable":true,"href":"https:\/\/www.keoutdoordesign.com\/fr-fr\/wp-json\/wp\/v2\/media\/14154"}],"wp:attachment":[{"href":"https:\/\/www.keoutdoordesign.com\/fr-fr\/wp-json\/wp\/v2\/media?parent=4608"}],"curies":[{"name":"wp","href":"https:\/\/api.w.org\/{rel}","templated":true}]}}