{"id":4600,"date":"2019-06-07T11:00:47","date_gmt":"2019-06-07T09:00:47","guid":{"rendered":"http:\/\/ke.localhost.it\/?page_id=4600"},"modified":"2022-11-22T12:19:42","modified_gmt":"2022-11-22T11:19:42","slug":"couvertures-pergolas","status":"publish","type":"page","link":"https:\/\/www.keoutdoordesign.com\/fr-fr\/couvertures-pergolas\/","title":{"rendered":"Couvertures Pergolas"},"content":{"rendered":"<p>&nbsp;<\/p>\n<p><b>Vous souhaitez une couverture pour votre pergola pour pouvoir en profiter en toute saison !?<\/b> Notre savoir-faire, notre d\u00e9sir constant d\u2019\u00eatre \u00e0 la pointe de la recherche et notre volont\u00e9 de toujours vous trouver les meilleures solutions nous permettent de <strong>concevoir des couvertures pour pergolas<\/strong>, solides, r\u00e9sistantes et esth\u00e9tiques.<\/p>\n<p>Chaque projet repr\u00e9sente pour nous un nouveau d\u00e9fi\u00a0:<\/p>\n<ul>\n<li style=\"text-align: left;\">Analyse des besoins de nos clients<\/li>\n<li style=\"text-align: left;\">Analyse des particularit\u00e9s de l\u2019espace ext\u00e9rieur \u00e0 am\u00e9nager<\/li>\n<li style=\"text-align: left;\">Identification de\u00a0<b>la solution de couverture la plus efficace pour une pergola aluminium sur-mesure<\/b>.<\/li>\n<\/ul>\n<p>La recherche du style et des mat\u00e9riaux les plus contemporains et les plus innovants nous permet de proposer\u00a0<strong>des rev\u00eatements ext\u00e9rieurs r\u00e9alis\u00e9s sur-mesure<\/strong>, capables de prot\u00e9ger les espaces ext\u00e9rieurs des\u00a0:<\/p>\n<ul>\n<li style=\"text-align: center;\">Restaurants<\/li>\n<li style=\"text-align: center;\">H\u00f4tels et complexes h\u00f4teliers<\/li>\n<li style=\"text-align: center;\">Bars<\/li>\n<li style=\"text-align: center;\">Piscines<\/li>\n<li style=\"text-align: center;\">Centres sportifs<\/li>\n<li style=\"text-align: center;\">Centres commerciaux.<\/li>\n<\/ul>\n<p>Si vous \u00eates un professionnel souhaitant am\u00e9nager ses espaces dans un but commercial retrouvez des <b>solutions adapt\u00e9es \u00e0 VOS besoins<\/b> <a href=\"\/?page_id=3253\">ici<\/a>.<\/p>\n<p>Toutes nos\u00a0<strong>couvertures pergolas d\u2019ext\u00e9rieur personnalis\u00e9es<\/strong>\u00a0peuvent s\u2019adapter \u00e0 des espaces d\u00e9j\u00e0 existants. Gr\u00e2ce aux fermetures lat\u00e9rales en toile ou aux portes coulissantes en verre, nous cr\u00e9ons pour vous de nouveaux espaces de vie outdoor dans lesquels vous pourrez s\u00e9journer toutes saisons peu importe le temps.<\/p>\n<p>Elles sont con\u00e7ues sp\u00e9cialement pour la\u00a0<b>couverture de grands espaces<\/b> avec possibilit\u00e9 \u00e9lev\u00e9e de personnalisation et ayant une <b>tenue \u00e0 l\u2019eau et au vent optimale<\/b>.<\/p>\n","protected":false},"excerpt":{"rendered":"<p>&nbsp; Vous souhaitez une couverture pour votre pergola pour pouvoir en profiter en toute saison !? Notre savoir-faire, notre d\u00e9sir&hellip;<\/p>\n","protected":false},"author":10608,"featured_media":1800,"parent":0,"menu_order":46,"comment_status":"closed","ping_status":"closed","template":"page-templates\/category-products.php","meta":{"_acf_changed":false,"footnotes":""},"class_list":["post-4600","page","type-page","status-publish","has-post-thumbnail","hentry"],"acf":[],"yoast_head":"<!-- This site is optimized with the Yoast SEO Premium plugin v20.12 (Yoast SEO v27.3) - https:\/\/yoast.com\/product\/yoast-seo-premium-wordpress\/ -->\n<title>Couvertures Pergolas -<\/title>\n<meta name=\"description\" content=\"Couvertures pergolas sur mesure: solides, r\u00e9sistantes et esth\u00e9tiques. Con\u00e7ues pour la couverture de grands espaces - r\u00e9sistance eau et vent.\" \/>\n<meta name=\"robots\" content=\"index, follow, max-snippet:-1, max-image-preview:large, max-video-preview:-1\" \/>\n<link rel=\"canonical\" href=\"https:\/\/www.keoutdoordesign.com\/fr-fr\/couvertures-pergolas\/\" \/>\n<meta property=\"og:locale\" content=\"fr_FR\" \/>\n<meta property=\"og:type\" content=\"article\" \/>\n<meta property=\"og:title\" content=\"Couvertures Pergolas\" \/>\n<meta property=\"og:description\" content=\"Couvertures pergolas sur mesure: solides, r\u00e9sistantes et esth\u00e9tiques. Con\u00e7ues pour la couverture de grands espaces - r\u00e9sistance eau et vent.\" \/>\n<meta property=\"og:url\" content=\"https:\/\/www.keoutdoordesign.com\/fr-fr\/couvertures-pergolas\/\" \/>\n<meta property=\"og:site_name\" content=\"KE Outdoor Design\" \/>\n<meta property=\"article:publisher\" content=\"https:\/\/www.facebook.com\/keoutdoordesign.us\" \/>\n<meta property=\"article:modified_time\" content=\"2022-11-22T11:19:42+00:00\" \/>\n<meta property=\"og:image\" content=\"https:\/\/www.keoutdoordesign.com\/wp-content\/uploads\/2019\/05\/ke_outdoor_design_roomy_fisso_1.jpg\" \/>\n\t<meta property=\"og:image:width\" content=\"2000\" \/>\n\t<meta property=\"og:image:height\" content=\"1500\" \/>\n\t<meta property=\"og:image:type\" content=\"image\/jpeg\" \/>\n<meta name=\"twitter:card\" content=\"summary_large_image\" \/>\n<meta name=\"twitter:site\" content=\"@keoutdoordesign\" \/>\n<script type=\"application\/ld+json\" class=\"yoast-schema-graph\">{\"@context\":\"https:\\\/\\\/schema.org\",\"@graph\":[{\"@type\":\"WebPage\",\"@id\":\"https:\\\/\\\/www.keoutdoordesign.com\\\/fr-fr\\\/couvertures-pergolas\\\/\",\"url\":\"https:\\\/\\\/www.keoutdoordesign.com\\\/fr-fr\\\/couvertures-pergolas\\\/\",\"name\":\"Couvertures Pergolas -\",\"isPartOf\":{\"@id\":\"https:\\\/\\\/www.keoutdoordesign.com\\\/it-it\\\/#website\"},\"primaryImageOfPage\":{\"@id\":\"https:\\\/\\\/www.keoutdoordesign.com\\\/fr-fr\\\/couvertures-pergolas\\\/#primaryimage\"},\"image\":{\"@id\":\"https:\\\/\\\/www.keoutdoordesign.com\\\/fr-fr\\\/couvertures-pergolas\\\/#primaryimage\"},\"thumbnailUrl\":\"https:\\\/\\\/www.keoutdoordesign.com\\\/wp-content\\\/uploads\\\/2019\\\/05\\\/ke_outdoor_design_roomy_fisso_1.jpg\",\"datePublished\":\"2019-06-07T09:00:47+00:00\",\"dateModified\":\"2022-11-22T11:19:42+00:00\",\"description\":\"Couvertures pergolas sur mesure: solides, r\u00e9sistantes et esth\u00e9tiques. Con\u00e7ues pour la couverture de grands espaces - r\u00e9sistance eau et vent.\",\"breadcrumb\":{\"@id\":\"https:\\\/\\\/www.keoutdoordesign.com\\\/fr-fr\\\/couvertures-pergolas\\\/#breadcrumb\"},\"inLanguage\":\"fr-FR\",\"potentialAction\":[{\"@type\":\"ReadAction\",\"target\":[\"https:\\\/\\\/www.keoutdoordesign.com\\\/fr-fr\\\/couvertures-pergolas\\\/\"]}]},{\"@type\":\"ImageObject\",\"inLanguage\":\"fr-FR\",\"@id\":\"https:\\\/\\\/www.keoutdoordesign.com\\\/fr-fr\\\/couvertures-pergolas\\\/#primaryimage\",\"url\":\"https:\\\/\\\/www.keoutdoordesign.com\\\/wp-content\\\/uploads\\\/2019\\\/05\\\/ke_outdoor_design_roomy_fisso_1.jpg\",\"contentUrl\":\"https:\\\/\\\/www.keoutdoordesign.com\\\/wp-content\\\/uploads\\\/2019\\\/05\\\/ke_outdoor_design_roomy_fisso_1.jpg\",\"width\":2000,\"height\":1500,\"caption\":\"couvertures-pergolas-aluminium-sur-mesure\"},{\"@type\":\"BreadcrumbList\",\"@id\":\"https:\\\/\\\/www.keoutdoordesign.com\\\/fr-fr\\\/couvertures-pergolas\\\/#breadcrumb\",\"itemListElement\":[{\"@type\":\"ListItem\",\"position\":1,\"name\":\"Home\",\"item\":\"https:\\\/\\\/www.keoutdoordesign.com\\\/fr-fr\\\/\"},{\"@type\":\"ListItem\",\"position\":2,\"name\":\"Couvertures Pergolas\"}]},{\"@type\":\"WebSite\",\"@id\":\"https:\\\/\\\/www.keoutdoordesign.com\\\/it-it\\\/#website\",\"url\":\"https:\\\/\\\/www.keoutdoordesign.com\\\/it-it\\\/\",\"name\":\"KE Outdoor Design\",\"description\":\"Un nuovo sito targato WordPress\",\"publisher\":{\"@id\":\"https:\\\/\\\/www.keoutdoordesign.com\\\/it-it\\\/#organization\"},\"potentialAction\":[{\"@type\":\"SearchAction\",\"target\":{\"@type\":\"EntryPoint\",\"urlTemplate\":\"https:\\\/\\\/www.keoutdoordesign.com\\\/it-it\\\/?s={search_term_string}\"},\"query-input\":{\"@type\":\"PropertyValueSpecification\",\"valueRequired\":true,\"valueName\":\"search_term_string\"}}],\"inLanguage\":\"fr-FR\"},{\"@type\":\"Organization\",\"@id\":\"https:\\\/\\\/www.keoutdoordesign.com\\\/it-it\\\/#organization\",\"name\":\"KE Outdoor Design\",\"url\":\"https:\\\/\\\/www.keoutdoordesign.com\\\/it-it\\\/\",\"logo\":{\"@type\":\"ImageObject\",\"inLanguage\":\"fr-FR\",\"@id\":\"https:\\\/\\\/www.keoutdoordesign.com\\\/it-it\\\/#\\\/schema\\\/logo\\\/image\\\/\",\"url\":\"https:\\\/\\\/www.keoutdoordesign.com\\\/wp-content\\\/uploads\\\/2020\\\/02\\\/KE-logo-Primary-e1591282842174.jpg\",\"contentUrl\":\"https:\\\/\\\/www.keoutdoordesign.com\\\/wp-content\\\/uploads\\\/2020\\\/02\\\/KE-logo-Primary-e1591282842174.jpg\",\"width\":500,\"height\":396,\"caption\":\"KE Outdoor Design\"},\"image\":{\"@id\":\"https:\\\/\\\/www.keoutdoordesign.com\\\/it-it\\\/#\\\/schema\\\/logo\\\/image\\\/\"},\"sameAs\":[\"https:\\\/\\\/www.facebook.com\\\/keoutdoordesign.us\",\"https:\\\/\\\/x.com\\\/keoutdoordesign\",\"https:\\\/\\\/www.facebook.com\\\/keoutdoordesign\",\"https:\\\/\\\/www.youtube.com\\\/channel\\\/UCSoMQryJpLqD53bAoZLg2Vg\",\"https:\\\/\\\/www.pinterest.it\\\/keoutdoordesign\\\/\",\"https:\\\/\\\/www.instagram.com\\\/keoutdoordesign\\\/\",\"https:\\\/\\\/www.linkedin.com\\\/company\\\/ke-outdoor-design\\\/\"]}]}<\/script>\n<!-- \/ Yoast SEO Premium plugin. -->","yoast_head_json":{"title":"Couvertures Pergolas -","description":"Couvertures pergolas sur mesure: solides, r\u00e9sistantes et esth\u00e9tiques. Con\u00e7ues pour la couverture de grands espaces - r\u00e9sistance eau et vent.","robots":{"index":"index","follow":"follow","max-snippet":"max-snippet:-1","max-image-preview":"max-image-preview:large","max-video-preview":"max-video-preview:-1"},"canonical":"https:\/\/www.keoutdoordesign.com\/fr-fr\/couvertures-pergolas\/","og_locale":"fr_FR","og_type":"article","og_title":"Couvertures Pergolas","og_description":"Couvertures pergolas sur mesure: solides, r\u00e9sistantes et esth\u00e9tiques. Con\u00e7ues pour la couverture de grands espaces - r\u00e9sistance eau et vent.","og_url":"https:\/\/www.keoutdoordesign.com\/fr-fr\/couvertures-pergolas\/","og_site_name":"KE Outdoor Design","article_publisher":"https:\/\/www.facebook.com\/keoutdoordesign.us","article_modified_time":"2022-11-22T11:19:42+00:00","og_image":[{"width":2000,"height":1500,"url":"https:\/\/www.keoutdoordesign.com\/wp-content\/uploads\/2019\/05\/ke_outdoor_design_roomy_fisso_1.jpg","type":"image\/jpeg"}],"twitter_card":"summary_large_image","twitter_site":"@keoutdoordesign","schema":{"@context":"https:\/\/schema.org","@graph":[{"@type":"WebPage","@id":"https:\/\/www.keoutdoordesign.com\/fr-fr\/couvertures-pergolas\/","url":"https:\/\/www.keoutdoordesign.com\/fr-fr\/couvertures-pergolas\/","name":"Couvertures Pergolas -","isPartOf":{"@id":"https:\/\/www.keoutdoordesign.com\/it-it\/#website"},"primaryImageOfPage":{"@id":"https:\/\/www.keoutdoordesign.com\/fr-fr\/couvertures-pergolas\/#primaryimage"},"image":{"@id":"https:\/\/www.keoutdoordesign.com\/fr-fr\/couvertures-pergolas\/#primaryimage"},"thumbnailUrl":"https:\/\/www.keoutdoordesign.com\/wp-content\/uploads\/2019\/05\/ke_outdoor_design_roomy_fisso_1.jpg","datePublished":"2019-06-07T09:00:47+00:00","dateModified":"2022-11-22T11:19:42+00:00","description":"Couvertures pergolas sur mesure: solides, r\u00e9sistantes et esth\u00e9tiques. Con\u00e7ues pour la couverture de grands espaces - r\u00e9sistance eau et vent.","breadcrumb":{"@id":"https:\/\/www.keoutdoordesign.com\/fr-fr\/couvertures-pergolas\/#breadcrumb"},"inLanguage":"fr-FR","potentialAction":[{"@type":"ReadAction","target":["https:\/\/www.keoutdoordesign.com\/fr-fr\/couvertures-pergolas\/"]}]},{"@type":"ImageObject","inLanguage":"fr-FR","@id":"https:\/\/www.keoutdoordesign.com\/fr-fr\/couvertures-pergolas\/#primaryimage","url":"https:\/\/www.keoutdoordesign.com\/wp-content\/uploads\/2019\/05\/ke_outdoor_design_roomy_fisso_1.jpg","contentUrl":"https:\/\/www.keoutdoordesign.com\/wp-content\/uploads\/2019\/05\/ke_outdoor_design_roomy_fisso_1.jpg","width":2000,"height":1500,"caption":"couvertures-pergolas-aluminium-sur-mesure"},{"@type":"BreadcrumbList","@id":"https:\/\/www.keoutdoordesign.com\/fr-fr\/couvertures-pergolas\/#breadcrumb","itemListElement":[{"@type":"ListItem","position":1,"name":"Home","item":"https:\/\/www.keoutdoordesign.com\/fr-fr\/"},{"@type":"ListItem","position":2,"name":"Couvertures Pergolas"}]},{"@type":"WebSite","@id":"https:\/\/www.keoutdoordesign.com\/it-it\/#website","url":"https:\/\/www.keoutdoordesign.com\/it-it\/","name":"KE Outdoor Design","description":"Un nuovo sito targato WordPress","publisher":{"@id":"https:\/\/www.keoutdoordesign.com\/it-it\/#organization"},"potentialAction":[{"@type":"SearchAction","target":{"@type":"EntryPoint","urlTemplate":"https:\/\/www.keoutdoordesign.com\/it-it\/?s={search_term_string}"},"query-input":{"@type":"PropertyValueSpecification","valueRequired":true,"valueName":"search_term_string"}}],"inLanguage":"fr-FR"},{"@type":"Organization","@id":"https:\/\/www.keoutdoordesign.com\/it-it\/#organization","name":"KE Outdoor Design","url":"https:\/\/www.keoutdoordesign.com\/it-it\/","logo":{"@type":"ImageObject","inLanguage":"fr-FR","@id":"https:\/\/www.keoutdoordesign.com\/it-it\/#\/schema\/logo\/image\/","url":"https:\/\/www.keoutdoordesign.com\/wp-content\/uploads\/2020\/02\/KE-logo-Primary-e1591282842174.jpg","contentUrl":"https:\/\/www.keoutdoordesign.com\/wp-content\/uploads\/2020\/02\/KE-logo-Primary-e1591282842174.jpg","width":500,"height":396,"caption":"KE Outdoor Design"},"image":{"@id":"https:\/\/www.keoutdoordesign.com\/it-it\/#\/schema\/logo\/image\/"},"sameAs":["https:\/\/www.facebook.com\/keoutdoordesign.us","https:\/\/x.com\/keoutdoordesign","https:\/\/www.facebook.com\/keoutdoordesign","https:\/\/www.youtube.com\/channel\/UCSoMQryJpLqD53bAoZLg2Vg","https:\/\/www.pinterest.it\/keoutdoordesign\/","https:\/\/www.instagram.com\/keoutdoordesign\/","https:\/\/www.linkedin.com\/company\/ke-outdoor-design\/"]}]}},"_links":{"self":[{"href":"https:\/\/www.keoutdoordesign.com\/fr-fr\/wp-json\/wp\/v2\/pages\/4600","targetHints":{"allow":["GET"]}}],"collection":[{"href":"https:\/\/www.keoutdoordesign.com\/fr-fr\/wp-json\/wp\/v2\/pages"}],"about":[{"href":"https:\/\/www.keoutdoordesign.com\/fr-fr\/wp-json\/wp\/v2\/types\/page"}],"author":[{"embeddable":true,"href":"https:\/\/www.keoutdoordesign.com\/fr-fr\/wp-json\/wp\/v2\/users\/10608"}],"replies":[{"embeddable":true,"href":"https:\/\/www.keoutdoordesign.com\/fr-fr\/wp-json\/wp\/v2\/comments?post=4600"}],"version-history":[{"count":7,"href":"https:\/\/www.keoutdoordesign.com\/fr-fr\/wp-json\/wp\/v2\/pages\/4600\/revisions"}],"predecessor-version":[{"id":53901,"href":"https:\/\/www.keoutdoordesign.com\/fr-fr\/wp-json\/wp\/v2\/pages\/4600\/revisions\/53901"}],"wp:featuredmedia":[{"embeddable":true,"href":"https:\/\/www.keoutdoordesign.com\/fr-fr\/wp-json\/wp\/v2\/media\/1800"}],"wp:attachment":[{"href":"https:\/\/www.keoutdoordesign.com\/fr-fr\/wp-json\/wp\/v2\/media?parent=4600"}],"curies":[{"name":"wp","href":"https:\/\/api.w.org\/{rel}","templated":true}]}}