{"id":4598,"date":"2019-06-07T11:00:01","date_gmt":"2019-06-07T09:00:01","guid":{"rendered":"http:\/\/ke.localhost.it\/?page_id=4598"},"modified":"2026-02-23T16:16:31","modified_gmt":"2026-02-23T15:16:31","slug":"pergola-bioclimatique-lames-orientables-kedry-prime","status":"publish","type":"page","link":"https:\/\/www.keoutdoordesign.com\/fr-fr\/pergolas-gennius\/pergolas-bioclimatiques\/pergola-bioclimatique-lames-orientables-kedry-prime\/","title":{"rendered":"Pergola bioclimatique \u00e0 lames orientables Kedry Prime"},"content":{"rendered":"<h3>Pergola Bioclimatique \u00e0 Lames Orientables Kedry Prime<\/h3>\n<p>La Pergola Bioclimatique \u00e0 Lames Orientables peut \u00eatre ferm\u00e9e avec plusieurs types de vitrages, projet\u00e9s pour prot\u00e9ger contre les \u00e9l\u00e9ments. Gr\u00e2ce au syst\u00e8me Vertika Prime, elle peut \u00eatre int\u00e9gr\u00e9e avec stores lat\u00e9raux et frontaux. La <strong>possibilit\u00e9 de choix des toiles<\/strong> (transparentes, filtrantes et occult\u00e2tes) permet d\u2019avoir un niveau de blindage d\u00e9sir\u00e9 ; quand le syst\u00e8me <a href=\"\/?page_id=12531\"><strong>Vertika Gennius<\/strong><\/a> est ferm\u00e9, il dispara\u00eet compl\u00e8tement \u00e0 l\u2019int\u00e9rieur de la structure.<\/p>\n<p>Facilement installable et gr\u00e2ce \u00e0 sa modularit\u00e9, la <strong>pergola bioclimatique KEDRY PRIME<\/strong> est adaptable dans tous les espaces : la structure est \u00e9quip\u00e9e d\u2019une toiture \u00e0 lames, pour une esth\u00e9tique plus propre et un mineur encombrement en hauteur et d\u2019un kit lumi\u00e8re int\u00e9gr\u00e9 dans le p\u00e9rim\u00e8tre, qui rendent le <strong>produit hautement personnalisable et capable de r\u00e9pondre aux besoins les plus diff\u00e9rents<\/strong>.<\/p>\n<p>De plus, \u00e0 l\u2019int\u00e9rieur, la structure peut \u00eatre enrichie avec des rideaux d\u00e9coratifs drap\u00e9s : la touche romantique sera appr\u00e9ci\u00e9e s\u00fbrement par le client qui recherche un peu d\u2019intimit\u00e9.<\/p>\n<p>Le confort maximal est garanti par une parfaite automatisation : app pour smartphone et tablette permettent une parfaite gestion \u00e0 distance et d\u00e9finissent les temps et les modalit\u00e9s d\u2019ouverture et de fermeture du store.<\/p>\n","protected":false},"excerpt":{"rendered":"<p>Pergola Bioclimatique \u00e0 Lames Orientables Kedry Prime La Pergola Bioclimatique \u00e0 Lames Orientables peut \u00eatre ferm\u00e9e avec plusieurs types de&hellip;<\/p>\n","protected":false},"author":10608,"featured_media":113484,"parent":4589,"menu_order":7,"comment_status":"closed","ping_status":"closed","template":"page-templates\/product.php","meta":{"_acf_changed":false,"footnotes":""},"class_list":["post-4598","page","type-page","status-publish","has-post-thumbnail","hentry"],"acf":[],"yoast_head":"<!-- This site is optimized with the Yoast SEO Premium plugin v20.12 (Yoast SEO v27.3) - https:\/\/yoast.com\/product\/yoast-seo-premium-wordpress\/ -->\n<title>Pergola Bioclimatique \u00e0 Lames Orientables - Kedry Prime - KE<\/title>\n<meta name=\"description\" content=\"Kedry Prime est une pergola bioclimatique \u00e0 lames orientables, adaptable dans tous les espaces. D\u00e9couvrez nos solutions de protection solaire\" \/>\n<meta name=\"robots\" content=\"index, follow, max-snippet:-1, max-image-preview:large, max-video-preview:-1\" \/>\n<link rel=\"canonical\" href=\"https:\/\/www.keoutdoordesign.com\/fr-fr\/pergolas-gennius\/pergolas-bioclimatiques\/pergola-bioclimatique-lames-orientables-kedry-prime\/\" \/>\n<meta property=\"og:locale\" content=\"fr_FR\" \/>\n<meta property=\"og:type\" content=\"article\" \/>\n<meta property=\"og:title\" content=\"Pergola bioclimatique \u00e0 lames orientables Kedry Prime\" \/>\n<meta property=\"og:description\" content=\"Kedry Prime est une pergola bioclimatique \u00e0 lames orientables, adaptable dans tous les espaces. D\u00e9couvrez nos solutions de protection solaire\" \/>\n<meta property=\"og:url\" content=\"https:\/\/www.keoutdoordesign.com\/fr-fr\/pergolas-gennius\/pergolas-bioclimatiques\/pergola-bioclimatique-lames-orientables-kedry-prime\/\" \/>\n<meta property=\"og:site_name\" content=\"KE Outdoor Design\" \/>\n<meta property=\"article:publisher\" content=\"https:\/\/www.facebook.com\/keoutdoordesign.us\" \/>\n<meta property=\"article:modified_time\" content=\"2026-02-23T15:16:31+00:00\" \/>\n<meta property=\"og:image\" content=\"https:\/\/www.keoutdoordesign.com\/wp-content\/uploads\/2025\/10\/KE-J44-19.jpg\" \/>\n\t<meta property=\"og:image:width\" content=\"1920\" \/>\n\t<meta property=\"og:image:height\" content=\"1277\" \/>\n\t<meta property=\"og:image:type\" content=\"image\/jpeg\" \/>\n<meta name=\"twitter:card\" content=\"summary_large_image\" \/>\n<meta name=\"twitter:site\" content=\"@keoutdoordesign\" \/>\n<script type=\"application\/ld+json\" class=\"yoast-schema-graph\">{\"@context\":\"https:\\\/\\\/schema.org\",\"@graph\":[{\"@type\":\"WebPage\",\"@id\":\"https:\\\/\\\/www.keoutdoordesign.com\\\/fr-fr\\\/pergolas-gennius\\\/pergolas-bioclimatiques\\\/pergola-bioclimatique-lames-orientables-kedry-prime\\\/\",\"url\":\"https:\\\/\\\/www.keoutdoordesign.com\\\/fr-fr\\\/pergolas-gennius\\\/pergolas-bioclimatiques\\\/pergola-bioclimatique-lames-orientables-kedry-prime\\\/\",\"name\":\"Pergola Bioclimatique \u00e0 Lames Orientables - Kedry Prime - KE\",\"isPartOf\":{\"@id\":\"https:\\\/\\\/www.keoutdoordesign.com\\\/it-it\\\/#website\"},\"primaryImageOfPage\":{\"@id\":\"https:\\\/\\\/www.keoutdoordesign.com\\\/fr-fr\\\/pergolas-gennius\\\/pergolas-bioclimatiques\\\/pergola-bioclimatique-lames-orientables-kedry-prime\\\/#primaryimage\"},\"image\":{\"@id\":\"https:\\\/\\\/www.keoutdoordesign.com\\\/fr-fr\\\/pergolas-gennius\\\/pergolas-bioclimatiques\\\/pergola-bioclimatique-lames-orientables-kedry-prime\\\/#primaryimage\"},\"thumbnailUrl\":\"https:\\\/\\\/www.keoutdoordesign.com\\\/wp-content\\\/uploads\\\/2025\\\/10\\\/KE-J44-19.jpg\",\"datePublished\":\"2019-06-07T09:00:01+00:00\",\"dateModified\":\"2026-02-23T15:16:31+00:00\",\"description\":\"Kedry Prime est une pergola bioclimatique \u00e0 lames orientables, adaptable dans tous les espaces. D\u00e9couvrez nos solutions de protection solaire\",\"breadcrumb\":{\"@id\":\"https:\\\/\\\/www.keoutdoordesign.com\\\/fr-fr\\\/pergolas-gennius\\\/pergolas-bioclimatiques\\\/pergola-bioclimatique-lames-orientables-kedry-prime\\\/#breadcrumb\"},\"inLanguage\":\"fr-FR\",\"potentialAction\":[{\"@type\":\"ReadAction\",\"target\":[\"https:\\\/\\\/www.keoutdoordesign.com\\\/fr-fr\\\/pergolas-gennius\\\/pergolas-bioclimatiques\\\/pergola-bioclimatique-lames-orientables-kedry-prime\\\/\"]}]},{\"@type\":\"ImageObject\",\"inLanguage\":\"fr-FR\",\"@id\":\"https:\\\/\\\/www.keoutdoordesign.com\\\/fr-fr\\\/pergolas-gennius\\\/pergolas-bioclimatiques\\\/pergola-bioclimatique-lames-orientables-kedry-prime\\\/#primaryimage\",\"url\":\"https:\\\/\\\/www.keoutdoordesign.com\\\/wp-content\\\/uploads\\\/2025\\\/10\\\/KE-J44-19.jpg\",\"contentUrl\":\"https:\\\/\\\/www.keoutdoordesign.com\\\/wp-content\\\/uploads\\\/2025\\\/10\\\/KE-J44-19.jpg\",\"width\":1920,\"height\":1277},{\"@type\":\"BreadcrumbList\",\"@id\":\"https:\\\/\\\/www.keoutdoordesign.com\\\/fr-fr\\\/pergolas-gennius\\\/pergolas-bioclimatiques\\\/pergola-bioclimatique-lames-orientables-kedry-prime\\\/#breadcrumb\",\"itemListElement\":[{\"@type\":\"ListItem\",\"position\":1,\"name\":\"Home\",\"item\":\"https:\\\/\\\/www.keoutdoordesign.com\\\/fr-fr\\\/\"},{\"@type\":\"ListItem\",\"position\":2,\"name\":\"Pergolas sur mesure\",\"item\":\"https:\\\/\\\/www.keoutdoordesign.com\\\/fr-fr\\\/pergolas-gennius\\\/\"},{\"@type\":\"ListItem\",\"position\":3,\"name\":\"Pergolas bioclimatiques\",\"item\":\"https:\\\/\\\/www.keoutdoordesign.com\\\/fr-fr\\\/pergolas-gennius\\\/pergolas-bioclimatiques\\\/\"},{\"@type\":\"ListItem\",\"position\":4,\"name\":\"Pergola bioclimatique \u00e0 lames orientables Kedry Prime\"}]},{\"@type\":\"WebSite\",\"@id\":\"https:\\\/\\\/www.keoutdoordesign.com\\\/it-it\\\/#website\",\"url\":\"https:\\\/\\\/www.keoutdoordesign.com\\\/it-it\\\/\",\"name\":\"KE Outdoor Design\",\"description\":\"Un nuovo sito targato WordPress\",\"publisher\":{\"@id\":\"https:\\\/\\\/www.keoutdoordesign.com\\\/it-it\\\/#organization\"},\"potentialAction\":[{\"@type\":\"SearchAction\",\"target\":{\"@type\":\"EntryPoint\",\"urlTemplate\":\"https:\\\/\\\/www.keoutdoordesign.com\\\/it-it\\\/?s={search_term_string}\"},\"query-input\":{\"@type\":\"PropertyValueSpecification\",\"valueRequired\":true,\"valueName\":\"search_term_string\"}}],\"inLanguage\":\"fr-FR\"},{\"@type\":\"Organization\",\"@id\":\"https:\\\/\\\/www.keoutdoordesign.com\\\/it-it\\\/#organization\",\"name\":\"KE Outdoor Design\",\"url\":\"https:\\\/\\\/www.keoutdoordesign.com\\\/it-it\\\/\",\"logo\":{\"@type\":\"ImageObject\",\"inLanguage\":\"fr-FR\",\"@id\":\"https:\\\/\\\/www.keoutdoordesign.com\\\/it-it\\\/#\\\/schema\\\/logo\\\/image\\\/\",\"url\":\"https:\\\/\\\/www.keoutdoordesign.com\\\/wp-content\\\/uploads\\\/2020\\\/02\\\/KE-logo-Primary-e1591282842174.jpg\",\"contentUrl\":\"https:\\\/\\\/www.keoutdoordesign.com\\\/wp-content\\\/uploads\\\/2020\\\/02\\\/KE-logo-Primary-e1591282842174.jpg\",\"width\":500,\"height\":396,\"caption\":\"KE Outdoor Design\"},\"image\":{\"@id\":\"https:\\\/\\\/www.keoutdoordesign.com\\\/it-it\\\/#\\\/schema\\\/logo\\\/image\\\/\"},\"sameAs\":[\"https:\\\/\\\/www.facebook.com\\\/keoutdoordesign.us\",\"https:\\\/\\\/x.com\\\/keoutdoordesign\",\"https:\\\/\\\/www.facebook.com\\\/keoutdoordesign\",\"https:\\\/\\\/www.youtube.com\\\/channel\\\/UCSoMQryJpLqD53bAoZLg2Vg\",\"https:\\\/\\\/www.pinterest.it\\\/keoutdoordesign\\\/\",\"https:\\\/\\\/www.instagram.com\\\/keoutdoordesign\\\/\",\"https:\\\/\\\/www.linkedin.com\\\/company\\\/ke-outdoor-design\\\/\"]}]}<\/script>\n<!-- \/ Yoast SEO Premium plugin. -->","yoast_head_json":{"title":"Pergola Bioclimatique \u00e0 Lames Orientables - Kedry Prime - KE","description":"Kedry Prime est une pergola bioclimatique \u00e0 lames orientables, adaptable dans tous les espaces. D\u00e9couvrez nos solutions de protection solaire","robots":{"index":"index","follow":"follow","max-snippet":"max-snippet:-1","max-image-preview":"max-image-preview:large","max-video-preview":"max-video-preview:-1"},"canonical":"https:\/\/www.keoutdoordesign.com\/fr-fr\/pergolas-gennius\/pergolas-bioclimatiques\/pergola-bioclimatique-lames-orientables-kedry-prime\/","og_locale":"fr_FR","og_type":"article","og_title":"Pergola bioclimatique \u00e0 lames orientables Kedry Prime","og_description":"Kedry Prime est une pergola bioclimatique \u00e0 lames orientables, adaptable dans tous les espaces. D\u00e9couvrez nos solutions de protection solaire","og_url":"https:\/\/www.keoutdoordesign.com\/fr-fr\/pergolas-gennius\/pergolas-bioclimatiques\/pergola-bioclimatique-lames-orientables-kedry-prime\/","og_site_name":"KE Outdoor Design","article_publisher":"https:\/\/www.facebook.com\/keoutdoordesign.us","article_modified_time":"2026-02-23T15:16:31+00:00","og_image":[{"width":1920,"height":1277,"url":"https:\/\/www.keoutdoordesign.com\/wp-content\/uploads\/2025\/10\/KE-J44-19.jpg","type":"image\/jpeg"}],"twitter_card":"summary_large_image","twitter_site":"@keoutdoordesign","schema":{"@context":"https:\/\/schema.org","@graph":[{"@type":"WebPage","@id":"https:\/\/www.keoutdoordesign.com\/fr-fr\/pergolas-gennius\/pergolas-bioclimatiques\/pergola-bioclimatique-lames-orientables-kedry-prime\/","url":"https:\/\/www.keoutdoordesign.com\/fr-fr\/pergolas-gennius\/pergolas-bioclimatiques\/pergola-bioclimatique-lames-orientables-kedry-prime\/","name":"Pergola Bioclimatique \u00e0 Lames Orientables - Kedry Prime - KE","isPartOf":{"@id":"https:\/\/www.keoutdoordesign.com\/it-it\/#website"},"primaryImageOfPage":{"@id":"https:\/\/www.keoutdoordesign.com\/fr-fr\/pergolas-gennius\/pergolas-bioclimatiques\/pergola-bioclimatique-lames-orientables-kedry-prime\/#primaryimage"},"image":{"@id":"https:\/\/www.keoutdoordesign.com\/fr-fr\/pergolas-gennius\/pergolas-bioclimatiques\/pergola-bioclimatique-lames-orientables-kedry-prime\/#primaryimage"},"thumbnailUrl":"https:\/\/www.keoutdoordesign.com\/wp-content\/uploads\/2025\/10\/KE-J44-19.jpg","datePublished":"2019-06-07T09:00:01+00:00","dateModified":"2026-02-23T15:16:31+00:00","description":"Kedry Prime est une pergola bioclimatique \u00e0 lames orientables, adaptable dans tous les espaces. D\u00e9couvrez nos solutions de protection solaire","breadcrumb":{"@id":"https:\/\/www.keoutdoordesign.com\/fr-fr\/pergolas-gennius\/pergolas-bioclimatiques\/pergola-bioclimatique-lames-orientables-kedry-prime\/#breadcrumb"},"inLanguage":"fr-FR","potentialAction":[{"@type":"ReadAction","target":["https:\/\/www.keoutdoordesign.com\/fr-fr\/pergolas-gennius\/pergolas-bioclimatiques\/pergola-bioclimatique-lames-orientables-kedry-prime\/"]}]},{"@type":"ImageObject","inLanguage":"fr-FR","@id":"https:\/\/www.keoutdoordesign.com\/fr-fr\/pergolas-gennius\/pergolas-bioclimatiques\/pergola-bioclimatique-lames-orientables-kedry-prime\/#primaryimage","url":"https:\/\/www.keoutdoordesign.com\/wp-content\/uploads\/2025\/10\/KE-J44-19.jpg","contentUrl":"https:\/\/www.keoutdoordesign.com\/wp-content\/uploads\/2025\/10\/KE-J44-19.jpg","width":1920,"height":1277},{"@type":"BreadcrumbList","@id":"https:\/\/www.keoutdoordesign.com\/fr-fr\/pergolas-gennius\/pergolas-bioclimatiques\/pergola-bioclimatique-lames-orientables-kedry-prime\/#breadcrumb","itemListElement":[{"@type":"ListItem","position":1,"name":"Home","item":"https:\/\/www.keoutdoordesign.com\/fr-fr\/"},{"@type":"ListItem","position":2,"name":"Pergolas sur mesure","item":"https:\/\/www.keoutdoordesign.com\/fr-fr\/pergolas-gennius\/"},{"@type":"ListItem","position":3,"name":"Pergolas bioclimatiques","item":"https:\/\/www.keoutdoordesign.com\/fr-fr\/pergolas-gennius\/pergolas-bioclimatiques\/"},{"@type":"ListItem","position":4,"name":"Pergola bioclimatique \u00e0 lames orientables Kedry Prime"}]},{"@type":"WebSite","@id":"https:\/\/www.keoutdoordesign.com\/it-it\/#website","url":"https:\/\/www.keoutdoordesign.com\/it-it\/","name":"KE Outdoor Design","description":"Un nuovo sito targato WordPress","publisher":{"@id":"https:\/\/www.keoutdoordesign.com\/it-it\/#organization"},"potentialAction":[{"@type":"SearchAction","target":{"@type":"EntryPoint","urlTemplate":"https:\/\/www.keoutdoordesign.com\/it-it\/?s={search_term_string}"},"query-input":{"@type":"PropertyValueSpecification","valueRequired":true,"valueName":"search_term_string"}}],"inLanguage":"fr-FR"},{"@type":"Organization","@id":"https:\/\/www.keoutdoordesign.com\/it-it\/#organization","name":"KE Outdoor Design","url":"https:\/\/www.keoutdoordesign.com\/it-it\/","logo":{"@type":"ImageObject","inLanguage":"fr-FR","@id":"https:\/\/www.keoutdoordesign.com\/it-it\/#\/schema\/logo\/image\/","url":"https:\/\/www.keoutdoordesign.com\/wp-content\/uploads\/2020\/02\/KE-logo-Primary-e1591282842174.jpg","contentUrl":"https:\/\/www.keoutdoordesign.com\/wp-content\/uploads\/2020\/02\/KE-logo-Primary-e1591282842174.jpg","width":500,"height":396,"caption":"KE Outdoor Design"},"image":{"@id":"https:\/\/www.keoutdoordesign.com\/it-it\/#\/schema\/logo\/image\/"},"sameAs":["https:\/\/www.facebook.com\/keoutdoordesign.us","https:\/\/x.com\/keoutdoordesign","https:\/\/www.facebook.com\/keoutdoordesign","https:\/\/www.youtube.com\/channel\/UCSoMQryJpLqD53bAoZLg2Vg","https:\/\/www.pinterest.it\/keoutdoordesign\/","https:\/\/www.instagram.com\/keoutdoordesign\/","https:\/\/www.linkedin.com\/company\/ke-outdoor-design\/"]}]}},"_links":{"self":[{"href":"https:\/\/www.keoutdoordesign.com\/fr-fr\/wp-json\/wp\/v2\/pages\/4598","targetHints":{"allow":["GET"]}}],"collection":[{"href":"https:\/\/www.keoutdoordesign.com\/fr-fr\/wp-json\/wp\/v2\/pages"}],"about":[{"href":"https:\/\/www.keoutdoordesign.com\/fr-fr\/wp-json\/wp\/v2\/types\/page"}],"author":[{"embeddable":true,"href":"https:\/\/www.keoutdoordesign.com\/fr-fr\/wp-json\/wp\/v2\/users\/10608"}],"replies":[{"embeddable":true,"href":"https:\/\/www.keoutdoordesign.com\/fr-fr\/wp-json\/wp\/v2\/comments?post=4598"}],"version-history":[{"count":48,"href":"https:\/\/www.keoutdoordesign.com\/fr-fr\/wp-json\/wp\/v2\/pages\/4598\/revisions"}],"predecessor-version":[{"id":119168,"href":"https:\/\/www.keoutdoordesign.com\/fr-fr\/wp-json\/wp\/v2\/pages\/4598\/revisions\/119168"}],"up":[{"embeddable":true,"href":"https:\/\/www.keoutdoordesign.com\/fr-fr\/wp-json\/wp\/v2\/pages\/4589"}],"wp:featuredmedia":[{"embeddable":true,"href":"https:\/\/www.keoutdoordesign.com\/fr-fr\/wp-json\/wp\/v2\/media\/113484"}],"wp:attachment":[{"href":"https:\/\/www.keoutdoordesign.com\/fr-fr\/wp-json\/wp\/v2\/media?parent=4598"}],"curies":[{"name":"wp","href":"https:\/\/api.w.org\/{rel}","templated":true}]}}