{"id":4591,"date":"2019-06-07T10:58:31","date_gmt":"2019-06-07T08:58:31","guid":{"rendered":"http:\/\/ke.localhost.it\/?page_id=4591"},"modified":"2026-02-23T16:29:09","modified_gmt":"2026-02-23T15:29:09","slug":"pergola-bioclimatique-autoportante-kedry-plus","status":"publish","type":"page","link":"https:\/\/www.keoutdoordesign.com\/fr-fr\/pergolas-gennius\/pergolas-bioclimatiques\/pergola-bioclimatique-autoportante-kedry-plus\/","title":{"rendered":"Pergola bioclimatique autoportante Kedry Plus"},"content":{"rendered":"<h4><strong><em>La d\u00e9finition de modularit\u00e9<\/em><\/strong><\/h4>\n<p>Pergola bioclimatique \u00e0 lames orientables \u00e9tudi\u00e9e pour assurer une protection solaire maximale et une r\u00e9sistance optimale aux intemp\u00e9ries.<\/p>\n<p>Transformez vos espaces ext\u00e9rieurs en un coin de paradis avec KEDRY PLUS. Sa structure, design et personnalisable s\u2019adapte et se fond \u00e0 tout type d\u2019environnement.<\/p>\n<p>Une solution sur mesure \u00e0 vos attentes\u00a0: taille, nombre de modules, couleur ou grain de laquage\u00a0: tout est pens\u00e9 pour que vous obteniez le produit de votre imagination.<\/p>\n<p>En effet en fonction de vos besoins et de la configuration choisie vous pouvez compl\u00e9ter la structure ou les modules qui la composent avec des syst\u00e8mes de fermetures :<\/p>\n<ul>\n<li><a href=\"\/?page_id=23566\">Line Glass<\/a> :\u00a0<strong>Vitrage panoramique <\/strong>coulissant ouvrant sur le paysage<\/li>\n<li>Vertika Prime :\u00a0<strong>Store vertical<\/strong>\u00a0pour un confort visuel et thermique totalement modulable<\/li>\n<\/ul>\n<p>Vous pouvez \u00e9galement ajouter des bandeaux LEDs pour une performance intacte la nuit tomb\u00e9e.<\/p>\n<p>Une isolation des lames est \u00e9galement possible pour une confort phonique sup\u00e9rieur dans votre espace.<\/p>\n","protected":false},"excerpt":{"rendered":"<p>La d\u00e9finition de modularit\u00e9 Pergola bioclimatique \u00e0 lames orientables \u00e9tudi\u00e9e pour assurer une protection solaire maximale et une r\u00e9sistance optimale&hellip;<\/p>\n","protected":false},"author":10608,"featured_media":65281,"parent":4589,"menu_order":15,"comment_status":"closed","ping_status":"closed","template":"page-templates\/product.php","meta":{"_acf_changed":false,"footnotes":""},"class_list":["post-4591","page","type-page","status-publish","has-post-thumbnail","hentry"],"acf":[],"yoast_head":"<!-- This site is optimized with the Yoast SEO Premium plugin v20.12 (Yoast SEO v27.3) - https:\/\/yoast.com\/product\/yoast-seo-premium-wordpress\/ -->\n<title>Pergola bioclimatique autoportante Kedry Plus - KE<\/title>\n<meta name=\"description\" content=\"Pergola bioclimatique autoportante en aluminium avec toiture \u00e0 lames orientables compos\u00e9e de goutti\u00e8res le long du p\u00e9rim\u00e8tre qui permettent la rotation des lames et l&#039;\u00e9coulement de l&#039;eau.\" \/>\n<meta name=\"robots\" content=\"index, follow, max-snippet:-1, max-image-preview:large, max-video-preview:-1\" \/>\n<link rel=\"canonical\" href=\"https:\/\/www.keoutdoordesign.com\/fr-fr\/pergolas-gennius\/pergolas-bioclimatiques\/pergola-bioclimatique-autoportante-kedry-plus\/\" \/>\n<meta property=\"og:locale\" content=\"fr_FR\" \/>\n<meta property=\"og:type\" content=\"article\" \/>\n<meta property=\"og:title\" content=\"Pergola bioclimatique autoportante Kedry Plus\" \/>\n<meta property=\"og:description\" content=\"Pergola bioclimatique autoportante en aluminium avec toiture \u00e0 lames orientables compos\u00e9e de goutti\u00e8res le long du p\u00e9rim\u00e8tre qui permettent la rotation des lames et l&#039;\u00e9coulement de l&#039;eau.\" \/>\n<meta property=\"og:url\" content=\"https:\/\/www.keoutdoordesign.com\/fr-fr\/pergolas-gennius\/pergolas-bioclimatiques\/pergola-bioclimatique-autoportante-kedry-plus\/\" \/>\n<meta property=\"og:site_name\" content=\"KE Outdoor Design\" \/>\n<meta property=\"article:publisher\" content=\"https:\/\/www.facebook.com\/keoutdoordesign.us\" \/>\n<meta property=\"article:modified_time\" content=\"2026-02-23T15:29:09+00:00\" \/>\n<meta property=\"og:image\" content=\"https:\/\/www.keoutdoordesign.com\/wp-content\/uploads\/2024\/01\/pergola-bioclimatique-autoportee-ke-kedry-plus.jpg\" \/>\n\t<meta property=\"og:image:width\" content=\"1920\" \/>\n\t<meta property=\"og:image:height\" content=\"1280\" \/>\n\t<meta property=\"og:image:type\" content=\"image\/jpeg\" \/>\n<meta name=\"twitter:card\" content=\"summary_large_image\" \/>\n<meta name=\"twitter:site\" content=\"@keoutdoordesign\" \/>\n<script type=\"application\/ld+json\" class=\"yoast-schema-graph\">{\"@context\":\"https:\\\/\\\/schema.org\",\"@graph\":[{\"@type\":\"WebPage\",\"@id\":\"https:\\\/\\\/www.keoutdoordesign.com\\\/fr-fr\\\/pergolas-gennius\\\/pergolas-bioclimatiques\\\/pergola-bioclimatique-autoportante-kedry-plus\\\/\",\"url\":\"https:\\\/\\\/www.keoutdoordesign.com\\\/fr-fr\\\/pergolas-gennius\\\/pergolas-bioclimatiques\\\/pergola-bioclimatique-autoportante-kedry-plus\\\/\",\"name\":\"Pergola bioclimatique autoportante Kedry Plus - KE\",\"isPartOf\":{\"@id\":\"https:\\\/\\\/www.keoutdoordesign.com\\\/it-it\\\/#website\"},\"primaryImageOfPage\":{\"@id\":\"https:\\\/\\\/www.keoutdoordesign.com\\\/fr-fr\\\/pergolas-gennius\\\/pergolas-bioclimatiques\\\/pergola-bioclimatique-autoportante-kedry-plus\\\/#primaryimage\"},\"image\":{\"@id\":\"https:\\\/\\\/www.keoutdoordesign.com\\\/fr-fr\\\/pergolas-gennius\\\/pergolas-bioclimatiques\\\/pergola-bioclimatique-autoportante-kedry-plus\\\/#primaryimage\"},\"thumbnailUrl\":\"https:\\\/\\\/www.keoutdoordesign.com\\\/wp-content\\\/uploads\\\/2024\\\/01\\\/pergola-bioclimatique-autoportee-ke-kedry-plus.jpg\",\"datePublished\":\"2019-06-07T08:58:31+00:00\",\"dateModified\":\"2026-02-23T15:29:09+00:00\",\"description\":\"Pergola bioclimatique autoportante en aluminium avec toiture \u00e0 lames orientables compos\u00e9e de goutti\u00e8res le long du p\u00e9rim\u00e8tre qui permettent la rotation des lames et l'\u00e9coulement de l'eau.\",\"breadcrumb\":{\"@id\":\"https:\\\/\\\/www.keoutdoordesign.com\\\/fr-fr\\\/pergolas-gennius\\\/pergolas-bioclimatiques\\\/pergola-bioclimatique-autoportante-kedry-plus\\\/#breadcrumb\"},\"inLanguage\":\"fr-FR\",\"potentialAction\":[{\"@type\":\"ReadAction\",\"target\":[\"https:\\\/\\\/www.keoutdoordesign.com\\\/fr-fr\\\/pergolas-gennius\\\/pergolas-bioclimatiques\\\/pergola-bioclimatique-autoportante-kedry-plus\\\/\"]}]},{\"@type\":\"ImageObject\",\"inLanguage\":\"fr-FR\",\"@id\":\"https:\\\/\\\/www.keoutdoordesign.com\\\/fr-fr\\\/pergolas-gennius\\\/pergolas-bioclimatiques\\\/pergola-bioclimatique-autoportante-kedry-plus\\\/#primaryimage\",\"url\":\"https:\\\/\\\/www.keoutdoordesign.com\\\/wp-content\\\/uploads\\\/2024\\\/01\\\/pergola-bioclimatique-autoportee-ke-kedry-plus.jpg\",\"contentUrl\":\"https:\\\/\\\/www.keoutdoordesign.com\\\/wp-content\\\/uploads\\\/2024\\\/01\\\/pergola-bioclimatique-autoportee-ke-kedry-plus.jpg\",\"width\":1920,\"height\":1280,\"caption\":\"Pergola bioclimatique autoport\u00e9e utilisable toute l'ann\u00e9e.\"},{\"@type\":\"BreadcrumbList\",\"@id\":\"https:\\\/\\\/www.keoutdoordesign.com\\\/fr-fr\\\/pergolas-gennius\\\/pergolas-bioclimatiques\\\/pergola-bioclimatique-autoportante-kedry-plus\\\/#breadcrumb\",\"itemListElement\":[{\"@type\":\"ListItem\",\"position\":1,\"name\":\"Home\",\"item\":\"https:\\\/\\\/www.keoutdoordesign.com\\\/fr-fr\\\/\"},{\"@type\":\"ListItem\",\"position\":2,\"name\":\"Pergolas sur mesure\",\"item\":\"https:\\\/\\\/www.keoutdoordesign.com\\\/fr-fr\\\/pergolas-gennius\\\/\"},{\"@type\":\"ListItem\",\"position\":3,\"name\":\"Pergolas bioclimatiques\",\"item\":\"https:\\\/\\\/www.keoutdoordesign.com\\\/fr-fr\\\/pergolas-gennius\\\/pergolas-bioclimatiques\\\/\"},{\"@type\":\"ListItem\",\"position\":4,\"name\":\"Pergola bioclimatique autoportante Kedry Plus\"}]},{\"@type\":\"WebSite\",\"@id\":\"https:\\\/\\\/www.keoutdoordesign.com\\\/it-it\\\/#website\",\"url\":\"https:\\\/\\\/www.keoutdoordesign.com\\\/it-it\\\/\",\"name\":\"KE Outdoor Design\",\"description\":\"Un nuovo sito targato WordPress\",\"publisher\":{\"@id\":\"https:\\\/\\\/www.keoutdoordesign.com\\\/it-it\\\/#organization\"},\"potentialAction\":[{\"@type\":\"SearchAction\",\"target\":{\"@type\":\"EntryPoint\",\"urlTemplate\":\"https:\\\/\\\/www.keoutdoordesign.com\\\/it-it\\\/?s={search_term_string}\"},\"query-input\":{\"@type\":\"PropertyValueSpecification\",\"valueRequired\":true,\"valueName\":\"search_term_string\"}}],\"inLanguage\":\"fr-FR\"},{\"@type\":\"Organization\",\"@id\":\"https:\\\/\\\/www.keoutdoordesign.com\\\/it-it\\\/#organization\",\"name\":\"KE Outdoor Design\",\"url\":\"https:\\\/\\\/www.keoutdoordesign.com\\\/it-it\\\/\",\"logo\":{\"@type\":\"ImageObject\",\"inLanguage\":\"fr-FR\",\"@id\":\"https:\\\/\\\/www.keoutdoordesign.com\\\/it-it\\\/#\\\/schema\\\/logo\\\/image\\\/\",\"url\":\"https:\\\/\\\/www.keoutdoordesign.com\\\/wp-content\\\/uploads\\\/2020\\\/02\\\/KE-logo-Primary-e1591282842174.jpg\",\"contentUrl\":\"https:\\\/\\\/www.keoutdoordesign.com\\\/wp-content\\\/uploads\\\/2020\\\/02\\\/KE-logo-Primary-e1591282842174.jpg\",\"width\":500,\"height\":396,\"caption\":\"KE Outdoor Design\"},\"image\":{\"@id\":\"https:\\\/\\\/www.keoutdoordesign.com\\\/it-it\\\/#\\\/schema\\\/logo\\\/image\\\/\"},\"sameAs\":[\"https:\\\/\\\/www.facebook.com\\\/keoutdoordesign.us\",\"https:\\\/\\\/x.com\\\/keoutdoordesign\",\"https:\\\/\\\/www.facebook.com\\\/keoutdoordesign\",\"https:\\\/\\\/www.youtube.com\\\/channel\\\/UCSoMQryJpLqD53bAoZLg2Vg\",\"https:\\\/\\\/www.pinterest.it\\\/keoutdoordesign\\\/\",\"https:\\\/\\\/www.instagram.com\\\/keoutdoordesign\\\/\",\"https:\\\/\\\/www.linkedin.com\\\/company\\\/ke-outdoor-design\\\/\"]}]}<\/script>\n<!-- \/ Yoast SEO Premium plugin. -->","yoast_head_json":{"title":"Pergola bioclimatique autoportante Kedry Plus - KE","description":"Pergola bioclimatique autoportante en aluminium avec toiture \u00e0 lames orientables compos\u00e9e de goutti\u00e8res le long du p\u00e9rim\u00e8tre qui permettent la rotation des lames et l'\u00e9coulement de l'eau.","robots":{"index":"index","follow":"follow","max-snippet":"max-snippet:-1","max-image-preview":"max-image-preview:large","max-video-preview":"max-video-preview:-1"},"canonical":"https:\/\/www.keoutdoordesign.com\/fr-fr\/pergolas-gennius\/pergolas-bioclimatiques\/pergola-bioclimatique-autoportante-kedry-plus\/","og_locale":"fr_FR","og_type":"article","og_title":"Pergola bioclimatique autoportante Kedry Plus","og_description":"Pergola bioclimatique autoportante en aluminium avec toiture \u00e0 lames orientables compos\u00e9e de goutti\u00e8res le long du p\u00e9rim\u00e8tre qui permettent la rotation des lames et l'\u00e9coulement de l'eau.","og_url":"https:\/\/www.keoutdoordesign.com\/fr-fr\/pergolas-gennius\/pergolas-bioclimatiques\/pergola-bioclimatique-autoportante-kedry-plus\/","og_site_name":"KE Outdoor Design","article_publisher":"https:\/\/www.facebook.com\/keoutdoordesign.us","article_modified_time":"2026-02-23T15:29:09+00:00","og_image":[{"width":1920,"height":1280,"url":"https:\/\/www.keoutdoordesign.com\/wp-content\/uploads\/2024\/01\/pergola-bioclimatique-autoportee-ke-kedry-plus.jpg","type":"image\/jpeg"}],"twitter_card":"summary_large_image","twitter_site":"@keoutdoordesign","schema":{"@context":"https:\/\/schema.org","@graph":[{"@type":"WebPage","@id":"https:\/\/www.keoutdoordesign.com\/fr-fr\/pergolas-gennius\/pergolas-bioclimatiques\/pergola-bioclimatique-autoportante-kedry-plus\/","url":"https:\/\/www.keoutdoordesign.com\/fr-fr\/pergolas-gennius\/pergolas-bioclimatiques\/pergola-bioclimatique-autoportante-kedry-plus\/","name":"Pergola bioclimatique autoportante Kedry Plus - KE","isPartOf":{"@id":"https:\/\/www.keoutdoordesign.com\/it-it\/#website"},"primaryImageOfPage":{"@id":"https:\/\/www.keoutdoordesign.com\/fr-fr\/pergolas-gennius\/pergolas-bioclimatiques\/pergola-bioclimatique-autoportante-kedry-plus\/#primaryimage"},"image":{"@id":"https:\/\/www.keoutdoordesign.com\/fr-fr\/pergolas-gennius\/pergolas-bioclimatiques\/pergola-bioclimatique-autoportante-kedry-plus\/#primaryimage"},"thumbnailUrl":"https:\/\/www.keoutdoordesign.com\/wp-content\/uploads\/2024\/01\/pergola-bioclimatique-autoportee-ke-kedry-plus.jpg","datePublished":"2019-06-07T08:58:31+00:00","dateModified":"2026-02-23T15:29:09+00:00","description":"Pergola bioclimatique autoportante en aluminium avec toiture \u00e0 lames orientables compos\u00e9e de goutti\u00e8res le long du p\u00e9rim\u00e8tre qui permettent la rotation des lames et l'\u00e9coulement de l'eau.","breadcrumb":{"@id":"https:\/\/www.keoutdoordesign.com\/fr-fr\/pergolas-gennius\/pergolas-bioclimatiques\/pergola-bioclimatique-autoportante-kedry-plus\/#breadcrumb"},"inLanguage":"fr-FR","potentialAction":[{"@type":"ReadAction","target":["https:\/\/www.keoutdoordesign.com\/fr-fr\/pergolas-gennius\/pergolas-bioclimatiques\/pergola-bioclimatique-autoportante-kedry-plus\/"]}]},{"@type":"ImageObject","inLanguage":"fr-FR","@id":"https:\/\/www.keoutdoordesign.com\/fr-fr\/pergolas-gennius\/pergolas-bioclimatiques\/pergola-bioclimatique-autoportante-kedry-plus\/#primaryimage","url":"https:\/\/www.keoutdoordesign.com\/wp-content\/uploads\/2024\/01\/pergola-bioclimatique-autoportee-ke-kedry-plus.jpg","contentUrl":"https:\/\/www.keoutdoordesign.com\/wp-content\/uploads\/2024\/01\/pergola-bioclimatique-autoportee-ke-kedry-plus.jpg","width":1920,"height":1280,"caption":"Pergola bioclimatique autoport\u00e9e utilisable toute l'ann\u00e9e."},{"@type":"BreadcrumbList","@id":"https:\/\/www.keoutdoordesign.com\/fr-fr\/pergolas-gennius\/pergolas-bioclimatiques\/pergola-bioclimatique-autoportante-kedry-plus\/#breadcrumb","itemListElement":[{"@type":"ListItem","position":1,"name":"Home","item":"https:\/\/www.keoutdoordesign.com\/fr-fr\/"},{"@type":"ListItem","position":2,"name":"Pergolas sur mesure","item":"https:\/\/www.keoutdoordesign.com\/fr-fr\/pergolas-gennius\/"},{"@type":"ListItem","position":3,"name":"Pergolas bioclimatiques","item":"https:\/\/www.keoutdoordesign.com\/fr-fr\/pergolas-gennius\/pergolas-bioclimatiques\/"},{"@type":"ListItem","position":4,"name":"Pergola bioclimatique autoportante Kedry Plus"}]},{"@type":"WebSite","@id":"https:\/\/www.keoutdoordesign.com\/it-it\/#website","url":"https:\/\/www.keoutdoordesign.com\/it-it\/","name":"KE Outdoor Design","description":"Un nuovo sito targato WordPress","publisher":{"@id":"https:\/\/www.keoutdoordesign.com\/it-it\/#organization"},"potentialAction":[{"@type":"SearchAction","target":{"@type":"EntryPoint","urlTemplate":"https:\/\/www.keoutdoordesign.com\/it-it\/?s={search_term_string}"},"query-input":{"@type":"PropertyValueSpecification","valueRequired":true,"valueName":"search_term_string"}}],"inLanguage":"fr-FR"},{"@type":"Organization","@id":"https:\/\/www.keoutdoordesign.com\/it-it\/#organization","name":"KE Outdoor Design","url":"https:\/\/www.keoutdoordesign.com\/it-it\/","logo":{"@type":"ImageObject","inLanguage":"fr-FR","@id":"https:\/\/www.keoutdoordesign.com\/it-it\/#\/schema\/logo\/image\/","url":"https:\/\/www.keoutdoordesign.com\/wp-content\/uploads\/2020\/02\/KE-logo-Primary-e1591282842174.jpg","contentUrl":"https:\/\/www.keoutdoordesign.com\/wp-content\/uploads\/2020\/02\/KE-logo-Primary-e1591282842174.jpg","width":500,"height":396,"caption":"KE Outdoor Design"},"image":{"@id":"https:\/\/www.keoutdoordesign.com\/it-it\/#\/schema\/logo\/image\/"},"sameAs":["https:\/\/www.facebook.com\/keoutdoordesign.us","https:\/\/x.com\/keoutdoordesign","https:\/\/www.facebook.com\/keoutdoordesign","https:\/\/www.youtube.com\/channel\/UCSoMQryJpLqD53bAoZLg2Vg","https:\/\/www.pinterest.it\/keoutdoordesign\/","https:\/\/www.instagram.com\/keoutdoordesign\/","https:\/\/www.linkedin.com\/company\/ke-outdoor-design\/"]}]}},"_links":{"self":[{"href":"https:\/\/www.keoutdoordesign.com\/fr-fr\/wp-json\/wp\/v2\/pages\/4591","targetHints":{"allow":["GET"]}}],"collection":[{"href":"https:\/\/www.keoutdoordesign.com\/fr-fr\/wp-json\/wp\/v2\/pages"}],"about":[{"href":"https:\/\/www.keoutdoordesign.com\/fr-fr\/wp-json\/wp\/v2\/types\/page"}],"author":[{"embeddable":true,"href":"https:\/\/www.keoutdoordesign.com\/fr-fr\/wp-json\/wp\/v2\/users\/10608"}],"replies":[{"embeddable":true,"href":"https:\/\/www.keoutdoordesign.com\/fr-fr\/wp-json\/wp\/v2\/comments?post=4591"}],"version-history":[{"count":30,"href":"https:\/\/www.keoutdoordesign.com\/fr-fr\/wp-json\/wp\/v2\/pages\/4591\/revisions"}],"predecessor-version":[{"id":119210,"href":"https:\/\/www.keoutdoordesign.com\/fr-fr\/wp-json\/wp\/v2\/pages\/4591\/revisions\/119210"}],"up":[{"embeddable":true,"href":"https:\/\/www.keoutdoordesign.com\/fr-fr\/wp-json\/wp\/v2\/pages\/4589"}],"wp:featuredmedia":[{"embeddable":true,"href":"https:\/\/www.keoutdoordesign.com\/fr-fr\/wp-json\/wp\/v2\/media\/65281"}],"wp:attachment":[{"href":"https:\/\/www.keoutdoordesign.com\/fr-fr\/wp-json\/wp\/v2\/media?parent=4591"}],"curies":[{"name":"wp","href":"https:\/\/api.w.org\/{rel}","templated":true}]}}