{"id":4589,"date":"2019-06-07T10:58:20","date_gmt":"2019-06-07T08:58:20","guid":{"rendered":"http:\/\/ke.localhost.it\/?page_id=4589"},"modified":"2024-04-23T10:26:40","modified_gmt":"2024-04-23T08:26:40","slug":"pergolas-bioclimatiques","status":"publish","type":"page","link":"https:\/\/www.keoutdoordesign.com\/fr-fr\/pergolas-gennius\/pergolas-bioclimatiques\/","title":{"rendered":"Pergolas bioclimatiques"},"content":{"rendered":"<h2>Qu\u2019est-ce qu\u2019une pergola bioclimatique ?<\/h2>\n<p><strong>Installer une pergola bioclimatique<\/strong> c\u2019est id\u00e9al pour embellir votre jardin, mais savez-vous vraiment ce que c\u2019est? Une pergola bioclimatique est une structure ind\u00e9pendante en aluminium, en bois ou en acier surmont\u00e9e de lames r\u00e9tractables. Ainsi, vous choisissez selon vos envies et vos besoins le sens de vos lames afin de r\u00e9duire ou augmenter l\u2019ensoleillement de votre terrasse et a\u00e9rer plus ou moins selon la saison. Choisissez selon votre convenance d\u2019ouvrir enti\u00e8rement le toit afin de disposer d\u2019une lumi\u00e8re vive ou au contraire, d\u00e9cidez de tout fermer pour vous prot\u00e9ger. Si vous \u00eates absents, ces pergolas sont dot\u00e9es de capteurs de pluie qui fermeront automatiquement votre toit, prot\u00e9geant ainsi votre salon de jardin.<\/p>\n<h2>Pourquoi et comment choisir une pergola bioclimatique ?<\/h2>\n<p>Vous en r\u00eaviez et aujourd\u2019hui vous sautez le pas en choisissant d\u2019installer une pergola dans votre jardin. Aujourd\u2019hui, la pergola bioclimatique est fortement pl\u00e9biscit\u00e9e par les Fran\u00e7ais pour son design, un jeu distingu\u00e9 entre ombre et lumi\u00e8re. Mais parmi tous les mod\u00e8les de pergolas qui existent, pourquoi devriez-vous pr\u00e9f\u00e9rer une <strong>pergola bioclimatique <\/strong>?<\/p>\n<p>Les <strong>pergolas bioclimatiques KE<\/strong> sont faites pour que vous d\u00e9couvriez le meilleur de la vie outdoor. D\u2019un design raffin\u00e9, elles sublimeront votre jardin. Elles offrent une tr\u00e8s belle qualit\u00e9 et une technologie avanc\u00e9e et conf\u00e8rent un confort visuel et thermique d\u2019une grande qualit\u00e9.<\/p>\n<p>Nous proposons quelques mod\u00e8les de pergolas bioclimatiques, qui, selon vos besoins, disposent de plus ou moins d\u2019options pour orienter votre choix.<\/p>\n<p>Toutes nos pergolas prot\u00e8gent de mani\u00e8re optimale du soleil, du vent (classe 6) et de la pluie (gr\u00e2ce \u00e0 des syst\u00e8mes int\u00e9gr\u00e9s, invisible \u00e0 l\u2019\u0153il, ing\u00e9nieusement pens\u00e9s) mais \u00e9galement \u00e0 la charge\u00a0! Ce qui en fait une solution adapt\u00e9e \u00e0 tous les environnements montagneux.<\/p>\n<p>L\u2019eau peut \u00eatre intelligemment r\u00e9cup\u00e9r\u00e9e, via une sortie dans les poteaux souhait\u00e9s, pour arroser naturellement ses jardini\u00e8res.<\/p>\n<p>Le mod\u00e8le Plus et Prime propose \u00e9galement une isolation des lames, utile si vous souhaitez garder votre nouvel espace calme lorsque vous l\u2019utilisez par temps de pluie.<\/p>\n<p>Pour une utilisation le soir, dans bandeaux leds, sur le p\u00e9rim\u00e8tre mais \u00e9galement sur les lames pour la Kedry Prime, sont possibles.<\/p>\n<p>Chaque <strong>pergola est sur mesure<\/strong> (poteaux, couleur, taille et nombre de module) pour s\u2019int\u00e9grer parfaitement \u00e0 votre jardin et \u00e0 votre style. La complexit\u00e9 des projets peut facilement \u00eatre d\u00e9tourn\u00e9e gr\u00e2ce \u00e0 la modularit\u00e9 de nos structures et au travail d\u2019un bureau d\u2019\u00e9tude projets toujours partant pour vous trouver LA solution.<\/p>\n<p>La Kedry Plus est ainsi adapt\u00e9e \u00e0 tous les besoins, possible en version autoport\u00e9e ou adoss\u00e9e. Cependant, disposant d\u2019un design encore plus \u00e9pur\u00e9 et d\u2019une robustesse \u00e0 toutes \u00e9preuves, vous pouvez opter pour la Kedry Prime (\u00e9galement disponible en version adoss\u00e9e), qui se distingue par des lames davantage orientables, jusque 135\u00b0, et des fermetures lat\u00e9rales int\u00e9grables dans les profils m\u00eames de la pergola pour avoir le moins d\u2019armature possible et offrant ainsi la possibilit\u00e9 de cumuler une fermeture par store et vitrage. Un \u00e9clairage en RGB sur l\u2019ext\u00e9rieure est \u00e9galement possible. Pour finir <a href=\"\/?page_id=27288\">Kedry Skylife<\/a> est notre <strong>pergola bioclimatique r\u00e9tractable<\/strong> aux finitions parfaites, elle a l\u2019avantage vous offrir l\u2019\u00e9l\u00e9gance des lames avec un toit totalement ouvert au soleil, c\u2019est l\u2019abri id\u00e9al pour une piscine ou un espace spa.<\/p>\n<p>Pour plus de technologie, nos experts se sont pench\u00e9s sur la domotique domestique. Ainsi, vous pouvez d\u00e9finir l\u2019heure et les modalit\u00e9s d\u2019ouverture et de fermeture de votre protection \u00e0 distance, et profitez du confort de la vie Outdoor \u00e0 tout moment\u00a0!<\/p>\n<p>Avec nos <strong>pergolas<\/strong>, aimez \u00eatre dehors.<\/p>\n<h2>Comment entretenir une pergola bioclimatique ?<\/h2>\n<p>La tendance est \u00e0 la <strong>pergola bioclimatique<\/strong> depuis d\u00e9j\u00e0 quelques ann\u00e9es, produit design par excellence, il reste tout de m\u00eame important de savoir comment entretenir une pergola bioclimatique pour garder son espace neuf et donc son esth\u00e9tique.<\/p>\n<p>Une <strong>pergola bioclimatique<\/strong> est constitu\u00e9e de profils, notamment de lames, qu\u2019il faut entretenir soigneusement pour garder une parfaite fonctionnalit\u00e9 de produit.<\/p>\n<p>Et pour l\u2019aluminium de la <strong>pergola bioclimatique<\/strong> nous vous proposons de vous armer d\u2019un jet d\u2019eau haute pression (attention jamais au-dessus de 100 bars et en \u00e9vitant les zones sensibles : moteur, spots LED et autre partie \u00e9lectrique), d\u2019une \u00e9ponge douce, d\u2019un savon type savon noir et d\u2019un chiffon microfibre pour essuyer la structure.<\/p>\n<p>Les produits abrasifs, d\u00e9capants ou solvants sont \u00e0 bannir\u00a0!<\/p>\n<p>Voici donc les diff\u00e9rentes \u00e9tapes pour entretenir votre <strong>pergola bioclimatique<\/strong>\u00a0:<\/p>\n<ol>\n<li>\n<h3>Nettoyage des lames<\/h3>\n<\/li>\n<\/ol>\n<p>En position ouvertes puis ferm\u00e9es, veillez \u00e0 passer un bon coup de jet sur la totalit\u00e9 des lames pour supprimer la pr\u00e9sence de salet\u00e9s telles que des feuilles qui pourraient emp\u00eacher terme le bon \u00e9coulement de l\u2019eau. Si besoin, vous pouvez passer un coup d\u2019\u00e9ponge sur les lames.<\/p>\n<p>Pour votre <strong>pergola bioclimatique r\u00e9tractable<\/strong>, la m\u00e9thode a suivre reste la m\u00eame<\/p>\n<ol start=\"2\">\n<li>\n<h3>Nettoyage de la structure<\/h3>\n<\/li>\n<\/ol>\n<p>Il faut \u00e9galement nettoyer le reste de la structure, en ext\u00e9rieur pour l\u2019esth\u00e9tique mais \u00e9galement int\u00e9rieur. En effet certaines feuilles peuvent venir encombrer les poteaux et goutti\u00e8res et emp\u00eacher le bon \u00e9coulement de l\u2019eau.<\/p>\n<p>Chez KE les pergolas pr\u00e9sentent un gros avantage\u00a0: le syst\u00e8me d\u2019\u00e9coulement de l\u2019eau est ultra performant avec l\u2019int\u00e9gration d\u2019un filtre au niveau du haut des poteaux pour emp\u00eacher le passage des feuilles, ce qui facilite une grosse partie du travail. Il vous suffira de retirer l\u2019accumulation de celles-ci dans chaque angle.<\/p>\n<p>L\u2019entretien doit \u00eatre r\u00e9p\u00e9t\u00e9 2 fois par an, \u00e0 l\u2019arriv\u00e9e des beaux jours et avant l\u2019hiver mais peut varier selon l\u2019environnement. En effet nous vous conseillons de passer un simple coup d\u2019eau si vous \u00eates en milieu marin ou arbor\u00e9.<\/p>\n<p>Si cet entretien vous para\u00eet trop fastidieux nous vous proposons d\u2019opter pour une pergola toile, une alternative design, simple d\u2019entretien gr\u00e2ce \u00e0 une unique toit en toile pvc qui peut \u00eatre facilement laver au jet d\u2019eau faible pression et un coup d\u2019\u00e9ponge.<\/p>\n<p>Et pour finir par un conseil\u00a0: apr\u00e8s chaque pluie, ouvres lames entre 30\u00b0 et 45\u00b0 pour emp\u00eacher que l\u2019eau stagne avec les impuret\u00e9s dans les profils et diminuez vos fr\u00e9quences de nettoyage\u00a0!<\/p>\n<p>Vous pourrez ainsi conserver l\u2019aspect neuf de votre structure de nombreuses ann\u00e9es.<\/p>\n","protected":false},"excerpt":{"rendered":"<p>Qu\u2019est-ce qu\u2019une pergola bioclimatique ? Installer une pergola bioclimatique c\u2019est id\u00e9al pour embellir votre jardin, mais savez-vous vraiment ce que&hellip;<\/p>\n","protected":false},"author":10608,"featured_media":1744,"parent":4547,"menu_order":0,"comment_status":"closed","ping_status":"closed","template":"page-templates\/category-products.php","meta":{"_acf_changed":false,"footnotes":""},"class_list":["post-4589","page","type-page","status-publish","has-post-thumbnail","hentry"],"acf":[],"yoast_head":"<!-- This site is optimized with the Yoast SEO Premium plugin v20.12 (Yoast SEO v27.3) - https:\/\/yoast.com\/product\/yoast-seo-premium-wordpress\/ -->\n<title>Pergolas bioclimatiques -<\/title>\n<meta name=\"description\" content=\"Pergolas bioclimatiques : Les pergolas bioclimatiques sont votre solution: toit \u00e0 lames orientables, automatisation, grande r\u00e9sistance.\" \/>\n<meta name=\"robots\" content=\"index, follow, max-snippet:-1, max-image-preview:large, max-video-preview:-1\" \/>\n<link rel=\"canonical\" href=\"https:\/\/www.keoutdoordesign.com\/fr-fr\/pergolas-gennius\/pergolas-bioclimatiques\/\" \/>\n<meta property=\"og:locale\" content=\"fr_FR\" \/>\n<meta property=\"og:type\" content=\"article\" \/>\n<meta property=\"og:title\" content=\"Pergolas bioclimatiques\" \/>\n<meta property=\"og:description\" content=\"Pergolas bioclimatiques : Les pergolas bioclimatiques sont votre solution: toit \u00e0 lames orientables, automatisation, grande r\u00e9sistance.\" \/>\n<meta property=\"og:url\" content=\"https:\/\/www.keoutdoordesign.com\/fr-fr\/pergolas-gennius\/pergolas-bioclimatiques\/\" \/>\n<meta property=\"og:site_name\" content=\"KE Outdoor Design\" \/>\n<meta property=\"article:publisher\" content=\"https:\/\/www.facebook.com\/keoutdoordesign.us\" \/>\n<meta property=\"article:modified_time\" content=\"2024-04-23T08:26:40+00:00\" \/>\n<meta property=\"og:image\" content=\"https:\/\/www.keoutdoordesign.com\/wp-content\/uploads\/2019\/04\/Kedry_Prime_Pergola_KE_1.jpg\" \/>\n\t<meta property=\"og:image:width\" content=\"2000\" \/>\n\t<meta property=\"og:image:height\" content=\"1335\" \/>\n\t<meta property=\"og:image:type\" content=\"image\/jpeg\" \/>\n<meta name=\"twitter:card\" content=\"summary_large_image\" \/>\n<meta name=\"twitter:site\" content=\"@keoutdoordesign\" \/>\n<script type=\"application\/ld+json\" class=\"yoast-schema-graph\">{\"@context\":\"https:\\\/\\\/schema.org\",\"@graph\":[{\"@type\":\"WebPage\",\"@id\":\"https:\\\/\\\/www.keoutdoordesign.com\\\/fr-fr\\\/pergolas-gennius\\\/pergolas-bioclimatiques\\\/\",\"url\":\"https:\\\/\\\/www.keoutdoordesign.com\\\/fr-fr\\\/pergolas-gennius\\\/pergolas-bioclimatiques\\\/\",\"name\":\"Pergolas bioclimatiques -\",\"isPartOf\":{\"@id\":\"https:\\\/\\\/www.keoutdoordesign.com\\\/it-it\\\/#website\"},\"primaryImageOfPage\":{\"@id\":\"https:\\\/\\\/www.keoutdoordesign.com\\\/fr-fr\\\/pergolas-gennius\\\/pergolas-bioclimatiques\\\/#primaryimage\"},\"image\":{\"@id\":\"https:\\\/\\\/www.keoutdoordesign.com\\\/fr-fr\\\/pergolas-gennius\\\/pergolas-bioclimatiques\\\/#primaryimage\"},\"thumbnailUrl\":\"https:\\\/\\\/www.keoutdoordesign.com\\\/wp-content\\\/uploads\\\/2019\\\/04\\\/Kedry_Prime_Pergola_KE_1.jpg\",\"datePublished\":\"2019-06-07T08:58:20+00:00\",\"dateModified\":\"2024-04-23T08:26:40+00:00\",\"description\":\"Pergolas bioclimatiques : Les pergolas bioclimatiques sont votre solution: toit \u00e0 lames orientables, automatisation, grande r\u00e9sistance.\",\"breadcrumb\":{\"@id\":\"https:\\\/\\\/www.keoutdoordesign.com\\\/fr-fr\\\/pergolas-gennius\\\/pergolas-bioclimatiques\\\/#breadcrumb\"},\"inLanguage\":\"fr-FR\",\"potentialAction\":[{\"@type\":\"ReadAction\",\"target\":[\"https:\\\/\\\/www.keoutdoordesign.com\\\/fr-fr\\\/pergolas-gennius\\\/pergolas-bioclimatiques\\\/\"]}]},{\"@type\":\"ImageObject\",\"inLanguage\":\"fr-FR\",\"@id\":\"https:\\\/\\\/www.keoutdoordesign.com\\\/fr-fr\\\/pergolas-gennius\\\/pergolas-bioclimatiques\\\/#primaryimage\",\"url\":\"https:\\\/\\\/www.keoutdoordesign.com\\\/wp-content\\\/uploads\\\/2019\\\/04\\\/Kedry_Prime_Pergola_KE_1.jpg\",\"contentUrl\":\"https:\\\/\\\/www.keoutdoordesign.com\\\/wp-content\\\/uploads\\\/2019\\\/04\\\/Kedry_Prime_Pergola_KE_1.jpg\",\"width\":2000,\"height\":1335,\"caption\":\"Pergola-bioclimatique-lames-orientables\"},{\"@type\":\"BreadcrumbList\",\"@id\":\"https:\\\/\\\/www.keoutdoordesign.com\\\/fr-fr\\\/pergolas-gennius\\\/pergolas-bioclimatiques\\\/#breadcrumb\",\"itemListElement\":[{\"@type\":\"ListItem\",\"position\":1,\"name\":\"Home\",\"item\":\"https:\\\/\\\/www.keoutdoordesign.com\\\/fr-fr\\\/\"},{\"@type\":\"ListItem\",\"position\":2,\"name\":\"Pergolas sur mesure\",\"item\":\"https:\\\/\\\/www.keoutdoordesign.com\\\/fr-fr\\\/pergolas-gennius\\\/\"},{\"@type\":\"ListItem\",\"position\":3,\"name\":\"Pergolas bioclimatiques\"}]},{\"@type\":\"WebSite\",\"@id\":\"https:\\\/\\\/www.keoutdoordesign.com\\\/it-it\\\/#website\",\"url\":\"https:\\\/\\\/www.keoutdoordesign.com\\\/it-it\\\/\",\"name\":\"KE Outdoor Design\",\"description\":\"Un nuovo sito targato WordPress\",\"publisher\":{\"@id\":\"https:\\\/\\\/www.keoutdoordesign.com\\\/it-it\\\/#organization\"},\"potentialAction\":[{\"@type\":\"SearchAction\",\"target\":{\"@type\":\"EntryPoint\",\"urlTemplate\":\"https:\\\/\\\/www.keoutdoordesign.com\\\/it-it\\\/?s={search_term_string}\"},\"query-input\":{\"@type\":\"PropertyValueSpecification\",\"valueRequired\":true,\"valueName\":\"search_term_string\"}}],\"inLanguage\":\"fr-FR\"},{\"@type\":\"Organization\",\"@id\":\"https:\\\/\\\/www.keoutdoordesign.com\\\/it-it\\\/#organization\",\"name\":\"KE Outdoor Design\",\"url\":\"https:\\\/\\\/www.keoutdoordesign.com\\\/it-it\\\/\",\"logo\":{\"@type\":\"ImageObject\",\"inLanguage\":\"fr-FR\",\"@id\":\"https:\\\/\\\/www.keoutdoordesign.com\\\/it-it\\\/#\\\/schema\\\/logo\\\/image\\\/\",\"url\":\"https:\\\/\\\/www.keoutdoordesign.com\\\/wp-content\\\/uploads\\\/2020\\\/02\\\/KE-logo-Primary-e1591282842174.jpg\",\"contentUrl\":\"https:\\\/\\\/www.keoutdoordesign.com\\\/wp-content\\\/uploads\\\/2020\\\/02\\\/KE-logo-Primary-e1591282842174.jpg\",\"width\":500,\"height\":396,\"caption\":\"KE Outdoor Design\"},\"image\":{\"@id\":\"https:\\\/\\\/www.keoutdoordesign.com\\\/it-it\\\/#\\\/schema\\\/logo\\\/image\\\/\"},\"sameAs\":[\"https:\\\/\\\/www.facebook.com\\\/keoutdoordesign.us\",\"https:\\\/\\\/x.com\\\/keoutdoordesign\",\"https:\\\/\\\/www.facebook.com\\\/keoutdoordesign\",\"https:\\\/\\\/www.youtube.com\\\/channel\\\/UCSoMQryJpLqD53bAoZLg2Vg\",\"https:\\\/\\\/www.pinterest.it\\\/keoutdoordesign\\\/\",\"https:\\\/\\\/www.instagram.com\\\/keoutdoordesign\\\/\",\"https:\\\/\\\/www.linkedin.com\\\/company\\\/ke-outdoor-design\\\/\"]}]}<\/script>\n<!-- \/ Yoast SEO Premium plugin. -->","yoast_head_json":{"title":"Pergolas bioclimatiques -","description":"Pergolas bioclimatiques : Les pergolas bioclimatiques sont votre solution: toit \u00e0 lames orientables, automatisation, grande r\u00e9sistance.","robots":{"index":"index","follow":"follow","max-snippet":"max-snippet:-1","max-image-preview":"max-image-preview:large","max-video-preview":"max-video-preview:-1"},"canonical":"https:\/\/www.keoutdoordesign.com\/fr-fr\/pergolas-gennius\/pergolas-bioclimatiques\/","og_locale":"fr_FR","og_type":"article","og_title":"Pergolas bioclimatiques","og_description":"Pergolas bioclimatiques : Les pergolas bioclimatiques sont votre solution: toit \u00e0 lames orientables, automatisation, grande r\u00e9sistance.","og_url":"https:\/\/www.keoutdoordesign.com\/fr-fr\/pergolas-gennius\/pergolas-bioclimatiques\/","og_site_name":"KE Outdoor Design","article_publisher":"https:\/\/www.facebook.com\/keoutdoordesign.us","article_modified_time":"2024-04-23T08:26:40+00:00","og_image":[{"width":2000,"height":1335,"url":"https:\/\/www.keoutdoordesign.com\/wp-content\/uploads\/2019\/04\/Kedry_Prime_Pergola_KE_1.jpg","type":"image\/jpeg"}],"twitter_card":"summary_large_image","twitter_site":"@keoutdoordesign","schema":{"@context":"https:\/\/schema.org","@graph":[{"@type":"WebPage","@id":"https:\/\/www.keoutdoordesign.com\/fr-fr\/pergolas-gennius\/pergolas-bioclimatiques\/","url":"https:\/\/www.keoutdoordesign.com\/fr-fr\/pergolas-gennius\/pergolas-bioclimatiques\/","name":"Pergolas bioclimatiques -","isPartOf":{"@id":"https:\/\/www.keoutdoordesign.com\/it-it\/#website"},"primaryImageOfPage":{"@id":"https:\/\/www.keoutdoordesign.com\/fr-fr\/pergolas-gennius\/pergolas-bioclimatiques\/#primaryimage"},"image":{"@id":"https:\/\/www.keoutdoordesign.com\/fr-fr\/pergolas-gennius\/pergolas-bioclimatiques\/#primaryimage"},"thumbnailUrl":"https:\/\/www.keoutdoordesign.com\/wp-content\/uploads\/2019\/04\/Kedry_Prime_Pergola_KE_1.jpg","datePublished":"2019-06-07T08:58:20+00:00","dateModified":"2024-04-23T08:26:40+00:00","description":"Pergolas bioclimatiques : Les pergolas bioclimatiques sont votre solution: toit \u00e0 lames orientables, automatisation, grande r\u00e9sistance.","breadcrumb":{"@id":"https:\/\/www.keoutdoordesign.com\/fr-fr\/pergolas-gennius\/pergolas-bioclimatiques\/#breadcrumb"},"inLanguage":"fr-FR","potentialAction":[{"@type":"ReadAction","target":["https:\/\/www.keoutdoordesign.com\/fr-fr\/pergolas-gennius\/pergolas-bioclimatiques\/"]}]},{"@type":"ImageObject","inLanguage":"fr-FR","@id":"https:\/\/www.keoutdoordesign.com\/fr-fr\/pergolas-gennius\/pergolas-bioclimatiques\/#primaryimage","url":"https:\/\/www.keoutdoordesign.com\/wp-content\/uploads\/2019\/04\/Kedry_Prime_Pergola_KE_1.jpg","contentUrl":"https:\/\/www.keoutdoordesign.com\/wp-content\/uploads\/2019\/04\/Kedry_Prime_Pergola_KE_1.jpg","width":2000,"height":1335,"caption":"Pergola-bioclimatique-lames-orientables"},{"@type":"BreadcrumbList","@id":"https:\/\/www.keoutdoordesign.com\/fr-fr\/pergolas-gennius\/pergolas-bioclimatiques\/#breadcrumb","itemListElement":[{"@type":"ListItem","position":1,"name":"Home","item":"https:\/\/www.keoutdoordesign.com\/fr-fr\/"},{"@type":"ListItem","position":2,"name":"Pergolas sur mesure","item":"https:\/\/www.keoutdoordesign.com\/fr-fr\/pergolas-gennius\/"},{"@type":"ListItem","position":3,"name":"Pergolas bioclimatiques"}]},{"@type":"WebSite","@id":"https:\/\/www.keoutdoordesign.com\/it-it\/#website","url":"https:\/\/www.keoutdoordesign.com\/it-it\/","name":"KE Outdoor Design","description":"Un nuovo sito targato WordPress","publisher":{"@id":"https:\/\/www.keoutdoordesign.com\/it-it\/#organization"},"potentialAction":[{"@type":"SearchAction","target":{"@type":"EntryPoint","urlTemplate":"https:\/\/www.keoutdoordesign.com\/it-it\/?s={search_term_string}"},"query-input":{"@type":"PropertyValueSpecification","valueRequired":true,"valueName":"search_term_string"}}],"inLanguage":"fr-FR"},{"@type":"Organization","@id":"https:\/\/www.keoutdoordesign.com\/it-it\/#organization","name":"KE Outdoor Design","url":"https:\/\/www.keoutdoordesign.com\/it-it\/","logo":{"@type":"ImageObject","inLanguage":"fr-FR","@id":"https:\/\/www.keoutdoordesign.com\/it-it\/#\/schema\/logo\/image\/","url":"https:\/\/www.keoutdoordesign.com\/wp-content\/uploads\/2020\/02\/KE-logo-Primary-e1591282842174.jpg","contentUrl":"https:\/\/www.keoutdoordesign.com\/wp-content\/uploads\/2020\/02\/KE-logo-Primary-e1591282842174.jpg","width":500,"height":396,"caption":"KE Outdoor Design"},"image":{"@id":"https:\/\/www.keoutdoordesign.com\/it-it\/#\/schema\/logo\/image\/"},"sameAs":["https:\/\/www.facebook.com\/keoutdoordesign.us","https:\/\/x.com\/keoutdoordesign","https:\/\/www.facebook.com\/keoutdoordesign","https:\/\/www.youtube.com\/channel\/UCSoMQryJpLqD53bAoZLg2Vg","https:\/\/www.pinterest.it\/keoutdoordesign\/","https:\/\/www.instagram.com\/keoutdoordesign\/","https:\/\/www.linkedin.com\/company\/ke-outdoor-design\/"]}]}},"_links":{"self":[{"href":"https:\/\/www.keoutdoordesign.com\/fr-fr\/wp-json\/wp\/v2\/pages\/4589","targetHints":{"allow":["GET"]}}],"collection":[{"href":"https:\/\/www.keoutdoordesign.com\/fr-fr\/wp-json\/wp\/v2\/pages"}],"about":[{"href":"https:\/\/www.keoutdoordesign.com\/fr-fr\/wp-json\/wp\/v2\/types\/page"}],"author":[{"embeddable":true,"href":"https:\/\/www.keoutdoordesign.com\/fr-fr\/wp-json\/wp\/v2\/users\/10608"}],"replies":[{"embeddable":true,"href":"https:\/\/www.keoutdoordesign.com\/fr-fr\/wp-json\/wp\/v2\/comments?post=4589"}],"version-history":[{"count":12,"href":"https:\/\/www.keoutdoordesign.com\/fr-fr\/wp-json\/wp\/v2\/pages\/4589\/revisions"}],"predecessor-version":[{"id":68654,"href":"https:\/\/www.keoutdoordesign.com\/fr-fr\/wp-json\/wp\/v2\/pages\/4589\/revisions\/68654"}],"up":[{"embeddable":true,"href":"https:\/\/www.keoutdoordesign.com\/fr-fr\/wp-json\/wp\/v2\/pages\/4547"}],"wp:featuredmedia":[{"embeddable":true,"href":"https:\/\/www.keoutdoordesign.com\/fr-fr\/wp-json\/wp\/v2\/media\/1744"}],"wp:attachment":[{"href":"https:\/\/www.keoutdoordesign.com\/fr-fr\/wp-json\/wp\/v2\/media?parent=4589"}],"curies":[{"name":"wp","href":"https:\/\/api.w.org\/{rel}","templated":true}]}}