{"id":4587,"date":"2019-06-07T10:58:01","date_gmt":"2019-06-07T08:58:01","guid":{"rendered":"http:\/\/ke.localhost.it\/?page_id=4587"},"modified":"2026-04-16T14:52:10","modified_gmt":"2026-04-16T12:52:10","slug":"pergola-toile-enroulable-xtesa-plain","status":"publish","type":"page","link":"https:\/\/www.keoutdoordesign.com\/fr-fr\/pergolas-gennius\/pergola-toile-enroulable\/pergola-toile-enroulable-xtesa-plain\/","title":{"rendered":"Pergola toile enroulable Xtesa Plain"},"content":{"rendered":"<h4><strong><em>Nouvelle d\u00e9finition de Souplesse et Robustesse<\/em><\/strong><\/h4>\n<p>Xtesa Plain est une pergola adoss\u00e9e \u00e9quip\u00e9e d&rsquo;une toile enroulable avec ZIP renforc\u00e9 et tube d&rsquo;enroulement extrud\u00e9 pour une robustesse \u00e0 toutes \u00e9preuves et un encombrement minimal pour une application en toute discr\u00e9tion.<\/p>\n<p>Cette pergola est un v\u00e9ritable objet d&rsquo;ameublement design pour votre espace ext\u00e9rieur.<br \/>\nLin\u00e9aire, sobre et fonctionnelle: elle r\u00e9pond aux crit\u00e8res des plus exigeants..<\/p>\n<p>Une solution sur mesure \u00e0 votre projet\u00a0: une hauteur non standard pour les poteaux peut \u00eatre choisie pour r\u00e9pondre \u00e0 une demande d&rsquo;int\u00e9gration dans des espaces r\u00e9duits. Dans la m\u00eame logique, la pente minimale de 10\u00b0 pour une protection pluie permet une r\u00e9duction de l&rsquo;encombrement. Des configurations non standards sont \u00e9galement envisageables pour des espaces \u00e0 couvrir imposant toutes sortes de contraintes. Ainsi on peut venir d\u00e9caler vers le mur poteaux et goutti\u00e8re de 150cm maximum.<\/p>\n<p>Xtesa Plain est une solution \u00e0 toile enroulable, une fois enroul\u00e9e, la toile dispara\u00eet dans la structure pour une ouverture totale et un gain en luminosit\u00e9 sur votre ext\u00e9rieur.<br \/>\nUne toile IRISUN BLOCKOUT, exclusive \u00e0 KE, peut \u00eatre choisie, en plus de sa polyvalence lui permettant d&rsquo;ouvrir la fonctionnalit\u00e9 de Xtesa Plain sur les demi saisons, son c\u00f4t\u00e9 bicolor offre la possibilit\u00e9 d&rsquo;apporter de la luminosit\u00e9 sur l&rsquo;int\u00e9rieur de la structure tout en gardant un aspect fonc\u00e9 design pour l&rsquo;ext\u00e9rieur.<\/p>\n<p>De plus un bandeau LED peut \u00eatre int\u00e9gr\u00e9 dans la traverse, fixe, permettant une utilisation de la fonction \u00e9clairage \u00e0 n&rsquo;importe quel moment de l&rsquo;ann\u00e9e, m\u00eame toile repli\u00e9e.<\/p>\n<p>La structure Xtesa plain peut \u00eatre compl\u00e9t\u00e9e avec des syst\u00e8mes de fermeture. Un choix entre vitrage panoramique coulissant Line Glass ou store vertical en toile ou Cristal Vertika peut \u00eatre d\u00e9termin\u00e9 selon le type de besoin.<\/p>\n<p>Le syst\u00e8me Line Glass permet un gain en luminosit\u00e9 tout en assurant protection et \u00e9tanch\u00e9it\u00e9. Compos\u00e9 de vantaux de verre coulissant guid\u00e9s au sol par des rails (de 3 \u00e0 5), l\u2019obtention d\u2019un \u00e9cran de verre de 7 m\u00e8tres de large est rendu possible.<\/p>\n<p>Profitez pleinement des demi saisons en ext\u00e9rieur avec Xtesa Plain<\/p>\n","protected":false},"excerpt":{"rendered":"<p>Nouvelle d\u00e9finition de Souplesse et Robustesse Xtesa Plain est une pergola adoss\u00e9e \u00e9quip\u00e9e d&rsquo;une toile enroulable avec ZIP renforc\u00e9 et&hellip;<\/p>\n","protected":false},"author":10608,"featured_media":65432,"parent":4579,"menu_order":15,"comment_status":"closed","ping_status":"closed","template":"page-templates\/product.php","meta":{"_acf_changed":false,"footnotes":""},"class_list":["post-4587","page","type-page","status-publish","has-post-thumbnail","hentry"],"acf":[],"yoast_head":"<!-- This site is optimized with the Yoast SEO Premium plugin v20.12 (Yoast SEO v27.3) - https:\/\/yoast.com\/product\/yoast-seo-premium-wordpress\/ -->\n<title>Pergola toile enroulable Xtesa Plain - Pergola toile enroulable - KE Outdoor Design<\/title>\n<meta name=\"description\" content=\"Structure modulaire ombrag\u00e9e en aluminium \u00e9quip\u00e9e d&#039;une toile enroulable. Xtesa vous donne la possibilit\u00e9 de d\u00e9caler vers le mur les colonnes et la goutti\u00e8re, par rapport \u00e0 la position standard, jusqu\u2019\u00e0 un maximum de 150 cm.\" \/>\n<meta name=\"robots\" content=\"index, follow, max-snippet:-1, max-image-preview:large, max-video-preview:-1\" \/>\n<link rel=\"canonical\" href=\"https:\/\/www.keoutdoordesign.com\/fr-fr\/pergolas-gennius\/pergola-toile-enroulable\/pergola-toile-enroulable-xtesa-plain\/\" \/>\n<meta property=\"og:locale\" content=\"fr_FR\" \/>\n<meta property=\"og:type\" content=\"article\" \/>\n<meta property=\"og:title\" content=\"Pergola toile enroulable Xtesa Plain\" \/>\n<meta property=\"og:description\" content=\"Structure modulaire ombrag\u00e9e en aluminium \u00e9quip\u00e9e d&#039;une toile enroulable. Xtesa vous donne la possibilit\u00e9 de d\u00e9caler vers le mur les colonnes et la goutti\u00e8re, par rapport \u00e0 la position standard, jusqu\u2019\u00e0 un maximum de 150 cm.\" \/>\n<meta property=\"og:url\" content=\"https:\/\/www.keoutdoordesign.com\/fr-fr\/pergolas-gennius\/pergola-toile-enroulable\/pergola-toile-enroulable-xtesa-plain\/\" \/>\n<meta property=\"og:site_name\" content=\"KE Outdoor Design\" \/>\n<meta property=\"article:publisher\" content=\"https:\/\/www.facebook.com\/keoutdoordesign.us\" \/>\n<meta property=\"article:modified_time\" content=\"2026-04-16T12:52:10+00:00\" \/>\n<meta property=\"og:image\" content=\"https:\/\/www.keoutdoordesign.com\/wp-content\/uploads\/2024\/01\/Pergola-toile-enroulable-Xtesa-Plain-KE.jpeg\" \/>\n\t<meta property=\"og:image:width\" content=\"1920\" \/>\n\t<meta property=\"og:image:height\" content=\"1440\" \/>\n\t<meta property=\"og:image:type\" content=\"image\/jpeg\" \/>\n<meta name=\"twitter:card\" content=\"summary_large_image\" \/>\n<meta name=\"twitter:site\" content=\"@keoutdoordesign\" \/>\n<script type=\"application\/ld+json\" class=\"yoast-schema-graph\">{\"@context\":\"https:\\\/\\\/schema.org\",\"@graph\":[{\"@type\":\"WebPage\",\"@id\":\"https:\\\/\\\/www.keoutdoordesign.com\\\/fr-fr\\\/pergolas-gennius\\\/pergola-toile-enroulable\\\/pergola-toile-enroulable-xtesa-plain\\\/\",\"url\":\"https:\\\/\\\/www.keoutdoordesign.com\\\/fr-fr\\\/pergolas-gennius\\\/pergola-toile-enroulable\\\/pergola-toile-enroulable-xtesa-plain\\\/\",\"name\":\"Pergola toile enroulable Xtesa Plain - Pergola toile enroulable - KE Outdoor Design\",\"isPartOf\":{\"@id\":\"https:\\\/\\\/www.keoutdoordesign.com\\\/it-it\\\/#website\"},\"primaryImageOfPage\":{\"@id\":\"https:\\\/\\\/www.keoutdoordesign.com\\\/fr-fr\\\/pergolas-gennius\\\/pergola-toile-enroulable\\\/pergola-toile-enroulable-xtesa-plain\\\/#primaryimage\"},\"image\":{\"@id\":\"https:\\\/\\\/www.keoutdoordesign.com\\\/fr-fr\\\/pergolas-gennius\\\/pergola-toile-enroulable\\\/pergola-toile-enroulable-xtesa-plain\\\/#primaryimage\"},\"thumbnailUrl\":\"https:\\\/\\\/www.keoutdoordesign.com\\\/wp-content\\\/uploads\\\/2024\\\/01\\\/Pergola-toile-enroulable-Xtesa-Plain-KE.jpeg\",\"datePublished\":\"2019-06-07T08:58:01+00:00\",\"dateModified\":\"2026-04-16T12:52:10+00:00\",\"description\":\"Structure modulaire ombrag\u00e9e en aluminium \u00e9quip\u00e9e d'une toile enroulable. Xtesa vous donne la possibilit\u00e9 de d\u00e9caler vers le mur les colonnes et la goutti\u00e8re, par rapport \u00e0 la position standard, jusqu\u2019\u00e0 un maximum de 150 cm.\",\"breadcrumb\":{\"@id\":\"https:\\\/\\\/www.keoutdoordesign.com\\\/fr-fr\\\/pergolas-gennius\\\/pergola-toile-enroulable\\\/pergola-toile-enroulable-xtesa-plain\\\/#breadcrumb\"},\"inLanguage\":\"fr-FR\",\"potentialAction\":[{\"@type\":\"ReadAction\",\"target\":[\"https:\\\/\\\/www.keoutdoordesign.com\\\/fr-fr\\\/pergolas-gennius\\\/pergola-toile-enroulable\\\/pergola-toile-enroulable-xtesa-plain\\\/\"]}]},{\"@type\":\"ImageObject\",\"inLanguage\":\"fr-FR\",\"@id\":\"https:\\\/\\\/www.keoutdoordesign.com\\\/fr-fr\\\/pergolas-gennius\\\/pergola-toile-enroulable\\\/pergola-toile-enroulable-xtesa-plain\\\/#primaryimage\",\"url\":\"https:\\\/\\\/www.keoutdoordesign.com\\\/wp-content\\\/uploads\\\/2024\\\/01\\\/Pergola-toile-enroulable-Xtesa-Plain-KE.jpeg\",\"contentUrl\":\"https:\\\/\\\/www.keoutdoordesign.com\\\/wp-content\\\/uploads\\\/2024\\\/01\\\/Pergola-toile-enroulable-Xtesa-Plain-KE.jpeg\",\"width\":1920,\"height\":1440,\"caption\":\"Pergola toile enroulable adoss\u00e9e pour couverture de terrasse.\"},{\"@type\":\"BreadcrumbList\",\"@id\":\"https:\\\/\\\/www.keoutdoordesign.com\\\/fr-fr\\\/pergolas-gennius\\\/pergola-toile-enroulable\\\/pergola-toile-enroulable-xtesa-plain\\\/#breadcrumb\",\"itemListElement\":[{\"@type\":\"ListItem\",\"position\":1,\"name\":\"Home\",\"item\":\"https:\\\/\\\/www.keoutdoordesign.com\\\/fr-fr\\\/\"},{\"@type\":\"ListItem\",\"position\":2,\"name\":\"Pergolas sur mesure\",\"item\":\"https:\\\/\\\/www.keoutdoordesign.com\\\/fr-fr\\\/pergolas-gennius\\\/\"},{\"@type\":\"ListItem\",\"position\":3,\"name\":\"Pergolas toile enroulable\",\"item\":\"https:\\\/\\\/www.keoutdoordesign.com\\\/fr-fr\\\/pergolas-gennius\\\/pergola-toile-enroulable\\\/\"},{\"@type\":\"ListItem\",\"position\":4,\"name\":\"Pergola toile enroulable Xtesa Plain\"}]},{\"@type\":\"WebSite\",\"@id\":\"https:\\\/\\\/www.keoutdoordesign.com\\\/it-it\\\/#website\",\"url\":\"https:\\\/\\\/www.keoutdoordesign.com\\\/it-it\\\/\",\"name\":\"KE Outdoor Design\",\"description\":\"Un nuovo sito targato WordPress\",\"publisher\":{\"@id\":\"https:\\\/\\\/www.keoutdoordesign.com\\\/it-it\\\/#organization\"},\"potentialAction\":[{\"@type\":\"SearchAction\",\"target\":{\"@type\":\"EntryPoint\",\"urlTemplate\":\"https:\\\/\\\/www.keoutdoordesign.com\\\/it-it\\\/?s={search_term_string}\"},\"query-input\":{\"@type\":\"PropertyValueSpecification\",\"valueRequired\":true,\"valueName\":\"search_term_string\"}}],\"inLanguage\":\"fr-FR\"},{\"@type\":\"Organization\",\"@id\":\"https:\\\/\\\/www.keoutdoordesign.com\\\/it-it\\\/#organization\",\"name\":\"KE Outdoor Design\",\"url\":\"https:\\\/\\\/www.keoutdoordesign.com\\\/it-it\\\/\",\"logo\":{\"@type\":\"ImageObject\",\"inLanguage\":\"fr-FR\",\"@id\":\"https:\\\/\\\/www.keoutdoordesign.com\\\/it-it\\\/#\\\/schema\\\/logo\\\/image\\\/\",\"url\":\"https:\\\/\\\/www.keoutdoordesign.com\\\/wp-content\\\/uploads\\\/2020\\\/02\\\/KE-logo-Primary-e1591282842174.jpg\",\"contentUrl\":\"https:\\\/\\\/www.keoutdoordesign.com\\\/wp-content\\\/uploads\\\/2020\\\/02\\\/KE-logo-Primary-e1591282842174.jpg\",\"width\":500,\"height\":396,\"caption\":\"KE Outdoor Design\"},\"image\":{\"@id\":\"https:\\\/\\\/www.keoutdoordesign.com\\\/it-it\\\/#\\\/schema\\\/logo\\\/image\\\/\"},\"sameAs\":[\"https:\\\/\\\/www.facebook.com\\\/keoutdoordesign.us\",\"https:\\\/\\\/x.com\\\/keoutdoordesign\",\"https:\\\/\\\/www.facebook.com\\\/keoutdoordesign\",\"https:\\\/\\\/www.youtube.com\\\/channel\\\/UCSoMQryJpLqD53bAoZLg2Vg\",\"https:\\\/\\\/www.pinterest.it\\\/keoutdoordesign\\\/\",\"https:\\\/\\\/www.instagram.com\\\/keoutdoordesign\\\/\",\"https:\\\/\\\/www.linkedin.com\\\/company\\\/ke-outdoor-design\\\/\"]}]}<\/script>\n<!-- \/ Yoast SEO Premium plugin. -->","yoast_head_json":{"title":"Pergola toile enroulable Xtesa Plain - Pergola toile enroulable - KE Outdoor Design","description":"Structure modulaire ombrag\u00e9e en aluminium \u00e9quip\u00e9e d'une toile enroulable. Xtesa vous donne la possibilit\u00e9 de d\u00e9caler vers le mur les colonnes et la goutti\u00e8re, par rapport \u00e0 la position standard, jusqu\u2019\u00e0 un maximum de 150 cm.","robots":{"index":"index","follow":"follow","max-snippet":"max-snippet:-1","max-image-preview":"max-image-preview:large","max-video-preview":"max-video-preview:-1"},"canonical":"https:\/\/www.keoutdoordesign.com\/fr-fr\/pergolas-gennius\/pergola-toile-enroulable\/pergola-toile-enroulable-xtesa-plain\/","og_locale":"fr_FR","og_type":"article","og_title":"Pergola toile enroulable Xtesa Plain","og_description":"Structure modulaire ombrag\u00e9e en aluminium \u00e9quip\u00e9e d'une toile enroulable. Xtesa vous donne la possibilit\u00e9 de d\u00e9caler vers le mur les colonnes et la goutti\u00e8re, par rapport \u00e0 la position standard, jusqu\u2019\u00e0 un maximum de 150 cm.","og_url":"https:\/\/www.keoutdoordesign.com\/fr-fr\/pergolas-gennius\/pergola-toile-enroulable\/pergola-toile-enroulable-xtesa-plain\/","og_site_name":"KE Outdoor Design","article_publisher":"https:\/\/www.facebook.com\/keoutdoordesign.us","article_modified_time":"2026-04-16T12:52:10+00:00","og_image":[{"width":1920,"height":1440,"url":"https:\/\/www.keoutdoordesign.com\/wp-content\/uploads\/2024\/01\/Pergola-toile-enroulable-Xtesa-Plain-KE.jpeg","type":"image\/jpeg"}],"twitter_card":"summary_large_image","twitter_site":"@keoutdoordesign","schema":{"@context":"https:\/\/schema.org","@graph":[{"@type":"WebPage","@id":"https:\/\/www.keoutdoordesign.com\/fr-fr\/pergolas-gennius\/pergola-toile-enroulable\/pergola-toile-enroulable-xtesa-plain\/","url":"https:\/\/www.keoutdoordesign.com\/fr-fr\/pergolas-gennius\/pergola-toile-enroulable\/pergola-toile-enroulable-xtesa-plain\/","name":"Pergola toile enroulable Xtesa Plain - Pergola toile enroulable - KE Outdoor Design","isPartOf":{"@id":"https:\/\/www.keoutdoordesign.com\/it-it\/#website"},"primaryImageOfPage":{"@id":"https:\/\/www.keoutdoordesign.com\/fr-fr\/pergolas-gennius\/pergola-toile-enroulable\/pergola-toile-enroulable-xtesa-plain\/#primaryimage"},"image":{"@id":"https:\/\/www.keoutdoordesign.com\/fr-fr\/pergolas-gennius\/pergola-toile-enroulable\/pergola-toile-enroulable-xtesa-plain\/#primaryimage"},"thumbnailUrl":"https:\/\/www.keoutdoordesign.com\/wp-content\/uploads\/2024\/01\/Pergola-toile-enroulable-Xtesa-Plain-KE.jpeg","datePublished":"2019-06-07T08:58:01+00:00","dateModified":"2026-04-16T12:52:10+00:00","description":"Structure modulaire ombrag\u00e9e en aluminium \u00e9quip\u00e9e d'une toile enroulable. Xtesa vous donne la possibilit\u00e9 de d\u00e9caler vers le mur les colonnes et la goutti\u00e8re, par rapport \u00e0 la position standard, jusqu\u2019\u00e0 un maximum de 150 cm.","breadcrumb":{"@id":"https:\/\/www.keoutdoordesign.com\/fr-fr\/pergolas-gennius\/pergola-toile-enroulable\/pergola-toile-enroulable-xtesa-plain\/#breadcrumb"},"inLanguage":"fr-FR","potentialAction":[{"@type":"ReadAction","target":["https:\/\/www.keoutdoordesign.com\/fr-fr\/pergolas-gennius\/pergola-toile-enroulable\/pergola-toile-enroulable-xtesa-plain\/"]}]},{"@type":"ImageObject","inLanguage":"fr-FR","@id":"https:\/\/www.keoutdoordesign.com\/fr-fr\/pergolas-gennius\/pergola-toile-enroulable\/pergola-toile-enroulable-xtesa-plain\/#primaryimage","url":"https:\/\/www.keoutdoordesign.com\/wp-content\/uploads\/2024\/01\/Pergola-toile-enroulable-Xtesa-Plain-KE.jpeg","contentUrl":"https:\/\/www.keoutdoordesign.com\/wp-content\/uploads\/2024\/01\/Pergola-toile-enroulable-Xtesa-Plain-KE.jpeg","width":1920,"height":1440,"caption":"Pergola toile enroulable adoss\u00e9e pour couverture de terrasse."},{"@type":"BreadcrumbList","@id":"https:\/\/www.keoutdoordesign.com\/fr-fr\/pergolas-gennius\/pergola-toile-enroulable\/pergola-toile-enroulable-xtesa-plain\/#breadcrumb","itemListElement":[{"@type":"ListItem","position":1,"name":"Home","item":"https:\/\/www.keoutdoordesign.com\/fr-fr\/"},{"@type":"ListItem","position":2,"name":"Pergolas sur mesure","item":"https:\/\/www.keoutdoordesign.com\/fr-fr\/pergolas-gennius\/"},{"@type":"ListItem","position":3,"name":"Pergolas toile enroulable","item":"https:\/\/www.keoutdoordesign.com\/fr-fr\/pergolas-gennius\/pergola-toile-enroulable\/"},{"@type":"ListItem","position":4,"name":"Pergola toile enroulable Xtesa Plain"}]},{"@type":"WebSite","@id":"https:\/\/www.keoutdoordesign.com\/it-it\/#website","url":"https:\/\/www.keoutdoordesign.com\/it-it\/","name":"KE Outdoor Design","description":"Un nuovo sito targato WordPress","publisher":{"@id":"https:\/\/www.keoutdoordesign.com\/it-it\/#organization"},"potentialAction":[{"@type":"SearchAction","target":{"@type":"EntryPoint","urlTemplate":"https:\/\/www.keoutdoordesign.com\/it-it\/?s={search_term_string}"},"query-input":{"@type":"PropertyValueSpecification","valueRequired":true,"valueName":"search_term_string"}}],"inLanguage":"fr-FR"},{"@type":"Organization","@id":"https:\/\/www.keoutdoordesign.com\/it-it\/#organization","name":"KE Outdoor Design","url":"https:\/\/www.keoutdoordesign.com\/it-it\/","logo":{"@type":"ImageObject","inLanguage":"fr-FR","@id":"https:\/\/www.keoutdoordesign.com\/it-it\/#\/schema\/logo\/image\/","url":"https:\/\/www.keoutdoordesign.com\/wp-content\/uploads\/2020\/02\/KE-logo-Primary-e1591282842174.jpg","contentUrl":"https:\/\/www.keoutdoordesign.com\/wp-content\/uploads\/2020\/02\/KE-logo-Primary-e1591282842174.jpg","width":500,"height":396,"caption":"KE Outdoor Design"},"image":{"@id":"https:\/\/www.keoutdoordesign.com\/it-it\/#\/schema\/logo\/image\/"},"sameAs":["https:\/\/www.facebook.com\/keoutdoordesign.us","https:\/\/x.com\/keoutdoordesign","https:\/\/www.facebook.com\/keoutdoordesign","https:\/\/www.youtube.com\/channel\/UCSoMQryJpLqD53bAoZLg2Vg","https:\/\/www.pinterest.it\/keoutdoordesign\/","https:\/\/www.instagram.com\/keoutdoordesign\/","https:\/\/www.linkedin.com\/company\/ke-outdoor-design\/"]}]}},"_links":{"self":[{"href":"https:\/\/www.keoutdoordesign.com\/fr-fr\/wp-json\/wp\/v2\/pages\/4587","targetHints":{"allow":["GET"]}}],"collection":[{"href":"https:\/\/www.keoutdoordesign.com\/fr-fr\/wp-json\/wp\/v2\/pages"}],"about":[{"href":"https:\/\/www.keoutdoordesign.com\/fr-fr\/wp-json\/wp\/v2\/types\/page"}],"author":[{"embeddable":true,"href":"https:\/\/www.keoutdoordesign.com\/fr-fr\/wp-json\/wp\/v2\/users\/10608"}],"replies":[{"embeddable":true,"href":"https:\/\/www.keoutdoordesign.com\/fr-fr\/wp-json\/wp\/v2\/comments?post=4587"}],"version-history":[{"count":21,"href":"https:\/\/www.keoutdoordesign.com\/fr-fr\/wp-json\/wp\/v2\/pages\/4587\/revisions"}],"predecessor-version":[{"id":121774,"href":"https:\/\/www.keoutdoordesign.com\/fr-fr\/wp-json\/wp\/v2\/pages\/4587\/revisions\/121774"}],"up":[{"embeddable":true,"href":"https:\/\/www.keoutdoordesign.com\/fr-fr\/wp-json\/wp\/v2\/pages\/4579"}],"wp:featuredmedia":[{"embeddable":true,"href":"https:\/\/www.keoutdoordesign.com\/fr-fr\/wp-json\/wp\/v2\/media\/65432"}],"wp:attachment":[{"href":"https:\/\/www.keoutdoordesign.com\/fr-fr\/wp-json\/wp\/v2\/media?parent=4587"}],"curies":[{"name":"wp","href":"https:\/\/api.w.org\/{rel}","templated":true}]}}