{"id":4585,"date":"2019-06-07T10:57:56","date_gmt":"2019-06-07T08:57:56","guid":{"rendered":"http:\/\/ke.localhost.it\/?page_id=4585"},"modified":"2025-10-22T11:42:48","modified_gmt":"2025-10-22T09:42:48","slug":"xtesa","status":"publish","type":"page","link":"https:\/\/www.keoutdoordesign.com\/fr-fr\/pergolas-gennius\/pergola-toile-enroulable\/xtesa\/","title":{"rendered":"Xtesa"},"content":{"rendered":"<p><strong>R\u00e9sistant au vent jusqu\u2019\u00e0 la classe 6<\/strong> selon la UNI PR EN 13561 et parfaitement \u00e9tanche.<br \/>\nChaque module est aliment\u00e9 s\u00e9par\u00e9ment : une barre de charge s&rsquo;engage dans l&rsquo;ouverture des dispositifs \u00e0 l&rsquo;\u00e9lectro-aimant ; l&rsquo;unit\u00e9 de commande \u00e9lectronique est utilis\u00e9e pour \u00e9tirer le tissu sur les rails Zip, <strong>assurant une tension optimale m\u00eame avec une pente minimale de 7 \u00b0<\/strong>.<br \/>\nLe syst\u00e8me est compl\u00e9t\u00e9 par la possibilit\u00e9 de <strong>fermetures lat\u00e9rales avec stores verticaux, Zip ou fen\u00eatres<\/strong>.<\/p>\n<p>Xtesa vous donne la possibilit\u00e9 de d\u00e9caler vers le mur les colonnes et la goutti\u00e8re, par rapport \u00e0 la position standard, jusqu\u2019\u00e0 un maximum de 150 cm.<\/p>\n","protected":false},"excerpt":{"rendered":"<p>R\u00e9sistant au vent jusqu\u2019\u00e0 la classe 6 selon la UNI PR EN 13561 et parfaitement \u00e9tanche. Chaque module est aliment\u00e9&hellip;<\/p>\n","protected":false},"author":10608,"featured_media":114085,"parent":4579,"menu_order":16,"comment_status":"closed","ping_status":"closed","template":"page-templates\/product.php","meta":{"_acf_changed":false,"footnotes":""},"class_list":["post-4585","page","type-page","status-publish","has-post-thumbnail","hentry"],"acf":[],"yoast_head":"<!-- This site is optimized with the Yoast SEO Premium plugin v20.12 (Yoast SEO v27.0) - https:\/\/yoast.com\/product\/yoast-seo-premium-wordpress\/ -->\n<title>Xtesa - Pergola store enroulable - KE Outdoor Design<\/title>\n<meta name=\"description\" content=\"Structure modulaire ombrag\u00e9e en aluminium avec tissu enroul\u00e9. Xtesa vous donne la possibilit\u00e9 de d\u00e9caler vers le mur les colonnes et la goutti\u00e8re, par rapport \u00e0 la position standard, jusqu\u2019\u00e0 un maximum de 150 cm.\" \/>\n<meta name=\"robots\" content=\"index, follow, max-snippet:-1, max-image-preview:large, max-video-preview:-1\" \/>\n<link rel=\"canonical\" href=\"https:\/\/www.keoutdoordesign.com\/fr-fr\/pergolas-gennius\/pergola-toile-enroulable\/xtesa\/\" \/>\n<meta property=\"og:locale\" content=\"fr_FR\" \/>\n<meta property=\"og:type\" content=\"article\" \/>\n<meta property=\"og:title\" content=\"Xtesa\" \/>\n<meta property=\"og:description\" content=\"Structure modulaire ombrag\u00e9e en aluminium avec tissu enroul\u00e9. Xtesa vous donne la possibilit\u00e9 de d\u00e9caler vers le mur les colonnes et la goutti\u00e8re, par rapport \u00e0 la position standard, jusqu\u2019\u00e0 un maximum de 150 cm.\" \/>\n<meta property=\"og:url\" content=\"https:\/\/www.keoutdoordesign.com\/fr-fr\/pergolas-gennius\/pergola-toile-enroulable\/xtesa\/\" \/>\n<meta property=\"og:site_name\" content=\"KE Outdoor Design\" \/>\n<meta property=\"article:publisher\" content=\"https:\/\/www.facebook.com\/keoutdoordesign.us\" \/>\n<meta property=\"article:modified_time\" content=\"2025-10-22T09:42:48+00:00\" \/>\n<meta property=\"og:image\" content=\"https:\/\/www.keoutdoordesign.com\/wp-content\/uploads\/2025\/10\/Grand-Hotel-Villa-Serbelloni-Bellagio-69.jpg\" \/>\n\t<meta property=\"og:image:width\" content=\"1920\" \/>\n\t<meta property=\"og:image:height\" content=\"1280\" \/>\n\t<meta property=\"og:image:type\" content=\"image\/jpeg\" \/>\n<meta name=\"twitter:card\" content=\"summary_large_image\" \/>\n<meta name=\"twitter:site\" content=\"@keoutdoordesign\" \/>\n<script type=\"application\/ld+json\" class=\"yoast-schema-graph\">{\"@context\":\"https:\/\/schema.org\",\"@graph\":[{\"@type\":\"WebPage\",\"@id\":\"https:\/\/www.keoutdoordesign.com\/fr-fr\/pergolas-gennius\/pergola-toile-enroulable\/xtesa\/\",\"url\":\"https:\/\/www.keoutdoordesign.com\/fr-fr\/pergolas-gennius\/pergola-toile-enroulable\/xtesa\/\",\"name\":\"Xtesa - Pergola store enroulable - KE Outdoor Design\",\"isPartOf\":{\"@id\":\"https:\/\/www.keoutdoordesign.com\/it-it\/#website\"},\"primaryImageOfPage\":{\"@id\":\"https:\/\/www.keoutdoordesign.com\/fr-fr\/pergolas-gennius\/pergola-toile-enroulable\/xtesa\/#primaryimage\"},\"image\":{\"@id\":\"https:\/\/www.keoutdoordesign.com\/fr-fr\/pergolas-gennius\/pergola-toile-enroulable\/xtesa\/#primaryimage\"},\"thumbnailUrl\":\"https:\/\/www.keoutdoordesign.com\/wp-content\/uploads\/2025\/10\/Grand-Hotel-Villa-Serbelloni-Bellagio-69.jpg\",\"datePublished\":\"2019-06-07T08:57:56+00:00\",\"dateModified\":\"2025-10-22T09:42:48+00:00\",\"description\":\"Structure modulaire ombrag\u00e9e en aluminium avec tissu enroul\u00e9. Xtesa vous donne la possibilit\u00e9 de d\u00e9caler vers le mur les colonnes et la goutti\u00e8re, par rapport \u00e0 la position standard, jusqu\u2019\u00e0 un maximum de 150 cm.\",\"breadcrumb\":{\"@id\":\"https:\/\/www.keoutdoordesign.com\/fr-fr\/pergolas-gennius\/pergola-toile-enroulable\/xtesa\/#breadcrumb\"},\"inLanguage\":\"fr-FR\",\"potentialAction\":[{\"@type\":\"ReadAction\",\"target\":[\"https:\/\/www.keoutdoordesign.com\/fr-fr\/pergolas-gennius\/pergola-toile-enroulable\/xtesa\/\"]}]},{\"@type\":\"ImageObject\",\"inLanguage\":\"fr-FR\",\"@id\":\"https:\/\/www.keoutdoordesign.com\/fr-fr\/pergolas-gennius\/pergola-toile-enroulable\/xtesa\/#primaryimage\",\"url\":\"https:\/\/www.keoutdoordesign.com\/wp-content\/uploads\/2025\/10\/Grand-Hotel-Villa-Serbelloni-Bellagio-69.jpg\",\"contentUrl\":\"https:\/\/www.keoutdoordesign.com\/wp-content\/uploads\/2025\/10\/Grand-Hotel-Villa-Serbelloni-Bellagio-69.jpg\",\"width\":1920,\"height\":1280},{\"@type\":\"BreadcrumbList\",\"@id\":\"https:\/\/www.keoutdoordesign.com\/fr-fr\/pergolas-gennius\/pergola-toile-enroulable\/xtesa\/#breadcrumb\",\"itemListElement\":[{\"@type\":\"ListItem\",\"position\":1,\"name\":\"Home\",\"item\":\"https:\/\/www.keoutdoordesign.com\/fr-fr\/\"},{\"@type\":\"ListItem\",\"position\":2,\"name\":\"Pergolas sur mesure\",\"item\":\"https:\/\/www.keoutdoordesign.com\/fr-fr\/pergolas-gennius\/\"},{\"@type\":\"ListItem\",\"position\":3,\"name\":\"Pergolas toile enroulable\",\"item\":\"https:\/\/www.keoutdoordesign.com\/fr-fr\/pergolas-gennius\/pergola-toile-enroulable\/\"},{\"@type\":\"ListItem\",\"position\":4,\"name\":\"Xtesa\"}]},{\"@type\":\"WebSite\",\"@id\":\"https:\/\/www.keoutdoordesign.com\/it-it\/#website\",\"url\":\"https:\/\/www.keoutdoordesign.com\/it-it\/\",\"name\":\"KE Outdoor Design\",\"description\":\"Un nuovo sito targato WordPress\",\"publisher\":{\"@id\":\"https:\/\/www.keoutdoordesign.com\/it-it\/#organization\"},\"potentialAction\":[{\"@type\":\"SearchAction\",\"target\":{\"@type\":\"EntryPoint\",\"urlTemplate\":\"https:\/\/www.keoutdoordesign.com\/it-it\/?s={search_term_string}\"},\"query-input\":{\"@type\":\"PropertyValueSpecification\",\"valueRequired\":true,\"valueName\":\"search_term_string\"}}],\"inLanguage\":\"fr-FR\"},{\"@type\":\"Organization\",\"@id\":\"https:\/\/www.keoutdoordesign.com\/it-it\/#organization\",\"name\":\"KE Outdoor Design\",\"url\":\"https:\/\/www.keoutdoordesign.com\/it-it\/\",\"logo\":{\"@type\":\"ImageObject\",\"inLanguage\":\"fr-FR\",\"@id\":\"https:\/\/www.keoutdoordesign.com\/it-it\/#\/schema\/logo\/image\/\",\"url\":\"https:\/\/www.keoutdoordesign.com\/wp-content\/uploads\/2020\/02\/KE-logo-Primary-e1591282842174.jpg\",\"contentUrl\":\"https:\/\/www.keoutdoordesign.com\/wp-content\/uploads\/2020\/02\/KE-logo-Primary-e1591282842174.jpg\",\"width\":500,\"height\":396,\"caption\":\"KE Outdoor Design\"},\"image\":{\"@id\":\"https:\/\/www.keoutdoordesign.com\/it-it\/#\/schema\/logo\/image\/\"},\"sameAs\":[\"https:\/\/www.facebook.com\/keoutdoordesign.us\",\"https:\/\/x.com\/keoutdoordesign\",\"https:\/\/www.facebook.com\/keoutdoordesign\",\"https:\/\/www.youtube.com\/channel\/UCSoMQryJpLqD53bAoZLg2Vg\",\"https:\/\/www.pinterest.it\/keoutdoordesign\/\",\"https:\/\/www.instagram.com\/keoutdoordesign\/\",\"https:\/\/www.linkedin.com\/company\/ke-outdoor-design\/\"]}]}<\/script>\n<!-- \/ Yoast SEO Premium plugin. -->","yoast_head_json":{"title":"Xtesa - Pergola store enroulable - KE Outdoor Design","description":"Structure modulaire ombrag\u00e9e en aluminium avec tissu enroul\u00e9. Xtesa vous donne la possibilit\u00e9 de d\u00e9caler vers le mur les colonnes et la goutti\u00e8re, par rapport \u00e0 la position standard, jusqu\u2019\u00e0 un maximum de 150 cm.","robots":{"index":"index","follow":"follow","max-snippet":"max-snippet:-1","max-image-preview":"max-image-preview:large","max-video-preview":"max-video-preview:-1"},"canonical":"https:\/\/www.keoutdoordesign.com\/fr-fr\/pergolas-gennius\/pergola-toile-enroulable\/xtesa\/","og_locale":"fr_FR","og_type":"article","og_title":"Xtesa","og_description":"Structure modulaire ombrag\u00e9e en aluminium avec tissu enroul\u00e9. Xtesa vous donne la possibilit\u00e9 de d\u00e9caler vers le mur les colonnes et la goutti\u00e8re, par rapport \u00e0 la position standard, jusqu\u2019\u00e0 un maximum de 150 cm.","og_url":"https:\/\/www.keoutdoordesign.com\/fr-fr\/pergolas-gennius\/pergola-toile-enroulable\/xtesa\/","og_site_name":"KE Outdoor Design","article_publisher":"https:\/\/www.facebook.com\/keoutdoordesign.us","article_modified_time":"2025-10-22T09:42:48+00:00","og_image":[{"width":1920,"height":1280,"url":"https:\/\/www.keoutdoordesign.com\/wp-content\/uploads\/2025\/10\/Grand-Hotel-Villa-Serbelloni-Bellagio-69.jpg","type":"image\/jpeg"}],"twitter_card":"summary_large_image","twitter_site":"@keoutdoordesign","schema":{"@context":"https:\/\/schema.org","@graph":[{"@type":"WebPage","@id":"https:\/\/www.keoutdoordesign.com\/fr-fr\/pergolas-gennius\/pergola-toile-enroulable\/xtesa\/","url":"https:\/\/www.keoutdoordesign.com\/fr-fr\/pergolas-gennius\/pergola-toile-enroulable\/xtesa\/","name":"Xtesa - Pergola store enroulable - KE Outdoor Design","isPartOf":{"@id":"https:\/\/www.keoutdoordesign.com\/it-it\/#website"},"primaryImageOfPage":{"@id":"https:\/\/www.keoutdoordesign.com\/fr-fr\/pergolas-gennius\/pergola-toile-enroulable\/xtesa\/#primaryimage"},"image":{"@id":"https:\/\/www.keoutdoordesign.com\/fr-fr\/pergolas-gennius\/pergola-toile-enroulable\/xtesa\/#primaryimage"},"thumbnailUrl":"https:\/\/www.keoutdoordesign.com\/wp-content\/uploads\/2025\/10\/Grand-Hotel-Villa-Serbelloni-Bellagio-69.jpg","datePublished":"2019-06-07T08:57:56+00:00","dateModified":"2025-10-22T09:42:48+00:00","description":"Structure modulaire ombrag\u00e9e en aluminium avec tissu enroul\u00e9. Xtesa vous donne la possibilit\u00e9 de d\u00e9caler vers le mur les colonnes et la goutti\u00e8re, par rapport \u00e0 la position standard, jusqu\u2019\u00e0 un maximum de 150 cm.","breadcrumb":{"@id":"https:\/\/www.keoutdoordesign.com\/fr-fr\/pergolas-gennius\/pergola-toile-enroulable\/xtesa\/#breadcrumb"},"inLanguage":"fr-FR","potentialAction":[{"@type":"ReadAction","target":["https:\/\/www.keoutdoordesign.com\/fr-fr\/pergolas-gennius\/pergola-toile-enroulable\/xtesa\/"]}]},{"@type":"ImageObject","inLanguage":"fr-FR","@id":"https:\/\/www.keoutdoordesign.com\/fr-fr\/pergolas-gennius\/pergola-toile-enroulable\/xtesa\/#primaryimage","url":"https:\/\/www.keoutdoordesign.com\/wp-content\/uploads\/2025\/10\/Grand-Hotel-Villa-Serbelloni-Bellagio-69.jpg","contentUrl":"https:\/\/www.keoutdoordesign.com\/wp-content\/uploads\/2025\/10\/Grand-Hotel-Villa-Serbelloni-Bellagio-69.jpg","width":1920,"height":1280},{"@type":"BreadcrumbList","@id":"https:\/\/www.keoutdoordesign.com\/fr-fr\/pergolas-gennius\/pergola-toile-enroulable\/xtesa\/#breadcrumb","itemListElement":[{"@type":"ListItem","position":1,"name":"Home","item":"https:\/\/www.keoutdoordesign.com\/fr-fr\/"},{"@type":"ListItem","position":2,"name":"Pergolas sur mesure","item":"https:\/\/www.keoutdoordesign.com\/fr-fr\/pergolas-gennius\/"},{"@type":"ListItem","position":3,"name":"Pergolas toile enroulable","item":"https:\/\/www.keoutdoordesign.com\/fr-fr\/pergolas-gennius\/pergola-toile-enroulable\/"},{"@type":"ListItem","position":4,"name":"Xtesa"}]},{"@type":"WebSite","@id":"https:\/\/www.keoutdoordesign.com\/it-it\/#website","url":"https:\/\/www.keoutdoordesign.com\/it-it\/","name":"KE Outdoor Design","description":"Un nuovo sito targato WordPress","publisher":{"@id":"https:\/\/www.keoutdoordesign.com\/it-it\/#organization"},"potentialAction":[{"@type":"SearchAction","target":{"@type":"EntryPoint","urlTemplate":"https:\/\/www.keoutdoordesign.com\/it-it\/?s={search_term_string}"},"query-input":{"@type":"PropertyValueSpecification","valueRequired":true,"valueName":"search_term_string"}}],"inLanguage":"fr-FR"},{"@type":"Organization","@id":"https:\/\/www.keoutdoordesign.com\/it-it\/#organization","name":"KE Outdoor Design","url":"https:\/\/www.keoutdoordesign.com\/it-it\/","logo":{"@type":"ImageObject","inLanguage":"fr-FR","@id":"https:\/\/www.keoutdoordesign.com\/it-it\/#\/schema\/logo\/image\/","url":"https:\/\/www.keoutdoordesign.com\/wp-content\/uploads\/2020\/02\/KE-logo-Primary-e1591282842174.jpg","contentUrl":"https:\/\/www.keoutdoordesign.com\/wp-content\/uploads\/2020\/02\/KE-logo-Primary-e1591282842174.jpg","width":500,"height":396,"caption":"KE Outdoor Design"},"image":{"@id":"https:\/\/www.keoutdoordesign.com\/it-it\/#\/schema\/logo\/image\/"},"sameAs":["https:\/\/www.facebook.com\/keoutdoordesign.us","https:\/\/x.com\/keoutdoordesign","https:\/\/www.facebook.com\/keoutdoordesign","https:\/\/www.youtube.com\/channel\/UCSoMQryJpLqD53bAoZLg2Vg","https:\/\/www.pinterest.it\/keoutdoordesign\/","https:\/\/www.instagram.com\/keoutdoordesign\/","https:\/\/www.linkedin.com\/company\/ke-outdoor-design\/"]}]}},"_links":{"self":[{"href":"https:\/\/www.keoutdoordesign.com\/fr-fr\/wp-json\/wp\/v2\/pages\/4585","targetHints":{"allow":["GET"]}}],"collection":[{"href":"https:\/\/www.keoutdoordesign.com\/fr-fr\/wp-json\/wp\/v2\/pages"}],"about":[{"href":"https:\/\/www.keoutdoordesign.com\/fr-fr\/wp-json\/wp\/v2\/types\/page"}],"author":[{"embeddable":true,"href":"https:\/\/www.keoutdoordesign.com\/fr-fr\/wp-json\/wp\/v2\/users\/10608"}],"replies":[{"embeddable":true,"href":"https:\/\/www.keoutdoordesign.com\/fr-fr\/wp-json\/wp\/v2\/comments?post=4585"}],"version-history":[{"count":17,"href":"https:\/\/www.keoutdoordesign.com\/fr-fr\/wp-json\/wp\/v2\/pages\/4585\/revisions"}],"predecessor-version":[{"id":104895,"href":"https:\/\/www.keoutdoordesign.com\/fr-fr\/wp-json\/wp\/v2\/pages\/4585\/revisions\/104895"}],"up":[{"embeddable":true,"href":"https:\/\/www.keoutdoordesign.com\/fr-fr\/wp-json\/wp\/v2\/pages\/4579"}],"wp:featuredmedia":[{"embeddable":true,"href":"https:\/\/www.keoutdoordesign.com\/fr-fr\/wp-json\/wp\/v2\/media\/114085"}],"wp:attachment":[{"href":"https:\/\/www.keoutdoordesign.com\/fr-fr\/wp-json\/wp\/v2\/media?parent=4585"}],"curies":[{"name":"wp","href":"https:\/\/api.w.org\/{rel}","templated":true}]}}