{"id":4579,"date":"2019-06-07T10:57:37","date_gmt":"2019-06-07T08:57:37","guid":{"rendered":"http:\/\/ke.localhost.it\/?page_id=4579"},"modified":"2023-01-11T12:01:55","modified_gmt":"2023-01-11T11:01:55","slug":"pergola-toile-enroulable","status":"publish","type":"page","link":"https:\/\/www.keoutdoordesign.com\/fr-fr\/pergolas-gennius\/pergola-toile-enroulable\/","title":{"rendered":"Pergolas toile enroulable"},"content":{"rendered":"<h2>Pourquoi choisir une pergola toile enroulable ?<\/h2>\n<p>Une <strong>pergola toile enroulable<\/strong> est en effet id\u00e9ale pour vous offrir un prolongement de votre espace int\u00e9rieur vers l\u2019ext\u00e9rieur. Ouvrez-vous vers l\u2019ext\u00e9rieur tout en vous prot\u00e9geant des intemp\u00e9ries et notamment des rayons du soleil ou de la pluie.<\/p>\n<p>Mais contrairement aux autres types de pergola, la pergola toile enroulable est largement appr\u00e9ci\u00e9e du fait d\u2019un faible encombrement sur la fa\u00e7ade une fois la toile enroul\u00e9e dans le coffre. Qu\u2019est-ce que cela signifie\u00a0? Tout simplement un salon ou autre pi\u00e8ce de vie lumineuse toute l\u2019ann\u00e9e et un faible impact esth\u00e9tique\u00a0!<\/p>\n<p>Nos pergolas toile enroulable sont mont\u00e9es sur une structure, adoss\u00e9e \u00e0 la maison, en aluminium d\u2019une grande robustesse. Modulez-la au gr\u00e9 de vos envies et besoins. Et pour davantage d\u2019intimit\u00e9, les mod\u00e8les XTESA proposent un syst\u00e8me de fermetures lat\u00e9rales \u00e0 l\u2019aide de stores ou encore de vitrage panoramique, selon votre convenance. Cr\u00e9ez un cocon agr\u00e9able dans lequel vous pouvez installer un salon fort confortable pour profiter de moments de convivialit\u00e9.<\/p>\n<p>La <strong>toile enroulable<\/strong> de nos pergolas r\u00e9siste \u00e0 des vents de classe 3 \u00e0 5 et demeure parfaitement imperm\u00e9able. La pente de nos installations, d\u2019un minimum de 10\u00b0, ainsi que les goutti\u00e8res aident \u00e0 une \u00e9vacuation optimale de l\u2019eau.<\/p>\n<p>Vous pourrez ainsi disposer des plantes au pied de la pergola pour vous offrir un brise vue naturel.<\/p>\n<p>Le laquage de nos structures, r\u00e9alis\u00e9 \u00e0 base de peinture \u00e9poxydiques sont fa\u00eetes pour durer dans le temps et garder un aspect neuf. Vous disposez, par ailleurs, d\u2019une palette vari\u00e9e pour faire votre choix, se d\u00e9clinant dans des tons cr\u00e8me ou color\u00e9s, jaune, rouge, bleu.<\/p>\n<p>La tendance est \u00e0 la couleur Carbon en harmonie avec la plupart des mobiliers outdoor et le Rouille, qui se marie \u00e0 la perfection avec les maisons en pierre, d\u2019une teinte tr\u00e8s naturelle.<\/p>\n<p>Nos pergolas, con\u00e7ues sur mesure, s\u2019adaptent \u00e0 la configuration de tous vos terrains. Pour profiter plus longuement des belles soir\u00e9es d\u2019\u00e9t\u00e9, int\u00e9grez de la lumi\u00e8re et de la musique \u00e0 votre pergola toile enroulable. Le design de ces derni\u00e8res est mis en valeur gr\u00e2ce \u00e0 un ensemble de bandeau LED qui suivent les lignes de la pergola\u00a0notamment sur les guides. Instaurez ainsi une ambiance douce et chaleureuse dans votre jardin.<\/p>\n<p>Appr\u00e9ciez, enfin, le confort que la modernit\u00e9 int\u00e9gr\u00e9e \u00e0 nos pergolas vous offre. En effet, des capteurs climatiques peuvent-\u00eatre pr\u00e9vus, gr\u00e2ce \u00e0 laquelle votre toiture va et vient selon la m\u00e9t\u00e9o.<\/p>\n<h2>Comment orienter mon choix de pergola toile enroulable ?<\/h2>\n<p>Deux mod\u00e8les de <strong>pergolas toile enroulable<\/strong> s\u2019offrent \u00e0 vous, et c\u2019est assez simple de les distinguer\u00a0:<\/p>\n<ul>\n<li>La premi\u00e8re\u00a0: Hydrae plus, est davantage consid\u00e9r\u00e9 comme un store banne sur pied, l\u2019id\u00e9al entre le store et la pergola. Elle dispose de goutti\u00e8re pour l\u2019\u00e9vacuation d\u2019une l\u00e9g\u00e8re pluie cependant n\u2019est \u00e9quip\u00e9e que d\u2019une toile acrylique (non imperm\u00e9able) et ne se ferme pas, seul un lambrequin d\u00e9roulable peut \u00eatre ajout\u00e9 pour se pr\u00e9server du vis-\u00e0-vis. Cependant elle se montre davantage l\u00e9g\u00e8re, moins encombrante et les poteaux peuvent \u00eatre recul\u00e9e jusqu\u2019\u00e0 1.50m (sans utilisation des goutti\u00e8re).<\/li>\n<\/ul>\n<p>La faisabilit\u00e9 en 2 modules n\u2019implique que 3 poteaux\u00a0!<\/p>\n<ul>\n<li>La deuxi\u00e8me\u00a0: XTESA Plain, qui est adapt\u00e9e pour une utilisation annuelle gr\u00e2ce \u00e0 sa toile imperm\u00e9able, ses fermetures lat\u00e9rales et son \u00e9vacuation de l\u2019eau parfaite.<\/li>\n<\/ul>\n<p>Elle est \u00e9galement plus r\u00e9sistante au vent (jusqu\u2019\u00e0 la classe 5 contre la classe 3 pour l\u2019Hydrae Plus)<\/p>\n<p>Le mod\u00e8le XTESA est quant \u00e0 lui similaire \u00e0 l\u2019XTESA Plain mais avec un syst\u00e8me int\u00e9gr\u00e9 pour une r\u00e9sistance au vent jusqu\u2019\u00e0 la classe 6.<\/p>\n<p>Donc pour une solution sur les demi-saisons, vous pouvez partir sur l\u2019Hydrae Plus, cependant pour une utilisation plus fr\u00e9quente voir annuelle, l\u2019XTESA Plain sera davantage la <strong>pergola toile enroulable<\/strong> id\u00e9ale\u00a0!<\/p>\n<h2>Comment entretenir votre pergola toile enroulable ?<\/h2>\n<p>Nos pergolas toile enroulable demeurent des installations tr\u00e8s simples d\u2019entretien.<\/p>\n<p>En effet comme la toile s\u2019enroule dans le coffre lorsque la pergola n\u2019est pas utilis\u00e9e, la toile est prot\u00e9g\u00e9e de la plupart des salissures. Attention tout de m\u00eame \u00e0 ne pas laisser des feuilles sur la toile lors de l\u2019enroulement.<\/p>\n<p>Adoptez, cependant, les bons gestes afin d\u2019augmenter leur durabilit\u00e9.<\/p>\n<p>D\u00e9poussi\u00e9rez, r\u00e9guli\u00e8rement, la toile de votre pergola \u00e0 l\u2019aide d\u2019un balai. Afin d\u2019enlever les \u00e9ventuelles taches, nettoyez avec un savon doux et une brosse. Malgr\u00e9 cela, si des taches persistent, frottez avec du vinaigre blanc et du bicarbonate de soude. Nos structures en aluminium n\u00e9cessitent, elles aussi, d\u2019\u00eatre \u00e9pong\u00e9es avec de l\u2019eau claire savonneuse. Proscrivez, enfin, tous les produits corrosifs qui abimeraient votre <strong>pergola toile enroulable<\/strong>.<\/p>\n","protected":false},"excerpt":{"rendered":"<p>Pourquoi choisir une pergola toile enroulable ? Une pergola toile enroulable est en effet id\u00e9ale pour vous offrir un prolongement&hellip;<\/p>\n","protected":false},"author":10608,"featured_media":2647,"parent":4547,"menu_order":16,"comment_status":"closed","ping_status":"closed","template":"page-templates\/category-products.php","meta":{"_acf_changed":false,"footnotes":""},"class_list":["post-4579","page","type-page","status-publish","has-post-thumbnail","hentry"],"acf":[],"yoast_head":"<!-- This site is optimized with the Yoast SEO Premium plugin v20.12 (Yoast SEO v27.3) - https:\/\/yoast.com\/product\/yoast-seo-premium-wordpress\/ -->\n<title>Pergolas toile enroulable - KE Outdoor Design<\/title>\n<meta name=\"description\" content=\"Pergola toile enroulable cr\u00e9ant un dialogue entre l&#039;int\u00e9rieur &amp; l&#039;ext\u00e9rieur. Adoss\u00e9e au mur de votre maison et enroulable de fa\u00e7on manuelle ou \u00e9l\u00e9ctrique.\" \/>\n<meta name=\"robots\" content=\"index, follow, max-snippet:-1, max-image-preview:large, max-video-preview:-1\" \/>\n<link rel=\"canonical\" href=\"https:\/\/www.keoutdoordesign.com\/fr-fr\/pergolas-gennius\/pergola-toile-enroulable\/\" \/>\n<meta property=\"og:locale\" content=\"fr_FR\" \/>\n<meta property=\"og:type\" content=\"article\" \/>\n<meta property=\"og:title\" content=\"Pergolas toile enroulable\" \/>\n<meta property=\"og:description\" content=\"Pergola toile enroulable cr\u00e9ant un dialogue entre l&#039;int\u00e9rieur &amp; l&#039;ext\u00e9rieur. Adoss\u00e9e au mur de votre maison et enroulable de fa\u00e7on manuelle ou \u00e9l\u00e9ctrique.\" \/>\n<meta property=\"og:url\" content=\"https:\/\/www.keoutdoordesign.com\/fr-fr\/pergolas-gennius\/pergola-toile-enroulable\/\" \/>\n<meta property=\"og:site_name\" content=\"KE Outdoor Design\" \/>\n<meta property=\"article:publisher\" content=\"https:\/\/www.facebook.com\/keoutdoordesign.us\" \/>\n<meta property=\"article:modified_time\" content=\"2023-01-11T11:01:55+00:00\" \/>\n<meta property=\"og:image\" content=\"https:\/\/www.keoutdoordesign.com\/wp-content\/uploads\/2019\/05\/RefFeltreZancanaro_XtesaPlain_1.jpg\" \/>\n\t<meta property=\"og:image:width\" content=\"2048\" \/>\n\t<meta property=\"og:image:height\" content=\"1080\" \/>\n\t<meta property=\"og:image:type\" content=\"image\/jpeg\" \/>\n<meta name=\"twitter:card\" content=\"summary_large_image\" \/>\n<meta name=\"twitter:site\" content=\"@keoutdoordesign\" \/>\n<script type=\"application\/ld+json\" class=\"yoast-schema-graph\">{\"@context\":\"https:\\\/\\\/schema.org\",\"@graph\":[{\"@type\":\"WebPage\",\"@id\":\"https:\\\/\\\/www.keoutdoordesign.com\\\/fr-fr\\\/pergolas-gennius\\\/pergola-toile-enroulable\\\/\",\"url\":\"https:\\\/\\\/www.keoutdoordesign.com\\\/fr-fr\\\/pergolas-gennius\\\/pergola-toile-enroulable\\\/\",\"name\":\"Pergolas toile enroulable - KE Outdoor Design\",\"isPartOf\":{\"@id\":\"https:\\\/\\\/www.keoutdoordesign.com\\\/it-it\\\/#website\"},\"primaryImageOfPage\":{\"@id\":\"https:\\\/\\\/www.keoutdoordesign.com\\\/fr-fr\\\/pergolas-gennius\\\/pergola-toile-enroulable\\\/#primaryimage\"},\"image\":{\"@id\":\"https:\\\/\\\/www.keoutdoordesign.com\\\/fr-fr\\\/pergolas-gennius\\\/pergola-toile-enroulable\\\/#primaryimage\"},\"thumbnailUrl\":\"https:\\\/\\\/www.keoutdoordesign.com\\\/wp-content\\\/uploads\\\/2019\\\/05\\\/RefFeltreZancanaro_XtesaPlain_1.jpg\",\"datePublished\":\"2019-06-07T08:57:37+00:00\",\"dateModified\":\"2023-01-11T11:01:55+00:00\",\"description\":\"Pergola toile enroulable cr\u00e9ant un dialogue entre l'int\u00e9rieur & l'ext\u00e9rieur. Adoss\u00e9e au mur de votre maison et enroulable de fa\u00e7on manuelle ou \u00e9l\u00e9ctrique.\",\"breadcrumb\":{\"@id\":\"https:\\\/\\\/www.keoutdoordesign.com\\\/fr-fr\\\/pergolas-gennius\\\/pergola-toile-enroulable\\\/#breadcrumb\"},\"inLanguage\":\"fr-FR\",\"potentialAction\":[{\"@type\":\"ReadAction\",\"target\":[\"https:\\\/\\\/www.keoutdoordesign.com\\\/fr-fr\\\/pergolas-gennius\\\/pergola-toile-enroulable\\\/\"]}]},{\"@type\":\"ImageObject\",\"inLanguage\":\"fr-FR\",\"@id\":\"https:\\\/\\\/www.keoutdoordesign.com\\\/fr-fr\\\/pergolas-gennius\\\/pergola-toile-enroulable\\\/#primaryimage\",\"url\":\"https:\\\/\\\/www.keoutdoordesign.com\\\/wp-content\\\/uploads\\\/2019\\\/05\\\/RefFeltreZancanaro_XtesaPlain_1.jpg\",\"contentUrl\":\"https:\\\/\\\/www.keoutdoordesign.com\\\/wp-content\\\/uploads\\\/2019\\\/05\\\/RefFeltreZancanaro_XtesaPlain_1.jpg\",\"width\":2048,\"height\":1080,\"caption\":\"pergola con tenda avvolgibile\"},{\"@type\":\"BreadcrumbList\",\"@id\":\"https:\\\/\\\/www.keoutdoordesign.com\\\/fr-fr\\\/pergolas-gennius\\\/pergola-toile-enroulable\\\/#breadcrumb\",\"itemListElement\":[{\"@type\":\"ListItem\",\"position\":1,\"name\":\"Home\",\"item\":\"https:\\\/\\\/www.keoutdoordesign.com\\\/fr-fr\\\/\"},{\"@type\":\"ListItem\",\"position\":2,\"name\":\"Pergolas sur mesure\",\"item\":\"https:\\\/\\\/www.keoutdoordesign.com\\\/fr-fr\\\/pergolas-gennius\\\/\"},{\"@type\":\"ListItem\",\"position\":3,\"name\":\"Pergolas toile enroulable\"}]},{\"@type\":\"WebSite\",\"@id\":\"https:\\\/\\\/www.keoutdoordesign.com\\\/it-it\\\/#website\",\"url\":\"https:\\\/\\\/www.keoutdoordesign.com\\\/it-it\\\/\",\"name\":\"KE Outdoor Design\",\"description\":\"Un nuovo sito targato WordPress\",\"publisher\":{\"@id\":\"https:\\\/\\\/www.keoutdoordesign.com\\\/it-it\\\/#organization\"},\"potentialAction\":[{\"@type\":\"SearchAction\",\"target\":{\"@type\":\"EntryPoint\",\"urlTemplate\":\"https:\\\/\\\/www.keoutdoordesign.com\\\/it-it\\\/?s={search_term_string}\"},\"query-input\":{\"@type\":\"PropertyValueSpecification\",\"valueRequired\":true,\"valueName\":\"search_term_string\"}}],\"inLanguage\":\"fr-FR\"},{\"@type\":\"Organization\",\"@id\":\"https:\\\/\\\/www.keoutdoordesign.com\\\/it-it\\\/#organization\",\"name\":\"KE Outdoor Design\",\"url\":\"https:\\\/\\\/www.keoutdoordesign.com\\\/it-it\\\/\",\"logo\":{\"@type\":\"ImageObject\",\"inLanguage\":\"fr-FR\",\"@id\":\"https:\\\/\\\/www.keoutdoordesign.com\\\/it-it\\\/#\\\/schema\\\/logo\\\/image\\\/\",\"url\":\"https:\\\/\\\/www.keoutdoordesign.com\\\/wp-content\\\/uploads\\\/2020\\\/02\\\/KE-logo-Primary-e1591282842174.jpg\",\"contentUrl\":\"https:\\\/\\\/www.keoutdoordesign.com\\\/wp-content\\\/uploads\\\/2020\\\/02\\\/KE-logo-Primary-e1591282842174.jpg\",\"width\":500,\"height\":396,\"caption\":\"KE Outdoor Design\"},\"image\":{\"@id\":\"https:\\\/\\\/www.keoutdoordesign.com\\\/it-it\\\/#\\\/schema\\\/logo\\\/image\\\/\"},\"sameAs\":[\"https:\\\/\\\/www.facebook.com\\\/keoutdoordesign.us\",\"https:\\\/\\\/x.com\\\/keoutdoordesign\",\"https:\\\/\\\/www.facebook.com\\\/keoutdoordesign\",\"https:\\\/\\\/www.youtube.com\\\/channel\\\/UCSoMQryJpLqD53bAoZLg2Vg\",\"https:\\\/\\\/www.pinterest.it\\\/keoutdoordesign\\\/\",\"https:\\\/\\\/www.instagram.com\\\/keoutdoordesign\\\/\",\"https:\\\/\\\/www.linkedin.com\\\/company\\\/ke-outdoor-design\\\/\"]}]}<\/script>\n<!-- \/ Yoast SEO Premium plugin. -->","yoast_head_json":{"title":"Pergolas toile enroulable - KE Outdoor Design","description":"Pergola toile enroulable cr\u00e9ant un dialogue entre l'int\u00e9rieur & l'ext\u00e9rieur. Adoss\u00e9e au mur de votre maison et enroulable de fa\u00e7on manuelle ou \u00e9l\u00e9ctrique.","robots":{"index":"index","follow":"follow","max-snippet":"max-snippet:-1","max-image-preview":"max-image-preview:large","max-video-preview":"max-video-preview:-1"},"canonical":"https:\/\/www.keoutdoordesign.com\/fr-fr\/pergolas-gennius\/pergola-toile-enroulable\/","og_locale":"fr_FR","og_type":"article","og_title":"Pergolas toile enroulable","og_description":"Pergola toile enroulable cr\u00e9ant un dialogue entre l'int\u00e9rieur & l'ext\u00e9rieur. Adoss\u00e9e au mur de votre maison et enroulable de fa\u00e7on manuelle ou \u00e9l\u00e9ctrique.","og_url":"https:\/\/www.keoutdoordesign.com\/fr-fr\/pergolas-gennius\/pergola-toile-enroulable\/","og_site_name":"KE Outdoor Design","article_publisher":"https:\/\/www.facebook.com\/keoutdoordesign.us","article_modified_time":"2023-01-11T11:01:55+00:00","og_image":[{"width":2048,"height":1080,"url":"https:\/\/www.keoutdoordesign.com\/wp-content\/uploads\/2019\/05\/RefFeltreZancanaro_XtesaPlain_1.jpg","type":"image\/jpeg"}],"twitter_card":"summary_large_image","twitter_site":"@keoutdoordesign","schema":{"@context":"https:\/\/schema.org","@graph":[{"@type":"WebPage","@id":"https:\/\/www.keoutdoordesign.com\/fr-fr\/pergolas-gennius\/pergola-toile-enroulable\/","url":"https:\/\/www.keoutdoordesign.com\/fr-fr\/pergolas-gennius\/pergola-toile-enroulable\/","name":"Pergolas toile enroulable - KE Outdoor Design","isPartOf":{"@id":"https:\/\/www.keoutdoordesign.com\/it-it\/#website"},"primaryImageOfPage":{"@id":"https:\/\/www.keoutdoordesign.com\/fr-fr\/pergolas-gennius\/pergola-toile-enroulable\/#primaryimage"},"image":{"@id":"https:\/\/www.keoutdoordesign.com\/fr-fr\/pergolas-gennius\/pergola-toile-enroulable\/#primaryimage"},"thumbnailUrl":"https:\/\/www.keoutdoordesign.com\/wp-content\/uploads\/2019\/05\/RefFeltreZancanaro_XtesaPlain_1.jpg","datePublished":"2019-06-07T08:57:37+00:00","dateModified":"2023-01-11T11:01:55+00:00","description":"Pergola toile enroulable cr\u00e9ant un dialogue entre l'int\u00e9rieur & l'ext\u00e9rieur. Adoss\u00e9e au mur de votre maison et enroulable de fa\u00e7on manuelle ou \u00e9l\u00e9ctrique.","breadcrumb":{"@id":"https:\/\/www.keoutdoordesign.com\/fr-fr\/pergolas-gennius\/pergola-toile-enroulable\/#breadcrumb"},"inLanguage":"fr-FR","potentialAction":[{"@type":"ReadAction","target":["https:\/\/www.keoutdoordesign.com\/fr-fr\/pergolas-gennius\/pergola-toile-enroulable\/"]}]},{"@type":"ImageObject","inLanguage":"fr-FR","@id":"https:\/\/www.keoutdoordesign.com\/fr-fr\/pergolas-gennius\/pergola-toile-enroulable\/#primaryimage","url":"https:\/\/www.keoutdoordesign.com\/wp-content\/uploads\/2019\/05\/RefFeltreZancanaro_XtesaPlain_1.jpg","contentUrl":"https:\/\/www.keoutdoordesign.com\/wp-content\/uploads\/2019\/05\/RefFeltreZancanaro_XtesaPlain_1.jpg","width":2048,"height":1080,"caption":"pergola con tenda avvolgibile"},{"@type":"BreadcrumbList","@id":"https:\/\/www.keoutdoordesign.com\/fr-fr\/pergolas-gennius\/pergola-toile-enroulable\/#breadcrumb","itemListElement":[{"@type":"ListItem","position":1,"name":"Home","item":"https:\/\/www.keoutdoordesign.com\/fr-fr\/"},{"@type":"ListItem","position":2,"name":"Pergolas sur mesure","item":"https:\/\/www.keoutdoordesign.com\/fr-fr\/pergolas-gennius\/"},{"@type":"ListItem","position":3,"name":"Pergolas toile enroulable"}]},{"@type":"WebSite","@id":"https:\/\/www.keoutdoordesign.com\/it-it\/#website","url":"https:\/\/www.keoutdoordesign.com\/it-it\/","name":"KE Outdoor Design","description":"Un nuovo sito targato WordPress","publisher":{"@id":"https:\/\/www.keoutdoordesign.com\/it-it\/#organization"},"potentialAction":[{"@type":"SearchAction","target":{"@type":"EntryPoint","urlTemplate":"https:\/\/www.keoutdoordesign.com\/it-it\/?s={search_term_string}"},"query-input":{"@type":"PropertyValueSpecification","valueRequired":true,"valueName":"search_term_string"}}],"inLanguage":"fr-FR"},{"@type":"Organization","@id":"https:\/\/www.keoutdoordesign.com\/it-it\/#organization","name":"KE Outdoor Design","url":"https:\/\/www.keoutdoordesign.com\/it-it\/","logo":{"@type":"ImageObject","inLanguage":"fr-FR","@id":"https:\/\/www.keoutdoordesign.com\/it-it\/#\/schema\/logo\/image\/","url":"https:\/\/www.keoutdoordesign.com\/wp-content\/uploads\/2020\/02\/KE-logo-Primary-e1591282842174.jpg","contentUrl":"https:\/\/www.keoutdoordesign.com\/wp-content\/uploads\/2020\/02\/KE-logo-Primary-e1591282842174.jpg","width":500,"height":396,"caption":"KE Outdoor Design"},"image":{"@id":"https:\/\/www.keoutdoordesign.com\/it-it\/#\/schema\/logo\/image\/"},"sameAs":["https:\/\/www.facebook.com\/keoutdoordesign.us","https:\/\/x.com\/keoutdoordesign","https:\/\/www.facebook.com\/keoutdoordesign","https:\/\/www.youtube.com\/channel\/UCSoMQryJpLqD53bAoZLg2Vg","https:\/\/www.pinterest.it\/keoutdoordesign\/","https:\/\/www.instagram.com\/keoutdoordesign\/","https:\/\/www.linkedin.com\/company\/ke-outdoor-design\/"]}]}},"_links":{"self":[{"href":"https:\/\/www.keoutdoordesign.com\/fr-fr\/wp-json\/wp\/v2\/pages\/4579","targetHints":{"allow":["GET"]}}],"collection":[{"href":"https:\/\/www.keoutdoordesign.com\/fr-fr\/wp-json\/wp\/v2\/pages"}],"about":[{"href":"https:\/\/www.keoutdoordesign.com\/fr-fr\/wp-json\/wp\/v2\/types\/page"}],"author":[{"embeddable":true,"href":"https:\/\/www.keoutdoordesign.com\/fr-fr\/wp-json\/wp\/v2\/users\/10608"}],"replies":[{"embeddable":true,"href":"https:\/\/www.keoutdoordesign.com\/fr-fr\/wp-json\/wp\/v2\/comments?post=4579"}],"version-history":[{"count":18,"href":"https:\/\/www.keoutdoordesign.com\/fr-fr\/wp-json\/wp\/v2\/pages\/4579\/revisions"}],"predecessor-version":[{"id":54589,"href":"https:\/\/www.keoutdoordesign.com\/fr-fr\/wp-json\/wp\/v2\/pages\/4579\/revisions\/54589"}],"up":[{"embeddable":true,"href":"https:\/\/www.keoutdoordesign.com\/fr-fr\/wp-json\/wp\/v2\/pages\/4547"}],"wp:featuredmedia":[{"embeddable":true,"href":"https:\/\/www.keoutdoordesign.com\/fr-fr\/wp-json\/wp\/v2\/media\/2647"}],"wp:attachment":[{"href":"https:\/\/www.keoutdoordesign.com\/fr-fr\/wp-json\/wp\/v2\/media?parent=4579"}],"curies":[{"name":"wp","href":"https:\/\/api.w.org\/{rel}","templated":true}]}}