{"id":4573,"date":"2019-06-07T10:57:02","date_gmt":"2019-06-07T08:57:02","guid":{"rendered":"http:\/\/ke.localhost.it\/?page_id=4573"},"modified":"2025-10-20T17:02:07","modified_gmt":"2025-10-20T15:02:07","slug":"pergola-vitree-toit-plat-isola-3","status":"publish","type":"page","link":"https:\/\/www.keoutdoordesign.com\/fr-fr\/pergolas-gennius\/pergola-avec-toit-plat\/pergola-vitree-toit-plat-isola-3\/","title":{"rendered":"Pergola \u00e0 toit plat Isola 3"},"content":{"rendered":"<p>Isola 3 se distingue par la forme caract\u00e9ristique du <strong>toit arqu\u00e9 abaiss\u00e9<\/strong>, qui permet de r\u00e9duire la hauteur totale et d&rsquo;am\u00e9liorer son aspect esth\u00e9tique, ce qui en fait un produit unique en son genre.<\/p>\n<p>Disponible dans deux modes d&rsquo;installation diff\u00e9rents &#8211; <strong>mural et autoportant<\/strong> &#8211; la structure peut \u00eatre int\u00e9gr\u00e9e avec des stores techniques lat\u00e9raux \u00e0 ombrage ou compl\u00e8tement transparents, ou avec des syst\u00e8mes de fen\u00eatres coulissantes. Le tout avec des possibilit\u00e9s de configuration \u00e9lev\u00e9es : pour la version au p\u00e9rim\u00e8tre ferm\u00e9 avec tissu, par exemple, il est possible de choisir parmi plus de 500 tissus techniques disponibles ; le niveau de modulation de la contribution solaire peut \u00eatre ajust\u00e9 en fonction des besoins sp\u00e9cifiques du b\u00e2timent dans lequel le produit sera install\u00e9, en respectant \u00e9galement la coh\u00e9rence stylistique de la construction.<\/p>\n<p>En effet, Isola 3, s\u2019int\u00e8gre parfaitement \u00e0 l\u2019architecture des b\u00e2timentsi, gr\u00e2ce \u00e0 la <strong>l\u00e9g\u00e8ret\u00e9 des lignes et des profil\u00e9s<\/strong> en aluminium, au rev\u00eatement en poudre, qui garantissent une excellente r\u00e9sistance \u00e0 la corrosion et sont de forme non invasive.<\/p>\n<p>Isola 3 se distingue comme un v\u00e9ritable accessoire d&rsquo;ameublement d&rsquo;ext\u00e9rieur gr\u00e2ce \u00e0 un <strong>syst\u00e8me d&rsquo;\u00e9clairage int\u00e9gr\u00e9 \u00e0 intensit\u00e9 variable<\/strong>, id\u00e9al pour ceux qui souhaitent cr\u00e9er <strong>des ambiances de soir\u00e9es tamis\u00e9es<\/strong>.<\/p>\n<p>Isola 3 peut \u00e9galement \u00eatre int\u00e9gr\u00e9e \u00e0 des capteurs climatiques optionnels qui permettent une automatisation parfaite et une gestion id\u00e9ale du store, en cas de variations m\u00e9t\u00e9orologiques.<\/p>\n<p>Gr\u00e2ce \u00e0 une simple <strong>application pour smartphone et tablette,<\/strong> il est possible de d\u00e9finir les heures et les modalit\u00e9s d\u2019ouverture et de fermeture du store, en toute praticit\u00e9.<\/p>\n<p>Choisir KE c\u2019est opter pour une conception valorisant l\u2019\u00eatre humain et ses habitudes, pour poser les bases d\u2019une nouvelle organisation des espaces. La soci\u00e9t\u00e9 se confirme comme \u00e9tant l\u2019ambassadrice de l&rsquo;innovation, en proposant au march\u00e9 des interpr\u00e9tations de style qui deviennent imm\u00e9diatement des tendances. Un partenaire capable de garantir un support essentiel pour la conception de l\u2019espace ext\u00e9rieur.<\/p>\n","protected":false},"excerpt":{"rendered":"<p>Isola 3 se distingue par la forme caract\u00e9ristique du toit arqu\u00e9 abaiss\u00e9, qui permet de r\u00e9duire la hauteur totale et&hellip;<\/p>\n","protected":false},"author":10608,"featured_media":113692,"parent":4567,"menu_order":16,"comment_status":"closed","ping_status":"closed","template":"page-templates\/product.php","meta":{"_acf_changed":false,"footnotes":""},"class_list":["post-4573","page","type-page","status-publish","has-post-thumbnail","hentry"],"acf":[],"yoast_head":"<!-- This site is optimized with the Yoast SEO Premium plugin v20.12 (Yoast SEO v27.3) - https:\/\/yoast.com\/product\/yoast-seo-premium-wordpress\/ -->\n<title>Pergola \u00e0 toit plat Isola 3 - Pergola aluminium vitr\u00e9e - KE Outdoor Design<\/title>\n<meta name=\"description\" content=\"ISOLA 3, la pergola aluminium vitr\u00e9e qui combine parfaitement \u00e9l\u00e9gance, design, flexibilit\u00e9 et modularit\u00e9.\" \/>\n<meta name=\"robots\" content=\"index, follow, max-snippet:-1, max-image-preview:large, max-video-preview:-1\" \/>\n<link rel=\"canonical\" href=\"https:\/\/www.keoutdoordesign.com\/fr-fr\/pergolas-gennius\/pergola-avec-toit-plat\/pergola-vitree-toit-plat-isola-3\/\" \/>\n<meta property=\"og:locale\" content=\"fr_FR\" \/>\n<meta property=\"og:type\" content=\"article\" \/>\n<meta property=\"og:title\" content=\"Pergola \u00e0 toit plat Isola 3\" \/>\n<meta property=\"og:description\" content=\"ISOLA 3, la pergola aluminium vitr\u00e9e qui combine parfaitement \u00e9l\u00e9gance, design, flexibilit\u00e9 et modularit\u00e9.\" \/>\n<meta property=\"og:url\" content=\"https:\/\/www.keoutdoordesign.com\/fr-fr\/pergolas-gennius\/pergola-avec-toit-plat\/pergola-vitree-toit-plat-isola-3\/\" \/>\n<meta property=\"og:site_name\" content=\"KE Outdoor Design\" \/>\n<meta property=\"article:publisher\" content=\"https:\/\/www.facebook.com\/keoutdoordesign.us\" \/>\n<meta property=\"article:modified_time\" content=\"2025-10-20T15:02:07+00:00\" \/>\n<meta property=\"og:image\" content=\"https:\/\/www.keoutdoordesign.com\/wp-content\/uploads\/2025\/10\/Pasticceria-delle-Rose-4.jpg\" \/>\n\t<meta property=\"og:image:width\" content=\"1920\" \/>\n\t<meta property=\"og:image:height\" content=\"1279\" \/>\n\t<meta property=\"og:image:type\" content=\"image\/jpeg\" \/>\n<meta name=\"twitter:card\" content=\"summary_large_image\" \/>\n<meta name=\"twitter:site\" content=\"@keoutdoordesign\" \/>\n<script type=\"application\/ld+json\" class=\"yoast-schema-graph\">{\"@context\":\"https:\\\/\\\/schema.org\",\"@graph\":[{\"@type\":\"WebPage\",\"@id\":\"https:\\\/\\\/www.keoutdoordesign.com\\\/fr-fr\\\/pergolas-gennius\\\/pergola-avec-toit-plat\\\/pergola-vitree-toit-plat-isola-3\\\/\",\"url\":\"https:\\\/\\\/www.keoutdoordesign.com\\\/fr-fr\\\/pergolas-gennius\\\/pergola-avec-toit-plat\\\/pergola-vitree-toit-plat-isola-3\\\/\",\"name\":\"Pergola \u00e0 toit plat Isola 3 - Pergola aluminium vitr\u00e9e - KE Outdoor Design\",\"isPartOf\":{\"@id\":\"https:\\\/\\\/www.keoutdoordesign.com\\\/it-it\\\/#website\"},\"primaryImageOfPage\":{\"@id\":\"https:\\\/\\\/www.keoutdoordesign.com\\\/fr-fr\\\/pergolas-gennius\\\/pergola-avec-toit-plat\\\/pergola-vitree-toit-plat-isola-3\\\/#primaryimage\"},\"image\":{\"@id\":\"https:\\\/\\\/www.keoutdoordesign.com\\\/fr-fr\\\/pergolas-gennius\\\/pergola-avec-toit-plat\\\/pergola-vitree-toit-plat-isola-3\\\/#primaryimage\"},\"thumbnailUrl\":\"https:\\\/\\\/www.keoutdoordesign.com\\\/wp-content\\\/uploads\\\/2025\\\/10\\\/Pasticceria-delle-Rose-4.jpg\",\"datePublished\":\"2019-06-07T08:57:02+00:00\",\"dateModified\":\"2025-10-20T15:02:07+00:00\",\"description\":\"ISOLA 3, la pergola aluminium vitr\u00e9e qui combine parfaitement \u00e9l\u00e9gance, design, flexibilit\u00e9 et modularit\u00e9.\",\"breadcrumb\":{\"@id\":\"https:\\\/\\\/www.keoutdoordesign.com\\\/fr-fr\\\/pergolas-gennius\\\/pergola-avec-toit-plat\\\/pergola-vitree-toit-plat-isola-3\\\/#breadcrumb\"},\"inLanguage\":\"fr-FR\",\"potentialAction\":[{\"@type\":\"ReadAction\",\"target\":[\"https:\\\/\\\/www.keoutdoordesign.com\\\/fr-fr\\\/pergolas-gennius\\\/pergola-avec-toit-plat\\\/pergola-vitree-toit-plat-isola-3\\\/\"]}]},{\"@type\":\"ImageObject\",\"inLanguage\":\"fr-FR\",\"@id\":\"https:\\\/\\\/www.keoutdoordesign.com\\\/fr-fr\\\/pergolas-gennius\\\/pergola-avec-toit-plat\\\/pergola-vitree-toit-plat-isola-3\\\/#primaryimage\",\"url\":\"https:\\\/\\\/www.keoutdoordesign.com\\\/wp-content\\\/uploads\\\/2025\\\/10\\\/Pasticceria-delle-Rose-4.jpg\",\"contentUrl\":\"https:\\\/\\\/www.keoutdoordesign.com\\\/wp-content\\\/uploads\\\/2025\\\/10\\\/Pasticceria-delle-Rose-4.jpg\",\"width\":1920,\"height\":1279},{\"@type\":\"BreadcrumbList\",\"@id\":\"https:\\\/\\\/www.keoutdoordesign.com\\\/fr-fr\\\/pergolas-gennius\\\/pergola-avec-toit-plat\\\/pergola-vitree-toit-plat-isola-3\\\/#breadcrumb\",\"itemListElement\":[{\"@type\":\"ListItem\",\"position\":1,\"name\":\"Home\",\"item\":\"https:\\\/\\\/www.keoutdoordesign.com\\\/fr-fr\\\/\"},{\"@type\":\"ListItem\",\"position\":2,\"name\":\"Pergolas sur mesure\",\"item\":\"https:\\\/\\\/www.keoutdoordesign.com\\\/fr-fr\\\/pergolas-gennius\\\/\"},{\"@type\":\"ListItem\",\"position\":3,\"name\":\"Pergolas avec toit plat\",\"item\":\"https:\\\/\\\/www.keoutdoordesign.com\\\/fr-fr\\\/pergolas-gennius\\\/pergola-avec-toit-plat\\\/\"},{\"@type\":\"ListItem\",\"position\":4,\"name\":\"Pergola \u00e0 toit plat Isola 3\"}]},{\"@type\":\"WebSite\",\"@id\":\"https:\\\/\\\/www.keoutdoordesign.com\\\/it-it\\\/#website\",\"url\":\"https:\\\/\\\/www.keoutdoordesign.com\\\/it-it\\\/\",\"name\":\"KE Outdoor Design\",\"description\":\"Un nuovo sito targato WordPress\",\"publisher\":{\"@id\":\"https:\\\/\\\/www.keoutdoordesign.com\\\/it-it\\\/#organization\"},\"potentialAction\":[{\"@type\":\"SearchAction\",\"target\":{\"@type\":\"EntryPoint\",\"urlTemplate\":\"https:\\\/\\\/www.keoutdoordesign.com\\\/it-it\\\/?s={search_term_string}\"},\"query-input\":{\"@type\":\"PropertyValueSpecification\",\"valueRequired\":true,\"valueName\":\"search_term_string\"}}],\"inLanguage\":\"fr-FR\"},{\"@type\":\"Organization\",\"@id\":\"https:\\\/\\\/www.keoutdoordesign.com\\\/it-it\\\/#organization\",\"name\":\"KE Outdoor Design\",\"url\":\"https:\\\/\\\/www.keoutdoordesign.com\\\/it-it\\\/\",\"logo\":{\"@type\":\"ImageObject\",\"inLanguage\":\"fr-FR\",\"@id\":\"https:\\\/\\\/www.keoutdoordesign.com\\\/it-it\\\/#\\\/schema\\\/logo\\\/image\\\/\",\"url\":\"https:\\\/\\\/www.keoutdoordesign.com\\\/wp-content\\\/uploads\\\/2020\\\/02\\\/KE-logo-Primary-e1591282842174.jpg\",\"contentUrl\":\"https:\\\/\\\/www.keoutdoordesign.com\\\/wp-content\\\/uploads\\\/2020\\\/02\\\/KE-logo-Primary-e1591282842174.jpg\",\"width\":500,\"height\":396,\"caption\":\"KE Outdoor Design\"},\"image\":{\"@id\":\"https:\\\/\\\/www.keoutdoordesign.com\\\/it-it\\\/#\\\/schema\\\/logo\\\/image\\\/\"},\"sameAs\":[\"https:\\\/\\\/www.facebook.com\\\/keoutdoordesign.us\",\"https:\\\/\\\/x.com\\\/keoutdoordesign\",\"https:\\\/\\\/www.facebook.com\\\/keoutdoordesign\",\"https:\\\/\\\/www.youtube.com\\\/channel\\\/UCSoMQryJpLqD53bAoZLg2Vg\",\"https:\\\/\\\/www.pinterest.it\\\/keoutdoordesign\\\/\",\"https:\\\/\\\/www.instagram.com\\\/keoutdoordesign\\\/\",\"https:\\\/\\\/www.linkedin.com\\\/company\\\/ke-outdoor-design\\\/\"]}]}<\/script>\n<!-- \/ Yoast SEO Premium plugin. -->","yoast_head_json":{"title":"Pergola \u00e0 toit plat Isola 3 - Pergola aluminium vitr\u00e9e - KE Outdoor Design","description":"ISOLA 3, la pergola aluminium vitr\u00e9e qui combine parfaitement \u00e9l\u00e9gance, design, flexibilit\u00e9 et modularit\u00e9.","robots":{"index":"index","follow":"follow","max-snippet":"max-snippet:-1","max-image-preview":"max-image-preview:large","max-video-preview":"max-video-preview:-1"},"canonical":"https:\/\/www.keoutdoordesign.com\/fr-fr\/pergolas-gennius\/pergola-avec-toit-plat\/pergola-vitree-toit-plat-isola-3\/","og_locale":"fr_FR","og_type":"article","og_title":"Pergola \u00e0 toit plat Isola 3","og_description":"ISOLA 3, la pergola aluminium vitr\u00e9e qui combine parfaitement \u00e9l\u00e9gance, design, flexibilit\u00e9 et modularit\u00e9.","og_url":"https:\/\/www.keoutdoordesign.com\/fr-fr\/pergolas-gennius\/pergola-avec-toit-plat\/pergola-vitree-toit-plat-isola-3\/","og_site_name":"KE Outdoor Design","article_publisher":"https:\/\/www.facebook.com\/keoutdoordesign.us","article_modified_time":"2025-10-20T15:02:07+00:00","og_image":[{"width":1920,"height":1279,"url":"https:\/\/www.keoutdoordesign.com\/wp-content\/uploads\/2025\/10\/Pasticceria-delle-Rose-4.jpg","type":"image\/jpeg"}],"twitter_card":"summary_large_image","twitter_site":"@keoutdoordesign","schema":{"@context":"https:\/\/schema.org","@graph":[{"@type":"WebPage","@id":"https:\/\/www.keoutdoordesign.com\/fr-fr\/pergolas-gennius\/pergola-avec-toit-plat\/pergola-vitree-toit-plat-isola-3\/","url":"https:\/\/www.keoutdoordesign.com\/fr-fr\/pergolas-gennius\/pergola-avec-toit-plat\/pergola-vitree-toit-plat-isola-3\/","name":"Pergola \u00e0 toit plat Isola 3 - Pergola aluminium vitr\u00e9e - KE Outdoor Design","isPartOf":{"@id":"https:\/\/www.keoutdoordesign.com\/it-it\/#website"},"primaryImageOfPage":{"@id":"https:\/\/www.keoutdoordesign.com\/fr-fr\/pergolas-gennius\/pergola-avec-toit-plat\/pergola-vitree-toit-plat-isola-3\/#primaryimage"},"image":{"@id":"https:\/\/www.keoutdoordesign.com\/fr-fr\/pergolas-gennius\/pergola-avec-toit-plat\/pergola-vitree-toit-plat-isola-3\/#primaryimage"},"thumbnailUrl":"https:\/\/www.keoutdoordesign.com\/wp-content\/uploads\/2025\/10\/Pasticceria-delle-Rose-4.jpg","datePublished":"2019-06-07T08:57:02+00:00","dateModified":"2025-10-20T15:02:07+00:00","description":"ISOLA 3, la pergola aluminium vitr\u00e9e qui combine parfaitement \u00e9l\u00e9gance, design, flexibilit\u00e9 et modularit\u00e9.","breadcrumb":{"@id":"https:\/\/www.keoutdoordesign.com\/fr-fr\/pergolas-gennius\/pergola-avec-toit-plat\/pergola-vitree-toit-plat-isola-3\/#breadcrumb"},"inLanguage":"fr-FR","potentialAction":[{"@type":"ReadAction","target":["https:\/\/www.keoutdoordesign.com\/fr-fr\/pergolas-gennius\/pergola-avec-toit-plat\/pergola-vitree-toit-plat-isola-3\/"]}]},{"@type":"ImageObject","inLanguage":"fr-FR","@id":"https:\/\/www.keoutdoordesign.com\/fr-fr\/pergolas-gennius\/pergola-avec-toit-plat\/pergola-vitree-toit-plat-isola-3\/#primaryimage","url":"https:\/\/www.keoutdoordesign.com\/wp-content\/uploads\/2025\/10\/Pasticceria-delle-Rose-4.jpg","contentUrl":"https:\/\/www.keoutdoordesign.com\/wp-content\/uploads\/2025\/10\/Pasticceria-delle-Rose-4.jpg","width":1920,"height":1279},{"@type":"BreadcrumbList","@id":"https:\/\/www.keoutdoordesign.com\/fr-fr\/pergolas-gennius\/pergola-avec-toit-plat\/pergola-vitree-toit-plat-isola-3\/#breadcrumb","itemListElement":[{"@type":"ListItem","position":1,"name":"Home","item":"https:\/\/www.keoutdoordesign.com\/fr-fr\/"},{"@type":"ListItem","position":2,"name":"Pergolas sur mesure","item":"https:\/\/www.keoutdoordesign.com\/fr-fr\/pergolas-gennius\/"},{"@type":"ListItem","position":3,"name":"Pergolas avec toit plat","item":"https:\/\/www.keoutdoordesign.com\/fr-fr\/pergolas-gennius\/pergola-avec-toit-plat\/"},{"@type":"ListItem","position":4,"name":"Pergola \u00e0 toit plat Isola 3"}]},{"@type":"WebSite","@id":"https:\/\/www.keoutdoordesign.com\/it-it\/#website","url":"https:\/\/www.keoutdoordesign.com\/it-it\/","name":"KE Outdoor Design","description":"Un nuovo sito targato WordPress","publisher":{"@id":"https:\/\/www.keoutdoordesign.com\/it-it\/#organization"},"potentialAction":[{"@type":"SearchAction","target":{"@type":"EntryPoint","urlTemplate":"https:\/\/www.keoutdoordesign.com\/it-it\/?s={search_term_string}"},"query-input":{"@type":"PropertyValueSpecification","valueRequired":true,"valueName":"search_term_string"}}],"inLanguage":"fr-FR"},{"@type":"Organization","@id":"https:\/\/www.keoutdoordesign.com\/it-it\/#organization","name":"KE Outdoor Design","url":"https:\/\/www.keoutdoordesign.com\/it-it\/","logo":{"@type":"ImageObject","inLanguage":"fr-FR","@id":"https:\/\/www.keoutdoordesign.com\/it-it\/#\/schema\/logo\/image\/","url":"https:\/\/www.keoutdoordesign.com\/wp-content\/uploads\/2020\/02\/KE-logo-Primary-e1591282842174.jpg","contentUrl":"https:\/\/www.keoutdoordesign.com\/wp-content\/uploads\/2020\/02\/KE-logo-Primary-e1591282842174.jpg","width":500,"height":396,"caption":"KE Outdoor Design"},"image":{"@id":"https:\/\/www.keoutdoordesign.com\/it-it\/#\/schema\/logo\/image\/"},"sameAs":["https:\/\/www.facebook.com\/keoutdoordesign.us","https:\/\/x.com\/keoutdoordesign","https:\/\/www.facebook.com\/keoutdoordesign","https:\/\/www.youtube.com\/channel\/UCSoMQryJpLqD53bAoZLg2Vg","https:\/\/www.pinterest.it\/keoutdoordesign\/","https:\/\/www.instagram.com\/keoutdoordesign\/","https:\/\/www.linkedin.com\/company\/ke-outdoor-design\/"]}]}},"_links":{"self":[{"href":"https:\/\/www.keoutdoordesign.com\/fr-fr\/wp-json\/wp\/v2\/pages\/4573","targetHints":{"allow":["GET"]}}],"collection":[{"href":"https:\/\/www.keoutdoordesign.com\/fr-fr\/wp-json\/wp\/v2\/pages"}],"about":[{"href":"https:\/\/www.keoutdoordesign.com\/fr-fr\/wp-json\/wp\/v2\/types\/page"}],"author":[{"embeddable":true,"href":"https:\/\/www.keoutdoordesign.com\/fr-fr\/wp-json\/wp\/v2\/users\/10608"}],"replies":[{"embeddable":true,"href":"https:\/\/www.keoutdoordesign.com\/fr-fr\/wp-json\/wp\/v2\/comments?post=4573"}],"version-history":[{"count":24,"href":"https:\/\/www.keoutdoordesign.com\/fr-fr\/wp-json\/wp\/v2\/pages\/4573\/revisions"}],"predecessor-version":[{"id":104676,"href":"https:\/\/www.keoutdoordesign.com\/fr-fr\/wp-json\/wp\/v2\/pages\/4573\/revisions\/104676"}],"up":[{"embeddable":true,"href":"https:\/\/www.keoutdoordesign.com\/fr-fr\/wp-json\/wp\/v2\/pages\/4567"}],"wp:featuredmedia":[{"embeddable":true,"href":"https:\/\/www.keoutdoordesign.com\/fr-fr\/wp-json\/wp\/v2\/media\/113692"}],"wp:attachment":[{"href":"https:\/\/www.keoutdoordesign.com\/fr-fr\/wp-json\/wp\/v2\/media?parent=4573"}],"curies":[{"name":"wp","href":"https:\/\/api.w.org\/{rel}","templated":true}]}}