{"id":4569,"date":"2019-06-07T10:56:53","date_gmt":"2019-06-07T08:56:53","guid":{"rendered":"http:\/\/ke.localhost.it\/?page_id=4569"},"modified":"2025-02-20T11:48:22","modified_gmt":"2025-02-20T10:48:22","slug":"pergola-autoportante-a-toile-isola-2","status":"publish","type":"page","link":"https:\/\/www.keoutdoordesign.com\/fr-fr\/pergolas-gennius\/pergola-avec-toit-plat\/pergola-autoportante-a-toile-isola-2\/","title":{"rendered":"Pergola autoportante \u00e0 toile Isola 2"},"content":{"rendered":"<p><strong><em>R\u00e9inventez vos espaces de vie<\/em><\/strong><\/p>\n<p>Pergola au toit l\u00e9g\u00e8rement cintr\u00e9, \u00e9quip\u00e9e d\u2019une toile r\u00e9tractable.<\/p>\n<p>Une fois ouverte, l\u2019ensoleillement per\u00e7u est optimal gr\u00e2ce \u00e0 un empaqu\u00e8tement lat\u00e9ral de la toile. Sa possible totale fermeture permet une protection compl\u00e8te pour un profit maximal.<\/p>\n<p>La structure est disponible en 3 coloris de base, un aspect bicolore est possible en choisissant une couleur de structure diff\u00e9rente de celle des traverses.<\/p>\n<p>Ainsi il est possible d\u2019obtenir une harmonie entre la couleur des traverses et de la toile et, selon les choix, un apport en luminosit\u00e9 garanti sous la structure. \u00a0A l\u2019inverse une teinte sombre pour le reste de la structure apportera un c\u00f4t\u00e9 plus design.<\/p>\n<p>Diff\u00e9rentes zones d\u2019\u00e9clairage sont possibles. Id\u00e9alement r\u00e9partis sur la partie interne de la pergola, les bandeaux leds permettent une pleine fonctionnalit\u00e9 la nuit tomb\u00e9e. Sur la partie externe, ils viennent souligner le design lin\u00e9aire.<\/p>\n<p>La soustraction de poteaux offre une multitude de configurations. L\u2019ajout de structures suppl\u00e9mentaires permet d\u2019obtenir un espace de taille et forme souhait\u00e9.<\/p>\n<p>La structure peut \u00eatre compl\u00e9t\u00e9e gr\u00e2ce \u00e0 des options de fermeture. Le <a href=\"\/?page_id=23566\">Line Glass<\/a>, syst\u00e8me de vantaux de verre coulissant sur rails (de 3 \u00e0 5 selon nombre de vantaux) r\u00e9tractable par empaqu\u00e8tement ou le Vertika, fermeture en toile sp\u00e9cifique ou Cristal.<\/p>\n<p>Ces syst\u00e8mes peuvent \u00e9galement venir fermer les diff\u00e9rents modules que composent votre pergola. Proposez ainsi un espace multifonctionnel fait de plusieurs pi\u00e8ces rapproch\u00e9es et s\u00e9par\u00e9es destin\u00e9es \u00e0 diff\u00e9rentes activit\u00e9s.<\/p>\n<p>Cr\u00e9ez de v\u00e9ritables pi\u00e8ces \u00e0 part enti\u00e8re, source de confort avec l\u2019ISOLA2.<\/p>\n","protected":false},"excerpt":{"rendered":"<p>R\u00e9inventez vos espaces de vie Pergola au toit l\u00e9g\u00e8rement cintr\u00e9, \u00e9quip\u00e9e d\u2019une toile r\u00e9tractable. Une fois ouverte, l\u2019ensoleillement per\u00e7u est&hellip;<\/p>\n","protected":false},"author":10608,"featured_media":65238,"parent":4567,"menu_order":7,"comment_status":"closed","ping_status":"closed","template":"page-templates\/product.php","meta":{"_acf_changed":false,"footnotes":""},"class_list":["post-4569","page","type-page","status-publish","has-post-thumbnail","hentry"],"acf":[],"yoast_head":"<!-- This site is optimized with the Yoast SEO Premium plugin v20.12 (Yoast SEO v27.3) - https:\/\/yoast.com\/product\/yoast-seo-premium-wordpress\/ -->\n<title>Pergola autoportante \u00e0 toile Isola 2 - KE Outdoor Design<\/title>\n<meta name=\"description\" content=\"Pergola autoportante \u00e0 toile r\u00e9tractable par empaqu\u00e8tement. Toit l\u00e9g\u00e8rement cintr\u00e9 pour une meilleure \u00e9vacuation de l&#039;eau\" \/>\n<meta name=\"robots\" content=\"index, follow, max-snippet:-1, max-image-preview:large, max-video-preview:-1\" \/>\n<link rel=\"canonical\" href=\"https:\/\/www.keoutdoordesign.com\/fr-fr\/pergolas-gennius\/pergola-avec-toit-plat\/pergola-autoportante-a-toile-isola-2\/\" \/>\n<meta property=\"og:locale\" content=\"fr_FR\" \/>\n<meta property=\"og:type\" content=\"article\" \/>\n<meta property=\"og:title\" content=\"Pergola autoportante \u00e0 toile Isola 2\" \/>\n<meta property=\"og:description\" content=\"Pergola autoportante \u00e0 toile r\u00e9tractable par empaqu\u00e8tement. Toit l\u00e9g\u00e8rement cintr\u00e9 pour une meilleure \u00e9vacuation de l&#039;eau\" \/>\n<meta property=\"og:url\" content=\"https:\/\/www.keoutdoordesign.com\/fr-fr\/pergolas-gennius\/pergola-avec-toit-plat\/pergola-autoportante-a-toile-isola-2\/\" \/>\n<meta property=\"og:site_name\" content=\"KE Outdoor Design\" \/>\n<meta property=\"article:publisher\" content=\"https:\/\/www.facebook.com\/keoutdoordesign.us\" \/>\n<meta property=\"article:modified_time\" content=\"2025-02-20T10:48:22+00:00\" \/>\n<meta property=\"og:image\" content=\"https:\/\/www.keoutdoordesign.com\/wp-content\/uploads\/2024\/01\/Pergola-autoportante-en-aluminium-Isola-2.jpg\" \/>\n\t<meta property=\"og:image:width\" content=\"1920\" \/>\n\t<meta property=\"og:image:height\" content=\"1280\" \/>\n\t<meta property=\"og:image:type\" content=\"image\/jpeg\" \/>\n<meta name=\"twitter:card\" content=\"summary_large_image\" \/>\n<meta name=\"twitter:site\" content=\"@keoutdoordesign\" \/>\n<script type=\"application\/ld+json\" class=\"yoast-schema-graph\">{\"@context\":\"https:\\\/\\\/schema.org\",\"@graph\":[{\"@type\":\"WebPage\",\"@id\":\"https:\\\/\\\/www.keoutdoordesign.com\\\/fr-fr\\\/pergolas-gennius\\\/pergola-avec-toit-plat\\\/pergola-autoportante-a-toile-isola-2\\\/\",\"url\":\"https:\\\/\\\/www.keoutdoordesign.com\\\/fr-fr\\\/pergolas-gennius\\\/pergola-avec-toit-plat\\\/pergola-autoportante-a-toile-isola-2\\\/\",\"name\":\"Pergola autoportante \u00e0 toile Isola 2 - KE Outdoor Design\",\"isPartOf\":{\"@id\":\"https:\\\/\\\/www.keoutdoordesign.com\\\/it-it\\\/#website\"},\"primaryImageOfPage\":{\"@id\":\"https:\\\/\\\/www.keoutdoordesign.com\\\/fr-fr\\\/pergolas-gennius\\\/pergola-avec-toit-plat\\\/pergola-autoportante-a-toile-isola-2\\\/#primaryimage\"},\"image\":{\"@id\":\"https:\\\/\\\/www.keoutdoordesign.com\\\/fr-fr\\\/pergolas-gennius\\\/pergola-avec-toit-plat\\\/pergola-autoportante-a-toile-isola-2\\\/#primaryimage\"},\"thumbnailUrl\":\"https:\\\/\\\/www.keoutdoordesign.com\\\/wp-content\\\/uploads\\\/2024\\\/01\\\/Pergola-autoportante-en-aluminium-Isola-2.jpg\",\"datePublished\":\"2019-06-07T08:56:53+00:00\",\"dateModified\":\"2025-02-20T10:48:22+00:00\",\"description\":\"Pergola autoportante \u00e0 toile r\u00e9tractable par empaqu\u00e8tement. Toit l\u00e9g\u00e8rement cintr\u00e9 pour une meilleure \u00e9vacuation de l'eau\",\"breadcrumb\":{\"@id\":\"https:\\\/\\\/www.keoutdoordesign.com\\\/fr-fr\\\/pergolas-gennius\\\/pergola-avec-toit-plat\\\/pergola-autoportante-a-toile-isola-2\\\/#breadcrumb\"},\"inLanguage\":\"fr-FR\",\"potentialAction\":[{\"@type\":\"ReadAction\",\"target\":[\"https:\\\/\\\/www.keoutdoordesign.com\\\/fr-fr\\\/pergolas-gennius\\\/pergola-avec-toit-plat\\\/pergola-autoportante-a-toile-isola-2\\\/\"]}]},{\"@type\":\"ImageObject\",\"inLanguage\":\"fr-FR\",\"@id\":\"https:\\\/\\\/www.keoutdoordesign.com\\\/fr-fr\\\/pergolas-gennius\\\/pergola-avec-toit-plat\\\/pergola-autoportante-a-toile-isola-2\\\/#primaryimage\",\"url\":\"https:\\\/\\\/www.keoutdoordesign.com\\\/wp-content\\\/uploads\\\/2024\\\/01\\\/Pergola-autoportante-en-aluminium-Isola-2.jpg\",\"contentUrl\":\"https:\\\/\\\/www.keoutdoordesign.com\\\/wp-content\\\/uploads\\\/2024\\\/01\\\/Pergola-autoportante-en-aluminium-Isola-2.jpg\",\"width\":1920,\"height\":1280,\"caption\":\"Pergola autoportante \u00e0 toit plat pouvant \u00eatre \u00e9quip\u00e9e de fermetures lat\u00e9rales.\"},{\"@type\":\"BreadcrumbList\",\"@id\":\"https:\\\/\\\/www.keoutdoordesign.com\\\/fr-fr\\\/pergolas-gennius\\\/pergola-avec-toit-plat\\\/pergola-autoportante-a-toile-isola-2\\\/#breadcrumb\",\"itemListElement\":[{\"@type\":\"ListItem\",\"position\":1,\"name\":\"Home\",\"item\":\"https:\\\/\\\/www.keoutdoordesign.com\\\/fr-fr\\\/\"},{\"@type\":\"ListItem\",\"position\":2,\"name\":\"Pergolas sur mesure\",\"item\":\"https:\\\/\\\/www.keoutdoordesign.com\\\/fr-fr\\\/pergolas-gennius\\\/\"},{\"@type\":\"ListItem\",\"position\":3,\"name\":\"Pergolas avec toit plat\",\"item\":\"https:\\\/\\\/www.keoutdoordesign.com\\\/fr-fr\\\/pergolas-gennius\\\/pergola-avec-toit-plat\\\/\"},{\"@type\":\"ListItem\",\"position\":4,\"name\":\"Pergola autoportante \u00e0 toile Isola 2\"}]},{\"@type\":\"WebSite\",\"@id\":\"https:\\\/\\\/www.keoutdoordesign.com\\\/it-it\\\/#website\",\"url\":\"https:\\\/\\\/www.keoutdoordesign.com\\\/it-it\\\/\",\"name\":\"KE Outdoor Design\",\"description\":\"Un nuovo sito targato WordPress\",\"publisher\":{\"@id\":\"https:\\\/\\\/www.keoutdoordesign.com\\\/it-it\\\/#organization\"},\"potentialAction\":[{\"@type\":\"SearchAction\",\"target\":{\"@type\":\"EntryPoint\",\"urlTemplate\":\"https:\\\/\\\/www.keoutdoordesign.com\\\/it-it\\\/?s={search_term_string}\"},\"query-input\":{\"@type\":\"PropertyValueSpecification\",\"valueRequired\":true,\"valueName\":\"search_term_string\"}}],\"inLanguage\":\"fr-FR\"},{\"@type\":\"Organization\",\"@id\":\"https:\\\/\\\/www.keoutdoordesign.com\\\/it-it\\\/#organization\",\"name\":\"KE Outdoor Design\",\"url\":\"https:\\\/\\\/www.keoutdoordesign.com\\\/it-it\\\/\",\"logo\":{\"@type\":\"ImageObject\",\"inLanguage\":\"fr-FR\",\"@id\":\"https:\\\/\\\/www.keoutdoordesign.com\\\/it-it\\\/#\\\/schema\\\/logo\\\/image\\\/\",\"url\":\"https:\\\/\\\/www.keoutdoordesign.com\\\/wp-content\\\/uploads\\\/2020\\\/02\\\/KE-logo-Primary-e1591282842174.jpg\",\"contentUrl\":\"https:\\\/\\\/www.keoutdoordesign.com\\\/wp-content\\\/uploads\\\/2020\\\/02\\\/KE-logo-Primary-e1591282842174.jpg\",\"width\":500,\"height\":396,\"caption\":\"KE Outdoor Design\"},\"image\":{\"@id\":\"https:\\\/\\\/www.keoutdoordesign.com\\\/it-it\\\/#\\\/schema\\\/logo\\\/image\\\/\"},\"sameAs\":[\"https:\\\/\\\/www.facebook.com\\\/keoutdoordesign.us\",\"https:\\\/\\\/x.com\\\/keoutdoordesign\",\"https:\\\/\\\/www.facebook.com\\\/keoutdoordesign\",\"https:\\\/\\\/www.youtube.com\\\/channel\\\/UCSoMQryJpLqD53bAoZLg2Vg\",\"https:\\\/\\\/www.pinterest.it\\\/keoutdoordesign\\\/\",\"https:\\\/\\\/www.instagram.com\\\/keoutdoordesign\\\/\",\"https:\\\/\\\/www.linkedin.com\\\/company\\\/ke-outdoor-design\\\/\"]}]}<\/script>\n<!-- \/ Yoast SEO Premium plugin. -->","yoast_head_json":{"title":"Pergola autoportante \u00e0 toile Isola 2 - KE Outdoor Design","description":"Pergola autoportante \u00e0 toile r\u00e9tractable par empaqu\u00e8tement. Toit l\u00e9g\u00e8rement cintr\u00e9 pour une meilleure \u00e9vacuation de l'eau","robots":{"index":"index","follow":"follow","max-snippet":"max-snippet:-1","max-image-preview":"max-image-preview:large","max-video-preview":"max-video-preview:-1"},"canonical":"https:\/\/www.keoutdoordesign.com\/fr-fr\/pergolas-gennius\/pergola-avec-toit-plat\/pergola-autoportante-a-toile-isola-2\/","og_locale":"fr_FR","og_type":"article","og_title":"Pergola autoportante \u00e0 toile Isola 2","og_description":"Pergola autoportante \u00e0 toile r\u00e9tractable par empaqu\u00e8tement. Toit l\u00e9g\u00e8rement cintr\u00e9 pour une meilleure \u00e9vacuation de l'eau","og_url":"https:\/\/www.keoutdoordesign.com\/fr-fr\/pergolas-gennius\/pergola-avec-toit-plat\/pergola-autoportante-a-toile-isola-2\/","og_site_name":"KE Outdoor Design","article_publisher":"https:\/\/www.facebook.com\/keoutdoordesign.us","article_modified_time":"2025-02-20T10:48:22+00:00","og_image":[{"width":1920,"height":1280,"url":"https:\/\/www.keoutdoordesign.com\/wp-content\/uploads\/2024\/01\/Pergola-autoportante-en-aluminium-Isola-2.jpg","type":"image\/jpeg"}],"twitter_card":"summary_large_image","twitter_site":"@keoutdoordesign","schema":{"@context":"https:\/\/schema.org","@graph":[{"@type":"WebPage","@id":"https:\/\/www.keoutdoordesign.com\/fr-fr\/pergolas-gennius\/pergola-avec-toit-plat\/pergola-autoportante-a-toile-isola-2\/","url":"https:\/\/www.keoutdoordesign.com\/fr-fr\/pergolas-gennius\/pergola-avec-toit-plat\/pergola-autoportante-a-toile-isola-2\/","name":"Pergola autoportante \u00e0 toile Isola 2 - KE Outdoor Design","isPartOf":{"@id":"https:\/\/www.keoutdoordesign.com\/it-it\/#website"},"primaryImageOfPage":{"@id":"https:\/\/www.keoutdoordesign.com\/fr-fr\/pergolas-gennius\/pergola-avec-toit-plat\/pergola-autoportante-a-toile-isola-2\/#primaryimage"},"image":{"@id":"https:\/\/www.keoutdoordesign.com\/fr-fr\/pergolas-gennius\/pergola-avec-toit-plat\/pergola-autoportante-a-toile-isola-2\/#primaryimage"},"thumbnailUrl":"https:\/\/www.keoutdoordesign.com\/wp-content\/uploads\/2024\/01\/Pergola-autoportante-en-aluminium-Isola-2.jpg","datePublished":"2019-06-07T08:56:53+00:00","dateModified":"2025-02-20T10:48:22+00:00","description":"Pergola autoportante \u00e0 toile r\u00e9tractable par empaqu\u00e8tement. Toit l\u00e9g\u00e8rement cintr\u00e9 pour une meilleure \u00e9vacuation de l'eau","breadcrumb":{"@id":"https:\/\/www.keoutdoordesign.com\/fr-fr\/pergolas-gennius\/pergola-avec-toit-plat\/pergola-autoportante-a-toile-isola-2\/#breadcrumb"},"inLanguage":"fr-FR","potentialAction":[{"@type":"ReadAction","target":["https:\/\/www.keoutdoordesign.com\/fr-fr\/pergolas-gennius\/pergola-avec-toit-plat\/pergola-autoportante-a-toile-isola-2\/"]}]},{"@type":"ImageObject","inLanguage":"fr-FR","@id":"https:\/\/www.keoutdoordesign.com\/fr-fr\/pergolas-gennius\/pergola-avec-toit-plat\/pergola-autoportante-a-toile-isola-2\/#primaryimage","url":"https:\/\/www.keoutdoordesign.com\/wp-content\/uploads\/2024\/01\/Pergola-autoportante-en-aluminium-Isola-2.jpg","contentUrl":"https:\/\/www.keoutdoordesign.com\/wp-content\/uploads\/2024\/01\/Pergola-autoportante-en-aluminium-Isola-2.jpg","width":1920,"height":1280,"caption":"Pergola autoportante \u00e0 toit plat pouvant \u00eatre \u00e9quip\u00e9e de fermetures lat\u00e9rales."},{"@type":"BreadcrumbList","@id":"https:\/\/www.keoutdoordesign.com\/fr-fr\/pergolas-gennius\/pergola-avec-toit-plat\/pergola-autoportante-a-toile-isola-2\/#breadcrumb","itemListElement":[{"@type":"ListItem","position":1,"name":"Home","item":"https:\/\/www.keoutdoordesign.com\/fr-fr\/"},{"@type":"ListItem","position":2,"name":"Pergolas sur mesure","item":"https:\/\/www.keoutdoordesign.com\/fr-fr\/pergolas-gennius\/"},{"@type":"ListItem","position":3,"name":"Pergolas avec toit plat","item":"https:\/\/www.keoutdoordesign.com\/fr-fr\/pergolas-gennius\/pergola-avec-toit-plat\/"},{"@type":"ListItem","position":4,"name":"Pergola autoportante \u00e0 toile Isola 2"}]},{"@type":"WebSite","@id":"https:\/\/www.keoutdoordesign.com\/it-it\/#website","url":"https:\/\/www.keoutdoordesign.com\/it-it\/","name":"KE Outdoor Design","description":"Un nuovo sito targato WordPress","publisher":{"@id":"https:\/\/www.keoutdoordesign.com\/it-it\/#organization"},"potentialAction":[{"@type":"SearchAction","target":{"@type":"EntryPoint","urlTemplate":"https:\/\/www.keoutdoordesign.com\/it-it\/?s={search_term_string}"},"query-input":{"@type":"PropertyValueSpecification","valueRequired":true,"valueName":"search_term_string"}}],"inLanguage":"fr-FR"},{"@type":"Organization","@id":"https:\/\/www.keoutdoordesign.com\/it-it\/#organization","name":"KE Outdoor Design","url":"https:\/\/www.keoutdoordesign.com\/it-it\/","logo":{"@type":"ImageObject","inLanguage":"fr-FR","@id":"https:\/\/www.keoutdoordesign.com\/it-it\/#\/schema\/logo\/image\/","url":"https:\/\/www.keoutdoordesign.com\/wp-content\/uploads\/2020\/02\/KE-logo-Primary-e1591282842174.jpg","contentUrl":"https:\/\/www.keoutdoordesign.com\/wp-content\/uploads\/2020\/02\/KE-logo-Primary-e1591282842174.jpg","width":500,"height":396,"caption":"KE Outdoor Design"},"image":{"@id":"https:\/\/www.keoutdoordesign.com\/it-it\/#\/schema\/logo\/image\/"},"sameAs":["https:\/\/www.facebook.com\/keoutdoordesign.us","https:\/\/x.com\/keoutdoordesign","https:\/\/www.facebook.com\/keoutdoordesign","https:\/\/www.youtube.com\/channel\/UCSoMQryJpLqD53bAoZLg2Vg","https:\/\/www.pinterest.it\/keoutdoordesign\/","https:\/\/www.instagram.com\/keoutdoordesign\/","https:\/\/www.linkedin.com\/company\/ke-outdoor-design\/"]}]}},"_links":{"self":[{"href":"https:\/\/www.keoutdoordesign.com\/fr-fr\/wp-json\/wp\/v2\/pages\/4569","targetHints":{"allow":["GET"]}}],"collection":[{"href":"https:\/\/www.keoutdoordesign.com\/fr-fr\/wp-json\/wp\/v2\/pages"}],"about":[{"href":"https:\/\/www.keoutdoordesign.com\/fr-fr\/wp-json\/wp\/v2\/types\/page"}],"author":[{"embeddable":true,"href":"https:\/\/www.keoutdoordesign.com\/fr-fr\/wp-json\/wp\/v2\/users\/10608"}],"replies":[{"embeddable":true,"href":"https:\/\/www.keoutdoordesign.com\/fr-fr\/wp-json\/wp\/v2\/comments?post=4569"}],"version-history":[{"count":24,"href":"https:\/\/www.keoutdoordesign.com\/fr-fr\/wp-json\/wp\/v2\/pages\/4569\/revisions"}],"predecessor-version":[{"id":104664,"href":"https:\/\/www.keoutdoordesign.com\/fr-fr\/wp-json\/wp\/v2\/pages\/4569\/revisions\/104664"}],"up":[{"embeddable":true,"href":"https:\/\/www.keoutdoordesign.com\/fr-fr\/wp-json\/wp\/v2\/pages\/4567"}],"wp:featuredmedia":[{"embeddable":true,"href":"https:\/\/www.keoutdoordesign.com\/fr-fr\/wp-json\/wp\/v2\/media\/65238"}],"wp:attachment":[{"href":"https:\/\/www.keoutdoordesign.com\/fr-fr\/wp-json\/wp\/v2\/media?parent=4569"}],"curies":[{"name":"wp","href":"https:\/\/api.w.org\/{rel}","templated":true}]}}