{"id":4567,"date":"2019-06-07T10:56:39","date_gmt":"2019-06-07T08:56:39","guid":{"rendered":"http:\/\/ke.localhost.it\/?page_id=4567"},"modified":"2022-11-22T12:06:47","modified_gmt":"2022-11-22T11:06:47","slug":"pergola-avec-toit-plat","status":"publish","type":"page","link":"https:\/\/www.keoutdoordesign.com\/fr-fr\/pergolas-gennius\/pergola-avec-toit-plat\/","title":{"rendered":"Pergolas avec toit plat"},"content":{"rendered":"<p><strong>Vous souhaitez une pergola discr\u00e8te et l\u00e9g\u00e8re\u00a0?<\/strong><\/p>\n<p>La gamme de pergolas \u00e0 toit plat KE lie\u00a0<strong>le design \u00e9pur\u00e9 d\u2019une structure en aluminium robuste<\/strong>\u00a0et la l\u00e9g\u00e8ret\u00e9 d\u2019un tissu r\u00e9sistant. Cette association donne un produit unique qui sublime tous les ext\u00e9rieurs, des plus belles terrasses aux jardins en passant par les piscines ou autres plans d\u2019eau.<\/p>\n<p>Dans cette gamme nous avons 2 types de pergolas\u00a0:<\/p>\n<ul>\n<li style=\"text-align: left;\"><b>Autoportantes<\/b> pour un espace ind\u00e9pendant de la maison<\/li>\n<li style=\"text-align: left;\"><b>Adoss\u00e9es au mur<\/b> pour un espace qui communique avec votre salon ou cuisine<\/li>\n<\/ul>\n<p>Rien de plus simple pour r\u00e9pondre \u00e0 diff\u00e9rents besoins.<\/p>\n<p><b>\u00c9l\u00e9gante, raffin\u00e9e et tr\u00e8s simple d\u2019utilisation<\/b>, notre\u00a0<strong>pergola toit\u00a0plat<\/strong> est \u00e9quip\u00e9e d\u2019un rev\u00eatement store qui se replie par empaqu\u00e8tement coulissant, id\u00e9al pour cr\u00e9er une fen\u00eatre ensoleill\u00e9e donnant sur l\u2019ext\u00e9rieur, une ouverture compl\u00e8te sur l\u2019environnement qui vous entoure ou un espace totalement prot\u00e9g\u00e9. Avec celle-ci prot\u00e9gez-vous contre les rayons du soleil trop intenses ou contrer des situations climatiques inattendues, et gardez que confort et d\u00e9tente..<\/p>\n<p style=\"text-align: left;\">&#8211;&gt; Flexibilit\u00e9 maximale d&rsquo;utilisation et libert\u00e9 d&rsquo;installation totale, gr\u00e2ce \u00e0 la structure qui comprend une couverture mobile.<\/p>\n<p>Toutes nos\u00a0<strong>pergolas \u00e0 toit coulissant sur-mesure<\/strong> sont r\u00e9alis\u00e9es selon vos besoins, vos go\u00fbts et la place dont vous disposez.<\/p>\n<ul>\n<li style=\"text-align: left;\">Voilages blancs et l\u00e9gers pour une ambiance romantique<\/li>\n<li style=\"text-align: left;\"><strong>Pergola \u00e0 toit plat plus moderne et illumin\u00e9e de LED <\/strong>\u00e0 la nuit tomb\u00e9e<\/li>\n<li style=\"text-align: left;\">Espace ind\u00e9pendant totalement ferm\u00e9e avec l\u2019ISOLA 2 (+ installation de couvertures toutes saisons)<\/li>\n<\/ul>\n<p style=\"text-align: left;\">&#8211;&gt; Choisissez la pergola, sa personnalisation et ses options qui se marieront parfaitement \u00e0 votre ext\u00e9rieur.<\/p>\n<p>Quelle que soit l&rsquo;ambiance que vous souhaitez recr\u00e9er dans vos jardins et terrasses, avec des pergolas murales ou autoportantes, nous allons cr\u00e9er pour et avec vous une pergola \u00e0 toit plat sur mesure, facile \u00e0 utiliser gr\u00e2ce \u00e0 <b>l&rsquo;automatisation du toit et \u00e0 sa gestion m\u00eame \u00e0 distance<\/b>.<\/p>\n<p>&nbsp;<\/p>\n","protected":false},"excerpt":{"rendered":"<p>Vous souhaitez une pergola discr\u00e8te et l\u00e9g\u00e8re\u00a0? La gamme de pergolas \u00e0 toit plat KE lie\u00a0le design \u00e9pur\u00e9 d\u2019une structure&hellip;<\/p>\n","protected":false},"author":10608,"featured_media":15059,"parent":4547,"menu_order":7,"comment_status":"closed","ping_status":"closed","template":"page-templates\/category-products.php","meta":{"_acf_changed":false,"footnotes":""},"class_list":["post-4567","page","type-page","status-publish","has-post-thumbnail","hentry"],"acf":[],"yoast_head":"<!-- This site is optimized with the Yoast SEO Premium plugin v20.12 (Yoast SEO v27.3) - https:\/\/yoast.com\/product\/yoast-seo-premium-wordpress\/ -->\n<title>Pergolas avec toit plat -<\/title>\n<meta name=\"description\" content=\"Cr\u00e9ez votre coin de paradis. Adoss\u00e9e ou autoport\u00e9e, une pergola toit plat robuste et leg\u00e8re vous offre la garantie d&#039;un espace outdoor totalement prot\u00e9g\u00e9.\" \/>\n<meta name=\"robots\" content=\"index, follow, max-snippet:-1, max-image-preview:large, max-video-preview:-1\" \/>\n<link rel=\"canonical\" href=\"https:\/\/www.keoutdoordesign.com\/fr-fr\/pergolas-gennius\/pergola-avec-toit-plat\/\" \/>\n<meta property=\"og:locale\" content=\"fr_FR\" \/>\n<meta property=\"og:type\" content=\"article\" \/>\n<meta property=\"og:title\" content=\"Pergolas avec toit plat\" \/>\n<meta property=\"og:description\" content=\"Cr\u00e9ez votre coin de paradis. Adoss\u00e9e ou autoport\u00e9e, une pergola toit plat robuste et leg\u00e8re vous offre la garantie d&#039;un espace outdoor totalement prot\u00e9g\u00e9.\" \/>\n<meta property=\"og:url\" content=\"https:\/\/www.keoutdoordesign.com\/fr-fr\/pergolas-gennius\/pergola-avec-toit-plat\/\" \/>\n<meta property=\"og:site_name\" content=\"KE Outdoor Design\" \/>\n<meta property=\"article:publisher\" content=\"https:\/\/www.facebook.com\/keoutdoordesign.us\" \/>\n<meta property=\"article:modified_time\" content=\"2022-11-22T11:06:47+00:00\" \/>\n<meta property=\"og:image\" content=\"https:\/\/www.keoutdoordesign.com\/wp-content\/uploads\/2019\/09\/KE_Isola-2T-1.jpg\" \/>\n\t<meta property=\"og:image:width\" content=\"1920\" \/>\n\t<meta property=\"og:image:height\" content=\"1500\" \/>\n\t<meta property=\"og:image:type\" content=\"image\/jpeg\" \/>\n<meta name=\"twitter:card\" content=\"summary_large_image\" \/>\n<meta name=\"twitter:site\" content=\"@keoutdoordesign\" \/>\n<script type=\"application\/ld+json\" class=\"yoast-schema-graph\">{\"@context\":\"https:\\\/\\\/schema.org\",\"@graph\":[{\"@type\":\"WebPage\",\"@id\":\"https:\\\/\\\/www.keoutdoordesign.com\\\/fr-fr\\\/pergolas-gennius\\\/pergola-avec-toit-plat\\\/\",\"url\":\"https:\\\/\\\/www.keoutdoordesign.com\\\/fr-fr\\\/pergolas-gennius\\\/pergola-avec-toit-plat\\\/\",\"name\":\"Pergolas avec toit plat -\",\"isPartOf\":{\"@id\":\"https:\\\/\\\/www.keoutdoordesign.com\\\/it-it\\\/#website\"},\"primaryImageOfPage\":{\"@id\":\"https:\\\/\\\/www.keoutdoordesign.com\\\/fr-fr\\\/pergolas-gennius\\\/pergola-avec-toit-plat\\\/#primaryimage\"},\"image\":{\"@id\":\"https:\\\/\\\/www.keoutdoordesign.com\\\/fr-fr\\\/pergolas-gennius\\\/pergola-avec-toit-plat\\\/#primaryimage\"},\"thumbnailUrl\":\"https:\\\/\\\/www.keoutdoordesign.com\\\/wp-content\\\/uploads\\\/2019\\\/09\\\/KE_Isola-2T-1.jpg\",\"datePublished\":\"2019-06-07T08:56:39+00:00\",\"dateModified\":\"2022-11-22T11:06:47+00:00\",\"description\":\"Cr\u00e9ez votre coin de paradis. Adoss\u00e9e ou autoport\u00e9e, une pergola toit plat robuste et leg\u00e8re vous offre la garantie d'un espace outdoor totalement prot\u00e9g\u00e9.\",\"breadcrumb\":{\"@id\":\"https:\\\/\\\/www.keoutdoordesign.com\\\/fr-fr\\\/pergolas-gennius\\\/pergola-avec-toit-plat\\\/#breadcrumb\"},\"inLanguage\":\"fr-FR\",\"potentialAction\":[{\"@type\":\"ReadAction\",\"target\":[\"https:\\\/\\\/www.keoutdoordesign.com\\\/fr-fr\\\/pergolas-gennius\\\/pergola-avec-toit-plat\\\/\"]}]},{\"@type\":\"ImageObject\",\"inLanguage\":\"fr-FR\",\"@id\":\"https:\\\/\\\/www.keoutdoordesign.com\\\/fr-fr\\\/pergolas-gennius\\\/pergola-avec-toit-plat\\\/#primaryimage\",\"url\":\"https:\\\/\\\/www.keoutdoordesign.com\\\/wp-content\\\/uploads\\\/2019\\\/09\\\/KE_Isola-2T-1.jpg\",\"contentUrl\":\"https:\\\/\\\/www.keoutdoordesign.com\\\/wp-content\\\/uploads\\\/2019\\\/09\\\/KE_Isola-2T-1.jpg\",\"width\":1920,\"height\":1500,\"caption\":\"KE_Isola-2T\"},{\"@type\":\"BreadcrumbList\",\"@id\":\"https:\\\/\\\/www.keoutdoordesign.com\\\/fr-fr\\\/pergolas-gennius\\\/pergola-avec-toit-plat\\\/#breadcrumb\",\"itemListElement\":[{\"@type\":\"ListItem\",\"position\":1,\"name\":\"Home\",\"item\":\"https:\\\/\\\/www.keoutdoordesign.com\\\/fr-fr\\\/\"},{\"@type\":\"ListItem\",\"position\":2,\"name\":\"Pergolas sur mesure\",\"item\":\"https:\\\/\\\/www.keoutdoordesign.com\\\/fr-fr\\\/pergolas-gennius\\\/\"},{\"@type\":\"ListItem\",\"position\":3,\"name\":\"Pergolas avec toit plat\"}]},{\"@type\":\"WebSite\",\"@id\":\"https:\\\/\\\/www.keoutdoordesign.com\\\/it-it\\\/#website\",\"url\":\"https:\\\/\\\/www.keoutdoordesign.com\\\/it-it\\\/\",\"name\":\"KE Outdoor Design\",\"description\":\"Un nuovo sito targato WordPress\",\"publisher\":{\"@id\":\"https:\\\/\\\/www.keoutdoordesign.com\\\/it-it\\\/#organization\"},\"potentialAction\":[{\"@type\":\"SearchAction\",\"target\":{\"@type\":\"EntryPoint\",\"urlTemplate\":\"https:\\\/\\\/www.keoutdoordesign.com\\\/it-it\\\/?s={search_term_string}\"},\"query-input\":{\"@type\":\"PropertyValueSpecification\",\"valueRequired\":true,\"valueName\":\"search_term_string\"}}],\"inLanguage\":\"fr-FR\"},{\"@type\":\"Organization\",\"@id\":\"https:\\\/\\\/www.keoutdoordesign.com\\\/it-it\\\/#organization\",\"name\":\"KE Outdoor Design\",\"url\":\"https:\\\/\\\/www.keoutdoordesign.com\\\/it-it\\\/\",\"logo\":{\"@type\":\"ImageObject\",\"inLanguage\":\"fr-FR\",\"@id\":\"https:\\\/\\\/www.keoutdoordesign.com\\\/it-it\\\/#\\\/schema\\\/logo\\\/image\\\/\",\"url\":\"https:\\\/\\\/www.keoutdoordesign.com\\\/wp-content\\\/uploads\\\/2020\\\/02\\\/KE-logo-Primary-e1591282842174.jpg\",\"contentUrl\":\"https:\\\/\\\/www.keoutdoordesign.com\\\/wp-content\\\/uploads\\\/2020\\\/02\\\/KE-logo-Primary-e1591282842174.jpg\",\"width\":500,\"height\":396,\"caption\":\"KE Outdoor Design\"},\"image\":{\"@id\":\"https:\\\/\\\/www.keoutdoordesign.com\\\/it-it\\\/#\\\/schema\\\/logo\\\/image\\\/\"},\"sameAs\":[\"https:\\\/\\\/www.facebook.com\\\/keoutdoordesign.us\",\"https:\\\/\\\/x.com\\\/keoutdoordesign\",\"https:\\\/\\\/www.facebook.com\\\/keoutdoordesign\",\"https:\\\/\\\/www.youtube.com\\\/channel\\\/UCSoMQryJpLqD53bAoZLg2Vg\",\"https:\\\/\\\/www.pinterest.it\\\/keoutdoordesign\\\/\",\"https:\\\/\\\/www.instagram.com\\\/keoutdoordesign\\\/\",\"https:\\\/\\\/www.linkedin.com\\\/company\\\/ke-outdoor-design\\\/\"]}]}<\/script>\n<!-- \/ Yoast SEO Premium plugin. -->","yoast_head_json":{"title":"Pergolas avec toit plat -","description":"Cr\u00e9ez votre coin de paradis. Adoss\u00e9e ou autoport\u00e9e, une pergola toit plat robuste et leg\u00e8re vous offre la garantie d'un espace outdoor totalement prot\u00e9g\u00e9.","robots":{"index":"index","follow":"follow","max-snippet":"max-snippet:-1","max-image-preview":"max-image-preview:large","max-video-preview":"max-video-preview:-1"},"canonical":"https:\/\/www.keoutdoordesign.com\/fr-fr\/pergolas-gennius\/pergola-avec-toit-plat\/","og_locale":"fr_FR","og_type":"article","og_title":"Pergolas avec toit plat","og_description":"Cr\u00e9ez votre coin de paradis. Adoss\u00e9e ou autoport\u00e9e, une pergola toit plat robuste et leg\u00e8re vous offre la garantie d'un espace outdoor totalement prot\u00e9g\u00e9.","og_url":"https:\/\/www.keoutdoordesign.com\/fr-fr\/pergolas-gennius\/pergola-avec-toit-plat\/","og_site_name":"KE Outdoor Design","article_publisher":"https:\/\/www.facebook.com\/keoutdoordesign.us","article_modified_time":"2022-11-22T11:06:47+00:00","og_image":[{"width":1920,"height":1500,"url":"https:\/\/www.keoutdoordesign.com\/wp-content\/uploads\/2019\/09\/KE_Isola-2T-1.jpg","type":"image\/jpeg"}],"twitter_card":"summary_large_image","twitter_site":"@keoutdoordesign","schema":{"@context":"https:\/\/schema.org","@graph":[{"@type":"WebPage","@id":"https:\/\/www.keoutdoordesign.com\/fr-fr\/pergolas-gennius\/pergola-avec-toit-plat\/","url":"https:\/\/www.keoutdoordesign.com\/fr-fr\/pergolas-gennius\/pergola-avec-toit-plat\/","name":"Pergolas avec toit plat -","isPartOf":{"@id":"https:\/\/www.keoutdoordesign.com\/it-it\/#website"},"primaryImageOfPage":{"@id":"https:\/\/www.keoutdoordesign.com\/fr-fr\/pergolas-gennius\/pergola-avec-toit-plat\/#primaryimage"},"image":{"@id":"https:\/\/www.keoutdoordesign.com\/fr-fr\/pergolas-gennius\/pergola-avec-toit-plat\/#primaryimage"},"thumbnailUrl":"https:\/\/www.keoutdoordesign.com\/wp-content\/uploads\/2019\/09\/KE_Isola-2T-1.jpg","datePublished":"2019-06-07T08:56:39+00:00","dateModified":"2022-11-22T11:06:47+00:00","description":"Cr\u00e9ez votre coin de paradis. Adoss\u00e9e ou autoport\u00e9e, une pergola toit plat robuste et leg\u00e8re vous offre la garantie d'un espace outdoor totalement prot\u00e9g\u00e9.","breadcrumb":{"@id":"https:\/\/www.keoutdoordesign.com\/fr-fr\/pergolas-gennius\/pergola-avec-toit-plat\/#breadcrumb"},"inLanguage":"fr-FR","potentialAction":[{"@type":"ReadAction","target":["https:\/\/www.keoutdoordesign.com\/fr-fr\/pergolas-gennius\/pergola-avec-toit-plat\/"]}]},{"@type":"ImageObject","inLanguage":"fr-FR","@id":"https:\/\/www.keoutdoordesign.com\/fr-fr\/pergolas-gennius\/pergola-avec-toit-plat\/#primaryimage","url":"https:\/\/www.keoutdoordesign.com\/wp-content\/uploads\/2019\/09\/KE_Isola-2T-1.jpg","contentUrl":"https:\/\/www.keoutdoordesign.com\/wp-content\/uploads\/2019\/09\/KE_Isola-2T-1.jpg","width":1920,"height":1500,"caption":"KE_Isola-2T"},{"@type":"BreadcrumbList","@id":"https:\/\/www.keoutdoordesign.com\/fr-fr\/pergolas-gennius\/pergola-avec-toit-plat\/#breadcrumb","itemListElement":[{"@type":"ListItem","position":1,"name":"Home","item":"https:\/\/www.keoutdoordesign.com\/fr-fr\/"},{"@type":"ListItem","position":2,"name":"Pergolas sur mesure","item":"https:\/\/www.keoutdoordesign.com\/fr-fr\/pergolas-gennius\/"},{"@type":"ListItem","position":3,"name":"Pergolas avec toit plat"}]},{"@type":"WebSite","@id":"https:\/\/www.keoutdoordesign.com\/it-it\/#website","url":"https:\/\/www.keoutdoordesign.com\/it-it\/","name":"KE Outdoor Design","description":"Un nuovo sito targato WordPress","publisher":{"@id":"https:\/\/www.keoutdoordesign.com\/it-it\/#organization"},"potentialAction":[{"@type":"SearchAction","target":{"@type":"EntryPoint","urlTemplate":"https:\/\/www.keoutdoordesign.com\/it-it\/?s={search_term_string}"},"query-input":{"@type":"PropertyValueSpecification","valueRequired":true,"valueName":"search_term_string"}}],"inLanguage":"fr-FR"},{"@type":"Organization","@id":"https:\/\/www.keoutdoordesign.com\/it-it\/#organization","name":"KE Outdoor Design","url":"https:\/\/www.keoutdoordesign.com\/it-it\/","logo":{"@type":"ImageObject","inLanguage":"fr-FR","@id":"https:\/\/www.keoutdoordesign.com\/it-it\/#\/schema\/logo\/image\/","url":"https:\/\/www.keoutdoordesign.com\/wp-content\/uploads\/2020\/02\/KE-logo-Primary-e1591282842174.jpg","contentUrl":"https:\/\/www.keoutdoordesign.com\/wp-content\/uploads\/2020\/02\/KE-logo-Primary-e1591282842174.jpg","width":500,"height":396,"caption":"KE Outdoor Design"},"image":{"@id":"https:\/\/www.keoutdoordesign.com\/it-it\/#\/schema\/logo\/image\/"},"sameAs":["https:\/\/www.facebook.com\/keoutdoordesign.us","https:\/\/x.com\/keoutdoordesign","https:\/\/www.facebook.com\/keoutdoordesign","https:\/\/www.youtube.com\/channel\/UCSoMQryJpLqD53bAoZLg2Vg","https:\/\/www.pinterest.it\/keoutdoordesign\/","https:\/\/www.instagram.com\/keoutdoordesign\/","https:\/\/www.linkedin.com\/company\/ke-outdoor-design\/"]}]}},"_links":{"self":[{"href":"https:\/\/www.keoutdoordesign.com\/fr-fr\/wp-json\/wp\/v2\/pages\/4567","targetHints":{"allow":["GET"]}}],"collection":[{"href":"https:\/\/www.keoutdoordesign.com\/fr-fr\/wp-json\/wp\/v2\/pages"}],"about":[{"href":"https:\/\/www.keoutdoordesign.com\/fr-fr\/wp-json\/wp\/v2\/types\/page"}],"author":[{"embeddable":true,"href":"https:\/\/www.keoutdoordesign.com\/fr-fr\/wp-json\/wp\/v2\/users\/10608"}],"replies":[{"embeddable":true,"href":"https:\/\/www.keoutdoordesign.com\/fr-fr\/wp-json\/wp\/v2\/comments?post=4567"}],"version-history":[{"count":12,"href":"https:\/\/www.keoutdoordesign.com\/fr-fr\/wp-json\/wp\/v2\/pages\/4567\/revisions"}],"predecessor-version":[{"id":53884,"href":"https:\/\/www.keoutdoordesign.com\/fr-fr\/wp-json\/wp\/v2\/pages\/4567\/revisions\/53884"}],"up":[{"embeddable":true,"href":"https:\/\/www.keoutdoordesign.com\/fr-fr\/wp-json\/wp\/v2\/pages\/4547"}],"wp:featuredmedia":[{"embeddable":true,"href":"https:\/\/www.keoutdoordesign.com\/fr-fr\/wp-json\/wp\/v2\/media\/15059"}],"wp:attachment":[{"href":"https:\/\/www.keoutdoordesign.com\/fr-fr\/wp-json\/wp\/v2\/media?parent=4567"}],"curies":[{"name":"wp","href":"https:\/\/api.w.org\/{rel}","templated":true}]}}