{"id":4561,"date":"2019-06-07T10:56:05","date_gmt":"2019-06-07T08:56:05","guid":{"rendered":"http:\/\/ke.localhost.it\/?page_id=4561"},"modified":"2025-02-21T16:46:43","modified_gmt":"2025-02-21T15:46:43","slug":"a3","status":"publish","type":"page","link":"https:\/\/www.keoutdoordesign.com\/fr-fr\/pergolas-gennius\/pergola-a-membrane-incline\/a3\/","title":{"rendered":"A3"},"content":{"rendered":"<p>R\u00e9sistance au vent garantie jusqu\u2019\u00e0 la <strong>classe 6<\/strong> selon la norme UNI PR EN 13561.<br \/>\nSur demande, il est possible d\u2019int\u00e9grer le syst\u00e8me antigoutte pour une protection de la pluie.<br \/>\nAucune garantie pour la tenue \u00e0 la neige.<br \/>\nLe d\u00e9veloppement de condensation sur le tissu n&rsquo;est pas consid\u00e9r\u00e9 un d\u00e9faut, c&rsquo;est un ph\u00e9nom\u00e8ne naturel.<\/p>\n","protected":false},"excerpt":{"rendered":"<p>R\u00e9sistance au vent garantie jusqu\u2019\u00e0 la classe 6 selon la norme UNI PR EN 13561. Sur demande, il est possible&hellip;<\/p>\n","protected":false},"author":10608,"featured_media":65308,"parent":4549,"menu_order":21,"comment_status":"closed","ping_status":"closed","template":"page-templates\/product.php","meta":{"_acf_changed":false,"footnotes":""},"class_list":["post-4561","page","type-page","status-publish","has-post-thumbnail","hentry"],"acf":[],"yoast_head":"<!-- This site is optimized with the Yoast SEO Premium plugin v20.12 (Yoast SEO v27.3) - https:\/\/yoast.com\/product\/yoast-seo-premium-wordpress\/ -->\n<title>A3 - Pergola inclin\u00e9e - KE Outdoor Design<\/title>\n<meta name=\"description\" content=\"Cette pergola inclin\u00e9e en aluminium propose la couverture de grands espaces. Possibilit\u00e9 de fermetures lat\u00e9rales sur tous le p\u00e9rim\u00e8tre.\" \/>\n<meta name=\"robots\" content=\"index, follow, max-snippet:-1, max-image-preview:large, max-video-preview:-1\" \/>\n<link rel=\"canonical\" href=\"https:\/\/www.keoutdoordesign.com\/fr-fr\/pergolas-gennius\/pergola-a-membrane-incline\/a3\/\" \/>\n<meta property=\"og:locale\" content=\"fr_FR\" \/>\n<meta property=\"og:type\" content=\"article\" \/>\n<meta property=\"og:title\" content=\"A3\" \/>\n<meta property=\"og:description\" content=\"Cette pergola inclin\u00e9e en aluminium propose la couverture de grands espaces. Possibilit\u00e9 de fermetures lat\u00e9rales sur tous le p\u00e9rim\u00e8tre.\" \/>\n<meta property=\"og:url\" content=\"https:\/\/www.keoutdoordesign.com\/fr-fr\/pergolas-gennius\/pergola-a-membrane-incline\/a3\/\" \/>\n<meta property=\"og:site_name\" content=\"KE Outdoor Design\" \/>\n<meta property=\"article:publisher\" content=\"https:\/\/www.facebook.com\/keoutdoordesign.us\" \/>\n<meta property=\"article:modified_time\" content=\"2025-02-21T15:46:43+00:00\" \/>\n<meta property=\"og:image\" content=\"https:\/\/www.keoutdoordesign.com\/wp-content\/uploads\/2024\/01\/Pergola-inclinee-A3-KE.jpg\" \/>\n\t<meta property=\"og:image:width\" content=\"2000\" \/>\n\t<meta property=\"og:image:height\" content=\"1339\" \/>\n\t<meta property=\"og:image:type\" content=\"image\/jpeg\" \/>\n<meta name=\"twitter:card\" content=\"summary_large_image\" \/>\n<meta name=\"twitter:site\" content=\"@keoutdoordesign\" \/>\n<script type=\"application\/ld+json\" class=\"yoast-schema-graph\">{\"@context\":\"https:\\\/\\\/schema.org\",\"@graph\":[{\"@type\":\"WebPage\",\"@id\":\"https:\\\/\\\/www.keoutdoordesign.com\\\/fr-fr\\\/pergolas-gennius\\\/pergola-a-membrane-incline\\\/a3\\\/\",\"url\":\"https:\\\/\\\/www.keoutdoordesign.com\\\/fr-fr\\\/pergolas-gennius\\\/pergola-a-membrane-incline\\\/a3\\\/\",\"name\":\"A3 - Pergola inclin\u00e9e - KE Outdoor Design\",\"isPartOf\":{\"@id\":\"https:\\\/\\\/www.keoutdoordesign.com\\\/it-it\\\/#website\"},\"primaryImageOfPage\":{\"@id\":\"https:\\\/\\\/www.keoutdoordesign.com\\\/fr-fr\\\/pergolas-gennius\\\/pergola-a-membrane-incline\\\/a3\\\/#primaryimage\"},\"image\":{\"@id\":\"https:\\\/\\\/www.keoutdoordesign.com\\\/fr-fr\\\/pergolas-gennius\\\/pergola-a-membrane-incline\\\/a3\\\/#primaryimage\"},\"thumbnailUrl\":\"https:\\\/\\\/www.keoutdoordesign.com\\\/wp-content\\\/uploads\\\/2024\\\/01\\\/Pergola-inclinee-A3-KE.jpg\",\"datePublished\":\"2019-06-07T08:56:05+00:00\",\"dateModified\":\"2025-02-21T15:46:43+00:00\",\"description\":\"Cette pergola inclin\u00e9e en aluminium propose la couverture de grands espaces. Possibilit\u00e9 de fermetures lat\u00e9rales sur tous le p\u00e9rim\u00e8tre.\",\"breadcrumb\":{\"@id\":\"https:\\\/\\\/www.keoutdoordesign.com\\\/fr-fr\\\/pergolas-gennius\\\/pergola-a-membrane-incline\\\/a3\\\/#breadcrumb\"},\"inLanguage\":\"fr-FR\",\"potentialAction\":[{\"@type\":\"ReadAction\",\"target\":[\"https:\\\/\\\/www.keoutdoordesign.com\\\/fr-fr\\\/pergolas-gennius\\\/pergola-a-membrane-incline\\\/a3\\\/\"]}]},{\"@type\":\"ImageObject\",\"inLanguage\":\"fr-FR\",\"@id\":\"https:\\\/\\\/www.keoutdoordesign.com\\\/fr-fr\\\/pergolas-gennius\\\/pergola-a-membrane-incline\\\/a3\\\/#primaryimage\",\"url\":\"https:\\\/\\\/www.keoutdoordesign.com\\\/wp-content\\\/uploads\\\/2024\\\/01\\\/Pergola-inclinee-A3-KE.jpg\",\"contentUrl\":\"https:\\\/\\\/www.keoutdoordesign.com\\\/wp-content\\\/uploads\\\/2024\\\/01\\\/Pergola-inclinee-A3-KE.jpg\",\"width\":2000,\"height\":1339,\"caption\":\"Pergola en aluminium avec toit inclin\u00e9 pouvant \u00eatre \u00e9quip\u00e9e de fermetures lat\u00e9rales.\"},{\"@type\":\"BreadcrumbList\",\"@id\":\"https:\\\/\\\/www.keoutdoordesign.com\\\/fr-fr\\\/pergolas-gennius\\\/pergola-a-membrane-incline\\\/a3\\\/#breadcrumb\",\"itemListElement\":[{\"@type\":\"ListItem\",\"position\":1,\"name\":\"Home\",\"item\":\"https:\\\/\\\/www.keoutdoordesign.com\\\/fr-fr\\\/\"},{\"@type\":\"ListItem\",\"position\":2,\"name\":\"Pergolas sur mesure\",\"item\":\"https:\\\/\\\/www.keoutdoordesign.com\\\/fr-fr\\\/pergolas-gennius\\\/\"},{\"@type\":\"ListItem\",\"position\":3,\"name\":\"Pergolas toit en pente\",\"item\":\"https:\\\/\\\/www.keoutdoordesign.com\\\/fr-fr\\\/pergolas-gennius\\\/pergola-a-membrane-incline\\\/\"},{\"@type\":\"ListItem\",\"position\":4,\"name\":\"A3\"}]},{\"@type\":\"WebSite\",\"@id\":\"https:\\\/\\\/www.keoutdoordesign.com\\\/it-it\\\/#website\",\"url\":\"https:\\\/\\\/www.keoutdoordesign.com\\\/it-it\\\/\",\"name\":\"KE Outdoor Design\",\"description\":\"Un nuovo sito targato WordPress\",\"publisher\":{\"@id\":\"https:\\\/\\\/www.keoutdoordesign.com\\\/it-it\\\/#organization\"},\"potentialAction\":[{\"@type\":\"SearchAction\",\"target\":{\"@type\":\"EntryPoint\",\"urlTemplate\":\"https:\\\/\\\/www.keoutdoordesign.com\\\/it-it\\\/?s={search_term_string}\"},\"query-input\":{\"@type\":\"PropertyValueSpecification\",\"valueRequired\":true,\"valueName\":\"search_term_string\"}}],\"inLanguage\":\"fr-FR\"},{\"@type\":\"Organization\",\"@id\":\"https:\\\/\\\/www.keoutdoordesign.com\\\/it-it\\\/#organization\",\"name\":\"KE Outdoor Design\",\"url\":\"https:\\\/\\\/www.keoutdoordesign.com\\\/it-it\\\/\",\"logo\":{\"@type\":\"ImageObject\",\"inLanguage\":\"fr-FR\",\"@id\":\"https:\\\/\\\/www.keoutdoordesign.com\\\/it-it\\\/#\\\/schema\\\/logo\\\/image\\\/\",\"url\":\"https:\\\/\\\/www.keoutdoordesign.com\\\/wp-content\\\/uploads\\\/2020\\\/02\\\/KE-logo-Primary-e1591282842174.jpg\",\"contentUrl\":\"https:\\\/\\\/www.keoutdoordesign.com\\\/wp-content\\\/uploads\\\/2020\\\/02\\\/KE-logo-Primary-e1591282842174.jpg\",\"width\":500,\"height\":396,\"caption\":\"KE Outdoor Design\"},\"image\":{\"@id\":\"https:\\\/\\\/www.keoutdoordesign.com\\\/it-it\\\/#\\\/schema\\\/logo\\\/image\\\/\"},\"sameAs\":[\"https:\\\/\\\/www.facebook.com\\\/keoutdoordesign.us\",\"https:\\\/\\\/x.com\\\/keoutdoordesign\",\"https:\\\/\\\/www.facebook.com\\\/keoutdoordesign\",\"https:\\\/\\\/www.youtube.com\\\/channel\\\/UCSoMQryJpLqD53bAoZLg2Vg\",\"https:\\\/\\\/www.pinterest.it\\\/keoutdoordesign\\\/\",\"https:\\\/\\\/www.instagram.com\\\/keoutdoordesign\\\/\",\"https:\\\/\\\/www.linkedin.com\\\/company\\\/ke-outdoor-design\\\/\"]}]}<\/script>\n<!-- \/ Yoast SEO Premium plugin. -->","yoast_head_json":{"title":"A3 - Pergola inclin\u00e9e - KE Outdoor Design","description":"Cette pergola inclin\u00e9e en aluminium propose la couverture de grands espaces. Possibilit\u00e9 de fermetures lat\u00e9rales sur tous le p\u00e9rim\u00e8tre.","robots":{"index":"index","follow":"follow","max-snippet":"max-snippet:-1","max-image-preview":"max-image-preview:large","max-video-preview":"max-video-preview:-1"},"canonical":"https:\/\/www.keoutdoordesign.com\/fr-fr\/pergolas-gennius\/pergola-a-membrane-incline\/a3\/","og_locale":"fr_FR","og_type":"article","og_title":"A3","og_description":"Cette pergola inclin\u00e9e en aluminium propose la couverture de grands espaces. Possibilit\u00e9 de fermetures lat\u00e9rales sur tous le p\u00e9rim\u00e8tre.","og_url":"https:\/\/www.keoutdoordesign.com\/fr-fr\/pergolas-gennius\/pergola-a-membrane-incline\/a3\/","og_site_name":"KE Outdoor Design","article_publisher":"https:\/\/www.facebook.com\/keoutdoordesign.us","article_modified_time":"2025-02-21T15:46:43+00:00","og_image":[{"width":2000,"height":1339,"url":"https:\/\/www.keoutdoordesign.com\/wp-content\/uploads\/2024\/01\/Pergola-inclinee-A3-KE.jpg","type":"image\/jpeg"}],"twitter_card":"summary_large_image","twitter_site":"@keoutdoordesign","schema":{"@context":"https:\/\/schema.org","@graph":[{"@type":"WebPage","@id":"https:\/\/www.keoutdoordesign.com\/fr-fr\/pergolas-gennius\/pergola-a-membrane-incline\/a3\/","url":"https:\/\/www.keoutdoordesign.com\/fr-fr\/pergolas-gennius\/pergola-a-membrane-incline\/a3\/","name":"A3 - Pergola inclin\u00e9e - KE Outdoor Design","isPartOf":{"@id":"https:\/\/www.keoutdoordesign.com\/it-it\/#website"},"primaryImageOfPage":{"@id":"https:\/\/www.keoutdoordesign.com\/fr-fr\/pergolas-gennius\/pergola-a-membrane-incline\/a3\/#primaryimage"},"image":{"@id":"https:\/\/www.keoutdoordesign.com\/fr-fr\/pergolas-gennius\/pergola-a-membrane-incline\/a3\/#primaryimage"},"thumbnailUrl":"https:\/\/www.keoutdoordesign.com\/wp-content\/uploads\/2024\/01\/Pergola-inclinee-A3-KE.jpg","datePublished":"2019-06-07T08:56:05+00:00","dateModified":"2025-02-21T15:46:43+00:00","description":"Cette pergola inclin\u00e9e en aluminium propose la couverture de grands espaces. Possibilit\u00e9 de fermetures lat\u00e9rales sur tous le p\u00e9rim\u00e8tre.","breadcrumb":{"@id":"https:\/\/www.keoutdoordesign.com\/fr-fr\/pergolas-gennius\/pergola-a-membrane-incline\/a3\/#breadcrumb"},"inLanguage":"fr-FR","potentialAction":[{"@type":"ReadAction","target":["https:\/\/www.keoutdoordesign.com\/fr-fr\/pergolas-gennius\/pergola-a-membrane-incline\/a3\/"]}]},{"@type":"ImageObject","inLanguage":"fr-FR","@id":"https:\/\/www.keoutdoordesign.com\/fr-fr\/pergolas-gennius\/pergola-a-membrane-incline\/a3\/#primaryimage","url":"https:\/\/www.keoutdoordesign.com\/wp-content\/uploads\/2024\/01\/Pergola-inclinee-A3-KE.jpg","contentUrl":"https:\/\/www.keoutdoordesign.com\/wp-content\/uploads\/2024\/01\/Pergola-inclinee-A3-KE.jpg","width":2000,"height":1339,"caption":"Pergola en aluminium avec toit inclin\u00e9 pouvant \u00eatre \u00e9quip\u00e9e de fermetures lat\u00e9rales."},{"@type":"BreadcrumbList","@id":"https:\/\/www.keoutdoordesign.com\/fr-fr\/pergolas-gennius\/pergola-a-membrane-incline\/a3\/#breadcrumb","itemListElement":[{"@type":"ListItem","position":1,"name":"Home","item":"https:\/\/www.keoutdoordesign.com\/fr-fr\/"},{"@type":"ListItem","position":2,"name":"Pergolas sur mesure","item":"https:\/\/www.keoutdoordesign.com\/fr-fr\/pergolas-gennius\/"},{"@type":"ListItem","position":3,"name":"Pergolas toit en pente","item":"https:\/\/www.keoutdoordesign.com\/fr-fr\/pergolas-gennius\/pergola-a-membrane-incline\/"},{"@type":"ListItem","position":4,"name":"A3"}]},{"@type":"WebSite","@id":"https:\/\/www.keoutdoordesign.com\/it-it\/#website","url":"https:\/\/www.keoutdoordesign.com\/it-it\/","name":"KE Outdoor Design","description":"Un nuovo sito targato WordPress","publisher":{"@id":"https:\/\/www.keoutdoordesign.com\/it-it\/#organization"},"potentialAction":[{"@type":"SearchAction","target":{"@type":"EntryPoint","urlTemplate":"https:\/\/www.keoutdoordesign.com\/it-it\/?s={search_term_string}"},"query-input":{"@type":"PropertyValueSpecification","valueRequired":true,"valueName":"search_term_string"}}],"inLanguage":"fr-FR"},{"@type":"Organization","@id":"https:\/\/www.keoutdoordesign.com\/it-it\/#organization","name":"KE Outdoor Design","url":"https:\/\/www.keoutdoordesign.com\/it-it\/","logo":{"@type":"ImageObject","inLanguage":"fr-FR","@id":"https:\/\/www.keoutdoordesign.com\/it-it\/#\/schema\/logo\/image\/","url":"https:\/\/www.keoutdoordesign.com\/wp-content\/uploads\/2020\/02\/KE-logo-Primary-e1591282842174.jpg","contentUrl":"https:\/\/www.keoutdoordesign.com\/wp-content\/uploads\/2020\/02\/KE-logo-Primary-e1591282842174.jpg","width":500,"height":396,"caption":"KE Outdoor Design"},"image":{"@id":"https:\/\/www.keoutdoordesign.com\/it-it\/#\/schema\/logo\/image\/"},"sameAs":["https:\/\/www.facebook.com\/keoutdoordesign.us","https:\/\/x.com\/keoutdoordesign","https:\/\/www.facebook.com\/keoutdoordesign","https:\/\/www.youtube.com\/channel\/UCSoMQryJpLqD53bAoZLg2Vg","https:\/\/www.pinterest.it\/keoutdoordesign\/","https:\/\/www.instagram.com\/keoutdoordesign\/","https:\/\/www.linkedin.com\/company\/ke-outdoor-design\/"]}]}},"_links":{"self":[{"href":"https:\/\/www.keoutdoordesign.com\/fr-fr\/wp-json\/wp\/v2\/pages\/4561","targetHints":{"allow":["GET"]}}],"collection":[{"href":"https:\/\/www.keoutdoordesign.com\/fr-fr\/wp-json\/wp\/v2\/pages"}],"about":[{"href":"https:\/\/www.keoutdoordesign.com\/fr-fr\/wp-json\/wp\/v2\/types\/page"}],"author":[{"embeddable":true,"href":"https:\/\/www.keoutdoordesign.com\/fr-fr\/wp-json\/wp\/v2\/users\/10608"}],"replies":[{"embeddable":true,"href":"https:\/\/www.keoutdoordesign.com\/fr-fr\/wp-json\/wp\/v2\/comments?post=4561"}],"version-history":[{"count":13,"href":"https:\/\/www.keoutdoordesign.com\/fr-fr\/wp-json\/wp\/v2\/pages\/4561\/revisions"}],"predecessor-version":[{"id":104881,"href":"https:\/\/www.keoutdoordesign.com\/fr-fr\/wp-json\/wp\/v2\/pages\/4561\/revisions\/104881"}],"up":[{"embeddable":true,"href":"https:\/\/www.keoutdoordesign.com\/fr-fr\/wp-json\/wp\/v2\/pages\/4549"}],"wp:featuredmedia":[{"embeddable":true,"href":"https:\/\/www.keoutdoordesign.com\/fr-fr\/wp-json\/wp\/v2\/media\/65308"}],"wp:attachment":[{"href":"https:\/\/www.keoutdoordesign.com\/fr-fr\/wp-json\/wp\/v2\/media?parent=4561"}],"curies":[{"name":"wp","href":"https:\/\/api.w.org\/{rel}","templated":true}]}}