{"id":4551,"date":"2019-06-07T10:50:48","date_gmt":"2019-06-07T08:50:48","guid":{"rendered":"http:\/\/ke.localhost.it\/?page_id=4551"},"modified":"2026-01-27T16:09:53","modified_gmt":"2026-01-27T15:09:53","slug":"pergola-adossee-aluminium-gennius-vega","status":"publish","type":"page","link":"https:\/\/www.keoutdoordesign.com\/fr-fr\/pergolas-gennius\/pergola-a-membrane-incline\/pergola-adossee-aluminium-gennius-vega\/","title":{"rendered":"Pergola adoss\u00e9e aluminium Gennius Vega"},"content":{"rendered":"<h2>Les fonctionnalit\u00e9s de la pergola adoss\u00e9e aluminium \u00e0 toutes \u00e9preuves<\/h2>\n<p>Gennius VEGA a bien \u00e9videmment garder un \u0153il sur la fonctionnalit\u00e9\u00a0:\u00a0 \u00e9quip\u00e9e d\u2019une toile imperm\u00e9able en PVC, cette <strong>pergola adoss\u00e9e aluminium<\/strong> prot\u00e8ge efficacement des UV, de la pluie et du vent.<\/p>\n<p>Et pour plus de protection la structure peut \u00eatre compl\u00e9t\u00e9e par des fermetures lat\u00e9rales parfaitement int\u00e9gr\u00e9es de type stores verticaux en toile micro perfor\u00e9e ou <a href=\"\/?page_id=23566\">vitrage panoramique coulissant Line Glass<\/a>, offrant un confort id\u00e9al et une modularit\u00e9 exemplaire.<\/p>\n<p>En cela Gennius Vega est un v\u00e9ritable objet d\u2019ameublement design pour la terrasse et parfaitement fonctionnelle au quotidien, sur les demi saisons et le soir.<\/p>\n<h2>La structure de la pergola adoss\u00e9e aluminium est facile \u00e0 vivre<\/h2>\n<p>Un produit parfaitement pens\u00e9 jusqu\u2019au bout\u00a0: les profils encart, gr\u00e2ce au syst\u00e8me d\u2019accrochage et de lib\u00e9ration rapide, peuvent \u00eatre chang\u00e9s rapidement, sans besoin d\u2019intervenir sur la structure portante. Il est donc possible de les combiner et les interchanger, selon les go\u00fbts de chacun, cr\u00e9ant des sc\u00e9narios personnalis\u00e9s<\/p>\n<p>C\u2019est une solution polyvalente permettant d\u2019importantes \u00e9conomies d\u2019\u00e9nergie. En hiver, elle peut r\u00e9duire les pertes thermiques et permet un meilleur contr\u00f4le des temp\u00e9ratures internes\u00a0; pendant l\u2019\u00e9t\u00e9 ces structures ont pour objectif de r\u00e9guler l\u2019apport de chaleur.<\/p>\n<p>Si cependant votre hauteur de fa\u00e7ade ne permet pas d\u2019installer une pergola adoss\u00e9e (voir le guide), vous pouvez opter pour une <a href=\"\/?page_id=4573\">ISOLA 3 la pergola \u00e0 toile r\u00e9tractable \u00e0 toit plat<\/a> !<\/p>\n<h2>La pergola adoss\u00e9e aluminium tendance par excellence<\/h2>\n<p>Dans une \u00e8re o\u00f9 la luminosit\u00e9 est fortement pl\u00e9biscit\u00e9e, source de convivialit\u00e9, la pergola adoss\u00e9e aluminium Gennius Vega offre la possibilit\u00e9 d\u2019en impressionner plus d\u2019un ! Plac\u00e9 sur l\u2019ext\u00e9rieur pour un design parfait, et sur l\u2019int\u00e9rieur pour des soir\u00e9es sans fins, les bandeaux leds int\u00e9gr\u00e9s offrent un \u00e9clairage de 24 Volt, 10W au m\u00e8tre et 4 000 lm en puissance d\u2019\u00e9clairage.<\/p>\n<p>Seule structure type pergola possible en bicolore, la <strong>pergola adoss\u00e9e aluminium Gennius Vega<\/strong> permet toutes les audaces d\u00e9coratives pour marier votre produit avec votre mobilier et en faire un v\u00e9ritable objet design dans votre ext\u00e9rieur. Un large choix de couleur et de textures pour une int\u00e9gration parfaite\u00a0! De quoi ajouter du cachet \u00e0 votre maison.<\/p>\n","protected":false},"excerpt":{"rendered":"<p>Les fonctionnalit\u00e9s de la pergola adoss\u00e9e aluminium \u00e0 toutes \u00e9preuves Gennius VEGA a bien \u00e9videmment garder un \u0153il sur la&hellip;<\/p>\n","protected":false},"author":10608,"featured_media":113862,"parent":4549,"menu_order":0,"comment_status":"closed","ping_status":"closed","template":"page-templates\/product.php","meta":{"_acf_changed":false,"footnotes":""},"class_list":["post-4551","page","type-page","status-publish","has-post-thumbnail","hentry"],"acf":[],"yoast_head":"<!-- This site is optimized with the Yoast SEO Premium plugin v20.12 (Yoast SEO v27.3) - https:\/\/yoast.com\/product\/yoast-seo-premium-wordpress\/ -->\n<title>Pergola adoss\u00e9e aluminium Gennius Vega - KE Outdoor Design<\/title>\n<meta name=\"description\" content=\"Pergola adoss\u00e9e aluminium : d\u00e9couvrez notre pergola adoss\u00e9e aluminium design. De hautes performances dissimul\u00e9es sous une apparence \u00e9l\u00e9gante.\" \/>\n<meta name=\"robots\" content=\"index, follow, max-snippet:-1, max-image-preview:large, max-video-preview:-1\" \/>\n<link rel=\"canonical\" href=\"https:\/\/www.keoutdoordesign.com\/fr-fr\/pergolas-gennius\/pergola-a-membrane-incline\/pergola-adossee-aluminium-gennius-vega\/\" \/>\n<meta property=\"og:locale\" content=\"fr_FR\" \/>\n<meta property=\"og:type\" content=\"article\" \/>\n<meta property=\"og:title\" content=\"Pergola adoss\u00e9e aluminium Gennius Vega\" \/>\n<meta property=\"og:description\" content=\"Pergola adoss\u00e9e aluminium : d\u00e9couvrez notre pergola adoss\u00e9e aluminium design. De hautes performances dissimul\u00e9es sous une apparence \u00e9l\u00e9gante.\" \/>\n<meta property=\"og:url\" content=\"https:\/\/www.keoutdoordesign.com\/fr-fr\/pergolas-gennius\/pergola-a-membrane-incline\/pergola-adossee-aluminium-gennius-vega\/\" \/>\n<meta property=\"og:site_name\" content=\"KE Outdoor Design\" \/>\n<meta property=\"article:publisher\" content=\"https:\/\/www.facebook.com\/keoutdoordesign.us\" \/>\n<meta property=\"article:modified_time\" content=\"2026-01-27T15:09:53+00:00\" \/>\n<meta property=\"og:image\" content=\"https:\/\/www.keoutdoordesign.com\/wp-content\/uploads\/2025\/10\/H6A0471_photo_Rosalia_Filippetti.jpg\" \/>\n\t<meta property=\"og:image:width\" content=\"1920\" \/>\n\t<meta property=\"og:image:height\" content=\"1281\" \/>\n\t<meta property=\"og:image:type\" content=\"image\/jpeg\" \/>\n<meta name=\"twitter:card\" content=\"summary_large_image\" \/>\n<meta name=\"twitter:site\" content=\"@keoutdoordesign\" \/>\n<script type=\"application\/ld+json\" class=\"yoast-schema-graph\">{\"@context\":\"https:\\\/\\\/schema.org\",\"@graph\":[{\"@type\":\"WebPage\",\"@id\":\"https:\\\/\\\/www.keoutdoordesign.com\\\/fr-fr\\\/pergolas-gennius\\\/pergola-a-membrane-incline\\\/pergola-adossee-aluminium-gennius-vega\\\/\",\"url\":\"https:\\\/\\\/www.keoutdoordesign.com\\\/fr-fr\\\/pergolas-gennius\\\/pergola-a-membrane-incline\\\/pergola-adossee-aluminium-gennius-vega\\\/\",\"name\":\"Pergola adoss\u00e9e aluminium Gennius Vega - KE Outdoor Design\",\"isPartOf\":{\"@id\":\"https:\\\/\\\/www.keoutdoordesign.com\\\/it-it\\\/#website\"},\"primaryImageOfPage\":{\"@id\":\"https:\\\/\\\/www.keoutdoordesign.com\\\/fr-fr\\\/pergolas-gennius\\\/pergola-a-membrane-incline\\\/pergola-adossee-aluminium-gennius-vega\\\/#primaryimage\"},\"image\":{\"@id\":\"https:\\\/\\\/www.keoutdoordesign.com\\\/fr-fr\\\/pergolas-gennius\\\/pergola-a-membrane-incline\\\/pergola-adossee-aluminium-gennius-vega\\\/#primaryimage\"},\"thumbnailUrl\":\"https:\\\/\\\/www.keoutdoordesign.com\\\/wp-content\\\/uploads\\\/2025\\\/10\\\/H6A0471_photo_Rosalia_Filippetti.jpg\",\"datePublished\":\"2019-06-07T08:50:48+00:00\",\"dateModified\":\"2026-01-27T15:09:53+00:00\",\"description\":\"Pergola adoss\u00e9e aluminium : d\u00e9couvrez notre pergola adoss\u00e9e aluminium design. De hautes performances dissimul\u00e9es sous une apparence \u00e9l\u00e9gante.\",\"breadcrumb\":{\"@id\":\"https:\\\/\\\/www.keoutdoordesign.com\\\/fr-fr\\\/pergolas-gennius\\\/pergola-a-membrane-incline\\\/pergola-adossee-aluminium-gennius-vega\\\/#breadcrumb\"},\"inLanguage\":\"fr-FR\",\"potentialAction\":[{\"@type\":\"ReadAction\",\"target\":[\"https:\\\/\\\/www.keoutdoordesign.com\\\/fr-fr\\\/pergolas-gennius\\\/pergola-a-membrane-incline\\\/pergola-adossee-aluminium-gennius-vega\\\/\"]}]},{\"@type\":\"ImageObject\",\"inLanguage\":\"fr-FR\",\"@id\":\"https:\\\/\\\/www.keoutdoordesign.com\\\/fr-fr\\\/pergolas-gennius\\\/pergola-a-membrane-incline\\\/pergola-adossee-aluminium-gennius-vega\\\/#primaryimage\",\"url\":\"https:\\\/\\\/www.keoutdoordesign.com\\\/wp-content\\\/uploads\\\/2025\\\/10\\\/H6A0471_photo_Rosalia_Filippetti.jpg\",\"contentUrl\":\"https:\\\/\\\/www.keoutdoordesign.com\\\/wp-content\\\/uploads\\\/2025\\\/10\\\/H6A0471_photo_Rosalia_Filippetti.jpg\",\"width\":1920,\"height\":1281},{\"@type\":\"BreadcrumbList\",\"@id\":\"https:\\\/\\\/www.keoutdoordesign.com\\\/fr-fr\\\/pergolas-gennius\\\/pergola-a-membrane-incline\\\/pergola-adossee-aluminium-gennius-vega\\\/#breadcrumb\",\"itemListElement\":[{\"@type\":\"ListItem\",\"position\":1,\"name\":\"Home\",\"item\":\"https:\\\/\\\/www.keoutdoordesign.com\\\/fr-fr\\\/\"},{\"@type\":\"ListItem\",\"position\":2,\"name\":\"Pergolas sur mesure\",\"item\":\"https:\\\/\\\/www.keoutdoordesign.com\\\/fr-fr\\\/pergolas-gennius\\\/\"},{\"@type\":\"ListItem\",\"position\":3,\"name\":\"Pergolas toit en pente\",\"item\":\"https:\\\/\\\/www.keoutdoordesign.com\\\/fr-fr\\\/pergolas-gennius\\\/pergola-a-membrane-incline\\\/\"},{\"@type\":\"ListItem\",\"position\":4,\"name\":\"Pergola adoss\u00e9e aluminium Gennius Vega\"}]},{\"@type\":\"WebSite\",\"@id\":\"https:\\\/\\\/www.keoutdoordesign.com\\\/it-it\\\/#website\",\"url\":\"https:\\\/\\\/www.keoutdoordesign.com\\\/it-it\\\/\",\"name\":\"KE Outdoor Design\",\"description\":\"Un nuovo sito targato WordPress\",\"publisher\":{\"@id\":\"https:\\\/\\\/www.keoutdoordesign.com\\\/it-it\\\/#organization\"},\"potentialAction\":[{\"@type\":\"SearchAction\",\"target\":{\"@type\":\"EntryPoint\",\"urlTemplate\":\"https:\\\/\\\/www.keoutdoordesign.com\\\/it-it\\\/?s={search_term_string}\"},\"query-input\":{\"@type\":\"PropertyValueSpecification\",\"valueRequired\":true,\"valueName\":\"search_term_string\"}}],\"inLanguage\":\"fr-FR\"},{\"@type\":\"Organization\",\"@id\":\"https:\\\/\\\/www.keoutdoordesign.com\\\/it-it\\\/#organization\",\"name\":\"KE Outdoor Design\",\"url\":\"https:\\\/\\\/www.keoutdoordesign.com\\\/it-it\\\/\",\"logo\":{\"@type\":\"ImageObject\",\"inLanguage\":\"fr-FR\",\"@id\":\"https:\\\/\\\/www.keoutdoordesign.com\\\/it-it\\\/#\\\/schema\\\/logo\\\/image\\\/\",\"url\":\"https:\\\/\\\/www.keoutdoordesign.com\\\/wp-content\\\/uploads\\\/2020\\\/02\\\/KE-logo-Primary-e1591282842174.jpg\",\"contentUrl\":\"https:\\\/\\\/www.keoutdoordesign.com\\\/wp-content\\\/uploads\\\/2020\\\/02\\\/KE-logo-Primary-e1591282842174.jpg\",\"width\":500,\"height\":396,\"caption\":\"KE Outdoor Design\"},\"image\":{\"@id\":\"https:\\\/\\\/www.keoutdoordesign.com\\\/it-it\\\/#\\\/schema\\\/logo\\\/image\\\/\"},\"sameAs\":[\"https:\\\/\\\/www.facebook.com\\\/keoutdoordesign.us\",\"https:\\\/\\\/x.com\\\/keoutdoordesign\",\"https:\\\/\\\/www.facebook.com\\\/keoutdoordesign\",\"https:\\\/\\\/www.youtube.com\\\/channel\\\/UCSoMQryJpLqD53bAoZLg2Vg\",\"https:\\\/\\\/www.pinterest.it\\\/keoutdoordesign\\\/\",\"https:\\\/\\\/www.instagram.com\\\/keoutdoordesign\\\/\",\"https:\\\/\\\/www.linkedin.com\\\/company\\\/ke-outdoor-design\\\/\"]}]}<\/script>\n<!-- \/ Yoast SEO Premium plugin. -->","yoast_head_json":{"title":"Pergola adoss\u00e9e aluminium Gennius Vega - KE Outdoor Design","description":"Pergola adoss\u00e9e aluminium : d\u00e9couvrez notre pergola adoss\u00e9e aluminium design. De hautes performances dissimul\u00e9es sous une apparence \u00e9l\u00e9gante.","robots":{"index":"index","follow":"follow","max-snippet":"max-snippet:-1","max-image-preview":"max-image-preview:large","max-video-preview":"max-video-preview:-1"},"canonical":"https:\/\/www.keoutdoordesign.com\/fr-fr\/pergolas-gennius\/pergola-a-membrane-incline\/pergola-adossee-aluminium-gennius-vega\/","og_locale":"fr_FR","og_type":"article","og_title":"Pergola adoss\u00e9e aluminium Gennius Vega","og_description":"Pergola adoss\u00e9e aluminium : d\u00e9couvrez notre pergola adoss\u00e9e aluminium design. De hautes performances dissimul\u00e9es sous une apparence \u00e9l\u00e9gante.","og_url":"https:\/\/www.keoutdoordesign.com\/fr-fr\/pergolas-gennius\/pergola-a-membrane-incline\/pergola-adossee-aluminium-gennius-vega\/","og_site_name":"KE Outdoor Design","article_publisher":"https:\/\/www.facebook.com\/keoutdoordesign.us","article_modified_time":"2026-01-27T15:09:53+00:00","og_image":[{"width":1920,"height":1281,"url":"https:\/\/www.keoutdoordesign.com\/wp-content\/uploads\/2025\/10\/H6A0471_photo_Rosalia_Filippetti.jpg","type":"image\/jpeg"}],"twitter_card":"summary_large_image","twitter_site":"@keoutdoordesign","schema":{"@context":"https:\/\/schema.org","@graph":[{"@type":"WebPage","@id":"https:\/\/www.keoutdoordesign.com\/fr-fr\/pergolas-gennius\/pergola-a-membrane-incline\/pergola-adossee-aluminium-gennius-vega\/","url":"https:\/\/www.keoutdoordesign.com\/fr-fr\/pergolas-gennius\/pergola-a-membrane-incline\/pergola-adossee-aluminium-gennius-vega\/","name":"Pergola adoss\u00e9e aluminium Gennius Vega - KE Outdoor Design","isPartOf":{"@id":"https:\/\/www.keoutdoordesign.com\/it-it\/#website"},"primaryImageOfPage":{"@id":"https:\/\/www.keoutdoordesign.com\/fr-fr\/pergolas-gennius\/pergola-a-membrane-incline\/pergola-adossee-aluminium-gennius-vega\/#primaryimage"},"image":{"@id":"https:\/\/www.keoutdoordesign.com\/fr-fr\/pergolas-gennius\/pergola-a-membrane-incline\/pergola-adossee-aluminium-gennius-vega\/#primaryimage"},"thumbnailUrl":"https:\/\/www.keoutdoordesign.com\/wp-content\/uploads\/2025\/10\/H6A0471_photo_Rosalia_Filippetti.jpg","datePublished":"2019-06-07T08:50:48+00:00","dateModified":"2026-01-27T15:09:53+00:00","description":"Pergola adoss\u00e9e aluminium : d\u00e9couvrez notre pergola adoss\u00e9e aluminium design. De hautes performances dissimul\u00e9es sous une apparence \u00e9l\u00e9gante.","breadcrumb":{"@id":"https:\/\/www.keoutdoordesign.com\/fr-fr\/pergolas-gennius\/pergola-a-membrane-incline\/pergola-adossee-aluminium-gennius-vega\/#breadcrumb"},"inLanguage":"fr-FR","potentialAction":[{"@type":"ReadAction","target":["https:\/\/www.keoutdoordesign.com\/fr-fr\/pergolas-gennius\/pergola-a-membrane-incline\/pergola-adossee-aluminium-gennius-vega\/"]}]},{"@type":"ImageObject","inLanguage":"fr-FR","@id":"https:\/\/www.keoutdoordesign.com\/fr-fr\/pergolas-gennius\/pergola-a-membrane-incline\/pergola-adossee-aluminium-gennius-vega\/#primaryimage","url":"https:\/\/www.keoutdoordesign.com\/wp-content\/uploads\/2025\/10\/H6A0471_photo_Rosalia_Filippetti.jpg","contentUrl":"https:\/\/www.keoutdoordesign.com\/wp-content\/uploads\/2025\/10\/H6A0471_photo_Rosalia_Filippetti.jpg","width":1920,"height":1281},{"@type":"BreadcrumbList","@id":"https:\/\/www.keoutdoordesign.com\/fr-fr\/pergolas-gennius\/pergola-a-membrane-incline\/pergola-adossee-aluminium-gennius-vega\/#breadcrumb","itemListElement":[{"@type":"ListItem","position":1,"name":"Home","item":"https:\/\/www.keoutdoordesign.com\/fr-fr\/"},{"@type":"ListItem","position":2,"name":"Pergolas sur mesure","item":"https:\/\/www.keoutdoordesign.com\/fr-fr\/pergolas-gennius\/"},{"@type":"ListItem","position":3,"name":"Pergolas toit en pente","item":"https:\/\/www.keoutdoordesign.com\/fr-fr\/pergolas-gennius\/pergola-a-membrane-incline\/"},{"@type":"ListItem","position":4,"name":"Pergola adoss\u00e9e aluminium Gennius Vega"}]},{"@type":"WebSite","@id":"https:\/\/www.keoutdoordesign.com\/it-it\/#website","url":"https:\/\/www.keoutdoordesign.com\/it-it\/","name":"KE Outdoor Design","description":"Un nuovo sito targato WordPress","publisher":{"@id":"https:\/\/www.keoutdoordesign.com\/it-it\/#organization"},"potentialAction":[{"@type":"SearchAction","target":{"@type":"EntryPoint","urlTemplate":"https:\/\/www.keoutdoordesign.com\/it-it\/?s={search_term_string}"},"query-input":{"@type":"PropertyValueSpecification","valueRequired":true,"valueName":"search_term_string"}}],"inLanguage":"fr-FR"},{"@type":"Organization","@id":"https:\/\/www.keoutdoordesign.com\/it-it\/#organization","name":"KE Outdoor Design","url":"https:\/\/www.keoutdoordesign.com\/it-it\/","logo":{"@type":"ImageObject","inLanguage":"fr-FR","@id":"https:\/\/www.keoutdoordesign.com\/it-it\/#\/schema\/logo\/image\/","url":"https:\/\/www.keoutdoordesign.com\/wp-content\/uploads\/2020\/02\/KE-logo-Primary-e1591282842174.jpg","contentUrl":"https:\/\/www.keoutdoordesign.com\/wp-content\/uploads\/2020\/02\/KE-logo-Primary-e1591282842174.jpg","width":500,"height":396,"caption":"KE Outdoor Design"},"image":{"@id":"https:\/\/www.keoutdoordesign.com\/it-it\/#\/schema\/logo\/image\/"},"sameAs":["https:\/\/www.facebook.com\/keoutdoordesign.us","https:\/\/x.com\/keoutdoordesign","https:\/\/www.facebook.com\/keoutdoordesign","https:\/\/www.youtube.com\/channel\/UCSoMQryJpLqD53bAoZLg2Vg","https:\/\/www.pinterest.it\/keoutdoordesign\/","https:\/\/www.instagram.com\/keoutdoordesign\/","https:\/\/www.linkedin.com\/company\/ke-outdoor-design\/"]}]}},"_links":{"self":[{"href":"https:\/\/www.keoutdoordesign.com\/fr-fr\/wp-json\/wp\/v2\/pages\/4551","targetHints":{"allow":["GET"]}}],"collection":[{"href":"https:\/\/www.keoutdoordesign.com\/fr-fr\/wp-json\/wp\/v2\/pages"}],"about":[{"href":"https:\/\/www.keoutdoordesign.com\/fr-fr\/wp-json\/wp\/v2\/types\/page"}],"author":[{"embeddable":true,"href":"https:\/\/www.keoutdoordesign.com\/fr-fr\/wp-json\/wp\/v2\/users\/10608"}],"replies":[{"embeddable":true,"href":"https:\/\/www.keoutdoordesign.com\/fr-fr\/wp-json\/wp\/v2\/comments?post=4551"}],"version-history":[{"count":29,"href":"https:\/\/www.keoutdoordesign.com\/fr-fr\/wp-json\/wp\/v2\/pages\/4551\/revisions"}],"predecessor-version":[{"id":117734,"href":"https:\/\/www.keoutdoordesign.com\/fr-fr\/wp-json\/wp\/v2\/pages\/4551\/revisions\/117734"}],"up":[{"embeddable":true,"href":"https:\/\/www.keoutdoordesign.com\/fr-fr\/wp-json\/wp\/v2\/pages\/4549"}],"wp:featuredmedia":[{"embeddable":true,"href":"https:\/\/www.keoutdoordesign.com\/fr-fr\/wp-json\/wp\/v2\/media\/113862"}],"wp:attachment":[{"href":"https:\/\/www.keoutdoordesign.com\/fr-fr\/wp-json\/wp\/v2\/media?parent=4551"}],"curies":[{"name":"wp","href":"https:\/\/api.w.org\/{rel}","templated":true}]}}