{"id":4549,"date":"2019-06-07T10:45:41","date_gmt":"2019-06-07T08:45:41","guid":{"rendered":"http:\/\/ke.localhost.it\/?page_id=4549"},"modified":"2023-08-01T08:25:02","modified_gmt":"2023-08-01T06:25:02","slug":"pergola-a-membrane-incline","status":"publish","type":"page","link":"https:\/\/www.keoutdoordesign.com\/fr-fr\/pergolas-gennius\/pergola-a-membrane-incline\/","title":{"rendered":"Pergolas toit en pente"},"content":{"rendered":"<p>Vous souhaitez cr\u00e9er un espace de vie ext\u00e9rieur convivial et communiquant avec votre salle \u00e0 manger? Les pergolas inclin\u00e9es adoss\u00e9es \u00e0 votre fa\u00e7ade cr\u00e9eront un espace parfait.<\/p>\n<p>Ces structures sont totalement <b>d\u00e9pendantes d\u2019un autre espace de vie<\/b>. Elles doivent \u00eatre adoss\u00e9es au mur et disposent donc de seulement 2 pieds. C\u2019est la pergola id\u00e9ale pour cr\u00e9er un <b>prolongement de la salle \u00e0 manger \u00e0 l\u2019ext\u00e9rieur.<\/b><\/p>\n<p>Avec une\u00a0<strong>pergola avec toit inclin\u00e9<\/strong>, profiter de l&rsquo;ext\u00e9rieur n\u2019a jamais \u00e9t\u00e9 aussi simple. Vous pouvez aussi bien profiter de la chaleur des rayons du soleil que choisir de vous d\u00e9tendre sous la fra\u00eecheur d\u2019une ombre g\u00e9n\u00e9reuse. Le <strong>toit inclin\u00e9 et coulissant de ce type de pergola\u00a0<\/strong>permet de personnaliser et d\u2019ajuster l\u2019apport solaire en fonction de vos envies.<\/p>\n<p><b>Ouverture totale\u00a0ou partielle<\/b>, avec ou sans options, vous devenez le ma\u00eetre de votre ambiance lumineuse. Vous profitez ainsi de votre terrasse, jardin ou balcon quelles que soient les conditions m\u00e9t\u00e9os.<\/p>\n<h4>Caract\u00e9ristiques\u00a0:<\/h4>\n<ul>\n<li style=\"text-align: left;\">Toit en pente<\/li>\n<li style=\"text-align: left;\">Coulissement horizontal du store \u00e0 empaqu\u00e8tement<\/li>\n<li style=\"text-align: left;\">Structure l\u00e9g\u00e8re et essentielle<\/li>\n<\/ul>\n<p>De plus notre tr\u00e8s large gamme de <strong>pergola toit en pente <\/strong>permet \u00e0 tous les amateurs d\u2019ombre et de tranquillit\u00e9 de trouver le produit qui leur correspond. Couleurs, textures, avec ou sans motifs, \u00e0 vous de choisir le style qui vous convient. \u00a0KE propose la solution la plus adapt\u00e9e \u00e0 votre maison.. Le projet est r\u00e9alis\u00e9 exactement selon votre demande :<\/p>\n<p>D\u00e9tails stylistiques\u00a0 \u00a0 \/\u00a0 \u00a0 \u00a0 Inclinaison de la pergola\u00a0 \u00a0 \u00a0 \u00a0 \u00a0\/\u00a0 \u00a0 \u00a0 \u00a0 \u00a0Choix du tissus en fonction du style de votre maison.<\/p>\n<p><a href=\"\/?page_id=4551\"><em>GENNIUS VEGA<\/em><\/a>, par exemple, b\u00e9n\u00e9ficie d\u2019une multitude d\u2019options\u00a0: profils essentiels et des pieds r\u00e9glables, peut \u00eatre <b>totalement ferm\u00e9e<\/b>, particularit\u00e9 innovante de pouvoir <b>ins\u00e9rer un profil de lumi\u00e8re<\/b> dans le p\u00e9rim\u00e8tre ext\u00e9rieur du montant. M\u00eame la nuit, votre pergola racontera toute sa beaut\u00e9 et deviendra un v\u00e9ritable meuble pour la fa\u00e7ade de la maison.<\/p>\n<p>&nbsp;<\/p>\n<p>D\u00e9couvrez nos 8 mod\u00e8les de pergolas au style et design \u00e9l\u00e9gant et choisissez celui qui r\u00e9pondra \u00e0 votre besoin de recouvrement.<\/p>\n","protected":false},"excerpt":{"rendered":"<p>Vous souhaitez cr\u00e9er un espace de vie ext\u00e9rieur convivial et communiquant avec votre salle \u00e0 manger? Les pergolas inclin\u00e9es adoss\u00e9es&hellip;<\/p>\n","protected":false},"author":10608,"featured_media":15337,"parent":4547,"menu_order":15,"comment_status":"closed","ping_status":"closed","template":"page-templates\/category-products.php","meta":{"_acf_changed":false,"footnotes":""},"class_list":["post-4549","page","type-page","status-publish","has-post-thumbnail","hentry"],"acf":[],"yoast_head":"<!-- This site is optimized with the Yoast SEO Premium plugin v20.12 (Yoast SEO v27.3) - https:\/\/yoast.com\/product\/yoast-seo-premium-wordpress\/ -->\n<title>Pergolas Toit en Pente - KE Outdoor Design<\/title>\n<meta name=\"description\" content=\"Agrandissez votre salon sur l&#039;ext\u00e9rieur gr\u00e2ce \u00e0 une pergola toit en pente adoss\u00e9e au mur. Profitez de moment de farniente en plein air.\" \/>\n<meta name=\"robots\" content=\"index, follow, max-snippet:-1, max-image-preview:large, max-video-preview:-1\" \/>\n<link rel=\"canonical\" href=\"https:\/\/www.keoutdoordesign.com\/fr-fr\/pergolas-gennius\/pergola-a-membrane-incline\/\" \/>\n<meta property=\"og:locale\" content=\"fr_FR\" \/>\n<meta property=\"og:type\" content=\"article\" \/>\n<meta property=\"og:title\" content=\"Pergolas toit en pente\" \/>\n<meta property=\"og:description\" content=\"Agrandissez votre salon sur l&#039;ext\u00e9rieur gr\u00e2ce \u00e0 une pergola toit en pente adoss\u00e9e au mur. Profitez de moment de farniente en plein air.\" \/>\n<meta property=\"og:url\" content=\"https:\/\/www.keoutdoordesign.com\/fr-fr\/pergolas-gennius\/pergola-a-membrane-incline\/\" \/>\n<meta property=\"og:site_name\" content=\"KE Outdoor Design\" \/>\n<meta property=\"article:publisher\" content=\"https:\/\/www.facebook.com\/keoutdoordesign.us\" \/>\n<meta property=\"article:modified_time\" content=\"2023-08-01T06:25:02+00:00\" \/>\n<meta property=\"og:image\" content=\"https:\/\/www.keoutdoordesign.com\/wp-content\/uploads\/2019\/09\/Vega.jpg\" \/>\n\t<meta property=\"og:image:width\" content=\"2048\" \/>\n\t<meta property=\"og:image:height\" content=\"1080\" \/>\n\t<meta property=\"og:image:type\" content=\"image\/jpeg\" \/>\n<meta name=\"twitter:card\" content=\"summary_large_image\" \/>\n<meta name=\"twitter:site\" content=\"@keoutdoordesign\" \/>\n<script type=\"application\/ld+json\" class=\"yoast-schema-graph\">{\"@context\":\"https:\\\/\\\/schema.org\",\"@graph\":[{\"@type\":\"WebPage\",\"@id\":\"https:\\\/\\\/www.keoutdoordesign.com\\\/fr-fr\\\/pergolas-gennius\\\/pergola-a-membrane-incline\\\/\",\"url\":\"https:\\\/\\\/www.keoutdoordesign.com\\\/fr-fr\\\/pergolas-gennius\\\/pergola-a-membrane-incline\\\/\",\"name\":\"Pergolas Toit en Pente - KE Outdoor Design\",\"isPartOf\":{\"@id\":\"https:\\\/\\\/www.keoutdoordesign.com\\\/it-it\\\/#website\"},\"primaryImageOfPage\":{\"@id\":\"https:\\\/\\\/www.keoutdoordesign.com\\\/fr-fr\\\/pergolas-gennius\\\/pergola-a-membrane-incline\\\/#primaryimage\"},\"image\":{\"@id\":\"https:\\\/\\\/www.keoutdoordesign.com\\\/fr-fr\\\/pergolas-gennius\\\/pergola-a-membrane-incline\\\/#primaryimage\"},\"thumbnailUrl\":\"https:\\\/\\\/www.keoutdoordesign.com\\\/wp-content\\\/uploads\\\/2019\\\/09\\\/Vega.jpg\",\"datePublished\":\"2019-06-07T08:45:41+00:00\",\"dateModified\":\"2023-08-01T06:25:02+00:00\",\"description\":\"Agrandissez votre salon sur l'ext\u00e9rieur gr\u00e2ce \u00e0 une pergola toit en pente adoss\u00e9e au mur. Profitez de moment de farniente en plein air.\",\"breadcrumb\":{\"@id\":\"https:\\\/\\\/www.keoutdoordesign.com\\\/fr-fr\\\/pergolas-gennius\\\/pergola-a-membrane-incline\\\/#breadcrumb\"},\"inLanguage\":\"fr-FR\",\"potentialAction\":[{\"@type\":\"ReadAction\",\"target\":[\"https:\\\/\\\/www.keoutdoordesign.com\\\/fr-fr\\\/pergolas-gennius\\\/pergola-a-membrane-incline\\\/\"]}]},{\"@type\":\"ImageObject\",\"inLanguage\":\"fr-FR\",\"@id\":\"https:\\\/\\\/www.keoutdoordesign.com\\\/fr-fr\\\/pergolas-gennius\\\/pergola-a-membrane-incline\\\/#primaryimage\",\"url\":\"https:\\\/\\\/www.keoutdoordesign.com\\\/wp-content\\\/uploads\\\/2019\\\/09\\\/Vega.jpg\",\"contentUrl\":\"https:\\\/\\\/www.keoutdoordesign.com\\\/wp-content\\\/uploads\\\/2019\\\/09\\\/Vega.jpg\",\"width\":2048,\"height\":1080,\"caption\":\"aluminium-pergolas-with-retractable-roof-gennius-vega-ke-us-outdoor-design\"},{\"@type\":\"BreadcrumbList\",\"@id\":\"https:\\\/\\\/www.keoutdoordesign.com\\\/fr-fr\\\/pergolas-gennius\\\/pergola-a-membrane-incline\\\/#breadcrumb\",\"itemListElement\":[{\"@type\":\"ListItem\",\"position\":1,\"name\":\"Home\",\"item\":\"https:\\\/\\\/www.keoutdoordesign.com\\\/fr-fr\\\/\"},{\"@type\":\"ListItem\",\"position\":2,\"name\":\"Pergolas sur mesure\",\"item\":\"https:\\\/\\\/www.keoutdoordesign.com\\\/fr-fr\\\/pergolas-gennius\\\/\"},{\"@type\":\"ListItem\",\"position\":3,\"name\":\"Pergolas toit en pente\"}]},{\"@type\":\"WebSite\",\"@id\":\"https:\\\/\\\/www.keoutdoordesign.com\\\/it-it\\\/#website\",\"url\":\"https:\\\/\\\/www.keoutdoordesign.com\\\/it-it\\\/\",\"name\":\"KE Outdoor Design\",\"description\":\"Un nuovo sito targato WordPress\",\"publisher\":{\"@id\":\"https:\\\/\\\/www.keoutdoordesign.com\\\/it-it\\\/#organization\"},\"potentialAction\":[{\"@type\":\"SearchAction\",\"target\":{\"@type\":\"EntryPoint\",\"urlTemplate\":\"https:\\\/\\\/www.keoutdoordesign.com\\\/it-it\\\/?s={search_term_string}\"},\"query-input\":{\"@type\":\"PropertyValueSpecification\",\"valueRequired\":true,\"valueName\":\"search_term_string\"}}],\"inLanguage\":\"fr-FR\"},{\"@type\":\"Organization\",\"@id\":\"https:\\\/\\\/www.keoutdoordesign.com\\\/it-it\\\/#organization\",\"name\":\"KE Outdoor Design\",\"url\":\"https:\\\/\\\/www.keoutdoordesign.com\\\/it-it\\\/\",\"logo\":{\"@type\":\"ImageObject\",\"inLanguage\":\"fr-FR\",\"@id\":\"https:\\\/\\\/www.keoutdoordesign.com\\\/it-it\\\/#\\\/schema\\\/logo\\\/image\\\/\",\"url\":\"https:\\\/\\\/www.keoutdoordesign.com\\\/wp-content\\\/uploads\\\/2020\\\/02\\\/KE-logo-Primary-e1591282842174.jpg\",\"contentUrl\":\"https:\\\/\\\/www.keoutdoordesign.com\\\/wp-content\\\/uploads\\\/2020\\\/02\\\/KE-logo-Primary-e1591282842174.jpg\",\"width\":500,\"height\":396,\"caption\":\"KE Outdoor Design\"},\"image\":{\"@id\":\"https:\\\/\\\/www.keoutdoordesign.com\\\/it-it\\\/#\\\/schema\\\/logo\\\/image\\\/\"},\"sameAs\":[\"https:\\\/\\\/www.facebook.com\\\/keoutdoordesign.us\",\"https:\\\/\\\/x.com\\\/keoutdoordesign\",\"https:\\\/\\\/www.facebook.com\\\/keoutdoordesign\",\"https:\\\/\\\/www.youtube.com\\\/channel\\\/UCSoMQryJpLqD53bAoZLg2Vg\",\"https:\\\/\\\/www.pinterest.it\\\/keoutdoordesign\\\/\",\"https:\\\/\\\/www.instagram.com\\\/keoutdoordesign\\\/\",\"https:\\\/\\\/www.linkedin.com\\\/company\\\/ke-outdoor-design\\\/\"]}]}<\/script>\n<!-- \/ Yoast SEO Premium plugin. -->","yoast_head_json":{"title":"Pergolas Toit en Pente - KE Outdoor Design","description":"Agrandissez votre salon sur l'ext\u00e9rieur gr\u00e2ce \u00e0 une pergola toit en pente adoss\u00e9e au mur. Profitez de moment de farniente en plein air.","robots":{"index":"index","follow":"follow","max-snippet":"max-snippet:-1","max-image-preview":"max-image-preview:large","max-video-preview":"max-video-preview:-1"},"canonical":"https:\/\/www.keoutdoordesign.com\/fr-fr\/pergolas-gennius\/pergola-a-membrane-incline\/","og_locale":"fr_FR","og_type":"article","og_title":"Pergolas toit en pente","og_description":"Agrandissez votre salon sur l'ext\u00e9rieur gr\u00e2ce \u00e0 une pergola toit en pente adoss\u00e9e au mur. Profitez de moment de farniente en plein air.","og_url":"https:\/\/www.keoutdoordesign.com\/fr-fr\/pergolas-gennius\/pergola-a-membrane-incline\/","og_site_name":"KE Outdoor Design","article_publisher":"https:\/\/www.facebook.com\/keoutdoordesign.us","article_modified_time":"2023-08-01T06:25:02+00:00","og_image":[{"width":2048,"height":1080,"url":"https:\/\/www.keoutdoordesign.com\/wp-content\/uploads\/2019\/09\/Vega.jpg","type":"image\/jpeg"}],"twitter_card":"summary_large_image","twitter_site":"@keoutdoordesign","schema":{"@context":"https:\/\/schema.org","@graph":[{"@type":"WebPage","@id":"https:\/\/www.keoutdoordesign.com\/fr-fr\/pergolas-gennius\/pergola-a-membrane-incline\/","url":"https:\/\/www.keoutdoordesign.com\/fr-fr\/pergolas-gennius\/pergola-a-membrane-incline\/","name":"Pergolas Toit en Pente - KE Outdoor Design","isPartOf":{"@id":"https:\/\/www.keoutdoordesign.com\/it-it\/#website"},"primaryImageOfPage":{"@id":"https:\/\/www.keoutdoordesign.com\/fr-fr\/pergolas-gennius\/pergola-a-membrane-incline\/#primaryimage"},"image":{"@id":"https:\/\/www.keoutdoordesign.com\/fr-fr\/pergolas-gennius\/pergola-a-membrane-incline\/#primaryimage"},"thumbnailUrl":"https:\/\/www.keoutdoordesign.com\/wp-content\/uploads\/2019\/09\/Vega.jpg","datePublished":"2019-06-07T08:45:41+00:00","dateModified":"2023-08-01T06:25:02+00:00","description":"Agrandissez votre salon sur l'ext\u00e9rieur gr\u00e2ce \u00e0 une pergola toit en pente adoss\u00e9e au mur. Profitez de moment de farniente en plein air.","breadcrumb":{"@id":"https:\/\/www.keoutdoordesign.com\/fr-fr\/pergolas-gennius\/pergola-a-membrane-incline\/#breadcrumb"},"inLanguage":"fr-FR","potentialAction":[{"@type":"ReadAction","target":["https:\/\/www.keoutdoordesign.com\/fr-fr\/pergolas-gennius\/pergola-a-membrane-incline\/"]}]},{"@type":"ImageObject","inLanguage":"fr-FR","@id":"https:\/\/www.keoutdoordesign.com\/fr-fr\/pergolas-gennius\/pergola-a-membrane-incline\/#primaryimage","url":"https:\/\/www.keoutdoordesign.com\/wp-content\/uploads\/2019\/09\/Vega.jpg","contentUrl":"https:\/\/www.keoutdoordesign.com\/wp-content\/uploads\/2019\/09\/Vega.jpg","width":2048,"height":1080,"caption":"aluminium-pergolas-with-retractable-roof-gennius-vega-ke-us-outdoor-design"},{"@type":"BreadcrumbList","@id":"https:\/\/www.keoutdoordesign.com\/fr-fr\/pergolas-gennius\/pergola-a-membrane-incline\/#breadcrumb","itemListElement":[{"@type":"ListItem","position":1,"name":"Home","item":"https:\/\/www.keoutdoordesign.com\/fr-fr\/"},{"@type":"ListItem","position":2,"name":"Pergolas sur mesure","item":"https:\/\/www.keoutdoordesign.com\/fr-fr\/pergolas-gennius\/"},{"@type":"ListItem","position":3,"name":"Pergolas toit en pente"}]},{"@type":"WebSite","@id":"https:\/\/www.keoutdoordesign.com\/it-it\/#website","url":"https:\/\/www.keoutdoordesign.com\/it-it\/","name":"KE Outdoor Design","description":"Un nuovo sito targato WordPress","publisher":{"@id":"https:\/\/www.keoutdoordesign.com\/it-it\/#organization"},"potentialAction":[{"@type":"SearchAction","target":{"@type":"EntryPoint","urlTemplate":"https:\/\/www.keoutdoordesign.com\/it-it\/?s={search_term_string}"},"query-input":{"@type":"PropertyValueSpecification","valueRequired":true,"valueName":"search_term_string"}}],"inLanguage":"fr-FR"},{"@type":"Organization","@id":"https:\/\/www.keoutdoordesign.com\/it-it\/#organization","name":"KE Outdoor Design","url":"https:\/\/www.keoutdoordesign.com\/it-it\/","logo":{"@type":"ImageObject","inLanguage":"fr-FR","@id":"https:\/\/www.keoutdoordesign.com\/it-it\/#\/schema\/logo\/image\/","url":"https:\/\/www.keoutdoordesign.com\/wp-content\/uploads\/2020\/02\/KE-logo-Primary-e1591282842174.jpg","contentUrl":"https:\/\/www.keoutdoordesign.com\/wp-content\/uploads\/2020\/02\/KE-logo-Primary-e1591282842174.jpg","width":500,"height":396,"caption":"KE Outdoor Design"},"image":{"@id":"https:\/\/www.keoutdoordesign.com\/it-it\/#\/schema\/logo\/image\/"},"sameAs":["https:\/\/www.facebook.com\/keoutdoordesign.us","https:\/\/x.com\/keoutdoordesign","https:\/\/www.facebook.com\/keoutdoordesign","https:\/\/www.youtube.com\/channel\/UCSoMQryJpLqD53bAoZLg2Vg","https:\/\/www.pinterest.it\/keoutdoordesign\/","https:\/\/www.instagram.com\/keoutdoordesign\/","https:\/\/www.linkedin.com\/company\/ke-outdoor-design\/"]}]}},"_links":{"self":[{"href":"https:\/\/www.keoutdoordesign.com\/fr-fr\/wp-json\/wp\/v2\/pages\/4549","targetHints":{"allow":["GET"]}}],"collection":[{"href":"https:\/\/www.keoutdoordesign.com\/fr-fr\/wp-json\/wp\/v2\/pages"}],"about":[{"href":"https:\/\/www.keoutdoordesign.com\/fr-fr\/wp-json\/wp\/v2\/types\/page"}],"author":[{"embeddable":true,"href":"https:\/\/www.keoutdoordesign.com\/fr-fr\/wp-json\/wp\/v2\/users\/10608"}],"replies":[{"embeddable":true,"href":"https:\/\/www.keoutdoordesign.com\/fr-fr\/wp-json\/wp\/v2\/comments?post=4549"}],"version-history":[{"count":10,"href":"https:\/\/www.keoutdoordesign.com\/fr-fr\/wp-json\/wp\/v2\/pages\/4549\/revisions"}],"predecessor-version":[{"id":53886,"href":"https:\/\/www.keoutdoordesign.com\/fr-fr\/wp-json\/wp\/v2\/pages\/4549\/revisions\/53886"}],"up":[{"embeddable":true,"href":"https:\/\/www.keoutdoordesign.com\/fr-fr\/wp-json\/wp\/v2\/pages\/4547"}],"wp:featuredmedia":[{"embeddable":true,"href":"https:\/\/www.keoutdoordesign.com\/fr-fr\/wp-json\/wp\/v2\/media\/15337"}],"wp:attachment":[{"href":"https:\/\/www.keoutdoordesign.com\/fr-fr\/wp-json\/wp\/v2\/media?parent=4549"}],"curies":[{"name":"wp","href":"https:\/\/api.w.org\/{rel}","templated":true}]}}