{"id":4547,"date":"2019-06-07T10:43:59","date_gmt":"2019-06-07T08:43:59","guid":{"rendered":"http:\/\/ke.localhost.it\/?page_id=4547"},"modified":"2023-10-06T11:02:46","modified_gmt":"2023-10-06T09:02:46","slug":"pergolas-gennius","status":"publish","type":"page","link":"https:\/\/www.keoutdoordesign.com\/fr-fr\/pergolas-gennius\/","title":{"rendered":"Pergolas sur mesure"},"content":{"rendered":"<p>Vous souhaitez prolonger l\u2019entr\u00e9e de votre baie-vitr\u00e9e avec un espace couvert ext\u00e9rieur ou en cr\u00e9er un ind\u00e9pendant de la maison dans le jardin ?<\/p>\n<p>D\u00e9couvrez nos stores ext\u00e9rieurs <strong>pergolas sur mesure Gennius de KE au design minimaliste et raffin\u00e9<\/strong>. Ils sont la solution id\u00e9ale pour faire de vos ext\u00e9rieurs des espaces agr\u00e9ables et confortables dont vous pourrez profiter \u00e0 tout moment.<\/p>\n<p>Que ce soit pour un jardin ou une terrasse, pour le bord d\u2019une piscine ou pour un parc s\u00e9culaire, une belle\u00a0<strong>pergola sur mesure en aluminium<\/strong>\u00a0vous fera d\u00e9couvrir un nouveau mode de vie outdoor. Nous vous proposons pour cela des solutions personnalis\u00e9es, en accord avec les tendances\u00a0<b>les plus innovantes<\/b>\u00a0de l\u2019architecture contemporaine.<\/p>\n<p>Issus d\u2019un ambitieux travail de recherche et de d\u00e9veloppement technique et stylistique, nos\u00a0<b>stores \u00e0 toile r\u00e9tractable<\/b>\u00a0pour les pergolas cr\u00e9ent de nouveaux espaces de bien-\u00eatre\u00a0:<\/p>\n<ul>\n<li style=\"text-align: left;\">Espace rattach\u00e9 \u00e0 la maison ouvert sur l\u2019ext\u00e9rieur<\/li>\n<li style=\"text-align: left;\">Espace ind\u00e9pendant de la maison ouvert ou totalement ferm\u00e9<\/li>\n<li style=\"text-align: left;\">Couverture pour votre terrasse<\/li>\n<\/ul>\n<p>Parmi ces pergolas,<a href=\"\/?page_id=4585\"><em> XTESA<\/em><\/a>, une pergola avec un tissu d&rsquo;enroulement au lieu d&rsquo;un emballage, qui convient pour \u00eatre install\u00e9e m\u00eame dans des environnements architecturaux extr\u00eames; ou encore <a href=\"\/?page_id=4589\"><em>KEDRY<\/em><\/a>, le premier toit lamellaire \u00e9tanche, con\u00e7u pour couvrir tout type d\u2019ext\u00e9rieur. La gamme GENNIUS, un syst\u00e8me modulaire complet de protection solaire combinant charme et \u00e9l\u00e9gance, technologie et fiabilit\u00e9, exprime une nouvelle fa\u00e7on de profiter du plein air avec style et bien-\u00eatre.<\/p>\n<p>Vous pouvez choisir de cr\u00e9er une <b>structure autoportante ou appuy\u00e9e contre le mur <\/b>sans avoir besoin de piliers de soutien.<\/p>\n<p>Toutes nos pergolas sont r\u00e9sistantes au vent.<\/p>\n","protected":false},"excerpt":{"rendered":"<p>Vous souhaitez prolonger l\u2019entr\u00e9e de votre baie-vitr\u00e9e avec un espace couvert ext\u00e9rieur ou en cr\u00e9er un ind\u00e9pendant de la maison&hellip;<\/p>\n","protected":false},"author":10608,"featured_media":1732,"parent":0,"menu_order":45,"comment_status":"closed","ping_status":"closed","template":"page-templates\/category-subcategories.php","meta":{"_acf_changed":false,"footnotes":""},"class_list":["post-4547","page","type-page","status-publish","has-post-thumbnail","hentry"],"acf":[],"yoast_head":"<!-- This site is optimized with the Yoast SEO Premium plugin v20.12 (Yoast SEO v27.0) - https:\/\/yoast.com\/product\/yoast-seo-premium-wordpress\/ -->\n<title>Pergolas sur mesure -<\/title>\n<meta name=\"description\" content=\"Optez pour une pergola sur mesure en aluminium au design pur et \u00e9l\u00e9gant. Ainsi cr\u00e9ez un espace totalement ind\u00e9pendant, ouvert sur l&#039;ext\u00e9rieur ou ferm\u00e9.\" \/>\n<meta name=\"robots\" content=\"index, follow, max-snippet:-1, max-image-preview:large, max-video-preview:-1\" \/>\n<link rel=\"canonical\" href=\"https:\/\/www.keoutdoordesign.com\/fr-fr\/pergolas-gennius\/\" \/>\n<meta property=\"og:locale\" content=\"fr_FR\" \/>\n<meta property=\"og:type\" content=\"article\" \/>\n<meta property=\"og:title\" content=\"Pergolas sur mesure\" \/>\n<meta property=\"og:description\" content=\"Optez pour une pergola sur mesure en aluminium au design pur et \u00e9l\u00e9gant. Ainsi cr\u00e9ez un espace totalement ind\u00e9pendant, ouvert sur l&#039;ext\u00e9rieur ou ferm\u00e9.\" \/>\n<meta property=\"og:url\" content=\"https:\/\/www.keoutdoordesign.com\/fr-fr\/pergolas-gennius\/\" \/>\n<meta property=\"og:site_name\" content=\"KE Outdoor Design\" \/>\n<meta property=\"article:publisher\" content=\"https:\/\/www.facebook.com\/keoutdoordesign.us\" \/>\n<meta property=\"article:modified_time\" content=\"2023-10-06T09:02:46+00:00\" \/>\n<meta property=\"og:image\" content=\"https:\/\/www.keoutdoordesign.com\/wp-content\/uploads\/2019\/04\/KE-Kedry-Prime-Bibbona-2.jpg\" \/>\n\t<meta property=\"og:image:width\" content=\"2000\" \/>\n\t<meta property=\"og:image:height\" content=\"1500\" \/>\n\t<meta property=\"og:image:type\" content=\"image\/jpeg\" \/>\n<meta name=\"twitter:card\" content=\"summary_large_image\" \/>\n<meta name=\"twitter:site\" content=\"@keoutdoordesign\" \/>\n<script type=\"application\/ld+json\" class=\"yoast-schema-graph\">{\"@context\":\"https:\/\/schema.org\",\"@graph\":[{\"@type\":\"WebPage\",\"@id\":\"https:\/\/www.keoutdoordesign.com\/fr-fr\/pergolas-gennius\/\",\"url\":\"https:\/\/www.keoutdoordesign.com\/fr-fr\/pergolas-gennius\/\",\"name\":\"Pergolas sur mesure -\",\"isPartOf\":{\"@id\":\"https:\/\/www.keoutdoordesign.com\/it-it\/#website\"},\"primaryImageOfPage\":{\"@id\":\"https:\/\/www.keoutdoordesign.com\/fr-fr\/pergolas-gennius\/#primaryimage\"},\"image\":{\"@id\":\"https:\/\/www.keoutdoordesign.com\/fr-fr\/pergolas-gennius\/#primaryimage\"},\"thumbnailUrl\":\"https:\/\/www.keoutdoordesign.com\/wp-content\/uploads\/2019\/04\/KE-Kedry-Prime-Bibbona-2.jpg\",\"datePublished\":\"2019-06-07T08:43:59+00:00\",\"dateModified\":\"2023-10-06T09:02:46+00:00\",\"description\":\"Optez pour une pergola sur mesure en aluminium au design pur et \u00e9l\u00e9gant. Ainsi cr\u00e9ez un espace totalement ind\u00e9pendant, ouvert sur l'ext\u00e9rieur ou ferm\u00e9.\",\"breadcrumb\":{\"@id\":\"https:\/\/www.keoutdoordesign.com\/fr-fr\/pergolas-gennius\/#breadcrumb\"},\"inLanguage\":\"fr-FR\",\"potentialAction\":[{\"@type\":\"ReadAction\",\"target\":[\"https:\/\/www.keoutdoordesign.com\/fr-fr\/pergolas-gennius\/\"]}]},{\"@type\":\"ImageObject\",\"inLanguage\":\"fr-FR\",\"@id\":\"https:\/\/www.keoutdoordesign.com\/fr-fr\/pergolas-gennius\/#primaryimage\",\"url\":\"https:\/\/www.keoutdoordesign.com\/wp-content\/uploads\/2019\/04\/KE-Kedry-Prime-Bibbona-2.jpg\",\"contentUrl\":\"https:\/\/www.keoutdoordesign.com\/wp-content\/uploads\/2019\/04\/KE-Kedry-Prime-Bibbona-2.jpg\",\"width\":2000,\"height\":1500,\"caption\":\"pergole in alluminio per esterno\"},{\"@type\":\"BreadcrumbList\",\"@id\":\"https:\/\/www.keoutdoordesign.com\/fr-fr\/pergolas-gennius\/#breadcrumb\",\"itemListElement\":[{\"@type\":\"ListItem\",\"position\":1,\"name\":\"Home\",\"item\":\"https:\/\/www.keoutdoordesign.com\/fr-fr\/\"},{\"@type\":\"ListItem\",\"position\":2,\"name\":\"Pergolas sur mesure\"}]},{\"@type\":\"WebSite\",\"@id\":\"https:\/\/www.keoutdoordesign.com\/it-it\/#website\",\"url\":\"https:\/\/www.keoutdoordesign.com\/it-it\/\",\"name\":\"KE Outdoor Design\",\"description\":\"Un nuovo sito targato WordPress\",\"publisher\":{\"@id\":\"https:\/\/www.keoutdoordesign.com\/it-it\/#organization\"},\"potentialAction\":[{\"@type\":\"SearchAction\",\"target\":{\"@type\":\"EntryPoint\",\"urlTemplate\":\"https:\/\/www.keoutdoordesign.com\/it-it\/?s={search_term_string}\"},\"query-input\":{\"@type\":\"PropertyValueSpecification\",\"valueRequired\":true,\"valueName\":\"search_term_string\"}}],\"inLanguage\":\"fr-FR\"},{\"@type\":\"Organization\",\"@id\":\"https:\/\/www.keoutdoordesign.com\/it-it\/#organization\",\"name\":\"KE Outdoor Design\",\"url\":\"https:\/\/www.keoutdoordesign.com\/it-it\/\",\"logo\":{\"@type\":\"ImageObject\",\"inLanguage\":\"fr-FR\",\"@id\":\"https:\/\/www.keoutdoordesign.com\/it-it\/#\/schema\/logo\/image\/\",\"url\":\"https:\/\/www.keoutdoordesign.com\/wp-content\/uploads\/2020\/02\/KE-logo-Primary-e1591282842174.jpg\",\"contentUrl\":\"https:\/\/www.keoutdoordesign.com\/wp-content\/uploads\/2020\/02\/KE-logo-Primary-e1591282842174.jpg\",\"width\":500,\"height\":396,\"caption\":\"KE Outdoor Design\"},\"image\":{\"@id\":\"https:\/\/www.keoutdoordesign.com\/it-it\/#\/schema\/logo\/image\/\"},\"sameAs\":[\"https:\/\/www.facebook.com\/keoutdoordesign.us\",\"https:\/\/x.com\/keoutdoordesign\",\"https:\/\/www.facebook.com\/keoutdoordesign\",\"https:\/\/www.youtube.com\/channel\/UCSoMQryJpLqD53bAoZLg2Vg\",\"https:\/\/www.pinterest.it\/keoutdoordesign\/\",\"https:\/\/www.instagram.com\/keoutdoordesign\/\",\"https:\/\/www.linkedin.com\/company\/ke-outdoor-design\/\"]}]}<\/script>\n<!-- \/ Yoast SEO Premium plugin. -->","yoast_head_json":{"title":"Pergolas sur mesure -","description":"Optez pour une pergola sur mesure en aluminium au design pur et \u00e9l\u00e9gant. Ainsi cr\u00e9ez un espace totalement ind\u00e9pendant, ouvert sur l'ext\u00e9rieur ou ferm\u00e9.","robots":{"index":"index","follow":"follow","max-snippet":"max-snippet:-1","max-image-preview":"max-image-preview:large","max-video-preview":"max-video-preview:-1"},"canonical":"https:\/\/www.keoutdoordesign.com\/fr-fr\/pergolas-gennius\/","og_locale":"fr_FR","og_type":"article","og_title":"Pergolas sur mesure","og_description":"Optez pour une pergola sur mesure en aluminium au design pur et \u00e9l\u00e9gant. Ainsi cr\u00e9ez un espace totalement ind\u00e9pendant, ouvert sur l'ext\u00e9rieur ou ferm\u00e9.","og_url":"https:\/\/www.keoutdoordesign.com\/fr-fr\/pergolas-gennius\/","og_site_name":"KE Outdoor Design","article_publisher":"https:\/\/www.facebook.com\/keoutdoordesign.us","article_modified_time":"2023-10-06T09:02:46+00:00","og_image":[{"width":2000,"height":1500,"url":"https:\/\/www.keoutdoordesign.com\/wp-content\/uploads\/2019\/04\/KE-Kedry-Prime-Bibbona-2.jpg","type":"image\/jpeg"}],"twitter_card":"summary_large_image","twitter_site":"@keoutdoordesign","schema":{"@context":"https:\/\/schema.org","@graph":[{"@type":"WebPage","@id":"https:\/\/www.keoutdoordesign.com\/fr-fr\/pergolas-gennius\/","url":"https:\/\/www.keoutdoordesign.com\/fr-fr\/pergolas-gennius\/","name":"Pergolas sur mesure -","isPartOf":{"@id":"https:\/\/www.keoutdoordesign.com\/it-it\/#website"},"primaryImageOfPage":{"@id":"https:\/\/www.keoutdoordesign.com\/fr-fr\/pergolas-gennius\/#primaryimage"},"image":{"@id":"https:\/\/www.keoutdoordesign.com\/fr-fr\/pergolas-gennius\/#primaryimage"},"thumbnailUrl":"https:\/\/www.keoutdoordesign.com\/wp-content\/uploads\/2019\/04\/KE-Kedry-Prime-Bibbona-2.jpg","datePublished":"2019-06-07T08:43:59+00:00","dateModified":"2023-10-06T09:02:46+00:00","description":"Optez pour une pergola sur mesure en aluminium au design pur et \u00e9l\u00e9gant. Ainsi cr\u00e9ez un espace totalement ind\u00e9pendant, ouvert sur l'ext\u00e9rieur ou ferm\u00e9.","breadcrumb":{"@id":"https:\/\/www.keoutdoordesign.com\/fr-fr\/pergolas-gennius\/#breadcrumb"},"inLanguage":"fr-FR","potentialAction":[{"@type":"ReadAction","target":["https:\/\/www.keoutdoordesign.com\/fr-fr\/pergolas-gennius\/"]}]},{"@type":"ImageObject","inLanguage":"fr-FR","@id":"https:\/\/www.keoutdoordesign.com\/fr-fr\/pergolas-gennius\/#primaryimage","url":"https:\/\/www.keoutdoordesign.com\/wp-content\/uploads\/2019\/04\/KE-Kedry-Prime-Bibbona-2.jpg","contentUrl":"https:\/\/www.keoutdoordesign.com\/wp-content\/uploads\/2019\/04\/KE-Kedry-Prime-Bibbona-2.jpg","width":2000,"height":1500,"caption":"pergole in alluminio per esterno"},{"@type":"BreadcrumbList","@id":"https:\/\/www.keoutdoordesign.com\/fr-fr\/pergolas-gennius\/#breadcrumb","itemListElement":[{"@type":"ListItem","position":1,"name":"Home","item":"https:\/\/www.keoutdoordesign.com\/fr-fr\/"},{"@type":"ListItem","position":2,"name":"Pergolas sur mesure"}]},{"@type":"WebSite","@id":"https:\/\/www.keoutdoordesign.com\/it-it\/#website","url":"https:\/\/www.keoutdoordesign.com\/it-it\/","name":"KE Outdoor Design","description":"Un nuovo sito targato WordPress","publisher":{"@id":"https:\/\/www.keoutdoordesign.com\/it-it\/#organization"},"potentialAction":[{"@type":"SearchAction","target":{"@type":"EntryPoint","urlTemplate":"https:\/\/www.keoutdoordesign.com\/it-it\/?s={search_term_string}"},"query-input":{"@type":"PropertyValueSpecification","valueRequired":true,"valueName":"search_term_string"}}],"inLanguage":"fr-FR"},{"@type":"Organization","@id":"https:\/\/www.keoutdoordesign.com\/it-it\/#organization","name":"KE Outdoor Design","url":"https:\/\/www.keoutdoordesign.com\/it-it\/","logo":{"@type":"ImageObject","inLanguage":"fr-FR","@id":"https:\/\/www.keoutdoordesign.com\/it-it\/#\/schema\/logo\/image\/","url":"https:\/\/www.keoutdoordesign.com\/wp-content\/uploads\/2020\/02\/KE-logo-Primary-e1591282842174.jpg","contentUrl":"https:\/\/www.keoutdoordesign.com\/wp-content\/uploads\/2020\/02\/KE-logo-Primary-e1591282842174.jpg","width":500,"height":396,"caption":"KE Outdoor Design"},"image":{"@id":"https:\/\/www.keoutdoordesign.com\/it-it\/#\/schema\/logo\/image\/"},"sameAs":["https:\/\/www.facebook.com\/keoutdoordesign.us","https:\/\/x.com\/keoutdoordesign","https:\/\/www.facebook.com\/keoutdoordesign","https:\/\/www.youtube.com\/channel\/UCSoMQryJpLqD53bAoZLg2Vg","https:\/\/www.pinterest.it\/keoutdoordesign\/","https:\/\/www.instagram.com\/keoutdoordesign\/","https:\/\/www.linkedin.com\/company\/ke-outdoor-design\/"]}]}},"_links":{"self":[{"href":"https:\/\/www.keoutdoordesign.com\/fr-fr\/wp-json\/wp\/v2\/pages\/4547","targetHints":{"allow":["GET"]}}],"collection":[{"href":"https:\/\/www.keoutdoordesign.com\/fr-fr\/wp-json\/wp\/v2\/pages"}],"about":[{"href":"https:\/\/www.keoutdoordesign.com\/fr-fr\/wp-json\/wp\/v2\/types\/page"}],"author":[{"embeddable":true,"href":"https:\/\/www.keoutdoordesign.com\/fr-fr\/wp-json\/wp\/v2\/users\/10608"}],"replies":[{"embeddable":true,"href":"https:\/\/www.keoutdoordesign.com\/fr-fr\/wp-json\/wp\/v2\/comments?post=4547"}],"version-history":[{"count":14,"href":"https:\/\/www.keoutdoordesign.com\/fr-fr\/wp-json\/wp\/v2\/pages\/4547\/revisions"}],"predecessor-version":[{"id":63362,"href":"https:\/\/www.keoutdoordesign.com\/fr-fr\/wp-json\/wp\/v2\/pages\/4547\/revisions\/63362"}],"wp:featuredmedia":[{"embeddable":true,"href":"https:\/\/www.keoutdoordesign.com\/fr-fr\/wp-json\/wp\/v2\/media\/1732"}],"wp:attachment":[{"href":"https:\/\/www.keoutdoordesign.com\/fr-fr\/wp-json\/wp\/v2\/media?parent=4547"}],"curies":[{"name":"wp","href":"https:\/\/api.w.org\/{rel}","templated":true}]}}