{"id":3843,"date":"2019-05-30T11:19:46","date_gmt":"2019-05-30T09:19:46","guid":{"rendered":"http:\/\/ke.localhost.it\/?page_id=3843"},"modified":"2025-06-10T15:57:27","modified_gmt":"2025-06-10T13:57:27","slug":"notre-identite","status":"publish","type":"page","link":"https:\/\/www.keoutdoordesign.com\/fr-fr\/entreprise\/notre-identite\/","title":{"rendered":"Notre identit\u00e9"},"content":{"rendered":"<p>Appartenant d\u00e9sormais au groupe FrontYard, <strong>KE<\/strong> est une r\u00e9f\u00e9rence dans le domaine de la conception et de la production de solutions <strong>d&rsquo;am\u00e9nagement ext\u00e9rieur et de protection solaire<\/strong>. Une \u00e9volution importante pour un groupe international qui r\u00e9unit d\u00e9sormais trois r\u00e9alit\u00e9s fortement reconnaissables sous une m\u00eame identit\u00e9\u00a0:<strong><a href=\"https:\/\/www.batgroup.com\/\"> BAT<\/a>, KE<\/strong> <strong>et<\/strong> <a href=\"https:\/\/www.giuliobarbieri.it\/fr\/\"><strong>Giulio Barbieri<\/strong><\/a>. Trois noms diff\u00e9rents mais compl\u00e9mentaires, unis par une vision commune et un h\u00e9ritage partag\u00e9 d&rsquo;innovation, de qualit\u00e9 et de design.<\/p>\n<p>Notre savoir-faire est profond\u00e9ment li\u00e9 au <strong>Made in Italy<\/strong>, non seulement en tant que label g\u00e9ographique, mais aussi en tant qu&rsquo;expression d&rsquo;une v\u00e9ritable philosophie de fabrication\u00a0: artisanat, recherche continue, exp\u00e9rimentation technique et esth\u00e9tique. Tous les produits KE sont con\u00e7us, dessin\u00e9s et fabriqu\u00e9s en Italie pour offrir des solutions fiables, durables et \u00e9l\u00e9gantes.<\/p>\n<p>Nous produisons avec passion des bioclimatiques, des voiles d\u2019ombrages, des rideaux \u00e0 bras, \u00e0 caisson et \u00e0 chute, des capotes et des installations sp\u00e9ciales pour des couvertures sur mesure. Nos solutions s\u2019adaptent parfaitement tant aux espaces priv\u00e9s et commerciaux tels que les bars, les restaurants, les h\u00f4tels et les magasins, <strong>dans plus de 70 pays \u00e0 travers le monde.<\/strong><\/p>\n<p>En qualit\u00e9 de KE, nous nous adressons aux designers, aux architectes, aux fabricants de fen\u00eatres et de portes, aux tapissiers et aux professionnels de l&rsquo;am\u00e9nagement ext\u00e9rieur en leur pr\u00e9sentant des propositions originales et durables, con\u00e7ues pour r\u00e9pondre aux exigences les plus complexes.<\/p>\n<p>Dans un march\u00e9 en constante \u00e9volution, nous nous distinguons par notre capacit\u00e9 \u00e0 anticiper les tendances et \u00e0 proposer des solutions polyvalentes, fonctionnelles et esth\u00e9tiquement \u00e9volu\u00e9es. Notre gamme est vaste et flexible, afin d&rsquo;interpr\u00e9ter au mieux tout espace ext\u00e9rieur et de contribuer \u00e0 sa r\u00e9novation contemporaine.<\/p>\n","protected":false},"excerpt":{"rendered":"<p>Appartenant d\u00e9sormais au groupe FrontYard, KE est une r\u00e9f\u00e9rence dans le domaine de la conception et de la production de&hellip;<\/p>\n","protected":false},"author":10608,"featured_media":0,"parent":3833,"menu_order":34,"comment_status":"closed","ping_status":"closed","template":"","meta":{"_acf_changed":false,"footnotes":""},"class_list":["post-3843","page","type-page","status-publish","hentry"],"acf":[],"yoast_head":"<!-- This site is optimized with the Yoast SEO Premium plugin v20.12 (Yoast SEO v27.3) - https:\/\/yoast.com\/product\/yoast-seo-premium-wordpress\/ -->\n<title>Notre identit\u00e9 -<\/title>\n<meta name=\"description\" content=\"Identit\u00e9 KE :Appartenant au groupe BAT depuis plus de 30 ans,leader dans la production de composants et de syst\u00e8mes de protection solaire.\" \/>\n<meta name=\"robots\" content=\"index, follow, max-snippet:-1, max-image-preview:large, max-video-preview:-1\" \/>\n<link rel=\"canonical\" href=\"https:\/\/www.keoutdoordesign.com\/fr-fr\/entreprise\/notre-identite\/\" \/>\n<meta property=\"og:locale\" content=\"fr_FR\" \/>\n<meta property=\"og:type\" content=\"article\" \/>\n<meta property=\"og:title\" content=\"Notre identit\u00e9\" \/>\n<meta property=\"og:description\" content=\"Identit\u00e9 KE :Appartenant au groupe BAT depuis plus de 30 ans,leader dans la production de composants et de syst\u00e8mes de protection solaire.\" \/>\n<meta property=\"og:url\" content=\"https:\/\/www.keoutdoordesign.com\/fr-fr\/entreprise\/notre-identite\/\" \/>\n<meta property=\"og:site_name\" content=\"KE Outdoor Design\" \/>\n<meta property=\"article:publisher\" content=\"https:\/\/www.facebook.com\/keoutdoordesign.us\" \/>\n<meta property=\"article:modified_time\" content=\"2025-06-10T13:57:27+00:00\" \/>\n<meta property=\"og:image\" content=\"https:\/\/www.keoutdoordesign.com\/wp-content\/uploads\/2022\/06\/ke_logo.png\" \/>\n\t<meta property=\"og:image:width\" content=\"1260\" \/>\n\t<meta property=\"og:image:height\" content=\"630\" \/>\n\t<meta property=\"og:image:type\" content=\"image\/png\" \/>\n<meta name=\"twitter:card\" content=\"summary_large_image\" \/>\n<meta name=\"twitter:site\" content=\"@keoutdoordesign\" \/>\n<script type=\"application\/ld+json\" class=\"yoast-schema-graph\">{\"@context\":\"https:\\\/\\\/schema.org\",\"@graph\":[{\"@type\":\"WebPage\",\"@id\":\"https:\\\/\\\/www.keoutdoordesign.com\\\/fr-fr\\\/entreprise\\\/notre-identite\\\/\",\"url\":\"https:\\\/\\\/www.keoutdoordesign.com\\\/fr-fr\\\/entreprise\\\/notre-identite\\\/\",\"name\":\"Notre identit\u00e9 -\",\"isPartOf\":{\"@id\":\"https:\\\/\\\/www.keoutdoordesign.com\\\/it-it\\\/#website\"},\"datePublished\":\"2019-05-30T09:19:46+00:00\",\"dateModified\":\"2025-06-10T13:57:27+00:00\",\"description\":\"Identit\u00e9 KE :Appartenant au groupe BAT depuis plus de 30 ans,leader dans la production de composants et de syst\u00e8mes de protection solaire.\",\"breadcrumb\":{\"@id\":\"https:\\\/\\\/www.keoutdoordesign.com\\\/fr-fr\\\/entreprise\\\/notre-identite\\\/#breadcrumb\"},\"inLanguage\":\"fr-FR\",\"potentialAction\":[{\"@type\":\"ReadAction\",\"target\":[\"https:\\\/\\\/www.keoutdoordesign.com\\\/fr-fr\\\/entreprise\\\/notre-identite\\\/\"]}]},{\"@type\":\"BreadcrumbList\",\"@id\":\"https:\\\/\\\/www.keoutdoordesign.com\\\/fr-fr\\\/entreprise\\\/notre-identite\\\/#breadcrumb\",\"itemListElement\":[{\"@type\":\"ListItem\",\"position\":1,\"name\":\"Home\",\"item\":\"https:\\\/\\\/www.keoutdoordesign.com\\\/fr-fr\\\/\"},{\"@type\":\"ListItem\",\"position\":2,\"name\":\"Entreprise\",\"item\":\"https:\\\/\\\/www.keoutdoordesign.com\\\/fr-fr\\\/entreprise\\\/\"},{\"@type\":\"ListItem\",\"position\":3,\"name\":\"Notre identit\u00e9\"}]},{\"@type\":\"WebSite\",\"@id\":\"https:\\\/\\\/www.keoutdoordesign.com\\\/it-it\\\/#website\",\"url\":\"https:\\\/\\\/www.keoutdoordesign.com\\\/it-it\\\/\",\"name\":\"KE Outdoor Design\",\"description\":\"Un nuovo sito targato WordPress\",\"publisher\":{\"@id\":\"https:\\\/\\\/www.keoutdoordesign.com\\\/it-it\\\/#organization\"},\"potentialAction\":[{\"@type\":\"SearchAction\",\"target\":{\"@type\":\"EntryPoint\",\"urlTemplate\":\"https:\\\/\\\/www.keoutdoordesign.com\\\/it-it\\\/?s={search_term_string}\"},\"query-input\":{\"@type\":\"PropertyValueSpecification\",\"valueRequired\":true,\"valueName\":\"search_term_string\"}}],\"inLanguage\":\"fr-FR\"},{\"@type\":\"Organization\",\"@id\":\"https:\\\/\\\/www.keoutdoordesign.com\\\/it-it\\\/#organization\",\"name\":\"KE Outdoor Design\",\"url\":\"https:\\\/\\\/www.keoutdoordesign.com\\\/it-it\\\/\",\"logo\":{\"@type\":\"ImageObject\",\"inLanguage\":\"fr-FR\",\"@id\":\"https:\\\/\\\/www.keoutdoordesign.com\\\/it-it\\\/#\\\/schema\\\/logo\\\/image\\\/\",\"url\":\"https:\\\/\\\/www.keoutdoordesign.com\\\/wp-content\\\/uploads\\\/2020\\\/02\\\/KE-logo-Primary-e1591282842174.jpg\",\"contentUrl\":\"https:\\\/\\\/www.keoutdoordesign.com\\\/wp-content\\\/uploads\\\/2020\\\/02\\\/KE-logo-Primary-e1591282842174.jpg\",\"width\":500,\"height\":396,\"caption\":\"KE Outdoor Design\"},\"image\":{\"@id\":\"https:\\\/\\\/www.keoutdoordesign.com\\\/it-it\\\/#\\\/schema\\\/logo\\\/image\\\/\"},\"sameAs\":[\"https:\\\/\\\/www.facebook.com\\\/keoutdoordesign.us\",\"https:\\\/\\\/x.com\\\/keoutdoordesign\",\"https:\\\/\\\/www.facebook.com\\\/keoutdoordesign\",\"https:\\\/\\\/www.youtube.com\\\/channel\\\/UCSoMQryJpLqD53bAoZLg2Vg\",\"https:\\\/\\\/www.pinterest.it\\\/keoutdoordesign\\\/\",\"https:\\\/\\\/www.instagram.com\\\/keoutdoordesign\\\/\",\"https:\\\/\\\/www.linkedin.com\\\/company\\\/ke-outdoor-design\\\/\"]}]}<\/script>\n<!-- \/ Yoast SEO Premium plugin. -->","yoast_head_json":{"title":"Notre identit\u00e9 -","description":"Identit\u00e9 KE :Appartenant au groupe BAT depuis plus de 30 ans,leader dans la production de composants et de syst\u00e8mes de protection solaire.","robots":{"index":"index","follow":"follow","max-snippet":"max-snippet:-1","max-image-preview":"max-image-preview:large","max-video-preview":"max-video-preview:-1"},"canonical":"https:\/\/www.keoutdoordesign.com\/fr-fr\/entreprise\/notre-identite\/","og_locale":"fr_FR","og_type":"article","og_title":"Notre identit\u00e9","og_description":"Identit\u00e9 KE :Appartenant au groupe BAT depuis plus de 30 ans,leader dans la production de composants et de syst\u00e8mes de protection solaire.","og_url":"https:\/\/www.keoutdoordesign.com\/fr-fr\/entreprise\/notre-identite\/","og_site_name":"KE Outdoor Design","article_publisher":"https:\/\/www.facebook.com\/keoutdoordesign.us","article_modified_time":"2025-06-10T13:57:27+00:00","og_image":[{"width":1260,"height":630,"url":"https:\/\/www.keoutdoordesign.com\/wp-content\/uploads\/2022\/06\/ke_logo.png","type":"image\/png"}],"twitter_card":"summary_large_image","twitter_site":"@keoutdoordesign","schema":{"@context":"https:\/\/schema.org","@graph":[{"@type":"WebPage","@id":"https:\/\/www.keoutdoordesign.com\/fr-fr\/entreprise\/notre-identite\/","url":"https:\/\/www.keoutdoordesign.com\/fr-fr\/entreprise\/notre-identite\/","name":"Notre identit\u00e9 -","isPartOf":{"@id":"https:\/\/www.keoutdoordesign.com\/it-it\/#website"},"datePublished":"2019-05-30T09:19:46+00:00","dateModified":"2025-06-10T13:57:27+00:00","description":"Identit\u00e9 KE :Appartenant au groupe BAT depuis plus de 30 ans,leader dans la production de composants et de syst\u00e8mes de protection solaire.","breadcrumb":{"@id":"https:\/\/www.keoutdoordesign.com\/fr-fr\/entreprise\/notre-identite\/#breadcrumb"},"inLanguage":"fr-FR","potentialAction":[{"@type":"ReadAction","target":["https:\/\/www.keoutdoordesign.com\/fr-fr\/entreprise\/notre-identite\/"]}]},{"@type":"BreadcrumbList","@id":"https:\/\/www.keoutdoordesign.com\/fr-fr\/entreprise\/notre-identite\/#breadcrumb","itemListElement":[{"@type":"ListItem","position":1,"name":"Home","item":"https:\/\/www.keoutdoordesign.com\/fr-fr\/"},{"@type":"ListItem","position":2,"name":"Entreprise","item":"https:\/\/www.keoutdoordesign.com\/fr-fr\/entreprise\/"},{"@type":"ListItem","position":3,"name":"Notre identit\u00e9"}]},{"@type":"WebSite","@id":"https:\/\/www.keoutdoordesign.com\/it-it\/#website","url":"https:\/\/www.keoutdoordesign.com\/it-it\/","name":"KE Outdoor Design","description":"Un nuovo sito targato WordPress","publisher":{"@id":"https:\/\/www.keoutdoordesign.com\/it-it\/#organization"},"potentialAction":[{"@type":"SearchAction","target":{"@type":"EntryPoint","urlTemplate":"https:\/\/www.keoutdoordesign.com\/it-it\/?s={search_term_string}"},"query-input":{"@type":"PropertyValueSpecification","valueRequired":true,"valueName":"search_term_string"}}],"inLanguage":"fr-FR"},{"@type":"Organization","@id":"https:\/\/www.keoutdoordesign.com\/it-it\/#organization","name":"KE Outdoor Design","url":"https:\/\/www.keoutdoordesign.com\/it-it\/","logo":{"@type":"ImageObject","inLanguage":"fr-FR","@id":"https:\/\/www.keoutdoordesign.com\/it-it\/#\/schema\/logo\/image\/","url":"https:\/\/www.keoutdoordesign.com\/wp-content\/uploads\/2020\/02\/KE-logo-Primary-e1591282842174.jpg","contentUrl":"https:\/\/www.keoutdoordesign.com\/wp-content\/uploads\/2020\/02\/KE-logo-Primary-e1591282842174.jpg","width":500,"height":396,"caption":"KE Outdoor Design"},"image":{"@id":"https:\/\/www.keoutdoordesign.com\/it-it\/#\/schema\/logo\/image\/"},"sameAs":["https:\/\/www.facebook.com\/keoutdoordesign.us","https:\/\/x.com\/keoutdoordesign","https:\/\/www.facebook.com\/keoutdoordesign","https:\/\/www.youtube.com\/channel\/UCSoMQryJpLqD53bAoZLg2Vg","https:\/\/www.pinterest.it\/keoutdoordesign\/","https:\/\/www.instagram.com\/keoutdoordesign\/","https:\/\/www.linkedin.com\/company\/ke-outdoor-design\/"]}]}},"_links":{"self":[{"href":"https:\/\/www.keoutdoordesign.com\/fr-fr\/wp-json\/wp\/v2\/pages\/3843","targetHints":{"allow":["GET"]}}],"collection":[{"href":"https:\/\/www.keoutdoordesign.com\/fr-fr\/wp-json\/wp\/v2\/pages"}],"about":[{"href":"https:\/\/www.keoutdoordesign.com\/fr-fr\/wp-json\/wp\/v2\/types\/page"}],"author":[{"embeddable":true,"href":"https:\/\/www.keoutdoordesign.com\/fr-fr\/wp-json\/wp\/v2\/users\/10608"}],"replies":[{"embeddable":true,"href":"https:\/\/www.keoutdoordesign.com\/fr-fr\/wp-json\/wp\/v2\/comments?post=3843"}],"version-history":[{"count":10,"href":"https:\/\/www.keoutdoordesign.com\/fr-fr\/wp-json\/wp\/v2\/pages\/3843\/revisions"}],"predecessor-version":[{"id":109697,"href":"https:\/\/www.keoutdoordesign.com\/fr-fr\/wp-json\/wp\/v2\/pages\/3843\/revisions\/109697"}],"up":[{"embeddable":true,"href":"https:\/\/www.keoutdoordesign.com\/fr-fr\/wp-json\/wp\/v2\/pages\/3833"}],"wp:attachment":[{"href":"https:\/\/www.keoutdoordesign.com\/fr-fr\/wp-json\/wp\/v2\/media?parent=3843"}],"curies":[{"name":"wp","href":"https:\/\/api.w.org\/{rel}","templated":true}]}}