{"id":3273,"date":"2019-05-28T15:16:02","date_gmt":"2019-05-28T13:16:02","guid":{"rendered":"http:\/\/ke.localhost.it\/?page_id=3273"},"modified":"2022-06-28T14:35:42","modified_gmt":"2022-06-28T12:35:42","slug":"ke-le-bon-choix","status":"publish","type":"page","link":"https:\/\/www.keoutdoordesign.com\/fr-fr\/ke-le-bon-choix\/","title":{"rendered":"KE &#8211; Le bon choix"},"content":{"rendered":"<p>KE FRANCE est une entreprise de conception de protections ext\u00e9rieures qui vise \u00e0 r\u00e9pondre aux besoins de chaque client, m\u00eame particuliers. <strong>Votre satisfaction est notre priorit\u00e9\u00a0! <\/strong><\/p>\n<p>Et pour se faire nous r\u00e9alisons un produit <b>100% sur mesure <\/b>con\u00e7u par rapport \u00e0 vos attentes et d\u2019une qualit\u00e9 imparable. Nous assurons la qualit\u00e9 de notre produit par sa totale fabrication dans nos locaux. <strong>Made in France garantie !<\/strong><\/p>\n<ul>\n<li>Recherche et D\u00e9veloppement<\/li>\n<li>Design (Italien)<\/li>\n<li>Conception<\/li>\n<li>Acheminement jusqu\u2019\u00e0 nos installateurs<\/li>\n<\/ul>\n<p>Nous croyons en l&rsquo;innovation et investissons constamment dans des id\u00e9es cr\u00e9atives. Nous \u00e9tudions l&rsquo;ing\u00e9nierie de nos produits pour le rendre meilleur :<\/p>\n<ul>\n<li>Design unique<\/li>\n<li>Fonctionnalit\u00e9s modernes<\/li>\n<li>Performances \u00e9nerg\u00e9tiques sup\u00e9rieures<\/li>\n<li>Respect de l\u2019environnement<\/li>\n<\/ul>\n<p>Nous vous proposons des syst\u00e8mes de protection solaire haut de gamme. C&rsquo;est pourquoi nous avons d\u00e9velopp\u00e9 des <strong>brevets exclusifs et certifi\u00e9 nos syst\u00e8mes de production<\/strong>. Ils constituent le patrimoine de notre soci\u00e9t\u00e9 dont nous sommes tr\u00e8s fiers.<\/p>\n<p>Nos <strong>stores<\/strong>, <strong>pergolas et protections solaires KE<\/strong> sont con\u00e7us dans un dialogue permanent entre nos clients et nos \u00e9quipes :<\/p>\n<ul>\n<li>formes architecturales<\/li>\n<li>go\u00fbts personnels<\/li>\n<li>besoins fonctionnels<\/li>\n<\/ul>\n<p>Notre studio de conception et de d\u00e9veloppement est engag\u00e9 dans une recherche constante afin d&rsquo;am\u00e9liorer chaque type d&rsquo;espace ext\u00e9rieur.<\/p>\n<p>Nos mat\u00e9riaux, nos m\u00e9canismes et nos processus de production\u00a0<strong>sont certifi\u00e9s par les organismes les plus rigoureux.<\/strong><\/p>\n<ul>\n<li>Respect des normes CE EN 13561 et EN 1090 en mati\u00e8re de qualit\u00e9 et de s\u00e9curit\u00e9.<\/li>\n<li>Certification pour notre syst\u00e8me de gestion, de qualit\u00e9 et de s\u00e9curit\u00e9.<\/li>\n<\/ul>\n<p>Une recherche constante de l&rsquo;innovation et une approche coop\u00e9rative avec nos partenaires et collaborateurs qui compl\u00e8tent notre id\u00e9e de l&rsquo;entreprise. Nous souhaitons aussi collaborer \u00e9troitement avec nos clients afin de cr\u00e9er des produits qui soient en accord avec leurs besoins et leurs d\u00e9sirs. Nous voulons partager l&rsquo;esprit cr\u00e9atif des professionnels avec lesquels nous travaillons, pour obtenir et <strong>diffuser des produits des plus qualitatifs<\/strong>. Faire conna\u00eetre le meilleur de la qualit\u00e9 <strong>MADE IN France<\/strong>, tel est notre but.<\/p>\n<p>&nbsp;<\/p>\n<p>&nbsp;<\/p>\n<h5>\u00a0\u00a0\u00a0\u00a0\u00a0 Voil\u00e0 pourquoi choisir KE, c&rsquo;est faire le bon choix.<\/h5>\n<p>&nbsp;<\/p>\n","protected":false},"excerpt":{"rendered":"<p>KE FRANCE est une entreprise de conception de protections ext\u00e9rieures qui vise \u00e0 r\u00e9pondre aux besoins de chaque client, m\u00eame&hellip;<\/p>\n","protected":false},"author":10608,"featured_media":108197,"parent":0,"menu_order":32,"comment_status":"closed","ping_status":"closed","template":"page-templates\/right-choice.php","meta":{"_acf_changed":false,"footnotes":""},"class_list":["post-3273","page","type-page","status-publish","has-post-thumbnail","hentry"],"acf":[],"yoast_head":"<!-- This site is optimized with the Yoast SEO Premium plugin v20.12 (Yoast SEO v27.3) - https:\/\/yoast.com\/product\/yoast-seo-premium-wordpress\/ -->\n<title>KE - Le bon choix - KE Outdoor Design<\/title>\n<meta name=\"description\" content=\"Entreprise de conception de protections ext\u00e9rieures qui vise \u00e0 r\u00e9pondre aux besoins de chaque client, m\u00eame particuliers\" \/>\n<meta name=\"robots\" content=\"index, follow, max-snippet:-1, max-image-preview:large, max-video-preview:-1\" \/>\n<link rel=\"canonical\" href=\"https:\/\/www.keoutdoordesign.com\/fr-fr\/ke-le-bon-choix\/\" \/>\n<meta property=\"og:locale\" content=\"fr_FR\" \/>\n<meta property=\"og:type\" content=\"article\" \/>\n<meta property=\"og:title\" content=\"KE - Le bon choix\" \/>\n<meta property=\"og:description\" content=\"Entreprise de conception de protections ext\u00e9rieures qui vise \u00e0 r\u00e9pondre aux besoins de chaque client, m\u00eame particuliers\" \/>\n<meta property=\"og:url\" content=\"https:\/\/www.keoutdoordesign.com\/fr-fr\/ke-le-bon-choix\/\" \/>\n<meta property=\"og:site_name\" content=\"KE Outdoor Design\" \/>\n<meta property=\"article:publisher\" content=\"https:\/\/www.facebook.com\/keoutdoordesign.us\" \/>\n<meta property=\"article:modified_time\" content=\"2022-06-28T12:35:42+00:00\" \/>\n<meta property=\"og:image\" content=\"https:\/\/www.keoutdoordesign.com\/wp-content\/uploads\/2022\/06\/ke_logo.png\" \/>\n\t<meta property=\"og:image:width\" content=\"1260\" \/>\n\t<meta property=\"og:image:height\" content=\"630\" \/>\n\t<meta property=\"og:image:type\" content=\"image\/png\" \/>\n<meta name=\"twitter:card\" content=\"summary_large_image\" \/>\n<meta name=\"twitter:site\" content=\"@keoutdoordesign\" \/>\n<script type=\"application\/ld+json\" class=\"yoast-schema-graph\">{\"@context\":\"https:\\\/\\\/schema.org\",\"@graph\":[{\"@type\":\"WebPage\",\"@id\":\"https:\\\/\\\/www.keoutdoordesign.com\\\/fr-fr\\\/ke-le-bon-choix\\\/\",\"url\":\"https:\\\/\\\/www.keoutdoordesign.com\\\/fr-fr\\\/ke-le-bon-choix\\\/\",\"name\":\"KE - Le bon choix - KE Outdoor Design\",\"isPartOf\":{\"@id\":\"https:\\\/\\\/www.keoutdoordesign.com\\\/it-it\\\/#website\"},\"primaryImageOfPage\":{\"@id\":\"https:\\\/\\\/www.keoutdoordesign.com\\\/fr-fr\\\/ke-le-bon-choix\\\/#primaryimage\"},\"image\":{\"@id\":\"https:\\\/\\\/www.keoutdoordesign.com\\\/fr-fr\\\/ke-le-bon-choix\\\/#primaryimage\"},\"thumbnailUrl\":\"https:\\\/\\\/www.keoutdoordesign.com\\\/wp-content\\\/uploads\\\/2025\\\/04\\\/Pergola-val_d_illiez11.jpg\",\"datePublished\":\"2019-05-28T13:16:02+00:00\",\"dateModified\":\"2022-06-28T12:35:42+00:00\",\"description\":\"Entreprise de conception de protections ext\u00e9rieures qui vise \u00e0 r\u00e9pondre aux besoins de chaque client, m\u00eame particuliers\",\"breadcrumb\":{\"@id\":\"https:\\\/\\\/www.keoutdoordesign.com\\\/fr-fr\\\/ke-le-bon-choix\\\/#breadcrumb\"},\"inLanguage\":\"fr-FR\",\"potentialAction\":[{\"@type\":\"ReadAction\",\"target\":[\"https:\\\/\\\/www.keoutdoordesign.com\\\/fr-fr\\\/ke-le-bon-choix\\\/\"]}]},{\"@type\":\"ImageObject\",\"inLanguage\":\"fr-FR\",\"@id\":\"https:\\\/\\\/www.keoutdoordesign.com\\\/fr-fr\\\/ke-le-bon-choix\\\/#primaryimage\",\"url\":\"https:\\\/\\\/www.keoutdoordesign.com\\\/wp-content\\\/uploads\\\/2025\\\/04\\\/Pergola-val_d_illiez11.jpg\",\"contentUrl\":\"https:\\\/\\\/www.keoutdoordesign.com\\\/wp-content\\\/uploads\\\/2025\\\/04\\\/Pergola-val_d_illiez11.jpg\",\"width\":480,\"height\":320,\"caption\":\"A pergola extends off the back of a house with a beautiful outdoor seating area\"},{\"@type\":\"BreadcrumbList\",\"@id\":\"https:\\\/\\\/www.keoutdoordesign.com\\\/fr-fr\\\/ke-le-bon-choix\\\/#breadcrumb\",\"itemListElement\":[{\"@type\":\"ListItem\",\"position\":1,\"name\":\"Home\",\"item\":\"https:\\\/\\\/www.keoutdoordesign.com\\\/fr-fr\\\/\"},{\"@type\":\"ListItem\",\"position\":2,\"name\":\"KE &#8211; Le bon choix\"}]},{\"@type\":\"WebSite\",\"@id\":\"https:\\\/\\\/www.keoutdoordesign.com\\\/it-it\\\/#website\",\"url\":\"https:\\\/\\\/www.keoutdoordesign.com\\\/it-it\\\/\",\"name\":\"KE Outdoor Design\",\"description\":\"Un nuovo sito targato WordPress\",\"publisher\":{\"@id\":\"https:\\\/\\\/www.keoutdoordesign.com\\\/it-it\\\/#organization\"},\"potentialAction\":[{\"@type\":\"SearchAction\",\"target\":{\"@type\":\"EntryPoint\",\"urlTemplate\":\"https:\\\/\\\/www.keoutdoordesign.com\\\/it-it\\\/?s={search_term_string}\"},\"query-input\":{\"@type\":\"PropertyValueSpecification\",\"valueRequired\":true,\"valueName\":\"search_term_string\"}}],\"inLanguage\":\"fr-FR\"},{\"@type\":\"Organization\",\"@id\":\"https:\\\/\\\/www.keoutdoordesign.com\\\/it-it\\\/#organization\",\"name\":\"KE Outdoor Design\",\"url\":\"https:\\\/\\\/www.keoutdoordesign.com\\\/it-it\\\/\",\"logo\":{\"@type\":\"ImageObject\",\"inLanguage\":\"fr-FR\",\"@id\":\"https:\\\/\\\/www.keoutdoordesign.com\\\/it-it\\\/#\\\/schema\\\/logo\\\/image\\\/\",\"url\":\"https:\\\/\\\/www.keoutdoordesign.com\\\/wp-content\\\/uploads\\\/2020\\\/02\\\/KE-logo-Primary-e1591282842174.jpg\",\"contentUrl\":\"https:\\\/\\\/www.keoutdoordesign.com\\\/wp-content\\\/uploads\\\/2020\\\/02\\\/KE-logo-Primary-e1591282842174.jpg\",\"width\":500,\"height\":396,\"caption\":\"KE Outdoor Design\"},\"image\":{\"@id\":\"https:\\\/\\\/www.keoutdoordesign.com\\\/it-it\\\/#\\\/schema\\\/logo\\\/image\\\/\"},\"sameAs\":[\"https:\\\/\\\/www.facebook.com\\\/keoutdoordesign.us\",\"https:\\\/\\\/x.com\\\/keoutdoordesign\",\"https:\\\/\\\/www.facebook.com\\\/keoutdoordesign\",\"https:\\\/\\\/www.youtube.com\\\/channel\\\/UCSoMQryJpLqD53bAoZLg2Vg\",\"https:\\\/\\\/www.pinterest.it\\\/keoutdoordesign\\\/\",\"https:\\\/\\\/www.instagram.com\\\/keoutdoordesign\\\/\",\"https:\\\/\\\/www.linkedin.com\\\/company\\\/ke-outdoor-design\\\/\"]}]}<\/script>\n<!-- \/ Yoast SEO Premium plugin. -->","yoast_head_json":{"title":"KE - Le bon choix - KE Outdoor Design","description":"Entreprise de conception de protections ext\u00e9rieures qui vise \u00e0 r\u00e9pondre aux besoins de chaque client, m\u00eame particuliers","robots":{"index":"index","follow":"follow","max-snippet":"max-snippet:-1","max-image-preview":"max-image-preview:large","max-video-preview":"max-video-preview:-1"},"canonical":"https:\/\/www.keoutdoordesign.com\/fr-fr\/ke-le-bon-choix\/","og_locale":"fr_FR","og_type":"article","og_title":"KE - Le bon choix","og_description":"Entreprise de conception de protections ext\u00e9rieures qui vise \u00e0 r\u00e9pondre aux besoins de chaque client, m\u00eame particuliers","og_url":"https:\/\/www.keoutdoordesign.com\/fr-fr\/ke-le-bon-choix\/","og_site_name":"KE Outdoor Design","article_publisher":"https:\/\/www.facebook.com\/keoutdoordesign.us","article_modified_time":"2022-06-28T12:35:42+00:00","og_image":[{"width":1260,"height":630,"url":"https:\/\/www.keoutdoordesign.com\/wp-content\/uploads\/2022\/06\/ke_logo.png","type":"image\/png"}],"twitter_card":"summary_large_image","twitter_site":"@keoutdoordesign","schema":{"@context":"https:\/\/schema.org","@graph":[{"@type":"WebPage","@id":"https:\/\/www.keoutdoordesign.com\/fr-fr\/ke-le-bon-choix\/","url":"https:\/\/www.keoutdoordesign.com\/fr-fr\/ke-le-bon-choix\/","name":"KE - Le bon choix - KE Outdoor Design","isPartOf":{"@id":"https:\/\/www.keoutdoordesign.com\/it-it\/#website"},"primaryImageOfPage":{"@id":"https:\/\/www.keoutdoordesign.com\/fr-fr\/ke-le-bon-choix\/#primaryimage"},"image":{"@id":"https:\/\/www.keoutdoordesign.com\/fr-fr\/ke-le-bon-choix\/#primaryimage"},"thumbnailUrl":"https:\/\/www.keoutdoordesign.com\/wp-content\/uploads\/2025\/04\/Pergola-val_d_illiez11.jpg","datePublished":"2019-05-28T13:16:02+00:00","dateModified":"2022-06-28T12:35:42+00:00","description":"Entreprise de conception de protections ext\u00e9rieures qui vise \u00e0 r\u00e9pondre aux besoins de chaque client, m\u00eame particuliers","breadcrumb":{"@id":"https:\/\/www.keoutdoordesign.com\/fr-fr\/ke-le-bon-choix\/#breadcrumb"},"inLanguage":"fr-FR","potentialAction":[{"@type":"ReadAction","target":["https:\/\/www.keoutdoordesign.com\/fr-fr\/ke-le-bon-choix\/"]}]},{"@type":"ImageObject","inLanguage":"fr-FR","@id":"https:\/\/www.keoutdoordesign.com\/fr-fr\/ke-le-bon-choix\/#primaryimage","url":"https:\/\/www.keoutdoordesign.com\/wp-content\/uploads\/2025\/04\/Pergola-val_d_illiez11.jpg","contentUrl":"https:\/\/www.keoutdoordesign.com\/wp-content\/uploads\/2025\/04\/Pergola-val_d_illiez11.jpg","width":480,"height":320,"caption":"A pergola extends off the back of a house with a beautiful outdoor seating area"},{"@type":"BreadcrumbList","@id":"https:\/\/www.keoutdoordesign.com\/fr-fr\/ke-le-bon-choix\/#breadcrumb","itemListElement":[{"@type":"ListItem","position":1,"name":"Home","item":"https:\/\/www.keoutdoordesign.com\/fr-fr\/"},{"@type":"ListItem","position":2,"name":"KE &#8211; Le bon choix"}]},{"@type":"WebSite","@id":"https:\/\/www.keoutdoordesign.com\/it-it\/#website","url":"https:\/\/www.keoutdoordesign.com\/it-it\/","name":"KE Outdoor Design","description":"Un nuovo sito targato WordPress","publisher":{"@id":"https:\/\/www.keoutdoordesign.com\/it-it\/#organization"},"potentialAction":[{"@type":"SearchAction","target":{"@type":"EntryPoint","urlTemplate":"https:\/\/www.keoutdoordesign.com\/it-it\/?s={search_term_string}"},"query-input":{"@type":"PropertyValueSpecification","valueRequired":true,"valueName":"search_term_string"}}],"inLanguage":"fr-FR"},{"@type":"Organization","@id":"https:\/\/www.keoutdoordesign.com\/it-it\/#organization","name":"KE Outdoor Design","url":"https:\/\/www.keoutdoordesign.com\/it-it\/","logo":{"@type":"ImageObject","inLanguage":"fr-FR","@id":"https:\/\/www.keoutdoordesign.com\/it-it\/#\/schema\/logo\/image\/","url":"https:\/\/www.keoutdoordesign.com\/wp-content\/uploads\/2020\/02\/KE-logo-Primary-e1591282842174.jpg","contentUrl":"https:\/\/www.keoutdoordesign.com\/wp-content\/uploads\/2020\/02\/KE-logo-Primary-e1591282842174.jpg","width":500,"height":396,"caption":"KE Outdoor Design"},"image":{"@id":"https:\/\/www.keoutdoordesign.com\/it-it\/#\/schema\/logo\/image\/"},"sameAs":["https:\/\/www.facebook.com\/keoutdoordesign.us","https:\/\/x.com\/keoutdoordesign","https:\/\/www.facebook.com\/keoutdoordesign","https:\/\/www.youtube.com\/channel\/UCSoMQryJpLqD53bAoZLg2Vg","https:\/\/www.pinterest.it\/keoutdoordesign\/","https:\/\/www.instagram.com\/keoutdoordesign\/","https:\/\/www.linkedin.com\/company\/ke-outdoor-design\/"]}]}},"_links":{"self":[{"href":"https:\/\/www.keoutdoordesign.com\/fr-fr\/wp-json\/wp\/v2\/pages\/3273","targetHints":{"allow":["GET"]}}],"collection":[{"href":"https:\/\/www.keoutdoordesign.com\/fr-fr\/wp-json\/wp\/v2\/pages"}],"about":[{"href":"https:\/\/www.keoutdoordesign.com\/fr-fr\/wp-json\/wp\/v2\/types\/page"}],"author":[{"embeddable":true,"href":"https:\/\/www.keoutdoordesign.com\/fr-fr\/wp-json\/wp\/v2\/users\/10608"}],"replies":[{"embeddable":true,"href":"https:\/\/www.keoutdoordesign.com\/fr-fr\/wp-json\/wp\/v2\/comments?post=3273"}],"version-history":[{"count":5,"href":"https:\/\/www.keoutdoordesign.com\/fr-fr\/wp-json\/wp\/v2\/pages\/3273\/revisions"}],"predecessor-version":[{"id":50720,"href":"https:\/\/www.keoutdoordesign.com\/fr-fr\/wp-json\/wp\/v2\/pages\/3273\/revisions\/50720"}],"wp:featuredmedia":[{"embeddable":true,"href":"https:\/\/www.keoutdoordesign.com\/fr-fr\/wp-json\/wp\/v2\/media\/108197"}],"wp:attachment":[{"href":"https:\/\/www.keoutdoordesign.com\/fr-fr\/wp-json\/wp\/v2\/media?parent=3273"}],"curies":[{"name":"wp","href":"https:\/\/api.w.org\/{rel}","templated":true}]}}