{"id":3271,"date":"2019-05-28T15:15:54","date_gmt":"2019-05-28T13:15:54","guid":{"rendered":"http:\/\/ke.localhost.it\/?page_id=3271"},"modified":"2023-08-01T11:31:56","modified_gmt":"2023-08-01T09:31:56","slug":"architectes","status":"publish","type":"page","link":"https:\/\/www.keoutdoordesign.com\/fr-fr\/ke-monde\/architectes\/","title":{"rendered":"Collaboration avec des Architectes"},"content":{"rendered":"<p>Que faisons-nous tous les jours\u00a0? Nous \u00e9tudions et augmentons la fonctionnalit\u00e9 de nos stores ou concevons avec soin toutes les caract\u00e9ristiques essentielles d&rsquo;une <strong>pergola sur-mesure<\/strong>. En essayant toujours d&rsquo;atteindre un double objectif : offrir un <strong>confort optimal<\/strong> \u00e0 ceux qui utilisent nos produits et simplifier la vie de ceux qui, avec nous, con\u00e7oivent et cr\u00e9ent ces \u00eelots d&rsquo;ombre et de bien-\u00eatre.<\/p>\n<p>Car tous nos<strong> stores, marquises,<\/strong> <strong>pergolas\u00a0 sont, en effet, cr\u00e9\u00e9s avec et pour des architectes<\/strong> et des designers. Gr\u00e2ce \u00e0 une gamme \u00e9tendue de produits, gr\u00e2ce \u00e0 la possibilit\u00e9 de personnaliser chaque d\u00e9tail et au large choix de tissus et de finitions, nous pouvons affirmer que tous nos produits sont vraiment fabriqu\u00e9s sur-mesure.<\/p>\n<p>D&rsquo;abord con\u00e7us dans notre esprit, les <strong>stores et pergolas KE<\/strong> deviennent r\u00e9alit\u00e9s gr\u00e2ce aux artistes vivants\u00a0: architectes, designers, paysagistes qui savent comment am\u00e9liorer et amplifier les possibilit\u00e9s cr\u00e9atives et fonctionnelles de nos produits. C&rsquo;est cette modularit\u00e9 de nos auvents et de nos pergolas<strong> qui permet la cr\u00e9ation d&rsquo;environnements harmonieux et innovants<\/strong>, en accord avec les tendances les plus actuelles en mati\u00e8re de design et d&rsquo;architecture durable.<\/p>\n<p>En outre, dans le but de renforcer la collaboration avec des architectes et des designers, KE Outdoor Design a choisi de faire partie de la plate-forme <strong>Syncronia<\/strong>, partageant une biblioth\u00e8que d&rsquo;environ 150 <strong>objets BIM param\u00e9triques<\/strong> (formats rfa, rvt et ifc), des <strong>mod\u00e8les 3D <\/strong>pour AutoCAD et 3DMax, des documents techniques et des catalogues.<\/p>\n<p><span class=\"tlid-translation translation\" lang=\"fr\"><span class=\"\" title=\"\">T\u00e9l\u00e9chargez des objets BIM et des mod\u00e8les 3D dans notre espace m\u00e9dia ou en cliquant <a href=\"\/?page_id=11618\">ici<\/a>.<\/span><\/span><\/p>\n","protected":false},"excerpt":{"rendered":"<p>Que faisons-nous tous les jours\u00a0? Nous \u00e9tudions et augmentons la fonctionnalit\u00e9 de nos stores ou concevons avec soin toutes les&hellip;<\/p>\n","protected":false},"author":10608,"featured_media":37385,"parent":5606,"menu_order":27,"comment_status":"closed","ping_status":"closed","template":"page-templates\/architects.php","meta":{"_acf_changed":false,"footnotes":""},"class_list":["post-3271","page","type-page","status-publish","has-post-thumbnail","hentry"],"acf":[],"yoast_head":"<!-- This site is optimized with the Yoast SEO Premium plugin v20.12 (Yoast SEO v27.3) - https:\/\/yoast.com\/product\/yoast-seo-premium-wordpress\/ -->\n<title>Collaboration avec des Architectes -<\/title>\n<meta name=\"description\" content=\"Une vraie collaboration entre les pro du design du secteur de la protection ext\u00e9rieur,vous et nous. But :cr\u00e9er des environnements harmonieux 100% sur mesure\" \/>\n<meta name=\"robots\" content=\"index, follow, max-snippet:-1, max-image-preview:large, max-video-preview:-1\" \/>\n<link rel=\"canonical\" href=\"https:\/\/www.keoutdoordesign.com\/fr-fr\/ke-monde\/architectes\/\" \/>\n<meta property=\"og:locale\" content=\"fr_FR\" \/>\n<meta property=\"og:type\" content=\"article\" \/>\n<meta property=\"og:title\" content=\"Collaboration avec des Architectes\" \/>\n<meta property=\"og:description\" content=\"Une vraie collaboration entre les pro du design du secteur de la protection ext\u00e9rieur,vous et nous. But :cr\u00e9er des environnements harmonieux 100% sur mesure\" \/>\n<meta property=\"og:url\" content=\"https:\/\/www.keoutdoordesign.com\/fr-fr\/ke-monde\/architectes\/\" \/>\n<meta property=\"og:site_name\" content=\"KE Outdoor Design\" \/>\n<meta property=\"article:publisher\" content=\"https:\/\/www.facebook.com\/keoutdoordesign.us\" \/>\n<meta property=\"article:modified_time\" content=\"2023-08-01T09:31:56+00:00\" \/>\n<meta property=\"og:image\" content=\"https:\/\/www.keoutdoordesign.com\/wp-content\/uploads\/2022\/06\/ke_logo.png\" \/>\n\t<meta property=\"og:image:width\" content=\"1260\" \/>\n\t<meta property=\"og:image:height\" content=\"630\" \/>\n\t<meta property=\"og:image:type\" content=\"image\/png\" \/>\n<meta name=\"twitter:card\" content=\"summary_large_image\" \/>\n<meta name=\"twitter:site\" content=\"@keoutdoordesign\" \/>\n<script type=\"application\/ld+json\" class=\"yoast-schema-graph\">{\"@context\":\"https:\\\/\\\/schema.org\",\"@graph\":[{\"@type\":\"WebPage\",\"@id\":\"https:\\\/\\\/www.keoutdoordesign.com\\\/fr-fr\\\/ke-monde\\\/architectes\\\/\",\"url\":\"https:\\\/\\\/www.keoutdoordesign.com\\\/fr-fr\\\/ke-monde\\\/architectes\\\/\",\"name\":\"Collaboration avec des Architectes -\",\"isPartOf\":{\"@id\":\"https:\\\/\\\/www.keoutdoordesign.com\\\/it-it\\\/#website\"},\"primaryImageOfPage\":{\"@id\":\"https:\\\/\\\/www.keoutdoordesign.com\\\/fr-fr\\\/ke-monde\\\/architectes\\\/#primaryimage\"},\"image\":{\"@id\":\"https:\\\/\\\/www.keoutdoordesign.com\\\/fr-fr\\\/ke-monde\\\/architectes\\\/#primaryimage\"},\"thumbnailUrl\":\"https:\\\/\\\/www.keoutdoordesign.com\\\/wp-content\\\/uploads\\\/2021\\\/06\\\/aluminium-louvered-pergola-ke-kedry-prime-1.jpg\",\"datePublished\":\"2019-05-28T13:15:54+00:00\",\"dateModified\":\"2023-08-01T09:31:56+00:00\",\"description\":\"Une vraie collaboration entre les pro du design du secteur de la protection ext\u00e9rieur,vous et nous. But :cr\u00e9er des environnements harmonieux 100% sur mesure\",\"breadcrumb\":{\"@id\":\"https:\\\/\\\/www.keoutdoordesign.com\\\/fr-fr\\\/ke-monde\\\/architectes\\\/#breadcrumb\"},\"inLanguage\":\"fr-FR\",\"potentialAction\":[{\"@type\":\"ReadAction\",\"target\":[\"https:\\\/\\\/www.keoutdoordesign.com\\\/fr-fr\\\/ke-monde\\\/architectes\\\/\"]}]},{\"@type\":\"ImageObject\",\"inLanguage\":\"fr-FR\",\"@id\":\"https:\\\/\\\/www.keoutdoordesign.com\\\/fr-fr\\\/ke-monde\\\/architectes\\\/#primaryimage\",\"url\":\"https:\\\/\\\/www.keoutdoordesign.com\\\/wp-content\\\/uploads\\\/2021\\\/06\\\/aluminium-louvered-pergola-ke-kedry-prime-1.jpg\",\"contentUrl\":\"https:\\\/\\\/www.keoutdoordesign.com\\\/wp-content\\\/uploads\\\/2021\\\/06\\\/aluminium-louvered-pergola-ke-kedry-prime-1.jpg\",\"width\":1200,\"height\":800,\"caption\":\"aluminium-louvered-pergola-ke-kedry-prime-1\"},{\"@type\":\"BreadcrumbList\",\"@id\":\"https:\\\/\\\/www.keoutdoordesign.com\\\/fr-fr\\\/ke-monde\\\/architectes\\\/#breadcrumb\",\"itemListElement\":[{\"@type\":\"ListItem\",\"position\":1,\"name\":\"Home\",\"item\":\"https:\\\/\\\/www.keoutdoordesign.com\\\/fr-fr\\\/\"},{\"@type\":\"ListItem\",\"position\":2,\"name\":\"KE Monde\",\"item\":\"https:\\\/\\\/www.keoutdoordesign.com\\\/fr-fr\\\/ke-monde\\\/\"},{\"@type\":\"ListItem\",\"position\":3,\"name\":\"Collaboration avec des Architectes\"}]},{\"@type\":\"WebSite\",\"@id\":\"https:\\\/\\\/www.keoutdoordesign.com\\\/it-it\\\/#website\",\"url\":\"https:\\\/\\\/www.keoutdoordesign.com\\\/it-it\\\/\",\"name\":\"KE Outdoor Design\",\"description\":\"Un nuovo sito targato WordPress\",\"publisher\":{\"@id\":\"https:\\\/\\\/www.keoutdoordesign.com\\\/it-it\\\/#organization\"},\"potentialAction\":[{\"@type\":\"SearchAction\",\"target\":{\"@type\":\"EntryPoint\",\"urlTemplate\":\"https:\\\/\\\/www.keoutdoordesign.com\\\/it-it\\\/?s={search_term_string}\"},\"query-input\":{\"@type\":\"PropertyValueSpecification\",\"valueRequired\":true,\"valueName\":\"search_term_string\"}}],\"inLanguage\":\"fr-FR\"},{\"@type\":\"Organization\",\"@id\":\"https:\\\/\\\/www.keoutdoordesign.com\\\/it-it\\\/#organization\",\"name\":\"KE Outdoor Design\",\"url\":\"https:\\\/\\\/www.keoutdoordesign.com\\\/it-it\\\/\",\"logo\":{\"@type\":\"ImageObject\",\"inLanguage\":\"fr-FR\",\"@id\":\"https:\\\/\\\/www.keoutdoordesign.com\\\/it-it\\\/#\\\/schema\\\/logo\\\/image\\\/\",\"url\":\"https:\\\/\\\/www.keoutdoordesign.com\\\/wp-content\\\/uploads\\\/2020\\\/02\\\/KE-logo-Primary-e1591282842174.jpg\",\"contentUrl\":\"https:\\\/\\\/www.keoutdoordesign.com\\\/wp-content\\\/uploads\\\/2020\\\/02\\\/KE-logo-Primary-e1591282842174.jpg\",\"width\":500,\"height\":396,\"caption\":\"KE Outdoor Design\"},\"image\":{\"@id\":\"https:\\\/\\\/www.keoutdoordesign.com\\\/it-it\\\/#\\\/schema\\\/logo\\\/image\\\/\"},\"sameAs\":[\"https:\\\/\\\/www.facebook.com\\\/keoutdoordesign.us\",\"https:\\\/\\\/x.com\\\/keoutdoordesign\",\"https:\\\/\\\/www.facebook.com\\\/keoutdoordesign\",\"https:\\\/\\\/www.youtube.com\\\/channel\\\/UCSoMQryJpLqD53bAoZLg2Vg\",\"https:\\\/\\\/www.pinterest.it\\\/keoutdoordesign\\\/\",\"https:\\\/\\\/www.instagram.com\\\/keoutdoordesign\\\/\",\"https:\\\/\\\/www.linkedin.com\\\/company\\\/ke-outdoor-design\\\/\"]}]}<\/script>\n<!-- \/ Yoast SEO Premium plugin. -->","yoast_head_json":{"title":"Collaboration avec des Architectes -","description":"Une vraie collaboration entre les pro du design du secteur de la protection ext\u00e9rieur,vous et nous. But :cr\u00e9er des environnements harmonieux 100% sur mesure","robots":{"index":"index","follow":"follow","max-snippet":"max-snippet:-1","max-image-preview":"max-image-preview:large","max-video-preview":"max-video-preview:-1"},"canonical":"https:\/\/www.keoutdoordesign.com\/fr-fr\/ke-monde\/architectes\/","og_locale":"fr_FR","og_type":"article","og_title":"Collaboration avec des Architectes","og_description":"Une vraie collaboration entre les pro du design du secteur de la protection ext\u00e9rieur,vous et nous. But :cr\u00e9er des environnements harmonieux 100% sur mesure","og_url":"https:\/\/www.keoutdoordesign.com\/fr-fr\/ke-monde\/architectes\/","og_site_name":"KE Outdoor Design","article_publisher":"https:\/\/www.facebook.com\/keoutdoordesign.us","article_modified_time":"2023-08-01T09:31:56+00:00","og_image":[{"width":1260,"height":630,"url":"https:\/\/www.keoutdoordesign.com\/wp-content\/uploads\/2022\/06\/ke_logo.png","type":"image\/png"}],"twitter_card":"summary_large_image","twitter_site":"@keoutdoordesign","schema":{"@context":"https:\/\/schema.org","@graph":[{"@type":"WebPage","@id":"https:\/\/www.keoutdoordesign.com\/fr-fr\/ke-monde\/architectes\/","url":"https:\/\/www.keoutdoordesign.com\/fr-fr\/ke-monde\/architectes\/","name":"Collaboration avec des Architectes -","isPartOf":{"@id":"https:\/\/www.keoutdoordesign.com\/it-it\/#website"},"primaryImageOfPage":{"@id":"https:\/\/www.keoutdoordesign.com\/fr-fr\/ke-monde\/architectes\/#primaryimage"},"image":{"@id":"https:\/\/www.keoutdoordesign.com\/fr-fr\/ke-monde\/architectes\/#primaryimage"},"thumbnailUrl":"https:\/\/www.keoutdoordesign.com\/wp-content\/uploads\/2021\/06\/aluminium-louvered-pergola-ke-kedry-prime-1.jpg","datePublished":"2019-05-28T13:15:54+00:00","dateModified":"2023-08-01T09:31:56+00:00","description":"Une vraie collaboration entre les pro du design du secteur de la protection ext\u00e9rieur,vous et nous. But :cr\u00e9er des environnements harmonieux 100% sur mesure","breadcrumb":{"@id":"https:\/\/www.keoutdoordesign.com\/fr-fr\/ke-monde\/architectes\/#breadcrumb"},"inLanguage":"fr-FR","potentialAction":[{"@type":"ReadAction","target":["https:\/\/www.keoutdoordesign.com\/fr-fr\/ke-monde\/architectes\/"]}]},{"@type":"ImageObject","inLanguage":"fr-FR","@id":"https:\/\/www.keoutdoordesign.com\/fr-fr\/ke-monde\/architectes\/#primaryimage","url":"https:\/\/www.keoutdoordesign.com\/wp-content\/uploads\/2021\/06\/aluminium-louvered-pergola-ke-kedry-prime-1.jpg","contentUrl":"https:\/\/www.keoutdoordesign.com\/wp-content\/uploads\/2021\/06\/aluminium-louvered-pergola-ke-kedry-prime-1.jpg","width":1200,"height":800,"caption":"aluminium-louvered-pergola-ke-kedry-prime-1"},{"@type":"BreadcrumbList","@id":"https:\/\/www.keoutdoordesign.com\/fr-fr\/ke-monde\/architectes\/#breadcrumb","itemListElement":[{"@type":"ListItem","position":1,"name":"Home","item":"https:\/\/www.keoutdoordesign.com\/fr-fr\/"},{"@type":"ListItem","position":2,"name":"KE Monde","item":"https:\/\/www.keoutdoordesign.com\/fr-fr\/ke-monde\/"},{"@type":"ListItem","position":3,"name":"Collaboration avec des Architectes"}]},{"@type":"WebSite","@id":"https:\/\/www.keoutdoordesign.com\/it-it\/#website","url":"https:\/\/www.keoutdoordesign.com\/it-it\/","name":"KE Outdoor Design","description":"Un nuovo sito targato WordPress","publisher":{"@id":"https:\/\/www.keoutdoordesign.com\/it-it\/#organization"},"potentialAction":[{"@type":"SearchAction","target":{"@type":"EntryPoint","urlTemplate":"https:\/\/www.keoutdoordesign.com\/it-it\/?s={search_term_string}"},"query-input":{"@type":"PropertyValueSpecification","valueRequired":true,"valueName":"search_term_string"}}],"inLanguage":"fr-FR"},{"@type":"Organization","@id":"https:\/\/www.keoutdoordesign.com\/it-it\/#organization","name":"KE Outdoor Design","url":"https:\/\/www.keoutdoordesign.com\/it-it\/","logo":{"@type":"ImageObject","inLanguage":"fr-FR","@id":"https:\/\/www.keoutdoordesign.com\/it-it\/#\/schema\/logo\/image\/","url":"https:\/\/www.keoutdoordesign.com\/wp-content\/uploads\/2020\/02\/KE-logo-Primary-e1591282842174.jpg","contentUrl":"https:\/\/www.keoutdoordesign.com\/wp-content\/uploads\/2020\/02\/KE-logo-Primary-e1591282842174.jpg","width":500,"height":396,"caption":"KE Outdoor Design"},"image":{"@id":"https:\/\/www.keoutdoordesign.com\/it-it\/#\/schema\/logo\/image\/"},"sameAs":["https:\/\/www.facebook.com\/keoutdoordesign.us","https:\/\/x.com\/keoutdoordesign","https:\/\/www.facebook.com\/keoutdoordesign","https:\/\/www.youtube.com\/channel\/UCSoMQryJpLqD53bAoZLg2Vg","https:\/\/www.pinterest.it\/keoutdoordesign\/","https:\/\/www.instagram.com\/keoutdoordesign\/","https:\/\/www.linkedin.com\/company\/ke-outdoor-design\/"]}]}},"_links":{"self":[{"href":"https:\/\/www.keoutdoordesign.com\/fr-fr\/wp-json\/wp\/v2\/pages\/3271","targetHints":{"allow":["GET"]}}],"collection":[{"href":"https:\/\/www.keoutdoordesign.com\/fr-fr\/wp-json\/wp\/v2\/pages"}],"about":[{"href":"https:\/\/www.keoutdoordesign.com\/fr-fr\/wp-json\/wp\/v2\/types\/page"}],"author":[{"embeddable":true,"href":"https:\/\/www.keoutdoordesign.com\/fr-fr\/wp-json\/wp\/v2\/users\/10608"}],"replies":[{"embeddable":true,"href":"https:\/\/www.keoutdoordesign.com\/fr-fr\/wp-json\/wp\/v2\/comments?post=3271"}],"version-history":[{"count":16,"href":"https:\/\/www.keoutdoordesign.com\/fr-fr\/wp-json\/wp\/v2\/pages\/3271\/revisions"}],"predecessor-version":[{"id":55238,"href":"https:\/\/www.keoutdoordesign.com\/fr-fr\/wp-json\/wp\/v2\/pages\/3271\/revisions\/55238"}],"up":[{"embeddable":true,"href":"https:\/\/www.keoutdoordesign.com\/fr-fr\/wp-json\/wp\/v2\/pages\/5606"}],"wp:featuredmedia":[{"embeddable":true,"href":"https:\/\/www.keoutdoordesign.com\/fr-fr\/wp-json\/wp\/v2\/media\/37385"}],"wp:attachment":[{"href":"https:\/\/www.keoutdoordesign.com\/fr-fr\/wp-json\/wp\/v2\/media?parent=3271"}],"curies":[{"name":"wp","href":"https:\/\/api.w.org\/{rel}","templated":true}]}}