{"id":3267,"date":"2019-05-28T15:15:36","date_gmt":"2019-05-28T13:15:36","guid":{"rendered":"http:\/\/ke.localhost.it\/?page_id=3267"},"modified":"2022-06-28T14:59:01","modified_gmt":"2022-06-28T12:59:01","slug":"ke-academy","status":"publish","type":"page","link":"https:\/\/www.keoutdoordesign.com\/fr-fr\/ke-monde\/ke-academy\/","title":{"rendered":"KE Academy"},"content":{"rendered":"<h3>KE Academy, une formation continue sur le march\u00e9 du mobilier outdoor<\/h3>\n<p>Le <strong>march\u00e9 des stores, des marquises, des pergolas et des protections ext\u00e9rieures<\/strong> est en constante \u00e9volution et particuli\u00e8rement concurrentiel. Il est souvent soumis \u00e0 des r\u00e9glementations complexes ou \u00e0 des d\u00e9veloppements techniques importants. Il est donc n\u00e9cessaire pour les cr\u00e9ateurs comme pour les installateurs de se tenir inform\u00e9s des derni\u00e8res innovations. C&rsquo;est pourquoi nous avons d\u00e9cid\u00e9 de mettre notre exp\u00e9rience et notre expertise au service de nos partenaires, revendeurs et de tout l&rsquo;ensemble du personnel technique travaillant avec nous. Cela a donn\u00e9 la cr\u00e9ation de la KE Academy.<\/p>\n<p>Chez KE, nous ne nous contentons pas de <strong>fabriquer des pergolas<\/strong> et autres solutions d&rsquo;ext\u00e9rieur. Cette acad\u00e9mie sp\u00e9ciale est l&rsquo;occasion de confronter et d&rsquo;accro\u00eetre ses connaissances. Elle propose des formations pour diff\u00e9rents publics afin de permettre \u00e0 chacun de rester au niveau ou d&rsquo;accro\u00eetre encore ses comp\u00e9tences.<\/p>\n<p>Une fois par mois, de novembre \u00e0 f\u00e9vrier, trois jours de cours ont lieu \u00e0 notre si\u00e8ge de Noventa di Piave (Venise), avec des pr\u00e9sentations th\u00e9oriques et des d\u00e9monstrations pratiques sur l\u2019utilisation de nos diff\u00e9rents produits.<\/p>\n<p>Voulez-vous grandir professionnellement avec nous ?<\/p>\n<p>Parlez-nous de vous sur le formulaire et nous vous communiquerons le calendrier mis \u00e0 jour de tous les rendez-vous de la KE Academy.<\/p>\n","protected":false},"excerpt":{"rendered":"<p>KE Academy, une formation continue sur le march\u00e9 du mobilier outdoor Le march\u00e9 des stores, des marquises, des pergolas et&hellip;<\/p>\n","protected":false},"author":10608,"featured_media":5596,"parent":5606,"menu_order":25,"comment_status":"closed","ping_status":"closed","template":"page-templates\/academy.php","meta":{"_acf_changed":false,"footnotes":""},"class_list":["post-3267","page","type-page","status-publish","has-post-thumbnail","hentry"],"acf":[],"yoast_head":"<!-- This site is optimized with the Yoast SEO Premium plugin v20.12 (Yoast SEO v27.3) - https:\/\/yoast.com\/product\/yoast-seo-premium-wordpress\/ -->\n<title>KE Academy formation continue - KE Outdoor Design<\/title>\n<meta name=\"description\" content=\"KE Acad\u00e9my: Formation continue offerte aux cr\u00e9ateurs et installateurs du secteur de la protection ext\u00e9rieur :nouveaut\u00e9s\/ innovations.\" \/>\n<meta name=\"robots\" content=\"index, follow, max-snippet:-1, max-image-preview:large, max-video-preview:-1\" \/>\n<link rel=\"canonical\" href=\"https:\/\/www.keoutdoordesign.com\/fr-fr\/ke-monde\/ke-academy\/\" \/>\n<meta property=\"og:locale\" content=\"fr_FR\" \/>\n<meta property=\"og:type\" content=\"article\" \/>\n<meta property=\"og:title\" content=\"KE Academy\" \/>\n<meta property=\"og:description\" content=\"KE Acad\u00e9my: Formation continue offerte aux cr\u00e9ateurs et installateurs du secteur de la protection ext\u00e9rieur :nouveaut\u00e9s\/ innovations.\" \/>\n<meta property=\"og:url\" content=\"https:\/\/www.keoutdoordesign.com\/fr-fr\/ke-monde\/ke-academy\/\" \/>\n<meta property=\"og:site_name\" content=\"KE Outdoor Design\" \/>\n<meta property=\"article:publisher\" content=\"https:\/\/www.facebook.com\/keoutdoordesign.us\" \/>\n<meta property=\"article:modified_time\" content=\"2022-06-28T12:59:01+00:00\" \/>\n<meta property=\"og:image\" content=\"https:\/\/www.keoutdoordesign.com\/wp-content\/uploads\/2019\/06\/Academy-1.jpg\" \/>\n\t<meta property=\"og:image:width\" content=\"2400\" \/>\n\t<meta property=\"og:image:height\" content=\"1220\" \/>\n\t<meta property=\"og:image:type\" content=\"image\/jpeg\" \/>\n<meta name=\"twitter:card\" content=\"summary_large_image\" \/>\n<meta name=\"twitter:site\" content=\"@keoutdoordesign\" \/>\n<script type=\"application\/ld+json\" class=\"yoast-schema-graph\">{\"@context\":\"https:\\\/\\\/schema.org\",\"@graph\":[{\"@type\":\"WebPage\",\"@id\":\"https:\\\/\\\/www.keoutdoordesign.com\\\/fr-fr\\\/ke-monde\\\/ke-academy\\\/\",\"url\":\"https:\\\/\\\/www.keoutdoordesign.com\\\/fr-fr\\\/ke-monde\\\/ke-academy\\\/\",\"name\":\"KE Academy formation continue - KE Outdoor Design\",\"isPartOf\":{\"@id\":\"https:\\\/\\\/www.keoutdoordesign.com\\\/it-it\\\/#website\"},\"primaryImageOfPage\":{\"@id\":\"https:\\\/\\\/www.keoutdoordesign.com\\\/fr-fr\\\/ke-monde\\\/ke-academy\\\/#primaryimage\"},\"image\":{\"@id\":\"https:\\\/\\\/www.keoutdoordesign.com\\\/fr-fr\\\/ke-monde\\\/ke-academy\\\/#primaryimage\"},\"thumbnailUrl\":\"https:\\\/\\\/www.keoutdoordesign.com\\\/wp-content\\\/uploads\\\/2019\\\/06\\\/Academy-1.jpg\",\"datePublished\":\"2019-05-28T13:15:36+00:00\",\"dateModified\":\"2022-06-28T12:59:01+00:00\",\"description\":\"KE Acad\u00e9my: Formation continue offerte aux cr\u00e9ateurs et installateurs du secteur de la protection ext\u00e9rieur :nouveaut\u00e9s\\\/ innovations.\",\"breadcrumb\":{\"@id\":\"https:\\\/\\\/www.keoutdoordesign.com\\\/fr-fr\\\/ke-monde\\\/ke-academy\\\/#breadcrumb\"},\"inLanguage\":\"fr-FR\",\"potentialAction\":[{\"@type\":\"ReadAction\",\"target\":[\"https:\\\/\\\/www.keoutdoordesign.com\\\/fr-fr\\\/ke-monde\\\/ke-academy\\\/\"]}]},{\"@type\":\"ImageObject\",\"inLanguage\":\"fr-FR\",\"@id\":\"https:\\\/\\\/www.keoutdoordesign.com\\\/fr-fr\\\/ke-monde\\\/ke-academy\\\/#primaryimage\",\"url\":\"https:\\\/\\\/www.keoutdoordesign.com\\\/wp-content\\\/uploads\\\/2019\\\/06\\\/Academy-1.jpg\",\"contentUrl\":\"https:\\\/\\\/www.keoutdoordesign.com\\\/wp-content\\\/uploads\\\/2019\\\/06\\\/Academy-1.jpg\",\"width\":2400,\"height\":1220},{\"@type\":\"BreadcrumbList\",\"@id\":\"https:\\\/\\\/www.keoutdoordesign.com\\\/fr-fr\\\/ke-monde\\\/ke-academy\\\/#breadcrumb\",\"itemListElement\":[{\"@type\":\"ListItem\",\"position\":1,\"name\":\"Home\",\"item\":\"https:\\\/\\\/www.keoutdoordesign.com\\\/fr-fr\\\/\"},{\"@type\":\"ListItem\",\"position\":2,\"name\":\"KE Monde\",\"item\":\"https:\\\/\\\/www.keoutdoordesign.com\\\/fr-fr\\\/ke-monde\\\/\"},{\"@type\":\"ListItem\",\"position\":3,\"name\":\"KE Academy\"}]},{\"@type\":\"WebSite\",\"@id\":\"https:\\\/\\\/www.keoutdoordesign.com\\\/it-it\\\/#website\",\"url\":\"https:\\\/\\\/www.keoutdoordesign.com\\\/it-it\\\/\",\"name\":\"KE Outdoor Design\",\"description\":\"Un nuovo sito targato WordPress\",\"publisher\":{\"@id\":\"https:\\\/\\\/www.keoutdoordesign.com\\\/it-it\\\/#organization\"},\"potentialAction\":[{\"@type\":\"SearchAction\",\"target\":{\"@type\":\"EntryPoint\",\"urlTemplate\":\"https:\\\/\\\/www.keoutdoordesign.com\\\/it-it\\\/?s={search_term_string}\"},\"query-input\":{\"@type\":\"PropertyValueSpecification\",\"valueRequired\":true,\"valueName\":\"search_term_string\"}}],\"inLanguage\":\"fr-FR\"},{\"@type\":\"Organization\",\"@id\":\"https:\\\/\\\/www.keoutdoordesign.com\\\/it-it\\\/#organization\",\"name\":\"KE Outdoor Design\",\"url\":\"https:\\\/\\\/www.keoutdoordesign.com\\\/it-it\\\/\",\"logo\":{\"@type\":\"ImageObject\",\"inLanguage\":\"fr-FR\",\"@id\":\"https:\\\/\\\/www.keoutdoordesign.com\\\/it-it\\\/#\\\/schema\\\/logo\\\/image\\\/\",\"url\":\"https:\\\/\\\/www.keoutdoordesign.com\\\/wp-content\\\/uploads\\\/2020\\\/02\\\/KE-logo-Primary-e1591282842174.jpg\",\"contentUrl\":\"https:\\\/\\\/www.keoutdoordesign.com\\\/wp-content\\\/uploads\\\/2020\\\/02\\\/KE-logo-Primary-e1591282842174.jpg\",\"width\":500,\"height\":396,\"caption\":\"KE Outdoor Design\"},\"image\":{\"@id\":\"https:\\\/\\\/www.keoutdoordesign.com\\\/it-it\\\/#\\\/schema\\\/logo\\\/image\\\/\"},\"sameAs\":[\"https:\\\/\\\/www.facebook.com\\\/keoutdoordesign.us\",\"https:\\\/\\\/x.com\\\/keoutdoordesign\",\"https:\\\/\\\/www.facebook.com\\\/keoutdoordesign\",\"https:\\\/\\\/www.youtube.com\\\/channel\\\/UCSoMQryJpLqD53bAoZLg2Vg\",\"https:\\\/\\\/www.pinterest.it\\\/keoutdoordesign\\\/\",\"https:\\\/\\\/www.instagram.com\\\/keoutdoordesign\\\/\",\"https:\\\/\\\/www.linkedin.com\\\/company\\\/ke-outdoor-design\\\/\"]}]}<\/script>\n<!-- \/ Yoast SEO Premium plugin. -->","yoast_head_json":{"title":"KE Academy formation continue - KE Outdoor Design","description":"KE Acad\u00e9my: Formation continue offerte aux cr\u00e9ateurs et installateurs du secteur de la protection ext\u00e9rieur :nouveaut\u00e9s\/ innovations.","robots":{"index":"index","follow":"follow","max-snippet":"max-snippet:-1","max-image-preview":"max-image-preview:large","max-video-preview":"max-video-preview:-1"},"canonical":"https:\/\/www.keoutdoordesign.com\/fr-fr\/ke-monde\/ke-academy\/","og_locale":"fr_FR","og_type":"article","og_title":"KE Academy","og_description":"KE Acad\u00e9my: Formation continue offerte aux cr\u00e9ateurs et installateurs du secteur de la protection ext\u00e9rieur :nouveaut\u00e9s\/ innovations.","og_url":"https:\/\/www.keoutdoordesign.com\/fr-fr\/ke-monde\/ke-academy\/","og_site_name":"KE Outdoor Design","article_publisher":"https:\/\/www.facebook.com\/keoutdoordesign.us","article_modified_time":"2022-06-28T12:59:01+00:00","og_image":[{"width":2400,"height":1220,"url":"https:\/\/www.keoutdoordesign.com\/wp-content\/uploads\/2019\/06\/Academy-1.jpg","type":"image\/jpeg"}],"twitter_card":"summary_large_image","twitter_site":"@keoutdoordesign","schema":{"@context":"https:\/\/schema.org","@graph":[{"@type":"WebPage","@id":"https:\/\/www.keoutdoordesign.com\/fr-fr\/ke-monde\/ke-academy\/","url":"https:\/\/www.keoutdoordesign.com\/fr-fr\/ke-monde\/ke-academy\/","name":"KE Academy formation continue - KE Outdoor Design","isPartOf":{"@id":"https:\/\/www.keoutdoordesign.com\/it-it\/#website"},"primaryImageOfPage":{"@id":"https:\/\/www.keoutdoordesign.com\/fr-fr\/ke-monde\/ke-academy\/#primaryimage"},"image":{"@id":"https:\/\/www.keoutdoordesign.com\/fr-fr\/ke-monde\/ke-academy\/#primaryimage"},"thumbnailUrl":"https:\/\/www.keoutdoordesign.com\/wp-content\/uploads\/2019\/06\/Academy-1.jpg","datePublished":"2019-05-28T13:15:36+00:00","dateModified":"2022-06-28T12:59:01+00:00","description":"KE Acad\u00e9my: Formation continue offerte aux cr\u00e9ateurs et installateurs du secteur de la protection ext\u00e9rieur :nouveaut\u00e9s\/ innovations.","breadcrumb":{"@id":"https:\/\/www.keoutdoordesign.com\/fr-fr\/ke-monde\/ke-academy\/#breadcrumb"},"inLanguage":"fr-FR","potentialAction":[{"@type":"ReadAction","target":["https:\/\/www.keoutdoordesign.com\/fr-fr\/ke-monde\/ke-academy\/"]}]},{"@type":"ImageObject","inLanguage":"fr-FR","@id":"https:\/\/www.keoutdoordesign.com\/fr-fr\/ke-monde\/ke-academy\/#primaryimage","url":"https:\/\/www.keoutdoordesign.com\/wp-content\/uploads\/2019\/06\/Academy-1.jpg","contentUrl":"https:\/\/www.keoutdoordesign.com\/wp-content\/uploads\/2019\/06\/Academy-1.jpg","width":2400,"height":1220},{"@type":"BreadcrumbList","@id":"https:\/\/www.keoutdoordesign.com\/fr-fr\/ke-monde\/ke-academy\/#breadcrumb","itemListElement":[{"@type":"ListItem","position":1,"name":"Home","item":"https:\/\/www.keoutdoordesign.com\/fr-fr\/"},{"@type":"ListItem","position":2,"name":"KE Monde","item":"https:\/\/www.keoutdoordesign.com\/fr-fr\/ke-monde\/"},{"@type":"ListItem","position":3,"name":"KE Academy"}]},{"@type":"WebSite","@id":"https:\/\/www.keoutdoordesign.com\/it-it\/#website","url":"https:\/\/www.keoutdoordesign.com\/it-it\/","name":"KE Outdoor Design","description":"Un nuovo sito targato WordPress","publisher":{"@id":"https:\/\/www.keoutdoordesign.com\/it-it\/#organization"},"potentialAction":[{"@type":"SearchAction","target":{"@type":"EntryPoint","urlTemplate":"https:\/\/www.keoutdoordesign.com\/it-it\/?s={search_term_string}"},"query-input":{"@type":"PropertyValueSpecification","valueRequired":true,"valueName":"search_term_string"}}],"inLanguage":"fr-FR"},{"@type":"Organization","@id":"https:\/\/www.keoutdoordesign.com\/it-it\/#organization","name":"KE Outdoor Design","url":"https:\/\/www.keoutdoordesign.com\/it-it\/","logo":{"@type":"ImageObject","inLanguage":"fr-FR","@id":"https:\/\/www.keoutdoordesign.com\/it-it\/#\/schema\/logo\/image\/","url":"https:\/\/www.keoutdoordesign.com\/wp-content\/uploads\/2020\/02\/KE-logo-Primary-e1591282842174.jpg","contentUrl":"https:\/\/www.keoutdoordesign.com\/wp-content\/uploads\/2020\/02\/KE-logo-Primary-e1591282842174.jpg","width":500,"height":396,"caption":"KE Outdoor Design"},"image":{"@id":"https:\/\/www.keoutdoordesign.com\/it-it\/#\/schema\/logo\/image\/"},"sameAs":["https:\/\/www.facebook.com\/keoutdoordesign.us","https:\/\/x.com\/keoutdoordesign","https:\/\/www.facebook.com\/keoutdoordesign","https:\/\/www.youtube.com\/channel\/UCSoMQryJpLqD53bAoZLg2Vg","https:\/\/www.pinterest.it\/keoutdoordesign\/","https:\/\/www.instagram.com\/keoutdoordesign\/","https:\/\/www.linkedin.com\/company\/ke-outdoor-design\/"]}]}},"_links":{"self":[{"href":"https:\/\/www.keoutdoordesign.com\/fr-fr\/wp-json\/wp\/v2\/pages\/3267","targetHints":{"allow":["GET"]}}],"collection":[{"href":"https:\/\/www.keoutdoordesign.com\/fr-fr\/wp-json\/wp\/v2\/pages"}],"about":[{"href":"https:\/\/www.keoutdoordesign.com\/fr-fr\/wp-json\/wp\/v2\/types\/page"}],"author":[{"embeddable":true,"href":"https:\/\/www.keoutdoordesign.com\/fr-fr\/wp-json\/wp\/v2\/users\/10608"}],"replies":[{"embeddable":true,"href":"https:\/\/www.keoutdoordesign.com\/fr-fr\/wp-json\/wp\/v2\/comments?post=3267"}],"version-history":[{"count":5,"href":"https:\/\/www.keoutdoordesign.com\/fr-fr\/wp-json\/wp\/v2\/pages\/3267\/revisions"}],"predecessor-version":[{"id":50737,"href":"https:\/\/www.keoutdoordesign.com\/fr-fr\/wp-json\/wp\/v2\/pages\/3267\/revisions\/50737"}],"up":[{"embeddable":true,"href":"https:\/\/www.keoutdoordesign.com\/fr-fr\/wp-json\/wp\/v2\/pages\/5606"}],"wp:featuredmedia":[{"embeddable":true,"href":"https:\/\/www.keoutdoordesign.com\/fr-fr\/wp-json\/wp\/v2\/media\/5596"}],"wp:attachment":[{"href":"https:\/\/www.keoutdoordesign.com\/fr-fr\/wp-json\/wp\/v2\/media?parent=3267"}],"curies":[{"name":"wp","href":"https:\/\/api.w.org\/{rel}","templated":true}]}}