{"id":3255,"date":"2019-05-28T15:14:33","date_gmt":"2019-05-28T13:14:33","guid":{"rendered":"http:\/\/ke.localhost.it\/?page_id=3255"},"modified":"2022-06-14T11:44:10","modified_gmt":"2022-06-14T09:44:10","slug":"residentiel","status":"publish","type":"page","link":"https:\/\/www.keoutdoordesign.com\/fr-fr\/references\/residentiel\/","title":{"rendered":"Abri de terrasse"},"content":{"rendered":"<h2>Pourquoi installer un abri de terrasse ?<\/h2>\n<p>Espace lumineux et fonctionnel, l\u2019abri de terrasse vous ravira. Il est id\u00e9al pour profiter au maximum du jardin tout en restant prot\u00e9g\u00e9 des intemp\u00e9ries. Installez-y un bar pour vos longues soir\u00e9es d\u2019\u00e9t\u00e9 entre amis ou un salon de jardin, pour des moments de d\u00e9tente cocooning et de relaxation. Gr\u00e2ce \u00e0 <strong>votre abri de terrasse<\/strong>, profitez des derni\u00e8res soir\u00e9es de l\u2019\u00e9t\u00e9, car il vous permettra de gagner jusqu\u2019\u00e0 8\u00b0C en plus, ce qui est id\u00e9al lorsque les journ\u00e9es rafraichissent.<\/p>\n<p>En outre, en installant un abri de terrasse, vous apporterez une plus-value \u00e0 votre maison. En effet, l\u2019abri de terrasse comme extension de maison agr\u00e9mentera votre habitat dans une harmonie parfaite entre int\u00e9rieur et ext\u00e9rieur. Cet effet est divinement rendu avec la <a href=\"\/?page_id=4551\">pergola adoss\u00e9e Gennius Vega<\/a> qui allie un sublime design lin\u00e9aire et une fonctionnalit\u00e9 optimale.<\/p>\n<p>Nos structures peuvent \u00e9galement se montrer id\u00e9ales pour cr\u00e9er l\u2019espace d\u00e9di\u00e9 \u00e0 vos passions, tel qu\u2019un abri de piscine.<\/p>\n<h2>Quel abri de terrasse choisir ?<\/h2>\n<p>Le choix de votre abri de terrasse d\u00e9pendra surtout de l\u2019utilisation que vous en ferez et du climat de votre r\u00e9gion.<\/p>\n<p>Si vous habitez en appartement, orientez-vous vers une pergola adoss\u00e9e l\u00e9g\u00e8re, toit en pente ou toit plat pour faire de votre balcon une <strong>v\u00e9ritable pi\u00e8ce suppl\u00e9mentaire<\/strong> ou cr\u00e9er un toit terrasse aux milles fonctions. Le but ici \u00e9tant d\u2019avoir le moins d\u2019encombrement au sol possible, nos pergolas sur mesure peuvent facilement se poser sur muret. Nos voiles, quant \u00e0 elles, proposent des syst\u00e8mes d\u2019accroches sur fa\u00e7ade.<\/p>\n<p>Si vous habitez en maison choisissez <strong>l\u2019abri de terrasse<\/strong> qu\u2019il vous faut en fonction de vos go\u00fbts et votre exposition.<\/p>\n<p>De la simple protection solaire apport\u00e9e par le store ou la voile d\u2019ombrage jusqu\u2019\u00e0 la pergola l\u00e9g\u00e8re ou structures plus robustes (r\u00e9sistance au vent jusqu\u2019\u00e0 la classe 6 et \u00e0 la charge), d\u00e9couvrez ce qu\u2019ils ont choisis comme abri de terrasse pour leur quotidien en fonction de leur environnement\u00a0!<\/p>\n<p>Qu\u2019il s\u2019agisse d\u2019un penthouse dans un centre-ville, d\u2019une villa en bord de mer expos\u00e9e aux embruns ou d\u2019une maison de campagne, KE con\u00e7oit avec vous<strong> l\u2019abri de terrasse adapt\u00e9. <\/strong><\/p>\n<p><u>Les solutions les plus choisies de cette ann\u00e9e\u00a0: <\/u><\/p>\n<p>Kedry Skylife, une innovation de 2021\u00a0: <a href=\"\/?page_id=27288\">Pergola bioclimatique r\u00e9tractable<\/a><strong>\u00a0<\/strong>autoportant alliant toute la sophistication du design et de l\u2019innovation technique. C\u2019est le choix id\u00e9al pour les abris de terrasse et piscine gr\u00e2ce \u00e0 ses lames, orientables et r\u00e9tractables, qui permettent d\u2019ajuster la lumi\u00e8re et l\u2019a\u00e9ration sans limites, notamment lors des chaudes journ\u00e9es d\u2019\u00e9t\u00e9.<\/p>\n<p>Dans la m\u00eame cat\u00e9gorie de pergola, <a href=\"\/?page_id=4573\">L\u2019Isola 3<\/a> est souvent la solution adapt\u00e9e, plus docile \u00e0 l\u2019entretien gr\u00e2ce \u00e0 son toit en toile PVC.<\/p>\n<p>Dans la famille des pergolas adoss\u00e9es, d\u00e9cidez-vous pour notre \u00e9l\u00e9gant mod\u00e8le <a href=\"\/?page_id=4587\">Xtesa Plain<\/a>\u00a0avec sa toile enroulable imperm\u00e9able et sa structure modulaire en aluminium il est le choix N\u00b01 pour une installation devant une pi\u00e8ce de vie.<\/p>\n<p>Pour plus de douceur et de l\u00e9g\u00e8ret\u00e9, le <strong>choix des voiles d\u2019ombrage sur mesure <\/strong>s\u2019intensifie avec comme bestseller <a href=\"\/?page_id=22183\">Kheope Roller<\/a>. Ces voiles modulables au design a\u00e9rien inspir\u00e9 du monde marin, vous offriront une ombre agr\u00e9able. Elles seront de v\u00e9ritables havres de paix et vous inviteront \u00e0 la d\u00e9tente; ressourcez-vous et profitez de moments de calmes.<\/p>\n<p>Pour vous guider dans votre choix, vous pouvez \u00e9galement retrouver les conseils de notre Directeur Projet.<br \/>\nGr\u00e2ce \u00e0 KE, valorisez votre ext\u00e9rieur.<\/p>\n","protected":false},"excerpt":{"rendered":"<p>Pourquoi installer un abri de terrasse ? Espace lumineux et fonctionnel, l\u2019abri de terrasse vous ravira. Il est id\u00e9al pour&hellip;<\/p>\n","protected":false},"author":10608,"featured_media":2872,"parent":3166,"menu_order":7,"comment_status":"closed","ping_status":"closed","template":"page-templates\/category-subcategories.php","meta":{"_acf_changed":false,"footnotes":""},"class_list":["post-3255","page","type-page","status-publish","has-post-thumbnail","hentry"],"acf":[],"yoast_head":"<!-- This site is optimized with the Yoast SEO Premium plugin v20.12 (Yoast SEO v27.3) - https:\/\/yoast.com\/product\/yoast-seo-premium-wordpress\/ -->\n<title>Abri de terrasse -<\/title>\n<meta name=\"description\" content=\"Abri de terrasse : Les beaux jours arrivent, profitez de votre espace ext\u00e9rieur en alliant confort &amp; design gr\u00e2ce \u00e0 nos abri de terrasse sur mesure.\" \/>\n<meta name=\"robots\" content=\"index, follow, max-snippet:-1, max-image-preview:large, max-video-preview:-1\" \/>\n<link rel=\"canonical\" href=\"https:\/\/www.keoutdoordesign.com\/fr-fr\/references\/residentiel\/\" \/>\n<meta property=\"og:locale\" content=\"fr_FR\" \/>\n<meta property=\"og:type\" content=\"article\" \/>\n<meta property=\"og:title\" content=\"Abri de terrasse\" \/>\n<meta property=\"og:description\" content=\"Abri de terrasse : Les beaux jours arrivent, profitez de votre espace ext\u00e9rieur en alliant confort &amp; design gr\u00e2ce \u00e0 nos abri de terrasse sur mesure.\" \/>\n<meta property=\"og:url\" content=\"https:\/\/www.keoutdoordesign.com\/fr-fr\/references\/residentiel\/\" \/>\n<meta property=\"og:site_name\" content=\"KE Outdoor Design\" \/>\n<meta property=\"article:publisher\" content=\"https:\/\/www.facebook.com\/keoutdoordesign.us\" \/>\n<meta property=\"article:modified_time\" content=\"2022-06-14T09:44:10+00:00\" \/>\n<meta property=\"og:image\" content=\"https:\/\/www.keoutdoordesign.com\/wp-content\/uploads\/2019\/05\/ResBibbona_KedryPrime_3.jpg\" \/>\n\t<meta property=\"og:image:width\" content=\"2048\" \/>\n\t<meta property=\"og:image:height\" content=\"1080\" \/>\n\t<meta property=\"og:image:type\" content=\"image\/jpeg\" \/>\n<meta name=\"twitter:card\" content=\"summary_large_image\" \/>\n<meta name=\"twitter:site\" content=\"@keoutdoordesign\" \/>\n<script type=\"application\/ld+json\" class=\"yoast-schema-graph\">{\"@context\":\"https:\\\/\\\/schema.org\",\"@graph\":[{\"@type\":\"WebPage\",\"@id\":\"https:\\\/\\\/www.keoutdoordesign.com\\\/fr-fr\\\/references\\\/residentiel\\\/\",\"url\":\"https:\\\/\\\/www.keoutdoordesign.com\\\/fr-fr\\\/references\\\/residentiel\\\/\",\"name\":\"Abri de terrasse -\",\"isPartOf\":{\"@id\":\"https:\\\/\\\/www.keoutdoordesign.com\\\/it-it\\\/#website\"},\"primaryImageOfPage\":{\"@id\":\"https:\\\/\\\/www.keoutdoordesign.com\\\/fr-fr\\\/references\\\/residentiel\\\/#primaryimage\"},\"image\":{\"@id\":\"https:\\\/\\\/www.keoutdoordesign.com\\\/fr-fr\\\/references\\\/residentiel\\\/#primaryimage\"},\"thumbnailUrl\":\"https:\\\/\\\/www.keoutdoordesign.com\\\/wp-content\\\/uploads\\\/2019\\\/05\\\/ResBibbona_KedryPrime_3.jpg\",\"datePublished\":\"2019-05-28T13:14:33+00:00\",\"dateModified\":\"2022-06-14T09:44:10+00:00\",\"description\":\"Abri de terrasse : Les beaux jours arrivent, profitez de votre espace ext\u00e9rieur en alliant confort & design gr\u00e2ce \u00e0 nos abri de terrasse sur mesure.\",\"breadcrumb\":{\"@id\":\"https:\\\/\\\/www.keoutdoordesign.com\\\/fr-fr\\\/references\\\/residentiel\\\/#breadcrumb\"},\"inLanguage\":\"fr-FR\",\"potentialAction\":[{\"@type\":\"ReadAction\",\"target\":[\"https:\\\/\\\/www.keoutdoordesign.com\\\/fr-fr\\\/references\\\/residentiel\\\/\"]}]},{\"@type\":\"ImageObject\",\"inLanguage\":\"fr-FR\",\"@id\":\"https:\\\/\\\/www.keoutdoordesign.com\\\/fr-fr\\\/references\\\/residentiel\\\/#primaryimage\",\"url\":\"https:\\\/\\\/www.keoutdoordesign.com\\\/wp-content\\\/uploads\\\/2019\\\/05\\\/ResBibbona_KedryPrime_3.jpg\",\"contentUrl\":\"https:\\\/\\\/www.keoutdoordesign.com\\\/wp-content\\\/uploads\\\/2019\\\/05\\\/ResBibbona_KedryPrime_3.jpg\",\"width\":2048,\"height\":1080,\"caption\":\"Pergola bioclimatique Kedry Prime\"},{\"@type\":\"BreadcrumbList\",\"@id\":\"https:\\\/\\\/www.keoutdoordesign.com\\\/fr-fr\\\/references\\\/residentiel\\\/#breadcrumb\",\"itemListElement\":[{\"@type\":\"ListItem\",\"position\":1,\"name\":\"Home\",\"item\":\"https:\\\/\\\/www.keoutdoordesign.com\\\/fr-fr\\\/\"},{\"@type\":\"ListItem\",\"position\":2,\"name\":\"R\u00e9f\u00e9rences\",\"item\":\"https:\\\/\\\/www.keoutdoordesign.com\\\/fr-fr\\\/references\\\/\"},{\"@type\":\"ListItem\",\"position\":3,\"name\":\"Abri de terrasse\"}]},{\"@type\":\"WebSite\",\"@id\":\"https:\\\/\\\/www.keoutdoordesign.com\\\/it-it\\\/#website\",\"url\":\"https:\\\/\\\/www.keoutdoordesign.com\\\/it-it\\\/\",\"name\":\"KE Outdoor Design\",\"description\":\"Un nuovo sito targato WordPress\",\"publisher\":{\"@id\":\"https:\\\/\\\/www.keoutdoordesign.com\\\/it-it\\\/#organization\"},\"potentialAction\":[{\"@type\":\"SearchAction\",\"target\":{\"@type\":\"EntryPoint\",\"urlTemplate\":\"https:\\\/\\\/www.keoutdoordesign.com\\\/it-it\\\/?s={search_term_string}\"},\"query-input\":{\"@type\":\"PropertyValueSpecification\",\"valueRequired\":true,\"valueName\":\"search_term_string\"}}],\"inLanguage\":\"fr-FR\"},{\"@type\":\"Organization\",\"@id\":\"https:\\\/\\\/www.keoutdoordesign.com\\\/it-it\\\/#organization\",\"name\":\"KE Outdoor Design\",\"url\":\"https:\\\/\\\/www.keoutdoordesign.com\\\/it-it\\\/\",\"logo\":{\"@type\":\"ImageObject\",\"inLanguage\":\"fr-FR\",\"@id\":\"https:\\\/\\\/www.keoutdoordesign.com\\\/it-it\\\/#\\\/schema\\\/logo\\\/image\\\/\",\"url\":\"https:\\\/\\\/www.keoutdoordesign.com\\\/wp-content\\\/uploads\\\/2020\\\/02\\\/KE-logo-Primary-e1591282842174.jpg\",\"contentUrl\":\"https:\\\/\\\/www.keoutdoordesign.com\\\/wp-content\\\/uploads\\\/2020\\\/02\\\/KE-logo-Primary-e1591282842174.jpg\",\"width\":500,\"height\":396,\"caption\":\"KE Outdoor Design\"},\"image\":{\"@id\":\"https:\\\/\\\/www.keoutdoordesign.com\\\/it-it\\\/#\\\/schema\\\/logo\\\/image\\\/\"},\"sameAs\":[\"https:\\\/\\\/www.facebook.com\\\/keoutdoordesign.us\",\"https:\\\/\\\/x.com\\\/keoutdoordesign\",\"https:\\\/\\\/www.facebook.com\\\/keoutdoordesign\",\"https:\\\/\\\/www.youtube.com\\\/channel\\\/UCSoMQryJpLqD53bAoZLg2Vg\",\"https:\\\/\\\/www.pinterest.it\\\/keoutdoordesign\\\/\",\"https:\\\/\\\/www.instagram.com\\\/keoutdoordesign\\\/\",\"https:\\\/\\\/www.linkedin.com\\\/company\\\/ke-outdoor-design\\\/\"]}]}<\/script>\n<!-- \/ Yoast SEO Premium plugin. -->","yoast_head_json":{"title":"Abri de terrasse -","description":"Abri de terrasse : Les beaux jours arrivent, profitez de votre espace ext\u00e9rieur en alliant confort & design gr\u00e2ce \u00e0 nos abri de terrasse sur mesure.","robots":{"index":"index","follow":"follow","max-snippet":"max-snippet:-1","max-image-preview":"max-image-preview:large","max-video-preview":"max-video-preview:-1"},"canonical":"https:\/\/www.keoutdoordesign.com\/fr-fr\/references\/residentiel\/","og_locale":"fr_FR","og_type":"article","og_title":"Abri de terrasse","og_description":"Abri de terrasse : Les beaux jours arrivent, profitez de votre espace ext\u00e9rieur en alliant confort & design gr\u00e2ce \u00e0 nos abri de terrasse sur mesure.","og_url":"https:\/\/www.keoutdoordesign.com\/fr-fr\/references\/residentiel\/","og_site_name":"KE Outdoor Design","article_publisher":"https:\/\/www.facebook.com\/keoutdoordesign.us","article_modified_time":"2022-06-14T09:44:10+00:00","og_image":[{"width":2048,"height":1080,"url":"https:\/\/www.keoutdoordesign.com\/wp-content\/uploads\/2019\/05\/ResBibbona_KedryPrime_3.jpg","type":"image\/jpeg"}],"twitter_card":"summary_large_image","twitter_site":"@keoutdoordesign","schema":{"@context":"https:\/\/schema.org","@graph":[{"@type":"WebPage","@id":"https:\/\/www.keoutdoordesign.com\/fr-fr\/references\/residentiel\/","url":"https:\/\/www.keoutdoordesign.com\/fr-fr\/references\/residentiel\/","name":"Abri de terrasse -","isPartOf":{"@id":"https:\/\/www.keoutdoordesign.com\/it-it\/#website"},"primaryImageOfPage":{"@id":"https:\/\/www.keoutdoordesign.com\/fr-fr\/references\/residentiel\/#primaryimage"},"image":{"@id":"https:\/\/www.keoutdoordesign.com\/fr-fr\/references\/residentiel\/#primaryimage"},"thumbnailUrl":"https:\/\/www.keoutdoordesign.com\/wp-content\/uploads\/2019\/05\/ResBibbona_KedryPrime_3.jpg","datePublished":"2019-05-28T13:14:33+00:00","dateModified":"2022-06-14T09:44:10+00:00","description":"Abri de terrasse : Les beaux jours arrivent, profitez de votre espace ext\u00e9rieur en alliant confort & design gr\u00e2ce \u00e0 nos abri de terrasse sur mesure.","breadcrumb":{"@id":"https:\/\/www.keoutdoordesign.com\/fr-fr\/references\/residentiel\/#breadcrumb"},"inLanguage":"fr-FR","potentialAction":[{"@type":"ReadAction","target":["https:\/\/www.keoutdoordesign.com\/fr-fr\/references\/residentiel\/"]}]},{"@type":"ImageObject","inLanguage":"fr-FR","@id":"https:\/\/www.keoutdoordesign.com\/fr-fr\/references\/residentiel\/#primaryimage","url":"https:\/\/www.keoutdoordesign.com\/wp-content\/uploads\/2019\/05\/ResBibbona_KedryPrime_3.jpg","contentUrl":"https:\/\/www.keoutdoordesign.com\/wp-content\/uploads\/2019\/05\/ResBibbona_KedryPrime_3.jpg","width":2048,"height":1080,"caption":"Pergola bioclimatique Kedry Prime"},{"@type":"BreadcrumbList","@id":"https:\/\/www.keoutdoordesign.com\/fr-fr\/references\/residentiel\/#breadcrumb","itemListElement":[{"@type":"ListItem","position":1,"name":"Home","item":"https:\/\/www.keoutdoordesign.com\/fr-fr\/"},{"@type":"ListItem","position":2,"name":"R\u00e9f\u00e9rences","item":"https:\/\/www.keoutdoordesign.com\/fr-fr\/references\/"},{"@type":"ListItem","position":3,"name":"Abri de terrasse"}]},{"@type":"WebSite","@id":"https:\/\/www.keoutdoordesign.com\/it-it\/#website","url":"https:\/\/www.keoutdoordesign.com\/it-it\/","name":"KE Outdoor Design","description":"Un nuovo sito targato WordPress","publisher":{"@id":"https:\/\/www.keoutdoordesign.com\/it-it\/#organization"},"potentialAction":[{"@type":"SearchAction","target":{"@type":"EntryPoint","urlTemplate":"https:\/\/www.keoutdoordesign.com\/it-it\/?s={search_term_string}"},"query-input":{"@type":"PropertyValueSpecification","valueRequired":true,"valueName":"search_term_string"}}],"inLanguage":"fr-FR"},{"@type":"Organization","@id":"https:\/\/www.keoutdoordesign.com\/it-it\/#organization","name":"KE Outdoor Design","url":"https:\/\/www.keoutdoordesign.com\/it-it\/","logo":{"@type":"ImageObject","inLanguage":"fr-FR","@id":"https:\/\/www.keoutdoordesign.com\/it-it\/#\/schema\/logo\/image\/","url":"https:\/\/www.keoutdoordesign.com\/wp-content\/uploads\/2020\/02\/KE-logo-Primary-e1591282842174.jpg","contentUrl":"https:\/\/www.keoutdoordesign.com\/wp-content\/uploads\/2020\/02\/KE-logo-Primary-e1591282842174.jpg","width":500,"height":396,"caption":"KE Outdoor Design"},"image":{"@id":"https:\/\/www.keoutdoordesign.com\/it-it\/#\/schema\/logo\/image\/"},"sameAs":["https:\/\/www.facebook.com\/keoutdoordesign.us","https:\/\/x.com\/keoutdoordesign","https:\/\/www.facebook.com\/keoutdoordesign","https:\/\/www.youtube.com\/channel\/UCSoMQryJpLqD53bAoZLg2Vg","https:\/\/www.pinterest.it\/keoutdoordesign\/","https:\/\/www.instagram.com\/keoutdoordesign\/","https:\/\/www.linkedin.com\/company\/ke-outdoor-design\/"]}]}},"_links":{"self":[{"href":"https:\/\/www.keoutdoordesign.com\/fr-fr\/wp-json\/wp\/v2\/pages\/3255","targetHints":{"allow":["GET"]}}],"collection":[{"href":"https:\/\/www.keoutdoordesign.com\/fr-fr\/wp-json\/wp\/v2\/pages"}],"about":[{"href":"https:\/\/www.keoutdoordesign.com\/fr-fr\/wp-json\/wp\/v2\/types\/page"}],"author":[{"embeddable":true,"href":"https:\/\/www.keoutdoordesign.com\/fr-fr\/wp-json\/wp\/v2\/users\/10608"}],"replies":[{"embeddable":true,"href":"https:\/\/www.keoutdoordesign.com\/fr-fr\/wp-json\/wp\/v2\/comments?post=3255"}],"version-history":[{"count":13,"href":"https:\/\/www.keoutdoordesign.com\/fr-fr\/wp-json\/wp\/v2\/pages\/3255\/revisions"}],"predecessor-version":[{"id":50220,"href":"https:\/\/www.keoutdoordesign.com\/fr-fr\/wp-json\/wp\/v2\/pages\/3255\/revisions\/50220"}],"up":[{"embeddable":true,"href":"https:\/\/www.keoutdoordesign.com\/fr-fr\/wp-json\/wp\/v2\/pages\/3166"}],"wp:featuredmedia":[{"embeddable":true,"href":"https:\/\/www.keoutdoordesign.com\/fr-fr\/wp-json\/wp\/v2\/media\/2872"}],"wp:attachment":[{"href":"https:\/\/www.keoutdoordesign.com\/fr-fr\/wp-json\/wp\/v2\/media?parent=3255"}],"curies":[{"name":"wp","href":"https:\/\/api.w.org\/{rel}","templated":true}]}}