{"id":27856,"date":"2021-02-08T17:11:51","date_gmt":"2021-02-08T16:11:51","guid":{"rendered":"https:\/\/www.keoutdoordesign.com\/?page_id=27856"},"modified":"2026-04-09T13:40:25","modified_gmt":"2026-04-09T11:40:25","slug":"store-banne-sur-pieds-hydrae-plus","status":"publish","type":"page","link":"https:\/\/www.keoutdoordesign.com\/fr-fr\/stores-exterieurs\/store-veranda-pergola\/store-banne-sur-pieds-hydrae-plus\/","title":{"rendered":"Store banne sur pieds Hydrae Plus"},"content":{"rendered":"<p>La solution parfaite pour un \u00e9t\u00e9 prolong\u00e9 !<\/p>\n<p>L\u2019Hydrae Plus peut \u00eatre \u00e9quip\u00e9 d&rsquo;un lambrequin d\u00e9roulable pour prot\u00e9ger du vis-\u00e0-vis ou de l\u2019ensoleillement lat\u00e9ral. Un \u00e9clairage LED le long des guides vient souligner le design de la structure et prolonge sa fonctionnalit\u00e9 le soir.<br \/>\nDes capteurs climatiques de derni\u00e8re g\u00e9n\u00e9ration peuvent venir en compl\u00e9ment et pour les plus technophiles, toutes les fonctionnalit\u00e9s sont pilotables \u00e0 distance via une application disponible sur smartphone.<\/p>\n<p>Parmi les derni\u00e8res nouveaut\u00e9s, le lambrequin d\u00e9roulable avec motorisation solaire propose, en plus de sa protection contre le vis-\u00e0-vis et l&rsquo;ensoleillement, de r\u00e9duire sa consommation \u00e9lectrique en utilisant une source d&rsquo;\u00e9nergie renouvelable et autonome.<\/p>\n<p><strong>Nouveaut\u00e9 2026<\/strong> :<\/p>\n<ul>\n<li>Nouvelle option d\u2019\u00e9clairage int\u00e9gr\u00e9 sur les lambrequins, id\u00e9ale pour sublimer les enseignes commerciales et renforcer leur visibilit\u00e9, de jour comme de nuit.<\/li>\n<li>D\u00e9sormais disponible avec fermeture lat\u00e9rale r\u00e9alis\u00e9e gr\u00e2ce au nouveau store vertical Screeny Hide et ses profils adapt\u00e9s, pour une int\u00e9gration soign\u00e9e.<\/li>\n<\/ul>\n","protected":false},"excerpt":{"rendered":"<p>La solution parfaite pour un \u00e9t\u00e9 prolong\u00e9 ! L\u2019Hydrae Plus peut \u00eatre \u00e9quip\u00e9 d&rsquo;un lambrequin d\u00e9roulable pour prot\u00e9ger du vis-\u00e0-vis&hellip;<\/p>\n","protected":false},"author":10608,"featured_media":65314,"parent":4616,"menu_order":0,"comment_status":"closed","ping_status":"closed","template":"page-templates\/product.php","meta":{"_acf_changed":false,"footnotes":""},"class_list":["post-27856","page","type-page","status-publish","has-post-thumbnail","hentry"],"acf":[],"yoast_head":"<!-- This site is optimized with the Yoast SEO Premium plugin v20.12 (Yoast SEO v27.3) - https:\/\/yoast.com\/product\/yoast-seo-premium-wordpress\/ -->\n<title>Store banne sur pieds Hydrae Plus - KE Outdoor Design<\/title>\n<meta name=\"description\" content=\"Ce store banne sur pieds combine l\u00e9g\u00e8ret\u00e9 du store et robustesse de la pergola tout en conservant la lumi\u00e8re dans vos pi\u00e8ces de vie.\" \/>\n<meta name=\"robots\" content=\"index, follow, max-snippet:-1, max-image-preview:large, max-video-preview:-1\" \/>\n<link rel=\"canonical\" href=\"https:\/\/www.keoutdoordesign.com\/fr-fr\/stores-exterieurs\/store-veranda-pergola\/store-banne-sur-pieds-hydrae-plus\/\" \/>\n<meta property=\"og:locale\" content=\"fr_FR\" \/>\n<meta property=\"og:type\" content=\"article\" \/>\n<meta property=\"og:title\" content=\"Store banne sur pieds Hydrae Plus\" \/>\n<meta property=\"og:description\" content=\"Ce store banne sur pieds combine l\u00e9g\u00e8ret\u00e9 du store et robustesse de la pergola tout en conservant la lumi\u00e8re dans vos pi\u00e8ces de vie.\" \/>\n<meta property=\"og:url\" content=\"https:\/\/www.keoutdoordesign.com\/fr-fr\/stores-exterieurs\/store-veranda-pergola\/store-banne-sur-pieds-hydrae-plus\/\" \/>\n<meta property=\"og:site_name\" content=\"KE Outdoor Design\" \/>\n<meta property=\"article:publisher\" content=\"https:\/\/www.facebook.com\/keoutdoordesign.us\" \/>\n<meta property=\"article:modified_time\" content=\"2026-04-09T11:40:25+00:00\" \/>\n<meta property=\"og:image\" content=\"https:\/\/www.keoutdoordesign.com\/wp-content\/uploads\/2024\/01\/Store-banne-sur-pieds-Hydrae-plus-KE.jpg\" \/>\n\t<meta property=\"og:image:width\" content=\"1328\" \/>\n\t<meta property=\"og:image:height\" content=\"943\" \/>\n\t<meta property=\"og:image:type\" content=\"image\/jpeg\" \/>\n<meta name=\"twitter:card\" content=\"summary_large_image\" \/>\n<meta name=\"twitter:site\" content=\"@keoutdoordesign\" \/>\n<script type=\"application\/ld+json\" class=\"yoast-schema-graph\">{\"@context\":\"https:\\\/\\\/schema.org\",\"@graph\":[{\"@type\":\"WebPage\",\"@id\":\"https:\\\/\\\/www.keoutdoordesign.com\\\/fr-fr\\\/stores-exterieurs\\\/store-veranda-pergola\\\/store-banne-sur-pieds-hydrae-plus\\\/\",\"url\":\"https:\\\/\\\/www.keoutdoordesign.com\\\/fr-fr\\\/stores-exterieurs\\\/store-veranda-pergola\\\/store-banne-sur-pieds-hydrae-plus\\\/\",\"name\":\"Store banne sur pieds Hydrae Plus - KE Outdoor Design\",\"isPartOf\":{\"@id\":\"https:\\\/\\\/www.keoutdoordesign.com\\\/it-it\\\/#website\"},\"primaryImageOfPage\":{\"@id\":\"https:\\\/\\\/www.keoutdoordesign.com\\\/fr-fr\\\/stores-exterieurs\\\/store-veranda-pergola\\\/store-banne-sur-pieds-hydrae-plus\\\/#primaryimage\"},\"image\":{\"@id\":\"https:\\\/\\\/www.keoutdoordesign.com\\\/fr-fr\\\/stores-exterieurs\\\/store-veranda-pergola\\\/store-banne-sur-pieds-hydrae-plus\\\/#primaryimage\"},\"thumbnailUrl\":\"https:\\\/\\\/www.keoutdoordesign.com\\\/wp-content\\\/uploads\\\/2024\\\/01\\\/Store-banne-sur-pieds-Hydrae-plus-KE.jpg\",\"datePublished\":\"2021-02-08T16:11:51+00:00\",\"dateModified\":\"2026-04-09T11:40:25+00:00\",\"description\":\"Ce store banne sur pieds combine l\u00e9g\u00e8ret\u00e9 du store et robustesse de la pergola tout en conservant la lumi\u00e8re dans vos pi\u00e8ces de vie.\",\"breadcrumb\":{\"@id\":\"https:\\\/\\\/www.keoutdoordesign.com\\\/fr-fr\\\/stores-exterieurs\\\/store-veranda-pergola\\\/store-banne-sur-pieds-hydrae-plus\\\/#breadcrumb\"},\"inLanguage\":\"fr-FR\",\"potentialAction\":[{\"@type\":\"ReadAction\",\"target\":[\"https:\\\/\\\/www.keoutdoordesign.com\\\/fr-fr\\\/stores-exterieurs\\\/store-veranda-pergola\\\/store-banne-sur-pieds-hydrae-plus\\\/\"]}]},{\"@type\":\"ImageObject\",\"inLanguage\":\"fr-FR\",\"@id\":\"https:\\\/\\\/www.keoutdoordesign.com\\\/fr-fr\\\/stores-exterieurs\\\/store-veranda-pergola\\\/store-banne-sur-pieds-hydrae-plus\\\/#primaryimage\",\"url\":\"https:\\\/\\\/www.keoutdoordesign.com\\\/wp-content\\\/uploads\\\/2024\\\/01\\\/Store-banne-sur-pieds-Hydrae-plus-KE.jpg\",\"contentUrl\":\"https:\\\/\\\/www.keoutdoordesign.com\\\/wp-content\\\/uploads\\\/2024\\\/01\\\/Store-banne-sur-pieds-Hydrae-plus-KE.jpg\",\"width\":1328,\"height\":943,\"caption\":\"Store banne sur pieds avec toile enroulable.\"},{\"@type\":\"BreadcrumbList\",\"@id\":\"https:\\\/\\\/www.keoutdoordesign.com\\\/fr-fr\\\/stores-exterieurs\\\/store-veranda-pergola\\\/store-banne-sur-pieds-hydrae-plus\\\/#breadcrumb\",\"itemListElement\":[{\"@type\":\"ListItem\",\"position\":1,\"name\":\"Home\",\"item\":\"https:\\\/\\\/www.keoutdoordesign.com\\\/fr-fr\\\/\"},{\"@type\":\"ListItem\",\"position\":2,\"name\":\"Stores ext\u00e9rieurs sur mesure\",\"item\":\"https:\\\/\\\/www.keoutdoordesign.com\\\/fr-fr\\\/stores-exterieurs\\\/\"},{\"@type\":\"ListItem\",\"position\":3,\"name\":\"Stores Veranda &#038; Pergola\",\"item\":\"https:\\\/\\\/www.keoutdoordesign.com\\\/fr-fr\\\/stores-exterieurs\\\/store-veranda-pergola\\\/\"},{\"@type\":\"ListItem\",\"position\":4,\"name\":\"Store banne sur pieds Hydrae Plus\"}]},{\"@type\":\"WebSite\",\"@id\":\"https:\\\/\\\/www.keoutdoordesign.com\\\/it-it\\\/#website\",\"url\":\"https:\\\/\\\/www.keoutdoordesign.com\\\/it-it\\\/\",\"name\":\"KE Outdoor Design\",\"description\":\"Un nuovo sito targato WordPress\",\"publisher\":{\"@id\":\"https:\\\/\\\/www.keoutdoordesign.com\\\/it-it\\\/#organization\"},\"potentialAction\":[{\"@type\":\"SearchAction\",\"target\":{\"@type\":\"EntryPoint\",\"urlTemplate\":\"https:\\\/\\\/www.keoutdoordesign.com\\\/it-it\\\/?s={search_term_string}\"},\"query-input\":{\"@type\":\"PropertyValueSpecification\",\"valueRequired\":true,\"valueName\":\"search_term_string\"}}],\"inLanguage\":\"fr-FR\"},{\"@type\":\"Organization\",\"@id\":\"https:\\\/\\\/www.keoutdoordesign.com\\\/it-it\\\/#organization\",\"name\":\"KE Outdoor Design\",\"url\":\"https:\\\/\\\/www.keoutdoordesign.com\\\/it-it\\\/\",\"logo\":{\"@type\":\"ImageObject\",\"inLanguage\":\"fr-FR\",\"@id\":\"https:\\\/\\\/www.keoutdoordesign.com\\\/it-it\\\/#\\\/schema\\\/logo\\\/image\\\/\",\"url\":\"https:\\\/\\\/www.keoutdoordesign.com\\\/wp-content\\\/uploads\\\/2020\\\/02\\\/KE-logo-Primary-e1591282842174.jpg\",\"contentUrl\":\"https:\\\/\\\/www.keoutdoordesign.com\\\/wp-content\\\/uploads\\\/2020\\\/02\\\/KE-logo-Primary-e1591282842174.jpg\",\"width\":500,\"height\":396,\"caption\":\"KE Outdoor Design\"},\"image\":{\"@id\":\"https:\\\/\\\/www.keoutdoordesign.com\\\/it-it\\\/#\\\/schema\\\/logo\\\/image\\\/\"},\"sameAs\":[\"https:\\\/\\\/www.facebook.com\\\/keoutdoordesign.us\",\"https:\\\/\\\/x.com\\\/keoutdoordesign\",\"https:\\\/\\\/www.facebook.com\\\/keoutdoordesign\",\"https:\\\/\\\/www.youtube.com\\\/channel\\\/UCSoMQryJpLqD53bAoZLg2Vg\",\"https:\\\/\\\/www.pinterest.it\\\/keoutdoordesign\\\/\",\"https:\\\/\\\/www.instagram.com\\\/keoutdoordesign\\\/\",\"https:\\\/\\\/www.linkedin.com\\\/company\\\/ke-outdoor-design\\\/\"]}]}<\/script>\n<!-- \/ Yoast SEO Premium plugin. -->","yoast_head_json":{"title":"Store banne sur pieds Hydrae Plus - KE Outdoor Design","description":"Ce store banne sur pieds combine l\u00e9g\u00e8ret\u00e9 du store et robustesse de la pergola tout en conservant la lumi\u00e8re dans vos pi\u00e8ces de vie.","robots":{"index":"index","follow":"follow","max-snippet":"max-snippet:-1","max-image-preview":"max-image-preview:large","max-video-preview":"max-video-preview:-1"},"canonical":"https:\/\/www.keoutdoordesign.com\/fr-fr\/stores-exterieurs\/store-veranda-pergola\/store-banne-sur-pieds-hydrae-plus\/","og_locale":"fr_FR","og_type":"article","og_title":"Store banne sur pieds Hydrae Plus","og_description":"Ce store banne sur pieds combine l\u00e9g\u00e8ret\u00e9 du store et robustesse de la pergola tout en conservant la lumi\u00e8re dans vos pi\u00e8ces de vie.","og_url":"https:\/\/www.keoutdoordesign.com\/fr-fr\/stores-exterieurs\/store-veranda-pergola\/store-banne-sur-pieds-hydrae-plus\/","og_site_name":"KE Outdoor Design","article_publisher":"https:\/\/www.facebook.com\/keoutdoordesign.us","article_modified_time":"2026-04-09T11:40:25+00:00","og_image":[{"width":1328,"height":943,"url":"https:\/\/www.keoutdoordesign.com\/wp-content\/uploads\/2024\/01\/Store-banne-sur-pieds-Hydrae-plus-KE.jpg","type":"image\/jpeg"}],"twitter_card":"summary_large_image","twitter_site":"@keoutdoordesign","schema":{"@context":"https:\/\/schema.org","@graph":[{"@type":"WebPage","@id":"https:\/\/www.keoutdoordesign.com\/fr-fr\/stores-exterieurs\/store-veranda-pergola\/store-banne-sur-pieds-hydrae-plus\/","url":"https:\/\/www.keoutdoordesign.com\/fr-fr\/stores-exterieurs\/store-veranda-pergola\/store-banne-sur-pieds-hydrae-plus\/","name":"Store banne sur pieds Hydrae Plus - KE Outdoor Design","isPartOf":{"@id":"https:\/\/www.keoutdoordesign.com\/it-it\/#website"},"primaryImageOfPage":{"@id":"https:\/\/www.keoutdoordesign.com\/fr-fr\/stores-exterieurs\/store-veranda-pergola\/store-banne-sur-pieds-hydrae-plus\/#primaryimage"},"image":{"@id":"https:\/\/www.keoutdoordesign.com\/fr-fr\/stores-exterieurs\/store-veranda-pergola\/store-banne-sur-pieds-hydrae-plus\/#primaryimage"},"thumbnailUrl":"https:\/\/www.keoutdoordesign.com\/wp-content\/uploads\/2024\/01\/Store-banne-sur-pieds-Hydrae-plus-KE.jpg","datePublished":"2021-02-08T16:11:51+00:00","dateModified":"2026-04-09T11:40:25+00:00","description":"Ce store banne sur pieds combine l\u00e9g\u00e8ret\u00e9 du store et robustesse de la pergola tout en conservant la lumi\u00e8re dans vos pi\u00e8ces de vie.","breadcrumb":{"@id":"https:\/\/www.keoutdoordesign.com\/fr-fr\/stores-exterieurs\/store-veranda-pergola\/store-banne-sur-pieds-hydrae-plus\/#breadcrumb"},"inLanguage":"fr-FR","potentialAction":[{"@type":"ReadAction","target":["https:\/\/www.keoutdoordesign.com\/fr-fr\/stores-exterieurs\/store-veranda-pergola\/store-banne-sur-pieds-hydrae-plus\/"]}]},{"@type":"ImageObject","inLanguage":"fr-FR","@id":"https:\/\/www.keoutdoordesign.com\/fr-fr\/stores-exterieurs\/store-veranda-pergola\/store-banne-sur-pieds-hydrae-plus\/#primaryimage","url":"https:\/\/www.keoutdoordesign.com\/wp-content\/uploads\/2024\/01\/Store-banne-sur-pieds-Hydrae-plus-KE.jpg","contentUrl":"https:\/\/www.keoutdoordesign.com\/wp-content\/uploads\/2024\/01\/Store-banne-sur-pieds-Hydrae-plus-KE.jpg","width":1328,"height":943,"caption":"Store banne sur pieds avec toile enroulable."},{"@type":"BreadcrumbList","@id":"https:\/\/www.keoutdoordesign.com\/fr-fr\/stores-exterieurs\/store-veranda-pergola\/store-banne-sur-pieds-hydrae-plus\/#breadcrumb","itemListElement":[{"@type":"ListItem","position":1,"name":"Home","item":"https:\/\/www.keoutdoordesign.com\/fr-fr\/"},{"@type":"ListItem","position":2,"name":"Stores ext\u00e9rieurs sur mesure","item":"https:\/\/www.keoutdoordesign.com\/fr-fr\/stores-exterieurs\/"},{"@type":"ListItem","position":3,"name":"Stores Veranda &#038; Pergola","item":"https:\/\/www.keoutdoordesign.com\/fr-fr\/stores-exterieurs\/store-veranda-pergola\/"},{"@type":"ListItem","position":4,"name":"Store banne sur pieds Hydrae Plus"}]},{"@type":"WebSite","@id":"https:\/\/www.keoutdoordesign.com\/it-it\/#website","url":"https:\/\/www.keoutdoordesign.com\/it-it\/","name":"KE Outdoor Design","description":"Un nuovo sito targato WordPress","publisher":{"@id":"https:\/\/www.keoutdoordesign.com\/it-it\/#organization"},"potentialAction":[{"@type":"SearchAction","target":{"@type":"EntryPoint","urlTemplate":"https:\/\/www.keoutdoordesign.com\/it-it\/?s={search_term_string}"},"query-input":{"@type":"PropertyValueSpecification","valueRequired":true,"valueName":"search_term_string"}}],"inLanguage":"fr-FR"},{"@type":"Organization","@id":"https:\/\/www.keoutdoordesign.com\/it-it\/#organization","name":"KE Outdoor Design","url":"https:\/\/www.keoutdoordesign.com\/it-it\/","logo":{"@type":"ImageObject","inLanguage":"fr-FR","@id":"https:\/\/www.keoutdoordesign.com\/it-it\/#\/schema\/logo\/image\/","url":"https:\/\/www.keoutdoordesign.com\/wp-content\/uploads\/2020\/02\/KE-logo-Primary-e1591282842174.jpg","contentUrl":"https:\/\/www.keoutdoordesign.com\/wp-content\/uploads\/2020\/02\/KE-logo-Primary-e1591282842174.jpg","width":500,"height":396,"caption":"KE Outdoor Design"},"image":{"@id":"https:\/\/www.keoutdoordesign.com\/it-it\/#\/schema\/logo\/image\/"},"sameAs":["https:\/\/www.facebook.com\/keoutdoordesign.us","https:\/\/x.com\/keoutdoordesign","https:\/\/www.facebook.com\/keoutdoordesign","https:\/\/www.youtube.com\/channel\/UCSoMQryJpLqD53bAoZLg2Vg","https:\/\/www.pinterest.it\/keoutdoordesign\/","https:\/\/www.instagram.com\/keoutdoordesign\/","https:\/\/www.linkedin.com\/company\/ke-outdoor-design\/"]}]}},"_links":{"self":[{"href":"https:\/\/www.keoutdoordesign.com\/fr-fr\/wp-json\/wp\/v2\/pages\/27856","targetHints":{"allow":["GET"]}}],"collection":[{"href":"https:\/\/www.keoutdoordesign.com\/fr-fr\/wp-json\/wp\/v2\/pages"}],"about":[{"href":"https:\/\/www.keoutdoordesign.com\/fr-fr\/wp-json\/wp\/v2\/types\/page"}],"author":[{"embeddable":true,"href":"https:\/\/www.keoutdoordesign.com\/fr-fr\/wp-json\/wp\/v2\/users\/10608"}],"replies":[{"embeddable":true,"href":"https:\/\/www.keoutdoordesign.com\/fr-fr\/wp-json\/wp\/v2\/comments?post=27856"}],"version-history":[{"count":54,"href":"https:\/\/www.keoutdoordesign.com\/fr-fr\/wp-json\/wp\/v2\/pages\/27856\/revisions"}],"predecessor-version":[{"id":121320,"href":"https:\/\/www.keoutdoordesign.com\/fr-fr\/wp-json\/wp\/v2\/pages\/27856\/revisions\/121320"}],"up":[{"embeddable":true,"href":"https:\/\/www.keoutdoordesign.com\/fr-fr\/wp-json\/wp\/v2\/pages\/4616"}],"wp:featuredmedia":[{"embeddable":true,"href":"https:\/\/www.keoutdoordesign.com\/fr-fr\/wp-json\/wp\/v2\/media\/65314"}],"wp:attachment":[{"href":"https:\/\/www.keoutdoordesign.com\/fr-fr\/wp-json\/wp\/v2\/media?parent=27856"}],"curies":[{"name":"wp","href":"https:\/\/api.w.org\/{rel}","templated":true}]}}