{"id":27288,"date":"2021-01-26T17:18:36","date_gmt":"2021-01-26T16:18:36","guid":{"rendered":"https:\/\/www.keoutdoordesign.com\/pergolas-gennius\/pergolas-bioclimatiques\/kedry-skylife\/"},"modified":"2026-02-23T15:50:24","modified_gmt":"2026-02-23T14:50:24","slug":"pergola-bioclimatique-retractable-kedry-skylife","status":"publish","type":"page","link":"https:\/\/www.keoutdoordesign.com\/fr-fr\/pergolas-gennius\/pergolas-bioclimatiques\/pergola-bioclimatique-retractable-kedry-skylife\/","title":{"rendered":"Pergola bioclimatique r\u00e9tractable Kedry Skylife"},"content":{"rendered":"<h2>L\u2019aspect innovant\u00a0de la pergola bioclimatique r\u00e9tractable Kedry Skylife\u00a0? Le voici\u00a0:<\/h2>\n<p>KE a ing\u00e9nieusement combin\u00e9 2 syst\u00e8mes d\u00e9j\u00e0 existants historiquement et les a d\u00fbment appliqu\u00e9s \u00e0 la <strong>pergola bioclimatique<\/strong>.<\/p>\n<p>Ainsi le mouvement des lames r\u00e9tractables est engendr\u00e9 par la combinaison et l\u2019int\u00e9gration de :<\/p>\n<ul>\n<li>Sangles crant\u00e9es et chariots: syst\u00e8me test\u00e9 et approuv\u00e9 depuis pr\u00e8s d\u2019une dizaine d\u2019ann\u00e9es sur des produits \u00e9quip\u00e9s de membranes r\u00e9tractables.<\/li>\n<li>Pantographe, succession de croisillons reli\u00e9s, traditionnellement utilis\u00e9 pour le d\u00e9ploiement des stores des ann\u00e9es 60<\/li>\n<\/ul>\n<p>Ce syst\u00e8me combin\u00e9 relie ainsi chaque lame et coordonne leur 2 mouvements\u00a0: lorsque le chariot se d\u00e9place il entra\u00eene l\u2019orientation et le d\u00e9placement de la premi\u00e8re lame, qui entra\u00eene \u00e0 son tour, en cascade, les autres lames jusqu\u2019\u00e0 la fermeture\/ouverture compl\u00e8te\/partielle de la pergola. Offrant un effet esth\u00e9tique agr\u00e9able et d\u2019innombrables configurations.<\/p>\n<p>Ainsi le syst\u00e8me de tringle a \u00e9t\u00e9 remplac\u00e9, pour rendre le m\u00e9canisme plus fiable.<\/p>\n<h2>La tendance de la pergola bioclimatique r\u00e9tractable<\/h2>\n<p>Kedry Skylife r\u00e9pond \u00e0 une demande grandissante de profiter de son espace ext\u00e9rieur un maximum de temps dans l\u2019ann\u00e9e, et complexe de garder une sensation d\u2019\u00eatre \u00e0 l\u2019ext\u00e9rieur, proche de la nature mais prot\u00e9g\u00e9.<\/p>\n<p>Sa structure, non encombrante, peut \u00eatre ferm\u00e9e par un Line Glass\u00a0: syst\u00e8me de vantaux de verre tremp\u00e9 securit de 10mm qui permet un \u00e9cran de verre jusqu\u2019\u00e0 7 m\u00e8tres, sans profils lat\u00e9raux pour une vue d\u00e9gag\u00e9e sur le panorama et un gain en luminosit\u00e9.<\/p>\n<p>Ainsi sur les saisons les plus humides, la pergola est compl\u00e8tement ferm\u00e9e. Equip\u00e9e d\u2019\u00e9clairage LED, pour une utilisation le soir.<\/p>\n<p>Une solution qui permet \u00e9galement de conserver la pleine entr\u00e9e de luminosit\u00e9 l\u2019\u00e9t\u00e9 gr\u00e2ce aux lames r\u00e9tractables, ce qui en fait la solution adapt\u00e9e pour tous les besoins les plus tendances\u00a0comme les abris de piscine,<\/p>\n<p>La <strong>modularit\u00e9 de la pergola bioclimatique Kedry Skylife<\/strong> permet un profit total de son espace ext\u00e9rieur en toute saison.<\/p>\n","protected":false},"excerpt":{"rendered":"<p>L\u2019aspect innovant\u00a0de la pergola bioclimatique r\u00e9tractable Kedry Skylife\u00a0? Le voici\u00a0: KE a ing\u00e9nieusement combin\u00e9 2 syst\u00e8mes d\u00e9j\u00e0 existants historiquement et&hellip;<\/p>\n","protected":false},"author":10608,"featured_media":113396,"parent":4589,"menu_order":0,"comment_status":"closed","ping_status":"closed","template":"page-templates\/product.php","meta":{"_acf_changed":false,"footnotes":""},"class_list":["post-27288","page","type-page","status-publish","has-post-thumbnail","hentry"],"acf":[],"yoast_head":"<!-- This site is optimized with the Yoast SEO Premium plugin v20.12 (Yoast SEO v27.0) - https:\/\/yoast.com\/product\/yoast-seo-premium-wordpress\/ -->\n<title>Kedry Skylife - Pergola Bioclimatique R\u00e9tractable - KE Outdoor Design<\/title>\n<meta name=\"description\" content=\"Equip\u00e9e d&#039;un syst\u00e8me innovant, cette nouvelle pergola bioclimatique r\u00e9tractable vous offre une nouvelle vision du confort.\" \/>\n<meta name=\"robots\" content=\"index, follow, max-snippet:-1, max-image-preview:large, max-video-preview:-1\" \/>\n<link rel=\"canonical\" href=\"https:\/\/www.keoutdoordesign.com\/fr-fr\/pergolas-gennius\/pergolas-bioclimatiques\/pergola-bioclimatique-retractable-kedry-skylife\/\" \/>\n<meta property=\"og:locale\" content=\"fr_FR\" \/>\n<meta property=\"og:type\" content=\"article\" \/>\n<meta property=\"og:title\" content=\"Pergola bioclimatique r\u00e9tractable Kedry Skylife\" \/>\n<meta property=\"og:description\" content=\"Equip\u00e9e d&#039;un syst\u00e8me innovant, cette nouvelle pergola bioclimatique r\u00e9tractable vous offre une nouvelle vision du confort.\" \/>\n<meta property=\"og:url\" content=\"https:\/\/www.keoutdoordesign.com\/fr-fr\/pergolas-gennius\/pergolas-bioclimatiques\/pergola-bioclimatique-retractable-kedry-skylife\/\" \/>\n<meta property=\"og:site_name\" content=\"KE Outdoor Design\" \/>\n<meta property=\"article:publisher\" content=\"https:\/\/www.facebook.com\/keoutdoordesign.us\" \/>\n<meta property=\"article:modified_time\" content=\"2026-02-23T14:50:24+00:00\" \/>\n<meta property=\"og:image\" content=\"https:\/\/www.keoutdoordesign.com\/wp-content\/uploads\/2025\/10\/KE-RED_B-5.jpg\" \/>\n\t<meta property=\"og:image:width\" content=\"1920\" \/>\n\t<meta property=\"og:image:height\" content=\"1192\" \/>\n\t<meta property=\"og:image:type\" content=\"image\/jpeg\" \/>\n<meta name=\"twitter:card\" content=\"summary_large_image\" \/>\n<meta name=\"twitter:site\" content=\"@keoutdoordesign\" \/>\n<script type=\"application\/ld+json\" class=\"yoast-schema-graph\">{\"@context\":\"https:\/\/schema.org\",\"@graph\":[{\"@type\":\"WebPage\",\"@id\":\"https:\/\/www.keoutdoordesign.com\/fr-fr\/pergolas-gennius\/pergolas-bioclimatiques\/pergola-bioclimatique-retractable-kedry-skylife\/\",\"url\":\"https:\/\/www.keoutdoordesign.com\/fr-fr\/pergolas-gennius\/pergolas-bioclimatiques\/pergola-bioclimatique-retractable-kedry-skylife\/\",\"name\":\"Kedry Skylife - Pergola Bioclimatique R\u00e9tractable - KE Outdoor Design\",\"isPartOf\":{\"@id\":\"https:\/\/www.keoutdoordesign.com\/it-it\/#website\"},\"primaryImageOfPage\":{\"@id\":\"https:\/\/www.keoutdoordesign.com\/fr-fr\/pergolas-gennius\/pergolas-bioclimatiques\/pergola-bioclimatique-retractable-kedry-skylife\/#primaryimage\"},\"image\":{\"@id\":\"https:\/\/www.keoutdoordesign.com\/fr-fr\/pergolas-gennius\/pergolas-bioclimatiques\/pergola-bioclimatique-retractable-kedry-skylife\/#primaryimage\"},\"thumbnailUrl\":\"https:\/\/www.keoutdoordesign.com\/wp-content\/uploads\/2025\/10\/KE-RED_B-5.jpg\",\"datePublished\":\"2021-01-26T16:18:36+00:00\",\"dateModified\":\"2026-02-23T14:50:24+00:00\",\"description\":\"Equip\u00e9e d'un syst\u00e8me innovant, cette nouvelle pergola bioclimatique r\u00e9tractable vous offre une nouvelle vision du confort.\",\"breadcrumb\":{\"@id\":\"https:\/\/www.keoutdoordesign.com\/fr-fr\/pergolas-gennius\/pergolas-bioclimatiques\/pergola-bioclimatique-retractable-kedry-skylife\/#breadcrumb\"},\"inLanguage\":\"fr-FR\",\"potentialAction\":[{\"@type\":\"ReadAction\",\"target\":[\"https:\/\/www.keoutdoordesign.com\/fr-fr\/pergolas-gennius\/pergolas-bioclimatiques\/pergola-bioclimatique-retractable-kedry-skylife\/\"]}]},{\"@type\":\"ImageObject\",\"inLanguage\":\"fr-FR\",\"@id\":\"https:\/\/www.keoutdoordesign.com\/fr-fr\/pergolas-gennius\/pergolas-bioclimatiques\/pergola-bioclimatique-retractable-kedry-skylife\/#primaryimage\",\"url\":\"https:\/\/www.keoutdoordesign.com\/wp-content\/uploads\/2025\/10\/KE-RED_B-5.jpg\",\"contentUrl\":\"https:\/\/www.keoutdoordesign.com\/wp-content\/uploads\/2025\/10\/KE-RED_B-5.jpg\",\"width\":1920,\"height\":1192,\"caption\":\"KE-RED_B\"},{\"@type\":\"BreadcrumbList\",\"@id\":\"https:\/\/www.keoutdoordesign.com\/fr-fr\/pergolas-gennius\/pergolas-bioclimatiques\/pergola-bioclimatique-retractable-kedry-skylife\/#breadcrumb\",\"itemListElement\":[{\"@type\":\"ListItem\",\"position\":1,\"name\":\"Home\",\"item\":\"https:\/\/www.keoutdoordesign.com\/fr-fr\/\"},{\"@type\":\"ListItem\",\"position\":2,\"name\":\"Pergolas sur mesure\",\"item\":\"https:\/\/www.keoutdoordesign.com\/fr-fr\/pergolas-gennius\/\"},{\"@type\":\"ListItem\",\"position\":3,\"name\":\"Pergolas bioclimatiques\",\"item\":\"https:\/\/www.keoutdoordesign.com\/fr-fr\/pergolas-gennius\/pergolas-bioclimatiques\/\"},{\"@type\":\"ListItem\",\"position\":4,\"name\":\"Pergola bioclimatique r\u00e9tractable Kedry Skylife\"}]},{\"@type\":\"WebSite\",\"@id\":\"https:\/\/www.keoutdoordesign.com\/it-it\/#website\",\"url\":\"https:\/\/www.keoutdoordesign.com\/it-it\/\",\"name\":\"KE Outdoor Design\",\"description\":\"Un nuovo sito targato WordPress\",\"publisher\":{\"@id\":\"https:\/\/www.keoutdoordesign.com\/it-it\/#organization\"},\"potentialAction\":[{\"@type\":\"SearchAction\",\"target\":{\"@type\":\"EntryPoint\",\"urlTemplate\":\"https:\/\/www.keoutdoordesign.com\/it-it\/?s={search_term_string}\"},\"query-input\":{\"@type\":\"PropertyValueSpecification\",\"valueRequired\":true,\"valueName\":\"search_term_string\"}}],\"inLanguage\":\"fr-FR\"},{\"@type\":\"Organization\",\"@id\":\"https:\/\/www.keoutdoordesign.com\/it-it\/#organization\",\"name\":\"KE Outdoor Design\",\"url\":\"https:\/\/www.keoutdoordesign.com\/it-it\/\",\"logo\":{\"@type\":\"ImageObject\",\"inLanguage\":\"fr-FR\",\"@id\":\"https:\/\/www.keoutdoordesign.com\/it-it\/#\/schema\/logo\/image\/\",\"url\":\"https:\/\/www.keoutdoordesign.com\/wp-content\/uploads\/2020\/02\/KE-logo-Primary-e1591282842174.jpg\",\"contentUrl\":\"https:\/\/www.keoutdoordesign.com\/wp-content\/uploads\/2020\/02\/KE-logo-Primary-e1591282842174.jpg\",\"width\":500,\"height\":396,\"caption\":\"KE Outdoor Design\"},\"image\":{\"@id\":\"https:\/\/www.keoutdoordesign.com\/it-it\/#\/schema\/logo\/image\/\"},\"sameAs\":[\"https:\/\/www.facebook.com\/keoutdoordesign.us\",\"https:\/\/x.com\/keoutdoordesign\",\"https:\/\/www.facebook.com\/keoutdoordesign\",\"https:\/\/www.youtube.com\/channel\/UCSoMQryJpLqD53bAoZLg2Vg\",\"https:\/\/www.pinterest.it\/keoutdoordesign\/\",\"https:\/\/www.instagram.com\/keoutdoordesign\/\",\"https:\/\/www.linkedin.com\/company\/ke-outdoor-design\/\"]}]}<\/script>\n<!-- \/ Yoast SEO Premium plugin. -->","yoast_head_json":{"title":"Kedry Skylife - Pergola Bioclimatique R\u00e9tractable - KE Outdoor Design","description":"Equip\u00e9e d'un syst\u00e8me innovant, cette nouvelle pergola bioclimatique r\u00e9tractable vous offre une nouvelle vision du confort.","robots":{"index":"index","follow":"follow","max-snippet":"max-snippet:-1","max-image-preview":"max-image-preview:large","max-video-preview":"max-video-preview:-1"},"canonical":"https:\/\/www.keoutdoordesign.com\/fr-fr\/pergolas-gennius\/pergolas-bioclimatiques\/pergola-bioclimatique-retractable-kedry-skylife\/","og_locale":"fr_FR","og_type":"article","og_title":"Pergola bioclimatique r\u00e9tractable Kedry Skylife","og_description":"Equip\u00e9e d'un syst\u00e8me innovant, cette nouvelle pergola bioclimatique r\u00e9tractable vous offre une nouvelle vision du confort.","og_url":"https:\/\/www.keoutdoordesign.com\/fr-fr\/pergolas-gennius\/pergolas-bioclimatiques\/pergola-bioclimatique-retractable-kedry-skylife\/","og_site_name":"KE Outdoor Design","article_publisher":"https:\/\/www.facebook.com\/keoutdoordesign.us","article_modified_time":"2026-02-23T14:50:24+00:00","og_image":[{"width":1920,"height":1192,"url":"https:\/\/www.keoutdoordesign.com\/wp-content\/uploads\/2025\/10\/KE-RED_B-5.jpg","type":"image\/jpeg"}],"twitter_card":"summary_large_image","twitter_site":"@keoutdoordesign","schema":{"@context":"https:\/\/schema.org","@graph":[{"@type":"WebPage","@id":"https:\/\/www.keoutdoordesign.com\/fr-fr\/pergolas-gennius\/pergolas-bioclimatiques\/pergola-bioclimatique-retractable-kedry-skylife\/","url":"https:\/\/www.keoutdoordesign.com\/fr-fr\/pergolas-gennius\/pergolas-bioclimatiques\/pergola-bioclimatique-retractable-kedry-skylife\/","name":"Kedry Skylife - Pergola Bioclimatique R\u00e9tractable - KE Outdoor Design","isPartOf":{"@id":"https:\/\/www.keoutdoordesign.com\/it-it\/#website"},"primaryImageOfPage":{"@id":"https:\/\/www.keoutdoordesign.com\/fr-fr\/pergolas-gennius\/pergolas-bioclimatiques\/pergola-bioclimatique-retractable-kedry-skylife\/#primaryimage"},"image":{"@id":"https:\/\/www.keoutdoordesign.com\/fr-fr\/pergolas-gennius\/pergolas-bioclimatiques\/pergola-bioclimatique-retractable-kedry-skylife\/#primaryimage"},"thumbnailUrl":"https:\/\/www.keoutdoordesign.com\/wp-content\/uploads\/2025\/10\/KE-RED_B-5.jpg","datePublished":"2021-01-26T16:18:36+00:00","dateModified":"2026-02-23T14:50:24+00:00","description":"Equip\u00e9e d'un syst\u00e8me innovant, cette nouvelle pergola bioclimatique r\u00e9tractable vous offre une nouvelle vision du confort.","breadcrumb":{"@id":"https:\/\/www.keoutdoordesign.com\/fr-fr\/pergolas-gennius\/pergolas-bioclimatiques\/pergola-bioclimatique-retractable-kedry-skylife\/#breadcrumb"},"inLanguage":"fr-FR","potentialAction":[{"@type":"ReadAction","target":["https:\/\/www.keoutdoordesign.com\/fr-fr\/pergolas-gennius\/pergolas-bioclimatiques\/pergola-bioclimatique-retractable-kedry-skylife\/"]}]},{"@type":"ImageObject","inLanguage":"fr-FR","@id":"https:\/\/www.keoutdoordesign.com\/fr-fr\/pergolas-gennius\/pergolas-bioclimatiques\/pergola-bioclimatique-retractable-kedry-skylife\/#primaryimage","url":"https:\/\/www.keoutdoordesign.com\/wp-content\/uploads\/2025\/10\/KE-RED_B-5.jpg","contentUrl":"https:\/\/www.keoutdoordesign.com\/wp-content\/uploads\/2025\/10\/KE-RED_B-5.jpg","width":1920,"height":1192,"caption":"KE-RED_B"},{"@type":"BreadcrumbList","@id":"https:\/\/www.keoutdoordesign.com\/fr-fr\/pergolas-gennius\/pergolas-bioclimatiques\/pergola-bioclimatique-retractable-kedry-skylife\/#breadcrumb","itemListElement":[{"@type":"ListItem","position":1,"name":"Home","item":"https:\/\/www.keoutdoordesign.com\/fr-fr\/"},{"@type":"ListItem","position":2,"name":"Pergolas sur mesure","item":"https:\/\/www.keoutdoordesign.com\/fr-fr\/pergolas-gennius\/"},{"@type":"ListItem","position":3,"name":"Pergolas bioclimatiques","item":"https:\/\/www.keoutdoordesign.com\/fr-fr\/pergolas-gennius\/pergolas-bioclimatiques\/"},{"@type":"ListItem","position":4,"name":"Pergola bioclimatique r\u00e9tractable Kedry Skylife"}]},{"@type":"WebSite","@id":"https:\/\/www.keoutdoordesign.com\/it-it\/#website","url":"https:\/\/www.keoutdoordesign.com\/it-it\/","name":"KE Outdoor Design","description":"Un nuovo sito targato WordPress","publisher":{"@id":"https:\/\/www.keoutdoordesign.com\/it-it\/#organization"},"potentialAction":[{"@type":"SearchAction","target":{"@type":"EntryPoint","urlTemplate":"https:\/\/www.keoutdoordesign.com\/it-it\/?s={search_term_string}"},"query-input":{"@type":"PropertyValueSpecification","valueRequired":true,"valueName":"search_term_string"}}],"inLanguage":"fr-FR"},{"@type":"Organization","@id":"https:\/\/www.keoutdoordesign.com\/it-it\/#organization","name":"KE Outdoor Design","url":"https:\/\/www.keoutdoordesign.com\/it-it\/","logo":{"@type":"ImageObject","inLanguage":"fr-FR","@id":"https:\/\/www.keoutdoordesign.com\/it-it\/#\/schema\/logo\/image\/","url":"https:\/\/www.keoutdoordesign.com\/wp-content\/uploads\/2020\/02\/KE-logo-Primary-e1591282842174.jpg","contentUrl":"https:\/\/www.keoutdoordesign.com\/wp-content\/uploads\/2020\/02\/KE-logo-Primary-e1591282842174.jpg","width":500,"height":396,"caption":"KE Outdoor Design"},"image":{"@id":"https:\/\/www.keoutdoordesign.com\/it-it\/#\/schema\/logo\/image\/"},"sameAs":["https:\/\/www.facebook.com\/keoutdoordesign.us","https:\/\/x.com\/keoutdoordesign","https:\/\/www.facebook.com\/keoutdoordesign","https:\/\/www.youtube.com\/channel\/UCSoMQryJpLqD53bAoZLg2Vg","https:\/\/www.pinterest.it\/keoutdoordesign\/","https:\/\/www.instagram.com\/keoutdoordesign\/","https:\/\/www.linkedin.com\/company\/ke-outdoor-design\/"]}]}},"_links":{"self":[{"href":"https:\/\/www.keoutdoordesign.com\/fr-fr\/wp-json\/wp\/v2\/pages\/27288","targetHints":{"allow":["GET"]}}],"collection":[{"href":"https:\/\/www.keoutdoordesign.com\/fr-fr\/wp-json\/wp\/v2\/pages"}],"about":[{"href":"https:\/\/www.keoutdoordesign.com\/fr-fr\/wp-json\/wp\/v2\/types\/page"}],"author":[{"embeddable":true,"href":"https:\/\/www.keoutdoordesign.com\/fr-fr\/wp-json\/wp\/v2\/users\/10608"}],"replies":[{"embeddable":true,"href":"https:\/\/www.keoutdoordesign.com\/fr-fr\/wp-json\/wp\/v2\/comments?post=27288"}],"version-history":[{"count":45,"href":"https:\/\/www.keoutdoordesign.com\/fr-fr\/wp-json\/wp\/v2\/pages\/27288\/revisions"}],"predecessor-version":[{"id":119126,"href":"https:\/\/www.keoutdoordesign.com\/fr-fr\/wp-json\/wp\/v2\/pages\/27288\/revisions\/119126"}],"up":[{"embeddable":true,"href":"https:\/\/www.keoutdoordesign.com\/fr-fr\/wp-json\/wp\/v2\/pages\/4589"}],"wp:featuredmedia":[{"embeddable":true,"href":"https:\/\/www.keoutdoordesign.com\/fr-fr\/wp-json\/wp\/v2\/media\/113396"}],"wp:attachment":[{"href":"https:\/\/www.keoutdoordesign.com\/fr-fr\/wp-json\/wp\/v2\/media?parent=27288"}],"curies":[{"name":"wp","href":"https:\/\/api.w.org\/{rel}","templated":true}]}}