{"id":23566,"date":"2020-08-20T16:49:51","date_gmt":"2020-08-20T14:49:51","guid":{"rendered":"https:\/\/www.keoutdoordesign.com\/?page_id=23566"},"modified":"2025-10-22T14:47:27","modified_gmt":"2025-10-22T12:47:27","slug":"line-glass","status":"publish","type":"page","link":"https:\/\/www.keoutdoordesign.com\/fr-fr\/pergolas-gennius\/accessoires\/line-glass\/","title":{"rendered":"Line Glass"},"content":{"rendered":"<h2>La pergola vitr\u00e9e, une solution au c\u0153ur des tendances<\/h2>\n<p>Concevoir et r\u00e9inventer des espaces de plus en plus ouverts et clairs est l&rsquo;une des tendances architecturales actuelles : l&rsquo;apport en lumi\u00e8re naturelle, est en r\u00e9alit\u00e9 un des facteurs fondamentaux du bien-\u00eatre chez\u00a0les individus.<\/p>\n<p>C\u2019est dans ce sens que KE a de nouveau innov\u00e9 et ainsi con\u00e7u LINE GLASS pour vos <b>pergolas vitr\u00e9es<\/b>, le nouveau syst\u00e8me de fermeture compos\u00e9 de panneaux de verre. Facile \u00e0 installer et sans profil en p\u00e9rim\u00e8tre, il assure une polyvalence d\u2019application maximale et des fonctions totalement exclusives. Tout cela, avec la fiabilit\u00e9, la s\u00e9curit\u00e9 et le design d&rsquo;un produit enti\u00e8rement fabriqu\u00e9 en Italie.<\/p>\n<p>Le verre a \u00e9galement l\u2019avantage de r\u00e9chauffer naturellement l\u2019espace gr\u00e2ce au rayonnement du soleil.<\/p>\n<p>Ce qui transforme un <strong>simple abri en pergola vitr\u00e9e<\/strong> en v\u00e9ritable abri de piscine spacieux et agr\u00e9able \u00e0 vivre, qui permet \u00e9galement de chauffer naturellement l\u2019eau.<\/p>\n<p>De plus la fermeture possible \u00e0 cl\u00e9 prot\u00e8ge son acc\u00e8s comme le veut la r\u00e9glementation.<\/p>\n<p>Line Glass est cumulable avec des stores en toile micro perfor\u00e9e. (lien\u00a0: https:\/\/www.keoutdoordesign.com\/fr-fr\/pergolas-gennius\/accessoires\/fermetures-en-tissu\/)<\/p>\n<p>Gr\u00e2ce au rail inf\u00e9rieur de seulement 18 mm de hauteur, LINE GLASS garantit une facilit\u00e9 d\u2019acc\u00e8s pour les personnes \u00e2g\u00e9es comme pour les enfants, pour des espaces uniques et confortables d\u00e9di\u00e9s \u00e0 tous.<\/p>\n<p>Equip\u00e9e sur des pergolas type Skylife (lien) ou Vega (lien) de chez KE pour une pergola vitr\u00e9e ultra design, combinant le jeu d\u2019ombre et de lumi\u00e8re des lames, de l\u2019\u00e9clairage du produit et du rayonnement \u00e0 travers la vitre. Mais Line glass est \u00e9galement <b>adaptable \u00e0 la plupart des structures du march\u00e9 <\/b>pour transformer une simple couverture en pergola vitr\u00e9e, solution \u00e0 la polyvalence d\u2019application extr\u00eame et aux fonctions totalement exclusives.<\/p>\n<h2>Des finitions et configurations infinies gr\u00e2ce \u00e0 notre pergola vitr\u00e9e<\/h2>\n<p>Sur mesure, selon la taille de votre pergola vitr\u00e9e, choisissez la configuration qui vous convient\u00a0! Le nombre de vantaux peut varier pour offrir une simple ouverture ou une double ouverture en fonction des dimensions de votre pergola vitr\u00e9e.<\/p>\n<p>Pour des questions d\u2019intimit\u00e9 ou de design, diff\u00e9rentes finitions de verre peuvent \u00eatre appliqu\u00e9es\u00a0:<\/p>\n<ul>\n<li>Verre Transparent<\/li>\n<li>Verre Extra clair<\/li>\n<li>Verre Acide<\/li>\n<li>Verre Fum\u00e9<\/li>\n<li>Verre Miroir<\/li>\n<\/ul>\n<p>Serrure autobloquante pour la s\u00e9curit\u00e9, joint brosse pour un mouvement fluide et silencieux, profil rampe \u00e0 45\u00b0 pour permettre le passage des poussettes sont autant de d\u00e9tails pens\u00e9s pour vivre sous votre pergola au quotidien.<\/p>\n<p>Le <strong>syst\u00e8me de la pergola vitr\u00e9e<\/strong> est d\u00e9montable pour permettre un nettoyage rapide.<\/p>\n","protected":false},"excerpt":{"rendered":"<p>La pergola vitr\u00e9e, une solution au c\u0153ur des tendances Concevoir et r\u00e9inventer des espaces de plus en plus ouverts et&hellip;<\/p>\n","protected":false},"author":10608,"featured_media":114289,"parent":12525,"menu_order":7,"comment_status":"closed","ping_status":"closed","template":"page-templates\/product.php","meta":{"_acf_changed":false,"footnotes":""},"class_list":["post-23566","page","type-page","status-publish","has-post-thumbnail","hentry"],"acf":[],"yoast_head":"<!-- This site is optimized with the Yoast SEO Premium plugin v20.12 (Yoast SEO v27.3) - https:\/\/yoast.com\/product\/yoast-seo-premium-wordpress\/ -->\n<title>LINE GLASS - KE Outdoor Design<\/title>\n<meta name=\"description\" content=\"Pergola vitr\u00e9e : Le syst\u00e8me LINE GLASS est la solution id\u00e9ale pour profiter de votre pergola. Le syst\u00e8me se caract\u00e9rise par son design lin\u00e9aire.\" \/>\n<meta name=\"robots\" content=\"index, follow, max-snippet:-1, max-image-preview:large, max-video-preview:-1\" \/>\n<link rel=\"canonical\" href=\"https:\/\/www.keoutdoordesign.com\/fr-fr\/pergolas-gennius\/accessoires\/line-glass\/\" \/>\n<meta property=\"og:locale\" content=\"fr_FR\" \/>\n<meta property=\"og:type\" content=\"article\" \/>\n<meta property=\"og:title\" content=\"Line Glass\" \/>\n<meta property=\"og:description\" content=\"Pergola vitr\u00e9e : Le syst\u00e8me LINE GLASS est la solution id\u00e9ale pour profiter de votre pergola. Le syst\u00e8me se caract\u00e9rise par son design lin\u00e9aire.\" \/>\n<meta property=\"og:url\" content=\"https:\/\/www.keoutdoordesign.com\/fr-fr\/pergolas-gennius\/accessoires\/line-glass\/\" \/>\n<meta property=\"og:site_name\" content=\"KE Outdoor Design\" \/>\n<meta property=\"article:publisher\" content=\"https:\/\/www.facebook.com\/keoutdoordesign.us\" \/>\n<meta property=\"article:modified_time\" content=\"2025-10-22T12:47:27+00:00\" \/>\n<meta property=\"og:image\" content=\"https:\/\/www.keoutdoordesign.com\/wp-content\/uploads\/2025\/10\/Ke-Fossalta-19.jpg\" \/>\n\t<meta property=\"og:image:width\" content=\"1920\" \/>\n\t<meta property=\"og:image:height\" content=\"1277\" \/>\n\t<meta property=\"og:image:type\" content=\"image\/jpeg\" \/>\n<meta name=\"twitter:card\" content=\"summary_large_image\" \/>\n<meta name=\"twitter:site\" content=\"@keoutdoordesign\" \/>\n<script type=\"application\/ld+json\" class=\"yoast-schema-graph\">{\"@context\":\"https:\\\/\\\/schema.org\",\"@graph\":[{\"@type\":\"WebPage\",\"@id\":\"https:\\\/\\\/www.keoutdoordesign.com\\\/fr-fr\\\/pergolas-gennius\\\/accessoires\\\/line-glass\\\/\",\"url\":\"https:\\\/\\\/www.keoutdoordesign.com\\\/fr-fr\\\/pergolas-gennius\\\/accessoires\\\/line-glass\\\/\",\"name\":\"LINE GLASS - KE Outdoor Design\",\"isPartOf\":{\"@id\":\"https:\\\/\\\/www.keoutdoordesign.com\\\/it-it\\\/#website\"},\"primaryImageOfPage\":{\"@id\":\"https:\\\/\\\/www.keoutdoordesign.com\\\/fr-fr\\\/pergolas-gennius\\\/accessoires\\\/line-glass\\\/#primaryimage\"},\"image\":{\"@id\":\"https:\\\/\\\/www.keoutdoordesign.com\\\/fr-fr\\\/pergolas-gennius\\\/accessoires\\\/line-glass\\\/#primaryimage\"},\"thumbnailUrl\":\"https:\\\/\\\/www.keoutdoordesign.com\\\/wp-content\\\/uploads\\\/2025\\\/10\\\/Ke-Fossalta-19.jpg\",\"datePublished\":\"2020-08-20T14:49:51+00:00\",\"dateModified\":\"2025-10-22T12:47:27+00:00\",\"description\":\"Pergola vitr\u00e9e : Le syst\u00e8me LINE GLASS est la solution id\u00e9ale pour profiter de votre pergola. Le syst\u00e8me se caract\u00e9rise par son design lin\u00e9aire.\",\"breadcrumb\":{\"@id\":\"https:\\\/\\\/www.keoutdoordesign.com\\\/fr-fr\\\/pergolas-gennius\\\/accessoires\\\/line-glass\\\/#breadcrumb\"},\"inLanguage\":\"fr-FR\",\"potentialAction\":[{\"@type\":\"ReadAction\",\"target\":[\"https:\\\/\\\/www.keoutdoordesign.com\\\/fr-fr\\\/pergolas-gennius\\\/accessoires\\\/line-glass\\\/\"]}]},{\"@type\":\"ImageObject\",\"inLanguage\":\"fr-FR\",\"@id\":\"https:\\\/\\\/www.keoutdoordesign.com\\\/fr-fr\\\/pergolas-gennius\\\/accessoires\\\/line-glass\\\/#primaryimage\",\"url\":\"https:\\\/\\\/www.keoutdoordesign.com\\\/wp-content\\\/uploads\\\/2025\\\/10\\\/Ke-Fossalta-19.jpg\",\"contentUrl\":\"https:\\\/\\\/www.keoutdoordesign.com\\\/wp-content\\\/uploads\\\/2025\\\/10\\\/Ke-Fossalta-19.jpg\",\"width\":1920,\"height\":1277},{\"@type\":\"BreadcrumbList\",\"@id\":\"https:\\\/\\\/www.keoutdoordesign.com\\\/fr-fr\\\/pergolas-gennius\\\/accessoires\\\/line-glass\\\/#breadcrumb\",\"itemListElement\":[{\"@type\":\"ListItem\",\"position\":1,\"name\":\"Home\",\"item\":\"https:\\\/\\\/www.keoutdoordesign.com\\\/fr-fr\\\/\"},{\"@type\":\"ListItem\",\"position\":2,\"name\":\"Pergolas sur mesure\",\"item\":\"https:\\\/\\\/www.keoutdoordesign.com\\\/fr-fr\\\/pergolas-gennius\\\/\"},{\"@type\":\"ListItem\",\"position\":3,\"name\":\"Options et Accessoires Pergolas\",\"item\":\"https:\\\/\\\/www.keoutdoordesign.com\\\/fr-fr\\\/pergolas-gennius\\\/accessoires\\\/\"},{\"@type\":\"ListItem\",\"position\":4,\"name\":\"Line Glass\"}]},{\"@type\":\"WebSite\",\"@id\":\"https:\\\/\\\/www.keoutdoordesign.com\\\/it-it\\\/#website\",\"url\":\"https:\\\/\\\/www.keoutdoordesign.com\\\/it-it\\\/\",\"name\":\"KE Outdoor Design\",\"description\":\"Un nuovo sito targato WordPress\",\"publisher\":{\"@id\":\"https:\\\/\\\/www.keoutdoordesign.com\\\/it-it\\\/#organization\"},\"potentialAction\":[{\"@type\":\"SearchAction\",\"target\":{\"@type\":\"EntryPoint\",\"urlTemplate\":\"https:\\\/\\\/www.keoutdoordesign.com\\\/it-it\\\/?s={search_term_string}\"},\"query-input\":{\"@type\":\"PropertyValueSpecification\",\"valueRequired\":true,\"valueName\":\"search_term_string\"}}],\"inLanguage\":\"fr-FR\"},{\"@type\":\"Organization\",\"@id\":\"https:\\\/\\\/www.keoutdoordesign.com\\\/it-it\\\/#organization\",\"name\":\"KE Outdoor Design\",\"url\":\"https:\\\/\\\/www.keoutdoordesign.com\\\/it-it\\\/\",\"logo\":{\"@type\":\"ImageObject\",\"inLanguage\":\"fr-FR\",\"@id\":\"https:\\\/\\\/www.keoutdoordesign.com\\\/it-it\\\/#\\\/schema\\\/logo\\\/image\\\/\",\"url\":\"https:\\\/\\\/www.keoutdoordesign.com\\\/wp-content\\\/uploads\\\/2020\\\/02\\\/KE-logo-Primary-e1591282842174.jpg\",\"contentUrl\":\"https:\\\/\\\/www.keoutdoordesign.com\\\/wp-content\\\/uploads\\\/2020\\\/02\\\/KE-logo-Primary-e1591282842174.jpg\",\"width\":500,\"height\":396,\"caption\":\"KE Outdoor Design\"},\"image\":{\"@id\":\"https:\\\/\\\/www.keoutdoordesign.com\\\/it-it\\\/#\\\/schema\\\/logo\\\/image\\\/\"},\"sameAs\":[\"https:\\\/\\\/www.facebook.com\\\/keoutdoordesign.us\",\"https:\\\/\\\/x.com\\\/keoutdoordesign\",\"https:\\\/\\\/www.facebook.com\\\/keoutdoordesign\",\"https:\\\/\\\/www.youtube.com\\\/channel\\\/UCSoMQryJpLqD53bAoZLg2Vg\",\"https:\\\/\\\/www.pinterest.it\\\/keoutdoordesign\\\/\",\"https:\\\/\\\/www.instagram.com\\\/keoutdoordesign\\\/\",\"https:\\\/\\\/www.linkedin.com\\\/company\\\/ke-outdoor-design\\\/\"]}]}<\/script>\n<!-- \/ Yoast SEO Premium plugin. -->","yoast_head_json":{"title":"LINE GLASS - KE Outdoor Design","description":"Pergola vitr\u00e9e : Le syst\u00e8me LINE GLASS est la solution id\u00e9ale pour profiter de votre pergola. Le syst\u00e8me se caract\u00e9rise par son design lin\u00e9aire.","robots":{"index":"index","follow":"follow","max-snippet":"max-snippet:-1","max-image-preview":"max-image-preview:large","max-video-preview":"max-video-preview:-1"},"canonical":"https:\/\/www.keoutdoordesign.com\/fr-fr\/pergolas-gennius\/accessoires\/line-glass\/","og_locale":"fr_FR","og_type":"article","og_title":"Line Glass","og_description":"Pergola vitr\u00e9e : Le syst\u00e8me LINE GLASS est la solution id\u00e9ale pour profiter de votre pergola. Le syst\u00e8me se caract\u00e9rise par son design lin\u00e9aire.","og_url":"https:\/\/www.keoutdoordesign.com\/fr-fr\/pergolas-gennius\/accessoires\/line-glass\/","og_site_name":"KE Outdoor Design","article_publisher":"https:\/\/www.facebook.com\/keoutdoordesign.us","article_modified_time":"2025-10-22T12:47:27+00:00","og_image":[{"width":1920,"height":1277,"url":"https:\/\/www.keoutdoordesign.com\/wp-content\/uploads\/2025\/10\/Ke-Fossalta-19.jpg","type":"image\/jpeg"}],"twitter_card":"summary_large_image","twitter_site":"@keoutdoordesign","schema":{"@context":"https:\/\/schema.org","@graph":[{"@type":"WebPage","@id":"https:\/\/www.keoutdoordesign.com\/fr-fr\/pergolas-gennius\/accessoires\/line-glass\/","url":"https:\/\/www.keoutdoordesign.com\/fr-fr\/pergolas-gennius\/accessoires\/line-glass\/","name":"LINE GLASS - KE Outdoor Design","isPartOf":{"@id":"https:\/\/www.keoutdoordesign.com\/it-it\/#website"},"primaryImageOfPage":{"@id":"https:\/\/www.keoutdoordesign.com\/fr-fr\/pergolas-gennius\/accessoires\/line-glass\/#primaryimage"},"image":{"@id":"https:\/\/www.keoutdoordesign.com\/fr-fr\/pergolas-gennius\/accessoires\/line-glass\/#primaryimage"},"thumbnailUrl":"https:\/\/www.keoutdoordesign.com\/wp-content\/uploads\/2025\/10\/Ke-Fossalta-19.jpg","datePublished":"2020-08-20T14:49:51+00:00","dateModified":"2025-10-22T12:47:27+00:00","description":"Pergola vitr\u00e9e : Le syst\u00e8me LINE GLASS est la solution id\u00e9ale pour profiter de votre pergola. Le syst\u00e8me se caract\u00e9rise par son design lin\u00e9aire.","breadcrumb":{"@id":"https:\/\/www.keoutdoordesign.com\/fr-fr\/pergolas-gennius\/accessoires\/line-glass\/#breadcrumb"},"inLanguage":"fr-FR","potentialAction":[{"@type":"ReadAction","target":["https:\/\/www.keoutdoordesign.com\/fr-fr\/pergolas-gennius\/accessoires\/line-glass\/"]}]},{"@type":"ImageObject","inLanguage":"fr-FR","@id":"https:\/\/www.keoutdoordesign.com\/fr-fr\/pergolas-gennius\/accessoires\/line-glass\/#primaryimage","url":"https:\/\/www.keoutdoordesign.com\/wp-content\/uploads\/2025\/10\/Ke-Fossalta-19.jpg","contentUrl":"https:\/\/www.keoutdoordesign.com\/wp-content\/uploads\/2025\/10\/Ke-Fossalta-19.jpg","width":1920,"height":1277},{"@type":"BreadcrumbList","@id":"https:\/\/www.keoutdoordesign.com\/fr-fr\/pergolas-gennius\/accessoires\/line-glass\/#breadcrumb","itemListElement":[{"@type":"ListItem","position":1,"name":"Home","item":"https:\/\/www.keoutdoordesign.com\/fr-fr\/"},{"@type":"ListItem","position":2,"name":"Pergolas sur mesure","item":"https:\/\/www.keoutdoordesign.com\/fr-fr\/pergolas-gennius\/"},{"@type":"ListItem","position":3,"name":"Options et Accessoires Pergolas","item":"https:\/\/www.keoutdoordesign.com\/fr-fr\/pergolas-gennius\/accessoires\/"},{"@type":"ListItem","position":4,"name":"Line Glass"}]},{"@type":"WebSite","@id":"https:\/\/www.keoutdoordesign.com\/it-it\/#website","url":"https:\/\/www.keoutdoordesign.com\/it-it\/","name":"KE Outdoor Design","description":"Un nuovo sito targato WordPress","publisher":{"@id":"https:\/\/www.keoutdoordesign.com\/it-it\/#organization"},"potentialAction":[{"@type":"SearchAction","target":{"@type":"EntryPoint","urlTemplate":"https:\/\/www.keoutdoordesign.com\/it-it\/?s={search_term_string}"},"query-input":{"@type":"PropertyValueSpecification","valueRequired":true,"valueName":"search_term_string"}}],"inLanguage":"fr-FR"},{"@type":"Organization","@id":"https:\/\/www.keoutdoordesign.com\/it-it\/#organization","name":"KE Outdoor Design","url":"https:\/\/www.keoutdoordesign.com\/it-it\/","logo":{"@type":"ImageObject","inLanguage":"fr-FR","@id":"https:\/\/www.keoutdoordesign.com\/it-it\/#\/schema\/logo\/image\/","url":"https:\/\/www.keoutdoordesign.com\/wp-content\/uploads\/2020\/02\/KE-logo-Primary-e1591282842174.jpg","contentUrl":"https:\/\/www.keoutdoordesign.com\/wp-content\/uploads\/2020\/02\/KE-logo-Primary-e1591282842174.jpg","width":500,"height":396,"caption":"KE Outdoor Design"},"image":{"@id":"https:\/\/www.keoutdoordesign.com\/it-it\/#\/schema\/logo\/image\/"},"sameAs":["https:\/\/www.facebook.com\/keoutdoordesign.us","https:\/\/x.com\/keoutdoordesign","https:\/\/www.facebook.com\/keoutdoordesign","https:\/\/www.youtube.com\/channel\/UCSoMQryJpLqD53bAoZLg2Vg","https:\/\/www.pinterest.it\/keoutdoordesign\/","https:\/\/www.instagram.com\/keoutdoordesign\/","https:\/\/www.linkedin.com\/company\/ke-outdoor-design\/"]}]}},"_links":{"self":[{"href":"https:\/\/www.keoutdoordesign.com\/fr-fr\/wp-json\/wp\/v2\/pages\/23566","targetHints":{"allow":["GET"]}}],"collection":[{"href":"https:\/\/www.keoutdoordesign.com\/fr-fr\/wp-json\/wp\/v2\/pages"}],"about":[{"href":"https:\/\/www.keoutdoordesign.com\/fr-fr\/wp-json\/wp\/v2\/types\/page"}],"author":[{"embeddable":true,"href":"https:\/\/www.keoutdoordesign.com\/fr-fr\/wp-json\/wp\/v2\/users\/10608"}],"replies":[{"embeddable":true,"href":"https:\/\/www.keoutdoordesign.com\/fr-fr\/wp-json\/wp\/v2\/comments?post=23566"}],"version-history":[{"count":25,"href":"https:\/\/www.keoutdoordesign.com\/fr-fr\/wp-json\/wp\/v2\/pages\/23566\/revisions"}],"predecessor-version":[{"id":105179,"href":"https:\/\/www.keoutdoordesign.com\/fr-fr\/wp-json\/wp\/v2\/pages\/23566\/revisions\/105179"}],"up":[{"embeddable":true,"href":"https:\/\/www.keoutdoordesign.com\/fr-fr\/wp-json\/wp\/v2\/pages\/12525"}],"wp:featuredmedia":[{"embeddable":true,"href":"https:\/\/www.keoutdoordesign.com\/fr-fr\/wp-json\/wp\/v2\/media\/114289"}],"wp:attachment":[{"href":"https:\/\/www.keoutdoordesign.com\/fr-fr\/wp-json\/wp\/v2\/media?parent=23566"}],"curies":[{"name":"wp","href":"https:\/\/api.w.org\/{rel}","templated":true}]}}