{"id":120599,"date":"2026-03-26T09:48:22","date_gmt":"2026-03-26T08:48:22","guid":{"rendered":"https:\/\/www.keoutdoordesign.com\/?page_id=120599"},"modified":"2026-04-16T11:11:23","modified_gmt":"2026-04-16T09:11:23","slug":"pergola-bioclimatique-kedry-neos","status":"publish","type":"page","link":"https:\/\/www.keoutdoordesign.com\/fr-fr\/pergolas-gennius\/pergolas-bioclimatiques\/pergola-bioclimatique-kedry-neos\/","title":{"rendered":"Pergola bioclimatique Kedry Neos"},"content":{"rendered":"<p>Kedry Neos ouvre une nouvelle dimension o\u00f9 son profil technologique se distingue par une ing\u00e9nierie invisible mais extr\u00eamement efficace, \u00e0 commencer par le syst\u00e8me de drainage innovant : une goutti\u00e8re avec joints haute \u00e9tanch\u00e9it\u00e9 conduit l\u2019eau directement vers les descentes int\u00e9gr\u00e9es dans les colonnes, pr\u00e9servant la propret\u00e9 esth\u00e9tique de la structure. Cette attention au d\u00e9tail s\u2019accompagne d\u2019une modularit\u00e9 qui permet \u00e0 Kedry Neos de s\u2019adapter \u00e0 tout besoin de conception, en version autoportante ou adoss\u00e9e, atteignant des dimensions jusqu\u2019\u00e0 450&#215;600 cm par module, avec la possibilit\u00e9 d\u2019assembler plusieurs unit\u00e9s pour couvrir de grandes surfaces. Pour une exp\u00e9rience de bien-\u00eatre totale, le syst\u00e8me \u00e9l\u00e9gant int\u00e8gre des<strong> lumi\u00e8res LED dimmables, plac\u00e9es dans les profils de goutti\u00e8re<\/strong>, permettant de g\u00e9rer l\u2019intensit\u00e9 lumineuse et transformant l\u2019espace en un environnement accueillant et utilisable \u00e0 tout moment de la journ\u00e9e.<\/p>\n<p>Pour compl\u00e9ter une vision de l\u2019outdoor toujours plus sur mesure, Kedry Neos peut \u00eatre \u00e9quip\u00e9 de nouvelles lames brise-soleil, con\u00e7ues comme un v\u00e9ritable \u00e9l\u00e9ment d\u00e9coratif, permettant de moduler la lumi\u00e8re avec \u00e9l\u00e9gance, garantissant intimit\u00e9 et un dialogue esth\u00e9tique sophistiqu\u00e9 avec l\u2019architecture environnante. Pour une protection totale, la structure peut accueillir des fermetures p\u00e9rim\u00e9triques telles que les vitrages Line Glass, les protections verticales Vertika et les rideaux de voilage.<\/p>\n","protected":false},"excerpt":{"rendered":"<p>Kedry Neos ouvre une nouvelle dimension o\u00f9 son profil technologique se distingue par une ing\u00e9nierie invisible mais extr\u00eamement efficace, \u00e0&hellip;<\/p>\n","protected":false},"author":10407,"featured_media":120660,"parent":4589,"menu_order":0,"comment_status":"closed","ping_status":"closed","template":"page-templates\/product.php","meta":{"_acf_changed":false,"footnotes":""},"class_list":["post-120599","page","type-page","status-publish","has-post-thumbnail","hentry"],"acf":[],"yoast_head":"<!-- This site is optimized with the Yoast SEO Premium plugin v20.12 (Yoast SEO v27.4) - https:\/\/yoast.com\/product\/yoast-seo-premium-wordpress\/ -->\n<title>Kedry Neos - Pergola Bioclimatique Orientables - KE Outdoor Design<\/title>\n<meta name=\"description\" content=\"Store de pergola autoportant en aluminium \u00e0 lames orientables compos\u00e9 d\u2019une poutre de support p\u00e9riph\u00e9rique et de goutti\u00e8res attenantes permettant l\u2019\u00e9coulement de l\u2019eau.\" \/>\n<meta name=\"robots\" content=\"index, follow, max-snippet:-1, max-image-preview:large, max-video-preview:-1\" \/>\n<link rel=\"canonical\" href=\"https:\/\/www.keoutdoordesign.com\/fr-fr\/pergolas-gennius\/pergolas-bioclimatiques\/pergola-bioclimatique-kedry-neos\/\" \/>\n<meta property=\"og:locale\" content=\"fr_FR\" \/>\n<meta property=\"og:type\" content=\"article\" \/>\n<meta property=\"og:title\" content=\"Pergola bioclimatique Kedry Neos\" \/>\n<meta property=\"og:description\" content=\"Store de pergola autoportant en aluminium \u00e0 lames orientables compos\u00e9 d\u2019une poutre de support p\u00e9riph\u00e9rique et de goutti\u00e8res attenantes permettant l\u2019\u00e9coulement de l\u2019eau.\" \/>\n<meta property=\"og:url\" content=\"https:\/\/www.keoutdoordesign.com\/fr-fr\/pergolas-gennius\/pergolas-bioclimatiques\/pergola-bioclimatique-kedry-neos\/\" \/>\n<meta property=\"og:site_name\" content=\"KE Outdoor Design\" \/>\n<meta property=\"article:publisher\" content=\"https:\/\/www.facebook.com\/keoutdoordesign.us\" \/>\n<meta property=\"article:modified_time\" content=\"2026-04-16T09:11:23+00:00\" \/>\n<meta property=\"og:image\" content=\"https:\/\/www.keoutdoordesign.com\/wp-content\/uploads\/2026\/03\/KEDRY-NEOS_AUTOPORTANTE-SINGOLA_VISTA-GENERALE_ALTA_02.jpg\" \/>\n\t<meta property=\"og:image:width\" content=\"1920\" \/>\n\t<meta property=\"og:image:height\" content=\"1358\" \/>\n\t<meta property=\"og:image:type\" content=\"image\/jpeg\" \/>\n<meta name=\"twitter:card\" content=\"summary_large_image\" \/>\n<meta name=\"twitter:site\" content=\"@keoutdoordesign\" \/>\n<script type=\"application\/ld+json\" class=\"yoast-schema-graph\">{\"@context\":\"https:\\\/\\\/schema.org\",\"@graph\":[{\"@type\":\"WebPage\",\"@id\":\"https:\\\/\\\/www.keoutdoordesign.com\\\/fr-fr\\\/pergolas-gennius\\\/pergolas-bioclimatiques\\\/pergola-bioclimatique-kedry-neos\\\/\",\"url\":\"https:\\\/\\\/www.keoutdoordesign.com\\\/fr-fr\\\/pergolas-gennius\\\/pergolas-bioclimatiques\\\/pergola-bioclimatique-kedry-neos\\\/\",\"name\":\"Kedry Neos - Pergola Bioclimatique Orientables - KE Outdoor Design\",\"isPartOf\":{\"@id\":\"https:\\\/\\\/www.keoutdoordesign.com\\\/it-it\\\/#website\"},\"primaryImageOfPage\":{\"@id\":\"https:\\\/\\\/www.keoutdoordesign.com\\\/fr-fr\\\/pergolas-gennius\\\/pergolas-bioclimatiques\\\/pergola-bioclimatique-kedry-neos\\\/#primaryimage\"},\"image\":{\"@id\":\"https:\\\/\\\/www.keoutdoordesign.com\\\/fr-fr\\\/pergolas-gennius\\\/pergolas-bioclimatiques\\\/pergola-bioclimatique-kedry-neos\\\/#primaryimage\"},\"thumbnailUrl\":\"https:\\\/\\\/www.keoutdoordesign.com\\\/wp-content\\\/uploads\\\/2026\\\/03\\\/KEDRY-NEOS_AUTOPORTANTE-SINGOLA_VISTA-GENERALE_ALTA_02.jpg\",\"datePublished\":\"2026-03-26T08:48:22+00:00\",\"dateModified\":\"2026-04-16T09:11:23+00:00\",\"description\":\"Store de pergola autoportant en aluminium \u00e0 lames orientables compos\u00e9 d\u2019une poutre de support p\u00e9riph\u00e9rique et de goutti\u00e8res attenantes permettant l\u2019\u00e9coulement de l\u2019eau.\",\"breadcrumb\":{\"@id\":\"https:\\\/\\\/www.keoutdoordesign.com\\\/fr-fr\\\/pergolas-gennius\\\/pergolas-bioclimatiques\\\/pergola-bioclimatique-kedry-neos\\\/#breadcrumb\"},\"inLanguage\":\"fr-FR\",\"potentialAction\":[{\"@type\":\"ReadAction\",\"target\":[\"https:\\\/\\\/www.keoutdoordesign.com\\\/fr-fr\\\/pergolas-gennius\\\/pergolas-bioclimatiques\\\/pergola-bioclimatique-kedry-neos\\\/\"]}]},{\"@type\":\"ImageObject\",\"inLanguage\":\"fr-FR\",\"@id\":\"https:\\\/\\\/www.keoutdoordesign.com\\\/fr-fr\\\/pergolas-gennius\\\/pergolas-bioclimatiques\\\/pergola-bioclimatique-kedry-neos\\\/#primaryimage\",\"url\":\"https:\\\/\\\/www.keoutdoordesign.com\\\/wp-content\\\/uploads\\\/2026\\\/03\\\/KEDRY-NEOS_AUTOPORTANTE-SINGOLA_VISTA-GENERALE_ALTA_02.jpg\",\"contentUrl\":\"https:\\\/\\\/www.keoutdoordesign.com\\\/wp-content\\\/uploads\\\/2026\\\/03\\\/KEDRY-NEOS_AUTOPORTANTE-SINGOLA_VISTA-GENERALE_ALTA_02.jpg\",\"width\":1920,\"height\":1358},{\"@type\":\"BreadcrumbList\",\"@id\":\"https:\\\/\\\/www.keoutdoordesign.com\\\/fr-fr\\\/pergolas-gennius\\\/pergolas-bioclimatiques\\\/pergola-bioclimatique-kedry-neos\\\/#breadcrumb\",\"itemListElement\":[{\"@type\":\"ListItem\",\"position\":1,\"name\":\"Home\",\"item\":\"https:\\\/\\\/www.keoutdoordesign.com\\\/fr-fr\\\/\"},{\"@type\":\"ListItem\",\"position\":2,\"name\":\"Pergolas sur mesure\",\"item\":\"https:\\\/\\\/www.keoutdoordesign.com\\\/fr-fr\\\/pergolas-gennius\\\/\"},{\"@type\":\"ListItem\",\"position\":3,\"name\":\"Pergolas bioclimatiques\",\"item\":\"https:\\\/\\\/www.keoutdoordesign.com\\\/fr-fr\\\/pergolas-gennius\\\/pergolas-bioclimatiques\\\/\"},{\"@type\":\"ListItem\",\"position\":4,\"name\":\"Pergola bioclimatique Kedry Neos\"}]},{\"@type\":\"WebSite\",\"@id\":\"https:\\\/\\\/www.keoutdoordesign.com\\\/it-it\\\/#website\",\"url\":\"https:\\\/\\\/www.keoutdoordesign.com\\\/it-it\\\/\",\"name\":\"KE Outdoor Design\",\"description\":\"Un nuovo sito targato WordPress\",\"publisher\":{\"@id\":\"https:\\\/\\\/www.keoutdoordesign.com\\\/it-it\\\/#organization\"},\"potentialAction\":[{\"@type\":\"SearchAction\",\"target\":{\"@type\":\"EntryPoint\",\"urlTemplate\":\"https:\\\/\\\/www.keoutdoordesign.com\\\/it-it\\\/?s={search_term_string}\"},\"query-input\":{\"@type\":\"PropertyValueSpecification\",\"valueRequired\":true,\"valueName\":\"search_term_string\"}}],\"inLanguage\":\"fr-FR\"},{\"@type\":\"Organization\",\"@id\":\"https:\\\/\\\/www.keoutdoordesign.com\\\/it-it\\\/#organization\",\"name\":\"KE Outdoor Design\",\"url\":\"https:\\\/\\\/www.keoutdoordesign.com\\\/it-it\\\/\",\"logo\":{\"@type\":\"ImageObject\",\"inLanguage\":\"fr-FR\",\"@id\":\"https:\\\/\\\/www.keoutdoordesign.com\\\/it-it\\\/#\\\/schema\\\/logo\\\/image\\\/\",\"url\":\"https:\\\/\\\/www.keoutdoordesign.com\\\/wp-content\\\/uploads\\\/2020\\\/02\\\/KE-logo-Primary-e1591282842174.jpg\",\"contentUrl\":\"https:\\\/\\\/www.keoutdoordesign.com\\\/wp-content\\\/uploads\\\/2020\\\/02\\\/KE-logo-Primary-e1591282842174.jpg\",\"width\":500,\"height\":396,\"caption\":\"KE Outdoor Design\"},\"image\":{\"@id\":\"https:\\\/\\\/www.keoutdoordesign.com\\\/it-it\\\/#\\\/schema\\\/logo\\\/image\\\/\"},\"sameAs\":[\"https:\\\/\\\/www.facebook.com\\\/keoutdoordesign.us\",\"https:\\\/\\\/x.com\\\/keoutdoordesign\",\"https:\\\/\\\/www.facebook.com\\\/keoutdoordesign\",\"https:\\\/\\\/www.youtube.com\\\/channel\\\/UCSoMQryJpLqD53bAoZLg2Vg\",\"https:\\\/\\\/www.pinterest.it\\\/keoutdoordesign\\\/\",\"https:\\\/\\\/www.instagram.com\\\/keoutdoordesign\\\/\",\"https:\\\/\\\/www.linkedin.com\\\/company\\\/ke-outdoor-design\\\/\"]}]}<\/script>\n<!-- \/ Yoast SEO Premium plugin. -->","yoast_head_json":{"title":"Kedry Neos - Pergola Bioclimatique Orientables - KE Outdoor Design","description":"Store de pergola autoportant en aluminium \u00e0 lames orientables compos\u00e9 d\u2019une poutre de support p\u00e9riph\u00e9rique et de goutti\u00e8res attenantes permettant l\u2019\u00e9coulement de l\u2019eau.","robots":{"index":"index","follow":"follow","max-snippet":"max-snippet:-1","max-image-preview":"max-image-preview:large","max-video-preview":"max-video-preview:-1"},"canonical":"https:\/\/www.keoutdoordesign.com\/fr-fr\/pergolas-gennius\/pergolas-bioclimatiques\/pergola-bioclimatique-kedry-neos\/","og_locale":"fr_FR","og_type":"article","og_title":"Pergola bioclimatique Kedry Neos","og_description":"Store de pergola autoportant en aluminium \u00e0 lames orientables compos\u00e9 d\u2019une poutre de support p\u00e9riph\u00e9rique et de goutti\u00e8res attenantes permettant l\u2019\u00e9coulement de l\u2019eau.","og_url":"https:\/\/www.keoutdoordesign.com\/fr-fr\/pergolas-gennius\/pergolas-bioclimatiques\/pergola-bioclimatique-kedry-neos\/","og_site_name":"KE Outdoor Design","article_publisher":"https:\/\/www.facebook.com\/keoutdoordesign.us","article_modified_time":"2026-04-16T09:11:23+00:00","og_image":[{"width":1920,"height":1358,"url":"https:\/\/www.keoutdoordesign.com\/wp-content\/uploads\/2026\/03\/KEDRY-NEOS_AUTOPORTANTE-SINGOLA_VISTA-GENERALE_ALTA_02.jpg","type":"image\/jpeg"}],"twitter_card":"summary_large_image","twitter_site":"@keoutdoordesign","schema":{"@context":"https:\/\/schema.org","@graph":[{"@type":"WebPage","@id":"https:\/\/www.keoutdoordesign.com\/fr-fr\/pergolas-gennius\/pergolas-bioclimatiques\/pergola-bioclimatique-kedry-neos\/","url":"https:\/\/www.keoutdoordesign.com\/fr-fr\/pergolas-gennius\/pergolas-bioclimatiques\/pergola-bioclimatique-kedry-neos\/","name":"Kedry Neos - Pergola Bioclimatique Orientables - KE Outdoor Design","isPartOf":{"@id":"https:\/\/www.keoutdoordesign.com\/it-it\/#website"},"primaryImageOfPage":{"@id":"https:\/\/www.keoutdoordesign.com\/fr-fr\/pergolas-gennius\/pergolas-bioclimatiques\/pergola-bioclimatique-kedry-neos\/#primaryimage"},"image":{"@id":"https:\/\/www.keoutdoordesign.com\/fr-fr\/pergolas-gennius\/pergolas-bioclimatiques\/pergola-bioclimatique-kedry-neos\/#primaryimage"},"thumbnailUrl":"https:\/\/www.keoutdoordesign.com\/wp-content\/uploads\/2026\/03\/KEDRY-NEOS_AUTOPORTANTE-SINGOLA_VISTA-GENERALE_ALTA_02.jpg","datePublished":"2026-03-26T08:48:22+00:00","dateModified":"2026-04-16T09:11:23+00:00","description":"Store de pergola autoportant en aluminium \u00e0 lames orientables compos\u00e9 d\u2019une poutre de support p\u00e9riph\u00e9rique et de goutti\u00e8res attenantes permettant l\u2019\u00e9coulement de l\u2019eau.","breadcrumb":{"@id":"https:\/\/www.keoutdoordesign.com\/fr-fr\/pergolas-gennius\/pergolas-bioclimatiques\/pergola-bioclimatique-kedry-neos\/#breadcrumb"},"inLanguage":"fr-FR","potentialAction":[{"@type":"ReadAction","target":["https:\/\/www.keoutdoordesign.com\/fr-fr\/pergolas-gennius\/pergolas-bioclimatiques\/pergola-bioclimatique-kedry-neos\/"]}]},{"@type":"ImageObject","inLanguage":"fr-FR","@id":"https:\/\/www.keoutdoordesign.com\/fr-fr\/pergolas-gennius\/pergolas-bioclimatiques\/pergola-bioclimatique-kedry-neos\/#primaryimage","url":"https:\/\/www.keoutdoordesign.com\/wp-content\/uploads\/2026\/03\/KEDRY-NEOS_AUTOPORTANTE-SINGOLA_VISTA-GENERALE_ALTA_02.jpg","contentUrl":"https:\/\/www.keoutdoordesign.com\/wp-content\/uploads\/2026\/03\/KEDRY-NEOS_AUTOPORTANTE-SINGOLA_VISTA-GENERALE_ALTA_02.jpg","width":1920,"height":1358},{"@type":"BreadcrumbList","@id":"https:\/\/www.keoutdoordesign.com\/fr-fr\/pergolas-gennius\/pergolas-bioclimatiques\/pergola-bioclimatique-kedry-neos\/#breadcrumb","itemListElement":[{"@type":"ListItem","position":1,"name":"Home","item":"https:\/\/www.keoutdoordesign.com\/fr-fr\/"},{"@type":"ListItem","position":2,"name":"Pergolas sur mesure","item":"https:\/\/www.keoutdoordesign.com\/fr-fr\/pergolas-gennius\/"},{"@type":"ListItem","position":3,"name":"Pergolas bioclimatiques","item":"https:\/\/www.keoutdoordesign.com\/fr-fr\/pergolas-gennius\/pergolas-bioclimatiques\/"},{"@type":"ListItem","position":4,"name":"Pergola bioclimatique Kedry Neos"}]},{"@type":"WebSite","@id":"https:\/\/www.keoutdoordesign.com\/it-it\/#website","url":"https:\/\/www.keoutdoordesign.com\/it-it\/","name":"KE Outdoor Design","description":"Un nuovo sito targato WordPress","publisher":{"@id":"https:\/\/www.keoutdoordesign.com\/it-it\/#organization"},"potentialAction":[{"@type":"SearchAction","target":{"@type":"EntryPoint","urlTemplate":"https:\/\/www.keoutdoordesign.com\/it-it\/?s={search_term_string}"},"query-input":{"@type":"PropertyValueSpecification","valueRequired":true,"valueName":"search_term_string"}}],"inLanguage":"fr-FR"},{"@type":"Organization","@id":"https:\/\/www.keoutdoordesign.com\/it-it\/#organization","name":"KE Outdoor Design","url":"https:\/\/www.keoutdoordesign.com\/it-it\/","logo":{"@type":"ImageObject","inLanguage":"fr-FR","@id":"https:\/\/www.keoutdoordesign.com\/it-it\/#\/schema\/logo\/image\/","url":"https:\/\/www.keoutdoordesign.com\/wp-content\/uploads\/2020\/02\/KE-logo-Primary-e1591282842174.jpg","contentUrl":"https:\/\/www.keoutdoordesign.com\/wp-content\/uploads\/2020\/02\/KE-logo-Primary-e1591282842174.jpg","width":500,"height":396,"caption":"KE Outdoor Design"},"image":{"@id":"https:\/\/www.keoutdoordesign.com\/it-it\/#\/schema\/logo\/image\/"},"sameAs":["https:\/\/www.facebook.com\/keoutdoordesign.us","https:\/\/x.com\/keoutdoordesign","https:\/\/www.facebook.com\/keoutdoordesign","https:\/\/www.youtube.com\/channel\/UCSoMQryJpLqD53bAoZLg2Vg","https:\/\/www.pinterest.it\/keoutdoordesign\/","https:\/\/www.instagram.com\/keoutdoordesign\/","https:\/\/www.linkedin.com\/company\/ke-outdoor-design\/"]}]}},"_links":{"self":[{"href":"https:\/\/www.keoutdoordesign.com\/fr-fr\/wp-json\/wp\/v2\/pages\/120599","targetHints":{"allow":["GET"]}}],"collection":[{"href":"https:\/\/www.keoutdoordesign.com\/fr-fr\/wp-json\/wp\/v2\/pages"}],"about":[{"href":"https:\/\/www.keoutdoordesign.com\/fr-fr\/wp-json\/wp\/v2\/types\/page"}],"author":[{"embeddable":true,"href":"https:\/\/www.keoutdoordesign.com\/fr-fr\/wp-json\/wp\/v2\/users\/10407"}],"replies":[{"embeddable":true,"href":"https:\/\/www.keoutdoordesign.com\/fr-fr\/wp-json\/wp\/v2\/comments?post=120599"}],"version-history":[{"count":4,"href":"https:\/\/www.keoutdoordesign.com\/fr-fr\/wp-json\/wp\/v2\/pages\/120599\/revisions"}],"predecessor-version":[{"id":121600,"href":"https:\/\/www.keoutdoordesign.com\/fr-fr\/wp-json\/wp\/v2\/pages\/120599\/revisions\/121600"}],"up":[{"embeddable":true,"href":"https:\/\/www.keoutdoordesign.com\/fr-fr\/wp-json\/wp\/v2\/pages\/4589"}],"wp:featuredmedia":[{"embeddable":true,"href":"https:\/\/www.keoutdoordesign.com\/fr-fr\/wp-json\/wp\/v2\/media\/120660"}],"wp:attachment":[{"href":"https:\/\/www.keoutdoordesign.com\/fr-fr\/wp-json\/wp\/v2\/media?parent=120599"}],"curies":[{"name":"wp","href":"https:\/\/api.w.org\/{rel}","templated":true}]}}