{"id":117759,"date":"2026-01-28T17:03:17","date_gmt":"2026-01-28T16:03:17","guid":{"rendered":"https:\/\/www.keoutdoordesign.com\/?page_id=117759"},"modified":"2026-04-09T11:46:26","modified_gmt":"2026-04-09T09:46:26","slug":"store-banne-coffre-contemporain-tramonto-puro","status":"publish","type":"page","link":"https:\/\/www.keoutdoordesign.com\/fr-fr\/stores-exterieurs\/store-coffre\/store-banne-coffre-contemporain-tramonto-puro\/","title":{"rendered":"Store banne coffre contemporain Tramonto Puro"},"content":{"rendered":"<h3 data-start=\"315\" data-end=\"377\">Tramonto Puro, le store banne coffre au design minimaliste<\/h3>\n<p data-start=\"379\" data-end=\"677\">Avec son esth\u00e9tique sobre et contemporaine, <strong data-start=\"423\" data-end=\"440\">Tramonto Puro<\/strong> s\u2019inscrit parmi les stores bannes coffres les plus \u00e9l\u00e9gants de la gamme KE. Pens\u00e9 pour sublimer les fa\u00e7ades modernes, il reprend les codes d\u2019une protection solaire haut de gamme, \u00e0 la fois discr\u00e8te, performante et parfaitement int\u00e9gr\u00e9e.<\/p>\n<p data-start=\"679\" data-end=\"973\">Ce store sur-mesure habille avec raffinement les terrasses et grands balcons tout en apportant un confort optimal au quotidien. Son bandeau LED int\u00e9gr\u00e9 au coffre ainsi qu&rsquo;aux bras permet \u00e9galement de prolonger vos moments de d\u00e9tente une fois le soleil couch\u00e9, en cr\u00e9ant une ambiance chaleureuse et fonctionnelle.<\/p>\n<p data-start=\"975\" data-end=\"1196\">Gr\u00e2ce \u00e0 une conception intelligente, Tramonto Puro se distingue par une installation simplifi\u00e9e : seulement <strong data-start=\"1083\" data-end=\"1097\">2 supports<\/strong>, quelle que soit la largeur ou l\u2019avanc\u00e9e, et un seul support n\u00e9cessaire en pose fa\u00e7ade ou plafond.<\/p>\n<p data-start=\"1198\" data-end=\"1349\">Con\u00e7u pour r\u00e9pondre aux contraintes des environnements expos\u00e9s, il b\u00e9n\u00e9ficie d\u2019une <strong data-start=\"1281\" data-end=\"1315\">classe 2 de r\u00e9sistance au vent <\/strong>(jusqu&rsquo;\u00e0 5990 x 3600mm).<\/p>\n<p data-start=\"1198\" data-end=\"1349\">Par son design \u00e9pur\u00e9 et sa conception technique ma\u00eetris\u00e9e, Tramonto Puro r\u00e9pond aux exigences des projets r\u00e9sidentiels ou professionnels les plus ambitieux.<\/p>\n<h3 data-start=\"1356\" data-end=\"1369\">Avantages<\/h3>\n<p data-start=\"1371\" data-end=\"1408\"><strong data-start=\"1371\" data-end=\"1408\">Store banne coffre contemporain :<\/strong><\/p>\n<ul data-start=\"1410\" data-end=\"1669\">\n<li data-start=\"1410\" data-end=\"1449\">\n<p data-start=\"1412\" data-end=\"1449\">Lignes minimalistes et design \u00e9pur\u00e9<\/p>\n<\/li>\n<li data-start=\"1450\" data-end=\"1510\">\n<p data-start=\"1452\" data-end=\"1510\">Coffre int\u00e9gral pour une protection parfaite de la toile<\/p>\n<\/li>\n<li data-start=\"1511\" data-end=\"1573\">\n<p data-start=\"1513\" data-end=\"1573\">\u00c9clairage LED int\u00e9gr\u00e9 pour profiter de la terrasse le soir<\/p>\n<\/li>\n<li data-start=\"1574\" data-end=\"1624\">\n<p data-start=\"1576\" data-end=\"1624\">Pose fa\u00e7ade ou plafond avec fixation optimis\u00e9e<\/p>\n<\/li>\n<li data-start=\"1625\" data-end=\"1669\">\n<p data-start=\"1627\" data-end=\"1669\">Tr\u00e8s bonne r\u00e9sistance au vent (classe 2)<\/p>\n<\/li>\n<\/ul>\n","protected":false},"excerpt":{"rendered":"<p>Tramonto Puro, le store banne coffre au design minimaliste Avec son esth\u00e9tique sobre et contemporaine, Tramonto Puro s\u2019inscrit parmi les&hellip;<\/p>\n","protected":false},"author":9080,"featured_media":117771,"parent":4608,"menu_order":6,"comment_status":"closed","ping_status":"closed","template":"page-templates\/product.php","meta":{"_acf_changed":false,"footnotes":""},"class_list":["post-117759","page","type-page","status-publish","has-post-thumbnail","hentry"],"acf":[],"yoast_head":"<!-- This site is optimized with the Yoast SEO Premium plugin v20.12 (Yoast SEO v27.3) - https:\/\/yoast.com\/product\/yoast-seo-premium-wordpress\/ -->\n<title>Store banne coffre contemporain Tramonto Puro<\/title>\n<meta name=\"description\" content=\"Am\u00e9nagez votre terrasse avec Tramonto Puro, le store banne coffre KE au design \u00e9pur\u00e9 avec \u00e9clairage LED int\u00e9gr\u00e9.\" \/>\n<meta name=\"robots\" content=\"index, follow, max-snippet:-1, max-image-preview:large, max-video-preview:-1\" \/>\n<link rel=\"canonical\" href=\"https:\/\/www.keoutdoordesign.com\/fr-fr\/stores-exterieurs\/store-coffre\/store-banne-coffre-contemporain-tramonto-puro\/\" \/>\n<meta property=\"og:locale\" content=\"fr_FR\" \/>\n<meta property=\"og:type\" content=\"article\" \/>\n<meta property=\"og:title\" content=\"Store banne coffre contemporain Tramonto Puro\" \/>\n<meta property=\"og:description\" content=\"Am\u00e9nagez votre terrasse avec Tramonto Puro, le store banne coffre KE au design \u00e9pur\u00e9 avec \u00e9clairage LED int\u00e9gr\u00e9.\" \/>\n<meta property=\"og:url\" content=\"https:\/\/www.keoutdoordesign.com\/fr-fr\/stores-exterieurs\/store-coffre\/store-banne-coffre-contemporain-tramonto-puro\/\" \/>\n<meta property=\"og:site_name\" content=\"KE Outdoor Design\" \/>\n<meta property=\"article:publisher\" content=\"https:\/\/www.facebook.com\/keoutdoordesign.us\" \/>\n<meta property=\"article:modified_time\" content=\"2026-04-09T09:46:26+00:00\" \/>\n<meta property=\"og:image\" content=\"https:\/\/www.keoutdoordesign.com\/wp-content\/uploads\/2026\/01\/STORE-BANNE-COFFRE-CONTEMPORAIN-TRAMONTO-PURO.jpg\" \/>\n\t<meta property=\"og:image:width\" content=\"1920\" \/>\n\t<meta property=\"og:image:height\" content=\"1358\" \/>\n\t<meta property=\"og:image:type\" content=\"image\/jpeg\" \/>\n<meta name=\"twitter:card\" content=\"summary_large_image\" \/>\n<meta name=\"twitter:site\" content=\"@keoutdoordesign\" \/>\n<script type=\"application\/ld+json\" class=\"yoast-schema-graph\">{\"@context\":\"https:\\\/\\\/schema.org\",\"@graph\":[{\"@type\":\"WebPage\",\"@id\":\"https:\\\/\\\/www.keoutdoordesign.com\\\/fr-fr\\\/stores-exterieurs\\\/store-coffre\\\/store-banne-coffre-contemporain-tramonto-puro\\\/\",\"url\":\"https:\\\/\\\/www.keoutdoordesign.com\\\/fr-fr\\\/stores-exterieurs\\\/store-coffre\\\/store-banne-coffre-contemporain-tramonto-puro\\\/\",\"name\":\"Store banne coffre contemporain Tramonto Puro\",\"isPartOf\":{\"@id\":\"https:\\\/\\\/www.keoutdoordesign.com\\\/it-it\\\/#website\"},\"primaryImageOfPage\":{\"@id\":\"https:\\\/\\\/www.keoutdoordesign.com\\\/fr-fr\\\/stores-exterieurs\\\/store-coffre\\\/store-banne-coffre-contemporain-tramonto-puro\\\/#primaryimage\"},\"image\":{\"@id\":\"https:\\\/\\\/www.keoutdoordesign.com\\\/fr-fr\\\/stores-exterieurs\\\/store-coffre\\\/store-banne-coffre-contemporain-tramonto-puro\\\/#primaryimage\"},\"thumbnailUrl\":\"https:\\\/\\\/www.keoutdoordesign.com\\\/wp-content\\\/uploads\\\/2026\\\/01\\\/STORE-BANNE-COFFRE-CONTEMPORAIN-TRAMONTO-PURO.jpg\",\"datePublished\":\"2026-01-28T16:03:17+00:00\",\"dateModified\":\"2026-04-09T09:46:26+00:00\",\"description\":\"Am\u00e9nagez votre terrasse avec Tramonto Puro, le store banne coffre KE au design \u00e9pur\u00e9 avec \u00e9clairage LED int\u00e9gr\u00e9.\",\"breadcrumb\":{\"@id\":\"https:\\\/\\\/www.keoutdoordesign.com\\\/fr-fr\\\/stores-exterieurs\\\/store-coffre\\\/store-banne-coffre-contemporain-tramonto-puro\\\/#breadcrumb\"},\"inLanguage\":\"fr-FR\",\"potentialAction\":[{\"@type\":\"ReadAction\",\"target\":[\"https:\\\/\\\/www.keoutdoordesign.com\\\/fr-fr\\\/stores-exterieurs\\\/store-coffre\\\/store-banne-coffre-contemporain-tramonto-puro\\\/\"]}]},{\"@type\":\"ImageObject\",\"inLanguage\":\"fr-FR\",\"@id\":\"https:\\\/\\\/www.keoutdoordesign.com\\\/fr-fr\\\/stores-exterieurs\\\/store-coffre\\\/store-banne-coffre-contemporain-tramonto-puro\\\/#primaryimage\",\"url\":\"https:\\\/\\\/www.keoutdoordesign.com\\\/wp-content\\\/uploads\\\/2026\\\/01\\\/STORE-BANNE-COFFRE-CONTEMPORAIN-TRAMONTO-PURO.jpg\",\"contentUrl\":\"https:\\\/\\\/www.keoutdoordesign.com\\\/wp-content\\\/uploads\\\/2026\\\/01\\\/STORE-BANNE-COFFRE-CONTEMPORAIN-TRAMONTO-PURO.jpg\",\"width\":1920,\"height\":1358,\"caption\":\"Tramonto Puro : un store banne coffre design avec bandeau LED int\u00e9gr\u00e9 pour illuminer vos soir\u00e9es en terrasse.\"},{\"@type\":\"BreadcrumbList\",\"@id\":\"https:\\\/\\\/www.keoutdoordesign.com\\\/fr-fr\\\/stores-exterieurs\\\/store-coffre\\\/store-banne-coffre-contemporain-tramonto-puro\\\/#breadcrumb\",\"itemListElement\":[{\"@type\":\"ListItem\",\"position\":1,\"name\":\"Home\",\"item\":\"https:\\\/\\\/www.keoutdoordesign.com\\\/fr-fr\\\/\"},{\"@type\":\"ListItem\",\"position\":2,\"name\":\"Stores ext\u00e9rieurs sur mesure\",\"item\":\"https:\\\/\\\/www.keoutdoordesign.com\\\/fr-fr\\\/stores-exterieurs\\\/\"},{\"@type\":\"ListItem\",\"position\":3,\"name\":\"Stores coffre\",\"item\":\"https:\\\/\\\/www.keoutdoordesign.com\\\/fr-fr\\\/stores-exterieurs\\\/store-coffre\\\/\"},{\"@type\":\"ListItem\",\"position\":4,\"name\":\"Store banne coffre contemporain Tramonto Puro\"}]},{\"@type\":\"WebSite\",\"@id\":\"https:\\\/\\\/www.keoutdoordesign.com\\\/it-it\\\/#website\",\"url\":\"https:\\\/\\\/www.keoutdoordesign.com\\\/it-it\\\/\",\"name\":\"KE Outdoor Design\",\"description\":\"Un nuovo sito targato WordPress\",\"publisher\":{\"@id\":\"https:\\\/\\\/www.keoutdoordesign.com\\\/it-it\\\/#organization\"},\"potentialAction\":[{\"@type\":\"SearchAction\",\"target\":{\"@type\":\"EntryPoint\",\"urlTemplate\":\"https:\\\/\\\/www.keoutdoordesign.com\\\/it-it\\\/?s={search_term_string}\"},\"query-input\":{\"@type\":\"PropertyValueSpecification\",\"valueRequired\":true,\"valueName\":\"search_term_string\"}}],\"inLanguage\":\"fr-FR\"},{\"@type\":\"Organization\",\"@id\":\"https:\\\/\\\/www.keoutdoordesign.com\\\/it-it\\\/#organization\",\"name\":\"KE Outdoor Design\",\"url\":\"https:\\\/\\\/www.keoutdoordesign.com\\\/it-it\\\/\",\"logo\":{\"@type\":\"ImageObject\",\"inLanguage\":\"fr-FR\",\"@id\":\"https:\\\/\\\/www.keoutdoordesign.com\\\/it-it\\\/#\\\/schema\\\/logo\\\/image\\\/\",\"url\":\"https:\\\/\\\/www.keoutdoordesign.com\\\/wp-content\\\/uploads\\\/2020\\\/02\\\/KE-logo-Primary-e1591282842174.jpg\",\"contentUrl\":\"https:\\\/\\\/www.keoutdoordesign.com\\\/wp-content\\\/uploads\\\/2020\\\/02\\\/KE-logo-Primary-e1591282842174.jpg\",\"width\":500,\"height\":396,\"caption\":\"KE Outdoor Design\"},\"image\":{\"@id\":\"https:\\\/\\\/www.keoutdoordesign.com\\\/it-it\\\/#\\\/schema\\\/logo\\\/image\\\/\"},\"sameAs\":[\"https:\\\/\\\/www.facebook.com\\\/keoutdoordesign.us\",\"https:\\\/\\\/x.com\\\/keoutdoordesign\",\"https:\\\/\\\/www.facebook.com\\\/keoutdoordesign\",\"https:\\\/\\\/www.youtube.com\\\/channel\\\/UCSoMQryJpLqD53bAoZLg2Vg\",\"https:\\\/\\\/www.pinterest.it\\\/keoutdoordesign\\\/\",\"https:\\\/\\\/www.instagram.com\\\/keoutdoordesign\\\/\",\"https:\\\/\\\/www.linkedin.com\\\/company\\\/ke-outdoor-design\\\/\"]}]}<\/script>\n<!-- \/ Yoast SEO Premium plugin. -->","yoast_head_json":{"title":"Store banne coffre contemporain Tramonto Puro","description":"Am\u00e9nagez votre terrasse avec Tramonto Puro, le store banne coffre KE au design \u00e9pur\u00e9 avec \u00e9clairage LED int\u00e9gr\u00e9.","robots":{"index":"index","follow":"follow","max-snippet":"max-snippet:-1","max-image-preview":"max-image-preview:large","max-video-preview":"max-video-preview:-1"},"canonical":"https:\/\/www.keoutdoordesign.com\/fr-fr\/stores-exterieurs\/store-coffre\/store-banne-coffre-contemporain-tramonto-puro\/","og_locale":"fr_FR","og_type":"article","og_title":"Store banne coffre contemporain Tramonto Puro","og_description":"Am\u00e9nagez votre terrasse avec Tramonto Puro, le store banne coffre KE au design \u00e9pur\u00e9 avec \u00e9clairage LED int\u00e9gr\u00e9.","og_url":"https:\/\/www.keoutdoordesign.com\/fr-fr\/stores-exterieurs\/store-coffre\/store-banne-coffre-contemporain-tramonto-puro\/","og_site_name":"KE Outdoor Design","article_publisher":"https:\/\/www.facebook.com\/keoutdoordesign.us","article_modified_time":"2026-04-09T09:46:26+00:00","og_image":[{"width":1920,"height":1358,"url":"https:\/\/www.keoutdoordesign.com\/wp-content\/uploads\/2026\/01\/STORE-BANNE-COFFRE-CONTEMPORAIN-TRAMONTO-PURO.jpg","type":"image\/jpeg"}],"twitter_card":"summary_large_image","twitter_site":"@keoutdoordesign","schema":{"@context":"https:\/\/schema.org","@graph":[{"@type":"WebPage","@id":"https:\/\/www.keoutdoordesign.com\/fr-fr\/stores-exterieurs\/store-coffre\/store-banne-coffre-contemporain-tramonto-puro\/","url":"https:\/\/www.keoutdoordesign.com\/fr-fr\/stores-exterieurs\/store-coffre\/store-banne-coffre-contemporain-tramonto-puro\/","name":"Store banne coffre contemporain Tramonto Puro","isPartOf":{"@id":"https:\/\/www.keoutdoordesign.com\/it-it\/#website"},"primaryImageOfPage":{"@id":"https:\/\/www.keoutdoordesign.com\/fr-fr\/stores-exterieurs\/store-coffre\/store-banne-coffre-contemporain-tramonto-puro\/#primaryimage"},"image":{"@id":"https:\/\/www.keoutdoordesign.com\/fr-fr\/stores-exterieurs\/store-coffre\/store-banne-coffre-contemporain-tramonto-puro\/#primaryimage"},"thumbnailUrl":"https:\/\/www.keoutdoordesign.com\/wp-content\/uploads\/2026\/01\/STORE-BANNE-COFFRE-CONTEMPORAIN-TRAMONTO-PURO.jpg","datePublished":"2026-01-28T16:03:17+00:00","dateModified":"2026-04-09T09:46:26+00:00","description":"Am\u00e9nagez votre terrasse avec Tramonto Puro, le store banne coffre KE au design \u00e9pur\u00e9 avec \u00e9clairage LED int\u00e9gr\u00e9.","breadcrumb":{"@id":"https:\/\/www.keoutdoordesign.com\/fr-fr\/stores-exterieurs\/store-coffre\/store-banne-coffre-contemporain-tramonto-puro\/#breadcrumb"},"inLanguage":"fr-FR","potentialAction":[{"@type":"ReadAction","target":["https:\/\/www.keoutdoordesign.com\/fr-fr\/stores-exterieurs\/store-coffre\/store-banne-coffre-contemporain-tramonto-puro\/"]}]},{"@type":"ImageObject","inLanguage":"fr-FR","@id":"https:\/\/www.keoutdoordesign.com\/fr-fr\/stores-exterieurs\/store-coffre\/store-banne-coffre-contemporain-tramonto-puro\/#primaryimage","url":"https:\/\/www.keoutdoordesign.com\/wp-content\/uploads\/2026\/01\/STORE-BANNE-COFFRE-CONTEMPORAIN-TRAMONTO-PURO.jpg","contentUrl":"https:\/\/www.keoutdoordesign.com\/wp-content\/uploads\/2026\/01\/STORE-BANNE-COFFRE-CONTEMPORAIN-TRAMONTO-PURO.jpg","width":1920,"height":1358,"caption":"Tramonto Puro : un store banne coffre design avec bandeau LED int\u00e9gr\u00e9 pour illuminer vos soir\u00e9es en terrasse."},{"@type":"BreadcrumbList","@id":"https:\/\/www.keoutdoordesign.com\/fr-fr\/stores-exterieurs\/store-coffre\/store-banne-coffre-contemporain-tramonto-puro\/#breadcrumb","itemListElement":[{"@type":"ListItem","position":1,"name":"Home","item":"https:\/\/www.keoutdoordesign.com\/fr-fr\/"},{"@type":"ListItem","position":2,"name":"Stores ext\u00e9rieurs sur mesure","item":"https:\/\/www.keoutdoordesign.com\/fr-fr\/stores-exterieurs\/"},{"@type":"ListItem","position":3,"name":"Stores coffre","item":"https:\/\/www.keoutdoordesign.com\/fr-fr\/stores-exterieurs\/store-coffre\/"},{"@type":"ListItem","position":4,"name":"Store banne coffre contemporain Tramonto Puro"}]},{"@type":"WebSite","@id":"https:\/\/www.keoutdoordesign.com\/it-it\/#website","url":"https:\/\/www.keoutdoordesign.com\/it-it\/","name":"KE Outdoor Design","description":"Un nuovo sito targato WordPress","publisher":{"@id":"https:\/\/www.keoutdoordesign.com\/it-it\/#organization"},"potentialAction":[{"@type":"SearchAction","target":{"@type":"EntryPoint","urlTemplate":"https:\/\/www.keoutdoordesign.com\/it-it\/?s={search_term_string}"},"query-input":{"@type":"PropertyValueSpecification","valueRequired":true,"valueName":"search_term_string"}}],"inLanguage":"fr-FR"},{"@type":"Organization","@id":"https:\/\/www.keoutdoordesign.com\/it-it\/#organization","name":"KE Outdoor Design","url":"https:\/\/www.keoutdoordesign.com\/it-it\/","logo":{"@type":"ImageObject","inLanguage":"fr-FR","@id":"https:\/\/www.keoutdoordesign.com\/it-it\/#\/schema\/logo\/image\/","url":"https:\/\/www.keoutdoordesign.com\/wp-content\/uploads\/2020\/02\/KE-logo-Primary-e1591282842174.jpg","contentUrl":"https:\/\/www.keoutdoordesign.com\/wp-content\/uploads\/2020\/02\/KE-logo-Primary-e1591282842174.jpg","width":500,"height":396,"caption":"KE Outdoor Design"},"image":{"@id":"https:\/\/www.keoutdoordesign.com\/it-it\/#\/schema\/logo\/image\/"},"sameAs":["https:\/\/www.facebook.com\/keoutdoordesign.us","https:\/\/x.com\/keoutdoordesign","https:\/\/www.facebook.com\/keoutdoordesign","https:\/\/www.youtube.com\/channel\/UCSoMQryJpLqD53bAoZLg2Vg","https:\/\/www.pinterest.it\/keoutdoordesign\/","https:\/\/www.instagram.com\/keoutdoordesign\/","https:\/\/www.linkedin.com\/company\/ke-outdoor-design\/"]}]}},"_links":{"self":[{"href":"https:\/\/www.keoutdoordesign.com\/fr-fr\/wp-json\/wp\/v2\/pages\/117759","targetHints":{"allow":["GET"]}}],"collection":[{"href":"https:\/\/www.keoutdoordesign.com\/fr-fr\/wp-json\/wp\/v2\/pages"}],"about":[{"href":"https:\/\/www.keoutdoordesign.com\/fr-fr\/wp-json\/wp\/v2\/types\/page"}],"author":[{"embeddable":true,"href":"https:\/\/www.keoutdoordesign.com\/fr-fr\/wp-json\/wp\/v2\/users\/9080"}],"replies":[{"embeddable":true,"href":"https:\/\/www.keoutdoordesign.com\/fr-fr\/wp-json\/wp\/v2\/comments?post=117759"}],"version-history":[{"count":10,"href":"https:\/\/www.keoutdoordesign.com\/fr-fr\/wp-json\/wp\/v2\/pages\/117759\/revisions"}],"predecessor-version":[{"id":121300,"href":"https:\/\/www.keoutdoordesign.com\/fr-fr\/wp-json\/wp\/v2\/pages\/117759\/revisions\/121300"}],"up":[{"embeddable":true,"href":"https:\/\/www.keoutdoordesign.com\/fr-fr\/wp-json\/wp\/v2\/pages\/4608"}],"wp:featuredmedia":[{"embeddable":true,"href":"https:\/\/www.keoutdoordesign.com\/fr-fr\/wp-json\/wp\/v2\/media\/117771"}],"wp:attachment":[{"href":"https:\/\/www.keoutdoordesign.com\/fr-fr\/wp-json\/wp\/v2\/media?parent=117759"}],"curies":[{"name":"wp","href":"https:\/\/api.w.org\/{rel}","templated":true}]}}