{"id":9594,"date":"2019-06-24T10:55:11","date_gmt":"2019-06-24T08:55:11","guid":{"rendered":"http:\/\/ke.itpowernet.it\/?page_id=9594"},"modified":"2020-04-17T11:17:22","modified_gmt":"2020-04-17T09:17:22","slug":"la-filosofia-verde-de-ke","status":"publish","type":"page","link":"https:\/\/www.keoutdoordesign.com\/es-es\/empresa\/la-filosofia-verde-de-ke\/","title":{"rendered":"La Filosof\u00eda Verde de KE"},"content":{"rendered":"<p>Pasar tiempo al aire libre, en las zonas exteriores de nuestra casa \u2013 ya sea en una terraza que en un jard\u00edn &#8211; nos permite mantener el contacto con la naturaleza y con nuestro \u201c<strong>esp\u00edritu ecol\u00f3gico<\/strong>\u201d<\/p>\n<p>KE desde siempre ha dedicado una atenci\u00f3n especial a la <strong>sostenibilidad ambiental<\/strong> y al uso de <strong>fuentes de energ\u00eda renovables y seguras<\/strong>, respetando al m\u00e1ximo el medio ambiente.<\/p>\n<p>Detallamos algunos ejemplos concretos:<\/p>\n<p>&nbsp;<\/p>\n<ul>\n<li><strong>Uso del aluminio, un material permanente<\/strong><\/li>\n<\/ul>\n<p>Recientemente se ha introducido el concepto de \u201c<strong>material permanente<\/strong>\u201d, es decir, un material que no se agota, que se puede usar y reutilizar hasta el infinito. El aluminio es un metal de uso com\u00fan \u2013 a partir del sigo XIX comienza su extracci\u00f3n de la roca de bauxita \u2013 que se utiliza en los m\u00e1s variados \u00e1mbitos (construcci\u00f3n, bienes de consumo, transporte, embalajes, etc.) por su ductilidad y resistencia.<\/p>\n<p>En los \u00faltimos decenios se ha prestado gran atenci\u00f3n al <strong>reciclaje de los recursos existentes de aluminio<\/strong>, desde el punto de vista de ahorrar una gran cantidad de agua y energ\u00eda empleadas en la extracci\u00f3n y producci\u00f3n, adem\u00e1s de cerrar el ciclo de vida de este metal que es 100% reciclable indefinidamente<\/p>\n<p>Para nuestras estructuras de protecci\u00f3n solar <strong>elegimos el aluminio porque<\/strong>:<\/p>\n<ul>\n<li>Puede ser reciclado sin perder sus propiedades y con un m\u00ednimo impacto ambiental<\/li>\n<li>Tiene un ciclo cerrado porque puede reutilizarse hasta el infinito<\/li>\n<li>Es un recurso siempre disponible<\/li>\n<\/ul>\n<p>Por estos motivos los toldos y p\u00e9rgolas KE son realizados con los <strong>accesorios en aluminio<\/strong>, el <strong>material ecol\u00f3gico por excelencia<\/strong><\/p>\n<p>&nbsp;<\/p>\n<ul>\n<li><strong>Reutilizar residuos textiles para alcanzar nuevos objetivos de sostenibilidad<\/strong><\/li>\n<\/ul>\n<p>Tambi\u00e9n la vida \u00fatil de las fibras textiles se puede alargar. Esto es algo que es muy importante para KE, ya que quiere garantizar a sus clientes un toldo o una p\u00e9rgola totalmente fabricada desde una perspectiva ecol\u00f3gica. <strong>Baste decir que por cada toldo confeccionado, aproximadamente el 10% del tejido se convierte en residuo.<\/strong><\/p>\n<p>Esto dio lugar a la idea de crear un consorcio de los principales fabricantes de toldos con el fin de recoger estos residuos y utilizarlos de nuevo para crear una fibra regenerada &#8211; <strong>Raytent de Giovanardi<\/strong> &#8211; <strong>totalmente fabricado con tejidos acr\u00edlicos de desecho.<\/strong><\/p>\n<p style=\"text-align: center;\"><img fetchpriority=\"high\" decoding=\"async\" class=\"alignnone size-medium wp-image-20102\" src=\"https:\/\/www.keoutdoordesign.com\/wp-content\/uploads\/2020\/04\/KE_prodotto_04_LOW-300x300.jpg\" alt=\"\" width=\"300\" height=\"300\" srcset=\"https:\/\/www.keoutdoordesign.com\/wp-content\/uploads\/2020\/04\/KE_prodotto_04_LOW-300x300.jpg 300w, https:\/\/www.keoutdoordesign.com\/wp-content\/uploads\/2020\/04\/KE_prodotto_04_LOW-150x150.jpg 150w, https:\/\/www.keoutdoordesign.com\/wp-content\/uploads\/2020\/04\/KE_prodotto_04_LOW-768x768.jpg 768w, https:\/\/www.keoutdoordesign.com\/wp-content\/uploads\/2020\/04\/KE_prodotto_04_LOW-1024x1024.jpg 1024w, https:\/\/www.keoutdoordesign.com\/wp-content\/uploads\/2020\/04\/KE_prodotto_04_LOW.jpg 1200w\" sizes=\"(max-width: 300px) 100vw, 300px\" \/><\/p>\n<p>El tejido Raytent es 100% fibra acr\u00edlica te\u00f1ida de la cual el 50% proviene del reciclaje mec\u00e1nico de residuos de procesamiento de tejido acr\u00edlico tintado, dise\u00f1ado de acuerdo con los principios de la econom\u00eda ecol\u00f3gica para limitar el impacto ambiental, tanto para <strong>reducir las emisiones de CO2 como para un menor uso de productos qu\u00edmicos y agua en la fase de producci\u00f3n.<\/strong><\/p>\n<p>KE lo est\u00e1 haciendo y comparte este compromiso de encontrar nuevas soluciones para una cadena de producci\u00f3n cada vez m\u00e1s consciente y cercana a los temas de <strong>sostenibilidad<\/strong> y la <strong>econom\u00eda circular<\/strong>, garantizando al mismo tiempo el m\u00e1ximo rendimiento y atenci\u00f3n al detalle para cada una de sus soluciones para el aire libre.<\/p>\n<p>&nbsp;<\/p>\n<ul>\n<li><strong>La certificaci\u00f3n ISO 14001<\/strong><\/li>\n<\/ul>\n<p>KE tiene el <strong>certificado ISO 14001<\/strong> de gesti\u00f3n medioambiental para poder monitorizar los impactos ambientales de nuestra actividad, buscando sistem\u00e1ticamente la mejora de forma coherente, eficaz y sobre todo sostenible.<\/p>\n<p>Algunos aspectos derivados de la certificaci\u00f3n son las emisiones a la atm\u00f3sfera (por ejemplo, de las plantas de soldadura o lacado), gasto de agua, sustancias peligrosas (etiquetado conforme, transporte seguro, etc.), residuos peligrosos (por ejemplo, residuos de aceite, restos de pintura, etc.).<\/p>\n<p>Una seguridad adicional de que nuestro trabajo se realiza con el <strong>m\u00e1ximo respeto al territorio y al medio ambiente<\/strong>.<\/p>\n<p>&nbsp;<\/p>\n<ul>\n<li><strong>Recogida RAEE para optimizar los residuos<\/strong><\/li>\n<\/ul>\n<p>KE &#8211; come empresa del Grupo BAT &#8211; est\u00e1 inscrita en el <strong>circuito de recuperaci\u00f3n de residuos del RAEE<\/strong> (Residuos de Equipos El\u00e9ctricos y Electr\u00f3nicos). \u00bfEn qu\u00e9 consiste?<\/p>\n<p>Los problemas principales relacionados con la eliminaci\u00f3n de este tipo de residuos derivan del tipo de materiales que los componen: plomo, mercurio, pl\u00e1stico, cobre, hierro, etc.<\/p>\n<p>Por este motivo, hemos confiado en un consorcio especializado que trata estos desechos con el equipo adecuado, minimizando su impacto ambiental y contribuyendo a reutilizar los recursos que se puedan ser recuperar de estos objetos en desuso.<\/p>\n","protected":false},"excerpt":{"rendered":"<p>Pasar tiempo al aire libre, en las zonas exteriores de nuestra casa \u2013 ya sea en una terraza que en&hellip;<\/p>\n","protected":false},"author":10608,"featured_media":20155,"parent":3837,"menu_order":0,"comment_status":"closed","ping_status":"closed","template":"","meta":{"_acf_changed":false,"footnotes":""},"class_list":["post-9594","page","type-page","status-publish","has-post-thumbnail","hentry"],"acf":[],"yoast_head":"<!-- This site is optimized with the Yoast SEO Premium plugin v20.12 (Yoast SEO v27.3) - https:\/\/yoast.com\/product\/yoast-seo-premium-wordpress\/ -->\n<title>La Filosofia Green per la sostenibilit\u00e0 ambientale KE<\/title>\n<meta name=\"description\" content=\"Nella filosofia aziendale di KE vi \u00e8 molto attenzione alla sostenibilit\u00e0 ambientale e all&#039;utilizzo di fonti rinnovabili. Scopri le certificazioni green.\" \/>\n<meta name=\"robots\" content=\"index, follow, max-snippet:-1, max-image-preview:large, max-video-preview:-1\" \/>\n<link rel=\"canonical\" href=\"https:\/\/www.keoutdoordesign.com\/es-es\/empresa\/la-filosofia-verde-de-ke\/\" \/>\n<meta property=\"og:locale\" content=\"es_ES\" \/>\n<meta property=\"og:type\" content=\"article\" \/>\n<meta property=\"og:title\" content=\"La Filosof\u00eda Verde de KE\" \/>\n<meta property=\"og:description\" content=\"Nella filosofia aziendale di KE vi \u00e8 molto attenzione alla sostenibilit\u00e0 ambientale e all&#039;utilizzo di fonti rinnovabili. Scopri le certificazioni green.\" \/>\n<meta property=\"og:url\" content=\"https:\/\/www.keoutdoordesign.com\/es-es\/empresa\/la-filosofia-verde-de-ke\/\" \/>\n<meta property=\"og:site_name\" content=\"KE Outdoor Design\" \/>\n<meta property=\"article:publisher\" content=\"https:\/\/www.facebook.com\/keoutdoordesign.us\" \/>\n<meta property=\"article:modified_time\" content=\"2020-04-17T09:17:22+00:00\" \/>\n<meta property=\"og:image\" content=\"https:\/\/www.keoutdoordesign.com\/wp-content\/uploads\/2020\/04\/KE_cover_green_02.jpg\" \/>\n\t<meta property=\"og:image:width\" content=\"1400\" \/>\n\t<meta property=\"og:image:height\" content=\"650\" \/>\n\t<meta property=\"og:image:type\" content=\"image\/jpeg\" \/>\n<meta name=\"twitter:card\" content=\"summary_large_image\" \/>\n<meta name=\"twitter:site\" content=\"@keoutdoordesign\" \/>\n<script type=\"application\/ld+json\" class=\"yoast-schema-graph\">{\"@context\":\"https:\\\/\\\/schema.org\",\"@graph\":[{\"@type\":\"WebPage\",\"@id\":\"https:\\\/\\\/www.keoutdoordesign.com\\\/es-es\\\/empresa\\\/la-filosofia-verde-de-ke\\\/\",\"url\":\"https:\\\/\\\/www.keoutdoordesign.com\\\/es-es\\\/empresa\\\/la-filosofia-verde-de-ke\\\/\",\"name\":\"La Filosofia Green per la sostenibilit\u00e0 ambientale KE\",\"isPartOf\":{\"@id\":\"https:\\\/\\\/www.keoutdoordesign.com\\\/it-it\\\/#website\"},\"primaryImageOfPage\":{\"@id\":\"https:\\\/\\\/www.keoutdoordesign.com\\\/es-es\\\/empresa\\\/la-filosofia-verde-de-ke\\\/#primaryimage\"},\"image\":{\"@id\":\"https:\\\/\\\/www.keoutdoordesign.com\\\/es-es\\\/empresa\\\/la-filosofia-verde-de-ke\\\/#primaryimage\"},\"thumbnailUrl\":\"https:\\\/\\\/www.keoutdoordesign.com\\\/wp-content\\\/uploads\\\/2020\\\/04\\\/KE_cover_green_02.jpg\",\"datePublished\":\"2019-06-24T08:55:11+00:00\",\"dateModified\":\"2020-04-17T09:17:22+00:00\",\"description\":\"Nella filosofia aziendale di KE vi \u00e8 molto attenzione alla sostenibilit\u00e0 ambientale e all'utilizzo di fonti rinnovabili. Scopri le certificazioni green.\",\"breadcrumb\":{\"@id\":\"https:\\\/\\\/www.keoutdoordesign.com\\\/es-es\\\/empresa\\\/la-filosofia-verde-de-ke\\\/#breadcrumb\"},\"inLanguage\":\"es\",\"potentialAction\":[{\"@type\":\"ReadAction\",\"target\":[\"https:\\\/\\\/www.keoutdoordesign.com\\\/es-es\\\/empresa\\\/la-filosofia-verde-de-ke\\\/\"]}]},{\"@type\":\"ImageObject\",\"inLanguage\":\"es\",\"@id\":\"https:\\\/\\\/www.keoutdoordesign.com\\\/es-es\\\/empresa\\\/la-filosofia-verde-de-ke\\\/#primaryimage\",\"url\":\"https:\\\/\\\/www.keoutdoordesign.com\\\/wp-content\\\/uploads\\\/2020\\\/04\\\/KE_cover_green_02.jpg\",\"contentUrl\":\"https:\\\/\\\/www.keoutdoordesign.com\\\/wp-content\\\/uploads\\\/2020\\\/04\\\/KE_cover_green_02.jpg\",\"width\":1400,\"height\":650,\"caption\":\"KE Outdoor Cover\"},{\"@type\":\"BreadcrumbList\",\"@id\":\"https:\\\/\\\/www.keoutdoordesign.com\\\/es-es\\\/empresa\\\/la-filosofia-verde-de-ke\\\/#breadcrumb\",\"itemListElement\":[{\"@type\":\"ListItem\",\"position\":1,\"name\":\"Home\",\"item\":\"https:\\\/\\\/www.keoutdoordesign.com\\\/es-es\\\/\"},{\"@type\":\"ListItem\",\"position\":2,\"name\":\"Empresa\",\"item\":\"https:\\\/\\\/www.keoutdoordesign.com\\\/es-es\\\/empresa\\\/\"},{\"@type\":\"ListItem\",\"position\":3,\"name\":\"La Filosof\u00eda Verde de KE\"}]},{\"@type\":\"WebSite\",\"@id\":\"https:\\\/\\\/www.keoutdoordesign.com\\\/it-it\\\/#website\",\"url\":\"https:\\\/\\\/www.keoutdoordesign.com\\\/it-it\\\/\",\"name\":\"KE Outdoor Design\",\"description\":\"Un nuovo sito targato WordPress\",\"publisher\":{\"@id\":\"https:\\\/\\\/www.keoutdoordesign.com\\\/it-it\\\/#organization\"},\"potentialAction\":[{\"@type\":\"SearchAction\",\"target\":{\"@type\":\"EntryPoint\",\"urlTemplate\":\"https:\\\/\\\/www.keoutdoordesign.com\\\/it-it\\\/?s={search_term_string}\"},\"query-input\":{\"@type\":\"PropertyValueSpecification\",\"valueRequired\":true,\"valueName\":\"search_term_string\"}}],\"inLanguage\":\"es\"},{\"@type\":\"Organization\",\"@id\":\"https:\\\/\\\/www.keoutdoordesign.com\\\/it-it\\\/#organization\",\"name\":\"KE Outdoor Design\",\"url\":\"https:\\\/\\\/www.keoutdoordesign.com\\\/it-it\\\/\",\"logo\":{\"@type\":\"ImageObject\",\"inLanguage\":\"es\",\"@id\":\"https:\\\/\\\/www.keoutdoordesign.com\\\/it-it\\\/#\\\/schema\\\/logo\\\/image\\\/\",\"url\":\"https:\\\/\\\/www.keoutdoordesign.com\\\/wp-content\\\/uploads\\\/2020\\\/02\\\/KE-logo-Primary-e1591282842174.jpg\",\"contentUrl\":\"https:\\\/\\\/www.keoutdoordesign.com\\\/wp-content\\\/uploads\\\/2020\\\/02\\\/KE-logo-Primary-e1591282842174.jpg\",\"width\":500,\"height\":396,\"caption\":\"KE Outdoor Design\"},\"image\":{\"@id\":\"https:\\\/\\\/www.keoutdoordesign.com\\\/it-it\\\/#\\\/schema\\\/logo\\\/image\\\/\"},\"sameAs\":[\"https:\\\/\\\/www.facebook.com\\\/keoutdoordesign.us\",\"https:\\\/\\\/x.com\\\/keoutdoordesign\",\"https:\\\/\\\/www.facebook.com\\\/keoutdoordesign\",\"https:\\\/\\\/www.youtube.com\\\/channel\\\/UCSoMQryJpLqD53bAoZLg2Vg\",\"https:\\\/\\\/www.pinterest.it\\\/keoutdoordesign\\\/\",\"https:\\\/\\\/www.instagram.com\\\/keoutdoordesign\\\/\",\"https:\\\/\\\/www.linkedin.com\\\/company\\\/ke-outdoor-design\\\/\"]}]}<\/script>\n<!-- \/ Yoast SEO Premium plugin. -->","yoast_head_json":{"title":"La Filosofia Green per la sostenibilit\u00e0 ambientale KE","description":"Nella filosofia aziendale di KE vi \u00e8 molto attenzione alla sostenibilit\u00e0 ambientale e all'utilizzo di fonti rinnovabili. Scopri le certificazioni green.","robots":{"index":"index","follow":"follow","max-snippet":"max-snippet:-1","max-image-preview":"max-image-preview:large","max-video-preview":"max-video-preview:-1"},"canonical":"https:\/\/www.keoutdoordesign.com\/es-es\/empresa\/la-filosofia-verde-de-ke\/","og_locale":"es_ES","og_type":"article","og_title":"La Filosof\u00eda Verde de KE","og_description":"Nella filosofia aziendale di KE vi \u00e8 molto attenzione alla sostenibilit\u00e0 ambientale e all'utilizzo di fonti rinnovabili. Scopri le certificazioni green.","og_url":"https:\/\/www.keoutdoordesign.com\/es-es\/empresa\/la-filosofia-verde-de-ke\/","og_site_name":"KE Outdoor Design","article_publisher":"https:\/\/www.facebook.com\/keoutdoordesign.us","article_modified_time":"2020-04-17T09:17:22+00:00","og_image":[{"width":1400,"height":650,"url":"https:\/\/www.keoutdoordesign.com\/wp-content\/uploads\/2020\/04\/KE_cover_green_02.jpg","type":"image\/jpeg"}],"twitter_card":"summary_large_image","twitter_site":"@keoutdoordesign","schema":{"@context":"https:\/\/schema.org","@graph":[{"@type":"WebPage","@id":"https:\/\/www.keoutdoordesign.com\/es-es\/empresa\/la-filosofia-verde-de-ke\/","url":"https:\/\/www.keoutdoordesign.com\/es-es\/empresa\/la-filosofia-verde-de-ke\/","name":"La Filosofia Green per la sostenibilit\u00e0 ambientale KE","isPartOf":{"@id":"https:\/\/www.keoutdoordesign.com\/it-it\/#website"},"primaryImageOfPage":{"@id":"https:\/\/www.keoutdoordesign.com\/es-es\/empresa\/la-filosofia-verde-de-ke\/#primaryimage"},"image":{"@id":"https:\/\/www.keoutdoordesign.com\/es-es\/empresa\/la-filosofia-verde-de-ke\/#primaryimage"},"thumbnailUrl":"https:\/\/www.keoutdoordesign.com\/wp-content\/uploads\/2020\/04\/KE_cover_green_02.jpg","datePublished":"2019-06-24T08:55:11+00:00","dateModified":"2020-04-17T09:17:22+00:00","description":"Nella filosofia aziendale di KE vi \u00e8 molto attenzione alla sostenibilit\u00e0 ambientale e all'utilizzo di fonti rinnovabili. Scopri le certificazioni green.","breadcrumb":{"@id":"https:\/\/www.keoutdoordesign.com\/es-es\/empresa\/la-filosofia-verde-de-ke\/#breadcrumb"},"inLanguage":"es","potentialAction":[{"@type":"ReadAction","target":["https:\/\/www.keoutdoordesign.com\/es-es\/empresa\/la-filosofia-verde-de-ke\/"]}]},{"@type":"ImageObject","inLanguage":"es","@id":"https:\/\/www.keoutdoordesign.com\/es-es\/empresa\/la-filosofia-verde-de-ke\/#primaryimage","url":"https:\/\/www.keoutdoordesign.com\/wp-content\/uploads\/2020\/04\/KE_cover_green_02.jpg","contentUrl":"https:\/\/www.keoutdoordesign.com\/wp-content\/uploads\/2020\/04\/KE_cover_green_02.jpg","width":1400,"height":650,"caption":"KE Outdoor Cover"},{"@type":"BreadcrumbList","@id":"https:\/\/www.keoutdoordesign.com\/es-es\/empresa\/la-filosofia-verde-de-ke\/#breadcrumb","itemListElement":[{"@type":"ListItem","position":1,"name":"Home","item":"https:\/\/www.keoutdoordesign.com\/es-es\/"},{"@type":"ListItem","position":2,"name":"Empresa","item":"https:\/\/www.keoutdoordesign.com\/es-es\/empresa\/"},{"@type":"ListItem","position":3,"name":"La Filosof\u00eda Verde de KE"}]},{"@type":"WebSite","@id":"https:\/\/www.keoutdoordesign.com\/it-it\/#website","url":"https:\/\/www.keoutdoordesign.com\/it-it\/","name":"KE Outdoor Design","description":"Un nuovo sito targato WordPress","publisher":{"@id":"https:\/\/www.keoutdoordesign.com\/it-it\/#organization"},"potentialAction":[{"@type":"SearchAction","target":{"@type":"EntryPoint","urlTemplate":"https:\/\/www.keoutdoordesign.com\/it-it\/?s={search_term_string}"},"query-input":{"@type":"PropertyValueSpecification","valueRequired":true,"valueName":"search_term_string"}}],"inLanguage":"es"},{"@type":"Organization","@id":"https:\/\/www.keoutdoordesign.com\/it-it\/#organization","name":"KE Outdoor Design","url":"https:\/\/www.keoutdoordesign.com\/it-it\/","logo":{"@type":"ImageObject","inLanguage":"es","@id":"https:\/\/www.keoutdoordesign.com\/it-it\/#\/schema\/logo\/image\/","url":"https:\/\/www.keoutdoordesign.com\/wp-content\/uploads\/2020\/02\/KE-logo-Primary-e1591282842174.jpg","contentUrl":"https:\/\/www.keoutdoordesign.com\/wp-content\/uploads\/2020\/02\/KE-logo-Primary-e1591282842174.jpg","width":500,"height":396,"caption":"KE Outdoor Design"},"image":{"@id":"https:\/\/www.keoutdoordesign.com\/it-it\/#\/schema\/logo\/image\/"},"sameAs":["https:\/\/www.facebook.com\/keoutdoordesign.us","https:\/\/x.com\/keoutdoordesign","https:\/\/www.facebook.com\/keoutdoordesign","https:\/\/www.youtube.com\/channel\/UCSoMQryJpLqD53bAoZLg2Vg","https:\/\/www.pinterest.it\/keoutdoordesign\/","https:\/\/www.instagram.com\/keoutdoordesign\/","https:\/\/www.linkedin.com\/company\/ke-outdoor-design\/"]}]}},"_links":{"self":[{"href":"https:\/\/www.keoutdoordesign.com\/es-es\/wp-json\/wp\/v2\/pages\/9594","targetHints":{"allow":["GET"]}}],"collection":[{"href":"https:\/\/www.keoutdoordesign.com\/es-es\/wp-json\/wp\/v2\/pages"}],"about":[{"href":"https:\/\/www.keoutdoordesign.com\/es-es\/wp-json\/wp\/v2\/types\/page"}],"author":[{"embeddable":true,"href":"https:\/\/www.keoutdoordesign.com\/es-es\/wp-json\/wp\/v2\/users\/10608"}],"replies":[{"embeddable":true,"href":"https:\/\/www.keoutdoordesign.com\/es-es\/wp-json\/wp\/v2\/comments?post=9594"}],"version-history":[{"count":5,"href":"https:\/\/www.keoutdoordesign.com\/es-es\/wp-json\/wp\/v2\/pages\/9594\/revisions"}],"predecessor-version":[{"id":20175,"href":"https:\/\/www.keoutdoordesign.com\/es-es\/wp-json\/wp\/v2\/pages\/9594\/revisions\/20175"}],"up":[{"embeddable":true,"href":"https:\/\/www.keoutdoordesign.com\/es-es\/wp-json\/wp\/v2\/pages\/3837"}],"wp:featuredmedia":[{"embeddable":true,"href":"https:\/\/www.keoutdoordesign.com\/es-es\/wp-json\/wp\/v2\/media\/20155"}],"wp:attachment":[{"href":"https:\/\/www.keoutdoordesign.com\/es-es\/wp-json\/wp\/v2\/media?parent=9594"}],"curies":[{"name":"wp","href":"https:\/\/api.w.org\/{rel}","templated":true}]}}