{"id":5863,"date":"2019-06-11T09:53:17","date_gmt":"2019-06-11T07:53:17","guid":{"rendered":"http:\/\/ke.itpowernet.it\/?page_id=5863"},"modified":"2019-10-21T11:11:19","modified_gmt":"2019-10-21T09:11:19","slug":"tiendas","status":"publish","type":"page","link":"https:\/\/www.keoutdoordesign.com\/es-es\/referencias\/comercial\/tiendas\/","title":{"rendered":"Tiendas"},"content":{"rendered":"<p>Las calles comerciales son hoy en d\u00eda el espacio de encuentro de multitud personas. <strong>Tiendas, restaurantes y negocios<\/strong>\u00a0se concentran en ellas y, adem\u00e1s, muestran la importancia de cada una de sus firmas. Usted puede realzar la apariencia de su negocio con un capotepara tienda, ya que los toldos son fundamentales para asegurar la comodidad de los compradores dentro de su local comercial.<\/p>\n<p>Con una <strong>marquesina para tiendas<\/strong> dispondr\u00e1 de un espacio sombreado en el que los clientes se refugiar\u00e1n encantados en los d\u00edas soleados o, por el contrario, donde encontrar\u00e1n el cobijo necesario cuando llueva. Los <strong>toldos tambi\u00e9n son completamente personalizables<\/strong> para que d\u00e9 a su comercio la imagen que siempre ha querido.<\/p>\n<p>Combine en ellos colores, telas de diferentes texturas y formas \u00fanicas. \u00a1Su tienda ser\u00e1 r\u00e1pidamente reconocible para cualquier comprador! Tambi\u00e9n puede aprovechar sus ventajas en estudios profesionales, ya que reducir\u00e1n el calor interior al limitar la exposici\u00f3n al sol de su lugar de trabajo. D\u00e9 siempre la bienvenida en el mejor ambiente con los <strong>toldos para tiendas.<\/strong><\/p>\n","protected":false},"excerpt":{"rendered":"<p>Las calles comerciales son hoy en d\u00eda el espacio de encuentro de multitud personas. Tiendas, restaurantes y negocios\u00a0se concentran en&hellip;<\/p>\n","protected":false},"author":10608,"featured_media":2886,"parent":3386,"menu_order":16,"comment_status":"closed","ping_status":"closed","template":"page-templates\/category-references.php","meta":{"_acf_changed":false,"footnotes":""},"class_list":["post-5863","page","type-page","status-publish","has-post-thumbnail","hentry"],"acf":[],"yoast_head":"<!-- This site is optimized with the Yoast SEO Premium plugin v20.12 (Yoast SEO v27.3) - https:\/\/yoast.com\/product\/yoast-seo-premium-wordpress\/ -->\n<title>P\u00e9rgolas para tiendas - KE Outdoor Design<\/title>\n<meta name=\"description\" content=\"Para tus locales comerciales elije las p\u00e9rgolas para tiendas KE, los clientes se refugiar\u00e1n encantados en los d\u00edas de sol. Alto nivel de personalizaci\u00f3n.\" \/>\n<meta name=\"robots\" content=\"index, follow, max-snippet:-1, max-image-preview:large, max-video-preview:-1\" \/>\n<link rel=\"canonical\" href=\"https:\/\/www.keoutdoordesign.com\/es-es\/referencias\/comercial\/tiendas\/\" \/>\n<meta property=\"og:locale\" content=\"es_ES\" \/>\n<meta property=\"og:type\" content=\"article\" \/>\n<meta property=\"og:title\" content=\"Tiendas\" \/>\n<meta property=\"og:description\" content=\"Para tus locales comerciales elije las p\u00e9rgolas para tiendas KE, los clientes se refugiar\u00e1n encantados en los d\u00edas de sol. Alto nivel de personalizaci\u00f3n.\" \/>\n<meta property=\"og:url\" content=\"https:\/\/www.keoutdoordesign.com\/es-es\/referencias\/comercial\/tiendas\/\" \/>\n<meta property=\"og:site_name\" content=\"KE Outdoor Design\" \/>\n<meta property=\"article:publisher\" content=\"https:\/\/www.facebook.com\/keoutdoordesign.us\" \/>\n<meta property=\"article:modified_time\" content=\"2019-10-21T09:11:19+00:00\" \/>\n<meta property=\"og:image\" content=\"https:\/\/www.keoutdoordesign.com\/wp-content\/uploads\/2019\/05\/ResBolzanoMila_QubicaPlumb_1.jpg\" \/>\n\t<meta property=\"og:image:width\" content=\"2048\" \/>\n\t<meta property=\"og:image:height\" content=\"1080\" \/>\n\t<meta property=\"og:image:type\" content=\"image\/jpeg\" \/>\n<meta name=\"twitter:card\" content=\"summary_large_image\" \/>\n<meta name=\"twitter:site\" content=\"@keoutdoordesign\" \/>\n<script type=\"application\/ld+json\" class=\"yoast-schema-graph\">{\"@context\":\"https:\\\/\\\/schema.org\",\"@graph\":[{\"@type\":\"WebPage\",\"@id\":\"https:\\\/\\\/www.keoutdoordesign.com\\\/es-es\\\/referencias\\\/comercial\\\/tiendas\\\/\",\"url\":\"https:\\\/\\\/www.keoutdoordesign.com\\\/es-es\\\/referencias\\\/comercial\\\/tiendas\\\/\",\"name\":\"P\u00e9rgolas para tiendas - KE Outdoor Design\",\"isPartOf\":{\"@id\":\"https:\\\/\\\/www.keoutdoordesign.com\\\/it-it\\\/#website\"},\"primaryImageOfPage\":{\"@id\":\"https:\\\/\\\/www.keoutdoordesign.com\\\/es-es\\\/referencias\\\/comercial\\\/tiendas\\\/#primaryimage\"},\"image\":{\"@id\":\"https:\\\/\\\/www.keoutdoordesign.com\\\/es-es\\\/referencias\\\/comercial\\\/tiendas\\\/#primaryimage\"},\"thumbnailUrl\":\"https:\\\/\\\/www.keoutdoordesign.com\\\/wp-content\\\/uploads\\\/2019\\\/05\\\/ResBolzanoMila_QubicaPlumb_1.jpg\",\"datePublished\":\"2019-06-11T07:53:17+00:00\",\"dateModified\":\"2019-10-21T09:11:19+00:00\",\"description\":\"Para tus locales comerciales elije las p\u00e9rgolas para tiendas KE, los clientes se refugiar\u00e1n encantados en los d\u00edas de sol. Alto nivel de personalizaci\u00f3n.\",\"breadcrumb\":{\"@id\":\"https:\\\/\\\/www.keoutdoordesign.com\\\/es-es\\\/referencias\\\/comercial\\\/tiendas\\\/#breadcrumb\"},\"inLanguage\":\"es\",\"potentialAction\":[{\"@type\":\"ReadAction\",\"target\":[\"https:\\\/\\\/www.keoutdoordesign.com\\\/es-es\\\/referencias\\\/comercial\\\/tiendas\\\/\"]}]},{\"@type\":\"ImageObject\",\"inLanguage\":\"es\",\"@id\":\"https:\\\/\\\/www.keoutdoordesign.com\\\/es-es\\\/referencias\\\/comercial\\\/tiendas\\\/#primaryimage\",\"url\":\"https:\\\/\\\/www.keoutdoordesign.com\\\/wp-content\\\/uploads\\\/2019\\\/05\\\/ResBolzanoMila_QubicaPlumb_1.jpg\",\"contentUrl\":\"https:\\\/\\\/www.keoutdoordesign.com\\\/wp-content\\\/uploads\\\/2019\\\/05\\\/ResBolzanoMila_QubicaPlumb_1.jpg\",\"width\":2048,\"height\":1080},{\"@type\":\"BreadcrumbList\",\"@id\":\"https:\\\/\\\/www.keoutdoordesign.com\\\/es-es\\\/referencias\\\/comercial\\\/tiendas\\\/#breadcrumb\",\"itemListElement\":[{\"@type\":\"ListItem\",\"position\":1,\"name\":\"Home\",\"item\":\"https:\\\/\\\/www.keoutdoordesign.com\\\/es-es\\\/\"},{\"@type\":\"ListItem\",\"position\":2,\"name\":\"Referencias\",\"item\":\"https:\\\/\\\/www.keoutdoordesign.com\\\/es-es\\\/referencias\\\/\"},{\"@type\":\"ListItem\",\"position\":3,\"name\":\"Comercial\",\"item\":\"https:\\\/\\\/www.keoutdoordesign.com\\\/es-es\\\/referencias\\\/comercial\\\/\"},{\"@type\":\"ListItem\",\"position\":4,\"name\":\"Tiendas\"}]},{\"@type\":\"WebSite\",\"@id\":\"https:\\\/\\\/www.keoutdoordesign.com\\\/it-it\\\/#website\",\"url\":\"https:\\\/\\\/www.keoutdoordesign.com\\\/it-it\\\/\",\"name\":\"KE Outdoor Design\",\"description\":\"Un nuovo sito targato WordPress\",\"publisher\":{\"@id\":\"https:\\\/\\\/www.keoutdoordesign.com\\\/it-it\\\/#organization\"},\"potentialAction\":[{\"@type\":\"SearchAction\",\"target\":{\"@type\":\"EntryPoint\",\"urlTemplate\":\"https:\\\/\\\/www.keoutdoordesign.com\\\/it-it\\\/?s={search_term_string}\"},\"query-input\":{\"@type\":\"PropertyValueSpecification\",\"valueRequired\":true,\"valueName\":\"search_term_string\"}}],\"inLanguage\":\"es\"},{\"@type\":\"Organization\",\"@id\":\"https:\\\/\\\/www.keoutdoordesign.com\\\/it-it\\\/#organization\",\"name\":\"KE Outdoor Design\",\"url\":\"https:\\\/\\\/www.keoutdoordesign.com\\\/it-it\\\/\",\"logo\":{\"@type\":\"ImageObject\",\"inLanguage\":\"es\",\"@id\":\"https:\\\/\\\/www.keoutdoordesign.com\\\/it-it\\\/#\\\/schema\\\/logo\\\/image\\\/\",\"url\":\"https:\\\/\\\/www.keoutdoordesign.com\\\/wp-content\\\/uploads\\\/2020\\\/02\\\/KE-logo-Primary-e1591282842174.jpg\",\"contentUrl\":\"https:\\\/\\\/www.keoutdoordesign.com\\\/wp-content\\\/uploads\\\/2020\\\/02\\\/KE-logo-Primary-e1591282842174.jpg\",\"width\":500,\"height\":396,\"caption\":\"KE Outdoor Design\"},\"image\":{\"@id\":\"https:\\\/\\\/www.keoutdoordesign.com\\\/it-it\\\/#\\\/schema\\\/logo\\\/image\\\/\"},\"sameAs\":[\"https:\\\/\\\/www.facebook.com\\\/keoutdoordesign.us\",\"https:\\\/\\\/x.com\\\/keoutdoordesign\",\"https:\\\/\\\/www.facebook.com\\\/keoutdoordesign\",\"https:\\\/\\\/www.youtube.com\\\/channel\\\/UCSoMQryJpLqD53bAoZLg2Vg\",\"https:\\\/\\\/www.pinterest.it\\\/keoutdoordesign\\\/\",\"https:\\\/\\\/www.instagram.com\\\/keoutdoordesign\\\/\",\"https:\\\/\\\/www.linkedin.com\\\/company\\\/ke-outdoor-design\\\/\"]}]}<\/script>\n<!-- \/ Yoast SEO Premium plugin. -->","yoast_head_json":{"title":"P\u00e9rgolas para tiendas - KE Outdoor Design","description":"Para tus locales comerciales elije las p\u00e9rgolas para tiendas KE, los clientes se refugiar\u00e1n encantados en los d\u00edas de sol. Alto nivel de personalizaci\u00f3n.","robots":{"index":"index","follow":"follow","max-snippet":"max-snippet:-1","max-image-preview":"max-image-preview:large","max-video-preview":"max-video-preview:-1"},"canonical":"https:\/\/www.keoutdoordesign.com\/es-es\/referencias\/comercial\/tiendas\/","og_locale":"es_ES","og_type":"article","og_title":"Tiendas","og_description":"Para tus locales comerciales elije las p\u00e9rgolas para tiendas KE, los clientes se refugiar\u00e1n encantados en los d\u00edas de sol. Alto nivel de personalizaci\u00f3n.","og_url":"https:\/\/www.keoutdoordesign.com\/es-es\/referencias\/comercial\/tiendas\/","og_site_name":"KE Outdoor Design","article_publisher":"https:\/\/www.facebook.com\/keoutdoordesign.us","article_modified_time":"2019-10-21T09:11:19+00:00","og_image":[{"width":2048,"height":1080,"url":"https:\/\/www.keoutdoordesign.com\/wp-content\/uploads\/2019\/05\/ResBolzanoMila_QubicaPlumb_1.jpg","type":"image\/jpeg"}],"twitter_card":"summary_large_image","twitter_site":"@keoutdoordesign","schema":{"@context":"https:\/\/schema.org","@graph":[{"@type":"WebPage","@id":"https:\/\/www.keoutdoordesign.com\/es-es\/referencias\/comercial\/tiendas\/","url":"https:\/\/www.keoutdoordesign.com\/es-es\/referencias\/comercial\/tiendas\/","name":"P\u00e9rgolas para tiendas - KE Outdoor Design","isPartOf":{"@id":"https:\/\/www.keoutdoordesign.com\/it-it\/#website"},"primaryImageOfPage":{"@id":"https:\/\/www.keoutdoordesign.com\/es-es\/referencias\/comercial\/tiendas\/#primaryimage"},"image":{"@id":"https:\/\/www.keoutdoordesign.com\/es-es\/referencias\/comercial\/tiendas\/#primaryimage"},"thumbnailUrl":"https:\/\/www.keoutdoordesign.com\/wp-content\/uploads\/2019\/05\/ResBolzanoMila_QubicaPlumb_1.jpg","datePublished":"2019-06-11T07:53:17+00:00","dateModified":"2019-10-21T09:11:19+00:00","description":"Para tus locales comerciales elije las p\u00e9rgolas para tiendas KE, los clientes se refugiar\u00e1n encantados en los d\u00edas de sol. Alto nivel de personalizaci\u00f3n.","breadcrumb":{"@id":"https:\/\/www.keoutdoordesign.com\/es-es\/referencias\/comercial\/tiendas\/#breadcrumb"},"inLanguage":"es","potentialAction":[{"@type":"ReadAction","target":["https:\/\/www.keoutdoordesign.com\/es-es\/referencias\/comercial\/tiendas\/"]}]},{"@type":"ImageObject","inLanguage":"es","@id":"https:\/\/www.keoutdoordesign.com\/es-es\/referencias\/comercial\/tiendas\/#primaryimage","url":"https:\/\/www.keoutdoordesign.com\/wp-content\/uploads\/2019\/05\/ResBolzanoMila_QubicaPlumb_1.jpg","contentUrl":"https:\/\/www.keoutdoordesign.com\/wp-content\/uploads\/2019\/05\/ResBolzanoMila_QubicaPlumb_1.jpg","width":2048,"height":1080},{"@type":"BreadcrumbList","@id":"https:\/\/www.keoutdoordesign.com\/es-es\/referencias\/comercial\/tiendas\/#breadcrumb","itemListElement":[{"@type":"ListItem","position":1,"name":"Home","item":"https:\/\/www.keoutdoordesign.com\/es-es\/"},{"@type":"ListItem","position":2,"name":"Referencias","item":"https:\/\/www.keoutdoordesign.com\/es-es\/referencias\/"},{"@type":"ListItem","position":3,"name":"Comercial","item":"https:\/\/www.keoutdoordesign.com\/es-es\/referencias\/comercial\/"},{"@type":"ListItem","position":4,"name":"Tiendas"}]},{"@type":"WebSite","@id":"https:\/\/www.keoutdoordesign.com\/it-it\/#website","url":"https:\/\/www.keoutdoordesign.com\/it-it\/","name":"KE Outdoor Design","description":"Un nuovo sito targato WordPress","publisher":{"@id":"https:\/\/www.keoutdoordesign.com\/it-it\/#organization"},"potentialAction":[{"@type":"SearchAction","target":{"@type":"EntryPoint","urlTemplate":"https:\/\/www.keoutdoordesign.com\/it-it\/?s={search_term_string}"},"query-input":{"@type":"PropertyValueSpecification","valueRequired":true,"valueName":"search_term_string"}}],"inLanguage":"es"},{"@type":"Organization","@id":"https:\/\/www.keoutdoordesign.com\/it-it\/#organization","name":"KE Outdoor Design","url":"https:\/\/www.keoutdoordesign.com\/it-it\/","logo":{"@type":"ImageObject","inLanguage":"es","@id":"https:\/\/www.keoutdoordesign.com\/it-it\/#\/schema\/logo\/image\/","url":"https:\/\/www.keoutdoordesign.com\/wp-content\/uploads\/2020\/02\/KE-logo-Primary-e1591282842174.jpg","contentUrl":"https:\/\/www.keoutdoordesign.com\/wp-content\/uploads\/2020\/02\/KE-logo-Primary-e1591282842174.jpg","width":500,"height":396,"caption":"KE Outdoor Design"},"image":{"@id":"https:\/\/www.keoutdoordesign.com\/it-it\/#\/schema\/logo\/image\/"},"sameAs":["https:\/\/www.facebook.com\/keoutdoordesign.us","https:\/\/x.com\/keoutdoordesign","https:\/\/www.facebook.com\/keoutdoordesign","https:\/\/www.youtube.com\/channel\/UCSoMQryJpLqD53bAoZLg2Vg","https:\/\/www.pinterest.it\/keoutdoordesign\/","https:\/\/www.instagram.com\/keoutdoordesign\/","https:\/\/www.linkedin.com\/company\/ke-outdoor-design\/"]}]}},"_links":{"self":[{"href":"https:\/\/www.keoutdoordesign.com\/es-es\/wp-json\/wp\/v2\/pages\/5863","targetHints":{"allow":["GET"]}}],"collection":[{"href":"https:\/\/www.keoutdoordesign.com\/es-es\/wp-json\/wp\/v2\/pages"}],"about":[{"href":"https:\/\/www.keoutdoordesign.com\/es-es\/wp-json\/wp\/v2\/types\/page"}],"author":[{"embeddable":true,"href":"https:\/\/www.keoutdoordesign.com\/es-es\/wp-json\/wp\/v2\/users\/10608"}],"replies":[{"embeddable":true,"href":"https:\/\/www.keoutdoordesign.com\/es-es\/wp-json\/wp\/v2\/comments?post=5863"}],"version-history":[{"count":3,"href":"https:\/\/www.keoutdoordesign.com\/es-es\/wp-json\/wp\/v2\/pages\/5863\/revisions"}],"predecessor-version":[{"id":16561,"href":"https:\/\/www.keoutdoordesign.com\/es-es\/wp-json\/wp\/v2\/pages\/5863\/revisions\/16561"}],"up":[{"embeddable":true,"href":"https:\/\/www.keoutdoordesign.com\/es-es\/wp-json\/wp\/v2\/pages\/3386"}],"wp:featuredmedia":[{"embeddable":true,"href":"https:\/\/www.keoutdoordesign.com\/es-es\/wp-json\/wp\/v2\/media\/2886"}],"wp:attachment":[{"href":"https:\/\/www.keoutdoordesign.com\/es-es\/wp-json\/wp\/v2\/media?parent=5863"}],"curies":[{"name":"wp","href":"https:\/\/api.w.org\/{rel}","templated":true}]}}