{"id":5841,"date":"2019-06-11T09:53:01","date_gmt":"2019-06-11T07:53:01","guid":{"rendered":"http:\/\/ke.itpowernet.it\/?page_id=5841"},"modified":"2023-07-19T11:40:16","modified_gmt":"2023-07-19T09:40:16","slug":"restaurantes","status":"publish","type":"page","link":"https:\/\/www.keoutdoordesign.com\/es-es\/referencias\/comercial\/restaurantes\/","title":{"rendered":"Restaurantes"},"content":{"rendered":"<p><span style=\"font-weight: 400;\">\u00bfQu\u00e9 puede ser mejor que ofrecer a sus clientes un espacio de sombra mientras disfrutan de una agradable comida en su restaurante? Nada. Las conversaciones en familia, las reuniones de amigos o las celebraciones de momentos especiales son mejores bajo las <\/span><b>p\u00e9rgolas para restaurantes.<\/b><\/p>\n<p><b>Una p\u00e9rgola adosada para restaurante<\/b><span style=\"font-weight: 400;\"> es una pieza de alto valor. Las soluciones que le ofrecemos se integran perfectamente en la est\u00e9tica de su negocio aprovechando al m\u00e1ximo el espacio existente. Dise\u00f1os refinados, <\/span><b>colores personalizables<\/b><span style=\"font-weight: 400;\"> y elementos que identifiquen su negocio pueden formar parte de un accesorio que mejorar\u00e1 sus instalaciones en <\/span><b>todos los sentidos.<\/b><\/p>\n<p><span style=\"font-weight: 400;\">Adem\u00e1s, hay modelos de <\/span><b>p\u00e9rgolas para terrazas de bares<\/b><span style=\"font-weight: 400;\"> con dise\u00f1os <\/span><b>bioclim\u00e1ticos<\/b><span style=\"font-weight: 400;\"> o de techo plano para cubrir cualquier tipo de necesidad. Ahora podr\u00e1 dar un nuevo enfoque al <\/span><b>exterior de su restaurante<\/b><span style=\"font-weight: 400;\"> garantizando que sus clientes puedan pasar un rato muy agradable bajo la protecci\u00f3n de una p\u00e9rgola con la que siempre acertar\u00e1.<\/span><\/p>\n","protected":false},"excerpt":{"rendered":"<p>\u00bfQu\u00e9 puede ser mejor que ofrecer a sus clientes un espacio de sombra mientras disfrutan de una agradable comida en&hellip;<\/p>\n","protected":false},"author":10608,"featured_media":3453,"parent":3386,"menu_order":18,"comment_status":"closed","ping_status":"closed","template":"page-templates\/category-references.php","meta":{"_acf_changed":false,"footnotes":""},"class_list":["post-5841","page","type-page","status-publish","has-post-thumbnail","hentry"],"acf":[],"yoast_head":"<!-- This site is optimized with the Yoast SEO Premium plugin v20.12 (Yoast SEO v27.3) - https:\/\/yoast.com\/product\/yoast-seo-premium-wordpress\/ -->\n<title>P\u00e9rgolas para Restaurantes - KE Outdoor Design<\/title>\n<meta name=\"description\" content=\"Con nuestras p\u00e9rgolas para restaurantes le ofrecemos soluciones que se integran perfectamente en la est\u00e9tica de su negocio existente. \u00a1Cons\u00faltenos!\" \/>\n<meta name=\"robots\" content=\"index, follow, max-snippet:-1, max-image-preview:large, max-video-preview:-1\" \/>\n<link rel=\"canonical\" href=\"https:\/\/www.keoutdoordesign.com\/es-es\/referencias\/comercial\/restaurantes\/\" \/>\n<meta property=\"og:locale\" content=\"es_ES\" \/>\n<meta property=\"og:type\" content=\"article\" \/>\n<meta property=\"og:title\" content=\"Restaurantes\" \/>\n<meta property=\"og:description\" content=\"Con nuestras p\u00e9rgolas para restaurantes le ofrecemos soluciones que se integran perfectamente en la est\u00e9tica de su negocio existente. \u00a1Cons\u00faltenos!\" \/>\n<meta property=\"og:url\" content=\"https:\/\/www.keoutdoordesign.com\/es-es\/referencias\/comercial\/restaurantes\/\" \/>\n<meta property=\"og:site_name\" content=\"KE Outdoor Design\" \/>\n<meta property=\"article:publisher\" content=\"https:\/\/www.facebook.com\/keoutdoordesign.us\" \/>\n<meta property=\"article:modified_time\" content=\"2023-07-19T09:40:16+00:00\" \/>\n<meta property=\"og:image\" content=\"https:\/\/www.keoutdoordesign.com\/wp-content\/uploads\/2019\/05\/Akebaso_2.jpg\" \/>\n\t<meta property=\"og:image:width\" content=\"2048\" \/>\n\t<meta property=\"og:image:height\" content=\"1080\" \/>\n\t<meta property=\"og:image:type\" content=\"image\/jpeg\" \/>\n<meta name=\"twitter:card\" content=\"summary_large_image\" \/>\n<meta name=\"twitter:site\" content=\"@keoutdoordesign\" \/>\n<script type=\"application\/ld+json\" class=\"yoast-schema-graph\">{\"@context\":\"https:\\\/\\\/schema.org\",\"@graph\":[{\"@type\":\"WebPage\",\"@id\":\"https:\\\/\\\/www.keoutdoordesign.com\\\/es-es\\\/referencias\\\/comercial\\\/restaurantes\\\/\",\"url\":\"https:\\\/\\\/www.keoutdoordesign.com\\\/es-es\\\/referencias\\\/comercial\\\/restaurantes\\\/\",\"name\":\"P\u00e9rgolas para Restaurantes - KE Outdoor Design\",\"isPartOf\":{\"@id\":\"https:\\\/\\\/www.keoutdoordesign.com\\\/it-it\\\/#website\"},\"primaryImageOfPage\":{\"@id\":\"https:\\\/\\\/www.keoutdoordesign.com\\\/es-es\\\/referencias\\\/comercial\\\/restaurantes\\\/#primaryimage\"},\"image\":{\"@id\":\"https:\\\/\\\/www.keoutdoordesign.com\\\/es-es\\\/referencias\\\/comercial\\\/restaurantes\\\/#primaryimage\"},\"thumbnailUrl\":\"https:\\\/\\\/www.keoutdoordesign.com\\\/wp-content\\\/uploads\\\/2019\\\/05\\\/Akebaso_2.jpg\",\"datePublished\":\"2019-06-11T07:53:01+00:00\",\"dateModified\":\"2023-07-19T09:40:16+00:00\",\"description\":\"Con nuestras p\u00e9rgolas para restaurantes le ofrecemos soluciones que se integran perfectamente en la est\u00e9tica de su negocio existente. \u00a1Cons\u00faltenos!\",\"breadcrumb\":{\"@id\":\"https:\\\/\\\/www.keoutdoordesign.com\\\/es-es\\\/referencias\\\/comercial\\\/restaurantes\\\/#breadcrumb\"},\"inLanguage\":\"es\",\"potentialAction\":[{\"@type\":\"ReadAction\",\"target\":[\"https:\\\/\\\/www.keoutdoordesign.com\\\/es-es\\\/referencias\\\/comercial\\\/restaurantes\\\/\"]}]},{\"@type\":\"ImageObject\",\"inLanguage\":\"es\",\"@id\":\"https:\\\/\\\/www.keoutdoordesign.com\\\/es-es\\\/referencias\\\/comercial\\\/restaurantes\\\/#primaryimage\",\"url\":\"https:\\\/\\\/www.keoutdoordesign.com\\\/wp-content\\\/uploads\\\/2019\\\/05\\\/Akebaso_2.jpg\",\"contentUrl\":\"https:\\\/\\\/www.keoutdoordesign.com\\\/wp-content\\\/uploads\\\/2019\\\/05\\\/Akebaso_2.jpg\",\"width\":2048,\"height\":1080},{\"@type\":\"BreadcrumbList\",\"@id\":\"https:\\\/\\\/www.keoutdoordesign.com\\\/es-es\\\/referencias\\\/comercial\\\/restaurantes\\\/#breadcrumb\",\"itemListElement\":[{\"@type\":\"ListItem\",\"position\":1,\"name\":\"Home\",\"item\":\"https:\\\/\\\/www.keoutdoordesign.com\\\/es-es\\\/\"},{\"@type\":\"ListItem\",\"position\":2,\"name\":\"Referencias\",\"item\":\"https:\\\/\\\/www.keoutdoordesign.com\\\/es-es\\\/referencias\\\/\"},{\"@type\":\"ListItem\",\"position\":3,\"name\":\"Comercial\",\"item\":\"https:\\\/\\\/www.keoutdoordesign.com\\\/es-es\\\/referencias\\\/comercial\\\/\"},{\"@type\":\"ListItem\",\"position\":4,\"name\":\"Restaurantes\"}]},{\"@type\":\"WebSite\",\"@id\":\"https:\\\/\\\/www.keoutdoordesign.com\\\/it-it\\\/#website\",\"url\":\"https:\\\/\\\/www.keoutdoordesign.com\\\/it-it\\\/\",\"name\":\"KE Outdoor Design\",\"description\":\"Un nuovo sito targato WordPress\",\"publisher\":{\"@id\":\"https:\\\/\\\/www.keoutdoordesign.com\\\/it-it\\\/#organization\"},\"potentialAction\":[{\"@type\":\"SearchAction\",\"target\":{\"@type\":\"EntryPoint\",\"urlTemplate\":\"https:\\\/\\\/www.keoutdoordesign.com\\\/it-it\\\/?s={search_term_string}\"},\"query-input\":{\"@type\":\"PropertyValueSpecification\",\"valueRequired\":true,\"valueName\":\"search_term_string\"}}],\"inLanguage\":\"es\"},{\"@type\":\"Organization\",\"@id\":\"https:\\\/\\\/www.keoutdoordesign.com\\\/it-it\\\/#organization\",\"name\":\"KE Outdoor Design\",\"url\":\"https:\\\/\\\/www.keoutdoordesign.com\\\/it-it\\\/\",\"logo\":{\"@type\":\"ImageObject\",\"inLanguage\":\"es\",\"@id\":\"https:\\\/\\\/www.keoutdoordesign.com\\\/it-it\\\/#\\\/schema\\\/logo\\\/image\\\/\",\"url\":\"https:\\\/\\\/www.keoutdoordesign.com\\\/wp-content\\\/uploads\\\/2020\\\/02\\\/KE-logo-Primary-e1591282842174.jpg\",\"contentUrl\":\"https:\\\/\\\/www.keoutdoordesign.com\\\/wp-content\\\/uploads\\\/2020\\\/02\\\/KE-logo-Primary-e1591282842174.jpg\",\"width\":500,\"height\":396,\"caption\":\"KE Outdoor Design\"},\"image\":{\"@id\":\"https:\\\/\\\/www.keoutdoordesign.com\\\/it-it\\\/#\\\/schema\\\/logo\\\/image\\\/\"},\"sameAs\":[\"https:\\\/\\\/www.facebook.com\\\/keoutdoordesign.us\",\"https:\\\/\\\/x.com\\\/keoutdoordesign\",\"https:\\\/\\\/www.facebook.com\\\/keoutdoordesign\",\"https:\\\/\\\/www.youtube.com\\\/channel\\\/UCSoMQryJpLqD53bAoZLg2Vg\",\"https:\\\/\\\/www.pinterest.it\\\/keoutdoordesign\\\/\",\"https:\\\/\\\/www.instagram.com\\\/keoutdoordesign\\\/\",\"https:\\\/\\\/www.linkedin.com\\\/company\\\/ke-outdoor-design\\\/\"]}]}<\/script>\n<!-- \/ Yoast SEO Premium plugin. -->","yoast_head_json":{"title":"P\u00e9rgolas para Restaurantes - KE Outdoor Design","description":"Con nuestras p\u00e9rgolas para restaurantes le ofrecemos soluciones que se integran perfectamente en la est\u00e9tica de su negocio existente. \u00a1Cons\u00faltenos!","robots":{"index":"index","follow":"follow","max-snippet":"max-snippet:-1","max-image-preview":"max-image-preview:large","max-video-preview":"max-video-preview:-1"},"canonical":"https:\/\/www.keoutdoordesign.com\/es-es\/referencias\/comercial\/restaurantes\/","og_locale":"es_ES","og_type":"article","og_title":"Restaurantes","og_description":"Con nuestras p\u00e9rgolas para restaurantes le ofrecemos soluciones que se integran perfectamente en la est\u00e9tica de su negocio existente. \u00a1Cons\u00faltenos!","og_url":"https:\/\/www.keoutdoordesign.com\/es-es\/referencias\/comercial\/restaurantes\/","og_site_name":"KE Outdoor Design","article_publisher":"https:\/\/www.facebook.com\/keoutdoordesign.us","article_modified_time":"2023-07-19T09:40:16+00:00","og_image":[{"width":2048,"height":1080,"url":"https:\/\/www.keoutdoordesign.com\/wp-content\/uploads\/2019\/05\/Akebaso_2.jpg","type":"image\/jpeg"}],"twitter_card":"summary_large_image","twitter_site":"@keoutdoordesign","schema":{"@context":"https:\/\/schema.org","@graph":[{"@type":"WebPage","@id":"https:\/\/www.keoutdoordesign.com\/es-es\/referencias\/comercial\/restaurantes\/","url":"https:\/\/www.keoutdoordesign.com\/es-es\/referencias\/comercial\/restaurantes\/","name":"P\u00e9rgolas para Restaurantes - KE Outdoor Design","isPartOf":{"@id":"https:\/\/www.keoutdoordesign.com\/it-it\/#website"},"primaryImageOfPage":{"@id":"https:\/\/www.keoutdoordesign.com\/es-es\/referencias\/comercial\/restaurantes\/#primaryimage"},"image":{"@id":"https:\/\/www.keoutdoordesign.com\/es-es\/referencias\/comercial\/restaurantes\/#primaryimage"},"thumbnailUrl":"https:\/\/www.keoutdoordesign.com\/wp-content\/uploads\/2019\/05\/Akebaso_2.jpg","datePublished":"2019-06-11T07:53:01+00:00","dateModified":"2023-07-19T09:40:16+00:00","description":"Con nuestras p\u00e9rgolas para restaurantes le ofrecemos soluciones que se integran perfectamente en la est\u00e9tica de su negocio existente. \u00a1Cons\u00faltenos!","breadcrumb":{"@id":"https:\/\/www.keoutdoordesign.com\/es-es\/referencias\/comercial\/restaurantes\/#breadcrumb"},"inLanguage":"es","potentialAction":[{"@type":"ReadAction","target":["https:\/\/www.keoutdoordesign.com\/es-es\/referencias\/comercial\/restaurantes\/"]}]},{"@type":"ImageObject","inLanguage":"es","@id":"https:\/\/www.keoutdoordesign.com\/es-es\/referencias\/comercial\/restaurantes\/#primaryimage","url":"https:\/\/www.keoutdoordesign.com\/wp-content\/uploads\/2019\/05\/Akebaso_2.jpg","contentUrl":"https:\/\/www.keoutdoordesign.com\/wp-content\/uploads\/2019\/05\/Akebaso_2.jpg","width":2048,"height":1080},{"@type":"BreadcrumbList","@id":"https:\/\/www.keoutdoordesign.com\/es-es\/referencias\/comercial\/restaurantes\/#breadcrumb","itemListElement":[{"@type":"ListItem","position":1,"name":"Home","item":"https:\/\/www.keoutdoordesign.com\/es-es\/"},{"@type":"ListItem","position":2,"name":"Referencias","item":"https:\/\/www.keoutdoordesign.com\/es-es\/referencias\/"},{"@type":"ListItem","position":3,"name":"Comercial","item":"https:\/\/www.keoutdoordesign.com\/es-es\/referencias\/comercial\/"},{"@type":"ListItem","position":4,"name":"Restaurantes"}]},{"@type":"WebSite","@id":"https:\/\/www.keoutdoordesign.com\/it-it\/#website","url":"https:\/\/www.keoutdoordesign.com\/it-it\/","name":"KE Outdoor Design","description":"Un nuovo sito targato WordPress","publisher":{"@id":"https:\/\/www.keoutdoordesign.com\/it-it\/#organization"},"potentialAction":[{"@type":"SearchAction","target":{"@type":"EntryPoint","urlTemplate":"https:\/\/www.keoutdoordesign.com\/it-it\/?s={search_term_string}"},"query-input":{"@type":"PropertyValueSpecification","valueRequired":true,"valueName":"search_term_string"}}],"inLanguage":"es"},{"@type":"Organization","@id":"https:\/\/www.keoutdoordesign.com\/it-it\/#organization","name":"KE Outdoor Design","url":"https:\/\/www.keoutdoordesign.com\/it-it\/","logo":{"@type":"ImageObject","inLanguage":"es","@id":"https:\/\/www.keoutdoordesign.com\/it-it\/#\/schema\/logo\/image\/","url":"https:\/\/www.keoutdoordesign.com\/wp-content\/uploads\/2020\/02\/KE-logo-Primary-e1591282842174.jpg","contentUrl":"https:\/\/www.keoutdoordesign.com\/wp-content\/uploads\/2020\/02\/KE-logo-Primary-e1591282842174.jpg","width":500,"height":396,"caption":"KE Outdoor Design"},"image":{"@id":"https:\/\/www.keoutdoordesign.com\/it-it\/#\/schema\/logo\/image\/"},"sameAs":["https:\/\/www.facebook.com\/keoutdoordesign.us","https:\/\/x.com\/keoutdoordesign","https:\/\/www.facebook.com\/keoutdoordesign","https:\/\/www.youtube.com\/channel\/UCSoMQryJpLqD53bAoZLg2Vg","https:\/\/www.pinterest.it\/keoutdoordesign\/","https:\/\/www.instagram.com\/keoutdoordesign\/","https:\/\/www.linkedin.com\/company\/ke-outdoor-design\/"]}]}},"_links":{"self":[{"href":"https:\/\/www.keoutdoordesign.com\/es-es\/wp-json\/wp\/v2\/pages\/5841","targetHints":{"allow":["GET"]}}],"collection":[{"href":"https:\/\/www.keoutdoordesign.com\/es-es\/wp-json\/wp\/v2\/pages"}],"about":[{"href":"https:\/\/www.keoutdoordesign.com\/es-es\/wp-json\/wp\/v2\/types\/page"}],"author":[{"embeddable":true,"href":"https:\/\/www.keoutdoordesign.com\/es-es\/wp-json\/wp\/v2\/users\/10608"}],"replies":[{"embeddable":true,"href":"https:\/\/www.keoutdoordesign.com\/es-es\/wp-json\/wp\/v2\/comments?post=5841"}],"version-history":[{"count":4,"href":"https:\/\/www.keoutdoordesign.com\/es-es\/wp-json\/wp\/v2\/pages\/5841\/revisions"}],"predecessor-version":[{"id":60792,"href":"https:\/\/www.keoutdoordesign.com\/es-es\/wp-json\/wp\/v2\/pages\/5841\/revisions\/60792"}],"up":[{"embeddable":true,"href":"https:\/\/www.keoutdoordesign.com\/es-es\/wp-json\/wp\/v2\/pages\/3386"}],"wp:featuredmedia":[{"embeddable":true,"href":"https:\/\/www.keoutdoordesign.com\/es-es\/wp-json\/wp\/v2\/media\/3453"}],"wp:attachment":[{"href":"https:\/\/www.keoutdoordesign.com\/es-es\/wp-json\/wp\/v2\/media?parent=5841"}],"curies":[{"name":"wp","href":"https:\/\/api.w.org\/{rel}","templated":true}]}}