{"id":5821,"date":"2019-06-11T09:52:27","date_gmt":"2019-06-11T07:52:27","guid":{"rendered":"http:\/\/ke.itpowernet.it\/?page_id=5821"},"modified":"2019-10-21T11:12:47","modified_gmt":"2019-10-21T09:12:47","slug":"villas-para-recepciones","status":"publish","type":"page","link":"https:\/\/www.keoutdoordesign.com\/es-es\/referencias\/comercial\/villas-para-recepciones\/","title":{"rendered":"Villas para recepciones"},"content":{"rendered":"<p>Imagine un aperitivo servido en un bello jard\u00edn bajo la sombra de una <strong>p\u00e9rgola de madera<\/strong>. O, mejor a\u00fan: una reuni\u00f3n con buenos amigos en un ambiente muy especial en el que no puede faltar una <strong>p\u00e9rgola de madera a medida<\/strong> que abra sus lamas cuando todos quieran disfrutar de los rayos del sol.<\/p>\n<p>Estas experiencias no pueden estar ausentes nunca en una <strong>villa para recepciones<\/strong>, un espacio que muchas personas elegir\u00edan para disfrutar de algunos de los momentos m\u00e1s importantes de su vida. Estas <strong>p\u00e9rgolas cuentan, adem\u00e1s, con sistemas muy avanzados<\/strong> para favorecer la comodidad. Encontrar\u00e1 modelos con persianas enrollables, otros de estilo vela o incluso varios con <strong>sistema<\/strong><strong>bioclim\u00e1tico<\/strong>.<\/p>\n<p>Adem\u00e1s, una <strong>p\u00e9rgola de madera<\/strong> puede contar con distintos accesorios. Luces LED, sistema autom\u00e1tico de apertura, vidrieras o cualquier otra cosa que se le ocurra y que haga que su villa para recepciones se convierta en el espacio con el que todos sue\u00f1an.<\/p>\n","protected":false},"excerpt":{"rendered":"<p>Imagine un aperitivo servido en un bello jard\u00edn bajo la sombra de una p\u00e9rgola de madera. O, mejor a\u00fan: una&hellip;<\/p>\n","protected":false},"author":10608,"featured_media":3534,"parent":3386,"menu_order":20,"comment_status":"closed","ping_status":"closed","template":"page-templates\/category-references.php","meta":{"_acf_changed":false,"footnotes":""},"class_list":["post-5821","page","type-page","status-publish","has-post-thumbnail","hentry"],"acf":[],"yoast_head":"<!-- This site is optimized with the Yoast SEO Premium plugin v20.12 (Yoast SEO v27.3) - https:\/\/yoast.com\/product\/yoast-seo-premium-wordpress\/ -->\n<title>P\u00e9rgola de Madera - KE Outdoor Design<\/title>\n<meta name=\"description\" content=\"En su villa para recepciones no puede faltar una elegante p\u00e9rgola de madera para favorecer la comodidad durante sus eventos. Elige tu p\u00e9rgola a medida KE.\" \/>\n<meta name=\"robots\" content=\"index, follow, max-snippet:-1, max-image-preview:large, max-video-preview:-1\" \/>\n<link rel=\"canonical\" href=\"https:\/\/www.keoutdoordesign.com\/es-es\/referencias\/comercial\/villas-para-recepciones\/\" \/>\n<meta property=\"og:locale\" content=\"es_ES\" \/>\n<meta property=\"og:type\" content=\"article\" \/>\n<meta property=\"og:title\" content=\"Villas para recepciones\" \/>\n<meta property=\"og:description\" content=\"En su villa para recepciones no puede faltar una elegante p\u00e9rgola de madera para favorecer la comodidad durante sus eventos. Elige tu p\u00e9rgola a medida KE.\" \/>\n<meta property=\"og:url\" content=\"https:\/\/www.keoutdoordesign.com\/es-es\/referencias\/comercial\/villas-para-recepciones\/\" \/>\n<meta property=\"og:site_name\" content=\"KE Outdoor Design\" \/>\n<meta property=\"article:publisher\" content=\"https:\/\/www.facebook.com\/keoutdoordesign.us\" \/>\n<meta property=\"article:modified_time\" content=\"2019-10-21T09:12:47+00:00\" \/>\n<meta property=\"og:image\" content=\"https:\/\/www.keoutdoordesign.com\/wp-content\/uploads\/2019\/05\/KE_Casa-Casuarina_3.jpg\" \/>\n\t<meta property=\"og:image:width\" content=\"2048\" \/>\n\t<meta property=\"og:image:height\" content=\"1080\" \/>\n\t<meta property=\"og:image:type\" content=\"image\/jpeg\" \/>\n<meta name=\"twitter:card\" content=\"summary_large_image\" \/>\n<meta name=\"twitter:site\" content=\"@keoutdoordesign\" \/>\n<script type=\"application\/ld+json\" class=\"yoast-schema-graph\">{\"@context\":\"https:\\\/\\\/schema.org\",\"@graph\":[{\"@type\":\"WebPage\",\"@id\":\"https:\\\/\\\/www.keoutdoordesign.com\\\/es-es\\\/referencias\\\/comercial\\\/villas-para-recepciones\\\/\",\"url\":\"https:\\\/\\\/www.keoutdoordesign.com\\\/es-es\\\/referencias\\\/comercial\\\/villas-para-recepciones\\\/\",\"name\":\"P\u00e9rgola de Madera - KE Outdoor Design\",\"isPartOf\":{\"@id\":\"https:\\\/\\\/www.keoutdoordesign.com\\\/it-it\\\/#website\"},\"primaryImageOfPage\":{\"@id\":\"https:\\\/\\\/www.keoutdoordesign.com\\\/es-es\\\/referencias\\\/comercial\\\/villas-para-recepciones\\\/#primaryimage\"},\"image\":{\"@id\":\"https:\\\/\\\/www.keoutdoordesign.com\\\/es-es\\\/referencias\\\/comercial\\\/villas-para-recepciones\\\/#primaryimage\"},\"thumbnailUrl\":\"https:\\\/\\\/www.keoutdoordesign.com\\\/wp-content\\\/uploads\\\/2019\\\/05\\\/KE_Casa-Casuarina_3.jpg\",\"datePublished\":\"2019-06-11T07:52:27+00:00\",\"dateModified\":\"2019-10-21T09:12:47+00:00\",\"description\":\"En su villa para recepciones no puede faltar una elegante p\u00e9rgola de madera para favorecer la comodidad durante sus eventos. Elige tu p\u00e9rgola a medida KE.\",\"breadcrumb\":{\"@id\":\"https:\\\/\\\/www.keoutdoordesign.com\\\/es-es\\\/referencias\\\/comercial\\\/villas-para-recepciones\\\/#breadcrumb\"},\"inLanguage\":\"es\",\"potentialAction\":[{\"@type\":\"ReadAction\",\"target\":[\"https:\\\/\\\/www.keoutdoordesign.com\\\/es-es\\\/referencias\\\/comercial\\\/villas-para-recepciones\\\/\"]}]},{\"@type\":\"ImageObject\",\"inLanguage\":\"es\",\"@id\":\"https:\\\/\\\/www.keoutdoordesign.com\\\/es-es\\\/referencias\\\/comercial\\\/villas-para-recepciones\\\/#primaryimage\",\"url\":\"https:\\\/\\\/www.keoutdoordesign.com\\\/wp-content\\\/uploads\\\/2019\\\/05\\\/KE_Casa-Casuarina_3.jpg\",\"contentUrl\":\"https:\\\/\\\/www.keoutdoordesign.com\\\/wp-content\\\/uploads\\\/2019\\\/05\\\/KE_Casa-Casuarina_3.jpg\",\"width\":2048,\"height\":1080},{\"@type\":\"BreadcrumbList\",\"@id\":\"https:\\\/\\\/www.keoutdoordesign.com\\\/es-es\\\/referencias\\\/comercial\\\/villas-para-recepciones\\\/#breadcrumb\",\"itemListElement\":[{\"@type\":\"ListItem\",\"position\":1,\"name\":\"Home\",\"item\":\"https:\\\/\\\/www.keoutdoordesign.com\\\/es-es\\\/\"},{\"@type\":\"ListItem\",\"position\":2,\"name\":\"Referencias\",\"item\":\"https:\\\/\\\/www.keoutdoordesign.com\\\/es-es\\\/referencias\\\/\"},{\"@type\":\"ListItem\",\"position\":3,\"name\":\"Comercial\",\"item\":\"https:\\\/\\\/www.keoutdoordesign.com\\\/es-es\\\/referencias\\\/comercial\\\/\"},{\"@type\":\"ListItem\",\"position\":4,\"name\":\"Villas para recepciones\"}]},{\"@type\":\"WebSite\",\"@id\":\"https:\\\/\\\/www.keoutdoordesign.com\\\/it-it\\\/#website\",\"url\":\"https:\\\/\\\/www.keoutdoordesign.com\\\/it-it\\\/\",\"name\":\"KE Outdoor Design\",\"description\":\"Un nuovo sito targato WordPress\",\"publisher\":{\"@id\":\"https:\\\/\\\/www.keoutdoordesign.com\\\/it-it\\\/#organization\"},\"potentialAction\":[{\"@type\":\"SearchAction\",\"target\":{\"@type\":\"EntryPoint\",\"urlTemplate\":\"https:\\\/\\\/www.keoutdoordesign.com\\\/it-it\\\/?s={search_term_string}\"},\"query-input\":{\"@type\":\"PropertyValueSpecification\",\"valueRequired\":true,\"valueName\":\"search_term_string\"}}],\"inLanguage\":\"es\"},{\"@type\":\"Organization\",\"@id\":\"https:\\\/\\\/www.keoutdoordesign.com\\\/it-it\\\/#organization\",\"name\":\"KE Outdoor Design\",\"url\":\"https:\\\/\\\/www.keoutdoordesign.com\\\/it-it\\\/\",\"logo\":{\"@type\":\"ImageObject\",\"inLanguage\":\"es\",\"@id\":\"https:\\\/\\\/www.keoutdoordesign.com\\\/it-it\\\/#\\\/schema\\\/logo\\\/image\\\/\",\"url\":\"https:\\\/\\\/www.keoutdoordesign.com\\\/wp-content\\\/uploads\\\/2020\\\/02\\\/KE-logo-Primary-e1591282842174.jpg\",\"contentUrl\":\"https:\\\/\\\/www.keoutdoordesign.com\\\/wp-content\\\/uploads\\\/2020\\\/02\\\/KE-logo-Primary-e1591282842174.jpg\",\"width\":500,\"height\":396,\"caption\":\"KE Outdoor Design\"},\"image\":{\"@id\":\"https:\\\/\\\/www.keoutdoordesign.com\\\/it-it\\\/#\\\/schema\\\/logo\\\/image\\\/\"},\"sameAs\":[\"https:\\\/\\\/www.facebook.com\\\/keoutdoordesign.us\",\"https:\\\/\\\/x.com\\\/keoutdoordesign\",\"https:\\\/\\\/www.facebook.com\\\/keoutdoordesign\",\"https:\\\/\\\/www.youtube.com\\\/channel\\\/UCSoMQryJpLqD53bAoZLg2Vg\",\"https:\\\/\\\/www.pinterest.it\\\/keoutdoordesign\\\/\",\"https:\\\/\\\/www.instagram.com\\\/keoutdoordesign\\\/\",\"https:\\\/\\\/www.linkedin.com\\\/company\\\/ke-outdoor-design\\\/\"]}]}<\/script>\n<!-- \/ Yoast SEO Premium plugin. -->","yoast_head_json":{"title":"P\u00e9rgola de Madera - KE Outdoor Design","description":"En su villa para recepciones no puede faltar una elegante p\u00e9rgola de madera para favorecer la comodidad durante sus eventos. Elige tu p\u00e9rgola a medida KE.","robots":{"index":"index","follow":"follow","max-snippet":"max-snippet:-1","max-image-preview":"max-image-preview:large","max-video-preview":"max-video-preview:-1"},"canonical":"https:\/\/www.keoutdoordesign.com\/es-es\/referencias\/comercial\/villas-para-recepciones\/","og_locale":"es_ES","og_type":"article","og_title":"Villas para recepciones","og_description":"En su villa para recepciones no puede faltar una elegante p\u00e9rgola de madera para favorecer la comodidad durante sus eventos. Elige tu p\u00e9rgola a medida KE.","og_url":"https:\/\/www.keoutdoordesign.com\/es-es\/referencias\/comercial\/villas-para-recepciones\/","og_site_name":"KE Outdoor Design","article_publisher":"https:\/\/www.facebook.com\/keoutdoordesign.us","article_modified_time":"2019-10-21T09:12:47+00:00","og_image":[{"width":2048,"height":1080,"url":"https:\/\/www.keoutdoordesign.com\/wp-content\/uploads\/2019\/05\/KE_Casa-Casuarina_3.jpg","type":"image\/jpeg"}],"twitter_card":"summary_large_image","twitter_site":"@keoutdoordesign","schema":{"@context":"https:\/\/schema.org","@graph":[{"@type":"WebPage","@id":"https:\/\/www.keoutdoordesign.com\/es-es\/referencias\/comercial\/villas-para-recepciones\/","url":"https:\/\/www.keoutdoordesign.com\/es-es\/referencias\/comercial\/villas-para-recepciones\/","name":"P\u00e9rgola de Madera - KE Outdoor Design","isPartOf":{"@id":"https:\/\/www.keoutdoordesign.com\/it-it\/#website"},"primaryImageOfPage":{"@id":"https:\/\/www.keoutdoordesign.com\/es-es\/referencias\/comercial\/villas-para-recepciones\/#primaryimage"},"image":{"@id":"https:\/\/www.keoutdoordesign.com\/es-es\/referencias\/comercial\/villas-para-recepciones\/#primaryimage"},"thumbnailUrl":"https:\/\/www.keoutdoordesign.com\/wp-content\/uploads\/2019\/05\/KE_Casa-Casuarina_3.jpg","datePublished":"2019-06-11T07:52:27+00:00","dateModified":"2019-10-21T09:12:47+00:00","description":"En su villa para recepciones no puede faltar una elegante p\u00e9rgola de madera para favorecer la comodidad durante sus eventos. Elige tu p\u00e9rgola a medida KE.","breadcrumb":{"@id":"https:\/\/www.keoutdoordesign.com\/es-es\/referencias\/comercial\/villas-para-recepciones\/#breadcrumb"},"inLanguage":"es","potentialAction":[{"@type":"ReadAction","target":["https:\/\/www.keoutdoordesign.com\/es-es\/referencias\/comercial\/villas-para-recepciones\/"]}]},{"@type":"ImageObject","inLanguage":"es","@id":"https:\/\/www.keoutdoordesign.com\/es-es\/referencias\/comercial\/villas-para-recepciones\/#primaryimage","url":"https:\/\/www.keoutdoordesign.com\/wp-content\/uploads\/2019\/05\/KE_Casa-Casuarina_3.jpg","contentUrl":"https:\/\/www.keoutdoordesign.com\/wp-content\/uploads\/2019\/05\/KE_Casa-Casuarina_3.jpg","width":2048,"height":1080},{"@type":"BreadcrumbList","@id":"https:\/\/www.keoutdoordesign.com\/es-es\/referencias\/comercial\/villas-para-recepciones\/#breadcrumb","itemListElement":[{"@type":"ListItem","position":1,"name":"Home","item":"https:\/\/www.keoutdoordesign.com\/es-es\/"},{"@type":"ListItem","position":2,"name":"Referencias","item":"https:\/\/www.keoutdoordesign.com\/es-es\/referencias\/"},{"@type":"ListItem","position":3,"name":"Comercial","item":"https:\/\/www.keoutdoordesign.com\/es-es\/referencias\/comercial\/"},{"@type":"ListItem","position":4,"name":"Villas para recepciones"}]},{"@type":"WebSite","@id":"https:\/\/www.keoutdoordesign.com\/it-it\/#website","url":"https:\/\/www.keoutdoordesign.com\/it-it\/","name":"KE Outdoor Design","description":"Un nuovo sito targato WordPress","publisher":{"@id":"https:\/\/www.keoutdoordesign.com\/it-it\/#organization"},"potentialAction":[{"@type":"SearchAction","target":{"@type":"EntryPoint","urlTemplate":"https:\/\/www.keoutdoordesign.com\/it-it\/?s={search_term_string}"},"query-input":{"@type":"PropertyValueSpecification","valueRequired":true,"valueName":"search_term_string"}}],"inLanguage":"es"},{"@type":"Organization","@id":"https:\/\/www.keoutdoordesign.com\/it-it\/#organization","name":"KE Outdoor Design","url":"https:\/\/www.keoutdoordesign.com\/it-it\/","logo":{"@type":"ImageObject","inLanguage":"es","@id":"https:\/\/www.keoutdoordesign.com\/it-it\/#\/schema\/logo\/image\/","url":"https:\/\/www.keoutdoordesign.com\/wp-content\/uploads\/2020\/02\/KE-logo-Primary-e1591282842174.jpg","contentUrl":"https:\/\/www.keoutdoordesign.com\/wp-content\/uploads\/2020\/02\/KE-logo-Primary-e1591282842174.jpg","width":500,"height":396,"caption":"KE Outdoor Design"},"image":{"@id":"https:\/\/www.keoutdoordesign.com\/it-it\/#\/schema\/logo\/image\/"},"sameAs":["https:\/\/www.facebook.com\/keoutdoordesign.us","https:\/\/x.com\/keoutdoordesign","https:\/\/www.facebook.com\/keoutdoordesign","https:\/\/www.youtube.com\/channel\/UCSoMQryJpLqD53bAoZLg2Vg","https:\/\/www.pinterest.it\/keoutdoordesign\/","https:\/\/www.instagram.com\/keoutdoordesign\/","https:\/\/www.linkedin.com\/company\/ke-outdoor-design\/"]}]}},"_links":{"self":[{"href":"https:\/\/www.keoutdoordesign.com\/es-es\/wp-json\/wp\/v2\/pages\/5821","targetHints":{"allow":["GET"]}}],"collection":[{"href":"https:\/\/www.keoutdoordesign.com\/es-es\/wp-json\/wp\/v2\/pages"}],"about":[{"href":"https:\/\/www.keoutdoordesign.com\/es-es\/wp-json\/wp\/v2\/types\/page"}],"author":[{"embeddable":true,"href":"https:\/\/www.keoutdoordesign.com\/es-es\/wp-json\/wp\/v2\/users\/10608"}],"replies":[{"embeddable":true,"href":"https:\/\/www.keoutdoordesign.com\/es-es\/wp-json\/wp\/v2\/comments?post=5821"}],"version-history":[{"count":3,"href":"https:\/\/www.keoutdoordesign.com\/es-es\/wp-json\/wp\/v2\/pages\/5821\/revisions"}],"predecessor-version":[{"id":16562,"href":"https:\/\/www.keoutdoordesign.com\/es-es\/wp-json\/wp\/v2\/pages\/5821\/revisions\/16562"}],"up":[{"embeddable":true,"href":"https:\/\/www.keoutdoordesign.com\/es-es\/wp-json\/wp\/v2\/pages\/3386"}],"wp:featuredmedia":[{"embeddable":true,"href":"https:\/\/www.keoutdoordesign.com\/es-es\/wp-json\/wp\/v2\/media\/3534"}],"wp:attachment":[{"href":"https:\/\/www.keoutdoordesign.com\/es-es\/wp-json\/wp\/v2\/media?parent=5821"}],"curies":[{"name":"wp","href":"https:\/\/api.w.org\/{rel}","templated":true}]}}