{"id":5801,"date":"2019-06-11T09:52:02","date_gmt":"2019-06-11T07:52:02","guid":{"rendered":"http:\/\/ke.itpowernet.it\/?page_id=5801"},"modified":"2019-10-21T11:00:06","modified_gmt":"2019-10-21T09:00:06","slug":"apartamentos","status":"publish","type":"page","link":"https:\/\/www.keoutdoordesign.com\/es-es\/referencias\/residencial\/apartamentos\/","title":{"rendered":"Apartamentos"},"content":{"rendered":"<p>Nunca se tiene demasiado espacio en casa. Menos a\u00fan en un coqueto pero recogido apartamento, una peque\u00f1a vivienda acogedora que necesita sacar todo el partido de sus distintos espacios. As\u00ed, un sencillo <strong>toldo para apartamento<\/strong> ser\u00e1 una soluci\u00f3n ideal para que pueda <strong>disfrutar de las zonas exteriores<\/strong> de su casa sin preocuparse por el sol en absoluto.<\/p>\n<p>Desayunos, almuerzos, cenas o momentos irrepetibles en compa\u00f1\u00eda de amigos gozar\u00e1n de la libertad que m\u00e1s le gusta y de una privacidad exclusiva con un <strong>toldo para apartamento<\/strong>. Adem\u00e1s, puede automatizar su toldo para proteger su vivienda del sol o del viento incluso cuando no est\u00e9 en casa.<\/p>\n<p>Tambi\u00e9n puede elegir otros accesorios como las <strong>p\u00e9rgolas<\/strong> <strong>de techo plano o las de construcci\u00f3n<\/strong> <strong>bioclim\u00e1tica<\/strong> para crear zonas de sombra de las que disfrutar\u00e1 usted y cualquiera que est\u00e9 en su apartamento. Y siempre con ese toque personal que tanta personalidad dar\u00e1 a una casa.<\/p>\n","protected":false},"excerpt":{"rendered":"<p>Nunca se tiene demasiado espacio en casa. Menos a\u00fan en un coqueto pero recogido apartamento, una peque\u00f1a vivienda acogedora que&hellip;<\/p>\n","protected":false},"author":10608,"featured_media":2597,"parent":3351,"menu_order":15,"comment_status":"closed","ping_status":"closed","template":"page-templates\/category-references.php","meta":{"_acf_changed":false,"footnotes":""},"class_list":["post-5801","page","type-page","status-publish","has-post-thumbnail","hentry"],"acf":[],"yoast_head":"<!-- This site is optimized with the Yoast SEO Premium plugin v20.12 (Yoast SEO v27.3) - https:\/\/yoast.com\/product\/yoast-seo-premium-wordpress\/ -->\n<title>Toldo para Apartamento - KE Outdoor Design<\/title>\n<meta name=\"description\" content=\"Los toldos para apartamentos permiten disfrutar tambi\u00e9n las zonas exteriores de su casa sin preocuparse por el sol en absoluto. Elija su p\u00e9rgola a medida\" \/>\n<meta name=\"robots\" content=\"index, follow, max-snippet:-1, max-image-preview:large, max-video-preview:-1\" \/>\n<link rel=\"canonical\" href=\"https:\/\/www.keoutdoordesign.com\/es-es\/referencias\/residencial\/apartamentos\/\" \/>\n<meta property=\"og:locale\" content=\"es_ES\" \/>\n<meta property=\"og:type\" content=\"article\" \/>\n<meta property=\"og:title\" content=\"Apartamentos\" \/>\n<meta property=\"og:description\" content=\"Los toldos para apartamentos permiten disfrutar tambi\u00e9n las zonas exteriores de su casa sin preocuparse por el sol en absoluto. Elija su p\u00e9rgola a medida\" \/>\n<meta property=\"og:url\" content=\"https:\/\/www.keoutdoordesign.com\/es-es\/referencias\/residencial\/apartamentos\/\" \/>\n<meta property=\"og:site_name\" content=\"KE Outdoor Design\" \/>\n<meta property=\"article:publisher\" content=\"https:\/\/www.facebook.com\/keoutdoordesign.us\" \/>\n<meta property=\"article:modified_time\" content=\"2019-10-21T09:00:06+00:00\" \/>\n<meta property=\"og:image\" content=\"https:\/\/www.keoutdoordesign.com\/wp-content\/uploads\/2019\/05\/AppJesus_Isola2_2.jpg\" \/>\n\t<meta property=\"og:image:width\" content=\"2048\" \/>\n\t<meta property=\"og:image:height\" content=\"1080\" \/>\n\t<meta property=\"og:image:type\" content=\"image\/jpeg\" \/>\n<meta name=\"twitter:card\" content=\"summary_large_image\" \/>\n<meta name=\"twitter:site\" content=\"@keoutdoordesign\" \/>\n<script type=\"application\/ld+json\" class=\"yoast-schema-graph\">{\"@context\":\"https:\\\/\\\/schema.org\",\"@graph\":[{\"@type\":\"WebPage\",\"@id\":\"https:\\\/\\\/www.keoutdoordesign.com\\\/es-es\\\/referencias\\\/residencial\\\/apartamentos\\\/\",\"url\":\"https:\\\/\\\/www.keoutdoordesign.com\\\/es-es\\\/referencias\\\/residencial\\\/apartamentos\\\/\",\"name\":\"Toldo para Apartamento - KE Outdoor Design\",\"isPartOf\":{\"@id\":\"https:\\\/\\\/www.keoutdoordesign.com\\\/it-it\\\/#website\"},\"primaryImageOfPage\":{\"@id\":\"https:\\\/\\\/www.keoutdoordesign.com\\\/es-es\\\/referencias\\\/residencial\\\/apartamentos\\\/#primaryimage\"},\"image\":{\"@id\":\"https:\\\/\\\/www.keoutdoordesign.com\\\/es-es\\\/referencias\\\/residencial\\\/apartamentos\\\/#primaryimage\"},\"thumbnailUrl\":\"https:\\\/\\\/www.keoutdoordesign.com\\\/wp-content\\\/uploads\\\/2019\\\/05\\\/AppJesus_Isola2_2.jpg\",\"datePublished\":\"2019-06-11T07:52:02+00:00\",\"dateModified\":\"2019-10-21T09:00:06+00:00\",\"description\":\"Los toldos para apartamentos permiten disfrutar tambi\u00e9n las zonas exteriores de su casa sin preocuparse por el sol en absoluto. Elija su p\u00e9rgola a medida\",\"breadcrumb\":{\"@id\":\"https:\\\/\\\/www.keoutdoordesign.com\\\/es-es\\\/referencias\\\/residencial\\\/apartamentos\\\/#breadcrumb\"},\"inLanguage\":\"es\",\"potentialAction\":[{\"@type\":\"ReadAction\",\"target\":[\"https:\\\/\\\/www.keoutdoordesign.com\\\/es-es\\\/referencias\\\/residencial\\\/apartamentos\\\/\"]}]},{\"@type\":\"ImageObject\",\"inLanguage\":\"es\",\"@id\":\"https:\\\/\\\/www.keoutdoordesign.com\\\/es-es\\\/referencias\\\/residencial\\\/apartamentos\\\/#primaryimage\",\"url\":\"https:\\\/\\\/www.keoutdoordesign.com\\\/wp-content\\\/uploads\\\/2019\\\/05\\\/AppJesus_Isola2_2.jpg\",\"contentUrl\":\"https:\\\/\\\/www.keoutdoordesign.com\\\/wp-content\\\/uploads\\\/2019\\\/05\\\/AppJesus_Isola2_2.jpg\",\"width\":2048,\"height\":1080,\"caption\":\"store-pour-toit-terrasse\"},{\"@type\":\"BreadcrumbList\",\"@id\":\"https:\\\/\\\/www.keoutdoordesign.com\\\/es-es\\\/referencias\\\/residencial\\\/apartamentos\\\/#breadcrumb\",\"itemListElement\":[{\"@type\":\"ListItem\",\"position\":1,\"name\":\"Home\",\"item\":\"https:\\\/\\\/www.keoutdoordesign.com\\\/es-es\\\/\"},{\"@type\":\"ListItem\",\"position\":2,\"name\":\"Referencias\",\"item\":\"https:\\\/\\\/www.keoutdoordesign.com\\\/es-es\\\/referencias\\\/\"},{\"@type\":\"ListItem\",\"position\":3,\"name\":\"Residencial\",\"item\":\"https:\\\/\\\/www.keoutdoordesign.com\\\/es-es\\\/referencias\\\/residencial\\\/\"},{\"@type\":\"ListItem\",\"position\":4,\"name\":\"Apartamentos\"}]},{\"@type\":\"WebSite\",\"@id\":\"https:\\\/\\\/www.keoutdoordesign.com\\\/it-it\\\/#website\",\"url\":\"https:\\\/\\\/www.keoutdoordesign.com\\\/it-it\\\/\",\"name\":\"KE Outdoor Design\",\"description\":\"Un nuovo sito targato WordPress\",\"publisher\":{\"@id\":\"https:\\\/\\\/www.keoutdoordesign.com\\\/it-it\\\/#organization\"},\"potentialAction\":[{\"@type\":\"SearchAction\",\"target\":{\"@type\":\"EntryPoint\",\"urlTemplate\":\"https:\\\/\\\/www.keoutdoordesign.com\\\/it-it\\\/?s={search_term_string}\"},\"query-input\":{\"@type\":\"PropertyValueSpecification\",\"valueRequired\":true,\"valueName\":\"search_term_string\"}}],\"inLanguage\":\"es\"},{\"@type\":\"Organization\",\"@id\":\"https:\\\/\\\/www.keoutdoordesign.com\\\/it-it\\\/#organization\",\"name\":\"KE Outdoor Design\",\"url\":\"https:\\\/\\\/www.keoutdoordesign.com\\\/it-it\\\/\",\"logo\":{\"@type\":\"ImageObject\",\"inLanguage\":\"es\",\"@id\":\"https:\\\/\\\/www.keoutdoordesign.com\\\/it-it\\\/#\\\/schema\\\/logo\\\/image\\\/\",\"url\":\"https:\\\/\\\/www.keoutdoordesign.com\\\/wp-content\\\/uploads\\\/2020\\\/02\\\/KE-logo-Primary-e1591282842174.jpg\",\"contentUrl\":\"https:\\\/\\\/www.keoutdoordesign.com\\\/wp-content\\\/uploads\\\/2020\\\/02\\\/KE-logo-Primary-e1591282842174.jpg\",\"width\":500,\"height\":396,\"caption\":\"KE Outdoor Design\"},\"image\":{\"@id\":\"https:\\\/\\\/www.keoutdoordesign.com\\\/it-it\\\/#\\\/schema\\\/logo\\\/image\\\/\"},\"sameAs\":[\"https:\\\/\\\/www.facebook.com\\\/keoutdoordesign.us\",\"https:\\\/\\\/x.com\\\/keoutdoordesign\",\"https:\\\/\\\/www.facebook.com\\\/keoutdoordesign\",\"https:\\\/\\\/www.youtube.com\\\/channel\\\/UCSoMQryJpLqD53bAoZLg2Vg\",\"https:\\\/\\\/www.pinterest.it\\\/keoutdoordesign\\\/\",\"https:\\\/\\\/www.instagram.com\\\/keoutdoordesign\\\/\",\"https:\\\/\\\/www.linkedin.com\\\/company\\\/ke-outdoor-design\\\/\"]}]}<\/script>\n<!-- \/ Yoast SEO Premium plugin. -->","yoast_head_json":{"title":"Toldo para Apartamento - KE Outdoor Design","description":"Los toldos para apartamentos permiten disfrutar tambi\u00e9n las zonas exteriores de su casa sin preocuparse por el sol en absoluto. Elija su p\u00e9rgola a medida","robots":{"index":"index","follow":"follow","max-snippet":"max-snippet:-1","max-image-preview":"max-image-preview:large","max-video-preview":"max-video-preview:-1"},"canonical":"https:\/\/www.keoutdoordesign.com\/es-es\/referencias\/residencial\/apartamentos\/","og_locale":"es_ES","og_type":"article","og_title":"Apartamentos","og_description":"Los toldos para apartamentos permiten disfrutar tambi\u00e9n las zonas exteriores de su casa sin preocuparse por el sol en absoluto. Elija su p\u00e9rgola a medida","og_url":"https:\/\/www.keoutdoordesign.com\/es-es\/referencias\/residencial\/apartamentos\/","og_site_name":"KE Outdoor Design","article_publisher":"https:\/\/www.facebook.com\/keoutdoordesign.us","article_modified_time":"2019-10-21T09:00:06+00:00","og_image":[{"width":2048,"height":1080,"url":"https:\/\/www.keoutdoordesign.com\/wp-content\/uploads\/2019\/05\/AppJesus_Isola2_2.jpg","type":"image\/jpeg"}],"twitter_card":"summary_large_image","twitter_site":"@keoutdoordesign","schema":{"@context":"https:\/\/schema.org","@graph":[{"@type":"WebPage","@id":"https:\/\/www.keoutdoordesign.com\/es-es\/referencias\/residencial\/apartamentos\/","url":"https:\/\/www.keoutdoordesign.com\/es-es\/referencias\/residencial\/apartamentos\/","name":"Toldo para Apartamento - KE Outdoor Design","isPartOf":{"@id":"https:\/\/www.keoutdoordesign.com\/it-it\/#website"},"primaryImageOfPage":{"@id":"https:\/\/www.keoutdoordesign.com\/es-es\/referencias\/residencial\/apartamentos\/#primaryimage"},"image":{"@id":"https:\/\/www.keoutdoordesign.com\/es-es\/referencias\/residencial\/apartamentos\/#primaryimage"},"thumbnailUrl":"https:\/\/www.keoutdoordesign.com\/wp-content\/uploads\/2019\/05\/AppJesus_Isola2_2.jpg","datePublished":"2019-06-11T07:52:02+00:00","dateModified":"2019-10-21T09:00:06+00:00","description":"Los toldos para apartamentos permiten disfrutar tambi\u00e9n las zonas exteriores de su casa sin preocuparse por el sol en absoluto. Elija su p\u00e9rgola a medida","breadcrumb":{"@id":"https:\/\/www.keoutdoordesign.com\/es-es\/referencias\/residencial\/apartamentos\/#breadcrumb"},"inLanguage":"es","potentialAction":[{"@type":"ReadAction","target":["https:\/\/www.keoutdoordesign.com\/es-es\/referencias\/residencial\/apartamentos\/"]}]},{"@type":"ImageObject","inLanguage":"es","@id":"https:\/\/www.keoutdoordesign.com\/es-es\/referencias\/residencial\/apartamentos\/#primaryimage","url":"https:\/\/www.keoutdoordesign.com\/wp-content\/uploads\/2019\/05\/AppJesus_Isola2_2.jpg","contentUrl":"https:\/\/www.keoutdoordesign.com\/wp-content\/uploads\/2019\/05\/AppJesus_Isola2_2.jpg","width":2048,"height":1080,"caption":"store-pour-toit-terrasse"},{"@type":"BreadcrumbList","@id":"https:\/\/www.keoutdoordesign.com\/es-es\/referencias\/residencial\/apartamentos\/#breadcrumb","itemListElement":[{"@type":"ListItem","position":1,"name":"Home","item":"https:\/\/www.keoutdoordesign.com\/es-es\/"},{"@type":"ListItem","position":2,"name":"Referencias","item":"https:\/\/www.keoutdoordesign.com\/es-es\/referencias\/"},{"@type":"ListItem","position":3,"name":"Residencial","item":"https:\/\/www.keoutdoordesign.com\/es-es\/referencias\/residencial\/"},{"@type":"ListItem","position":4,"name":"Apartamentos"}]},{"@type":"WebSite","@id":"https:\/\/www.keoutdoordesign.com\/it-it\/#website","url":"https:\/\/www.keoutdoordesign.com\/it-it\/","name":"KE Outdoor Design","description":"Un nuovo sito targato WordPress","publisher":{"@id":"https:\/\/www.keoutdoordesign.com\/it-it\/#organization"},"potentialAction":[{"@type":"SearchAction","target":{"@type":"EntryPoint","urlTemplate":"https:\/\/www.keoutdoordesign.com\/it-it\/?s={search_term_string}"},"query-input":{"@type":"PropertyValueSpecification","valueRequired":true,"valueName":"search_term_string"}}],"inLanguage":"es"},{"@type":"Organization","@id":"https:\/\/www.keoutdoordesign.com\/it-it\/#organization","name":"KE Outdoor Design","url":"https:\/\/www.keoutdoordesign.com\/it-it\/","logo":{"@type":"ImageObject","inLanguage":"es","@id":"https:\/\/www.keoutdoordesign.com\/it-it\/#\/schema\/logo\/image\/","url":"https:\/\/www.keoutdoordesign.com\/wp-content\/uploads\/2020\/02\/KE-logo-Primary-e1591282842174.jpg","contentUrl":"https:\/\/www.keoutdoordesign.com\/wp-content\/uploads\/2020\/02\/KE-logo-Primary-e1591282842174.jpg","width":500,"height":396,"caption":"KE Outdoor Design"},"image":{"@id":"https:\/\/www.keoutdoordesign.com\/it-it\/#\/schema\/logo\/image\/"},"sameAs":["https:\/\/www.facebook.com\/keoutdoordesign.us","https:\/\/x.com\/keoutdoordesign","https:\/\/www.facebook.com\/keoutdoordesign","https:\/\/www.youtube.com\/channel\/UCSoMQryJpLqD53bAoZLg2Vg","https:\/\/www.pinterest.it\/keoutdoordesign\/","https:\/\/www.instagram.com\/keoutdoordesign\/","https:\/\/www.linkedin.com\/company\/ke-outdoor-design\/"]}]}},"_links":{"self":[{"href":"https:\/\/www.keoutdoordesign.com\/es-es\/wp-json\/wp\/v2\/pages\/5801","targetHints":{"allow":["GET"]}}],"collection":[{"href":"https:\/\/www.keoutdoordesign.com\/es-es\/wp-json\/wp\/v2\/pages"}],"about":[{"href":"https:\/\/www.keoutdoordesign.com\/es-es\/wp-json\/wp\/v2\/types\/page"}],"author":[{"embeddable":true,"href":"https:\/\/www.keoutdoordesign.com\/es-es\/wp-json\/wp\/v2\/users\/10608"}],"replies":[{"embeddable":true,"href":"https:\/\/www.keoutdoordesign.com\/es-es\/wp-json\/wp\/v2\/comments?post=5801"}],"version-history":[{"count":3,"href":"https:\/\/www.keoutdoordesign.com\/es-es\/wp-json\/wp\/v2\/pages\/5801\/revisions"}],"predecessor-version":[{"id":16556,"href":"https:\/\/www.keoutdoordesign.com\/es-es\/wp-json\/wp\/v2\/pages\/5801\/revisions\/16556"}],"up":[{"embeddable":true,"href":"https:\/\/www.keoutdoordesign.com\/es-es\/wp-json\/wp\/v2\/pages\/3351"}],"wp:featuredmedia":[{"embeddable":true,"href":"https:\/\/www.keoutdoordesign.com\/es-es\/wp-json\/wp\/v2\/media\/2597"}],"wp:attachment":[{"href":"https:\/\/www.keoutdoordesign.com\/es-es\/wp-json\/wp\/v2\/media?parent=5801"}],"curies":[{"name":"wp","href":"https:\/\/api.w.org\/{rel}","templated":true}]}}