{"id":5656,"date":"2019-06-10T15:35:12","date_gmt":"2019-06-10T13:35:12","guid":{"rendered":"http:\/\/ke.itpowernet.it\/contexto\/patio\/"},"modified":"2023-07-19T17:00:13","modified_gmt":"2023-07-19T15:00:13","slug":"patio","status":"publish","type":"page","link":"https:\/\/www.keoutdoordesign.com\/es-es\/contexto\/patio\/","title":{"rendered":"Patio"},"content":{"rendered":"<p><span style=\"font-weight: 400;\">Un patio, al igual que una terraza o un jard\u00edn, es un espacio al aire libre dentro del hogar capaz de proporcionar relax, libertad y confort. Sin embargo, sin disponer de <\/span><b>p\u00e9rgolas para patios<\/b><b> exteriores<\/b><span style=\"font-weight: 400;\">, es pr\u00e1cticamente imposible combinar estilo y funcionalidad a la hora de decorarlos. En este sentido, nuestro equipo se encarga siempre de dise\u00f1ar proyecto \u00fanicos y exclusivos con la capacidad de exprimir al m\u00e1ximo las posibilidades del espacio incluyendo este tipo de elementos extra.<\/span><\/p>\n<p><span style=\"font-weight: 400;\">Los <\/span><b>\u00a0toldos y <\/b><b>p\u00e9rgolas modernas para patios<\/b><span style=\"font-weight: 400;\"> brindan la posibilidad de transformar esta estancia exterior del hogar en un exclusivo sol\u00e1rium en el que broncearse con el m\u00e1ximo grado de confort. Pueden <\/span><b>ajustarse y personalizarse<\/b><span style=\"font-weight: 400;\"> con ese fin sin problema.<\/span><\/p>\n<p><span style=\"font-weight: 400;\">De hecho, las<\/span> <b>p\u00e9rgolas modernas para patios exteriores<\/b><span style=\"font-weight: 400;\"> tambi\u00e9n pueden instalarse en <\/span><b>restaurantes, hoteles y bares<\/b><span style=\"font-weight: 400;\"> que sirvan sus exquisiteces en este tipo de espacios situados dentro de sus establecimientos. De este modo, sus clientes podr\u00e1n saborearlas al aire libre con la m\u00e1xima comodidad. Especial menci\u00f3n merecen, en este sentido, nuestras <\/span><b>p\u00e9rgolas bioclim\u00e1ticas, de techo inclinado y enrollables<\/b><span style=\"font-weight: 400;\">. En resumen, nuestros <\/span><b>toldos y <\/b><b>p\u00e9rgolas para patios<\/b><span style=\"font-weight: 400;\"> le servir\u00e1n para decorar y aprovechar su ambiente exterior durante cualquier \u00e9poca del a\u00f1o.<\/span><\/p>\n","protected":false},"excerpt":{"rendered":"<p>Un patio, al igual que una terraza o un jard\u00edn, es un espacio al aire libre dentro del hogar capaz&hellip;<\/p>\n","protected":false},"author":10608,"featured_media":113234,"parent":3341,"menu_order":7,"comment_status":"closed","ping_status":"closed","template":"page-templates\/environment.php","meta":{"_acf_changed":false,"footnotes":""},"class_list":["post-5656","page","type-page","status-publish","has-post-thumbnail","hentry"],"acf":[],"yoast_head":"<!-- This site is optimized with the Yoast SEO Premium plugin v20.12 (Yoast SEO v27.3) - https:\/\/yoast.com\/product\/yoast-seo-premium-wordpress\/ -->\n<title>P\u00e9rgolas para Patios | KE Outdoor Design<\/title>\n<meta name=\"description\" content=\"Nuestro equipo es capaz de exprimir al m\u00e1ximo las posibilidades del espacio con dise\u00f1os \u00fanicos de p\u00e9rgolas modernas para patios. \u00a1No dude en consultarnos!\" \/>\n<meta name=\"robots\" content=\"index, follow, max-snippet:-1, max-image-preview:large, max-video-preview:-1\" \/>\n<link rel=\"canonical\" href=\"https:\/\/www.keoutdoordesign.com\/es-es\/contexto\/patio\/\" \/>\n<meta property=\"og:locale\" content=\"es_ES\" \/>\n<meta property=\"og:type\" content=\"article\" \/>\n<meta property=\"og:title\" content=\"Patio\" \/>\n<meta property=\"og:description\" content=\"Nuestro equipo es capaz de exprimir al m\u00e1ximo las posibilidades del espacio con dise\u00f1os \u00fanicos de p\u00e9rgolas modernas para patios. \u00a1No dude en consultarnos!\" \/>\n<meta property=\"og:url\" content=\"https:\/\/www.keoutdoordesign.com\/es-es\/contexto\/patio\/\" \/>\n<meta property=\"og:site_name\" content=\"KE Outdoor Design\" \/>\n<meta property=\"article:publisher\" content=\"https:\/\/www.facebook.com\/keoutdoordesign.us\" \/>\n<meta property=\"article:modified_time\" content=\"2023-07-19T15:00:13+00:00\" \/>\n<meta property=\"og:image\" content=\"https:\/\/www.keoutdoordesign.com\/wp-content\/uploads\/2019\/06\/Bella-Plus-retractable-patio-covers-over-pool.png\" \/>\n\t<meta property=\"og:image:width\" content=\"2000\" \/>\n\t<meta property=\"og:image:height\" content=\"1444\" \/>\n\t<meta property=\"og:image:type\" content=\"image\/png\" \/>\n<meta name=\"twitter:card\" content=\"summary_large_image\" \/>\n<meta name=\"twitter:site\" content=\"@keoutdoordesign\" \/>\n<script type=\"application\/ld+json\" class=\"yoast-schema-graph\">{\"@context\":\"https:\\\/\\\/schema.org\",\"@graph\":[{\"@type\":\"WebPage\",\"@id\":\"https:\\\/\\\/www.keoutdoordesign.com\\\/es-es\\\/contexto\\\/patio\\\/\",\"url\":\"https:\\\/\\\/www.keoutdoordesign.com\\\/es-es\\\/contexto\\\/patio\\\/\",\"name\":\"P\u00e9rgolas para Patios | KE Outdoor Design\",\"isPartOf\":{\"@id\":\"https:\\\/\\\/www.keoutdoordesign.com\\\/it-it\\\/#website\"},\"primaryImageOfPage\":{\"@id\":\"https:\\\/\\\/www.keoutdoordesign.com\\\/es-es\\\/contexto\\\/patio\\\/#primaryimage\"},\"image\":{\"@id\":\"https:\\\/\\\/www.keoutdoordesign.com\\\/es-es\\\/contexto\\\/patio\\\/#primaryimage\"},\"thumbnailUrl\":\"https:\\\/\\\/www.keoutdoordesign.com\\\/wp-content\\\/uploads\\\/2025\\\/10\\\/Keplan_GreenGrass.jpg\",\"datePublished\":\"2019-06-10T13:35:12+00:00\",\"dateModified\":\"2023-07-19T15:00:13+00:00\",\"description\":\"Nuestro equipo es capaz de exprimir al m\u00e1ximo las posibilidades del espacio con dise\u00f1os \u00fanicos de p\u00e9rgolas modernas para patios. \u00a1No dude en consultarnos!\",\"breadcrumb\":{\"@id\":\"https:\\\/\\\/www.keoutdoordesign.com\\\/es-es\\\/contexto\\\/patio\\\/#breadcrumb\"},\"inLanguage\":\"es\",\"potentialAction\":[{\"@type\":\"ReadAction\",\"target\":[\"https:\\\/\\\/www.keoutdoordesign.com\\\/es-es\\\/contexto\\\/patio\\\/\"]}]},{\"@type\":\"ImageObject\",\"inLanguage\":\"es\",\"@id\":\"https:\\\/\\\/www.keoutdoordesign.com\\\/es-es\\\/contexto\\\/patio\\\/#primaryimage\",\"url\":\"https:\\\/\\\/www.keoutdoordesign.com\\\/wp-content\\\/uploads\\\/2025\\\/10\\\/Keplan_GreenGrass.jpg\",\"contentUrl\":\"https:\\\/\\\/www.keoutdoordesign.com\\\/wp-content\\\/uploads\\\/2025\\\/10\\\/Keplan_GreenGrass.jpg\",\"width\":800,\"height\":519,\"caption\":\"A pergola sits on top of a concrete patio with table and chairs overlooking a rural vista.\"},{\"@type\":\"BreadcrumbList\",\"@id\":\"https:\\\/\\\/www.keoutdoordesign.com\\\/es-es\\\/contexto\\\/patio\\\/#breadcrumb\",\"itemListElement\":[{\"@type\":\"ListItem\",\"position\":1,\"name\":\"Home\",\"item\":\"https:\\\/\\\/www.keoutdoordesign.com\\\/es-es\\\/\"},{\"@type\":\"ListItem\",\"position\":2,\"name\":\"Pergolas y Toldos para Contextos Exteriores\",\"item\":\"https:\\\/\\\/www.keoutdoordesign.com\\\/es-es\\\/contexto\\\/\"},{\"@type\":\"ListItem\",\"position\":3,\"name\":\"Patio\"}]},{\"@type\":\"WebSite\",\"@id\":\"https:\\\/\\\/www.keoutdoordesign.com\\\/it-it\\\/#website\",\"url\":\"https:\\\/\\\/www.keoutdoordesign.com\\\/it-it\\\/\",\"name\":\"KE Outdoor Design\",\"description\":\"Un nuovo sito targato WordPress\",\"publisher\":{\"@id\":\"https:\\\/\\\/www.keoutdoordesign.com\\\/it-it\\\/#organization\"},\"potentialAction\":[{\"@type\":\"SearchAction\",\"target\":{\"@type\":\"EntryPoint\",\"urlTemplate\":\"https:\\\/\\\/www.keoutdoordesign.com\\\/it-it\\\/?s={search_term_string}\"},\"query-input\":{\"@type\":\"PropertyValueSpecification\",\"valueRequired\":true,\"valueName\":\"search_term_string\"}}],\"inLanguage\":\"es\"},{\"@type\":\"Organization\",\"@id\":\"https:\\\/\\\/www.keoutdoordesign.com\\\/it-it\\\/#organization\",\"name\":\"KE Outdoor Design\",\"url\":\"https:\\\/\\\/www.keoutdoordesign.com\\\/it-it\\\/\",\"logo\":{\"@type\":\"ImageObject\",\"inLanguage\":\"es\",\"@id\":\"https:\\\/\\\/www.keoutdoordesign.com\\\/it-it\\\/#\\\/schema\\\/logo\\\/image\\\/\",\"url\":\"https:\\\/\\\/www.keoutdoordesign.com\\\/wp-content\\\/uploads\\\/2020\\\/02\\\/KE-logo-Primary-e1591282842174.jpg\",\"contentUrl\":\"https:\\\/\\\/www.keoutdoordesign.com\\\/wp-content\\\/uploads\\\/2020\\\/02\\\/KE-logo-Primary-e1591282842174.jpg\",\"width\":500,\"height\":396,\"caption\":\"KE Outdoor Design\"},\"image\":{\"@id\":\"https:\\\/\\\/www.keoutdoordesign.com\\\/it-it\\\/#\\\/schema\\\/logo\\\/image\\\/\"},\"sameAs\":[\"https:\\\/\\\/www.facebook.com\\\/keoutdoordesign.us\",\"https:\\\/\\\/x.com\\\/keoutdoordesign\",\"https:\\\/\\\/www.facebook.com\\\/keoutdoordesign\",\"https:\\\/\\\/www.youtube.com\\\/channel\\\/UCSoMQryJpLqD53bAoZLg2Vg\",\"https:\\\/\\\/www.pinterest.it\\\/keoutdoordesign\\\/\",\"https:\\\/\\\/www.instagram.com\\\/keoutdoordesign\\\/\",\"https:\\\/\\\/www.linkedin.com\\\/company\\\/ke-outdoor-design\\\/\"]}]}<\/script>\n<!-- \/ Yoast SEO Premium plugin. -->","yoast_head_json":{"title":"P\u00e9rgolas para Patios | KE Outdoor Design","description":"Nuestro equipo es capaz de exprimir al m\u00e1ximo las posibilidades del espacio con dise\u00f1os \u00fanicos de p\u00e9rgolas modernas para patios. \u00a1No dude en consultarnos!","robots":{"index":"index","follow":"follow","max-snippet":"max-snippet:-1","max-image-preview":"max-image-preview:large","max-video-preview":"max-video-preview:-1"},"canonical":"https:\/\/www.keoutdoordesign.com\/es-es\/contexto\/patio\/","og_locale":"es_ES","og_type":"article","og_title":"Patio","og_description":"Nuestro equipo es capaz de exprimir al m\u00e1ximo las posibilidades del espacio con dise\u00f1os \u00fanicos de p\u00e9rgolas modernas para patios. \u00a1No dude en consultarnos!","og_url":"https:\/\/www.keoutdoordesign.com\/es-es\/contexto\/patio\/","og_site_name":"KE Outdoor Design","article_publisher":"https:\/\/www.facebook.com\/keoutdoordesign.us","article_modified_time":"2023-07-19T15:00:13+00:00","og_image":[{"width":2000,"height":1444,"url":"https:\/\/www.keoutdoordesign.com\/wp-content\/uploads\/2019\/06\/Bella-Plus-retractable-patio-covers-over-pool.png","type":"image\/png"}],"twitter_card":"summary_large_image","twitter_site":"@keoutdoordesign","schema":{"@context":"https:\/\/schema.org","@graph":[{"@type":"WebPage","@id":"https:\/\/www.keoutdoordesign.com\/es-es\/contexto\/patio\/","url":"https:\/\/www.keoutdoordesign.com\/es-es\/contexto\/patio\/","name":"P\u00e9rgolas para Patios | KE Outdoor Design","isPartOf":{"@id":"https:\/\/www.keoutdoordesign.com\/it-it\/#website"},"primaryImageOfPage":{"@id":"https:\/\/www.keoutdoordesign.com\/es-es\/contexto\/patio\/#primaryimage"},"image":{"@id":"https:\/\/www.keoutdoordesign.com\/es-es\/contexto\/patio\/#primaryimage"},"thumbnailUrl":"https:\/\/www.keoutdoordesign.com\/wp-content\/uploads\/2025\/10\/Keplan_GreenGrass.jpg","datePublished":"2019-06-10T13:35:12+00:00","dateModified":"2023-07-19T15:00:13+00:00","description":"Nuestro equipo es capaz de exprimir al m\u00e1ximo las posibilidades del espacio con dise\u00f1os \u00fanicos de p\u00e9rgolas modernas para patios. \u00a1No dude en consultarnos!","breadcrumb":{"@id":"https:\/\/www.keoutdoordesign.com\/es-es\/contexto\/patio\/#breadcrumb"},"inLanguage":"es","potentialAction":[{"@type":"ReadAction","target":["https:\/\/www.keoutdoordesign.com\/es-es\/contexto\/patio\/"]}]},{"@type":"ImageObject","inLanguage":"es","@id":"https:\/\/www.keoutdoordesign.com\/es-es\/contexto\/patio\/#primaryimage","url":"https:\/\/www.keoutdoordesign.com\/wp-content\/uploads\/2025\/10\/Keplan_GreenGrass.jpg","contentUrl":"https:\/\/www.keoutdoordesign.com\/wp-content\/uploads\/2025\/10\/Keplan_GreenGrass.jpg","width":800,"height":519,"caption":"A pergola sits on top of a concrete patio with table and chairs overlooking a rural vista."},{"@type":"BreadcrumbList","@id":"https:\/\/www.keoutdoordesign.com\/es-es\/contexto\/patio\/#breadcrumb","itemListElement":[{"@type":"ListItem","position":1,"name":"Home","item":"https:\/\/www.keoutdoordesign.com\/es-es\/"},{"@type":"ListItem","position":2,"name":"Pergolas y Toldos para Contextos Exteriores","item":"https:\/\/www.keoutdoordesign.com\/es-es\/contexto\/"},{"@type":"ListItem","position":3,"name":"Patio"}]},{"@type":"WebSite","@id":"https:\/\/www.keoutdoordesign.com\/it-it\/#website","url":"https:\/\/www.keoutdoordesign.com\/it-it\/","name":"KE Outdoor Design","description":"Un nuovo sito targato WordPress","publisher":{"@id":"https:\/\/www.keoutdoordesign.com\/it-it\/#organization"},"potentialAction":[{"@type":"SearchAction","target":{"@type":"EntryPoint","urlTemplate":"https:\/\/www.keoutdoordesign.com\/it-it\/?s={search_term_string}"},"query-input":{"@type":"PropertyValueSpecification","valueRequired":true,"valueName":"search_term_string"}}],"inLanguage":"es"},{"@type":"Organization","@id":"https:\/\/www.keoutdoordesign.com\/it-it\/#organization","name":"KE Outdoor Design","url":"https:\/\/www.keoutdoordesign.com\/it-it\/","logo":{"@type":"ImageObject","inLanguage":"es","@id":"https:\/\/www.keoutdoordesign.com\/it-it\/#\/schema\/logo\/image\/","url":"https:\/\/www.keoutdoordesign.com\/wp-content\/uploads\/2020\/02\/KE-logo-Primary-e1591282842174.jpg","contentUrl":"https:\/\/www.keoutdoordesign.com\/wp-content\/uploads\/2020\/02\/KE-logo-Primary-e1591282842174.jpg","width":500,"height":396,"caption":"KE Outdoor Design"},"image":{"@id":"https:\/\/www.keoutdoordesign.com\/it-it\/#\/schema\/logo\/image\/"},"sameAs":["https:\/\/www.facebook.com\/keoutdoordesign.us","https:\/\/x.com\/keoutdoordesign","https:\/\/www.facebook.com\/keoutdoordesign","https:\/\/www.youtube.com\/channel\/UCSoMQryJpLqD53bAoZLg2Vg","https:\/\/www.pinterest.it\/keoutdoordesign\/","https:\/\/www.instagram.com\/keoutdoordesign\/","https:\/\/www.linkedin.com\/company\/ke-outdoor-design\/"]}]}},"_links":{"self":[{"href":"https:\/\/www.keoutdoordesign.com\/es-es\/wp-json\/wp\/v2\/pages\/5656","targetHints":{"allow":["GET"]}}],"collection":[{"href":"https:\/\/www.keoutdoordesign.com\/es-es\/wp-json\/wp\/v2\/pages"}],"about":[{"href":"https:\/\/www.keoutdoordesign.com\/es-es\/wp-json\/wp\/v2\/types\/page"}],"author":[{"embeddable":true,"href":"https:\/\/www.keoutdoordesign.com\/es-es\/wp-json\/wp\/v2\/users\/10608"}],"replies":[{"embeddable":true,"href":"https:\/\/www.keoutdoordesign.com\/es-es\/wp-json\/wp\/v2\/comments?post=5656"}],"version-history":[{"count":4,"href":"https:\/\/www.keoutdoordesign.com\/es-es\/wp-json\/wp\/v2\/pages\/5656\/revisions"}],"predecessor-version":[{"id":60838,"href":"https:\/\/www.keoutdoordesign.com\/es-es\/wp-json\/wp\/v2\/pages\/5656\/revisions\/60838"}],"up":[{"embeddable":true,"href":"https:\/\/www.keoutdoordesign.com\/es-es\/wp-json\/wp\/v2\/pages\/3341"}],"wp:featuredmedia":[{"embeddable":true,"href":"https:\/\/www.keoutdoordesign.com\/es-es\/wp-json\/wp\/v2\/media\/113234"}],"wp:attachment":[{"href":"https:\/\/www.keoutdoordesign.com\/es-es\/wp-json\/wp\/v2\/media?parent=5656"}],"curies":[{"name":"wp","href":"https:\/\/api.w.org\/{rel}","templated":true}]}}