{"id":5646,"date":"2019-06-10T15:19:08","date_gmt":"2019-06-10T13:19:08","guid":{"rendered":"http:\/\/ke.itpowernet.it\/contexto\/zonas-costeras\/"},"modified":"2021-11-09T16:13:59","modified_gmt":"2021-11-09T15:13:59","slug":"zonas-costeras","status":"publish","type":"page","link":"https:\/\/www.keoutdoordesign.com\/es-es\/contexto\/zonas-costeras\/","title":{"rendered":"Zonas costeras"},"content":{"rendered":"<h2>Descubre los toldos y las p\u00e9rgolas para restaurantes y hoteles en zonas costeras<\/h2>\n<p>Disponer de una casa cerca de la playa y disfrutar de la brisa marina y de los rayos del sol es un aut\u00e9ntico placer. Sin embargo, sin disponer de una <strong>p\u00e9rgola a medida<\/strong> en los espacios exteriores de su hogar, le resultar\u00e1 muy complicado durante los d\u00edas en los que el sol se manifieste con especial fuerza o si llueve.<\/p>\n<p>Sin duda, una<strong> p\u00e9rgola a medida<\/strong> es su mejor opci\u00f3n en este tipo de casos. Solo tiene que <strong>instalarlo en su jard\u00edn o en su terraza<\/strong> y empezar a disfrutar de agradables almuerzos y cenas al aire libre amenizados por la frescura de la brisa del mar. Gracias a <strong>modelos como el Kheope o el Kolibrie, crear\u00e1 espacios<\/strong> con sombra perfectos para reuniones con amigos y familiares a lo largo de todo el a\u00f1o. \u00a1Incluso disfrutar\u00e1 relaj\u00e1ndose o ech\u00e1ndose una siesta mientras escucha el sonido de las olas rompiendo contra las rocas!<\/p>\n<p>Podr\u00e1 elegir una p\u00e9rgola a medida con el dise\u00f1o y con los colores que prefiera. Estos elementos cuentan con revestimientos textiles y <strong>estructuras de aluminio especialmente resistentes<\/strong> y adecuadas para ser instaladas a la intemperie. Nosotros le ayudaremos a elegir el modelo adecuado a sus necesidades.<\/p>\n","protected":false},"excerpt":{"rendered":"<p>Descubre los toldos y las p\u00e9rgolas para restaurantes y hoteles en zonas costeras Disponer de una casa cerca de la&hellip;<\/p>\n","protected":false},"author":10608,"featured_media":17133,"parent":3341,"menu_order":7,"comment_status":"closed","ping_status":"closed","template":"page-templates\/environment.php","meta":{"_acf_changed":false,"footnotes":""},"class_list":["post-5646","page","type-page","status-publish","has-post-thumbnail","hentry"],"acf":[],"yoast_head":"<!-- This site is optimized with the Yoast SEO Premium plugin v20.12 (Yoast SEO v27.0) - https:\/\/yoast.com\/product\/yoast-seo-premium-wordpress\/ -->\n<title>Pergolas y Toldos para Restaurantes y Toldos en Zona Costeras - KE<\/title>\n<meta name=\"description\" content=\"KE Outdoor realiza pergolas y velas para diferentes contextos. Descubre los proyectos en restaurantes y hoteles en zona costeras y elige tu soluci\u00f3n a medida.\" \/>\n<meta name=\"robots\" content=\"index, follow, max-snippet:-1, max-image-preview:large, max-video-preview:-1\" \/>\n<link rel=\"canonical\" href=\"https:\/\/www.keoutdoordesign.com\/es-es\/contexto\/zonas-costeras\/\" \/>\n<meta property=\"og:locale\" content=\"es_ES\" \/>\n<meta property=\"og:type\" content=\"article\" \/>\n<meta property=\"og:title\" content=\"Zonas costeras\" \/>\n<meta property=\"og:description\" content=\"KE Outdoor realiza pergolas y velas para diferentes contextos. Descubre los proyectos en restaurantes y hoteles en zona costeras y elige tu soluci\u00f3n a medida.\" \/>\n<meta property=\"og:url\" content=\"https:\/\/www.keoutdoordesign.com\/es-es\/contexto\/zonas-costeras\/\" \/>\n<meta property=\"og:site_name\" content=\"KE Outdoor Design\" \/>\n<meta property=\"article:publisher\" content=\"https:\/\/www.facebook.com\/keoutdoordesign.us\" \/>\n<meta property=\"article:modified_time\" content=\"2021-11-09T15:13:59+00:00\" \/>\n<meta property=\"og:image\" content=\"https:\/\/www.keoutdoordesign.com\/wp-content\/uploads\/2019\/11\/190509-KE-OUTDOOR-Monte-Carlo-Bay0013-Cedou.jpg\" \/>\n\t<meta property=\"og:image:width\" content=\"2048\" \/>\n\t<meta property=\"og:image:height\" content=\"1366\" \/>\n\t<meta property=\"og:image:type\" content=\"image\/jpeg\" \/>\n<meta name=\"twitter:card\" content=\"summary_large_image\" \/>\n<meta name=\"twitter:site\" content=\"@keoutdoordesign\" \/>\n<script type=\"application\/ld+json\" class=\"yoast-schema-graph\">{\"@context\":\"https:\/\/schema.org\",\"@graph\":[{\"@type\":\"WebPage\",\"@id\":\"https:\/\/www.keoutdoordesign.com\/es-es\/contexto\/zonas-costeras\/\",\"url\":\"https:\/\/www.keoutdoordesign.com\/es-es\/contexto\/zonas-costeras\/\",\"name\":\"Pergolas y Toldos para Restaurantes y Toldos en Zona Costeras - KE\",\"isPartOf\":{\"@id\":\"https:\/\/www.keoutdoordesign.com\/it-it\/#website\"},\"primaryImageOfPage\":{\"@id\":\"https:\/\/www.keoutdoordesign.com\/es-es\/contexto\/zonas-costeras\/#primaryimage\"},\"image\":{\"@id\":\"https:\/\/www.keoutdoordesign.com\/es-es\/contexto\/zonas-costeras\/#primaryimage\"},\"thumbnailUrl\":\"https:\/\/www.keoutdoordesign.com\/wp-content\/uploads\/2019\/11\/190509-KE-OUTDOOR-Monte-Carlo-Bay0013-Cedou.jpg\",\"datePublished\":\"2019-06-10T13:19:08+00:00\",\"dateModified\":\"2021-11-09T15:13:59+00:00\",\"description\":\"KE Outdoor realiza pergolas y velas para diferentes contextos. Descubre los proyectos en restaurantes y hoteles en zona costeras y elige tu soluci\u00f3n a medida.\",\"breadcrumb\":{\"@id\":\"https:\/\/www.keoutdoordesign.com\/es-es\/contexto\/zonas-costeras\/#breadcrumb\"},\"inLanguage\":\"es\",\"potentialAction\":[{\"@type\":\"ReadAction\",\"target\":[\"https:\/\/www.keoutdoordesign.com\/es-es\/contexto\/zonas-costeras\/\"]}]},{\"@type\":\"ImageObject\",\"inLanguage\":\"es\",\"@id\":\"https:\/\/www.keoutdoordesign.com\/es-es\/contexto\/zonas-costeras\/#primaryimage\",\"url\":\"https:\/\/www.keoutdoordesign.com\/wp-content\/uploads\/2019\/11\/190509-KE-OUTDOOR-Monte-Carlo-Bay0013-Cedou.jpg\",\"contentUrl\":\"https:\/\/www.keoutdoordesign.com\/wp-content\/uploads\/2019\/11\/190509-KE-OUTDOOR-Monte-Carlo-Bay0013-Cedou.jpg\",\"width\":2048,\"height\":1366},{\"@type\":\"BreadcrumbList\",\"@id\":\"https:\/\/www.keoutdoordesign.com\/es-es\/contexto\/zonas-costeras\/#breadcrumb\",\"itemListElement\":[{\"@type\":\"ListItem\",\"position\":1,\"name\":\"Home\",\"item\":\"https:\/\/www.keoutdoordesign.com\/es-es\/\"},{\"@type\":\"ListItem\",\"position\":2,\"name\":\"Pergolas y Toldos para Contextos Exteriores\",\"item\":\"https:\/\/www.keoutdoordesign.com\/es-es\/contexto\/\"},{\"@type\":\"ListItem\",\"position\":3,\"name\":\"Zonas costeras\"}]},{\"@type\":\"WebSite\",\"@id\":\"https:\/\/www.keoutdoordesign.com\/it-it\/#website\",\"url\":\"https:\/\/www.keoutdoordesign.com\/it-it\/\",\"name\":\"KE Outdoor Design\",\"description\":\"Un nuovo sito targato WordPress\",\"publisher\":{\"@id\":\"https:\/\/www.keoutdoordesign.com\/it-it\/#organization\"},\"potentialAction\":[{\"@type\":\"SearchAction\",\"target\":{\"@type\":\"EntryPoint\",\"urlTemplate\":\"https:\/\/www.keoutdoordesign.com\/it-it\/?s={search_term_string}\"},\"query-input\":{\"@type\":\"PropertyValueSpecification\",\"valueRequired\":true,\"valueName\":\"search_term_string\"}}],\"inLanguage\":\"es\"},{\"@type\":\"Organization\",\"@id\":\"https:\/\/www.keoutdoordesign.com\/it-it\/#organization\",\"name\":\"KE Outdoor Design\",\"url\":\"https:\/\/www.keoutdoordesign.com\/it-it\/\",\"logo\":{\"@type\":\"ImageObject\",\"inLanguage\":\"es\",\"@id\":\"https:\/\/www.keoutdoordesign.com\/it-it\/#\/schema\/logo\/image\/\",\"url\":\"https:\/\/www.keoutdoordesign.com\/wp-content\/uploads\/2020\/02\/KE-logo-Primary-e1591282842174.jpg\",\"contentUrl\":\"https:\/\/www.keoutdoordesign.com\/wp-content\/uploads\/2020\/02\/KE-logo-Primary-e1591282842174.jpg\",\"width\":500,\"height\":396,\"caption\":\"KE Outdoor Design\"},\"image\":{\"@id\":\"https:\/\/www.keoutdoordesign.com\/it-it\/#\/schema\/logo\/image\/\"},\"sameAs\":[\"https:\/\/www.facebook.com\/keoutdoordesign.us\",\"https:\/\/x.com\/keoutdoordesign\",\"https:\/\/www.facebook.com\/keoutdoordesign\",\"https:\/\/www.youtube.com\/channel\/UCSoMQryJpLqD53bAoZLg2Vg\",\"https:\/\/www.pinterest.it\/keoutdoordesign\/\",\"https:\/\/www.instagram.com\/keoutdoordesign\/\",\"https:\/\/www.linkedin.com\/company\/ke-outdoor-design\/\"]}]}<\/script>\n<!-- \/ Yoast SEO Premium plugin. -->","yoast_head_json":{"title":"Pergolas y Toldos para Restaurantes y Toldos en Zona Costeras - KE","description":"KE Outdoor realiza pergolas y velas para diferentes contextos. Descubre los proyectos en restaurantes y hoteles en zona costeras y elige tu soluci\u00f3n a medida.","robots":{"index":"index","follow":"follow","max-snippet":"max-snippet:-1","max-image-preview":"max-image-preview:large","max-video-preview":"max-video-preview:-1"},"canonical":"https:\/\/www.keoutdoordesign.com\/es-es\/contexto\/zonas-costeras\/","og_locale":"es_ES","og_type":"article","og_title":"Zonas costeras","og_description":"KE Outdoor realiza pergolas y velas para diferentes contextos. Descubre los proyectos en restaurantes y hoteles en zona costeras y elige tu soluci\u00f3n a medida.","og_url":"https:\/\/www.keoutdoordesign.com\/es-es\/contexto\/zonas-costeras\/","og_site_name":"KE Outdoor Design","article_publisher":"https:\/\/www.facebook.com\/keoutdoordesign.us","article_modified_time":"2021-11-09T15:13:59+00:00","og_image":[{"width":2048,"height":1366,"url":"https:\/\/www.keoutdoordesign.com\/wp-content\/uploads\/2019\/11\/190509-KE-OUTDOOR-Monte-Carlo-Bay0013-Cedou.jpg","type":"image\/jpeg"}],"twitter_card":"summary_large_image","twitter_site":"@keoutdoordesign","schema":{"@context":"https:\/\/schema.org","@graph":[{"@type":"WebPage","@id":"https:\/\/www.keoutdoordesign.com\/es-es\/contexto\/zonas-costeras\/","url":"https:\/\/www.keoutdoordesign.com\/es-es\/contexto\/zonas-costeras\/","name":"Pergolas y Toldos para Restaurantes y Toldos en Zona Costeras - KE","isPartOf":{"@id":"https:\/\/www.keoutdoordesign.com\/it-it\/#website"},"primaryImageOfPage":{"@id":"https:\/\/www.keoutdoordesign.com\/es-es\/contexto\/zonas-costeras\/#primaryimage"},"image":{"@id":"https:\/\/www.keoutdoordesign.com\/es-es\/contexto\/zonas-costeras\/#primaryimage"},"thumbnailUrl":"https:\/\/www.keoutdoordesign.com\/wp-content\/uploads\/2019\/11\/190509-KE-OUTDOOR-Monte-Carlo-Bay0013-Cedou.jpg","datePublished":"2019-06-10T13:19:08+00:00","dateModified":"2021-11-09T15:13:59+00:00","description":"KE Outdoor realiza pergolas y velas para diferentes contextos. Descubre los proyectos en restaurantes y hoteles en zona costeras y elige tu soluci\u00f3n a medida.","breadcrumb":{"@id":"https:\/\/www.keoutdoordesign.com\/es-es\/contexto\/zonas-costeras\/#breadcrumb"},"inLanguage":"es","potentialAction":[{"@type":"ReadAction","target":["https:\/\/www.keoutdoordesign.com\/es-es\/contexto\/zonas-costeras\/"]}]},{"@type":"ImageObject","inLanguage":"es","@id":"https:\/\/www.keoutdoordesign.com\/es-es\/contexto\/zonas-costeras\/#primaryimage","url":"https:\/\/www.keoutdoordesign.com\/wp-content\/uploads\/2019\/11\/190509-KE-OUTDOOR-Monte-Carlo-Bay0013-Cedou.jpg","contentUrl":"https:\/\/www.keoutdoordesign.com\/wp-content\/uploads\/2019\/11\/190509-KE-OUTDOOR-Monte-Carlo-Bay0013-Cedou.jpg","width":2048,"height":1366},{"@type":"BreadcrumbList","@id":"https:\/\/www.keoutdoordesign.com\/es-es\/contexto\/zonas-costeras\/#breadcrumb","itemListElement":[{"@type":"ListItem","position":1,"name":"Home","item":"https:\/\/www.keoutdoordesign.com\/es-es\/"},{"@type":"ListItem","position":2,"name":"Pergolas y Toldos para Contextos Exteriores","item":"https:\/\/www.keoutdoordesign.com\/es-es\/contexto\/"},{"@type":"ListItem","position":3,"name":"Zonas costeras"}]},{"@type":"WebSite","@id":"https:\/\/www.keoutdoordesign.com\/it-it\/#website","url":"https:\/\/www.keoutdoordesign.com\/it-it\/","name":"KE Outdoor Design","description":"Un nuovo sito targato WordPress","publisher":{"@id":"https:\/\/www.keoutdoordesign.com\/it-it\/#organization"},"potentialAction":[{"@type":"SearchAction","target":{"@type":"EntryPoint","urlTemplate":"https:\/\/www.keoutdoordesign.com\/it-it\/?s={search_term_string}"},"query-input":{"@type":"PropertyValueSpecification","valueRequired":true,"valueName":"search_term_string"}}],"inLanguage":"es"},{"@type":"Organization","@id":"https:\/\/www.keoutdoordesign.com\/it-it\/#organization","name":"KE Outdoor Design","url":"https:\/\/www.keoutdoordesign.com\/it-it\/","logo":{"@type":"ImageObject","inLanguage":"es","@id":"https:\/\/www.keoutdoordesign.com\/it-it\/#\/schema\/logo\/image\/","url":"https:\/\/www.keoutdoordesign.com\/wp-content\/uploads\/2020\/02\/KE-logo-Primary-e1591282842174.jpg","contentUrl":"https:\/\/www.keoutdoordesign.com\/wp-content\/uploads\/2020\/02\/KE-logo-Primary-e1591282842174.jpg","width":500,"height":396,"caption":"KE Outdoor Design"},"image":{"@id":"https:\/\/www.keoutdoordesign.com\/it-it\/#\/schema\/logo\/image\/"},"sameAs":["https:\/\/www.facebook.com\/keoutdoordesign.us","https:\/\/x.com\/keoutdoordesign","https:\/\/www.facebook.com\/keoutdoordesign","https:\/\/www.youtube.com\/channel\/UCSoMQryJpLqD53bAoZLg2Vg","https:\/\/www.pinterest.it\/keoutdoordesign\/","https:\/\/www.instagram.com\/keoutdoordesign\/","https:\/\/www.linkedin.com\/company\/ke-outdoor-design\/"]}]}},"_links":{"self":[{"href":"https:\/\/www.keoutdoordesign.com\/es-es\/wp-json\/wp\/v2\/pages\/5646","targetHints":{"allow":["GET"]}}],"collection":[{"href":"https:\/\/www.keoutdoordesign.com\/es-es\/wp-json\/wp\/v2\/pages"}],"about":[{"href":"https:\/\/www.keoutdoordesign.com\/es-es\/wp-json\/wp\/v2\/types\/page"}],"author":[{"embeddable":true,"href":"https:\/\/www.keoutdoordesign.com\/es-es\/wp-json\/wp\/v2\/users\/10608"}],"replies":[{"embeddable":true,"href":"https:\/\/www.keoutdoordesign.com\/es-es\/wp-json\/wp\/v2\/comments?post=5646"}],"version-history":[{"count":6,"href":"https:\/\/www.keoutdoordesign.com\/es-es\/wp-json\/wp\/v2\/pages\/5646\/revisions"}],"predecessor-version":[{"id":41972,"href":"https:\/\/www.keoutdoordesign.com\/es-es\/wp-json\/wp\/v2\/pages\/5646\/revisions\/41972"}],"up":[{"embeddable":true,"href":"https:\/\/www.keoutdoordesign.com\/es-es\/wp-json\/wp\/v2\/pages\/3341"}],"wp:featuredmedia":[{"embeddable":true,"href":"https:\/\/www.keoutdoordesign.com\/es-es\/wp-json\/wp\/v2\/media\/17133"}],"wp:attachment":[{"href":"https:\/\/www.keoutdoordesign.com\/es-es\/wp-json\/wp\/v2\/media?parent=5646"}],"curies":[{"name":"wp","href":"https:\/\/api.w.org\/{rel}","templated":true}]}}