{"id":56208,"date":"2023-03-09T09:04:19","date_gmt":"2023-03-09T08:04:19","guid":{"rendered":"https:\/\/www.keoutdoordesign.com\/?page_id=56208"},"modified":"2025-02-20T11:40:05","modified_gmt":"2025-02-20T10:40:05","slug":"saki","status":"publish","type":"page","link":"https:\/\/www.keoutdoordesign.com\/es-es\/pergola-gennius\/pergola-con-techo-plano\/saki\/","title":{"rendered":"Saki"},"content":{"rendered":"<p><strong>El tejido de tu p\u00e9rgola manual retr\u00e1ctil:<\/strong><\/p>\n<p>Las medidas de la p\u00e9rgola Saki dan la posibilidad de tener 7,9 u 11 \u00abpiezas\u00bb de tela con un ancho de 600 mm, pudiendo as\u00ed utilizar los tejidos de nuestros rodillos finos. Por lo tanto, las telas son nuevas, conectadas entre s\u00ed por un sistema de perfiles transversales deslizantes por medio de carritos, que permiten la movilidad del techo ondulado.<\/p>\n<p>Se opera solo manualmente por medio de una driza.<\/p>\n<p>La estructura, fabricada en aluminio reciclable, es color Negro Inver (Carb\u00f3n) y puede equiparse con cortinas opcionales para un acabado perfecto.<\/p>\n<p>F\u00e1cil de montar, se puede fijar en el c\u00e9sped de tus jardines sin estropearlos, utilizando anclajes que ofrecen la posibilidad de ser trasladadas f\u00e1cilmente.<\/p>\n<p>SAKI es una p\u00e9rgola retr\u00e1ctil manual que est\u00e1 en l\u00ednea con la tendencia actual, estableci\u00e9ndose como un objeto de decoraci\u00f3n, con un dise\u00f1o elegante y arm\u00f3nico, personalizable seg\u00fan los gustos individuales.<\/p>\n<p>\u00c9pocas y estilos se mezclan as\u00ed en un exterior c\u00f3modo y encantador.<\/p>\n<p>Los tejidos que componen tu p\u00e9rgola son elegidas \u00fanicamente entre nuestros mejores tejidos, agrupados por tem\u00e1tica:<\/p>\n<ul>\n<li>Tendencia natural: inspirando los diferentes terrenos del mundo, de la arena a la tierra<\/li>\n<li>Tendencia mineral: tonos de gris claro a negro profundo<\/li>\n<li>Tendencia abisal: re\u00fane todos los tonos m\u00e1s bellos de azul.<\/li>\n<\/ul>\n<p>Tambi\u00e9n se proponen combinaciones m\u00e1s originales, incluyendo tejidos a rayas, compuestas por la dise\u00f1adora Antonella Bertignin. Con los universos :<\/p>\n<p>&#8211; Bohemien<\/p>\n<p>-Playa<\/p>\n<p>-Oc\u00e9ano<\/p>\n<p>-Desierto<\/p>\n<p>-Elegante<\/p>\n<p>-Bosque<\/p>\n<p>-Sobrio<\/p>\n<p>-N\u00f3mada<\/p>\n<p>&nbsp;<\/p>\n<p>Los tejidos de calidad profesional Dickson o Sattler son f\u00e1cilmente intercambiables o incluso reemplazables para darle a tu jard\u00edn un ambiente diferente, utilizando los diferentes estilos y colores de las telas como un medio para garantizar la transici\u00f3n entre diferentes estaciones y \u00e9pocas.<\/p>\n","protected":false},"excerpt":{"rendered":"<p>El tejido de tu p\u00e9rgola manual retr\u00e1ctil: Las medidas de la p\u00e9rgola Saki dan la posibilidad de tener 7,9 u&hellip;<\/p>\n","protected":false},"author":10608,"featured_media":69844,"parent":4754,"menu_order":4,"comment_status":"closed","ping_status":"closed","template":"page-templates\/product.php","meta":{"_acf_changed":false,"footnotes":""},"class_list":["post-56208","page","type-page","status-publish","has-post-thumbnail","hentry"],"acf":[],"yoast_head":"<!-- This site is optimized with the Yoast SEO Premium plugin v20.12 (Yoast SEO v27.0) - https:\/\/yoast.com\/product\/yoast-seo-premium-wordpress\/ -->\n<title>Saki -<\/title>\n<meta name=\"description\" content=\"SAKI es una p\u00e9rgola retr\u00e1ctil manual, una protecci\u00f3n solar de moda para crear un rinc\u00f3n a la sombra en el jard\u00edn.\" \/>\n<meta name=\"robots\" content=\"index, follow, max-snippet:-1, max-image-preview:large, max-video-preview:-1\" \/>\n<link rel=\"canonical\" href=\"https:\/\/www.keoutdoordesign.com\/es-es\/pergola-gennius\/pergola-con-techo-plano\/saki\/\" \/>\n<meta property=\"og:locale\" content=\"es_ES\" \/>\n<meta property=\"og:type\" content=\"article\" \/>\n<meta property=\"og:title\" content=\"Saki\" \/>\n<meta property=\"og:description\" content=\"SAKI es una p\u00e9rgola retr\u00e1ctil manual, una protecci\u00f3n solar de moda para crear un rinc\u00f3n a la sombra en el jard\u00edn.\" \/>\n<meta property=\"og:url\" content=\"https:\/\/www.keoutdoordesign.com\/es-es\/pergola-gennius\/pergola-con-techo-plano\/saki\/\" \/>\n<meta property=\"og:site_name\" content=\"KE Outdoor Design\" \/>\n<meta property=\"article:publisher\" content=\"https:\/\/www.facebook.com\/keoutdoordesign.us\" \/>\n<meta property=\"article:modified_time\" content=\"2025-02-20T10:40:05+00:00\" \/>\n<meta property=\"og:image\" content=\"https:\/\/www.keoutdoordesign.com\/wp-content\/uploads\/2024\/05\/DSC9136.jpg\" \/>\n\t<meta property=\"og:image:width\" content=\"1920\" \/>\n\t<meta property=\"og:image:height\" content=\"1536\" \/>\n\t<meta property=\"og:image:type\" content=\"image\/jpeg\" \/>\n<meta name=\"twitter:card\" content=\"summary_large_image\" \/>\n<meta name=\"twitter:site\" content=\"@keoutdoordesign\" \/>\n<script type=\"application\/ld+json\" class=\"yoast-schema-graph\">{\"@context\":\"https:\/\/schema.org\",\"@graph\":[{\"@type\":\"WebPage\",\"@id\":\"https:\/\/www.keoutdoordesign.com\/es-es\/pergola-gennius\/pergola-con-techo-plano\/saki\/\",\"url\":\"https:\/\/www.keoutdoordesign.com\/es-es\/pergola-gennius\/pergola-con-techo-plano\/saki\/\",\"name\":\"Saki -\",\"isPartOf\":{\"@id\":\"https:\/\/www.keoutdoordesign.com\/it-it\/#website\"},\"primaryImageOfPage\":{\"@id\":\"https:\/\/www.keoutdoordesign.com\/es-es\/pergola-gennius\/pergola-con-techo-plano\/saki\/#primaryimage\"},\"image\":{\"@id\":\"https:\/\/www.keoutdoordesign.com\/es-es\/pergola-gennius\/pergola-con-techo-plano\/saki\/#primaryimage\"},\"thumbnailUrl\":\"https:\/\/www.keoutdoordesign.com\/wp-content\/uploads\/2024\/05\/DSC9136.jpg\",\"datePublished\":\"2023-03-09T08:04:19+00:00\",\"dateModified\":\"2025-02-20T10:40:05+00:00\",\"description\":\"SAKI es una p\u00e9rgola retr\u00e1ctil manual, una protecci\u00f3n solar de moda para crear un rinc\u00f3n a la sombra en el jard\u00edn.\",\"breadcrumb\":{\"@id\":\"https:\/\/www.keoutdoordesign.com\/es-es\/pergola-gennius\/pergola-con-techo-plano\/saki\/#breadcrumb\"},\"inLanguage\":\"es\",\"potentialAction\":[{\"@type\":\"ReadAction\",\"target\":[\"https:\/\/www.keoutdoordesign.com\/es-es\/pergola-gennius\/pergola-con-techo-plano\/saki\/\"]}]},{\"@type\":\"ImageObject\",\"inLanguage\":\"es\",\"@id\":\"https:\/\/www.keoutdoordesign.com\/es-es\/pergola-gennius\/pergola-con-techo-plano\/saki\/#primaryimage\",\"url\":\"https:\/\/www.keoutdoordesign.com\/wp-content\/uploads\/2024\/05\/DSC9136.jpg\",\"contentUrl\":\"https:\/\/www.keoutdoordesign.com\/wp-content\/uploads\/2024\/05\/DSC9136.jpg\",\"width\":1920,\"height\":1536},{\"@type\":\"BreadcrumbList\",\"@id\":\"https:\/\/www.keoutdoordesign.com\/es-es\/pergola-gennius\/pergola-con-techo-plano\/saki\/#breadcrumb\",\"itemListElement\":[{\"@type\":\"ListItem\",\"position\":1,\"name\":\"Home\",\"item\":\"https:\/\/www.keoutdoordesign.com\/es-es\/\"},{\"@type\":\"ListItem\",\"position\":2,\"name\":\"P\u00e9rgola Gennius\",\"item\":\"https:\/\/www.keoutdoordesign.com\/es-es\/pergola-gennius\/\"},{\"@type\":\"ListItem\",\"position\":3,\"name\":\"P\u00e9rgolas con Techo Plano Retr\u00e1ctil\",\"item\":\"https:\/\/www.keoutdoordesign.com\/es-es\/pergola-gennius\/pergola-con-techo-plano\/\"},{\"@type\":\"ListItem\",\"position\":4,\"name\":\"Saki\"}]},{\"@type\":\"WebSite\",\"@id\":\"https:\/\/www.keoutdoordesign.com\/it-it\/#website\",\"url\":\"https:\/\/www.keoutdoordesign.com\/it-it\/\",\"name\":\"KE Outdoor Design\",\"description\":\"Un nuovo sito targato WordPress\",\"publisher\":{\"@id\":\"https:\/\/www.keoutdoordesign.com\/it-it\/#organization\"},\"potentialAction\":[{\"@type\":\"SearchAction\",\"target\":{\"@type\":\"EntryPoint\",\"urlTemplate\":\"https:\/\/www.keoutdoordesign.com\/it-it\/?s={search_term_string}\"},\"query-input\":{\"@type\":\"PropertyValueSpecification\",\"valueRequired\":true,\"valueName\":\"search_term_string\"}}],\"inLanguage\":\"es\"},{\"@type\":\"Organization\",\"@id\":\"https:\/\/www.keoutdoordesign.com\/it-it\/#organization\",\"name\":\"KE Outdoor Design\",\"url\":\"https:\/\/www.keoutdoordesign.com\/it-it\/\",\"logo\":{\"@type\":\"ImageObject\",\"inLanguage\":\"es\",\"@id\":\"https:\/\/www.keoutdoordesign.com\/it-it\/#\/schema\/logo\/image\/\",\"url\":\"https:\/\/www.keoutdoordesign.com\/wp-content\/uploads\/2020\/02\/KE-logo-Primary-e1591282842174.jpg\",\"contentUrl\":\"https:\/\/www.keoutdoordesign.com\/wp-content\/uploads\/2020\/02\/KE-logo-Primary-e1591282842174.jpg\",\"width\":500,\"height\":396,\"caption\":\"KE Outdoor Design\"},\"image\":{\"@id\":\"https:\/\/www.keoutdoordesign.com\/it-it\/#\/schema\/logo\/image\/\"},\"sameAs\":[\"https:\/\/www.facebook.com\/keoutdoordesign.us\",\"https:\/\/x.com\/keoutdoordesign\",\"https:\/\/www.facebook.com\/keoutdoordesign\",\"https:\/\/www.youtube.com\/channel\/UCSoMQryJpLqD53bAoZLg2Vg\",\"https:\/\/www.pinterest.it\/keoutdoordesign\/\",\"https:\/\/www.instagram.com\/keoutdoordesign\/\",\"https:\/\/www.linkedin.com\/company\/ke-outdoor-design\/\"]}]}<\/script>\n<!-- \/ Yoast SEO Premium plugin. -->","yoast_head_json":{"title":"Saki -","description":"SAKI es una p\u00e9rgola retr\u00e1ctil manual, una protecci\u00f3n solar de moda para crear un rinc\u00f3n a la sombra en el jard\u00edn.","robots":{"index":"index","follow":"follow","max-snippet":"max-snippet:-1","max-image-preview":"max-image-preview:large","max-video-preview":"max-video-preview:-1"},"canonical":"https:\/\/www.keoutdoordesign.com\/es-es\/pergola-gennius\/pergola-con-techo-plano\/saki\/","og_locale":"es_ES","og_type":"article","og_title":"Saki","og_description":"SAKI es una p\u00e9rgola retr\u00e1ctil manual, una protecci\u00f3n solar de moda para crear un rinc\u00f3n a la sombra en el jard\u00edn.","og_url":"https:\/\/www.keoutdoordesign.com\/es-es\/pergola-gennius\/pergola-con-techo-plano\/saki\/","og_site_name":"KE Outdoor Design","article_publisher":"https:\/\/www.facebook.com\/keoutdoordesign.us","article_modified_time":"2025-02-20T10:40:05+00:00","og_image":[{"width":1920,"height":1536,"url":"https:\/\/www.keoutdoordesign.com\/wp-content\/uploads\/2024\/05\/DSC9136.jpg","type":"image\/jpeg"}],"twitter_card":"summary_large_image","twitter_site":"@keoutdoordesign","schema":{"@context":"https:\/\/schema.org","@graph":[{"@type":"WebPage","@id":"https:\/\/www.keoutdoordesign.com\/es-es\/pergola-gennius\/pergola-con-techo-plano\/saki\/","url":"https:\/\/www.keoutdoordesign.com\/es-es\/pergola-gennius\/pergola-con-techo-plano\/saki\/","name":"Saki -","isPartOf":{"@id":"https:\/\/www.keoutdoordesign.com\/it-it\/#website"},"primaryImageOfPage":{"@id":"https:\/\/www.keoutdoordesign.com\/es-es\/pergola-gennius\/pergola-con-techo-plano\/saki\/#primaryimage"},"image":{"@id":"https:\/\/www.keoutdoordesign.com\/es-es\/pergola-gennius\/pergola-con-techo-plano\/saki\/#primaryimage"},"thumbnailUrl":"https:\/\/www.keoutdoordesign.com\/wp-content\/uploads\/2024\/05\/DSC9136.jpg","datePublished":"2023-03-09T08:04:19+00:00","dateModified":"2025-02-20T10:40:05+00:00","description":"SAKI es una p\u00e9rgola retr\u00e1ctil manual, una protecci\u00f3n solar de moda para crear un rinc\u00f3n a la sombra en el jard\u00edn.","breadcrumb":{"@id":"https:\/\/www.keoutdoordesign.com\/es-es\/pergola-gennius\/pergola-con-techo-plano\/saki\/#breadcrumb"},"inLanguage":"es","potentialAction":[{"@type":"ReadAction","target":["https:\/\/www.keoutdoordesign.com\/es-es\/pergola-gennius\/pergola-con-techo-plano\/saki\/"]}]},{"@type":"ImageObject","inLanguage":"es","@id":"https:\/\/www.keoutdoordesign.com\/es-es\/pergola-gennius\/pergola-con-techo-plano\/saki\/#primaryimage","url":"https:\/\/www.keoutdoordesign.com\/wp-content\/uploads\/2024\/05\/DSC9136.jpg","contentUrl":"https:\/\/www.keoutdoordesign.com\/wp-content\/uploads\/2024\/05\/DSC9136.jpg","width":1920,"height":1536},{"@type":"BreadcrumbList","@id":"https:\/\/www.keoutdoordesign.com\/es-es\/pergola-gennius\/pergola-con-techo-plano\/saki\/#breadcrumb","itemListElement":[{"@type":"ListItem","position":1,"name":"Home","item":"https:\/\/www.keoutdoordesign.com\/es-es\/"},{"@type":"ListItem","position":2,"name":"P\u00e9rgola Gennius","item":"https:\/\/www.keoutdoordesign.com\/es-es\/pergola-gennius\/"},{"@type":"ListItem","position":3,"name":"P\u00e9rgolas con Techo Plano Retr\u00e1ctil","item":"https:\/\/www.keoutdoordesign.com\/es-es\/pergola-gennius\/pergola-con-techo-plano\/"},{"@type":"ListItem","position":4,"name":"Saki"}]},{"@type":"WebSite","@id":"https:\/\/www.keoutdoordesign.com\/it-it\/#website","url":"https:\/\/www.keoutdoordesign.com\/it-it\/","name":"KE Outdoor Design","description":"Un nuovo sito targato WordPress","publisher":{"@id":"https:\/\/www.keoutdoordesign.com\/it-it\/#organization"},"potentialAction":[{"@type":"SearchAction","target":{"@type":"EntryPoint","urlTemplate":"https:\/\/www.keoutdoordesign.com\/it-it\/?s={search_term_string}"},"query-input":{"@type":"PropertyValueSpecification","valueRequired":true,"valueName":"search_term_string"}}],"inLanguage":"es"},{"@type":"Organization","@id":"https:\/\/www.keoutdoordesign.com\/it-it\/#organization","name":"KE Outdoor Design","url":"https:\/\/www.keoutdoordesign.com\/it-it\/","logo":{"@type":"ImageObject","inLanguage":"es","@id":"https:\/\/www.keoutdoordesign.com\/it-it\/#\/schema\/logo\/image\/","url":"https:\/\/www.keoutdoordesign.com\/wp-content\/uploads\/2020\/02\/KE-logo-Primary-e1591282842174.jpg","contentUrl":"https:\/\/www.keoutdoordesign.com\/wp-content\/uploads\/2020\/02\/KE-logo-Primary-e1591282842174.jpg","width":500,"height":396,"caption":"KE Outdoor Design"},"image":{"@id":"https:\/\/www.keoutdoordesign.com\/it-it\/#\/schema\/logo\/image\/"},"sameAs":["https:\/\/www.facebook.com\/keoutdoordesign.us","https:\/\/x.com\/keoutdoordesign","https:\/\/www.facebook.com\/keoutdoordesign","https:\/\/www.youtube.com\/channel\/UCSoMQryJpLqD53bAoZLg2Vg","https:\/\/www.pinterest.it\/keoutdoordesign\/","https:\/\/www.instagram.com\/keoutdoordesign\/","https:\/\/www.linkedin.com\/company\/ke-outdoor-design\/"]}]}},"_links":{"self":[{"href":"https:\/\/www.keoutdoordesign.com\/es-es\/wp-json\/wp\/v2\/pages\/56208","targetHints":{"allow":["GET"]}}],"collection":[{"href":"https:\/\/www.keoutdoordesign.com\/es-es\/wp-json\/wp\/v2\/pages"}],"about":[{"href":"https:\/\/www.keoutdoordesign.com\/es-es\/wp-json\/wp\/v2\/types\/page"}],"author":[{"embeddable":true,"href":"https:\/\/www.keoutdoordesign.com\/es-es\/wp-json\/wp\/v2\/users\/10608"}],"replies":[{"embeddable":true,"href":"https:\/\/www.keoutdoordesign.com\/es-es\/wp-json\/wp\/v2\/comments?post=56208"}],"version-history":[{"count":15,"href":"https:\/\/www.keoutdoordesign.com\/es-es\/wp-json\/wp\/v2\/pages\/56208\/revisions"}],"predecessor-version":[{"id":104659,"href":"https:\/\/www.keoutdoordesign.com\/es-es\/wp-json\/wp\/v2\/pages\/56208\/revisions\/104659"}],"up":[{"embeddable":true,"href":"https:\/\/www.keoutdoordesign.com\/es-es\/wp-json\/wp\/v2\/pages\/4754"}],"wp:featuredmedia":[{"embeddable":true,"href":"https:\/\/www.keoutdoordesign.com\/es-es\/wp-json\/wp\/v2\/media\/69844"}],"wp:attachment":[{"href":"https:\/\/www.keoutdoordesign.com\/es-es\/wp-json\/wp\/v2\/media?parent=56208"}],"curies":[{"name":"wp","href":"https:\/\/api.w.org\/{rel}","templated":true}]}}