{"id":54857,"date":"2023-03-10T10:51:41","date_gmt":"2023-03-10T09:51:41","guid":{"rendered":"https:\/\/www.keoutdoordesign.com\/?page_id=54857"},"modified":"2025-02-17T17:49:49","modified_gmt":"2025-02-17T16:49:49","slug":"toldos-de-cofre","status":"publish","type":"page","link":"https:\/\/www.keoutdoordesign.com\/es-es\/toldos\/toldos-de-cofre\/","title":{"rendered":"Toldos de cofre"},"content":{"rendered":"<p>En un solo gesto, tu terraza o zona exterior del jard\u00edn recibe luz y sombra, la energ\u00eda del sol o el descanso de un velo fresco. <strong>Los toldos de cofre<\/strong> <strong>son una suma de dise\u00f1o y tecnolog\u00edas innovadoras<\/strong>, la soluci\u00f3n ideal para vestir sus espacios exteriores con un nuevo confort.<\/p>\n<p><strong>Perfiles esenciales, brazos de alta tecnolog\u00eda con un rendimiento excepcional y m\u00e1s de 500 tejidos diferente<\/strong>s para elegir crear\u00e1n su proyecto de toldo \u00fanico y personalizado. La caja, minimalista y cuidadosamente dise\u00f1ada, encierra su toldo como un cofre protector cuando est\u00e1 cerrado, para garantizar resistencia, fiabilidad y limpieza durante mucho tiempo.<\/p>\n<p>Con <strong>Qubica<\/strong>, el <strong>cofre bicolor<\/strong> se convierte en un aut\u00e9ntico mueble para tu espacio exterior y, en el modelo Qubica Flat, el <strong>cofre horizontal<\/strong> se convierte en una peque\u00f1a y pr\u00e1ctica marquesina incluso con el toldo cerrado.<\/p>\n<p>La libertad de gestionar tu propia luz ser\u00e1 infinita, con los <strong>toldos de cofre.<\/strong> La combinaci\u00f3n de la <strong>inclinaci\u00f3n del toldo<\/strong> y la elecci\u00f3n de la <strong>tela m\u00e1s adecuada<\/strong> le permitir\u00e1 satisfacer cualquier necesidad de protecci\u00f3n solar.<\/p>\n<p>Todos nuestros toldos cofre pueden ser motorizados y conectados a sensores bioclim\u00e1ticos, apps y sistemas dom\u00f3ticos, incluso a distancia, para el m\u00e1ximo confort y seguridad<\/p>\n","protected":false},"excerpt":{"rendered":"<p>En un solo gesto, tu terraza o zona exterior del jard\u00edn recibe luz y sombra, la energ\u00eda del sol o&hellip;<\/p>\n","protected":false},"author":10608,"featured_media":56654,"parent":54855,"menu_order":15,"comment_status":"closed","ping_status":"closed","template":"page-templates\/category-products.php","meta":{"_acf_changed":false,"footnotes":""},"class_list":["post-54857","page","type-page","status-publish","has-post-thumbnail","hentry"],"acf":[],"yoast_head":"<!-- This site is optimized with the Yoast SEO Premium plugin v20.12 (Yoast SEO v27.3) - https:\/\/yoast.com\/product\/yoast-seo-premium-wordpress\/ -->\n<title>Toldos de cofre -<\/title>\n<meta name=\"description\" content=\"Scopri le tende da sole KE con cassonetto a scomparsa totale per grandi coperture, come balconi, terrazze e verande.\" \/>\n<meta name=\"robots\" content=\"index, follow, max-snippet:-1, max-image-preview:large, max-video-preview:-1\" \/>\n<link rel=\"canonical\" href=\"https:\/\/www.keoutdoordesign.com\/es-es\/toldos\/toldos-de-cofre\/\" \/>\n<meta property=\"og:locale\" content=\"es_ES\" \/>\n<meta property=\"og:type\" content=\"article\" \/>\n<meta property=\"og:title\" content=\"Toldos de cofre\" \/>\n<meta property=\"og:description\" content=\"Scopri le tende da sole KE con cassonetto a scomparsa totale per grandi coperture, come balconi, terrazze e verande.\" \/>\n<meta property=\"og:url\" content=\"https:\/\/www.keoutdoordesign.com\/es-es\/toldos\/toldos-de-cofre\/\" \/>\n<meta property=\"og:site_name\" content=\"KE Outdoor Design\" \/>\n<meta property=\"article:publisher\" content=\"https:\/\/www.facebook.com\/keoutdoordesign.us\" \/>\n<meta property=\"article:modified_time\" content=\"2025-02-17T16:49:49+00:00\" \/>\n<meta property=\"og:image\" content=\"https:\/\/www.keoutdoordesign.com\/wp-content\/uploads\/2023\/03\/fc-photos-gennuis-france-Mai17-0004-scaled.jpg\" \/>\n\t<meta property=\"og:image:width\" content=\"1920\" \/>\n\t<meta property=\"og:image:height\" content=\"1280\" \/>\n\t<meta property=\"og:image:type\" content=\"image\/jpeg\" \/>\n<meta name=\"twitter:card\" content=\"summary_large_image\" \/>\n<meta name=\"twitter:site\" content=\"@keoutdoordesign\" \/>\n<script type=\"application\/ld+json\" class=\"yoast-schema-graph\">{\"@context\":\"https:\\\/\\\/schema.org\",\"@graph\":[{\"@type\":\"WebPage\",\"@id\":\"https:\\\/\\\/www.keoutdoordesign.com\\\/es-es\\\/toldos\\\/toldos-de-cofre\\\/\",\"url\":\"https:\\\/\\\/www.keoutdoordesign.com\\\/es-es\\\/toldos\\\/toldos-de-cofre\\\/\",\"name\":\"Toldos de cofre -\",\"isPartOf\":{\"@id\":\"https:\\\/\\\/www.keoutdoordesign.com\\\/it-it\\\/#website\"},\"primaryImageOfPage\":{\"@id\":\"https:\\\/\\\/www.keoutdoordesign.com\\\/es-es\\\/toldos\\\/toldos-de-cofre\\\/#primaryimage\"},\"image\":{\"@id\":\"https:\\\/\\\/www.keoutdoordesign.com\\\/es-es\\\/toldos\\\/toldos-de-cofre\\\/#primaryimage\"},\"thumbnailUrl\":\"https:\\\/\\\/www.keoutdoordesign.com\\\/wp-content\\\/uploads\\\/2023\\\/03\\\/fc-photos-gennuis-france-Mai17-0004-scaled.jpg\",\"datePublished\":\"2023-03-10T09:51:41+00:00\",\"dateModified\":\"2025-02-17T16:49:49+00:00\",\"description\":\"Scopri le tende da sole KE con cassonetto a scomparsa totale per grandi coperture, come balconi, terrazze e verande.\",\"breadcrumb\":{\"@id\":\"https:\\\/\\\/www.keoutdoordesign.com\\\/es-es\\\/toldos\\\/toldos-de-cofre\\\/#breadcrumb\"},\"inLanguage\":\"es\",\"potentialAction\":[{\"@type\":\"ReadAction\",\"target\":[\"https:\\\/\\\/www.keoutdoordesign.com\\\/es-es\\\/toldos\\\/toldos-de-cofre\\\/\"]}]},{\"@type\":\"ImageObject\",\"inLanguage\":\"es\",\"@id\":\"https:\\\/\\\/www.keoutdoordesign.com\\\/es-es\\\/toldos\\\/toldos-de-cofre\\\/#primaryimage\",\"url\":\"https:\\\/\\\/www.keoutdoordesign.com\\\/wp-content\\\/uploads\\\/2023\\\/03\\\/fc-photos-gennuis-france-Mai17-0004-scaled.jpg\",\"contentUrl\":\"https:\\\/\\\/www.keoutdoordesign.com\\\/wp-content\\\/uploads\\\/2023\\\/03\\\/fc-photos-gennuis-france-Mai17-0004-scaled.jpg\",\"width\":1920,\"height\":1280},{\"@type\":\"BreadcrumbList\",\"@id\":\"https:\\\/\\\/www.keoutdoordesign.com\\\/es-es\\\/toldos\\\/toldos-de-cofre\\\/#breadcrumb\",\"itemListElement\":[{\"@type\":\"ListItem\",\"position\":1,\"name\":\"Home\",\"item\":\"https:\\\/\\\/www.keoutdoordesign.com\\\/es-es\\\/\"},{\"@type\":\"ListItem\",\"position\":2,\"name\":\"Toldos\",\"item\":\"https:\\\/\\\/www.keoutdoordesign.com\\\/es-es\\\/toldos\\\/\"},{\"@type\":\"ListItem\",\"position\":3,\"name\":\"Toldos de cofre\"}]},{\"@type\":\"WebSite\",\"@id\":\"https:\\\/\\\/www.keoutdoordesign.com\\\/it-it\\\/#website\",\"url\":\"https:\\\/\\\/www.keoutdoordesign.com\\\/it-it\\\/\",\"name\":\"KE Outdoor Design\",\"description\":\"Un nuovo sito targato WordPress\",\"publisher\":{\"@id\":\"https:\\\/\\\/www.keoutdoordesign.com\\\/it-it\\\/#organization\"},\"potentialAction\":[{\"@type\":\"SearchAction\",\"target\":{\"@type\":\"EntryPoint\",\"urlTemplate\":\"https:\\\/\\\/www.keoutdoordesign.com\\\/it-it\\\/?s={search_term_string}\"},\"query-input\":{\"@type\":\"PropertyValueSpecification\",\"valueRequired\":true,\"valueName\":\"search_term_string\"}}],\"inLanguage\":\"es\"},{\"@type\":\"Organization\",\"@id\":\"https:\\\/\\\/www.keoutdoordesign.com\\\/it-it\\\/#organization\",\"name\":\"KE Outdoor Design\",\"url\":\"https:\\\/\\\/www.keoutdoordesign.com\\\/it-it\\\/\",\"logo\":{\"@type\":\"ImageObject\",\"inLanguage\":\"es\",\"@id\":\"https:\\\/\\\/www.keoutdoordesign.com\\\/it-it\\\/#\\\/schema\\\/logo\\\/image\\\/\",\"url\":\"https:\\\/\\\/www.keoutdoordesign.com\\\/wp-content\\\/uploads\\\/2020\\\/02\\\/KE-logo-Primary-e1591282842174.jpg\",\"contentUrl\":\"https:\\\/\\\/www.keoutdoordesign.com\\\/wp-content\\\/uploads\\\/2020\\\/02\\\/KE-logo-Primary-e1591282842174.jpg\",\"width\":500,\"height\":396,\"caption\":\"KE Outdoor Design\"},\"image\":{\"@id\":\"https:\\\/\\\/www.keoutdoordesign.com\\\/it-it\\\/#\\\/schema\\\/logo\\\/image\\\/\"},\"sameAs\":[\"https:\\\/\\\/www.facebook.com\\\/keoutdoordesign.us\",\"https:\\\/\\\/x.com\\\/keoutdoordesign\",\"https:\\\/\\\/www.facebook.com\\\/keoutdoordesign\",\"https:\\\/\\\/www.youtube.com\\\/channel\\\/UCSoMQryJpLqD53bAoZLg2Vg\",\"https:\\\/\\\/www.pinterest.it\\\/keoutdoordesign\\\/\",\"https:\\\/\\\/www.instagram.com\\\/keoutdoordesign\\\/\",\"https:\\\/\\\/www.linkedin.com\\\/company\\\/ke-outdoor-design\\\/\"]}]}<\/script>\n<!-- \/ Yoast SEO Premium plugin. -->","yoast_head_json":{"title":"Toldos de cofre -","description":"Scopri le tende da sole KE con cassonetto a scomparsa totale per grandi coperture, come balconi, terrazze e verande.","robots":{"index":"index","follow":"follow","max-snippet":"max-snippet:-1","max-image-preview":"max-image-preview:large","max-video-preview":"max-video-preview:-1"},"canonical":"https:\/\/www.keoutdoordesign.com\/es-es\/toldos\/toldos-de-cofre\/","og_locale":"es_ES","og_type":"article","og_title":"Toldos de cofre","og_description":"Scopri le tende da sole KE con cassonetto a scomparsa totale per grandi coperture, come balconi, terrazze e verande.","og_url":"https:\/\/www.keoutdoordesign.com\/es-es\/toldos\/toldos-de-cofre\/","og_site_name":"KE Outdoor Design","article_publisher":"https:\/\/www.facebook.com\/keoutdoordesign.us","article_modified_time":"2025-02-17T16:49:49+00:00","og_image":[{"width":1920,"height":1280,"url":"https:\/\/www.keoutdoordesign.com\/wp-content\/uploads\/2023\/03\/fc-photos-gennuis-france-Mai17-0004-scaled.jpg","type":"image\/jpeg"}],"twitter_card":"summary_large_image","twitter_site":"@keoutdoordesign","schema":{"@context":"https:\/\/schema.org","@graph":[{"@type":"WebPage","@id":"https:\/\/www.keoutdoordesign.com\/es-es\/toldos\/toldos-de-cofre\/","url":"https:\/\/www.keoutdoordesign.com\/es-es\/toldos\/toldos-de-cofre\/","name":"Toldos de cofre -","isPartOf":{"@id":"https:\/\/www.keoutdoordesign.com\/it-it\/#website"},"primaryImageOfPage":{"@id":"https:\/\/www.keoutdoordesign.com\/es-es\/toldos\/toldos-de-cofre\/#primaryimage"},"image":{"@id":"https:\/\/www.keoutdoordesign.com\/es-es\/toldos\/toldos-de-cofre\/#primaryimage"},"thumbnailUrl":"https:\/\/www.keoutdoordesign.com\/wp-content\/uploads\/2023\/03\/fc-photos-gennuis-france-Mai17-0004-scaled.jpg","datePublished":"2023-03-10T09:51:41+00:00","dateModified":"2025-02-17T16:49:49+00:00","description":"Scopri le tende da sole KE con cassonetto a scomparsa totale per grandi coperture, come balconi, terrazze e verande.","breadcrumb":{"@id":"https:\/\/www.keoutdoordesign.com\/es-es\/toldos\/toldos-de-cofre\/#breadcrumb"},"inLanguage":"es","potentialAction":[{"@type":"ReadAction","target":["https:\/\/www.keoutdoordesign.com\/es-es\/toldos\/toldos-de-cofre\/"]}]},{"@type":"ImageObject","inLanguage":"es","@id":"https:\/\/www.keoutdoordesign.com\/es-es\/toldos\/toldos-de-cofre\/#primaryimage","url":"https:\/\/www.keoutdoordesign.com\/wp-content\/uploads\/2023\/03\/fc-photos-gennuis-france-Mai17-0004-scaled.jpg","contentUrl":"https:\/\/www.keoutdoordesign.com\/wp-content\/uploads\/2023\/03\/fc-photos-gennuis-france-Mai17-0004-scaled.jpg","width":1920,"height":1280},{"@type":"BreadcrumbList","@id":"https:\/\/www.keoutdoordesign.com\/es-es\/toldos\/toldos-de-cofre\/#breadcrumb","itemListElement":[{"@type":"ListItem","position":1,"name":"Home","item":"https:\/\/www.keoutdoordesign.com\/es-es\/"},{"@type":"ListItem","position":2,"name":"Toldos","item":"https:\/\/www.keoutdoordesign.com\/es-es\/toldos\/"},{"@type":"ListItem","position":3,"name":"Toldos de cofre"}]},{"@type":"WebSite","@id":"https:\/\/www.keoutdoordesign.com\/it-it\/#website","url":"https:\/\/www.keoutdoordesign.com\/it-it\/","name":"KE Outdoor Design","description":"Un nuovo sito targato WordPress","publisher":{"@id":"https:\/\/www.keoutdoordesign.com\/it-it\/#organization"},"potentialAction":[{"@type":"SearchAction","target":{"@type":"EntryPoint","urlTemplate":"https:\/\/www.keoutdoordesign.com\/it-it\/?s={search_term_string}"},"query-input":{"@type":"PropertyValueSpecification","valueRequired":true,"valueName":"search_term_string"}}],"inLanguage":"es"},{"@type":"Organization","@id":"https:\/\/www.keoutdoordesign.com\/it-it\/#organization","name":"KE Outdoor Design","url":"https:\/\/www.keoutdoordesign.com\/it-it\/","logo":{"@type":"ImageObject","inLanguage":"es","@id":"https:\/\/www.keoutdoordesign.com\/it-it\/#\/schema\/logo\/image\/","url":"https:\/\/www.keoutdoordesign.com\/wp-content\/uploads\/2020\/02\/KE-logo-Primary-e1591282842174.jpg","contentUrl":"https:\/\/www.keoutdoordesign.com\/wp-content\/uploads\/2020\/02\/KE-logo-Primary-e1591282842174.jpg","width":500,"height":396,"caption":"KE Outdoor Design"},"image":{"@id":"https:\/\/www.keoutdoordesign.com\/it-it\/#\/schema\/logo\/image\/"},"sameAs":["https:\/\/www.facebook.com\/keoutdoordesign.us","https:\/\/x.com\/keoutdoordesign","https:\/\/www.facebook.com\/keoutdoordesign","https:\/\/www.youtube.com\/channel\/UCSoMQryJpLqD53bAoZLg2Vg","https:\/\/www.pinterest.it\/keoutdoordesign\/","https:\/\/www.instagram.com\/keoutdoordesign\/","https:\/\/www.linkedin.com\/company\/ke-outdoor-design\/"]}]}},"_links":{"self":[{"href":"https:\/\/www.keoutdoordesign.com\/es-es\/wp-json\/wp\/v2\/pages\/54857","targetHints":{"allow":["GET"]}}],"collection":[{"href":"https:\/\/www.keoutdoordesign.com\/es-es\/wp-json\/wp\/v2\/pages"}],"about":[{"href":"https:\/\/www.keoutdoordesign.com\/es-es\/wp-json\/wp\/v2\/types\/page"}],"author":[{"embeddable":true,"href":"https:\/\/www.keoutdoordesign.com\/es-es\/wp-json\/wp\/v2\/users\/10608"}],"replies":[{"embeddable":true,"href":"https:\/\/www.keoutdoordesign.com\/es-es\/wp-json\/wp\/v2\/comments?post=54857"}],"version-history":[{"count":2,"href":"https:\/\/www.keoutdoordesign.com\/es-es\/wp-json\/wp\/v2\/pages\/54857\/revisions"}],"predecessor-version":[{"id":54936,"href":"https:\/\/www.keoutdoordesign.com\/es-es\/wp-json\/wp\/v2\/pages\/54857\/revisions\/54936"}],"up":[{"embeddable":true,"href":"https:\/\/www.keoutdoordesign.com\/es-es\/wp-json\/wp\/v2\/pages\/54855"}],"wp:featuredmedia":[{"embeddable":true,"href":"https:\/\/www.keoutdoordesign.com\/es-es\/wp-json\/wp\/v2\/media\/56654"}],"wp:attachment":[{"href":"https:\/\/www.keoutdoordesign.com\/es-es\/wp-json\/wp\/v2\/media?parent=54857"}],"curies":[{"name":"wp","href":"https:\/\/api.w.org\/{rel}","templated":true}]}}