{"id":4790,"date":"2019-06-07T12:53:17","date_gmt":"2019-06-07T10:53:17","guid":{"rendered":"http:\/\/ke.localhost.it\/?page_id=4790"},"modified":"2025-02-21T17:20:20","modified_gmt":"2025-02-21T16:20:20","slug":"kolibrie","status":"publish","type":"page","link":"https:\/\/www.keoutdoordesign.com\/es-es\/toldos-vela\/kolibrie\/","title":{"rendered":"Kolibrie"},"content":{"rendered":"<h2>Modelo vela triangular moderno y elegante<\/h2>\n<p>Realizada en Dacron, el tejido de poli\u00e9ster con hilo trenzado caracter\u00edstico de las velas de las embarcaciones, KOLIBRIE tiene tambi\u00e9n una alta resistencia al desgaste, a los agentes atmosf\u00e9ricos y a la salinidad, caracter\u00edsticas que lo hacen el producto ideal para los establecimientos balnearios y marinos. Adem\u00e1s, la utilizaci\u00f3n en toda la estructura de materiales t\u00edpicamente usados en el sector n\u00e1utico hace que KOLIBRIE se mantenga perfecto a lo largo del tiempo, aumentando el rendimiento de la inversi\u00f3n.<\/p>\n<p>Gracias a su elegante est\u00e9tica y a la calidad de los materiales, KOLIBRIE se convierte en un verdadero objeto de dise\u00f1o, ligero y moderno, expresi\u00f3n de un innovador modo de proteger los espacios exteriores y de vivir al aire libre.<\/p>\n","protected":false},"excerpt":{"rendered":"<p>Modelo vela triangular moderno y elegante Realizada en Dacron, el tejido de poli\u00e9ster con hilo trenzado caracter\u00edstico de las velas&hellip;<\/p>\n","protected":false},"author":10608,"featured_media":2520,"parent":4784,"menu_order":7,"comment_status":"closed","ping_status":"closed","template":"page-templates\/product.php","meta":{"_acf_changed":false,"footnotes":""},"class_list":["post-4790","page","type-page","status-publish","has-post-thumbnail","hentry"],"acf":[],"yoast_head":"<!-- This site is optimized with the Yoast SEO Premium plugin v20.12 (Yoast SEO v27.3) - https:\/\/yoast.com\/product\/yoast-seo-premium-wordpress\/ -->\n<title>Toldos Vela Triangulares - Kolibrie | KE Outdoor Design<\/title>\n<meta name=\"description\" content=\"Nuestros toldos vela triangulares no son un simple toldo sombrilla para exteriores, sino un verdadero objeto de dise\u00f1o. \u00a1Desc\u00fabralo!\" \/>\n<meta name=\"robots\" content=\"index, follow, max-snippet:-1, max-image-preview:large, max-video-preview:-1\" \/>\n<link rel=\"canonical\" href=\"https:\/\/www.keoutdoordesign.com\/es-es\/toldos-vela\/kolibrie\/\" \/>\n<meta property=\"og:locale\" content=\"es_ES\" \/>\n<meta property=\"og:type\" content=\"article\" \/>\n<meta property=\"og:title\" content=\"Kolibrie\" \/>\n<meta property=\"og:description\" content=\"Nuestros toldos vela triangulares no son un simple toldo sombrilla para exteriores, sino un verdadero objeto de dise\u00f1o. \u00a1Desc\u00fabralo!\" \/>\n<meta property=\"og:url\" content=\"https:\/\/www.keoutdoordesign.com\/es-es\/toldos-vela\/kolibrie\/\" \/>\n<meta property=\"og:site_name\" content=\"KE Outdoor Design\" \/>\n<meta property=\"article:publisher\" content=\"https:\/\/www.facebook.com\/keoutdoordesign.us\" \/>\n<meta property=\"article:modified_time\" content=\"2025-02-21T16:20:20+00:00\" \/>\n<meta property=\"og:image\" content=\"https:\/\/www.keoutdoordesign.com\/wp-content\/uploads\/2019\/05\/Kolibrie_sito_1.jpg\" \/>\n\t<meta property=\"og:image:width\" content=\"2000\" \/>\n\t<meta property=\"og:image:height\" content=\"1334\" \/>\n\t<meta property=\"og:image:type\" content=\"image\/jpeg\" \/>\n<meta name=\"twitter:card\" content=\"summary_large_image\" \/>\n<meta name=\"twitter:site\" content=\"@keoutdoordesign\" \/>\n<script type=\"application\/ld+json\" class=\"yoast-schema-graph\">{\"@context\":\"https:\\\/\\\/schema.org\",\"@graph\":[{\"@type\":\"WebPage\",\"@id\":\"https:\\\/\\\/www.keoutdoordesign.com\\\/es-es\\\/toldos-vela\\\/kolibrie\\\/\",\"url\":\"https:\\\/\\\/www.keoutdoordesign.com\\\/es-es\\\/toldos-vela\\\/kolibrie\\\/\",\"name\":\"Toldos Vela Triangulares - Kolibrie | KE Outdoor Design\",\"isPartOf\":{\"@id\":\"https:\\\/\\\/www.keoutdoordesign.com\\\/it-it\\\/#website\"},\"primaryImageOfPage\":{\"@id\":\"https:\\\/\\\/www.keoutdoordesign.com\\\/es-es\\\/toldos-vela\\\/kolibrie\\\/#primaryimage\"},\"image\":{\"@id\":\"https:\\\/\\\/www.keoutdoordesign.com\\\/es-es\\\/toldos-vela\\\/kolibrie\\\/#primaryimage\"},\"thumbnailUrl\":\"https:\\\/\\\/www.keoutdoordesign.com\\\/wp-content\\\/uploads\\\/2019\\\/05\\\/Kolibrie_sito_1.jpg\",\"datePublished\":\"2019-06-07T10:53:17+00:00\",\"dateModified\":\"2025-02-21T16:20:20+00:00\",\"description\":\"Nuestros toldos vela triangulares no son un simple toldo sombrilla para exteriores, sino un verdadero objeto de dise\u00f1o. \u00a1Desc\u00fabralo!\",\"breadcrumb\":{\"@id\":\"https:\\\/\\\/www.keoutdoordesign.com\\\/es-es\\\/toldos-vela\\\/kolibrie\\\/#breadcrumb\"},\"inLanguage\":\"es\",\"potentialAction\":[{\"@type\":\"ReadAction\",\"target\":[\"https:\\\/\\\/www.keoutdoordesign.com\\\/es-es\\\/toldos-vela\\\/kolibrie\\\/\"]}]},{\"@type\":\"ImageObject\",\"inLanguage\":\"es\",\"@id\":\"https:\\\/\\\/www.keoutdoordesign.com\\\/es-es\\\/toldos-vela\\\/kolibrie\\\/#primaryimage\",\"url\":\"https:\\\/\\\/www.keoutdoordesign.com\\\/wp-content\\\/uploads\\\/2019\\\/05\\\/Kolibrie_sito_1.jpg\",\"contentUrl\":\"https:\\\/\\\/www.keoutdoordesign.com\\\/wp-content\\\/uploads\\\/2019\\\/05\\\/Kolibrie_sito_1.jpg\",\"width\":2000,\"height\":1334,\"caption\":\"vela-ombreggiante-ke-kolibrie\"},{\"@type\":\"BreadcrumbList\",\"@id\":\"https:\\\/\\\/www.keoutdoordesign.com\\\/es-es\\\/toldos-vela\\\/kolibrie\\\/#breadcrumb\",\"itemListElement\":[{\"@type\":\"ListItem\",\"position\":1,\"name\":\"Home\",\"item\":\"https:\\\/\\\/www.keoutdoordesign.com\\\/es-es\\\/\"},{\"@type\":\"ListItem\",\"position\":2,\"name\":\"Velas\",\"item\":\"https:\\\/\\\/www.keoutdoordesign.com\\\/es-es\\\/toldos-vela\\\/\"},{\"@type\":\"ListItem\",\"position\":3,\"name\":\"Kolibrie\"}]},{\"@type\":\"WebSite\",\"@id\":\"https:\\\/\\\/www.keoutdoordesign.com\\\/it-it\\\/#website\",\"url\":\"https:\\\/\\\/www.keoutdoordesign.com\\\/it-it\\\/\",\"name\":\"KE Outdoor Design\",\"description\":\"Un nuovo sito targato WordPress\",\"publisher\":{\"@id\":\"https:\\\/\\\/www.keoutdoordesign.com\\\/it-it\\\/#organization\"},\"potentialAction\":[{\"@type\":\"SearchAction\",\"target\":{\"@type\":\"EntryPoint\",\"urlTemplate\":\"https:\\\/\\\/www.keoutdoordesign.com\\\/it-it\\\/?s={search_term_string}\"},\"query-input\":{\"@type\":\"PropertyValueSpecification\",\"valueRequired\":true,\"valueName\":\"search_term_string\"}}],\"inLanguage\":\"es\"},{\"@type\":\"Organization\",\"@id\":\"https:\\\/\\\/www.keoutdoordesign.com\\\/it-it\\\/#organization\",\"name\":\"KE Outdoor Design\",\"url\":\"https:\\\/\\\/www.keoutdoordesign.com\\\/it-it\\\/\",\"logo\":{\"@type\":\"ImageObject\",\"inLanguage\":\"es\",\"@id\":\"https:\\\/\\\/www.keoutdoordesign.com\\\/it-it\\\/#\\\/schema\\\/logo\\\/image\\\/\",\"url\":\"https:\\\/\\\/www.keoutdoordesign.com\\\/wp-content\\\/uploads\\\/2020\\\/02\\\/KE-logo-Primary-e1591282842174.jpg\",\"contentUrl\":\"https:\\\/\\\/www.keoutdoordesign.com\\\/wp-content\\\/uploads\\\/2020\\\/02\\\/KE-logo-Primary-e1591282842174.jpg\",\"width\":500,\"height\":396,\"caption\":\"KE Outdoor Design\"},\"image\":{\"@id\":\"https:\\\/\\\/www.keoutdoordesign.com\\\/it-it\\\/#\\\/schema\\\/logo\\\/image\\\/\"},\"sameAs\":[\"https:\\\/\\\/www.facebook.com\\\/keoutdoordesign.us\",\"https:\\\/\\\/x.com\\\/keoutdoordesign\",\"https:\\\/\\\/www.facebook.com\\\/keoutdoordesign\",\"https:\\\/\\\/www.youtube.com\\\/channel\\\/UCSoMQryJpLqD53bAoZLg2Vg\",\"https:\\\/\\\/www.pinterest.it\\\/keoutdoordesign\\\/\",\"https:\\\/\\\/www.instagram.com\\\/keoutdoordesign\\\/\",\"https:\\\/\\\/www.linkedin.com\\\/company\\\/ke-outdoor-design\\\/\"]}]}<\/script>\n<!-- \/ Yoast SEO Premium plugin. -->","yoast_head_json":{"title":"Toldos Vela Triangulares - Kolibrie | KE Outdoor Design","description":"Nuestros toldos vela triangulares no son un simple toldo sombrilla para exteriores, sino un verdadero objeto de dise\u00f1o. \u00a1Desc\u00fabralo!","robots":{"index":"index","follow":"follow","max-snippet":"max-snippet:-1","max-image-preview":"max-image-preview:large","max-video-preview":"max-video-preview:-1"},"canonical":"https:\/\/www.keoutdoordesign.com\/es-es\/toldos-vela\/kolibrie\/","og_locale":"es_ES","og_type":"article","og_title":"Kolibrie","og_description":"Nuestros toldos vela triangulares no son un simple toldo sombrilla para exteriores, sino un verdadero objeto de dise\u00f1o. \u00a1Desc\u00fabralo!","og_url":"https:\/\/www.keoutdoordesign.com\/es-es\/toldos-vela\/kolibrie\/","og_site_name":"KE Outdoor Design","article_publisher":"https:\/\/www.facebook.com\/keoutdoordesign.us","article_modified_time":"2025-02-21T16:20:20+00:00","og_image":[{"width":2000,"height":1334,"url":"https:\/\/www.keoutdoordesign.com\/wp-content\/uploads\/2019\/05\/Kolibrie_sito_1.jpg","type":"image\/jpeg"}],"twitter_card":"summary_large_image","twitter_site":"@keoutdoordesign","schema":{"@context":"https:\/\/schema.org","@graph":[{"@type":"WebPage","@id":"https:\/\/www.keoutdoordesign.com\/es-es\/toldos-vela\/kolibrie\/","url":"https:\/\/www.keoutdoordesign.com\/es-es\/toldos-vela\/kolibrie\/","name":"Toldos Vela Triangulares - Kolibrie | KE Outdoor Design","isPartOf":{"@id":"https:\/\/www.keoutdoordesign.com\/it-it\/#website"},"primaryImageOfPage":{"@id":"https:\/\/www.keoutdoordesign.com\/es-es\/toldos-vela\/kolibrie\/#primaryimage"},"image":{"@id":"https:\/\/www.keoutdoordesign.com\/es-es\/toldos-vela\/kolibrie\/#primaryimage"},"thumbnailUrl":"https:\/\/www.keoutdoordesign.com\/wp-content\/uploads\/2019\/05\/Kolibrie_sito_1.jpg","datePublished":"2019-06-07T10:53:17+00:00","dateModified":"2025-02-21T16:20:20+00:00","description":"Nuestros toldos vela triangulares no son un simple toldo sombrilla para exteriores, sino un verdadero objeto de dise\u00f1o. \u00a1Desc\u00fabralo!","breadcrumb":{"@id":"https:\/\/www.keoutdoordesign.com\/es-es\/toldos-vela\/kolibrie\/#breadcrumb"},"inLanguage":"es","potentialAction":[{"@type":"ReadAction","target":["https:\/\/www.keoutdoordesign.com\/es-es\/toldos-vela\/kolibrie\/"]}]},{"@type":"ImageObject","inLanguage":"es","@id":"https:\/\/www.keoutdoordesign.com\/es-es\/toldos-vela\/kolibrie\/#primaryimage","url":"https:\/\/www.keoutdoordesign.com\/wp-content\/uploads\/2019\/05\/Kolibrie_sito_1.jpg","contentUrl":"https:\/\/www.keoutdoordesign.com\/wp-content\/uploads\/2019\/05\/Kolibrie_sito_1.jpg","width":2000,"height":1334,"caption":"vela-ombreggiante-ke-kolibrie"},{"@type":"BreadcrumbList","@id":"https:\/\/www.keoutdoordesign.com\/es-es\/toldos-vela\/kolibrie\/#breadcrumb","itemListElement":[{"@type":"ListItem","position":1,"name":"Home","item":"https:\/\/www.keoutdoordesign.com\/es-es\/"},{"@type":"ListItem","position":2,"name":"Velas","item":"https:\/\/www.keoutdoordesign.com\/es-es\/toldos-vela\/"},{"@type":"ListItem","position":3,"name":"Kolibrie"}]},{"@type":"WebSite","@id":"https:\/\/www.keoutdoordesign.com\/it-it\/#website","url":"https:\/\/www.keoutdoordesign.com\/it-it\/","name":"KE Outdoor Design","description":"Un nuovo sito targato WordPress","publisher":{"@id":"https:\/\/www.keoutdoordesign.com\/it-it\/#organization"},"potentialAction":[{"@type":"SearchAction","target":{"@type":"EntryPoint","urlTemplate":"https:\/\/www.keoutdoordesign.com\/it-it\/?s={search_term_string}"},"query-input":{"@type":"PropertyValueSpecification","valueRequired":true,"valueName":"search_term_string"}}],"inLanguage":"es"},{"@type":"Organization","@id":"https:\/\/www.keoutdoordesign.com\/it-it\/#organization","name":"KE Outdoor Design","url":"https:\/\/www.keoutdoordesign.com\/it-it\/","logo":{"@type":"ImageObject","inLanguage":"es","@id":"https:\/\/www.keoutdoordesign.com\/it-it\/#\/schema\/logo\/image\/","url":"https:\/\/www.keoutdoordesign.com\/wp-content\/uploads\/2020\/02\/KE-logo-Primary-e1591282842174.jpg","contentUrl":"https:\/\/www.keoutdoordesign.com\/wp-content\/uploads\/2020\/02\/KE-logo-Primary-e1591282842174.jpg","width":500,"height":396,"caption":"KE Outdoor Design"},"image":{"@id":"https:\/\/www.keoutdoordesign.com\/it-it\/#\/schema\/logo\/image\/"},"sameAs":["https:\/\/www.facebook.com\/keoutdoordesign.us","https:\/\/x.com\/keoutdoordesign","https:\/\/www.facebook.com\/keoutdoordesign","https:\/\/www.youtube.com\/channel\/UCSoMQryJpLqD53bAoZLg2Vg","https:\/\/www.pinterest.it\/keoutdoordesign\/","https:\/\/www.instagram.com\/keoutdoordesign\/","https:\/\/www.linkedin.com\/company\/ke-outdoor-design\/"]}]}},"_links":{"self":[{"href":"https:\/\/www.keoutdoordesign.com\/es-es\/wp-json\/wp\/v2\/pages\/4790","targetHints":{"allow":["GET"]}}],"collection":[{"href":"https:\/\/www.keoutdoordesign.com\/es-es\/wp-json\/wp\/v2\/pages"}],"about":[{"href":"https:\/\/www.keoutdoordesign.com\/es-es\/wp-json\/wp\/v2\/types\/page"}],"author":[{"embeddable":true,"href":"https:\/\/www.keoutdoordesign.com\/es-es\/wp-json\/wp\/v2\/users\/10608"}],"replies":[{"embeddable":true,"href":"https:\/\/www.keoutdoordesign.com\/es-es\/wp-json\/wp\/v2\/comments?post=4790"}],"version-history":[{"count":15,"href":"https:\/\/www.keoutdoordesign.com\/es-es\/wp-json\/wp\/v2\/pages\/4790\/revisions"}],"predecessor-version":[{"id":104900,"href":"https:\/\/www.keoutdoordesign.com\/es-es\/wp-json\/wp\/v2\/pages\/4790\/revisions\/104900"}],"up":[{"embeddable":true,"href":"https:\/\/www.keoutdoordesign.com\/es-es\/wp-json\/wp\/v2\/pages\/4784"}],"wp:featuredmedia":[{"embeddable":true,"href":"https:\/\/www.keoutdoordesign.com\/es-es\/wp-json\/wp\/v2\/media\/2520"}],"wp:attachment":[{"href":"https:\/\/www.keoutdoordesign.com\/es-es\/wp-json\/wp\/v2\/media?parent=4790"}],"curies":[{"name":"wp","href":"https:\/\/api.w.org\/{rel}","templated":true}]}}