{"id":4784,"date":"2019-06-07T12:52:53","date_gmt":"2019-06-07T10:52:53","guid":{"rendered":"http:\/\/ke.localhost.it\/?page_id=4784"},"modified":"2023-07-19T15:57:16","modified_gmt":"2023-07-19T13:57:16","slug":"toldos-vela","status":"publish","type":"page","link":"https:\/\/www.keoutdoordesign.com\/es-es\/toldos-vela\/","title":{"rendered":"Velas"},"content":{"rendered":"<h2><b>Descubre la l\u00ednea de <\/b><b>toldo vela a medida<\/b><b> impermeable para tus espacios exteriores<\/b><\/h2>\n<p><span style=\"font-weight: 400;\">Los<\/span> <b>toldos vela a medida<\/b><span style=\"font-weight: 400;\"> se sujetan mediante ligeras estructuras y proporcionan confort y relax. Se basan en la fusi\u00f3n entre <\/span><b>innovaci\u00f3n tecnol\u00f3gica y estilos est\u00e9ticos contempor\u00e1neos<\/b><span style=\"font-weight: 400;\">. Todo gracias a la evoluci\u00f3n de los materiales y a los m\u00e9todos de fabricaci\u00f3n n\u00e1uticos.<\/span><\/p>\n<p><span style=\"font-weight: 400;\">Los <\/span><b>toldos vela para terrazas<\/b><span style=\"font-weight: 400;\"> se pueden poner en el techo, en la pared o mediante estructuras autoportantes. En cualquier caso, se fabrican a medida y cada m\u00f3dulo puede cubrir una superficie de hasta 7\u00d77 metros.<\/span><\/p>\n<p><b>La personalizaci\u00f3n de los <\/b><b>toldos vela para terrazas<\/b><b> impermeables<\/b><span style=\"font-weight: 400;\"> es total y le permitir\u00e1n cambiar radicalmente la imagen de cualquier espacio exterior. Por ejemplo, gracias al modelo Kheope Roller, es posible variar la inclinaci\u00f3n de la vela en todos los \u00e1ngulos posibles para garantizar el confort en cualquier situaci\u00f3n.<\/span><\/p>\n<p><span style=\"font-weight: 400;\">Adem\u00e1s, los modelos Kolibrie son ajustables en \u00e1ngulos de 360\u00ba y emplean telas n\u00e1uticas <\/span><b>perfectas para entornos mar\u00edtimos<\/b><span style=\"font-weight: 400;\"> con altos \u00edndices de humedad y sal.<\/span><\/p>\n<p><span style=\"font-weight: 400;\">Los <\/span><b>toldos vela para terrazas<\/b><b> impermeable para sombras se convertir\u00e1n en protagonistas de su jard\u00edn, terraza o piscina gracias a su sencillez y funcionalidad<\/b><span style=\"font-weight: 400;\">. Adem\u00e1s, los modelos automatizados cuentan con un anem\u00f3metro que pliega la vela autom\u00e1ticamente en caso de detectar fuertes rachas de viento.<\/span><\/p>\n<h2><\/h2>\n","protected":false},"excerpt":{"rendered":"<p>Descubre la l\u00ednea de toldo vela a medida impermeable para tus espacios exteriores Los toldos vela a medida se sujetan&hellip;<\/p>\n","protected":false},"author":10608,"featured_media":40097,"parent":0,"menu_order":17,"comment_status":"closed","ping_status":"closed","template":"page-templates\/category-products.php","meta":{"_acf_changed":false,"footnotes":""},"class_list":["post-4784","page","type-page","status-publish","has-post-thumbnail","hentry"],"acf":[],"yoast_head":"<!-- This site is optimized with the Yoast SEO Premium plugin v20.12 (Yoast SEO v27.3) - https:\/\/yoast.com\/product\/yoast-seo-premium-wordpress\/ -->\n<title>Toldo Vela a Medida | KE Outdoor Design<\/title>\n<meta name=\"description\" content=\"Nuestros toldos vela para terrazas se basan en la fusi\u00f3n entre innovaci\u00f3n tecnol\u00f3gica y estilos est\u00e9ticos contempor\u00e1neos. \u00a1No dude en consultarnos!\" \/>\n<meta name=\"robots\" content=\"index, follow, max-snippet:-1, max-image-preview:large, max-video-preview:-1\" \/>\n<link rel=\"canonical\" href=\"https:\/\/www.keoutdoordesign.com\/es-es\/toldos-vela\/\" \/>\n<meta property=\"og:locale\" content=\"es_ES\" \/>\n<meta property=\"og:type\" content=\"article\" \/>\n<meta property=\"og:title\" content=\"Velas\" \/>\n<meta property=\"og:description\" content=\"Nuestros toldos vela para terrazas se basan en la fusi\u00f3n entre innovaci\u00f3n tecnol\u00f3gica y estilos est\u00e9ticos contempor\u00e1neos. \u00a1No dude en consultarnos!\" \/>\n<meta property=\"og:url\" content=\"https:\/\/www.keoutdoordesign.com\/es-es\/toldos-vela\/\" \/>\n<meta property=\"og:site_name\" content=\"KE Outdoor Design\" \/>\n<meta property=\"article:publisher\" content=\"https:\/\/www.facebook.com\/keoutdoordesign.us\" \/>\n<meta property=\"article:modified_time\" content=\"2023-07-19T13:57:16+00:00\" \/>\n<meta property=\"og:image\" content=\"https:\/\/www.keoutdoordesign.com\/wp-content\/uploads\/2021\/08\/white-retractable-shade-sail-kolibrie-ke-outdoor-design-2.jpg\" \/>\n\t<meta property=\"og:image:width\" content=\"1200\" \/>\n\t<meta property=\"og:image:height\" content=\"675\" \/>\n\t<meta property=\"og:image:type\" content=\"image\/jpeg\" \/>\n<meta name=\"twitter:card\" content=\"summary_large_image\" \/>\n<meta name=\"twitter:site\" content=\"@keoutdoordesign\" \/>\n<script type=\"application\/ld+json\" class=\"yoast-schema-graph\">{\"@context\":\"https:\\\/\\\/schema.org\",\"@graph\":[{\"@type\":\"WebPage\",\"@id\":\"https:\\\/\\\/www.keoutdoordesign.com\\\/es-es\\\/toldos-vela\\\/\",\"url\":\"https:\\\/\\\/www.keoutdoordesign.com\\\/es-es\\\/toldos-vela\\\/\",\"name\":\"Toldo Vela a Medida | KE Outdoor Design\",\"isPartOf\":{\"@id\":\"https:\\\/\\\/www.keoutdoordesign.com\\\/it-it\\\/#website\"},\"primaryImageOfPage\":{\"@id\":\"https:\\\/\\\/www.keoutdoordesign.com\\\/es-es\\\/toldos-vela\\\/#primaryimage\"},\"image\":{\"@id\":\"https:\\\/\\\/www.keoutdoordesign.com\\\/es-es\\\/toldos-vela\\\/#primaryimage\"},\"thumbnailUrl\":\"https:\\\/\\\/www.keoutdoordesign.com\\\/wp-content\\\/uploads\\\/2021\\\/08\\\/white-retractable-shade-sail-kolibrie-ke-outdoor-design-2.jpg\",\"datePublished\":\"2019-06-07T10:52:53+00:00\",\"dateModified\":\"2023-07-19T13:57:16+00:00\",\"description\":\"Nuestros toldos vela para terrazas se basan en la fusi\u00f3n entre innovaci\u00f3n tecnol\u00f3gica y estilos est\u00e9ticos contempor\u00e1neos. \u00a1No dude en consultarnos!\",\"breadcrumb\":{\"@id\":\"https:\\\/\\\/www.keoutdoordesign.com\\\/es-es\\\/toldos-vela\\\/#breadcrumb\"},\"inLanguage\":\"es\",\"potentialAction\":[{\"@type\":\"ReadAction\",\"target\":[\"https:\\\/\\\/www.keoutdoordesign.com\\\/es-es\\\/toldos-vela\\\/\"]}]},{\"@type\":\"ImageObject\",\"inLanguage\":\"es\",\"@id\":\"https:\\\/\\\/www.keoutdoordesign.com\\\/es-es\\\/toldos-vela\\\/#primaryimage\",\"url\":\"https:\\\/\\\/www.keoutdoordesign.com\\\/wp-content\\\/uploads\\\/2021\\\/08\\\/white-retractable-shade-sail-kolibrie-ke-outdoor-design-2.jpg\",\"contentUrl\":\"https:\\\/\\\/www.keoutdoordesign.com\\\/wp-content\\\/uploads\\\/2021\\\/08\\\/white-retractable-shade-sail-kolibrie-ke-outdoor-design-2.jpg\",\"width\":1200,\"height\":675,\"caption\":\"white-retractable-shade-sail-kolibrie-ke-outdoor-design-2\"},{\"@type\":\"BreadcrumbList\",\"@id\":\"https:\\\/\\\/www.keoutdoordesign.com\\\/es-es\\\/toldos-vela\\\/#breadcrumb\",\"itemListElement\":[{\"@type\":\"ListItem\",\"position\":1,\"name\":\"Home\",\"item\":\"https:\\\/\\\/www.keoutdoordesign.com\\\/es-es\\\/\"},{\"@type\":\"ListItem\",\"position\":2,\"name\":\"Velas\"}]},{\"@type\":\"WebSite\",\"@id\":\"https:\\\/\\\/www.keoutdoordesign.com\\\/it-it\\\/#website\",\"url\":\"https:\\\/\\\/www.keoutdoordesign.com\\\/it-it\\\/\",\"name\":\"KE Outdoor Design\",\"description\":\"Un nuovo sito targato WordPress\",\"publisher\":{\"@id\":\"https:\\\/\\\/www.keoutdoordesign.com\\\/it-it\\\/#organization\"},\"potentialAction\":[{\"@type\":\"SearchAction\",\"target\":{\"@type\":\"EntryPoint\",\"urlTemplate\":\"https:\\\/\\\/www.keoutdoordesign.com\\\/it-it\\\/?s={search_term_string}\"},\"query-input\":{\"@type\":\"PropertyValueSpecification\",\"valueRequired\":true,\"valueName\":\"search_term_string\"}}],\"inLanguage\":\"es\"},{\"@type\":\"Organization\",\"@id\":\"https:\\\/\\\/www.keoutdoordesign.com\\\/it-it\\\/#organization\",\"name\":\"KE Outdoor Design\",\"url\":\"https:\\\/\\\/www.keoutdoordesign.com\\\/it-it\\\/\",\"logo\":{\"@type\":\"ImageObject\",\"inLanguage\":\"es\",\"@id\":\"https:\\\/\\\/www.keoutdoordesign.com\\\/it-it\\\/#\\\/schema\\\/logo\\\/image\\\/\",\"url\":\"https:\\\/\\\/www.keoutdoordesign.com\\\/wp-content\\\/uploads\\\/2020\\\/02\\\/KE-logo-Primary-e1591282842174.jpg\",\"contentUrl\":\"https:\\\/\\\/www.keoutdoordesign.com\\\/wp-content\\\/uploads\\\/2020\\\/02\\\/KE-logo-Primary-e1591282842174.jpg\",\"width\":500,\"height\":396,\"caption\":\"KE Outdoor Design\"},\"image\":{\"@id\":\"https:\\\/\\\/www.keoutdoordesign.com\\\/it-it\\\/#\\\/schema\\\/logo\\\/image\\\/\"},\"sameAs\":[\"https:\\\/\\\/www.facebook.com\\\/keoutdoordesign.us\",\"https:\\\/\\\/x.com\\\/keoutdoordesign\",\"https:\\\/\\\/www.facebook.com\\\/keoutdoordesign\",\"https:\\\/\\\/www.youtube.com\\\/channel\\\/UCSoMQryJpLqD53bAoZLg2Vg\",\"https:\\\/\\\/www.pinterest.it\\\/keoutdoordesign\\\/\",\"https:\\\/\\\/www.instagram.com\\\/keoutdoordesign\\\/\",\"https:\\\/\\\/www.linkedin.com\\\/company\\\/ke-outdoor-design\\\/\"]}]}<\/script>\n<!-- \/ Yoast SEO Premium plugin. -->","yoast_head_json":{"title":"Toldo Vela a Medida | KE Outdoor Design","description":"Nuestros toldos vela para terrazas se basan en la fusi\u00f3n entre innovaci\u00f3n tecnol\u00f3gica y estilos est\u00e9ticos contempor\u00e1neos. \u00a1No dude en consultarnos!","robots":{"index":"index","follow":"follow","max-snippet":"max-snippet:-1","max-image-preview":"max-image-preview:large","max-video-preview":"max-video-preview:-1"},"canonical":"https:\/\/www.keoutdoordesign.com\/es-es\/toldos-vela\/","og_locale":"es_ES","og_type":"article","og_title":"Velas","og_description":"Nuestros toldos vela para terrazas se basan en la fusi\u00f3n entre innovaci\u00f3n tecnol\u00f3gica y estilos est\u00e9ticos contempor\u00e1neos. \u00a1No dude en consultarnos!","og_url":"https:\/\/www.keoutdoordesign.com\/es-es\/toldos-vela\/","og_site_name":"KE Outdoor Design","article_publisher":"https:\/\/www.facebook.com\/keoutdoordesign.us","article_modified_time":"2023-07-19T13:57:16+00:00","og_image":[{"width":1200,"height":675,"url":"https:\/\/www.keoutdoordesign.com\/wp-content\/uploads\/2021\/08\/white-retractable-shade-sail-kolibrie-ke-outdoor-design-2.jpg","type":"image\/jpeg"}],"twitter_card":"summary_large_image","twitter_site":"@keoutdoordesign","schema":{"@context":"https:\/\/schema.org","@graph":[{"@type":"WebPage","@id":"https:\/\/www.keoutdoordesign.com\/es-es\/toldos-vela\/","url":"https:\/\/www.keoutdoordesign.com\/es-es\/toldos-vela\/","name":"Toldo Vela a Medida | KE Outdoor Design","isPartOf":{"@id":"https:\/\/www.keoutdoordesign.com\/it-it\/#website"},"primaryImageOfPage":{"@id":"https:\/\/www.keoutdoordesign.com\/es-es\/toldos-vela\/#primaryimage"},"image":{"@id":"https:\/\/www.keoutdoordesign.com\/es-es\/toldos-vela\/#primaryimage"},"thumbnailUrl":"https:\/\/www.keoutdoordesign.com\/wp-content\/uploads\/2021\/08\/white-retractable-shade-sail-kolibrie-ke-outdoor-design-2.jpg","datePublished":"2019-06-07T10:52:53+00:00","dateModified":"2023-07-19T13:57:16+00:00","description":"Nuestros toldos vela para terrazas se basan en la fusi\u00f3n entre innovaci\u00f3n tecnol\u00f3gica y estilos est\u00e9ticos contempor\u00e1neos. \u00a1No dude en consultarnos!","breadcrumb":{"@id":"https:\/\/www.keoutdoordesign.com\/es-es\/toldos-vela\/#breadcrumb"},"inLanguage":"es","potentialAction":[{"@type":"ReadAction","target":["https:\/\/www.keoutdoordesign.com\/es-es\/toldos-vela\/"]}]},{"@type":"ImageObject","inLanguage":"es","@id":"https:\/\/www.keoutdoordesign.com\/es-es\/toldos-vela\/#primaryimage","url":"https:\/\/www.keoutdoordesign.com\/wp-content\/uploads\/2021\/08\/white-retractable-shade-sail-kolibrie-ke-outdoor-design-2.jpg","contentUrl":"https:\/\/www.keoutdoordesign.com\/wp-content\/uploads\/2021\/08\/white-retractable-shade-sail-kolibrie-ke-outdoor-design-2.jpg","width":1200,"height":675,"caption":"white-retractable-shade-sail-kolibrie-ke-outdoor-design-2"},{"@type":"BreadcrumbList","@id":"https:\/\/www.keoutdoordesign.com\/es-es\/toldos-vela\/#breadcrumb","itemListElement":[{"@type":"ListItem","position":1,"name":"Home","item":"https:\/\/www.keoutdoordesign.com\/es-es\/"},{"@type":"ListItem","position":2,"name":"Velas"}]},{"@type":"WebSite","@id":"https:\/\/www.keoutdoordesign.com\/it-it\/#website","url":"https:\/\/www.keoutdoordesign.com\/it-it\/","name":"KE Outdoor Design","description":"Un nuovo sito targato WordPress","publisher":{"@id":"https:\/\/www.keoutdoordesign.com\/it-it\/#organization"},"potentialAction":[{"@type":"SearchAction","target":{"@type":"EntryPoint","urlTemplate":"https:\/\/www.keoutdoordesign.com\/it-it\/?s={search_term_string}"},"query-input":{"@type":"PropertyValueSpecification","valueRequired":true,"valueName":"search_term_string"}}],"inLanguage":"es"},{"@type":"Organization","@id":"https:\/\/www.keoutdoordesign.com\/it-it\/#organization","name":"KE Outdoor Design","url":"https:\/\/www.keoutdoordesign.com\/it-it\/","logo":{"@type":"ImageObject","inLanguage":"es","@id":"https:\/\/www.keoutdoordesign.com\/it-it\/#\/schema\/logo\/image\/","url":"https:\/\/www.keoutdoordesign.com\/wp-content\/uploads\/2020\/02\/KE-logo-Primary-e1591282842174.jpg","contentUrl":"https:\/\/www.keoutdoordesign.com\/wp-content\/uploads\/2020\/02\/KE-logo-Primary-e1591282842174.jpg","width":500,"height":396,"caption":"KE Outdoor Design"},"image":{"@id":"https:\/\/www.keoutdoordesign.com\/it-it\/#\/schema\/logo\/image\/"},"sameAs":["https:\/\/www.facebook.com\/keoutdoordesign.us","https:\/\/x.com\/keoutdoordesign","https:\/\/www.facebook.com\/keoutdoordesign","https:\/\/www.youtube.com\/channel\/UCSoMQryJpLqD53bAoZLg2Vg","https:\/\/www.pinterest.it\/keoutdoordesign\/","https:\/\/www.instagram.com\/keoutdoordesign\/","https:\/\/www.linkedin.com\/company\/ke-outdoor-design\/"]}]}},"_links":{"self":[{"href":"https:\/\/www.keoutdoordesign.com\/es-es\/wp-json\/wp\/v2\/pages\/4784","targetHints":{"allow":["GET"]}}],"collection":[{"href":"https:\/\/www.keoutdoordesign.com\/es-es\/wp-json\/wp\/v2\/pages"}],"about":[{"href":"https:\/\/www.keoutdoordesign.com\/es-es\/wp-json\/wp\/v2\/types\/page"}],"author":[{"embeddable":true,"href":"https:\/\/www.keoutdoordesign.com\/es-es\/wp-json\/wp\/v2\/users\/10608"}],"replies":[{"embeddable":true,"href":"https:\/\/www.keoutdoordesign.com\/es-es\/wp-json\/wp\/v2\/comments?post=4784"}],"version-history":[{"count":10,"href":"https:\/\/www.keoutdoordesign.com\/es-es\/wp-json\/wp\/v2\/pages\/4784\/revisions"}],"predecessor-version":[{"id":60826,"href":"https:\/\/www.keoutdoordesign.com\/es-es\/wp-json\/wp\/v2\/pages\/4784\/revisions\/60826"}],"wp:featuredmedia":[{"embeddable":true,"href":"https:\/\/www.keoutdoordesign.com\/es-es\/wp-json\/wp\/v2\/media\/40097"}],"wp:attachment":[{"href":"https:\/\/www.keoutdoordesign.com\/es-es\/wp-json\/wp\/v2\/media?parent=4784"}],"curies":[{"name":"wp","href":"https:\/\/api.w.org\/{rel}","templated":true}]}}