{"id":4774,"date":"2019-06-07T12:51:43","date_gmt":"2019-06-07T10:51:43","guid":{"rendered":"http:\/\/ke.localhost.it\/?page_id=4774"},"modified":"2026-02-23T16:14:10","modified_gmt":"2026-02-23T15:14:10","slug":"kedry-prime","status":"publish","type":"page","link":"https:\/\/www.keoutdoordesign.com\/es-es\/pergola-gennius\/pergolas-bioclimaticas\/kedry-prime\/","title":{"rendered":"Kedry Prime"},"content":{"rendered":"<h3><strong>P\u00e9rgola Bioclim\u00e1tica Lamas M\u00f3viles Kedry Prime<\/strong><\/h3>\n<p><span style=\"font-weight: 400;\">Innovaci\u00f3n y dise\u00f1o refinado, amplitud y transversalidad de la oferta, flexibilidad en la gesti\u00f3n del \u201ca medida\u201d y soluciones especiales, estas son las caracter\u00edsticas ganadoras <\/span><b>de la p\u00e9rgola lamas orientables de la<\/b> <b>gama KEDRY<\/b><span style=\"font-weight: 400;\">, que se ampl\u00edan posteriormente con el lanzamiento de la nueva <\/span><b>p\u00e9rgola bioclim\u00e1tica lamas orientables KEDRY PRIME<\/b><span style=\"font-weight: 400;\"> con estructura de aluminio, capaz de proteger de los rayos solares, del viento, de la humedad y, gracias a un cuidadoso dise\u00f1o de los elementos m\u00f3viles, tambi\u00e9n protege con gran eficacia en caso de lluvia. <\/span><\/p>\n<p>De f\u00e1cil instalaci\u00f3n y gracias a su modularidad, la pergola bioclimatica lamas orientables <strong>KEDRY PRIME<\/strong> se adapta a cada espacio: la estructura tiene un techo de l\u00e1minas con una est\u00e9tica m\u00e1s limpia y con menos obst\u00e1culos en altura y un <a href=\"\/?page_id=12933\"><strong>kit de luces leds integrado<\/strong><\/a> en el per\u00edmetro (opcional), que hacen que el producto sea altamente personalizable y poder as\u00ed responder a las exigencias m\u00e1s diversas.<\/p>\n<p>Esta p\u00e9rgola bioclim\u00e1tica con techo de aluminio puede estar cerrada con <strong>diversos tipos de sistemas acristalados<\/strong>, dise\u00f1ados para proteger de los agentes atmosf\u00e9ricos. Gracias al sistema <a href=\"\/?page_id=12930\"><strong>Vertika Prime<\/strong><\/a>, adem\u00e1s, puede estar cerrada perimetralmente con toldos verticales laterales y frontales. La variedad en la elecci\u00f3n de los tejidos (transparente, semi opaco y opaco) permite tener el nivel de protecci\u00f3n deseado; una vez cerrado el Vertika Gennius, el interior queda completamente oculto.<\/p>\n<p>Pero no es todo. Adem\u00e1s, se le puede a\u00f1adir cortinas ornamentales: un toque rom\u00e1ntico y encantador extra, que seguramente ser\u00e1 apreciado por quien busque un poco de privacidad o quien quiera una habitaci\u00f3n propiamente dicha.<\/p>\n","protected":false},"excerpt":{"rendered":"<p>P\u00e9rgola Bioclim\u00e1tica Lamas M\u00f3viles Kedry Prime Innovaci\u00f3n y dise\u00f1o refinado, amplitud y transversalidad de la oferta, flexibilidad en la gesti\u00f3n&hellip;<\/p>\n","protected":false},"author":10608,"featured_media":113486,"parent":4766,"menu_order":7,"comment_status":"closed","ping_status":"closed","template":"page-templates\/product.php","meta":{"_acf_changed":false,"footnotes":""},"class_list":["post-4774","page","type-page","status-publish","has-post-thumbnail","hentry"],"acf":[],"yoast_head":"<!-- This site is optimized with the Yoast SEO Premium plugin v20.12 (Yoast SEO v27.3) - https:\/\/yoast.com\/product\/yoast-seo-premium-wordpress\/ -->\n<title>P\u00e9rgola Bioclim\u00e1tica Lamas Orientables - Kedry Prime - KE Outdoor<\/title>\n<meta name=\"description\" content=\"Gracias al dise\u00f1o de los elementos m\u00f3viles, nuestras p\u00e9rgolas de lamas orientables protegen con gran eficacia en caso de lluvia. \u00a1Cons\u00faltenos!\" \/>\n<meta name=\"robots\" content=\"index, follow, max-snippet:-1, max-image-preview:large, max-video-preview:-1\" \/>\n<link rel=\"canonical\" href=\"https:\/\/www.keoutdoordesign.com\/es-es\/pergola-gennius\/pergolas-bioclimaticas\/kedry-prime\/\" \/>\n<meta property=\"og:locale\" content=\"es_ES\" \/>\n<meta property=\"og:type\" content=\"article\" \/>\n<meta property=\"og:title\" content=\"Kedry Prime\" \/>\n<meta property=\"og:description\" content=\"Gracias al dise\u00f1o de los elementos m\u00f3viles, nuestras p\u00e9rgolas de lamas orientables protegen con gran eficacia en caso de lluvia. \u00a1Cons\u00faltenos!\" \/>\n<meta property=\"og:url\" content=\"https:\/\/www.keoutdoordesign.com\/es-es\/pergola-gennius\/pergolas-bioclimaticas\/kedry-prime\/\" \/>\n<meta property=\"og:site_name\" content=\"KE Outdoor Design\" \/>\n<meta property=\"article:publisher\" content=\"https:\/\/www.facebook.com\/keoutdoordesign.us\" \/>\n<meta property=\"article:modified_time\" content=\"2026-02-23T15:14:10+00:00\" \/>\n<meta property=\"og:image\" content=\"https:\/\/www.keoutdoordesign.com\/wp-content\/uploads\/2025\/10\/KE-J44-19.jpg\" \/>\n\t<meta property=\"og:image:width\" content=\"1920\" \/>\n\t<meta property=\"og:image:height\" content=\"1277\" \/>\n\t<meta property=\"og:image:type\" content=\"image\/jpeg\" \/>\n<meta name=\"twitter:card\" content=\"summary_large_image\" \/>\n<meta name=\"twitter:site\" content=\"@keoutdoordesign\" \/>\n<script type=\"application\/ld+json\" class=\"yoast-schema-graph\">{\"@context\":\"https:\\\/\\\/schema.org\",\"@graph\":[{\"@type\":\"WebPage\",\"@id\":\"https:\\\/\\\/www.keoutdoordesign.com\\\/es-es\\\/pergola-gennius\\\/pergolas-bioclimaticas\\\/kedry-prime\\\/\",\"url\":\"https:\\\/\\\/www.keoutdoordesign.com\\\/es-es\\\/pergola-gennius\\\/pergolas-bioclimaticas\\\/kedry-prime\\\/\",\"name\":\"P\u00e9rgola Bioclim\u00e1tica Lamas Orientables - Kedry Prime - KE Outdoor\",\"isPartOf\":{\"@id\":\"https:\\\/\\\/www.keoutdoordesign.com\\\/it-it\\\/#website\"},\"primaryImageOfPage\":{\"@id\":\"https:\\\/\\\/www.keoutdoordesign.com\\\/es-es\\\/pergola-gennius\\\/pergolas-bioclimaticas\\\/kedry-prime\\\/#primaryimage\"},\"image\":{\"@id\":\"https:\\\/\\\/www.keoutdoordesign.com\\\/es-es\\\/pergola-gennius\\\/pergolas-bioclimaticas\\\/kedry-prime\\\/#primaryimage\"},\"thumbnailUrl\":\"https:\\\/\\\/www.keoutdoordesign.com\\\/wp-content\\\/uploads\\\/2025\\\/10\\\/KE-J44-19.jpg\",\"datePublished\":\"2019-06-07T10:51:43+00:00\",\"dateModified\":\"2026-02-23T15:14:10+00:00\",\"description\":\"Gracias al dise\u00f1o de los elementos m\u00f3viles, nuestras p\u00e9rgolas de lamas orientables protegen con gran eficacia en caso de lluvia. \u00a1Cons\u00faltenos!\",\"breadcrumb\":{\"@id\":\"https:\\\/\\\/www.keoutdoordesign.com\\\/es-es\\\/pergola-gennius\\\/pergolas-bioclimaticas\\\/kedry-prime\\\/#breadcrumb\"},\"inLanguage\":\"es\",\"potentialAction\":[{\"@type\":\"ReadAction\",\"target\":[\"https:\\\/\\\/www.keoutdoordesign.com\\\/es-es\\\/pergola-gennius\\\/pergolas-bioclimaticas\\\/kedry-prime\\\/\"]}]},{\"@type\":\"ImageObject\",\"inLanguage\":\"es\",\"@id\":\"https:\\\/\\\/www.keoutdoordesign.com\\\/es-es\\\/pergola-gennius\\\/pergolas-bioclimaticas\\\/kedry-prime\\\/#primaryimage\",\"url\":\"https:\\\/\\\/www.keoutdoordesign.com\\\/wp-content\\\/uploads\\\/2025\\\/10\\\/KE-J44-19.jpg\",\"contentUrl\":\"https:\\\/\\\/www.keoutdoordesign.com\\\/wp-content\\\/uploads\\\/2025\\\/10\\\/KE-J44-19.jpg\",\"width\":1920,\"height\":1277},{\"@type\":\"BreadcrumbList\",\"@id\":\"https:\\\/\\\/www.keoutdoordesign.com\\\/es-es\\\/pergola-gennius\\\/pergolas-bioclimaticas\\\/kedry-prime\\\/#breadcrumb\",\"itemListElement\":[{\"@type\":\"ListItem\",\"position\":1,\"name\":\"Home\",\"item\":\"https:\\\/\\\/www.keoutdoordesign.com\\\/es-es\\\/\"},{\"@type\":\"ListItem\",\"position\":2,\"name\":\"P\u00e9rgola Gennius\",\"item\":\"https:\\\/\\\/www.keoutdoordesign.com\\\/es-es\\\/pergola-gennius\\\/\"},{\"@type\":\"ListItem\",\"position\":3,\"name\":\"P\u00e9rgolas bioclim\u00e1ticas\",\"item\":\"https:\\\/\\\/www.keoutdoordesign.com\\\/es-es\\\/pergola-gennius\\\/pergolas-bioclimaticas\\\/\"},{\"@type\":\"ListItem\",\"position\":4,\"name\":\"Kedry Prime\"}]},{\"@type\":\"WebSite\",\"@id\":\"https:\\\/\\\/www.keoutdoordesign.com\\\/it-it\\\/#website\",\"url\":\"https:\\\/\\\/www.keoutdoordesign.com\\\/it-it\\\/\",\"name\":\"KE Outdoor Design\",\"description\":\"Un nuovo sito targato WordPress\",\"publisher\":{\"@id\":\"https:\\\/\\\/www.keoutdoordesign.com\\\/it-it\\\/#organization\"},\"potentialAction\":[{\"@type\":\"SearchAction\",\"target\":{\"@type\":\"EntryPoint\",\"urlTemplate\":\"https:\\\/\\\/www.keoutdoordesign.com\\\/it-it\\\/?s={search_term_string}\"},\"query-input\":{\"@type\":\"PropertyValueSpecification\",\"valueRequired\":true,\"valueName\":\"search_term_string\"}}],\"inLanguage\":\"es\"},{\"@type\":\"Organization\",\"@id\":\"https:\\\/\\\/www.keoutdoordesign.com\\\/it-it\\\/#organization\",\"name\":\"KE Outdoor Design\",\"url\":\"https:\\\/\\\/www.keoutdoordesign.com\\\/it-it\\\/\",\"logo\":{\"@type\":\"ImageObject\",\"inLanguage\":\"es\",\"@id\":\"https:\\\/\\\/www.keoutdoordesign.com\\\/it-it\\\/#\\\/schema\\\/logo\\\/image\\\/\",\"url\":\"https:\\\/\\\/www.keoutdoordesign.com\\\/wp-content\\\/uploads\\\/2020\\\/02\\\/KE-logo-Primary-e1591282842174.jpg\",\"contentUrl\":\"https:\\\/\\\/www.keoutdoordesign.com\\\/wp-content\\\/uploads\\\/2020\\\/02\\\/KE-logo-Primary-e1591282842174.jpg\",\"width\":500,\"height\":396,\"caption\":\"KE Outdoor Design\"},\"image\":{\"@id\":\"https:\\\/\\\/www.keoutdoordesign.com\\\/it-it\\\/#\\\/schema\\\/logo\\\/image\\\/\"},\"sameAs\":[\"https:\\\/\\\/www.facebook.com\\\/keoutdoordesign.us\",\"https:\\\/\\\/x.com\\\/keoutdoordesign\",\"https:\\\/\\\/www.facebook.com\\\/keoutdoordesign\",\"https:\\\/\\\/www.youtube.com\\\/channel\\\/UCSoMQryJpLqD53bAoZLg2Vg\",\"https:\\\/\\\/www.pinterest.it\\\/keoutdoordesign\\\/\",\"https:\\\/\\\/www.instagram.com\\\/keoutdoordesign\\\/\",\"https:\\\/\\\/www.linkedin.com\\\/company\\\/ke-outdoor-design\\\/\"]}]}<\/script>\n<!-- \/ Yoast SEO Premium plugin. -->","yoast_head_json":{"title":"P\u00e9rgola Bioclim\u00e1tica Lamas Orientables - Kedry Prime - KE Outdoor","description":"Gracias al dise\u00f1o de los elementos m\u00f3viles, nuestras p\u00e9rgolas de lamas orientables protegen con gran eficacia en caso de lluvia. \u00a1Cons\u00faltenos!","robots":{"index":"index","follow":"follow","max-snippet":"max-snippet:-1","max-image-preview":"max-image-preview:large","max-video-preview":"max-video-preview:-1"},"canonical":"https:\/\/www.keoutdoordesign.com\/es-es\/pergola-gennius\/pergolas-bioclimaticas\/kedry-prime\/","og_locale":"es_ES","og_type":"article","og_title":"Kedry Prime","og_description":"Gracias al dise\u00f1o de los elementos m\u00f3viles, nuestras p\u00e9rgolas de lamas orientables protegen con gran eficacia en caso de lluvia. \u00a1Cons\u00faltenos!","og_url":"https:\/\/www.keoutdoordesign.com\/es-es\/pergola-gennius\/pergolas-bioclimaticas\/kedry-prime\/","og_site_name":"KE Outdoor Design","article_publisher":"https:\/\/www.facebook.com\/keoutdoordesign.us","article_modified_time":"2026-02-23T15:14:10+00:00","og_image":[{"width":1920,"height":1277,"url":"https:\/\/www.keoutdoordesign.com\/wp-content\/uploads\/2025\/10\/KE-J44-19.jpg","type":"image\/jpeg"}],"twitter_card":"summary_large_image","twitter_site":"@keoutdoordesign","schema":{"@context":"https:\/\/schema.org","@graph":[{"@type":"WebPage","@id":"https:\/\/www.keoutdoordesign.com\/es-es\/pergola-gennius\/pergolas-bioclimaticas\/kedry-prime\/","url":"https:\/\/www.keoutdoordesign.com\/es-es\/pergola-gennius\/pergolas-bioclimaticas\/kedry-prime\/","name":"P\u00e9rgola Bioclim\u00e1tica Lamas Orientables - Kedry Prime - KE Outdoor","isPartOf":{"@id":"https:\/\/www.keoutdoordesign.com\/it-it\/#website"},"primaryImageOfPage":{"@id":"https:\/\/www.keoutdoordesign.com\/es-es\/pergola-gennius\/pergolas-bioclimaticas\/kedry-prime\/#primaryimage"},"image":{"@id":"https:\/\/www.keoutdoordesign.com\/es-es\/pergola-gennius\/pergolas-bioclimaticas\/kedry-prime\/#primaryimage"},"thumbnailUrl":"https:\/\/www.keoutdoordesign.com\/wp-content\/uploads\/2025\/10\/KE-J44-19.jpg","datePublished":"2019-06-07T10:51:43+00:00","dateModified":"2026-02-23T15:14:10+00:00","description":"Gracias al dise\u00f1o de los elementos m\u00f3viles, nuestras p\u00e9rgolas de lamas orientables protegen con gran eficacia en caso de lluvia. \u00a1Cons\u00faltenos!","breadcrumb":{"@id":"https:\/\/www.keoutdoordesign.com\/es-es\/pergola-gennius\/pergolas-bioclimaticas\/kedry-prime\/#breadcrumb"},"inLanguage":"es","potentialAction":[{"@type":"ReadAction","target":["https:\/\/www.keoutdoordesign.com\/es-es\/pergola-gennius\/pergolas-bioclimaticas\/kedry-prime\/"]}]},{"@type":"ImageObject","inLanguage":"es","@id":"https:\/\/www.keoutdoordesign.com\/es-es\/pergola-gennius\/pergolas-bioclimaticas\/kedry-prime\/#primaryimage","url":"https:\/\/www.keoutdoordesign.com\/wp-content\/uploads\/2025\/10\/KE-J44-19.jpg","contentUrl":"https:\/\/www.keoutdoordesign.com\/wp-content\/uploads\/2025\/10\/KE-J44-19.jpg","width":1920,"height":1277},{"@type":"BreadcrumbList","@id":"https:\/\/www.keoutdoordesign.com\/es-es\/pergola-gennius\/pergolas-bioclimaticas\/kedry-prime\/#breadcrumb","itemListElement":[{"@type":"ListItem","position":1,"name":"Home","item":"https:\/\/www.keoutdoordesign.com\/es-es\/"},{"@type":"ListItem","position":2,"name":"P\u00e9rgola Gennius","item":"https:\/\/www.keoutdoordesign.com\/es-es\/pergola-gennius\/"},{"@type":"ListItem","position":3,"name":"P\u00e9rgolas bioclim\u00e1ticas","item":"https:\/\/www.keoutdoordesign.com\/es-es\/pergola-gennius\/pergolas-bioclimaticas\/"},{"@type":"ListItem","position":4,"name":"Kedry Prime"}]},{"@type":"WebSite","@id":"https:\/\/www.keoutdoordesign.com\/it-it\/#website","url":"https:\/\/www.keoutdoordesign.com\/it-it\/","name":"KE Outdoor Design","description":"Un nuovo sito targato WordPress","publisher":{"@id":"https:\/\/www.keoutdoordesign.com\/it-it\/#organization"},"potentialAction":[{"@type":"SearchAction","target":{"@type":"EntryPoint","urlTemplate":"https:\/\/www.keoutdoordesign.com\/it-it\/?s={search_term_string}"},"query-input":{"@type":"PropertyValueSpecification","valueRequired":true,"valueName":"search_term_string"}}],"inLanguage":"es"},{"@type":"Organization","@id":"https:\/\/www.keoutdoordesign.com\/it-it\/#organization","name":"KE Outdoor Design","url":"https:\/\/www.keoutdoordesign.com\/it-it\/","logo":{"@type":"ImageObject","inLanguage":"es","@id":"https:\/\/www.keoutdoordesign.com\/it-it\/#\/schema\/logo\/image\/","url":"https:\/\/www.keoutdoordesign.com\/wp-content\/uploads\/2020\/02\/KE-logo-Primary-e1591282842174.jpg","contentUrl":"https:\/\/www.keoutdoordesign.com\/wp-content\/uploads\/2020\/02\/KE-logo-Primary-e1591282842174.jpg","width":500,"height":396,"caption":"KE Outdoor Design"},"image":{"@id":"https:\/\/www.keoutdoordesign.com\/it-it\/#\/schema\/logo\/image\/"},"sameAs":["https:\/\/www.facebook.com\/keoutdoordesign.us","https:\/\/x.com\/keoutdoordesign","https:\/\/www.facebook.com\/keoutdoordesign","https:\/\/www.youtube.com\/channel\/UCSoMQryJpLqD53bAoZLg2Vg","https:\/\/www.pinterest.it\/keoutdoordesign\/","https:\/\/www.instagram.com\/keoutdoordesign\/","https:\/\/www.linkedin.com\/company\/ke-outdoor-design\/"]}]}},"_links":{"self":[{"href":"https:\/\/www.keoutdoordesign.com\/es-es\/wp-json\/wp\/v2\/pages\/4774","targetHints":{"allow":["GET"]}}],"collection":[{"href":"https:\/\/www.keoutdoordesign.com\/es-es\/wp-json\/wp\/v2\/pages"}],"about":[{"href":"https:\/\/www.keoutdoordesign.com\/es-es\/wp-json\/wp\/v2\/types\/page"}],"author":[{"embeddable":true,"href":"https:\/\/www.keoutdoordesign.com\/es-es\/wp-json\/wp\/v2\/users\/10608"}],"replies":[{"embeddable":true,"href":"https:\/\/www.keoutdoordesign.com\/es-es\/wp-json\/wp\/v2\/comments?post=4774"}],"version-history":[{"count":28,"href":"https:\/\/www.keoutdoordesign.com\/es-es\/wp-json\/wp\/v2\/pages\/4774\/revisions"}],"predecessor-version":[{"id":119161,"href":"https:\/\/www.keoutdoordesign.com\/es-es\/wp-json\/wp\/v2\/pages\/4774\/revisions\/119161"}],"up":[{"embeddable":true,"href":"https:\/\/www.keoutdoordesign.com\/es-es\/wp-json\/wp\/v2\/pages\/4766"}],"wp:featuredmedia":[{"embeddable":true,"href":"https:\/\/www.keoutdoordesign.com\/es-es\/wp-json\/wp\/v2\/media\/113486"}],"wp:attachment":[{"href":"https:\/\/www.keoutdoordesign.com\/es-es\/wp-json\/wp\/v2\/media?parent=4774"}],"curies":[{"name":"wp","href":"https:\/\/api.w.org\/{rel}","templated":true}]}}