{"id":4764,"date":"2019-06-07T12:51:12","date_gmt":"2019-06-07T10:51:12","guid":{"rendered":"http:\/\/ke.localhost.it\/?page_id=4764"},"modified":"2025-02-20T12:04:36","modified_gmt":"2025-02-20T11:04:36","slug":"isola-3","status":"publish","type":"page","link":"https:\/\/www.keoutdoordesign.com\/es-es\/pergola-gennius\/pergola-con-techo-plano\/isola-3\/","title":{"rendered":"Isola 3"},"content":{"rendered":"<p>Isola 3 se distingue por la forma caracter\u00edstica del techo arqueado rebajado, que permite reducir la altura total y mejorar su aspecto est\u00e9tico, convirti\u00e9ndolo en un producto \u00fanico en su g\u00e9nero.<\/p>\n<p>Disponible en dos sistemas de instalaci\u00f3n diferentes, fijada en la pared y autoportante, a la estructura se pueden integrar toldos verticales sombreados, opacos o totalmente transparentes y\/o sistemas de acristalamiento deslizante. Todo con altas posibilidades de configuraci\u00f3n: para la versi\u00f3n de per\u00edmetro cerrado con tejido, por ejemplo, puede elegir entre m\u00e1s de 500 telas t\u00e9cnicas disponibles; el nivel de modulaci\u00f3n de la contribuci\u00f3n solar se puede ajustar en funci\u00f3n de las necesidades espec\u00edficas del edificio en el que se instalar\u00e1 el producto, respetando tambi\u00e9n la coherencia estil\u00edstica de la construcci\u00f3n.<\/p>\n<p>Isola 3, de hecho, se integra perfectamente en la arquitectura de los edificios, gracias a la ligereza de las l\u00edneas y los perfiles de aluminio, con recubrimiento en polvo, que garantizan una excelente resistencia a la corrosi\u00f3n y son de forma no invasiva.<\/p>\n<p>Isola 3 se destaca por ser un verdadero accesorio de decoraci\u00f3n para exteriores gracias a un sistema de iluminaci\u00f3n regulable integrado, ideal para aquellos que desean crear un efecto de noche.<\/p>\n<p>Isola 3 tambi\u00e9n se puede integrar con sensores de clima opcionales que permiten la automatizaci\u00f3n perfecta y la gesti\u00f3n ideal del toldo, en caso de cualquier variaci\u00f3n clim\u00e1tica.<\/p>\n<p>A trav\u00e9s de una aplicaci\u00f3n simple para tel\u00e9fonos inteligentes y tablets, puede definir tiempos y m\u00e9todos para abrir y cerrar la cubierta, con total practicidad.<\/p>\n<p>Elegir KE significa optar por un dise\u00f1o que se centra en el ser humano y sus h\u00e1bitos, para sentar las bases de un nuevo concepto de espacio. La compa\u00f1\u00eda se confirma con el sello de la innovaci\u00f3n, proponiendo al mercado interpretaciones de estilo que se convierten inmediatamente en tendencias. Un socio capaz de garantizar un soporte esencial para el dise\u00f1o del espacio al aire libre.<\/p>\n<p><strong>Novedad 2024<\/strong>:<strong> Isola 3 en la versi\u00f3n Classic<\/strong> presenta un elegante acabado en los per files exteriores y los lados exteriores de las columnas. En esta versi\u00f3n no hay posibilidad de instalar LED en los per files exteriores. Esta variante tambi\u00e9n est\u00e1 disponible en Kedry Skylife y Kedry Prime.<\/p>\n","protected":false},"excerpt":{"rendered":"<p>Isola 3 se distingue por la forma caracter\u00edstica del techo arqueado rebajado, que permite reducir la altura total y mejorar&hellip;<\/p>\n","protected":false},"author":10608,"featured_media":113694,"parent":4754,"menu_order":16,"comment_status":"closed","ping_status":"closed","template":"page-templates\/product.php","meta":{"_acf_changed":false,"footnotes":""},"class_list":["post-4764","page","type-page","status-publish","has-post-thumbnail","hentry"],"acf":[],"yoast_head":"<!-- This site is optimized with the Yoast SEO Premium plugin v20.12 (Yoast SEO v27.3) - https:\/\/yoast.com\/product\/yoast-seo-premium-wordpress\/ -->\n<title>P\u00e9rgola Adosada Aluminio - Isola 3 | KE Outdoor Design<\/title>\n<meta name=\"description\" content=\"Nuestra p\u00e9rgola adosada de aluminio se integra perfectamente a la arquitectura de los edificios gracias a la ligereza de l\u00edneas y perfiles. \u00a1Inf\u00f3rmense!\" \/>\n<meta name=\"robots\" content=\"index, follow, max-snippet:-1, max-image-preview:large, max-video-preview:-1\" \/>\n<link rel=\"canonical\" href=\"https:\/\/www.keoutdoordesign.com\/es-es\/pergola-gennius\/pergola-con-techo-plano\/isola-3\/\" \/>\n<meta property=\"og:locale\" content=\"es_ES\" \/>\n<meta property=\"og:type\" content=\"article\" \/>\n<meta property=\"og:title\" content=\"Isola 3\" \/>\n<meta property=\"og:description\" content=\"Nuestra p\u00e9rgola adosada de aluminio se integra perfectamente a la arquitectura de los edificios gracias a la ligereza de l\u00edneas y perfiles. \u00a1Inf\u00f3rmense!\" \/>\n<meta property=\"og:url\" content=\"https:\/\/www.keoutdoordesign.com\/es-es\/pergola-gennius\/pergola-con-techo-plano\/isola-3\/\" \/>\n<meta property=\"og:site_name\" content=\"KE Outdoor Design\" \/>\n<meta property=\"article:publisher\" content=\"https:\/\/www.facebook.com\/keoutdoordesign.us\" \/>\n<meta property=\"article:modified_time\" content=\"2025-02-20T11:04:36+00:00\" \/>\n<meta property=\"og:image\" content=\"https:\/\/www.keoutdoordesign.com\/wp-content\/uploads\/2019\/09\/Isola-3-5.jpg\" \/>\n\t<meta property=\"og:image:width\" content=\"2048\" \/>\n\t<meta property=\"og:image:height\" content=\"1080\" \/>\n\t<meta property=\"og:image:type\" content=\"image\/jpeg\" \/>\n<meta name=\"twitter:card\" content=\"summary_large_image\" \/>\n<meta name=\"twitter:site\" content=\"@keoutdoordesign\" \/>\n<script type=\"application\/ld+json\" class=\"yoast-schema-graph\">{\"@context\":\"https:\\\/\\\/schema.org\",\"@graph\":[{\"@type\":\"WebPage\",\"@id\":\"https:\\\/\\\/www.keoutdoordesign.com\\\/es-es\\\/pergola-gennius\\\/pergola-con-techo-plano\\\/isola-3\\\/\",\"url\":\"https:\\\/\\\/www.keoutdoordesign.com\\\/es-es\\\/pergola-gennius\\\/pergola-con-techo-plano\\\/isola-3\\\/\",\"name\":\"P\u00e9rgola Adosada Aluminio - Isola 3 | KE Outdoor Design\",\"isPartOf\":{\"@id\":\"https:\\\/\\\/www.keoutdoordesign.com\\\/it-it\\\/#website\"},\"primaryImageOfPage\":{\"@id\":\"https:\\\/\\\/www.keoutdoordesign.com\\\/es-es\\\/pergola-gennius\\\/pergola-con-techo-plano\\\/isola-3\\\/#primaryimage\"},\"image\":{\"@id\":\"https:\\\/\\\/www.keoutdoordesign.com\\\/es-es\\\/pergola-gennius\\\/pergola-con-techo-plano\\\/isola-3\\\/#primaryimage\"},\"thumbnailUrl\":\"https:\\\/\\\/www.keoutdoordesign.com\\\/wp-content\\\/uploads\\\/2025\\\/10\\\/Pasticceria-delle-Rose-4.jpg\",\"datePublished\":\"2019-06-07T10:51:12+00:00\",\"dateModified\":\"2025-02-20T11:04:36+00:00\",\"description\":\"Nuestra p\u00e9rgola adosada de aluminio se integra perfectamente a la arquitectura de los edificios gracias a la ligereza de l\u00edneas y perfiles. \u00a1Inf\u00f3rmense!\",\"breadcrumb\":{\"@id\":\"https:\\\/\\\/www.keoutdoordesign.com\\\/es-es\\\/pergola-gennius\\\/pergola-con-techo-plano\\\/isola-3\\\/#breadcrumb\"},\"inLanguage\":\"es\",\"potentialAction\":[{\"@type\":\"ReadAction\",\"target\":[\"https:\\\/\\\/www.keoutdoordesign.com\\\/es-es\\\/pergola-gennius\\\/pergola-con-techo-plano\\\/isola-3\\\/\"]}]},{\"@type\":\"ImageObject\",\"inLanguage\":\"es\",\"@id\":\"https:\\\/\\\/www.keoutdoordesign.com\\\/es-es\\\/pergola-gennius\\\/pergola-con-techo-plano\\\/isola-3\\\/#primaryimage\",\"url\":\"https:\\\/\\\/www.keoutdoordesign.com\\\/wp-content\\\/uploads\\\/2025\\\/10\\\/Pasticceria-delle-Rose-4.jpg\",\"contentUrl\":\"https:\\\/\\\/www.keoutdoordesign.com\\\/wp-content\\\/uploads\\\/2025\\\/10\\\/Pasticceria-delle-Rose-4.jpg\",\"width\":1920,\"height\":1279},{\"@type\":\"BreadcrumbList\",\"@id\":\"https:\\\/\\\/www.keoutdoordesign.com\\\/es-es\\\/pergola-gennius\\\/pergola-con-techo-plano\\\/isola-3\\\/#breadcrumb\",\"itemListElement\":[{\"@type\":\"ListItem\",\"position\":1,\"name\":\"Home\",\"item\":\"https:\\\/\\\/www.keoutdoordesign.com\\\/es-es\\\/\"},{\"@type\":\"ListItem\",\"position\":2,\"name\":\"P\u00e9rgola Gennius\",\"item\":\"https:\\\/\\\/www.keoutdoordesign.com\\\/es-es\\\/pergola-gennius\\\/\"},{\"@type\":\"ListItem\",\"position\":3,\"name\":\"P\u00e9rgolas con Techo Plano Retr\u00e1ctil\",\"item\":\"https:\\\/\\\/www.keoutdoordesign.com\\\/es-es\\\/pergola-gennius\\\/pergola-con-techo-plano\\\/\"},{\"@type\":\"ListItem\",\"position\":4,\"name\":\"Isola 3\"}]},{\"@type\":\"WebSite\",\"@id\":\"https:\\\/\\\/www.keoutdoordesign.com\\\/it-it\\\/#website\",\"url\":\"https:\\\/\\\/www.keoutdoordesign.com\\\/it-it\\\/\",\"name\":\"KE Outdoor Design\",\"description\":\"Un nuovo sito targato WordPress\",\"publisher\":{\"@id\":\"https:\\\/\\\/www.keoutdoordesign.com\\\/it-it\\\/#organization\"},\"potentialAction\":[{\"@type\":\"SearchAction\",\"target\":{\"@type\":\"EntryPoint\",\"urlTemplate\":\"https:\\\/\\\/www.keoutdoordesign.com\\\/it-it\\\/?s={search_term_string}\"},\"query-input\":{\"@type\":\"PropertyValueSpecification\",\"valueRequired\":true,\"valueName\":\"search_term_string\"}}],\"inLanguage\":\"es\"},{\"@type\":\"Organization\",\"@id\":\"https:\\\/\\\/www.keoutdoordesign.com\\\/it-it\\\/#organization\",\"name\":\"KE Outdoor Design\",\"url\":\"https:\\\/\\\/www.keoutdoordesign.com\\\/it-it\\\/\",\"logo\":{\"@type\":\"ImageObject\",\"inLanguage\":\"es\",\"@id\":\"https:\\\/\\\/www.keoutdoordesign.com\\\/it-it\\\/#\\\/schema\\\/logo\\\/image\\\/\",\"url\":\"https:\\\/\\\/www.keoutdoordesign.com\\\/wp-content\\\/uploads\\\/2020\\\/02\\\/KE-logo-Primary-e1591282842174.jpg\",\"contentUrl\":\"https:\\\/\\\/www.keoutdoordesign.com\\\/wp-content\\\/uploads\\\/2020\\\/02\\\/KE-logo-Primary-e1591282842174.jpg\",\"width\":500,\"height\":396,\"caption\":\"KE Outdoor Design\"},\"image\":{\"@id\":\"https:\\\/\\\/www.keoutdoordesign.com\\\/it-it\\\/#\\\/schema\\\/logo\\\/image\\\/\"},\"sameAs\":[\"https:\\\/\\\/www.facebook.com\\\/keoutdoordesign.us\",\"https:\\\/\\\/x.com\\\/keoutdoordesign\",\"https:\\\/\\\/www.facebook.com\\\/keoutdoordesign\",\"https:\\\/\\\/www.youtube.com\\\/channel\\\/UCSoMQryJpLqD53bAoZLg2Vg\",\"https:\\\/\\\/www.pinterest.it\\\/keoutdoordesign\\\/\",\"https:\\\/\\\/www.instagram.com\\\/keoutdoordesign\\\/\",\"https:\\\/\\\/www.linkedin.com\\\/company\\\/ke-outdoor-design\\\/\"]}]}<\/script>\n<!-- \/ Yoast SEO Premium plugin. -->","yoast_head_json":{"title":"P\u00e9rgola Adosada Aluminio - Isola 3 | KE Outdoor Design","description":"Nuestra p\u00e9rgola adosada de aluminio se integra perfectamente a la arquitectura de los edificios gracias a la ligereza de l\u00edneas y perfiles. \u00a1Inf\u00f3rmense!","robots":{"index":"index","follow":"follow","max-snippet":"max-snippet:-1","max-image-preview":"max-image-preview:large","max-video-preview":"max-video-preview:-1"},"canonical":"https:\/\/www.keoutdoordesign.com\/es-es\/pergola-gennius\/pergola-con-techo-plano\/isola-3\/","og_locale":"es_ES","og_type":"article","og_title":"Isola 3","og_description":"Nuestra p\u00e9rgola adosada de aluminio se integra perfectamente a la arquitectura de los edificios gracias a la ligereza de l\u00edneas y perfiles. \u00a1Inf\u00f3rmense!","og_url":"https:\/\/www.keoutdoordesign.com\/es-es\/pergola-gennius\/pergola-con-techo-plano\/isola-3\/","og_site_name":"KE Outdoor Design","article_publisher":"https:\/\/www.facebook.com\/keoutdoordesign.us","article_modified_time":"2025-02-20T11:04:36+00:00","og_image":[{"width":2048,"height":1080,"url":"https:\/\/www.keoutdoordesign.com\/wp-content\/uploads\/2019\/09\/Isola-3-5.jpg","type":"image\/jpeg"}],"twitter_card":"summary_large_image","twitter_site":"@keoutdoordesign","schema":{"@context":"https:\/\/schema.org","@graph":[{"@type":"WebPage","@id":"https:\/\/www.keoutdoordesign.com\/es-es\/pergola-gennius\/pergola-con-techo-plano\/isola-3\/","url":"https:\/\/www.keoutdoordesign.com\/es-es\/pergola-gennius\/pergola-con-techo-plano\/isola-3\/","name":"P\u00e9rgola Adosada Aluminio - Isola 3 | KE Outdoor Design","isPartOf":{"@id":"https:\/\/www.keoutdoordesign.com\/it-it\/#website"},"primaryImageOfPage":{"@id":"https:\/\/www.keoutdoordesign.com\/es-es\/pergola-gennius\/pergola-con-techo-plano\/isola-3\/#primaryimage"},"image":{"@id":"https:\/\/www.keoutdoordesign.com\/es-es\/pergola-gennius\/pergola-con-techo-plano\/isola-3\/#primaryimage"},"thumbnailUrl":"https:\/\/www.keoutdoordesign.com\/wp-content\/uploads\/2025\/10\/Pasticceria-delle-Rose-4.jpg","datePublished":"2019-06-07T10:51:12+00:00","dateModified":"2025-02-20T11:04:36+00:00","description":"Nuestra p\u00e9rgola adosada de aluminio se integra perfectamente a la arquitectura de los edificios gracias a la ligereza de l\u00edneas y perfiles. \u00a1Inf\u00f3rmense!","breadcrumb":{"@id":"https:\/\/www.keoutdoordesign.com\/es-es\/pergola-gennius\/pergola-con-techo-plano\/isola-3\/#breadcrumb"},"inLanguage":"es","potentialAction":[{"@type":"ReadAction","target":["https:\/\/www.keoutdoordesign.com\/es-es\/pergola-gennius\/pergola-con-techo-plano\/isola-3\/"]}]},{"@type":"ImageObject","inLanguage":"es","@id":"https:\/\/www.keoutdoordesign.com\/es-es\/pergola-gennius\/pergola-con-techo-plano\/isola-3\/#primaryimage","url":"https:\/\/www.keoutdoordesign.com\/wp-content\/uploads\/2025\/10\/Pasticceria-delle-Rose-4.jpg","contentUrl":"https:\/\/www.keoutdoordesign.com\/wp-content\/uploads\/2025\/10\/Pasticceria-delle-Rose-4.jpg","width":1920,"height":1279},{"@type":"BreadcrumbList","@id":"https:\/\/www.keoutdoordesign.com\/es-es\/pergola-gennius\/pergola-con-techo-plano\/isola-3\/#breadcrumb","itemListElement":[{"@type":"ListItem","position":1,"name":"Home","item":"https:\/\/www.keoutdoordesign.com\/es-es\/"},{"@type":"ListItem","position":2,"name":"P\u00e9rgola Gennius","item":"https:\/\/www.keoutdoordesign.com\/es-es\/pergola-gennius\/"},{"@type":"ListItem","position":3,"name":"P\u00e9rgolas con Techo Plano Retr\u00e1ctil","item":"https:\/\/www.keoutdoordesign.com\/es-es\/pergola-gennius\/pergola-con-techo-plano\/"},{"@type":"ListItem","position":4,"name":"Isola 3"}]},{"@type":"WebSite","@id":"https:\/\/www.keoutdoordesign.com\/it-it\/#website","url":"https:\/\/www.keoutdoordesign.com\/it-it\/","name":"KE Outdoor Design","description":"Un nuovo sito targato WordPress","publisher":{"@id":"https:\/\/www.keoutdoordesign.com\/it-it\/#organization"},"potentialAction":[{"@type":"SearchAction","target":{"@type":"EntryPoint","urlTemplate":"https:\/\/www.keoutdoordesign.com\/it-it\/?s={search_term_string}"},"query-input":{"@type":"PropertyValueSpecification","valueRequired":true,"valueName":"search_term_string"}}],"inLanguage":"es"},{"@type":"Organization","@id":"https:\/\/www.keoutdoordesign.com\/it-it\/#organization","name":"KE Outdoor Design","url":"https:\/\/www.keoutdoordesign.com\/it-it\/","logo":{"@type":"ImageObject","inLanguage":"es","@id":"https:\/\/www.keoutdoordesign.com\/it-it\/#\/schema\/logo\/image\/","url":"https:\/\/www.keoutdoordesign.com\/wp-content\/uploads\/2020\/02\/KE-logo-Primary-e1591282842174.jpg","contentUrl":"https:\/\/www.keoutdoordesign.com\/wp-content\/uploads\/2020\/02\/KE-logo-Primary-e1591282842174.jpg","width":500,"height":396,"caption":"KE Outdoor Design"},"image":{"@id":"https:\/\/www.keoutdoordesign.com\/it-it\/#\/schema\/logo\/image\/"},"sameAs":["https:\/\/www.facebook.com\/keoutdoordesign.us","https:\/\/x.com\/keoutdoordesign","https:\/\/www.facebook.com\/keoutdoordesign","https:\/\/www.youtube.com\/channel\/UCSoMQryJpLqD53bAoZLg2Vg","https:\/\/www.pinterest.it\/keoutdoordesign\/","https:\/\/www.instagram.com\/keoutdoordesign\/","https:\/\/www.linkedin.com\/company\/ke-outdoor-design\/"]}]}},"_links":{"self":[{"href":"https:\/\/www.keoutdoordesign.com\/es-es\/wp-json\/wp\/v2\/pages\/4764","targetHints":{"allow":["GET"]}}],"collection":[{"href":"https:\/\/www.keoutdoordesign.com\/es-es\/wp-json\/wp\/v2\/pages"}],"about":[{"href":"https:\/\/www.keoutdoordesign.com\/es-es\/wp-json\/wp\/v2\/types\/page"}],"author":[{"embeddable":true,"href":"https:\/\/www.keoutdoordesign.com\/es-es\/wp-json\/wp\/v2\/users\/10608"}],"replies":[{"embeddable":true,"href":"https:\/\/www.keoutdoordesign.com\/es-es\/wp-json\/wp\/v2\/comments?post=4764"}],"version-history":[{"count":21,"href":"https:\/\/www.keoutdoordesign.com\/es-es\/wp-json\/wp\/v2\/pages\/4764\/revisions"}],"predecessor-version":[{"id":104675,"href":"https:\/\/www.keoutdoordesign.com\/es-es\/wp-json\/wp\/v2\/pages\/4764\/revisions\/104675"}],"up":[{"embeddable":true,"href":"https:\/\/www.keoutdoordesign.com\/es-es\/wp-json\/wp\/v2\/pages\/4754"}],"wp:featuredmedia":[{"embeddable":true,"href":"https:\/\/www.keoutdoordesign.com\/es-es\/wp-json\/wp\/v2\/media\/113694"}],"wp:attachment":[{"href":"https:\/\/www.keoutdoordesign.com\/es-es\/wp-json\/wp\/v2\/media?parent=4764"}],"curies":[{"name":"wp","href":"https:\/\/api.w.org\/{rel}","templated":true}]}}