{"id":4754,"date":"2019-06-07T12:50:47","date_gmt":"2019-06-07T10:50:47","guid":{"rendered":"http:\/\/ke.localhost.it\/?page_id=4754"},"modified":"2023-07-19T12:13:06","modified_gmt":"2023-07-19T10:13:06","slug":"pergola-con-techo-plano","status":"publish","type":"page","link":"https:\/\/www.keoutdoordesign.com\/es-es\/pergola-gennius\/pergola-con-techo-plano\/","title":{"rendered":"P\u00e9rgolas con Techo Plano Retr\u00e1ctil"},"content":{"rendered":"<h2>Elige para tus espacio exteriores la p\u00e9rgola adosada de aluminio de calidad KE Outdoor Design<\/h2>\n<p><span style=\"font-weight: 400;\">El dise\u00f1o sencillo de las estructuras de aluminio se une a la ligereza de las telas para crear productos \u00fanicos: hablamos de la <\/span><b>p\u00e9rgola adosada<\/b><b> met\u00e1lica con lona de techo plano<\/b><span style=\"font-weight: 400;\">.\u00a0<\/span><\/p>\n<p><span style=\"font-weight: 400;\">Elegantes y funcionales gracias a su <\/span><b>cubierta deslizante<\/b><span style=\"font-weight: 400;\">, permiten disfrutar de la belleza de los espacios al aire libre del hogar. Adem\u00e1s, la versatilidad de una <\/span><b>p\u00e9rgola adosada<\/b> <b>a pared<\/b><span style=\"font-weight: 400;\"> le facilitar\u00e1 disfrutar del m\u00e1ximo grado de <\/span><b>confort y relax <\/b><span style=\"font-weight: 400;\">sin importar la intensidad del sol o una climatolog\u00eda adversa.<\/span><\/p>\n<p><span style=\"font-weight: 400;\">Las <\/span><b>p\u00e9rgolas met\u00e1licas con lona de techo plano de KE<\/b><span style=\"font-weight: 400;\"> son f\u00e1ciles de instalar gracias a su cubierta m\u00f3vil. De hecho, podemos<\/span><b> fabricarlas a medida<\/b><span style=\"font-weight: 400;\">, de modo que tendr\u00e1 la posibilidad de reducir su altura o de incorporar un techo con forma de arco si as\u00ed lo prefiere. De esta manera conseguir\u00e1 que se integren perfectamente en la est\u00e9tica de su hogar.<\/span><\/p>\n<p><span style=\"font-weight: 400;\">\u00bfBusca una <\/span><b>p\u00e9rgola adosada de<\/b><b> estilo<\/b><span style=\"font-weight: 400;\"> contempor\u00e1neo o rom\u00e1ntico? No importa cu\u00e1l sea el ambiente que dese\u00e9 instaurar en su<\/span><b> jard\u00edn o terraza<\/b><span style=\"font-weight: 400;\">, nosotros nos encargaremos de crear un modelo personalizado para usted y ajustado a sus necesidades. Adem\u00e1s, si le apetece, podr\u00e1 disfrutar de una <\/span><b>cubierta automatizada y controlarla de forma remota<\/b><span style=\"font-weight: 400;\">. Tambi\u00e9n es posible apostar por una <\/span><b>cubierta de doble hoja<\/b><span style=\"font-weight: 400;\"> que sea resistente a la lluvia y que le permita filtrar la cantidad exacta de rayos de sol que quiera.<\/span><\/p>\n","protected":false},"excerpt":{"rendered":"<p>Elige para tus espacio exteriores la p\u00e9rgola adosada de aluminio de calidad KE Outdoor Design El dise\u00f1o sencillo de las&hellip;<\/p>\n","protected":false},"author":10608,"featured_media":15061,"parent":4724,"menu_order":7,"comment_status":"closed","ping_status":"closed","template":"page-templates\/category-products.php","meta":{"_acf_changed":false,"footnotes":""},"class_list":["post-4754","page","type-page","status-publish","has-post-thumbnail","hentry"],"acf":[],"yoast_head":"<!-- This site is optimized with the Yoast SEO Premium plugin v20.12 (Yoast SEO v27.3) - https:\/\/yoast.com\/product\/yoast-seo-premium-wordpress\/ -->\n<title>P\u00e9rgola Adosada a Pared | KE Outdoor Design<\/title>\n<meta name=\"description\" content=\"Nuestra p\u00e9rgola adosada le facilitar\u00e1 disfrutar del m\u00e1ximo grado de confort y relax sin importar la intensidad del sol o una climatolog\u00eda adversa.\" \/>\n<meta name=\"robots\" content=\"index, follow, max-snippet:-1, max-image-preview:large, max-video-preview:-1\" \/>\n<link rel=\"canonical\" href=\"https:\/\/www.keoutdoordesign.com\/es-es\/pergola-gennius\/pergola-con-techo-plano\/\" \/>\n<meta property=\"og:locale\" content=\"es_ES\" \/>\n<meta property=\"og:type\" content=\"article\" \/>\n<meta property=\"og:title\" content=\"P\u00e9rgolas con Techo Plano Retr\u00e1ctil\" \/>\n<meta property=\"og:description\" content=\"Nuestra p\u00e9rgola adosada le facilitar\u00e1 disfrutar del m\u00e1ximo grado de confort y relax sin importar la intensidad del sol o una climatolog\u00eda adversa.\" \/>\n<meta property=\"og:url\" content=\"https:\/\/www.keoutdoordesign.com\/es-es\/pergola-gennius\/pergola-con-techo-plano\/\" \/>\n<meta property=\"og:site_name\" content=\"KE Outdoor Design\" \/>\n<meta property=\"article:publisher\" content=\"https:\/\/www.facebook.com\/keoutdoordesign.us\" \/>\n<meta property=\"article:modified_time\" content=\"2023-07-19T10:13:06+00:00\" \/>\n<meta property=\"og:image\" content=\"https:\/\/www.keoutdoordesign.com\/wp-content\/uploads\/2019\/09\/KE_Isola-2T-1.jpg\" \/>\n\t<meta property=\"og:image:width\" content=\"1920\" \/>\n\t<meta property=\"og:image:height\" content=\"1500\" \/>\n\t<meta property=\"og:image:type\" content=\"image\/jpeg\" \/>\n<meta name=\"twitter:card\" content=\"summary_large_image\" \/>\n<meta name=\"twitter:site\" content=\"@keoutdoordesign\" \/>\n<script type=\"application\/ld+json\" class=\"yoast-schema-graph\">{\"@context\":\"https:\\\/\\\/schema.org\",\"@graph\":[{\"@type\":\"WebPage\",\"@id\":\"https:\\\/\\\/www.keoutdoordesign.com\\\/es-es\\\/pergola-gennius\\\/pergola-con-techo-plano\\\/\",\"url\":\"https:\\\/\\\/www.keoutdoordesign.com\\\/es-es\\\/pergola-gennius\\\/pergola-con-techo-plano\\\/\",\"name\":\"P\u00e9rgola Adosada a Pared | KE Outdoor Design\",\"isPartOf\":{\"@id\":\"https:\\\/\\\/www.keoutdoordesign.com\\\/it-it\\\/#website\"},\"primaryImageOfPage\":{\"@id\":\"https:\\\/\\\/www.keoutdoordesign.com\\\/es-es\\\/pergola-gennius\\\/pergola-con-techo-plano\\\/#primaryimage\"},\"image\":{\"@id\":\"https:\\\/\\\/www.keoutdoordesign.com\\\/es-es\\\/pergola-gennius\\\/pergola-con-techo-plano\\\/#primaryimage\"},\"thumbnailUrl\":\"https:\\\/\\\/www.keoutdoordesign.com\\\/wp-content\\\/uploads\\\/2019\\\/09\\\/KE_Isola-2T-1.jpg\",\"datePublished\":\"2019-06-07T10:50:47+00:00\",\"dateModified\":\"2023-07-19T10:13:06+00:00\",\"description\":\"Nuestra p\u00e9rgola adosada le facilitar\u00e1 disfrutar del m\u00e1ximo grado de confort y relax sin importar la intensidad del sol o una climatolog\u00eda adversa.\",\"breadcrumb\":{\"@id\":\"https:\\\/\\\/www.keoutdoordesign.com\\\/es-es\\\/pergola-gennius\\\/pergola-con-techo-plano\\\/#breadcrumb\"},\"inLanguage\":\"es\",\"potentialAction\":[{\"@type\":\"ReadAction\",\"target\":[\"https:\\\/\\\/www.keoutdoordesign.com\\\/es-es\\\/pergola-gennius\\\/pergola-con-techo-plano\\\/\"]}]},{\"@type\":\"ImageObject\",\"inLanguage\":\"es\",\"@id\":\"https:\\\/\\\/www.keoutdoordesign.com\\\/es-es\\\/pergola-gennius\\\/pergola-con-techo-plano\\\/#primaryimage\",\"url\":\"https:\\\/\\\/www.keoutdoordesign.com\\\/wp-content\\\/uploads\\\/2019\\\/09\\\/KE_Isola-2T-1.jpg\",\"contentUrl\":\"https:\\\/\\\/www.keoutdoordesign.com\\\/wp-content\\\/uploads\\\/2019\\\/09\\\/KE_Isola-2T-1.jpg\",\"width\":1920,\"height\":1500,\"caption\":\"pergola-bioclimatica-ke-gennius-isola-2t\"},{\"@type\":\"BreadcrumbList\",\"@id\":\"https:\\\/\\\/www.keoutdoordesign.com\\\/es-es\\\/pergola-gennius\\\/pergola-con-techo-plano\\\/#breadcrumb\",\"itemListElement\":[{\"@type\":\"ListItem\",\"position\":1,\"name\":\"Home\",\"item\":\"https:\\\/\\\/www.keoutdoordesign.com\\\/es-es\\\/\"},{\"@type\":\"ListItem\",\"position\":2,\"name\":\"P\u00e9rgola Gennius\",\"item\":\"https:\\\/\\\/www.keoutdoordesign.com\\\/es-es\\\/pergola-gennius\\\/\"},{\"@type\":\"ListItem\",\"position\":3,\"name\":\"P\u00e9rgolas con Techo Plano Retr\u00e1ctil\"}]},{\"@type\":\"WebSite\",\"@id\":\"https:\\\/\\\/www.keoutdoordesign.com\\\/it-it\\\/#website\",\"url\":\"https:\\\/\\\/www.keoutdoordesign.com\\\/it-it\\\/\",\"name\":\"KE Outdoor Design\",\"description\":\"Un nuovo sito targato WordPress\",\"publisher\":{\"@id\":\"https:\\\/\\\/www.keoutdoordesign.com\\\/it-it\\\/#organization\"},\"potentialAction\":[{\"@type\":\"SearchAction\",\"target\":{\"@type\":\"EntryPoint\",\"urlTemplate\":\"https:\\\/\\\/www.keoutdoordesign.com\\\/it-it\\\/?s={search_term_string}\"},\"query-input\":{\"@type\":\"PropertyValueSpecification\",\"valueRequired\":true,\"valueName\":\"search_term_string\"}}],\"inLanguage\":\"es\"},{\"@type\":\"Organization\",\"@id\":\"https:\\\/\\\/www.keoutdoordesign.com\\\/it-it\\\/#organization\",\"name\":\"KE Outdoor Design\",\"url\":\"https:\\\/\\\/www.keoutdoordesign.com\\\/it-it\\\/\",\"logo\":{\"@type\":\"ImageObject\",\"inLanguage\":\"es\",\"@id\":\"https:\\\/\\\/www.keoutdoordesign.com\\\/it-it\\\/#\\\/schema\\\/logo\\\/image\\\/\",\"url\":\"https:\\\/\\\/www.keoutdoordesign.com\\\/wp-content\\\/uploads\\\/2020\\\/02\\\/KE-logo-Primary-e1591282842174.jpg\",\"contentUrl\":\"https:\\\/\\\/www.keoutdoordesign.com\\\/wp-content\\\/uploads\\\/2020\\\/02\\\/KE-logo-Primary-e1591282842174.jpg\",\"width\":500,\"height\":396,\"caption\":\"KE Outdoor Design\"},\"image\":{\"@id\":\"https:\\\/\\\/www.keoutdoordesign.com\\\/it-it\\\/#\\\/schema\\\/logo\\\/image\\\/\"},\"sameAs\":[\"https:\\\/\\\/www.facebook.com\\\/keoutdoordesign.us\",\"https:\\\/\\\/x.com\\\/keoutdoordesign\",\"https:\\\/\\\/www.facebook.com\\\/keoutdoordesign\",\"https:\\\/\\\/www.youtube.com\\\/channel\\\/UCSoMQryJpLqD53bAoZLg2Vg\",\"https:\\\/\\\/www.pinterest.it\\\/keoutdoordesign\\\/\",\"https:\\\/\\\/www.instagram.com\\\/keoutdoordesign\\\/\",\"https:\\\/\\\/www.linkedin.com\\\/company\\\/ke-outdoor-design\\\/\"]}]}<\/script>\n<!-- \/ Yoast SEO Premium plugin. -->","yoast_head_json":{"title":"P\u00e9rgola Adosada a Pared | KE Outdoor Design","description":"Nuestra p\u00e9rgola adosada le facilitar\u00e1 disfrutar del m\u00e1ximo grado de confort y relax sin importar la intensidad del sol o una climatolog\u00eda adversa.","robots":{"index":"index","follow":"follow","max-snippet":"max-snippet:-1","max-image-preview":"max-image-preview:large","max-video-preview":"max-video-preview:-1"},"canonical":"https:\/\/www.keoutdoordesign.com\/es-es\/pergola-gennius\/pergola-con-techo-plano\/","og_locale":"es_ES","og_type":"article","og_title":"P\u00e9rgolas con Techo Plano Retr\u00e1ctil","og_description":"Nuestra p\u00e9rgola adosada le facilitar\u00e1 disfrutar del m\u00e1ximo grado de confort y relax sin importar la intensidad del sol o una climatolog\u00eda adversa.","og_url":"https:\/\/www.keoutdoordesign.com\/es-es\/pergola-gennius\/pergola-con-techo-plano\/","og_site_name":"KE Outdoor Design","article_publisher":"https:\/\/www.facebook.com\/keoutdoordesign.us","article_modified_time":"2023-07-19T10:13:06+00:00","og_image":[{"width":1920,"height":1500,"url":"https:\/\/www.keoutdoordesign.com\/wp-content\/uploads\/2019\/09\/KE_Isola-2T-1.jpg","type":"image\/jpeg"}],"twitter_card":"summary_large_image","twitter_site":"@keoutdoordesign","schema":{"@context":"https:\/\/schema.org","@graph":[{"@type":"WebPage","@id":"https:\/\/www.keoutdoordesign.com\/es-es\/pergola-gennius\/pergola-con-techo-plano\/","url":"https:\/\/www.keoutdoordesign.com\/es-es\/pergola-gennius\/pergola-con-techo-plano\/","name":"P\u00e9rgola Adosada a Pared | KE Outdoor Design","isPartOf":{"@id":"https:\/\/www.keoutdoordesign.com\/it-it\/#website"},"primaryImageOfPage":{"@id":"https:\/\/www.keoutdoordesign.com\/es-es\/pergola-gennius\/pergola-con-techo-plano\/#primaryimage"},"image":{"@id":"https:\/\/www.keoutdoordesign.com\/es-es\/pergola-gennius\/pergola-con-techo-plano\/#primaryimage"},"thumbnailUrl":"https:\/\/www.keoutdoordesign.com\/wp-content\/uploads\/2019\/09\/KE_Isola-2T-1.jpg","datePublished":"2019-06-07T10:50:47+00:00","dateModified":"2023-07-19T10:13:06+00:00","description":"Nuestra p\u00e9rgola adosada le facilitar\u00e1 disfrutar del m\u00e1ximo grado de confort y relax sin importar la intensidad del sol o una climatolog\u00eda adversa.","breadcrumb":{"@id":"https:\/\/www.keoutdoordesign.com\/es-es\/pergola-gennius\/pergola-con-techo-plano\/#breadcrumb"},"inLanguage":"es","potentialAction":[{"@type":"ReadAction","target":["https:\/\/www.keoutdoordesign.com\/es-es\/pergola-gennius\/pergola-con-techo-plano\/"]}]},{"@type":"ImageObject","inLanguage":"es","@id":"https:\/\/www.keoutdoordesign.com\/es-es\/pergola-gennius\/pergola-con-techo-plano\/#primaryimage","url":"https:\/\/www.keoutdoordesign.com\/wp-content\/uploads\/2019\/09\/KE_Isola-2T-1.jpg","contentUrl":"https:\/\/www.keoutdoordesign.com\/wp-content\/uploads\/2019\/09\/KE_Isola-2T-1.jpg","width":1920,"height":1500,"caption":"pergola-bioclimatica-ke-gennius-isola-2t"},{"@type":"BreadcrumbList","@id":"https:\/\/www.keoutdoordesign.com\/es-es\/pergola-gennius\/pergola-con-techo-plano\/#breadcrumb","itemListElement":[{"@type":"ListItem","position":1,"name":"Home","item":"https:\/\/www.keoutdoordesign.com\/es-es\/"},{"@type":"ListItem","position":2,"name":"P\u00e9rgola Gennius","item":"https:\/\/www.keoutdoordesign.com\/es-es\/pergola-gennius\/"},{"@type":"ListItem","position":3,"name":"P\u00e9rgolas con Techo Plano Retr\u00e1ctil"}]},{"@type":"WebSite","@id":"https:\/\/www.keoutdoordesign.com\/it-it\/#website","url":"https:\/\/www.keoutdoordesign.com\/it-it\/","name":"KE Outdoor Design","description":"Un nuovo sito targato WordPress","publisher":{"@id":"https:\/\/www.keoutdoordesign.com\/it-it\/#organization"},"potentialAction":[{"@type":"SearchAction","target":{"@type":"EntryPoint","urlTemplate":"https:\/\/www.keoutdoordesign.com\/it-it\/?s={search_term_string}"},"query-input":{"@type":"PropertyValueSpecification","valueRequired":true,"valueName":"search_term_string"}}],"inLanguage":"es"},{"@type":"Organization","@id":"https:\/\/www.keoutdoordesign.com\/it-it\/#organization","name":"KE Outdoor Design","url":"https:\/\/www.keoutdoordesign.com\/it-it\/","logo":{"@type":"ImageObject","inLanguage":"es","@id":"https:\/\/www.keoutdoordesign.com\/it-it\/#\/schema\/logo\/image\/","url":"https:\/\/www.keoutdoordesign.com\/wp-content\/uploads\/2020\/02\/KE-logo-Primary-e1591282842174.jpg","contentUrl":"https:\/\/www.keoutdoordesign.com\/wp-content\/uploads\/2020\/02\/KE-logo-Primary-e1591282842174.jpg","width":500,"height":396,"caption":"KE Outdoor Design"},"image":{"@id":"https:\/\/www.keoutdoordesign.com\/it-it\/#\/schema\/logo\/image\/"},"sameAs":["https:\/\/www.facebook.com\/keoutdoordesign.us","https:\/\/x.com\/keoutdoordesign","https:\/\/www.facebook.com\/keoutdoordesign","https:\/\/www.youtube.com\/channel\/UCSoMQryJpLqD53bAoZLg2Vg","https:\/\/www.pinterest.it\/keoutdoordesign\/","https:\/\/www.instagram.com\/keoutdoordesign\/","https:\/\/www.linkedin.com\/company\/ke-outdoor-design\/"]}]}},"_links":{"self":[{"href":"https:\/\/www.keoutdoordesign.com\/es-es\/wp-json\/wp\/v2\/pages\/4754","targetHints":{"allow":["GET"]}}],"collection":[{"href":"https:\/\/www.keoutdoordesign.com\/es-es\/wp-json\/wp\/v2\/pages"}],"about":[{"href":"https:\/\/www.keoutdoordesign.com\/es-es\/wp-json\/wp\/v2\/types\/page"}],"author":[{"embeddable":true,"href":"https:\/\/www.keoutdoordesign.com\/es-es\/wp-json\/wp\/v2\/users\/10608"}],"replies":[{"embeddable":true,"href":"https:\/\/www.keoutdoordesign.com\/es-es\/wp-json\/wp\/v2\/comments?post=4754"}],"version-history":[{"count":10,"href":"https:\/\/www.keoutdoordesign.com\/es-es\/wp-json\/wp\/v2\/pages\/4754\/revisions"}],"predecessor-version":[{"id":60817,"href":"https:\/\/www.keoutdoordesign.com\/es-es\/wp-json\/wp\/v2\/pages\/4754\/revisions\/60817"}],"up":[{"embeddable":true,"href":"https:\/\/www.keoutdoordesign.com\/es-es\/wp-json\/wp\/v2\/pages\/4724"}],"wp:featuredmedia":[{"embeddable":true,"href":"https:\/\/www.keoutdoordesign.com\/es-es\/wp-json\/wp\/v2\/media\/15061"}],"wp:attachment":[{"href":"https:\/\/www.keoutdoordesign.com\/es-es\/wp-json\/wp\/v2\/media?parent=4754"}],"curies":[{"name":"wp","href":"https:\/\/api.w.org\/{rel}","templated":true}]}}