{"id":4752,"date":"2019-06-07T12:50:31","date_gmt":"2019-06-07T10:50:31","guid":{"rendered":"http:\/\/ke.localhost.it\/?page_id=4752"},"modified":"2025-02-21T17:00:18","modified_gmt":"2025-02-21T16:00:18","slug":"xtesa-plain","status":"publish","type":"page","link":"https:\/\/www.keoutdoordesign.com\/es-es\/pergola-gennius\/pergola-con-tejido-enrollado\/xtesa-plain\/","title":{"rendered":"Xtesa Plain"},"content":{"rendered":"<p>Cada m\u00f3dulo est\u00e1 motorizado por separado; en apertura la barra de carga se engancha mediante un mecanismo de electroim\u00e1n; una central el\u00e9ctrica mide la tensi\u00f3n al tejido en las gu\u00edas ZIP, garantizando una <strong>tensi\u00f3n \u00f3ptima incluso con una inclinaci\u00f3n m\u00ednima de 7\u00b0<\/strong>.<\/p>\n<p>El sistema prev\u00e9 tambi\u00e9n la <strong>posibilidad de cerrar todo el per\u00edmetro con toldos a tel\u00f3n recto, ZIP o ventanas<\/strong>. Xtesa da la posibilidad de descorrer hasta la pared las columnas y el canal\u00f3n, respecto a la posici\u00f3n est\u00e1ndar, hasta un m\u00e1ximo de 150 cm.<\/p>\n<p class=\"p1\"><strong>El modelo Xtesa Plain se distingue del Xtesa debido a la ausencia de ganchos y electromagnetos en las tapas delanteras de las gu\u00edas.<\/strong><\/p>\n","protected":false},"excerpt":{"rendered":"<p>Cada m\u00f3dulo est\u00e1 motorizado por separado; en apertura la barra de carga se engancha mediante un mecanismo de electroim\u00e1n; una&hellip;<\/p>\n","protected":false},"author":10608,"featured_media":31993,"parent":4744,"menu_order":15,"comment_status":"closed","ping_status":"closed","template":"page-templates\/product.php","meta":{"_acf_changed":false,"footnotes":""},"class_list":["post-4752","page","type-page","status-publish","has-post-thumbnail","hentry"],"acf":[],"yoast_head":"<!-- This site is optimized with the Yoast SEO Premium plugin v20.12 (Yoast SEO v27.3) - https:\/\/yoast.com\/product\/yoast-seo-premium-wordpress\/ -->\n<title>Xtesa Plain - KE Outdoor Design<\/title>\n<meta name=\"description\" content=\"P\u00e9rgola modular para la protecci\u00f3n solar exterior en aluminio con tejido enrollable. Resistencia al viento categor\u00eda clase 5 seg\u00fan la UNE PR EN 13561 y completamente herm\u00e9tica al agua.\" \/>\n<meta name=\"robots\" content=\"index, follow, max-snippet:-1, max-image-preview:large, max-video-preview:-1\" \/>\n<link rel=\"canonical\" href=\"https:\/\/www.keoutdoordesign.com\/es-es\/pergola-gennius\/pergola-con-tejido-enrollado\/xtesa-plain\/\" \/>\n<meta property=\"og:locale\" content=\"es_ES\" \/>\n<meta property=\"og:type\" content=\"article\" \/>\n<meta property=\"og:title\" content=\"Xtesa Plain\" \/>\n<meta property=\"og:description\" content=\"P\u00e9rgola modular para la protecci\u00f3n solar exterior en aluminio con tejido enrollable. Resistencia al viento categor\u00eda clase 5 seg\u00fan la UNE PR EN 13561 y completamente herm\u00e9tica al agua.\" \/>\n<meta property=\"og:url\" content=\"https:\/\/www.keoutdoordesign.com\/es-es\/pergola-gennius\/pergola-con-tejido-enrollado\/xtesa-plain\/\" \/>\n<meta property=\"og:site_name\" content=\"KE Outdoor Design\" \/>\n<meta property=\"article:publisher\" content=\"https:\/\/www.facebook.com\/keoutdoordesign.us\" \/>\n<meta property=\"article:modified_time\" content=\"2025-02-21T16:00:18+00:00\" \/>\n<meta property=\"og:image\" content=\"https:\/\/www.keoutdoordesign.com\/wp-content\/uploads\/2021\/03\/pergola-con-telo-avvolto-ke-gennius-xtesa-plain-2.jpg\" \/>\n\t<meta property=\"og:image:width\" content=\"2048\" \/>\n\t<meta property=\"og:image:height\" content=\"1080\" \/>\n\t<meta property=\"og:image:type\" content=\"image\/jpeg\" \/>\n<meta name=\"twitter:card\" content=\"summary_large_image\" \/>\n<meta name=\"twitter:site\" content=\"@keoutdoordesign\" \/>\n<script type=\"application\/ld+json\" class=\"yoast-schema-graph\">{\"@context\":\"https:\\\/\\\/schema.org\",\"@graph\":[{\"@type\":\"WebPage\",\"@id\":\"https:\\\/\\\/www.keoutdoordesign.com\\\/es-es\\\/pergola-gennius\\\/pergola-con-tejido-enrollado\\\/xtesa-plain\\\/\",\"url\":\"https:\\\/\\\/www.keoutdoordesign.com\\\/es-es\\\/pergola-gennius\\\/pergola-con-tejido-enrollado\\\/xtesa-plain\\\/\",\"name\":\"Xtesa Plain - KE Outdoor Design\",\"isPartOf\":{\"@id\":\"https:\\\/\\\/www.keoutdoordesign.com\\\/it-it\\\/#website\"},\"primaryImageOfPage\":{\"@id\":\"https:\\\/\\\/www.keoutdoordesign.com\\\/es-es\\\/pergola-gennius\\\/pergola-con-tejido-enrollado\\\/xtesa-plain\\\/#primaryimage\"},\"image\":{\"@id\":\"https:\\\/\\\/www.keoutdoordesign.com\\\/es-es\\\/pergola-gennius\\\/pergola-con-tejido-enrollado\\\/xtesa-plain\\\/#primaryimage\"},\"thumbnailUrl\":\"https:\\\/\\\/www.keoutdoordesign.com\\\/wp-content\\\/uploads\\\/2021\\\/03\\\/pergola-con-telo-avvolto-ke-gennius-xtesa-plain-2.jpg\",\"datePublished\":\"2019-06-07T10:50:31+00:00\",\"dateModified\":\"2025-02-21T16:00:18+00:00\",\"description\":\"P\u00e9rgola modular para la protecci\u00f3n solar exterior en aluminio con tejido enrollable. Resistencia al viento categor\u00eda clase 5 seg\u00fan la UNE PR EN 13561 y completamente herm\u00e9tica al agua.\",\"breadcrumb\":{\"@id\":\"https:\\\/\\\/www.keoutdoordesign.com\\\/es-es\\\/pergola-gennius\\\/pergola-con-tejido-enrollado\\\/xtesa-plain\\\/#breadcrumb\"},\"inLanguage\":\"es\",\"potentialAction\":[{\"@type\":\"ReadAction\",\"target\":[\"https:\\\/\\\/www.keoutdoordesign.com\\\/es-es\\\/pergola-gennius\\\/pergola-con-tejido-enrollado\\\/xtesa-plain\\\/\"]}]},{\"@type\":\"ImageObject\",\"inLanguage\":\"es\",\"@id\":\"https:\\\/\\\/www.keoutdoordesign.com\\\/es-es\\\/pergola-gennius\\\/pergola-con-tejido-enrollado\\\/xtesa-plain\\\/#primaryimage\",\"url\":\"https:\\\/\\\/www.keoutdoordesign.com\\\/wp-content\\\/uploads\\\/2021\\\/03\\\/pergola-con-telo-avvolto-ke-gennius-xtesa-plain-2.jpg\",\"contentUrl\":\"https:\\\/\\\/www.keoutdoordesign.com\\\/wp-content\\\/uploads\\\/2021\\\/03\\\/pergola-con-telo-avvolto-ke-gennius-xtesa-plain-2.jpg\",\"width\":2048,\"height\":1080,\"caption\":\"pergola-con-telo-avvolto-ke-gennius-xtesa-plain-2\"},{\"@type\":\"BreadcrumbList\",\"@id\":\"https:\\\/\\\/www.keoutdoordesign.com\\\/es-es\\\/pergola-gennius\\\/pergola-con-tejido-enrollado\\\/xtesa-plain\\\/#breadcrumb\",\"itemListElement\":[{\"@type\":\"ListItem\",\"position\":1,\"name\":\"Home\",\"item\":\"https:\\\/\\\/www.keoutdoordesign.com\\\/es-es\\\/\"},{\"@type\":\"ListItem\",\"position\":2,\"name\":\"P\u00e9rgola Gennius\",\"item\":\"https:\\\/\\\/www.keoutdoordesign.com\\\/es-es\\\/pergola-gennius\\\/\"},{\"@type\":\"ListItem\",\"position\":3,\"name\":\"P\u00e9rgola con Techo Retractil\",\"item\":\"https:\\\/\\\/www.keoutdoordesign.com\\\/es-es\\\/pergola-gennius\\\/pergola-con-tejido-enrollado\\\/\"},{\"@type\":\"ListItem\",\"position\":4,\"name\":\"Xtesa Plain\"}]},{\"@type\":\"WebSite\",\"@id\":\"https:\\\/\\\/www.keoutdoordesign.com\\\/it-it\\\/#website\",\"url\":\"https:\\\/\\\/www.keoutdoordesign.com\\\/it-it\\\/\",\"name\":\"KE Outdoor Design\",\"description\":\"Un nuovo sito targato WordPress\",\"publisher\":{\"@id\":\"https:\\\/\\\/www.keoutdoordesign.com\\\/it-it\\\/#organization\"},\"potentialAction\":[{\"@type\":\"SearchAction\",\"target\":{\"@type\":\"EntryPoint\",\"urlTemplate\":\"https:\\\/\\\/www.keoutdoordesign.com\\\/it-it\\\/?s={search_term_string}\"},\"query-input\":{\"@type\":\"PropertyValueSpecification\",\"valueRequired\":true,\"valueName\":\"search_term_string\"}}],\"inLanguage\":\"es\"},{\"@type\":\"Organization\",\"@id\":\"https:\\\/\\\/www.keoutdoordesign.com\\\/it-it\\\/#organization\",\"name\":\"KE Outdoor Design\",\"url\":\"https:\\\/\\\/www.keoutdoordesign.com\\\/it-it\\\/\",\"logo\":{\"@type\":\"ImageObject\",\"inLanguage\":\"es\",\"@id\":\"https:\\\/\\\/www.keoutdoordesign.com\\\/it-it\\\/#\\\/schema\\\/logo\\\/image\\\/\",\"url\":\"https:\\\/\\\/www.keoutdoordesign.com\\\/wp-content\\\/uploads\\\/2020\\\/02\\\/KE-logo-Primary-e1591282842174.jpg\",\"contentUrl\":\"https:\\\/\\\/www.keoutdoordesign.com\\\/wp-content\\\/uploads\\\/2020\\\/02\\\/KE-logo-Primary-e1591282842174.jpg\",\"width\":500,\"height\":396,\"caption\":\"KE Outdoor Design\"},\"image\":{\"@id\":\"https:\\\/\\\/www.keoutdoordesign.com\\\/it-it\\\/#\\\/schema\\\/logo\\\/image\\\/\"},\"sameAs\":[\"https:\\\/\\\/www.facebook.com\\\/keoutdoordesign.us\",\"https:\\\/\\\/x.com\\\/keoutdoordesign\",\"https:\\\/\\\/www.facebook.com\\\/keoutdoordesign\",\"https:\\\/\\\/www.youtube.com\\\/channel\\\/UCSoMQryJpLqD53bAoZLg2Vg\",\"https:\\\/\\\/www.pinterest.it\\\/keoutdoordesign\\\/\",\"https:\\\/\\\/www.instagram.com\\\/keoutdoordesign\\\/\",\"https:\\\/\\\/www.linkedin.com\\\/company\\\/ke-outdoor-design\\\/\"]}]}<\/script>\n<!-- \/ Yoast SEO Premium plugin. -->","yoast_head_json":{"title":"Xtesa Plain - KE Outdoor Design","description":"P\u00e9rgola modular para la protecci\u00f3n solar exterior en aluminio con tejido enrollable. Resistencia al viento categor\u00eda clase 5 seg\u00fan la UNE PR EN 13561 y completamente herm\u00e9tica al agua.","robots":{"index":"index","follow":"follow","max-snippet":"max-snippet:-1","max-image-preview":"max-image-preview:large","max-video-preview":"max-video-preview:-1"},"canonical":"https:\/\/www.keoutdoordesign.com\/es-es\/pergola-gennius\/pergola-con-tejido-enrollado\/xtesa-plain\/","og_locale":"es_ES","og_type":"article","og_title":"Xtesa Plain","og_description":"P\u00e9rgola modular para la protecci\u00f3n solar exterior en aluminio con tejido enrollable. Resistencia al viento categor\u00eda clase 5 seg\u00fan la UNE PR EN 13561 y completamente herm\u00e9tica al agua.","og_url":"https:\/\/www.keoutdoordesign.com\/es-es\/pergola-gennius\/pergola-con-tejido-enrollado\/xtesa-plain\/","og_site_name":"KE Outdoor Design","article_publisher":"https:\/\/www.facebook.com\/keoutdoordesign.us","article_modified_time":"2025-02-21T16:00:18+00:00","og_image":[{"width":2048,"height":1080,"url":"https:\/\/www.keoutdoordesign.com\/wp-content\/uploads\/2021\/03\/pergola-con-telo-avvolto-ke-gennius-xtesa-plain-2.jpg","type":"image\/jpeg"}],"twitter_card":"summary_large_image","twitter_site":"@keoutdoordesign","schema":{"@context":"https:\/\/schema.org","@graph":[{"@type":"WebPage","@id":"https:\/\/www.keoutdoordesign.com\/es-es\/pergola-gennius\/pergola-con-tejido-enrollado\/xtesa-plain\/","url":"https:\/\/www.keoutdoordesign.com\/es-es\/pergola-gennius\/pergola-con-tejido-enrollado\/xtesa-plain\/","name":"Xtesa Plain - KE Outdoor Design","isPartOf":{"@id":"https:\/\/www.keoutdoordesign.com\/it-it\/#website"},"primaryImageOfPage":{"@id":"https:\/\/www.keoutdoordesign.com\/es-es\/pergola-gennius\/pergola-con-tejido-enrollado\/xtesa-plain\/#primaryimage"},"image":{"@id":"https:\/\/www.keoutdoordesign.com\/es-es\/pergola-gennius\/pergola-con-tejido-enrollado\/xtesa-plain\/#primaryimage"},"thumbnailUrl":"https:\/\/www.keoutdoordesign.com\/wp-content\/uploads\/2021\/03\/pergola-con-telo-avvolto-ke-gennius-xtesa-plain-2.jpg","datePublished":"2019-06-07T10:50:31+00:00","dateModified":"2025-02-21T16:00:18+00:00","description":"P\u00e9rgola modular para la protecci\u00f3n solar exterior en aluminio con tejido enrollable. Resistencia al viento categor\u00eda clase 5 seg\u00fan la UNE PR EN 13561 y completamente herm\u00e9tica al agua.","breadcrumb":{"@id":"https:\/\/www.keoutdoordesign.com\/es-es\/pergola-gennius\/pergola-con-tejido-enrollado\/xtesa-plain\/#breadcrumb"},"inLanguage":"es","potentialAction":[{"@type":"ReadAction","target":["https:\/\/www.keoutdoordesign.com\/es-es\/pergola-gennius\/pergola-con-tejido-enrollado\/xtesa-plain\/"]}]},{"@type":"ImageObject","inLanguage":"es","@id":"https:\/\/www.keoutdoordesign.com\/es-es\/pergola-gennius\/pergola-con-tejido-enrollado\/xtesa-plain\/#primaryimage","url":"https:\/\/www.keoutdoordesign.com\/wp-content\/uploads\/2021\/03\/pergola-con-telo-avvolto-ke-gennius-xtesa-plain-2.jpg","contentUrl":"https:\/\/www.keoutdoordesign.com\/wp-content\/uploads\/2021\/03\/pergola-con-telo-avvolto-ke-gennius-xtesa-plain-2.jpg","width":2048,"height":1080,"caption":"pergola-con-telo-avvolto-ke-gennius-xtesa-plain-2"},{"@type":"BreadcrumbList","@id":"https:\/\/www.keoutdoordesign.com\/es-es\/pergola-gennius\/pergola-con-tejido-enrollado\/xtesa-plain\/#breadcrumb","itemListElement":[{"@type":"ListItem","position":1,"name":"Home","item":"https:\/\/www.keoutdoordesign.com\/es-es\/"},{"@type":"ListItem","position":2,"name":"P\u00e9rgola Gennius","item":"https:\/\/www.keoutdoordesign.com\/es-es\/pergola-gennius\/"},{"@type":"ListItem","position":3,"name":"P\u00e9rgola con Techo Retractil","item":"https:\/\/www.keoutdoordesign.com\/es-es\/pergola-gennius\/pergola-con-tejido-enrollado\/"},{"@type":"ListItem","position":4,"name":"Xtesa Plain"}]},{"@type":"WebSite","@id":"https:\/\/www.keoutdoordesign.com\/it-it\/#website","url":"https:\/\/www.keoutdoordesign.com\/it-it\/","name":"KE Outdoor Design","description":"Un nuovo sito targato WordPress","publisher":{"@id":"https:\/\/www.keoutdoordesign.com\/it-it\/#organization"},"potentialAction":[{"@type":"SearchAction","target":{"@type":"EntryPoint","urlTemplate":"https:\/\/www.keoutdoordesign.com\/it-it\/?s={search_term_string}"},"query-input":{"@type":"PropertyValueSpecification","valueRequired":true,"valueName":"search_term_string"}}],"inLanguage":"es"},{"@type":"Organization","@id":"https:\/\/www.keoutdoordesign.com\/it-it\/#organization","name":"KE Outdoor Design","url":"https:\/\/www.keoutdoordesign.com\/it-it\/","logo":{"@type":"ImageObject","inLanguage":"es","@id":"https:\/\/www.keoutdoordesign.com\/it-it\/#\/schema\/logo\/image\/","url":"https:\/\/www.keoutdoordesign.com\/wp-content\/uploads\/2020\/02\/KE-logo-Primary-e1591282842174.jpg","contentUrl":"https:\/\/www.keoutdoordesign.com\/wp-content\/uploads\/2020\/02\/KE-logo-Primary-e1591282842174.jpg","width":500,"height":396,"caption":"KE Outdoor Design"},"image":{"@id":"https:\/\/www.keoutdoordesign.com\/it-it\/#\/schema\/logo\/image\/"},"sameAs":["https:\/\/www.facebook.com\/keoutdoordesign.us","https:\/\/x.com\/keoutdoordesign","https:\/\/www.facebook.com\/keoutdoordesign","https:\/\/www.youtube.com\/channel\/UCSoMQryJpLqD53bAoZLg2Vg","https:\/\/www.pinterest.it\/keoutdoordesign\/","https:\/\/www.instagram.com\/keoutdoordesign\/","https:\/\/www.linkedin.com\/company\/ke-outdoor-design\/"]}]}},"_links":{"self":[{"href":"https:\/\/www.keoutdoordesign.com\/es-es\/wp-json\/wp\/v2\/pages\/4752","targetHints":{"allow":["GET"]}}],"collection":[{"href":"https:\/\/www.keoutdoordesign.com\/es-es\/wp-json\/wp\/v2\/pages"}],"about":[{"href":"https:\/\/www.keoutdoordesign.com\/es-es\/wp-json\/wp\/v2\/types\/page"}],"author":[{"embeddable":true,"href":"https:\/\/www.keoutdoordesign.com\/es-es\/wp-json\/wp\/v2\/users\/10608"}],"replies":[{"embeddable":true,"href":"https:\/\/www.keoutdoordesign.com\/es-es\/wp-json\/wp\/v2\/comments?post=4752"}],"version-history":[{"count":18,"href":"https:\/\/www.keoutdoordesign.com\/es-es\/wp-json\/wp\/v2\/pages\/4752\/revisions"}],"predecessor-version":[{"id":104889,"href":"https:\/\/www.keoutdoordesign.com\/es-es\/wp-json\/wp\/v2\/pages\/4752\/revisions\/104889"}],"up":[{"embeddable":true,"href":"https:\/\/www.keoutdoordesign.com\/es-es\/wp-json\/wp\/v2\/pages\/4744"}],"wp:featuredmedia":[{"embeddable":true,"href":"https:\/\/www.keoutdoordesign.com\/es-es\/wp-json\/wp\/v2\/media\/31993"}],"wp:attachment":[{"href":"https:\/\/www.keoutdoordesign.com\/es-es\/wp-json\/wp\/v2\/media?parent=4752"}],"curies":[{"name":"wp","href":"https:\/\/api.w.org\/{rel}","templated":true}]}}