{"id":4742,"date":"2019-06-07T12:48:00","date_gmt":"2019-06-07T10:48:00","guid":{"rendered":"http:\/\/ke.localhost.it\/?page_id=4742"},"modified":"2026-01-27T15:47:14","modified_gmt":"2026-01-27T14:47:14","slug":"gennius-vega","status":"publish","type":"page","link":"https:\/\/www.keoutdoordesign.com\/es-es\/pergola-gennius\/pergola-con-techo-inclinado\/gennius-vega\/","title":{"rendered":"Gennius Vega"},"content":{"rendered":"<p>El uso tan original de las luces las convierten en un <strong>verdadero complemento de decoraci\u00f3n<\/strong>, y hacen de <strong>VEGA<\/strong> un producto \u00fanico en su g\u00e9nero. La luz exterior hace que aumente el valor est\u00e9tico, mientras que los puntos de luces insertados en el interior confieren la <strong>sensaci\u00f3n de ligereza<\/strong> a la estructura y a los perfiles de aluminio.<\/p>\n<p>El estilo minimalista y la versatilidad de uso se unen junto con la resistencia de los materiales usados y con la limpieza de las formas: canalones y pilares insertados sobre la misma l\u00ednea, quedan ocultos, as\u00ed como la torniller\u00eda y las fijaciones. Tambi\u00e9n, gracias al sistema <strong>Vertika Gennius<\/strong>, la estructura puede ser cerrada con toldos verticales laterales y\u00a0 frontales, definiendo el grado de intimidad deseado y ofreciendo protecci\u00f3n frente al aire, el agua y el viento.<\/p>\n","protected":false},"excerpt":{"rendered":"<p>El uso tan original de las luces las convierten en un verdadero complemento de decoraci\u00f3n, y hacen de VEGA un&hellip;<\/p>\n","protected":false},"author":10608,"featured_media":113864,"parent":4726,"menu_order":0,"comment_status":"closed","ping_status":"closed","template":"page-templates\/product.php","meta":{"_acf_changed":false,"footnotes":""},"class_list":["post-4742","page","type-page","status-publish","has-post-thumbnail","hentry"],"acf":[],"yoast_head":"<!-- This site is optimized with the Yoast SEO Premium plugin v20.12 (Yoast SEO v27.0) - https:\/\/yoast.com\/product\/yoast-seo-premium-wordpress\/ -->\n<title>P\u00e9rgolas de Dise\u00f1o Moderno | KE Outdoor Design<\/title>\n<meta name=\"description\" content=\"Nuestras p\u00e9rgolas de dise\u00f1o son el aut\u00e9ntico punto de partida para las nuevas tendencias del mercado. \u00a1No dude en consultarnos!\" \/>\n<meta name=\"robots\" content=\"index, follow, max-snippet:-1, max-image-preview:large, max-video-preview:-1\" \/>\n<link rel=\"canonical\" href=\"https:\/\/www.keoutdoordesign.com\/es-es\/pergola-gennius\/pergola-con-techo-inclinado\/gennius-vega\/\" \/>\n<meta property=\"og:locale\" content=\"es_ES\" \/>\n<meta property=\"og:type\" content=\"article\" \/>\n<meta property=\"og:title\" content=\"Gennius Vega\" \/>\n<meta property=\"og:description\" content=\"Nuestras p\u00e9rgolas de dise\u00f1o son el aut\u00e9ntico punto de partida para las nuevas tendencias del mercado. \u00a1No dude en consultarnos!\" \/>\n<meta property=\"og:url\" content=\"https:\/\/www.keoutdoordesign.com\/es-es\/pergola-gennius\/pergola-con-techo-inclinado\/gennius-vega\/\" \/>\n<meta property=\"og:site_name\" content=\"KE Outdoor Design\" \/>\n<meta property=\"article:publisher\" content=\"https:\/\/www.facebook.com\/keoutdoordesign.us\" \/>\n<meta property=\"article:modified_time\" content=\"2026-01-27T14:47:14+00:00\" \/>\n<meta property=\"og:image\" content=\"https:\/\/www.keoutdoordesign.com\/wp-content\/uploads\/2025\/10\/H6A0471_photo_Rosalia_Filippetti.jpg\" \/>\n\t<meta property=\"og:image:width\" content=\"1920\" \/>\n\t<meta property=\"og:image:height\" content=\"1281\" \/>\n\t<meta property=\"og:image:type\" content=\"image\/jpeg\" \/>\n<meta name=\"twitter:card\" content=\"summary_large_image\" \/>\n<meta name=\"twitter:site\" content=\"@keoutdoordesign\" \/>\n<script type=\"application\/ld+json\" class=\"yoast-schema-graph\">{\"@context\":\"https:\/\/schema.org\",\"@graph\":[{\"@type\":\"WebPage\",\"@id\":\"https:\/\/www.keoutdoordesign.com\/es-es\/pergola-gennius\/pergola-con-techo-inclinado\/gennius-vega\/\",\"url\":\"https:\/\/www.keoutdoordesign.com\/es-es\/pergola-gennius\/pergola-con-techo-inclinado\/gennius-vega\/\",\"name\":\"P\u00e9rgolas de Dise\u00f1o Moderno | KE Outdoor Design\",\"isPartOf\":{\"@id\":\"https:\/\/www.keoutdoordesign.com\/it-it\/#website\"},\"primaryImageOfPage\":{\"@id\":\"https:\/\/www.keoutdoordesign.com\/es-es\/pergola-gennius\/pergola-con-techo-inclinado\/gennius-vega\/#primaryimage\"},\"image\":{\"@id\":\"https:\/\/www.keoutdoordesign.com\/es-es\/pergola-gennius\/pergola-con-techo-inclinado\/gennius-vega\/#primaryimage\"},\"thumbnailUrl\":\"https:\/\/www.keoutdoordesign.com\/wp-content\/uploads\/2025\/10\/H6A0471_photo_Rosalia_Filippetti.jpg\",\"datePublished\":\"2019-06-07T10:48:00+00:00\",\"dateModified\":\"2026-01-27T14:47:14+00:00\",\"description\":\"Nuestras p\u00e9rgolas de dise\u00f1o son el aut\u00e9ntico punto de partida para las nuevas tendencias del mercado. \u00a1No dude en consultarnos!\",\"breadcrumb\":{\"@id\":\"https:\/\/www.keoutdoordesign.com\/es-es\/pergola-gennius\/pergola-con-techo-inclinado\/gennius-vega\/#breadcrumb\"},\"inLanguage\":\"es\",\"potentialAction\":[{\"@type\":\"ReadAction\",\"target\":[\"https:\/\/www.keoutdoordesign.com\/es-es\/pergola-gennius\/pergola-con-techo-inclinado\/gennius-vega\/\"]}]},{\"@type\":\"ImageObject\",\"inLanguage\":\"es\",\"@id\":\"https:\/\/www.keoutdoordesign.com\/es-es\/pergola-gennius\/pergola-con-techo-inclinado\/gennius-vega\/#primaryimage\",\"url\":\"https:\/\/www.keoutdoordesign.com\/wp-content\/uploads\/2025\/10\/H6A0471_photo_Rosalia_Filippetti.jpg\",\"contentUrl\":\"https:\/\/www.keoutdoordesign.com\/wp-content\/uploads\/2025\/10\/H6A0471_photo_Rosalia_Filippetti.jpg\",\"width\":1920,\"height\":1281},{\"@type\":\"BreadcrumbList\",\"@id\":\"https:\/\/www.keoutdoordesign.com\/es-es\/pergola-gennius\/pergola-con-techo-inclinado\/gennius-vega\/#breadcrumb\",\"itemListElement\":[{\"@type\":\"ListItem\",\"position\":1,\"name\":\"Home\",\"item\":\"https:\/\/www.keoutdoordesign.com\/es-es\/\"},{\"@type\":\"ListItem\",\"position\":2,\"name\":\"P\u00e9rgola Gennius\",\"item\":\"https:\/\/www.keoutdoordesign.com\/es-es\/pergola-gennius\/\"},{\"@type\":\"ListItem\",\"position\":3,\"name\":\"Pergola con Techo Inclinado\",\"item\":\"https:\/\/www.keoutdoordesign.com\/es-es\/pergola-gennius\/pergola-con-techo-inclinado\/\"},{\"@type\":\"ListItem\",\"position\":4,\"name\":\"Gennius Vega\"}]},{\"@type\":\"WebSite\",\"@id\":\"https:\/\/www.keoutdoordesign.com\/it-it\/#website\",\"url\":\"https:\/\/www.keoutdoordesign.com\/it-it\/\",\"name\":\"KE Outdoor Design\",\"description\":\"Un nuovo sito targato WordPress\",\"publisher\":{\"@id\":\"https:\/\/www.keoutdoordesign.com\/it-it\/#organization\"},\"potentialAction\":[{\"@type\":\"SearchAction\",\"target\":{\"@type\":\"EntryPoint\",\"urlTemplate\":\"https:\/\/www.keoutdoordesign.com\/it-it\/?s={search_term_string}\"},\"query-input\":{\"@type\":\"PropertyValueSpecification\",\"valueRequired\":true,\"valueName\":\"search_term_string\"}}],\"inLanguage\":\"es\"},{\"@type\":\"Organization\",\"@id\":\"https:\/\/www.keoutdoordesign.com\/it-it\/#organization\",\"name\":\"KE Outdoor Design\",\"url\":\"https:\/\/www.keoutdoordesign.com\/it-it\/\",\"logo\":{\"@type\":\"ImageObject\",\"inLanguage\":\"es\",\"@id\":\"https:\/\/www.keoutdoordesign.com\/it-it\/#\/schema\/logo\/image\/\",\"url\":\"https:\/\/www.keoutdoordesign.com\/wp-content\/uploads\/2020\/02\/KE-logo-Primary-e1591282842174.jpg\",\"contentUrl\":\"https:\/\/www.keoutdoordesign.com\/wp-content\/uploads\/2020\/02\/KE-logo-Primary-e1591282842174.jpg\",\"width\":500,\"height\":396,\"caption\":\"KE Outdoor Design\"},\"image\":{\"@id\":\"https:\/\/www.keoutdoordesign.com\/it-it\/#\/schema\/logo\/image\/\"},\"sameAs\":[\"https:\/\/www.facebook.com\/keoutdoordesign.us\",\"https:\/\/x.com\/keoutdoordesign\",\"https:\/\/www.facebook.com\/keoutdoordesign\",\"https:\/\/www.youtube.com\/channel\/UCSoMQryJpLqD53bAoZLg2Vg\",\"https:\/\/www.pinterest.it\/keoutdoordesign\/\",\"https:\/\/www.instagram.com\/keoutdoordesign\/\",\"https:\/\/www.linkedin.com\/company\/ke-outdoor-design\/\"]}]}<\/script>\n<!-- \/ Yoast SEO Premium plugin. -->","yoast_head_json":{"title":"P\u00e9rgolas de Dise\u00f1o Moderno | KE Outdoor Design","description":"Nuestras p\u00e9rgolas de dise\u00f1o son el aut\u00e9ntico punto de partida para las nuevas tendencias del mercado. \u00a1No dude en consultarnos!","robots":{"index":"index","follow":"follow","max-snippet":"max-snippet:-1","max-image-preview":"max-image-preview:large","max-video-preview":"max-video-preview:-1"},"canonical":"https:\/\/www.keoutdoordesign.com\/es-es\/pergola-gennius\/pergola-con-techo-inclinado\/gennius-vega\/","og_locale":"es_ES","og_type":"article","og_title":"Gennius Vega","og_description":"Nuestras p\u00e9rgolas de dise\u00f1o son el aut\u00e9ntico punto de partida para las nuevas tendencias del mercado. \u00a1No dude en consultarnos!","og_url":"https:\/\/www.keoutdoordesign.com\/es-es\/pergola-gennius\/pergola-con-techo-inclinado\/gennius-vega\/","og_site_name":"KE Outdoor Design","article_publisher":"https:\/\/www.facebook.com\/keoutdoordesign.us","article_modified_time":"2026-01-27T14:47:14+00:00","og_image":[{"width":1920,"height":1281,"url":"https:\/\/www.keoutdoordesign.com\/wp-content\/uploads\/2025\/10\/H6A0471_photo_Rosalia_Filippetti.jpg","type":"image\/jpeg"}],"twitter_card":"summary_large_image","twitter_site":"@keoutdoordesign","schema":{"@context":"https:\/\/schema.org","@graph":[{"@type":"WebPage","@id":"https:\/\/www.keoutdoordesign.com\/es-es\/pergola-gennius\/pergola-con-techo-inclinado\/gennius-vega\/","url":"https:\/\/www.keoutdoordesign.com\/es-es\/pergola-gennius\/pergola-con-techo-inclinado\/gennius-vega\/","name":"P\u00e9rgolas de Dise\u00f1o Moderno | KE Outdoor Design","isPartOf":{"@id":"https:\/\/www.keoutdoordesign.com\/it-it\/#website"},"primaryImageOfPage":{"@id":"https:\/\/www.keoutdoordesign.com\/es-es\/pergola-gennius\/pergola-con-techo-inclinado\/gennius-vega\/#primaryimage"},"image":{"@id":"https:\/\/www.keoutdoordesign.com\/es-es\/pergola-gennius\/pergola-con-techo-inclinado\/gennius-vega\/#primaryimage"},"thumbnailUrl":"https:\/\/www.keoutdoordesign.com\/wp-content\/uploads\/2025\/10\/H6A0471_photo_Rosalia_Filippetti.jpg","datePublished":"2019-06-07T10:48:00+00:00","dateModified":"2026-01-27T14:47:14+00:00","description":"Nuestras p\u00e9rgolas de dise\u00f1o son el aut\u00e9ntico punto de partida para las nuevas tendencias del mercado. \u00a1No dude en consultarnos!","breadcrumb":{"@id":"https:\/\/www.keoutdoordesign.com\/es-es\/pergola-gennius\/pergola-con-techo-inclinado\/gennius-vega\/#breadcrumb"},"inLanguage":"es","potentialAction":[{"@type":"ReadAction","target":["https:\/\/www.keoutdoordesign.com\/es-es\/pergola-gennius\/pergola-con-techo-inclinado\/gennius-vega\/"]}]},{"@type":"ImageObject","inLanguage":"es","@id":"https:\/\/www.keoutdoordesign.com\/es-es\/pergola-gennius\/pergola-con-techo-inclinado\/gennius-vega\/#primaryimage","url":"https:\/\/www.keoutdoordesign.com\/wp-content\/uploads\/2025\/10\/H6A0471_photo_Rosalia_Filippetti.jpg","contentUrl":"https:\/\/www.keoutdoordesign.com\/wp-content\/uploads\/2025\/10\/H6A0471_photo_Rosalia_Filippetti.jpg","width":1920,"height":1281},{"@type":"BreadcrumbList","@id":"https:\/\/www.keoutdoordesign.com\/es-es\/pergola-gennius\/pergola-con-techo-inclinado\/gennius-vega\/#breadcrumb","itemListElement":[{"@type":"ListItem","position":1,"name":"Home","item":"https:\/\/www.keoutdoordesign.com\/es-es\/"},{"@type":"ListItem","position":2,"name":"P\u00e9rgola Gennius","item":"https:\/\/www.keoutdoordesign.com\/es-es\/pergola-gennius\/"},{"@type":"ListItem","position":3,"name":"Pergola con Techo Inclinado","item":"https:\/\/www.keoutdoordesign.com\/es-es\/pergola-gennius\/pergola-con-techo-inclinado\/"},{"@type":"ListItem","position":4,"name":"Gennius Vega"}]},{"@type":"WebSite","@id":"https:\/\/www.keoutdoordesign.com\/it-it\/#website","url":"https:\/\/www.keoutdoordesign.com\/it-it\/","name":"KE Outdoor Design","description":"Un nuovo sito targato WordPress","publisher":{"@id":"https:\/\/www.keoutdoordesign.com\/it-it\/#organization"},"potentialAction":[{"@type":"SearchAction","target":{"@type":"EntryPoint","urlTemplate":"https:\/\/www.keoutdoordesign.com\/it-it\/?s={search_term_string}"},"query-input":{"@type":"PropertyValueSpecification","valueRequired":true,"valueName":"search_term_string"}}],"inLanguage":"es"},{"@type":"Organization","@id":"https:\/\/www.keoutdoordesign.com\/it-it\/#organization","name":"KE Outdoor Design","url":"https:\/\/www.keoutdoordesign.com\/it-it\/","logo":{"@type":"ImageObject","inLanguage":"es","@id":"https:\/\/www.keoutdoordesign.com\/it-it\/#\/schema\/logo\/image\/","url":"https:\/\/www.keoutdoordesign.com\/wp-content\/uploads\/2020\/02\/KE-logo-Primary-e1591282842174.jpg","contentUrl":"https:\/\/www.keoutdoordesign.com\/wp-content\/uploads\/2020\/02\/KE-logo-Primary-e1591282842174.jpg","width":500,"height":396,"caption":"KE Outdoor Design"},"image":{"@id":"https:\/\/www.keoutdoordesign.com\/it-it\/#\/schema\/logo\/image\/"},"sameAs":["https:\/\/www.facebook.com\/keoutdoordesign.us","https:\/\/x.com\/keoutdoordesign","https:\/\/www.facebook.com\/keoutdoordesign","https:\/\/www.youtube.com\/channel\/UCSoMQryJpLqD53bAoZLg2Vg","https:\/\/www.pinterest.it\/keoutdoordesign\/","https:\/\/www.instagram.com\/keoutdoordesign\/","https:\/\/www.linkedin.com\/company\/ke-outdoor-design\/"]}]}},"_links":{"self":[{"href":"https:\/\/www.keoutdoordesign.com\/es-es\/wp-json\/wp\/v2\/pages\/4742","targetHints":{"allow":["GET"]}}],"collection":[{"href":"https:\/\/www.keoutdoordesign.com\/es-es\/wp-json\/wp\/v2\/pages"}],"about":[{"href":"https:\/\/www.keoutdoordesign.com\/es-es\/wp-json\/wp\/v2\/types\/page"}],"author":[{"embeddable":true,"href":"https:\/\/www.keoutdoordesign.com\/es-es\/wp-json\/wp\/v2\/users\/10608"}],"replies":[{"embeddable":true,"href":"https:\/\/www.keoutdoordesign.com\/es-es\/wp-json\/wp\/v2\/comments?post=4742"}],"version-history":[{"count":19,"href":"https:\/\/www.keoutdoordesign.com\/es-es\/wp-json\/wp\/v2\/pages\/4742\/revisions"}],"predecessor-version":[{"id":117720,"href":"https:\/\/www.keoutdoordesign.com\/es-es\/wp-json\/wp\/v2\/pages\/4742\/revisions\/117720"}],"up":[{"embeddable":true,"href":"https:\/\/www.keoutdoordesign.com\/es-es\/wp-json\/wp\/v2\/pages\/4726"}],"wp:featuredmedia":[{"embeddable":true,"href":"https:\/\/www.keoutdoordesign.com\/es-es\/wp-json\/wp\/v2\/media\/113864"}],"wp:attachment":[{"href":"https:\/\/www.keoutdoordesign.com\/es-es\/wp-json\/wp\/v2\/media?parent=4742"}],"curies":[{"name":"wp","href":"https:\/\/api.w.org\/{rel}","templated":true}]}}